{"id":471154,"date":"2025-11-11T03:26:04","date_gmt":"2025-11-11T03:26:04","guid":{"rendered":"https:\/\/my.stlflix.com\/?post_type=product&#038;p=471154"},"modified":"2025-11-11T05:00:10","modified_gmt":"2025-11-11T05:00:10","slug":"gnome-surprise-6912384d4ee03","status":"publish","type":"product","link":"https:\/\/my.stlflix.com\/es\/product\/gnome-surprise-6912384d4ee03\/","title":{"rendered":"Gnomo Presenteador Noel \u2013 O Esp\u00edrito do Natal"},"content":{"rendered":"<p data-start=\"206\" data-end=\"487\">O <strong data-start=\"225\" data-end=\"252\">Gnomo Presenteador Noel<\/strong> representa a verdadeira ess\u00eancia do Natal: alegria, generosidade e encanto! \ud83c\udf81\ud83c\udf85\u2728<br data-start=\"334\" data-end=\"337\" \/>Sentado com seu gorro e traje natalino, ele segura um presente nas m\u00e3os, pronto para espalhar bons sentimentos e iluminar qualquer cantinho da casa.<\/p>\n<p data-start=\"489\" data-end=\"705\">Feito com riqueza de detalhes e acabamento artesanal, o <strong data-start=\"545\" data-end=\"572\">Gnomo Presenteador Noel<\/strong> \u00e9 uma pe\u00e7a charmosa que combina perfeitamente com outras figuras natalinas da cole\u00e7\u00e3o, trazendo harmonia e beleza \u00e0 sua decora\u00e7\u00e3o.<\/p>\n<p data-start=\"707\" data-end=\"772\">Tamanho aproximado: <strong data-start=\"727\" data-end=\"735\">8 cm<\/strong><br data-start=\"735\" data-end=\"738\" \/>Cores: padr\u00e3o conforme o modelo.<\/p>\n<p data-start=\"774\" data-end=\"1058\"><strong data-start=\"774\" data-end=\"807\">Informa\u00e7\u00f5es :<\/strong><br data-start=\"807\" data-end=\"810\" \/>\ud83c\udfa8 Produzido em impress\u00e3o 3D com acabamento detalhado.<br data-start=\"884\" data-end=\"887\" \/>\ud83c\udf81 Ideal para presentear, decorar mesas, prateleiras ou criar um cen\u00e1rio natalino encantador.<br data-start=\"980\" data-end=\"983\" \/>\ud83d\udce6 <strong data-start=\"986\" data-end=\"998\">Entrega:<\/strong> a combinar.<br data-start=\"1010\" data-end=\"1013\" \/>\ud83d\udcb0 <strong data-start=\"1016\" data-end=\"1026\">Pre\u00e7o:<\/strong> R$ 60,00 (frete n\u00e3o incluso).<\/p>\n<p data-start=\"1060\" data-end=\"1140\">Um pequeno gesto em forma de arte que carrega toda a magia e o calor do Natal!<\/p>\n","protected":false},"excerpt":{"rendered":"<p>O Gnomo Presenteador Noel representa a verdadeira ess\u00eancia do Natal: alegria, generosidade e encanto! \ud83c\udf81\ud83c\udf85\u2728Sentado com seu gorro e traje natalino, ele segura um presente nas m\u00e3os, pronto para espalhar bons sentimentos e iluminar qualquer cantinho da casa. Feito com riqueza de detalhes e acabamento artesanal, o Gnomo Presenteador Noel \u00e9 uma pe\u00e7a charmosa que [&hellip;]<\/p>\n","protected":false},"featured_media":461882,"comment_status":"open","ping_status":"closed","template":"","meta":[],"product_brand":[],"product_cat":[15],"product_tag":[688,6925],"class_list":{"0":"post-471154","1":"product","2":"type-product","3":"status-publish","4":"has-post-thumbnail","6":"product_cat-uncategorized","7":"product_tag-natal","8":"product_tag-sazonal","10":"first","11":"instock","12":"taxable","13":"shipping-taxable","14":"purchasable","15":"product-type-simple"},"yoast_head":"<!-- This site is optimized with the Yoast SEO plugin v25.1 - https:\/\/yoast.com\/wordpress\/plugins\/seo\/ -->\n<title>Gnomo Presenteador Noel \u2013 O Esp\u00edrito do Natal - MyStore - By STLFLIX<\/title>\n<meta name=\"robots\" content=\"index, follow, max-snippet:-1, max-image-preview:large, max-video-preview:-1\" \/>\n<link rel=\"canonical\" href=\"https:\/\/www.lojadomandela3d.biz\/product\/gnome-surprise-6912384d4ee03\/\" \/>\n<meta property=\"og:locale\" content=\"es_ES\" \/>\n<meta property=\"og:type\" content=\"article\" \/>\n<meta property=\"og:title\" content=\"Gnomo Presenteador Noel \u2013 O Esp\u00edrito do Natal - MyStore - By STLFLIX\" \/>\n<meta property=\"og:description\" content=\"O Gnomo Presenteador Noel representa a verdadeira ess\u00eancia do Natal: alegria, generosidade e encanto! \ud83c\udf81\ud83c\udf85\u2728Sentado com seu gorro e traje natalino, ele segura um presente nas m\u00e3os, pronto para espalhar bons sentimentos e iluminar qualquer cantinho da casa. Feito com riqueza de detalhes e acabamento artesanal, o Gnomo Presenteador Noel \u00e9 uma pe\u00e7a charmosa que [&hellip;]\" \/>\n<meta property=\"og:url\" content=\"https:\/\/www.lojadomandela3d.biz\/product\/gnome-surprise-6912384d4ee03\/\" \/>\n<meta property=\"og:site_name\" content=\"MyStore - By STLFLIX\" \/>\n<meta property=\"article:publisher\" content=\"https:\/\/www.facebook.com\/STLFLIX\" \/>\n<meta property=\"article:modified_time\" content=\"2025-11-11T05:00:10+00:00\" \/>\n<meta property=\"og:image\" content=\"https:\/\/www.lojadomandela3d.biz\/wp-content\/uploads\/2025\/10\/Gnome_Surprisethumb_43b771b148.jpg\" \/>\n\t<meta property=\"og:image:width\" content=\"1080\" \/>\n\t<meta property=\"og:image:height\" content=\"1350\" \/>\n\t<meta property=\"og:image:type\" content=\"image\/jpeg\" \/>\n<meta name=\"twitter:card\" content=\"summary_large_image\" \/>\n<meta name=\"twitter:label1\" content=\"Est. reading time\" \/>\n\t<meta name=\"twitter:data1\" content=\"1 minute\" \/>\n<script type=\"application\/ld+json\" class=\"yoast-schema-graph\">{\"@context\":\"https:\/\/schema.org\",\"@graph\":[{\"@type\":\"WebPage\",\"@id\":\"https:\/\/www.lojadomandela3d.biz\/product\/gnome-surprise-6912384d4ee03\/\",\"url\":\"https:\/\/www.lojadomandela3d.biz\/product\/gnome-surprise-6912384d4ee03\/\",\"name\":\"Gnomo Presenteador Noel \u2013 O Esp\u00edrito do Natal - MyStore - By STLFLIX\",\"isPartOf\":{\"@id\":\"https:\/\/my.stlflix.com\/#website\"},\"primaryImageOfPage\":{\"@id\":\"https:\/\/www.lojadomandela3d.biz\/product\/gnome-surprise-6912384d4ee03\/#primaryimage\"},\"image\":{\"@id\":\"https:\/\/www.lojadomandela3d.biz\/product\/gnome-surprise-6912384d4ee03\/#primaryimage\"},\"thumbnailUrl\":\"https:\/\/my.stlflix.com\/wp-content\/uploads\/2025\/10\/Gnome_Surprisethumb_43b771b148.jpg\",\"datePublished\":\"2025-11-11T03:26:04+00:00\",\"dateModified\":\"2025-11-11T05:00:10+00:00\",\"breadcrumb\":{\"@id\":\"https:\/\/www.lojadomandela3d.biz\/product\/gnome-surprise-6912384d4ee03\/#breadcrumb\"},\"inLanguage\":\"es-ES\",\"potentialAction\":[{\"@type\":\"ReadAction\",\"target\":[\"https:\/\/www.lojadomandela3d.biz\/product\/gnome-surprise-6912384d4ee03\/\"]}]},{\"@type\":\"ImageObject\",\"inLanguage\":\"es-ES\",\"@id\":\"https:\/\/www.lojadomandela3d.biz\/product\/gnome-surprise-6912384d4ee03\/#primaryimage\",\"url\":\"https:\/\/my.stlflix.com\/wp-content\/uploads\/2025\/10\/Gnome_Surprisethumb_43b771b148.jpg\",\"contentUrl\":\"https:\/\/my.stlflix.com\/wp-content\/uploads\/2025\/10\/Gnome_Surprisethumb_43b771b148.jpg\",\"width\":1080,\"height\":1350},{\"@type\":\"BreadcrumbList\",\"@id\":\"https:\/\/www.lojadomandela3d.biz\/product\/gnome-surprise-6912384d4ee03\/#breadcrumb\",\"itemListElement\":[{\"@type\":\"ListItem\",\"position\":1,\"name\":\"Home\",\"item\":\"https:\/\/www.stlflix-store.com\/\"},{\"@type\":\"ListItem\",\"position\":2,\"name\":\"Products\",\"item\":\"https:\/\/www.stlflix-store.com\/shop\/\"},{\"@type\":\"ListItem\",\"position\":3,\"name\":\"Gnomo Presenteador Noel \u2013 O Esp\u00edrito do Natal\"}]},{\"@type\":\"WebSite\",\"@id\":\"https:\/\/my.stlflix.com\/#website\",\"url\":\"https:\/\/my.stlflix.com\/\",\"name\":\"MyStore - By STLFLIX\",\"description\":\"\",\"publisher\":{\"@id\":\"https:\/\/my.stlflix.com\/#organization\"},\"potentialAction\":[{\"@type\":\"SearchAction\",\"target\":{\"@type\":\"EntryPoint\",\"urlTemplate\":\"https:\/\/my.stlflix.com\/?s={search_term_string}\"},\"query-input\":{\"@type\":\"PropertyValueSpecification\",\"valueRequired\":true,\"valueName\":\"search_term_string\"}}],\"inLanguage\":\"es-ES\"},{\"@type\":\"Organization\",\"@id\":\"https:\/\/my.stlflix.com\/#organization\",\"name\":\"MyStore - By STLFLIX\",\"url\":\"https:\/\/my.stlflix.com\/\",\"logo\":{\"@type\":\"ImageObject\",\"inLanguage\":\"es-ES\",\"@id\":\"https:\/\/my.stlflix.com\/#\/schema\/logo\/image\/\",\"url\":\"https:\/\/my.stlflix.com\/wp-content\/uploads\/2024\/06\/logo-mystore.png\",\"contentUrl\":\"https:\/\/my.stlflix.com\/wp-content\/uploads\/2024\/06\/logo-mystore.png\",\"width\":150,\"height\":41,\"caption\":\"MyStore - By STLFLIX\"},\"image\":{\"@id\":\"https:\/\/my.stlflix.com\/#\/schema\/logo\/image\/\"},\"sameAs\":[\"https:\/\/www.facebook.com\/STLFLIX\",\"https:\/\/www.instagram.com\/stlflix_\/\",\"https:\/\/www.tiktok.com\/@stlflix\"]}]}<\/script>\n<!-- \/ Yoast SEO plugin. -->","yoast_head_json":{"title":"Gnomo Presenteador Noel \u2013 O Esp\u00edrito do Natal - MyStore - By STLFLIX","robots":{"index":"index","follow":"follow","max-snippet":"max-snippet:-1","max-image-preview":"max-image-preview:large","max-video-preview":"max-video-preview:-1"},"canonical":"https:\/\/www.lojadomandela3d.biz\/product\/gnome-surprise-6912384d4ee03\/","og_locale":"es_ES","og_type":"article","og_title":"Gnomo Presenteador Noel \u2013 O Esp\u00edrito do Natal - MyStore - By STLFLIX","og_description":"O Gnomo Presenteador Noel representa a verdadeira ess\u00eancia do Natal: alegria, generosidade e encanto! \ud83c\udf81\ud83c\udf85\u2728Sentado com seu gorro e traje natalino, ele segura um presente nas m\u00e3os, pronto para espalhar bons sentimentos e iluminar qualquer cantinho da casa. Feito com riqueza de detalhes e acabamento artesanal, o Gnomo Presenteador Noel \u00e9 uma pe\u00e7a charmosa que [&hellip;]","og_url":"https:\/\/www.lojadomandela3d.biz\/product\/gnome-surprise-6912384d4ee03\/","og_site_name":"MyStore - By STLFLIX","article_publisher":"https:\/\/www.facebook.com\/STLFLIX","article_modified_time":"2025-11-11T05:00:10+00:00","og_image":[{"width":1080,"height":1350,"url":"https:\/\/www.lojadomandela3d.biz\/wp-content\/uploads\/2025\/10\/Gnome_Surprisethumb_43b771b148.jpg","type":"image\/jpeg"}],"twitter_card":"summary_large_image","twitter_misc":{"Est. reading time":"1 minute"},"schema":{"@context":"https:\/\/schema.org","@graph":[{"@type":"WebPage","@id":"https:\/\/www.lojadomandela3d.biz\/product\/gnome-surprise-6912384d4ee03\/","url":"https:\/\/www.lojadomandela3d.biz\/product\/gnome-surprise-6912384d4ee03\/","name":"Gnomo Presenteador Noel \u2013 O Esp\u00edrito do Natal - MyStore - By STLFLIX","isPartOf":{"@id":"https:\/\/my.stlflix.com\/#website"},"primaryImageOfPage":{"@id":"https:\/\/www.lojadomandela3d.biz\/product\/gnome-surprise-6912384d4ee03\/#primaryimage"},"image":{"@id":"https:\/\/www.lojadomandela3d.biz\/product\/gnome-surprise-6912384d4ee03\/#primaryimage"},"thumbnailUrl":"https:\/\/my.stlflix.com\/wp-content\/uploads\/2025\/10\/Gnome_Surprisethumb_43b771b148.jpg","datePublished":"2025-11-11T03:26:04+00:00","dateModified":"2025-11-11T05:00:10+00:00","breadcrumb":{"@id":"https:\/\/www.lojadomandela3d.biz\/product\/gnome-surprise-6912384d4ee03\/#breadcrumb"},"inLanguage":"es-ES","potentialAction":[{"@type":"ReadAction","target":["https:\/\/www.lojadomandela3d.biz\/product\/gnome-surprise-6912384d4ee03\/"]}]},{"@type":"ImageObject","inLanguage":"es-ES","@id":"https:\/\/www.lojadomandela3d.biz\/product\/gnome-surprise-6912384d4ee03\/#primaryimage","url":"https:\/\/my.stlflix.com\/wp-content\/uploads\/2025\/10\/Gnome_Surprisethumb_43b771b148.jpg","contentUrl":"https:\/\/my.stlflix.com\/wp-content\/uploads\/2025\/10\/Gnome_Surprisethumb_43b771b148.jpg","width":1080,"height":1350},{"@type":"BreadcrumbList","@id":"https:\/\/www.lojadomandela3d.biz\/product\/gnome-surprise-6912384d4ee03\/#breadcrumb","itemListElement":[{"@type":"ListItem","position":1,"name":"Home","item":"https:\/\/www.stlflix-store.com\/"},{"@type":"ListItem","position":2,"name":"Products","item":"https:\/\/www.stlflix-store.com\/shop\/"},{"@type":"ListItem","position":3,"name":"Gnomo Presenteador Noel \u2013 O Esp\u00edrito do Natal"}]},{"@type":"WebSite","@id":"https:\/\/my.stlflix.com\/#website","url":"https:\/\/my.stlflix.com\/","name":"MyStore - By STLFLIX","description":"","publisher":{"@id":"https:\/\/my.stlflix.com\/#organization"},"potentialAction":[{"@type":"SearchAction","target":{"@type":"EntryPoint","urlTemplate":"https:\/\/my.stlflix.com\/?s={search_term_string}"},"query-input":{"@type":"PropertyValueSpecification","valueRequired":true,"valueName":"search_term_string"}}],"inLanguage":"es-ES"},{"@type":"Organization","@id":"https:\/\/my.stlflix.com\/#organization","name":"MyStore - By STLFLIX","url":"https:\/\/my.stlflix.com\/","logo":{"@type":"ImageObject","inLanguage":"es-ES","@id":"https:\/\/my.stlflix.com\/#\/schema\/logo\/image\/","url":"https:\/\/my.stlflix.com\/wp-content\/uploads\/2024\/06\/logo-mystore.png","contentUrl":"https:\/\/my.stlflix.com\/wp-content\/uploads\/2024\/06\/logo-mystore.png","width":150,"height":41,"caption":"MyStore - By STLFLIX"},"image":{"@id":"https:\/\/my.stlflix.com\/#\/schema\/logo\/image\/"},"sameAs":["https:\/\/www.facebook.com\/STLFLIX","https:\/\/www.instagram.com\/stlflix_\/","https:\/\/www.tiktok.com\/@stlflix"]}]}},"_links":{"self":[{"href":"https:\/\/my.stlflix.com\/es\/wp-json\/wp\/v2\/product\/471154","targetHints":{"allow":["GET"]}}],"collection":[{"href":"https:\/\/my.stlflix.com\/es\/wp-json\/wp\/v2\/product"}],"about":[{"href":"https:\/\/my.stlflix.com\/es\/wp-json\/wp\/v2\/types\/product"}],"replies":[{"embeddable":true,"href":"https:\/\/my.stlflix.com\/es\/wp-json\/wp\/v2\/comments?post=471154"}],"wp:featuredmedia":[{"embeddable":true,"href":"https:\/\/my.stlflix.com\/es\/wp-json\/wp\/v2\/media\/461882"}],"wp:attachment":[{"href":"https:\/\/my.stlflix.com\/es\/wp-json\/wp\/v2\/media?parent=471154"}],"wp:term":[{"taxonomy":"product_brand","embeddable":true,"href":"https:\/\/my.stlflix.com\/es\/wp-json\/wp\/v2\/product_brand?post=471154"},{"taxonomy":"product_cat","embeddable":true,"href":"https:\/\/my.stlflix.com\/es\/wp-json\/wp\/v2\/product_cat?post=471154"},{"taxonomy":"product_tag","embeddable":true,"href":"https:\/\/my.stlflix.com\/es\/wp-json\/wp\/v2\/product_tag?post=471154"}],"curies":[{"name":"wp","href":"https:\/\/api.w.org\/{rel}","templated":true}]}}