{"id":471156,"date":"2025-11-11T03:19:06","date_gmt":"2025-11-11T03:19:06","guid":{"rendered":"https:\/\/my.stlflix.com\/?post_type=product&#038;p=471156"},"modified":"2025-11-11T05:00:34","modified_gmt":"2025-11-11T05:00:34","slug":"let-it-gnome-6912385d00fa7","status":"publish","type":"product","link":"https:\/\/my.stlflix.com\/es\/product\/let-it-gnome-6912385d00fa7\/","title":{"rendered":"Gnomo Patinador Noel \u2013 O Encanto do Gelo"},"content":{"rendered":"<p data-start=\"242\" data-end=\"581\">Diretamente do Polo Norte para sua casa, o <strong data-start=\"302\" data-end=\"326\">Gnomo Patinador Noel<\/strong> desliza sobre o gelo com gra\u00e7a e alegria! \u26f8\ufe0f\u2744\ufe0f\ud83c\udf85<br data-start=\"375\" data-end=\"378\" \/>Vestido com roupas natalinas e seu tradicional gorro vermelho, ele \u00e9 pura magia em movimento literalmente! O gnomo gira sobre sua plataforma, criando um efeito encantador que d\u00e1 vida \u00e0 sua decora\u00e7\u00e3o.<\/p>\n<p data-start=\"583\" data-end=\"728\">Cada detalhe \u00e9 feito com carinho e precis\u00e3o, transformando o <strong data-start=\"644\" data-end=\"668\">Gnomo Patinador Noel<\/strong> em uma pe\u00e7a \u00fanica para colecionar, decorar ou presentear.<\/p>\n<p data-start=\"730\" data-end=\"796\">Tamanho aproximado: <strong data-start=\"750\" data-end=\"759\">13 cm<\/strong><br data-start=\"759\" data-end=\"762\" \/>Cores: padr\u00e3o conforme o modelo.<\/p>\n<p data-start=\"798\" data-end=\"1125\"><strong data-start=\"798\" data-end=\"831\">Informa\u00e7\u00f5es :<\/strong><br data-start=\"831\" data-end=\"834\" \/>\ud83c\udfa8 Produzido em impress\u00e3o 3D com acabamento detalhado.<br data-start=\"908\" data-end=\"911\" \/>\ud83c\udf00 Possui base girat\u00f3ria para um efeito din\u00e2mico e divertido.<br data-start=\"972\" data-end=\"975\" \/>\ud83c\udf81 Ideal para compor cen\u00e1rios natalinos e surpreender com originalidade.<br data-start=\"1047\" data-end=\"1050\" \/>\ud83d\udce6 <strong data-start=\"1053\" data-end=\"1065\">Entrega:<\/strong> a combinar.<br data-start=\"1077\" data-end=\"1080\" \/>\ud83d\udcb0 <strong data-start=\"1083\" data-end=\"1093\">Pre\u00e7o:<\/strong> R$ 70,00 (frete n\u00e3o incluso).<\/p>\n<p data-start=\"1127\" data-end=\"1229\">Um toque de encanto e movimento que transforma qualquer espa\u00e7o em um verdadeiro espet\u00e1culo de Natal!<\/p>\n","protected":false},"excerpt":{"rendered":"<p>Diretamente do Polo Norte para sua casa, o Gnomo Patinador Noel desliza sobre o gelo com gra\u00e7a e alegria! \u26f8\ufe0f\u2744\ufe0f\ud83c\udf85Vestido com roupas natalinas e seu tradicional gorro vermelho, ele \u00e9 pura magia em movimento literalmente! O gnomo gira sobre sua plataforma, criando um efeito encantador que d\u00e1 vida \u00e0 sua decora\u00e7\u00e3o. Cada detalhe \u00e9 feito [&hellip;]<\/p>\n","protected":false},"featured_media":461939,"comment_status":"open","ping_status":"closed","template":"","meta":[],"product_brand":[],"product_cat":[15],"product_tag":[688,6925],"class_list":{"0":"post-471156","1":"product","2":"type-product","3":"status-publish","4":"has-post-thumbnail","6":"product_cat-uncategorized","7":"product_tag-natal","8":"product_tag-sazonal","10":"first","11":"instock","12":"taxable","13":"shipping-taxable","14":"purchasable","15":"product-type-simple"},"yoast_head":"<!-- This site is optimized with the Yoast SEO plugin v25.1 - https:\/\/yoast.com\/wordpress\/plugins\/seo\/ -->\n<title>Gnomo Patinador Noel \u2013 O Encanto do Gelo - MyStore - By STLFLIX<\/title>\n<meta name=\"robots\" content=\"index, follow, max-snippet:-1, max-image-preview:large, max-video-preview:-1\" \/>\n<link rel=\"canonical\" href=\"https:\/\/www.testeminhalojamandela.biz\/product\/let-it-gnome-6912385d00fa7\/\" \/>\n<meta property=\"og:locale\" content=\"es_ES\" \/>\n<meta property=\"og:type\" content=\"article\" \/>\n<meta property=\"og:title\" content=\"Gnomo Patinador Noel \u2013 O Encanto do Gelo - MyStore - By STLFLIX\" \/>\n<meta property=\"og:description\" content=\"Diretamente do Polo Norte para sua casa, o Gnomo Patinador Noel desliza sobre o gelo com gra\u00e7a e alegria! \u26f8\ufe0f\u2744\ufe0f\ud83c\udf85Vestido com roupas natalinas e seu tradicional gorro vermelho, ele \u00e9 pura magia em movimento literalmente! O gnomo gira sobre sua plataforma, criando um efeito encantador que d\u00e1 vida \u00e0 sua decora\u00e7\u00e3o. Cada detalhe \u00e9 feito [&hellip;]\" \/>\n<meta property=\"og:url\" content=\"https:\/\/www.testeminhalojamandela.biz\/product\/let-it-gnome-6912385d00fa7\/\" \/>\n<meta property=\"og:site_name\" content=\"MyStore - By STLFLIX\" \/>\n<meta property=\"article:publisher\" content=\"https:\/\/www.facebook.com\/STLFLIX\" \/>\n<meta property=\"article:modified_time\" content=\"2025-11-11T05:00:34+00:00\" \/>\n<meta property=\"og:image\" content=\"https:\/\/www.testeminhalojamandela.biz\/wp-content\/uploads\/2025\/10\/Let_It_Gnomethumb_38f745af1b.jpg\" \/>\n\t<meta property=\"og:image:width\" content=\"1080\" \/>\n\t<meta property=\"og:image:height\" content=\"1350\" \/>\n\t<meta property=\"og:image:type\" content=\"image\/jpeg\" \/>\n<meta name=\"twitter:card\" content=\"summary_large_image\" \/>\n<meta name=\"twitter:label1\" content=\"Est. reading time\" \/>\n\t<meta name=\"twitter:data1\" content=\"1 minute\" \/>\n<script type=\"application\/ld+json\" class=\"yoast-schema-graph\">{\"@context\":\"https:\/\/schema.org\",\"@graph\":[{\"@type\":\"WebPage\",\"@id\":\"https:\/\/www.testeminhalojamandela.biz\/product\/let-it-gnome-6912385d00fa7\/\",\"url\":\"https:\/\/www.testeminhalojamandela.biz\/product\/let-it-gnome-6912385d00fa7\/\",\"name\":\"Gnomo Patinador Noel \u2013 O Encanto do Gelo - MyStore - By STLFLIX\",\"isPartOf\":{\"@id\":\"https:\/\/my.stlflix.com\/#website\"},\"primaryImageOfPage\":{\"@id\":\"https:\/\/www.testeminhalojamandela.biz\/product\/let-it-gnome-6912385d00fa7\/#primaryimage\"},\"image\":{\"@id\":\"https:\/\/www.testeminhalojamandela.biz\/product\/let-it-gnome-6912385d00fa7\/#primaryimage\"},\"thumbnailUrl\":\"https:\/\/my.stlflix.com\/wp-content\/uploads\/2025\/10\/Let_It_Gnomethumb_38f745af1b.jpg\",\"datePublished\":\"2025-11-11T03:19:06+00:00\",\"dateModified\":\"2025-11-11T05:00:34+00:00\",\"breadcrumb\":{\"@id\":\"https:\/\/www.testeminhalojamandela.biz\/product\/let-it-gnome-6912385d00fa7\/#breadcrumb\"},\"inLanguage\":\"es-ES\",\"potentialAction\":[{\"@type\":\"ReadAction\",\"target\":[\"https:\/\/www.testeminhalojamandela.biz\/product\/let-it-gnome-6912385d00fa7\/\"]}]},{\"@type\":\"ImageObject\",\"inLanguage\":\"es-ES\",\"@id\":\"https:\/\/www.testeminhalojamandela.biz\/product\/let-it-gnome-6912385d00fa7\/#primaryimage\",\"url\":\"https:\/\/my.stlflix.com\/wp-content\/uploads\/2025\/10\/Let_It_Gnomethumb_38f745af1b.jpg\",\"contentUrl\":\"https:\/\/my.stlflix.com\/wp-content\/uploads\/2025\/10\/Let_It_Gnomethumb_38f745af1b.jpg\",\"width\":1080,\"height\":1350},{\"@type\":\"BreadcrumbList\",\"@id\":\"https:\/\/www.testeminhalojamandela.biz\/product\/let-it-gnome-6912385d00fa7\/#breadcrumb\",\"itemListElement\":[{\"@type\":\"ListItem\",\"position\":1,\"name\":\"Home\",\"item\":\"https:\/\/www.stlflix-store.com\/\"},{\"@type\":\"ListItem\",\"position\":2,\"name\":\"Products\",\"item\":\"https:\/\/www.stlflix-store.com\/shop\/\"},{\"@type\":\"ListItem\",\"position\":3,\"name\":\"Gnomo Patinador Noel \u2013 O Encanto do Gelo\"}]},{\"@type\":\"WebSite\",\"@id\":\"https:\/\/my.stlflix.com\/#website\",\"url\":\"https:\/\/my.stlflix.com\/\",\"name\":\"MyStore - By STLFLIX\",\"description\":\"\",\"publisher\":{\"@id\":\"https:\/\/my.stlflix.com\/#organization\"},\"potentialAction\":[{\"@type\":\"SearchAction\",\"target\":{\"@type\":\"EntryPoint\",\"urlTemplate\":\"https:\/\/my.stlflix.com\/?s={search_term_string}\"},\"query-input\":{\"@type\":\"PropertyValueSpecification\",\"valueRequired\":true,\"valueName\":\"search_term_string\"}}],\"inLanguage\":\"es-ES\"},{\"@type\":\"Organization\",\"@id\":\"https:\/\/my.stlflix.com\/#organization\",\"name\":\"MyStore - By STLFLIX\",\"url\":\"https:\/\/my.stlflix.com\/\",\"logo\":{\"@type\":\"ImageObject\",\"inLanguage\":\"es-ES\",\"@id\":\"https:\/\/my.stlflix.com\/#\/schema\/logo\/image\/\",\"url\":\"https:\/\/my.stlflix.com\/wp-content\/uploads\/2024\/06\/logo-mystore.png\",\"contentUrl\":\"https:\/\/my.stlflix.com\/wp-content\/uploads\/2024\/06\/logo-mystore.png\",\"width\":150,\"height\":41,\"caption\":\"MyStore - By STLFLIX\"},\"image\":{\"@id\":\"https:\/\/my.stlflix.com\/#\/schema\/logo\/image\/\"},\"sameAs\":[\"https:\/\/www.facebook.com\/STLFLIX\",\"https:\/\/www.instagram.com\/stlflix_\/\",\"https:\/\/www.tiktok.com\/@stlflix\"]}]}<\/script>\n<!-- \/ Yoast SEO plugin. -->","yoast_head_json":{"title":"Gnomo Patinador Noel \u2013 O Encanto do Gelo - MyStore - By STLFLIX","robots":{"index":"index","follow":"follow","max-snippet":"max-snippet:-1","max-image-preview":"max-image-preview:large","max-video-preview":"max-video-preview:-1"},"canonical":"https:\/\/www.testeminhalojamandela.biz\/product\/let-it-gnome-6912385d00fa7\/","og_locale":"es_ES","og_type":"article","og_title":"Gnomo Patinador Noel \u2013 O Encanto do Gelo - MyStore - By STLFLIX","og_description":"Diretamente do Polo Norte para sua casa, o Gnomo Patinador Noel desliza sobre o gelo com gra\u00e7a e alegria! \u26f8\ufe0f\u2744\ufe0f\ud83c\udf85Vestido com roupas natalinas e seu tradicional gorro vermelho, ele \u00e9 pura magia em movimento literalmente! O gnomo gira sobre sua plataforma, criando um efeito encantador que d\u00e1 vida \u00e0 sua decora\u00e7\u00e3o. Cada detalhe \u00e9 feito [&hellip;]","og_url":"https:\/\/www.testeminhalojamandela.biz\/product\/let-it-gnome-6912385d00fa7\/","og_site_name":"MyStore - By STLFLIX","article_publisher":"https:\/\/www.facebook.com\/STLFLIX","article_modified_time":"2025-11-11T05:00:34+00:00","og_image":[{"width":1080,"height":1350,"url":"https:\/\/www.testeminhalojamandela.biz\/wp-content\/uploads\/2025\/10\/Let_It_Gnomethumb_38f745af1b.jpg","type":"image\/jpeg"}],"twitter_card":"summary_large_image","twitter_misc":{"Est. reading time":"1 minute"},"schema":{"@context":"https:\/\/schema.org","@graph":[{"@type":"WebPage","@id":"https:\/\/www.testeminhalojamandela.biz\/product\/let-it-gnome-6912385d00fa7\/","url":"https:\/\/www.testeminhalojamandela.biz\/product\/let-it-gnome-6912385d00fa7\/","name":"Gnomo Patinador Noel \u2013 O Encanto do Gelo - MyStore - By STLFLIX","isPartOf":{"@id":"https:\/\/my.stlflix.com\/#website"},"primaryImageOfPage":{"@id":"https:\/\/www.testeminhalojamandela.biz\/product\/let-it-gnome-6912385d00fa7\/#primaryimage"},"image":{"@id":"https:\/\/www.testeminhalojamandela.biz\/product\/let-it-gnome-6912385d00fa7\/#primaryimage"},"thumbnailUrl":"https:\/\/my.stlflix.com\/wp-content\/uploads\/2025\/10\/Let_It_Gnomethumb_38f745af1b.jpg","datePublished":"2025-11-11T03:19:06+00:00","dateModified":"2025-11-11T05:00:34+00:00","breadcrumb":{"@id":"https:\/\/www.testeminhalojamandela.biz\/product\/let-it-gnome-6912385d00fa7\/#breadcrumb"},"inLanguage":"es-ES","potentialAction":[{"@type":"ReadAction","target":["https:\/\/www.testeminhalojamandela.biz\/product\/let-it-gnome-6912385d00fa7\/"]}]},{"@type":"ImageObject","inLanguage":"es-ES","@id":"https:\/\/www.testeminhalojamandela.biz\/product\/let-it-gnome-6912385d00fa7\/#primaryimage","url":"https:\/\/my.stlflix.com\/wp-content\/uploads\/2025\/10\/Let_It_Gnomethumb_38f745af1b.jpg","contentUrl":"https:\/\/my.stlflix.com\/wp-content\/uploads\/2025\/10\/Let_It_Gnomethumb_38f745af1b.jpg","width":1080,"height":1350},{"@type":"BreadcrumbList","@id":"https:\/\/www.testeminhalojamandela.biz\/product\/let-it-gnome-6912385d00fa7\/#breadcrumb","itemListElement":[{"@type":"ListItem","position":1,"name":"Home","item":"https:\/\/www.stlflix-store.com\/"},{"@type":"ListItem","position":2,"name":"Products","item":"https:\/\/www.stlflix-store.com\/shop\/"},{"@type":"ListItem","position":3,"name":"Gnomo Patinador Noel \u2013 O Encanto do Gelo"}]},{"@type":"WebSite","@id":"https:\/\/my.stlflix.com\/#website","url":"https:\/\/my.stlflix.com\/","name":"MyStore - By STLFLIX","description":"","publisher":{"@id":"https:\/\/my.stlflix.com\/#organization"},"potentialAction":[{"@type":"SearchAction","target":{"@type":"EntryPoint","urlTemplate":"https:\/\/my.stlflix.com\/?s={search_term_string}"},"query-input":{"@type":"PropertyValueSpecification","valueRequired":true,"valueName":"search_term_string"}}],"inLanguage":"es-ES"},{"@type":"Organization","@id":"https:\/\/my.stlflix.com\/#organization","name":"MyStore - By STLFLIX","url":"https:\/\/my.stlflix.com\/","logo":{"@type":"ImageObject","inLanguage":"es-ES","@id":"https:\/\/my.stlflix.com\/#\/schema\/logo\/image\/","url":"https:\/\/my.stlflix.com\/wp-content\/uploads\/2024\/06\/logo-mystore.png","contentUrl":"https:\/\/my.stlflix.com\/wp-content\/uploads\/2024\/06\/logo-mystore.png","width":150,"height":41,"caption":"MyStore - By STLFLIX"},"image":{"@id":"https:\/\/my.stlflix.com\/#\/schema\/logo\/image\/"},"sameAs":["https:\/\/www.facebook.com\/STLFLIX","https:\/\/www.instagram.com\/stlflix_\/","https:\/\/www.tiktok.com\/@stlflix"]}]}},"_links":{"self":[{"href":"https:\/\/my.stlflix.com\/es\/wp-json\/wp\/v2\/product\/471156","targetHints":{"allow":["GET"]}}],"collection":[{"href":"https:\/\/my.stlflix.com\/es\/wp-json\/wp\/v2\/product"}],"about":[{"href":"https:\/\/my.stlflix.com\/es\/wp-json\/wp\/v2\/types\/product"}],"replies":[{"embeddable":true,"href":"https:\/\/my.stlflix.com\/es\/wp-json\/wp\/v2\/comments?post=471156"}],"wp:featuredmedia":[{"embeddable":true,"href":"https:\/\/my.stlflix.com\/es\/wp-json\/wp\/v2\/media\/461939"}],"wp:attachment":[{"href":"https:\/\/my.stlflix.com\/es\/wp-json\/wp\/v2\/media?parent=471156"}],"wp:term":[{"taxonomy":"product_brand","embeddable":true,"href":"https:\/\/my.stlflix.com\/es\/wp-json\/wp\/v2\/product_brand?post=471156"},{"taxonomy":"product_cat","embeddable":true,"href":"https:\/\/my.stlflix.com\/es\/wp-json\/wp\/v2\/product_cat?post=471156"},{"taxonomy":"product_tag","embeddable":true,"href":"https:\/\/my.stlflix.com\/es\/wp-json\/wp\/v2\/product_tag?post=471156"}],"curies":[{"name":"wp","href":"https:\/\/api.w.org\/{rel}","templated":true}]}}