{"id":471471,"date":"2025-11-11T03:37:38","date_gmt":"2025-11-11T03:37:38","guid":{"rendered":"https:\/\/my.stlflix.com\/?post_type=product&#038;p=471471"},"modified":"2025-11-11T18:02:07","modified_gmt":"2025-11-11T18:02:07","slug":"snow-motion-6912ae8a62ccb","status":"publish","type":"product","link":"https:\/\/my.stlflix.com\/es\/product\/snow-motion-6912ae8a62ccb\/","title":{"rendered":"Gnomo Anjinho Noel \u2013 A Magia na Neve"},"content":{"rendered":"<p data-start=\"265\" data-end=\"592\">Prepare-se para se encantar com o <strong data-start=\"316\" data-end=\"338\">Gnomo Anjinho Noel<\/strong>, uma pe\u00e7a que une movimento, emo\u00e7\u00e3o e o verdadeiro esp\u00edrito natalino! \u2744\ufe0f\ud83c\udf85\u2728<br data-start=\"414\" data-end=\"417\" \/>Vestido com roupas de Natal e seu gorro caracter\u00edstico, o gnomo est\u00e1 deitado na neve fazendo o famoso \u201canjinho\u201d, aquele desenho que todos amamos nas brincadeiras de inverno.<\/p>\n<p data-start=\"594\" data-end=\"782\">Gra\u00e7as a um mecanismo no produto, \u00e9 poss\u00edvel <strong data-start=\"654\" data-end=\"676\">movimentar o gnomo<\/strong>, fazendo com que ele mexa os bracinhos e as perninhas, recriando o gesto de forma ador\u00e1vel e divertida.<\/p>\n<p data-start=\"784\" data-end=\"948\">Feito com aten\u00e7\u00e3o aos detalhes e acabamento artesanal, o <strong data-start=\"841\" data-end=\"863\">Gnomo Anjinho Noel<\/strong> \u00e9 perfeito para quem deseja uma decora\u00e7\u00e3o interativa, delicada e cheia de encanto.<\/p>\n<p data-start=\"950\" data-end=\"1015\">Tamanho aproximado: <strong data-start=\"970\" data-end=\"978\">8 cm<\/strong><br data-start=\"978\" data-end=\"981\" \/>Cores: padr\u00e3o conforme o modelo.<\/p>\n<p data-start=\"1017\" data-end=\"1372\"><strong data-start=\"1017\" data-end=\"1050\">Informa\u00e7\u00f5es :<\/strong><br data-start=\"1050\" data-end=\"1053\" \/>\ud83c\udfa8 Produzido em impress\u00e3o 3D com\u00a0 pe\u00e7a m\u00f3vel funcional.<br data-start=\"1127\" data-end=\"1130\" \/>\ud83e\udde9 Possui mecanismo que permite movimentar o gnomo, simulando o \u201canjinho na neve\u201d.<br data-start=\"1215\" data-end=\"1218\" \/>\ud83c\udf81 Ideal para colecionar, decorar ou presentear com originalidade e ternura.<br data-start=\"1294\" data-end=\"1297\" \/>\ud83d\udce6 <strong data-start=\"1300\" data-end=\"1312\">Entrega:<\/strong> a combinar.<br data-start=\"1324\" data-end=\"1327\" \/>\ud83d\udcb0 <strong data-start=\"1330\" data-end=\"1340\">Pre\u00e7o:<\/strong> R$ 70,00 (frete n\u00e3o incluso).<\/p>\n<p data-start=\"1374\" data-end=\"1454\">Um toque de magia em movimento que traz \u00e0 vida a do\u00e7ura e a fantasia do Natal!<\/p>\n<p data-start=\"1374\" data-end=\"1454\"><a href=\"https:\/\/www.instagram.com\/wipiii3d?utm_source=ig_web_button_share_sheet&amp;igsh=ZDNlZDc0MzIxNw==\" target=\"_blank\" rel=\"noopener\">Clique aqui e Fa\u00e7a seu pedido<\/a><\/p>\n","protected":false},"excerpt":{"rendered":"<p>Prepare-se para se encantar com o Gnomo Anjinho Noel, uma pe\u00e7a que une movimento, emo\u00e7\u00e3o e o verdadeiro esp\u00edrito natalino! \u2744\ufe0f\ud83c\udf85\u2728Vestido com roupas de Natal e seu gorro caracter\u00edstico, o gnomo est\u00e1 deitado na neve fazendo o famoso \u201canjinho\u201d, aquele desenho que todos amamos nas brincadeiras de inverno. Gra\u00e7as a um mecanismo no produto, \u00e9 [&hellip;]<\/p>\n","protected":false},"featured_media":460579,"comment_status":"open","ping_status":"closed","template":"","meta":[],"product_brand":[],"product_cat":[15],"product_tag":[688,6925],"class_list":{"0":"post-471471","1":"product","2":"type-product","3":"status-publish","4":"has-post-thumbnail","6":"product_cat-uncategorized","7":"product_tag-natal","8":"product_tag-sazonal","10":"first","11":"instock","12":"taxable","13":"shipping-taxable","14":"purchasable","15":"product-type-simple"},"yoast_head":"<!-- This site is optimized with the Yoast SEO plugin v25.1 - https:\/\/yoast.com\/wordpress\/plugins\/seo\/ -->\n<title>Gnomo Anjinho Noel \u2013 A Magia na Neve - MyStore - By STLFLIX<\/title>\n<meta name=\"robots\" content=\"index, follow, max-snippet:-1, max-image-preview:large, max-video-preview:-1\" \/>\n<link rel=\"canonical\" href=\"https:\/\/www.testeminhalojamandela.biz\/product\/snow-motion-6912ae8a62ccb\/\" \/>\n<meta property=\"og:locale\" content=\"es_ES\" \/>\n<meta property=\"og:type\" content=\"article\" \/>\n<meta property=\"og:title\" content=\"Gnomo Anjinho Noel \u2013 A Magia na Neve - MyStore - By STLFLIX\" \/>\n<meta property=\"og:description\" content=\"Prepare-se para se encantar com o Gnomo Anjinho Noel, uma pe\u00e7a que une movimento, emo\u00e7\u00e3o e o verdadeiro esp\u00edrito natalino! \u2744\ufe0f\ud83c\udf85\u2728Vestido com roupas de Natal e seu gorro caracter\u00edstico, o gnomo est\u00e1 deitado na neve fazendo o famoso \u201canjinho\u201d, aquele desenho que todos amamos nas brincadeiras de inverno. Gra\u00e7as a um mecanismo no produto, \u00e9 [&hellip;]\" \/>\n<meta property=\"og:url\" content=\"https:\/\/www.testeminhalojamandela.biz\/product\/snow-motion-6912ae8a62ccb\/\" \/>\n<meta property=\"og:site_name\" content=\"MyStore - By STLFLIX\" \/>\n<meta property=\"article:publisher\" content=\"https:\/\/www.facebook.com\/STLFLIX\" \/>\n<meta property=\"article:modified_time\" content=\"2025-11-11T18:02:07+00:00\" \/>\n<meta property=\"og:image\" content=\"https:\/\/www.testeminhalojamandela.biz\/wp-content\/uploads\/2025\/10\/Snow_Motionthumb_345f325da2.jpg\" \/>\n\t<meta property=\"og:image:width\" content=\"1080\" \/>\n\t<meta property=\"og:image:height\" content=\"1350\" \/>\n\t<meta property=\"og:image:type\" content=\"image\/jpeg\" \/>\n<meta name=\"twitter:card\" content=\"summary_large_image\" \/>\n<meta name=\"twitter:label1\" content=\"Est. reading time\" \/>\n\t<meta name=\"twitter:data1\" content=\"1 minute\" \/>\n<script type=\"application\/ld+json\" class=\"yoast-schema-graph\">{\"@context\":\"https:\/\/schema.org\",\"@graph\":[{\"@type\":\"WebPage\",\"@id\":\"https:\/\/www.testeminhalojamandela.biz\/product\/snow-motion-6912ae8a62ccb\/\",\"url\":\"https:\/\/www.testeminhalojamandela.biz\/product\/snow-motion-6912ae8a62ccb\/\",\"name\":\"Gnomo Anjinho Noel \u2013 A Magia na Neve - MyStore - By STLFLIX\",\"isPartOf\":{\"@id\":\"https:\/\/my.stlflix.com\/#website\"},\"primaryImageOfPage\":{\"@id\":\"https:\/\/www.testeminhalojamandela.biz\/product\/snow-motion-6912ae8a62ccb\/#primaryimage\"},\"image\":{\"@id\":\"https:\/\/www.testeminhalojamandela.biz\/product\/snow-motion-6912ae8a62ccb\/#primaryimage\"},\"thumbnailUrl\":\"https:\/\/my.stlflix.com\/wp-content\/uploads\/2025\/10\/Snow_Motionthumb_345f325da2.jpg\",\"datePublished\":\"2025-11-11T03:37:38+00:00\",\"dateModified\":\"2025-11-11T18:02:07+00:00\",\"breadcrumb\":{\"@id\":\"https:\/\/www.testeminhalojamandela.biz\/product\/snow-motion-6912ae8a62ccb\/#breadcrumb\"},\"inLanguage\":\"es-ES\",\"potentialAction\":[{\"@type\":\"ReadAction\",\"target\":[\"https:\/\/www.testeminhalojamandela.biz\/product\/snow-motion-6912ae8a62ccb\/\"]}]},{\"@type\":\"ImageObject\",\"inLanguage\":\"es-ES\",\"@id\":\"https:\/\/www.testeminhalojamandela.biz\/product\/snow-motion-6912ae8a62ccb\/#primaryimage\",\"url\":\"https:\/\/my.stlflix.com\/wp-content\/uploads\/2025\/10\/Snow_Motionthumb_345f325da2.jpg\",\"contentUrl\":\"https:\/\/my.stlflix.com\/wp-content\/uploads\/2025\/10\/Snow_Motionthumb_345f325da2.jpg\",\"width\":1080,\"height\":1350},{\"@type\":\"BreadcrumbList\",\"@id\":\"https:\/\/www.testeminhalojamandela.biz\/product\/snow-motion-6912ae8a62ccb\/#breadcrumb\",\"itemListElement\":[{\"@type\":\"ListItem\",\"position\":1,\"name\":\"Home\",\"item\":\"https:\/\/www.stlflix-store.com\/\"},{\"@type\":\"ListItem\",\"position\":2,\"name\":\"Products\",\"item\":\"https:\/\/www.stlflix-store.com\/shop\/\"},{\"@type\":\"ListItem\",\"position\":3,\"name\":\"Gnomo Anjinho Noel \u2013 A Magia na Neve\"}]},{\"@type\":\"WebSite\",\"@id\":\"https:\/\/my.stlflix.com\/#website\",\"url\":\"https:\/\/my.stlflix.com\/\",\"name\":\"MyStore - By STLFLIX\",\"description\":\"\",\"publisher\":{\"@id\":\"https:\/\/my.stlflix.com\/#organization\"},\"potentialAction\":[{\"@type\":\"SearchAction\",\"target\":{\"@type\":\"EntryPoint\",\"urlTemplate\":\"https:\/\/my.stlflix.com\/?s={search_term_string}\"},\"query-input\":{\"@type\":\"PropertyValueSpecification\",\"valueRequired\":true,\"valueName\":\"search_term_string\"}}],\"inLanguage\":\"es-ES\"},{\"@type\":\"Organization\",\"@id\":\"https:\/\/my.stlflix.com\/#organization\",\"name\":\"MyStore - By STLFLIX\",\"url\":\"https:\/\/my.stlflix.com\/\",\"logo\":{\"@type\":\"ImageObject\",\"inLanguage\":\"es-ES\",\"@id\":\"https:\/\/my.stlflix.com\/#\/schema\/logo\/image\/\",\"url\":\"https:\/\/my.stlflix.com\/wp-content\/uploads\/2024\/06\/logo-mystore.png\",\"contentUrl\":\"https:\/\/my.stlflix.com\/wp-content\/uploads\/2024\/06\/logo-mystore.png\",\"width\":150,\"height\":41,\"caption\":\"MyStore - By STLFLIX\"},\"image\":{\"@id\":\"https:\/\/my.stlflix.com\/#\/schema\/logo\/image\/\"},\"sameAs\":[\"https:\/\/www.facebook.com\/STLFLIX\",\"https:\/\/www.instagram.com\/stlflix_\/\",\"https:\/\/www.tiktok.com\/@stlflix\"]}]}<\/script>\n<!-- \/ Yoast SEO plugin. -->","yoast_head_json":{"title":"Gnomo Anjinho Noel \u2013 A Magia na Neve - MyStore - By STLFLIX","robots":{"index":"index","follow":"follow","max-snippet":"max-snippet:-1","max-image-preview":"max-image-preview:large","max-video-preview":"max-video-preview:-1"},"canonical":"https:\/\/www.testeminhalojamandela.biz\/product\/snow-motion-6912ae8a62ccb\/","og_locale":"es_ES","og_type":"article","og_title":"Gnomo Anjinho Noel \u2013 A Magia na Neve - MyStore - By STLFLIX","og_description":"Prepare-se para se encantar com o Gnomo Anjinho Noel, uma pe\u00e7a que une movimento, emo\u00e7\u00e3o e o verdadeiro esp\u00edrito natalino! \u2744\ufe0f\ud83c\udf85\u2728Vestido com roupas de Natal e seu gorro caracter\u00edstico, o gnomo est\u00e1 deitado na neve fazendo o famoso \u201canjinho\u201d, aquele desenho que todos amamos nas brincadeiras de inverno. Gra\u00e7as a um mecanismo no produto, \u00e9 [&hellip;]","og_url":"https:\/\/www.testeminhalojamandela.biz\/product\/snow-motion-6912ae8a62ccb\/","og_site_name":"MyStore - By STLFLIX","article_publisher":"https:\/\/www.facebook.com\/STLFLIX","article_modified_time":"2025-11-11T18:02:07+00:00","og_image":[{"width":1080,"height":1350,"url":"https:\/\/www.testeminhalojamandela.biz\/wp-content\/uploads\/2025\/10\/Snow_Motionthumb_345f325da2.jpg","type":"image\/jpeg"}],"twitter_card":"summary_large_image","twitter_misc":{"Est. reading time":"1 minute"},"schema":{"@context":"https:\/\/schema.org","@graph":[{"@type":"WebPage","@id":"https:\/\/www.testeminhalojamandela.biz\/product\/snow-motion-6912ae8a62ccb\/","url":"https:\/\/www.testeminhalojamandela.biz\/product\/snow-motion-6912ae8a62ccb\/","name":"Gnomo Anjinho Noel \u2013 A Magia na Neve - MyStore - By STLFLIX","isPartOf":{"@id":"https:\/\/my.stlflix.com\/#website"},"primaryImageOfPage":{"@id":"https:\/\/www.testeminhalojamandela.biz\/product\/snow-motion-6912ae8a62ccb\/#primaryimage"},"image":{"@id":"https:\/\/www.testeminhalojamandela.biz\/product\/snow-motion-6912ae8a62ccb\/#primaryimage"},"thumbnailUrl":"https:\/\/my.stlflix.com\/wp-content\/uploads\/2025\/10\/Snow_Motionthumb_345f325da2.jpg","datePublished":"2025-11-11T03:37:38+00:00","dateModified":"2025-11-11T18:02:07+00:00","breadcrumb":{"@id":"https:\/\/www.testeminhalojamandela.biz\/product\/snow-motion-6912ae8a62ccb\/#breadcrumb"},"inLanguage":"es-ES","potentialAction":[{"@type":"ReadAction","target":["https:\/\/www.testeminhalojamandela.biz\/product\/snow-motion-6912ae8a62ccb\/"]}]},{"@type":"ImageObject","inLanguage":"es-ES","@id":"https:\/\/www.testeminhalojamandela.biz\/product\/snow-motion-6912ae8a62ccb\/#primaryimage","url":"https:\/\/my.stlflix.com\/wp-content\/uploads\/2025\/10\/Snow_Motionthumb_345f325da2.jpg","contentUrl":"https:\/\/my.stlflix.com\/wp-content\/uploads\/2025\/10\/Snow_Motionthumb_345f325da2.jpg","width":1080,"height":1350},{"@type":"BreadcrumbList","@id":"https:\/\/www.testeminhalojamandela.biz\/product\/snow-motion-6912ae8a62ccb\/#breadcrumb","itemListElement":[{"@type":"ListItem","position":1,"name":"Home","item":"https:\/\/www.stlflix-store.com\/"},{"@type":"ListItem","position":2,"name":"Products","item":"https:\/\/www.stlflix-store.com\/shop\/"},{"@type":"ListItem","position":3,"name":"Gnomo Anjinho Noel \u2013 A Magia na Neve"}]},{"@type":"WebSite","@id":"https:\/\/my.stlflix.com\/#website","url":"https:\/\/my.stlflix.com\/","name":"MyStore - By STLFLIX","description":"","publisher":{"@id":"https:\/\/my.stlflix.com\/#organization"},"potentialAction":[{"@type":"SearchAction","target":{"@type":"EntryPoint","urlTemplate":"https:\/\/my.stlflix.com\/?s={search_term_string}"},"query-input":{"@type":"PropertyValueSpecification","valueRequired":true,"valueName":"search_term_string"}}],"inLanguage":"es-ES"},{"@type":"Organization","@id":"https:\/\/my.stlflix.com\/#organization","name":"MyStore - By STLFLIX","url":"https:\/\/my.stlflix.com\/","logo":{"@type":"ImageObject","inLanguage":"es-ES","@id":"https:\/\/my.stlflix.com\/#\/schema\/logo\/image\/","url":"https:\/\/my.stlflix.com\/wp-content\/uploads\/2024\/06\/logo-mystore.png","contentUrl":"https:\/\/my.stlflix.com\/wp-content\/uploads\/2024\/06\/logo-mystore.png","width":150,"height":41,"caption":"MyStore - By STLFLIX"},"image":{"@id":"https:\/\/my.stlflix.com\/#\/schema\/logo\/image\/"},"sameAs":["https:\/\/www.facebook.com\/STLFLIX","https:\/\/www.instagram.com\/stlflix_\/","https:\/\/www.tiktok.com\/@stlflix"]}]}},"_links":{"self":[{"href":"https:\/\/my.stlflix.com\/es\/wp-json\/wp\/v2\/product\/471471","targetHints":{"allow":["GET"]}}],"collection":[{"href":"https:\/\/my.stlflix.com\/es\/wp-json\/wp\/v2\/product"}],"about":[{"href":"https:\/\/my.stlflix.com\/es\/wp-json\/wp\/v2\/types\/product"}],"replies":[{"embeddable":true,"href":"https:\/\/my.stlflix.com\/es\/wp-json\/wp\/v2\/comments?post=471471"}],"wp:featuredmedia":[{"embeddable":true,"href":"https:\/\/my.stlflix.com\/es\/wp-json\/wp\/v2\/media\/460579"}],"wp:attachment":[{"href":"https:\/\/my.stlflix.com\/es\/wp-json\/wp\/v2\/media?parent=471471"}],"wp:term":[{"taxonomy":"product_brand","embeddable":true,"href":"https:\/\/my.stlflix.com\/es\/wp-json\/wp\/v2\/product_brand?post=471471"},{"taxonomy":"product_cat","embeddable":true,"href":"https:\/\/my.stlflix.com\/es\/wp-json\/wp\/v2\/product_cat?post=471471"},{"taxonomy":"product_tag","embeddable":true,"href":"https:\/\/my.stlflix.com\/es\/wp-json\/wp\/v2\/product_tag?post=471471"}],"curies":[{"name":"wp","href":"https:\/\/api.w.org\/{rel}","templated":true}]}}