{"id":472363,"date":"2025-11-11T23:48:54","date_gmt":"2025-11-11T23:48:54","guid":{"rendered":"https:\/\/my.stlflix.com\/?post_type=product&#038;p=472363"},"modified":"2025-11-11T23:52:13","modified_gmt":"2025-11-11T23:52:13","slug":"minime-soccer-player-6913ca0cb1f4f","status":"publish","type":"product","link":"https:\/\/my.stlflix.com\/es\/product\/minime-soccer-player-6913ca0cb1f4f\/","title":{"rendered":"MiniMe Futebol &#8211; Personalizado"},"content":{"rendered":"<p data-start=\"6940\" data-end=\"7147\">Transforme seu amor pelo esporte em arte! O <strong data-start=\"7001\" data-end=\"7019\">MiniMe Futebol<\/strong> \u00e9 um bonequinho personalizado com o seu rosto (ou de quem voc\u00ea quiser) e corpo de jogador pronto para marcar o gol da emo\u00e7\u00e3o.<\/p>\n<p data-start=\"7149\" data-end=\"7198\">\ud83d\udccf <strong data-start=\"7152\" data-end=\"7175\">Tamanho aproximado:<\/strong> 8 cm<br data-start=\"7180\" data-end=\"7183\" \/>\ud83d\udcb0 <strong data-start=\"7186\" data-end=\"7196\">Pre\u00e7o:<\/strong><\/p>\n<ul data-start=\"7199\" data-end=\"7438\">\n<li data-start=\"7199\" data-end=\"7251\">\n<p data-start=\"7201\" data-end=\"7251\">R$ 30,00 (somente corpo, caso j\u00e1 tenha a cabe\u00e7a)<\/p>\n<\/li>\n<li data-start=\"7252\" data-end=\"7295\">\n<p data-start=\"7254\" data-end=\"7295\">R$ 60,00 (corpo + cabe\u00e7a personalizada)<\/p>\n<\/li>\n<li data-start=\"7296\" data-end=\"7359\">\n<p data-start=\"7298\" data-end=\"7359\">R$ 80,00 (com base dourada e plaquinha de 1\u00ba lugar ou nome)<\/p>\n<\/li>\n<li data-start=\"7360\" data-end=\"7438\">\n<p data-start=\"7362\" data-end=\"7438\">R$ 90,00 (com caixa personalizada de exposi\u00e7\u00e3o)<\/p>\n<\/li>\n<\/ul>\n<p data-start=\"7362\" data-end=\"7438\">\ud83d\ude9a <strong data-start=\"7415\" data-end=\"7436\">Frete n\u00e3o incluso<\/strong><\/p>\n<p data-start=\"7440\" data-end=\"7610\">Perfeito para colecionadores e amantes do futebol, uma lembran\u00e7a divertida e inesquec\u00edvel feita com o toque especial da Wipiii 3D. \u26bd\u2728<\/p>\n<p data-start=\"7440\" data-end=\"7610\"><a href=\"https:\/\/www.instagram.com\/wipiii3d?utm_source=ig_web_button_share_sheet&amp;igsh=ZDNlZDc0MzIxNw==\" target=\"_blank\" rel=\"noopener\">Clique aqui e fa\u00e7a seu pedido<\/a><\/p>\n","protected":false},"excerpt":{"rendered":"<p>Transforme seu amor pelo esporte em arte! O MiniMe Futebol \u00e9 um bonequinho personalizado com o seu rosto (ou de quem voc\u00ea quiser) e corpo de jogador pronto para marcar o gol da emo\u00e7\u00e3o. \ud83d\udccf Tamanho aproximado: 8 cm\ud83d\udcb0 Pre\u00e7o: R$ 30,00 (somente corpo, caso j\u00e1 tenha a cabe\u00e7a) R$ 60,00 (corpo + cabe\u00e7a personalizada) [&hellip;]<\/p>\n","protected":false},"featured_media":472371,"comment_status":"open","ping_status":"closed","template":"","meta":[],"product_brand":[],"product_cat":[15],"product_tag":[5921,6951,3257],"class_list":{"0":"post-472363","1":"product","2":"type-product","3":"status-publish","4":"has-post-thumbnail","6":"product_cat-uncategorized","7":"product_tag-esporte","8":"product_tag-minime","9":"product_tag-personalizado","11":"first","12":"instock","13":"taxable","14":"shipping-taxable","15":"product-type-simple"},"yoast_head":"<!-- This site is optimized with the Yoast SEO plugin v25.1 - https:\/\/yoast.com\/wordpress\/plugins\/seo\/ -->\n<title>MiniMe Futebol - Personalizado - MyStore - By STLFLIX<\/title>\n<meta name=\"robots\" content=\"index, follow, max-snippet:-1, max-image-preview:large, max-video-preview:-1\" \/>\n<link rel=\"canonical\" href=\"https:\/\/my.stlflix.com\/es\/product\/minime-soccer-player-6913ca0cb1f4f\/\" \/>\n<meta property=\"og:locale\" content=\"es_ES\" \/>\n<meta property=\"og:type\" content=\"article\" \/>\n<meta property=\"og:title\" content=\"MiniMe Futebol - Personalizado - MyStore - By STLFLIX\" \/>\n<meta property=\"og:description\" content=\"Transforme seu amor pelo esporte em arte! O MiniMe Futebol \u00e9 um bonequinho personalizado com o seu rosto (ou de quem voc\u00ea quiser) e corpo de jogador pronto para marcar o gol da emo\u00e7\u00e3o. \ud83d\udccf Tamanho aproximado: 8 cm\ud83d\udcb0 Pre\u00e7o: R$ 30,00 (somente corpo, caso j\u00e1 tenha a cabe\u00e7a) R$ 60,00 (corpo + cabe\u00e7a personalizada) [&hellip;]\" \/>\n<meta property=\"og:url\" content=\"https:\/\/my.stlflix.com\/es\/product\/minime-soccer-player-6913ca0cb1f4f\/\" \/>\n<meta property=\"og:site_name\" content=\"MyStore - By STLFLIX\" \/>\n<meta property=\"article:publisher\" content=\"https:\/\/www.facebook.com\/STLFLIX\" \/>\n<meta property=\"article:modified_time\" content=\"2025-11-11T23:52:13+00:00\" \/>\n<meta property=\"og:image\" content=\"https:\/\/my.stlflix.com\/wp-content\/uploads\/2025\/11\/cropped-1_f9ae6d2a39.jpg\" \/>\n\t<meta property=\"og:image:width\" content=\"1078\" \/>\n\t<meta property=\"og:image:height\" content=\"1350\" \/>\n\t<meta property=\"og:image:type\" content=\"image\/jpeg\" \/>\n<meta name=\"twitter:card\" content=\"summary_large_image\" \/>\n<meta name=\"twitter:label1\" content=\"Est. reading time\" \/>\n\t<meta name=\"twitter:data1\" content=\"1 minute\" \/>\n<script type=\"application\/ld+json\" class=\"yoast-schema-graph\">{\"@context\":\"https:\/\/schema.org\",\"@graph\":[{\"@type\":\"WebPage\",\"@id\":\"https:\/\/my.stlflix.com\/es\/product\/minime-soccer-player-6913ca0cb1f4f\/\",\"url\":\"https:\/\/my.stlflix.com\/es\/product\/minime-soccer-player-6913ca0cb1f4f\/\",\"name\":\"MiniMe Futebol - Personalizado - MyStore - By STLFLIX\",\"isPartOf\":{\"@id\":\"https:\/\/my.stlflix.com\/#website\"},\"primaryImageOfPage\":{\"@id\":\"https:\/\/my.stlflix.com\/es\/product\/minime-soccer-player-6913ca0cb1f4f\/#primaryimage\"},\"image\":{\"@id\":\"https:\/\/my.stlflix.com\/es\/product\/minime-soccer-player-6913ca0cb1f4f\/#primaryimage\"},\"thumbnailUrl\":\"https:\/\/my.stlflix.com\/wp-content\/uploads\/2025\/11\/cropped-1_f9ae6d2a39.jpg\",\"datePublished\":\"2025-11-11T23:48:54+00:00\",\"dateModified\":\"2025-11-11T23:52:13+00:00\",\"breadcrumb\":{\"@id\":\"https:\/\/my.stlflix.com\/es\/product\/minime-soccer-player-6913ca0cb1f4f\/#breadcrumb\"},\"inLanguage\":\"es-ES\",\"potentialAction\":[{\"@type\":\"ReadAction\",\"target\":[\"https:\/\/my.stlflix.com\/es\/product\/minime-soccer-player-6913ca0cb1f4f\/\"]}]},{\"@type\":\"ImageObject\",\"inLanguage\":\"es-ES\",\"@id\":\"https:\/\/my.stlflix.com\/es\/product\/minime-soccer-player-6913ca0cb1f4f\/#primaryimage\",\"url\":\"https:\/\/my.stlflix.com\/wp-content\/uploads\/2025\/11\/cropped-1_f9ae6d2a39.jpg\",\"contentUrl\":\"https:\/\/my.stlflix.com\/wp-content\/uploads\/2025\/11\/cropped-1_f9ae6d2a39.jpg\",\"width\":1078,\"height\":1350},{\"@type\":\"BreadcrumbList\",\"@id\":\"https:\/\/my.stlflix.com\/es\/product\/minime-soccer-player-6913ca0cb1f4f\/#breadcrumb\",\"itemListElement\":[{\"@type\":\"ListItem\",\"position\":1,\"name\":\"Home\",\"item\":\"https:\/\/www.stlflix-store.com\/\"},{\"@type\":\"ListItem\",\"position\":2,\"name\":\"Products\",\"item\":\"https:\/\/www.stlflix-store.com\/shop\/\"},{\"@type\":\"ListItem\",\"position\":3,\"name\":\"MiniMe Futebol &#8211; Personalizado\"}]},{\"@type\":\"WebSite\",\"@id\":\"https:\/\/my.stlflix.com\/#website\",\"url\":\"https:\/\/my.stlflix.com\/\",\"name\":\"MyStore - By STLFLIX\",\"description\":\"\",\"publisher\":{\"@id\":\"https:\/\/my.stlflix.com\/#organization\"},\"potentialAction\":[{\"@type\":\"SearchAction\",\"target\":{\"@type\":\"EntryPoint\",\"urlTemplate\":\"https:\/\/my.stlflix.com\/?s={search_term_string}\"},\"query-input\":{\"@type\":\"PropertyValueSpecification\",\"valueRequired\":true,\"valueName\":\"search_term_string\"}}],\"inLanguage\":\"es-ES\"},{\"@type\":\"Organization\",\"@id\":\"https:\/\/my.stlflix.com\/#organization\",\"name\":\"MyStore - By STLFLIX\",\"url\":\"https:\/\/my.stlflix.com\/\",\"logo\":{\"@type\":\"ImageObject\",\"inLanguage\":\"es-ES\",\"@id\":\"https:\/\/my.stlflix.com\/#\/schema\/logo\/image\/\",\"url\":\"https:\/\/my.stlflix.com\/wp-content\/uploads\/2024\/06\/logo-mystore.png\",\"contentUrl\":\"https:\/\/my.stlflix.com\/wp-content\/uploads\/2024\/06\/logo-mystore.png\",\"width\":150,\"height\":41,\"caption\":\"MyStore - By STLFLIX\"},\"image\":{\"@id\":\"https:\/\/my.stlflix.com\/#\/schema\/logo\/image\/\"},\"sameAs\":[\"https:\/\/www.facebook.com\/STLFLIX\",\"https:\/\/www.instagram.com\/stlflix_\/\",\"https:\/\/www.tiktok.com\/@stlflix\"]}]}<\/script>\n<!-- \/ Yoast SEO plugin. -->","yoast_head_json":{"title":"MiniMe Futebol - Personalizado - MyStore - By STLFLIX","robots":{"index":"index","follow":"follow","max-snippet":"max-snippet:-1","max-image-preview":"max-image-preview:large","max-video-preview":"max-video-preview:-1"},"canonical":"https:\/\/my.stlflix.com\/es\/product\/minime-soccer-player-6913ca0cb1f4f\/","og_locale":"es_ES","og_type":"article","og_title":"MiniMe Futebol - Personalizado - MyStore - By STLFLIX","og_description":"Transforme seu amor pelo esporte em arte! O MiniMe Futebol \u00e9 um bonequinho personalizado com o seu rosto (ou de quem voc\u00ea quiser) e corpo de jogador pronto para marcar o gol da emo\u00e7\u00e3o. \ud83d\udccf Tamanho aproximado: 8 cm\ud83d\udcb0 Pre\u00e7o: R$ 30,00 (somente corpo, caso j\u00e1 tenha a cabe\u00e7a) R$ 60,00 (corpo + cabe\u00e7a personalizada) [&hellip;]","og_url":"https:\/\/my.stlflix.com\/es\/product\/minime-soccer-player-6913ca0cb1f4f\/","og_site_name":"MyStore - By STLFLIX","article_publisher":"https:\/\/www.facebook.com\/STLFLIX","article_modified_time":"2025-11-11T23:52:13+00:00","og_image":[{"width":1078,"height":1350,"url":"https:\/\/my.stlflix.com\/wp-content\/uploads\/2025\/11\/cropped-1_f9ae6d2a39.jpg","type":"image\/jpeg"}],"twitter_card":"summary_large_image","twitter_misc":{"Est. reading time":"1 minute"},"schema":{"@context":"https:\/\/schema.org","@graph":[{"@type":"WebPage","@id":"https:\/\/my.stlflix.com\/es\/product\/minime-soccer-player-6913ca0cb1f4f\/","url":"https:\/\/my.stlflix.com\/es\/product\/minime-soccer-player-6913ca0cb1f4f\/","name":"MiniMe Futebol - Personalizado - MyStore - By STLFLIX","isPartOf":{"@id":"https:\/\/my.stlflix.com\/#website"},"primaryImageOfPage":{"@id":"https:\/\/my.stlflix.com\/es\/product\/minime-soccer-player-6913ca0cb1f4f\/#primaryimage"},"image":{"@id":"https:\/\/my.stlflix.com\/es\/product\/minime-soccer-player-6913ca0cb1f4f\/#primaryimage"},"thumbnailUrl":"https:\/\/my.stlflix.com\/wp-content\/uploads\/2025\/11\/cropped-1_f9ae6d2a39.jpg","datePublished":"2025-11-11T23:48:54+00:00","dateModified":"2025-11-11T23:52:13+00:00","breadcrumb":{"@id":"https:\/\/my.stlflix.com\/es\/product\/minime-soccer-player-6913ca0cb1f4f\/#breadcrumb"},"inLanguage":"es-ES","potentialAction":[{"@type":"ReadAction","target":["https:\/\/my.stlflix.com\/es\/product\/minime-soccer-player-6913ca0cb1f4f\/"]}]},{"@type":"ImageObject","inLanguage":"es-ES","@id":"https:\/\/my.stlflix.com\/es\/product\/minime-soccer-player-6913ca0cb1f4f\/#primaryimage","url":"https:\/\/my.stlflix.com\/wp-content\/uploads\/2025\/11\/cropped-1_f9ae6d2a39.jpg","contentUrl":"https:\/\/my.stlflix.com\/wp-content\/uploads\/2025\/11\/cropped-1_f9ae6d2a39.jpg","width":1078,"height":1350},{"@type":"BreadcrumbList","@id":"https:\/\/my.stlflix.com\/es\/product\/minime-soccer-player-6913ca0cb1f4f\/#breadcrumb","itemListElement":[{"@type":"ListItem","position":1,"name":"Home","item":"https:\/\/www.stlflix-store.com\/"},{"@type":"ListItem","position":2,"name":"Products","item":"https:\/\/www.stlflix-store.com\/shop\/"},{"@type":"ListItem","position":3,"name":"MiniMe Futebol &#8211; Personalizado"}]},{"@type":"WebSite","@id":"https:\/\/my.stlflix.com\/#website","url":"https:\/\/my.stlflix.com\/","name":"MyStore - By STLFLIX","description":"","publisher":{"@id":"https:\/\/my.stlflix.com\/#organization"},"potentialAction":[{"@type":"SearchAction","target":{"@type":"EntryPoint","urlTemplate":"https:\/\/my.stlflix.com\/?s={search_term_string}"},"query-input":{"@type":"PropertyValueSpecification","valueRequired":true,"valueName":"search_term_string"}}],"inLanguage":"es-ES"},{"@type":"Organization","@id":"https:\/\/my.stlflix.com\/#organization","name":"MyStore - By STLFLIX","url":"https:\/\/my.stlflix.com\/","logo":{"@type":"ImageObject","inLanguage":"es-ES","@id":"https:\/\/my.stlflix.com\/#\/schema\/logo\/image\/","url":"https:\/\/my.stlflix.com\/wp-content\/uploads\/2024\/06\/logo-mystore.png","contentUrl":"https:\/\/my.stlflix.com\/wp-content\/uploads\/2024\/06\/logo-mystore.png","width":150,"height":41,"caption":"MyStore - By STLFLIX"},"image":{"@id":"https:\/\/my.stlflix.com\/#\/schema\/logo\/image\/"},"sameAs":["https:\/\/www.facebook.com\/STLFLIX","https:\/\/www.instagram.com\/stlflix_\/","https:\/\/www.tiktok.com\/@stlflix"]}]}},"_links":{"self":[{"href":"https:\/\/my.stlflix.com\/es\/wp-json\/wp\/v2\/product\/472363","targetHints":{"allow":["GET"]}}],"collection":[{"href":"https:\/\/my.stlflix.com\/es\/wp-json\/wp\/v2\/product"}],"about":[{"href":"https:\/\/my.stlflix.com\/es\/wp-json\/wp\/v2\/types\/product"}],"replies":[{"embeddable":true,"href":"https:\/\/my.stlflix.com\/es\/wp-json\/wp\/v2\/comments?post=472363"}],"wp:featuredmedia":[{"embeddable":true,"href":"https:\/\/my.stlflix.com\/es\/wp-json\/wp\/v2\/media\/472371"}],"wp:attachment":[{"href":"https:\/\/my.stlflix.com\/es\/wp-json\/wp\/v2\/media?parent=472363"}],"wp:term":[{"taxonomy":"product_brand","embeddable":true,"href":"https:\/\/my.stlflix.com\/es\/wp-json\/wp\/v2\/product_brand?post=472363"},{"taxonomy":"product_cat","embeddable":true,"href":"https:\/\/my.stlflix.com\/es\/wp-json\/wp\/v2\/product_cat?post=472363"},{"taxonomy":"product_tag","embeddable":true,"href":"https:\/\/my.stlflix.com\/es\/wp-json\/wp\/v2\/product_tag?post=472363"}],"curies":[{"name":"wp","href":"https:\/\/api.w.org\/{rel}","templated":true}]}}