{"id":472882,"date":"2025-11-12T13:30:02","date_gmt":"2025-11-12T13:30:02","guid":{"rendered":"https:\/\/my.stlflix.com\/?post_type=product&#038;p=472882"},"modified":"2025-11-27T14:19:08","modified_gmt":"2025-11-27T14:19:08","slug":"plant-cell-69148b47a98aa","status":"publish","type":"product","link":"https:\/\/my.stlflix.com\/es\/product\/plant-cell-69148b47a98aa\/","title":{"rendered":"C\u00e9lula Vegetal"},"content":{"rendered":"<p><strong><span dir=\"auto\"><span dir=\"auto\" style=\"vertical-align: inherit\"><span dir=\"auto\" style=\"vertical-align: inherit\">DESCRI\u00c7\u00c3O DO MODELO 3D<\/span><\/span><\/span><\/strong><\/p>\n<p>&nbsp;<\/p>\n<p><span dir=\"auto\"><span dir=\"auto\" style=\"vertical-align: inherit\"><span dir=\"auto\" style=\"vertical-align: inherit\">\u00c9 assim que as plantas s\u00e3o feitas. Mas muito menores<\/span><\/span><\/span><\/p>\n<p><span dir=\"auto\" style=\"vertical-align: inherit\"><span dir=\"auto\" style=\"vertical-align: inherit\">este modelo s\u00e3o representados como estruturas celulares.<\/span><\/span><\/p>\n<p><span dir=\"auto\" style=\"vertical-align: inherit\"><span dir=\"auto\" style=\"vertical-align: inherit\">&#8211; Parede Celular: A parede celular \u00e9 uma camada externa de c\u00e9lula vegetal, composta por celulose, hemicelulose e pectina. Ela fornece suporte e estrutura \u00e0 c\u00e9lula. <\/span><\/span><br \/>\n<span dir=\"auto\" style=\"vertical-align: inherit\"><span dir=\"auto\" style=\"vertical-align: inherit\">&#8211; Membrana Plasm\u00e1tica: A membrana plasm\u00e1tica \u00e9 uma camada lipoproteica que envolve a c\u00e9lula e regula o movimento de subst\u00e2ncia para dentro e para fora da c\u00e9lula. <\/span><\/span><br \/>\n<span dir=\"auto\" style=\"vertical-align: inherit\"><span dir=\"auto\" style=\"vertical-align: inherit\">&#8211; Citoplasma: O citoplasma \u00e9 o fluido gelatinoso que preenche a c\u00e9lula e cont\u00e9m organelas e outras estruturas celulares. <\/span><\/span><br \/>\n<span dir=\"auto\" style=\"vertical-align: inherit\"><span dir=\"auto\" style=\"vertical-align: inherit\">&#8211; N\u00facleo: O n\u00facleo \u00e9 o centro de controle da c\u00e9lula, onde se encontra o DNA. <\/span><\/span><br \/>\n<span dir=\"auto\" style=\"vertical-align: inherit\"><span dir=\"auto\" style=\"vertical-align: inherit\">&#8211; Mitoc\u00f4ndrias: As mitoc\u00f4ndrias s\u00e3o as organelas respons\u00e1veis \u200b\u200bpela produ\u00e7\u00e3o de energia para a c\u00e9lula. <\/span><\/span><br \/>\n<span dir=\"auto\" style=\"vertical-align: inherit\"><span dir=\"auto\" style=\"vertical-align: inherit\">&#8211; Cloroplastos: Os cloroplastos s\u00e3o as organelas respons\u00e1veis \u200b\u200bpela fotoss\u00edntese, processadas pelo qual as plantas produzem energia a partir da luz solar. <\/span><\/span><br \/>\n<span dir=\"auto\" style=\"vertical-align: inherit\"><span dir=\"auto\" style=\"vertical-align: inherit\">&#8211; V\u00e1cuos: Os vac\u00faolos s\u00e3o estruturas que armazenam subst\u00e2ncias como \u00e1gua, sais e nutrientes.<\/span><\/span><\/p>\n","protected":false},"excerpt":{"rendered":"<p>DESCRI\u00c7\u00c3O DO MODELO 3D &nbsp; \u00c9 assim que as plantas s\u00e3o feitas. Mas muito menores este modelo s\u00e3o representados como estruturas celulares. &#8211; Parede Celular: A parede celular \u00e9 uma camada externa de c\u00e9lula vegetal, composta por celulose, hemicelulose e pectina. Ela fornece suporte e estrutura \u00e0 c\u00e9lula. &#8211; Membrana Plasm\u00e1tica: A membrana plasm\u00e1tica \u00e9 [&hellip;]<\/p>\n","protected":false},"featured_media":176,"comment_status":"open","ping_status":"closed","template":"","meta":[],"product_brand":[],"product_cat":[17],"product_tag":[632],"class_list":{"0":"post-472882","1":"product","2":"type-product","3":"status-publish","4":"has-post-thumbnail","6":"product_cat-educational","7":"product_tag-educational","9":"first","10":"instock","11":"shipping-taxable","12":"purchasable","13":"product-type-simple"},"yoast_head":"<!-- This site is optimized with the Yoast SEO plugin v25.1 - https:\/\/yoast.com\/wordpress\/plugins\/seo\/ -->\n<title>C\u00e9lula Vegetal - MyStore - By STLFLIX<\/title>\n<meta name=\"robots\" content=\"index, follow, max-snippet:-1, max-image-preview:large, max-video-preview:-1\" \/>\n<link rel=\"canonical\" href=\"https:\/\/www.monitorstlflix.online\/product\/plant-cell-69148b47a98aa\/\" \/>\n<meta property=\"og:locale\" content=\"es_ES\" \/>\n<meta property=\"og:type\" content=\"article\" \/>\n<meta property=\"og:title\" content=\"C\u00e9lula Vegetal - MyStore - By STLFLIX\" \/>\n<meta property=\"og:description\" content=\"DESCRI\u00c7\u00c3O DO MODELO 3D &nbsp; \u00c9 assim que as plantas s\u00e3o feitas. Mas muito menores este modelo s\u00e3o representados como estruturas celulares. &#8211; Parede Celular: A parede celular \u00e9 uma camada externa de c\u00e9lula vegetal, composta por celulose, hemicelulose e pectina. Ela fornece suporte e estrutura \u00e0 c\u00e9lula. &#8211; Membrana Plasm\u00e1tica: A membrana plasm\u00e1tica \u00e9 [&hellip;]\" \/>\n<meta property=\"og:url\" content=\"https:\/\/www.monitorstlflix.online\/product\/plant-cell-69148b47a98aa\/\" \/>\n<meta property=\"og:site_name\" content=\"MyStore - By STLFLIX\" \/>\n<meta property=\"article:publisher\" content=\"https:\/\/www.facebook.com\/STLFLIX\" \/>\n<meta property=\"article:modified_time\" content=\"2025-11-27T14:19:08+00:00\" \/>\n<meta property=\"og:image\" content=\"https:\/\/www.monitorstlflix.online\/wp-content\/uploads\/2024\/03\/Plant_Cell_thumb_d6f3cd2e7b-1.jpg\" \/>\n\t<meta property=\"og:image:width\" content=\"1080\" \/>\n\t<meta property=\"og:image:height\" content=\"1350\" \/>\n\t<meta property=\"og:image:type\" content=\"image\/jpeg\" \/>\n<meta name=\"twitter:card\" content=\"summary_large_image\" \/>\n<meta name=\"twitter:label1\" content=\"Est. reading time\" \/>\n\t<meta name=\"twitter:data1\" content=\"1 minute\" \/>\n<script type=\"application\/ld+json\" class=\"yoast-schema-graph\">{\"@context\":\"https:\/\/schema.org\",\"@graph\":[{\"@type\":\"WebPage\",\"@id\":\"https:\/\/www.monitorstlflix.online\/product\/plant-cell-69148b47a98aa\/\",\"url\":\"https:\/\/www.monitorstlflix.online\/product\/plant-cell-69148b47a98aa\/\",\"name\":\"C\u00e9lula Vegetal - MyStore - By STLFLIX\",\"isPartOf\":{\"@id\":\"https:\/\/my.stlflix.com\/#website\"},\"primaryImageOfPage\":{\"@id\":\"https:\/\/www.monitorstlflix.online\/product\/plant-cell-69148b47a98aa\/#primaryimage\"},\"image\":{\"@id\":\"https:\/\/www.monitorstlflix.online\/product\/plant-cell-69148b47a98aa\/#primaryimage\"},\"thumbnailUrl\":\"https:\/\/my.stlflix.com\/wp-content\/uploads\/2024\/03\/Plant_Cell_thumb_d6f3cd2e7b-1.jpg\",\"datePublished\":\"2025-11-12T13:30:02+00:00\",\"dateModified\":\"2025-11-27T14:19:08+00:00\",\"breadcrumb\":{\"@id\":\"https:\/\/www.monitorstlflix.online\/product\/plant-cell-69148b47a98aa\/#breadcrumb\"},\"inLanguage\":\"es-ES\",\"potentialAction\":[{\"@type\":\"ReadAction\",\"target\":[\"https:\/\/www.monitorstlflix.online\/product\/plant-cell-69148b47a98aa\/\"]}]},{\"@type\":\"ImageObject\",\"inLanguage\":\"es-ES\",\"@id\":\"https:\/\/www.monitorstlflix.online\/product\/plant-cell-69148b47a98aa\/#primaryimage\",\"url\":\"https:\/\/my.stlflix.com\/wp-content\/uploads\/2024\/03\/Plant_Cell_thumb_d6f3cd2e7b-1.jpg\",\"contentUrl\":\"https:\/\/my.stlflix.com\/wp-content\/uploads\/2024\/03\/Plant_Cell_thumb_d6f3cd2e7b-1.jpg\",\"width\":1080,\"height\":1350},{\"@type\":\"BreadcrumbList\",\"@id\":\"https:\/\/www.monitorstlflix.online\/product\/plant-cell-69148b47a98aa\/#breadcrumb\",\"itemListElement\":[{\"@type\":\"ListItem\",\"position\":1,\"name\":\"Home\",\"item\":\"https:\/\/www.stlflix-store.com\/\"},{\"@type\":\"ListItem\",\"position\":2,\"name\":\"Products\",\"item\":\"https:\/\/www.stlflix-store.com\/shop\/\"},{\"@type\":\"ListItem\",\"position\":3,\"name\":\"C\u00e9lula Vegetal\"}]},{\"@type\":\"WebSite\",\"@id\":\"https:\/\/my.stlflix.com\/#website\",\"url\":\"https:\/\/my.stlflix.com\/\",\"name\":\"MyStore - By STLFLIX\",\"description\":\"\",\"publisher\":{\"@id\":\"https:\/\/my.stlflix.com\/#organization\"},\"potentialAction\":[{\"@type\":\"SearchAction\",\"target\":{\"@type\":\"EntryPoint\",\"urlTemplate\":\"https:\/\/my.stlflix.com\/?s={search_term_string}\"},\"query-input\":{\"@type\":\"PropertyValueSpecification\",\"valueRequired\":true,\"valueName\":\"search_term_string\"}}],\"inLanguage\":\"es-ES\"},{\"@type\":\"Organization\",\"@id\":\"https:\/\/my.stlflix.com\/#organization\",\"name\":\"MyStore - By STLFLIX\",\"url\":\"https:\/\/my.stlflix.com\/\",\"logo\":{\"@type\":\"ImageObject\",\"inLanguage\":\"es-ES\",\"@id\":\"https:\/\/my.stlflix.com\/#\/schema\/logo\/image\/\",\"url\":\"https:\/\/my.stlflix.com\/wp-content\/uploads\/2024\/06\/logo-mystore.png\",\"contentUrl\":\"https:\/\/my.stlflix.com\/wp-content\/uploads\/2024\/06\/logo-mystore.png\",\"width\":150,\"height\":41,\"caption\":\"MyStore - By STLFLIX\"},\"image\":{\"@id\":\"https:\/\/my.stlflix.com\/#\/schema\/logo\/image\/\"},\"sameAs\":[\"https:\/\/www.facebook.com\/STLFLIX\",\"https:\/\/www.instagram.com\/stlflix_\/\",\"https:\/\/www.tiktok.com\/@stlflix\"]}]}<\/script>\n<!-- \/ Yoast SEO plugin. -->","yoast_head_json":{"title":"C\u00e9lula Vegetal - MyStore - By STLFLIX","robots":{"index":"index","follow":"follow","max-snippet":"max-snippet:-1","max-image-preview":"max-image-preview:large","max-video-preview":"max-video-preview:-1"},"canonical":"https:\/\/www.monitorstlflix.online\/product\/plant-cell-69148b47a98aa\/","og_locale":"es_ES","og_type":"article","og_title":"C\u00e9lula Vegetal - MyStore - By STLFLIX","og_description":"DESCRI\u00c7\u00c3O DO MODELO 3D &nbsp; \u00c9 assim que as plantas s\u00e3o feitas. Mas muito menores este modelo s\u00e3o representados como estruturas celulares. &#8211; Parede Celular: A parede celular \u00e9 uma camada externa de c\u00e9lula vegetal, composta por celulose, hemicelulose e pectina. Ela fornece suporte e estrutura \u00e0 c\u00e9lula. &#8211; Membrana Plasm\u00e1tica: A membrana plasm\u00e1tica \u00e9 [&hellip;]","og_url":"https:\/\/www.monitorstlflix.online\/product\/plant-cell-69148b47a98aa\/","og_site_name":"MyStore - By STLFLIX","article_publisher":"https:\/\/www.facebook.com\/STLFLIX","article_modified_time":"2025-11-27T14:19:08+00:00","og_image":[{"width":1080,"height":1350,"url":"https:\/\/www.monitorstlflix.online\/wp-content\/uploads\/2024\/03\/Plant_Cell_thumb_d6f3cd2e7b-1.jpg","type":"image\/jpeg"}],"twitter_card":"summary_large_image","twitter_misc":{"Est. reading time":"1 minute"},"schema":{"@context":"https:\/\/schema.org","@graph":[{"@type":"WebPage","@id":"https:\/\/www.monitorstlflix.online\/product\/plant-cell-69148b47a98aa\/","url":"https:\/\/www.monitorstlflix.online\/product\/plant-cell-69148b47a98aa\/","name":"C\u00e9lula Vegetal - MyStore - By STLFLIX","isPartOf":{"@id":"https:\/\/my.stlflix.com\/#website"},"primaryImageOfPage":{"@id":"https:\/\/www.monitorstlflix.online\/product\/plant-cell-69148b47a98aa\/#primaryimage"},"image":{"@id":"https:\/\/www.monitorstlflix.online\/product\/plant-cell-69148b47a98aa\/#primaryimage"},"thumbnailUrl":"https:\/\/my.stlflix.com\/wp-content\/uploads\/2024\/03\/Plant_Cell_thumb_d6f3cd2e7b-1.jpg","datePublished":"2025-11-12T13:30:02+00:00","dateModified":"2025-11-27T14:19:08+00:00","breadcrumb":{"@id":"https:\/\/www.monitorstlflix.online\/product\/plant-cell-69148b47a98aa\/#breadcrumb"},"inLanguage":"es-ES","potentialAction":[{"@type":"ReadAction","target":["https:\/\/www.monitorstlflix.online\/product\/plant-cell-69148b47a98aa\/"]}]},{"@type":"ImageObject","inLanguage":"es-ES","@id":"https:\/\/www.monitorstlflix.online\/product\/plant-cell-69148b47a98aa\/#primaryimage","url":"https:\/\/my.stlflix.com\/wp-content\/uploads\/2024\/03\/Plant_Cell_thumb_d6f3cd2e7b-1.jpg","contentUrl":"https:\/\/my.stlflix.com\/wp-content\/uploads\/2024\/03\/Plant_Cell_thumb_d6f3cd2e7b-1.jpg","width":1080,"height":1350},{"@type":"BreadcrumbList","@id":"https:\/\/www.monitorstlflix.online\/product\/plant-cell-69148b47a98aa\/#breadcrumb","itemListElement":[{"@type":"ListItem","position":1,"name":"Home","item":"https:\/\/www.stlflix-store.com\/"},{"@type":"ListItem","position":2,"name":"Products","item":"https:\/\/www.stlflix-store.com\/shop\/"},{"@type":"ListItem","position":3,"name":"C\u00e9lula Vegetal"}]},{"@type":"WebSite","@id":"https:\/\/my.stlflix.com\/#website","url":"https:\/\/my.stlflix.com\/","name":"MyStore - By STLFLIX","description":"","publisher":{"@id":"https:\/\/my.stlflix.com\/#organization"},"potentialAction":[{"@type":"SearchAction","target":{"@type":"EntryPoint","urlTemplate":"https:\/\/my.stlflix.com\/?s={search_term_string}"},"query-input":{"@type":"PropertyValueSpecification","valueRequired":true,"valueName":"search_term_string"}}],"inLanguage":"es-ES"},{"@type":"Organization","@id":"https:\/\/my.stlflix.com\/#organization","name":"MyStore - By STLFLIX","url":"https:\/\/my.stlflix.com\/","logo":{"@type":"ImageObject","inLanguage":"es-ES","@id":"https:\/\/my.stlflix.com\/#\/schema\/logo\/image\/","url":"https:\/\/my.stlflix.com\/wp-content\/uploads\/2024\/06\/logo-mystore.png","contentUrl":"https:\/\/my.stlflix.com\/wp-content\/uploads\/2024\/06\/logo-mystore.png","width":150,"height":41,"caption":"MyStore - By STLFLIX"},"image":{"@id":"https:\/\/my.stlflix.com\/#\/schema\/logo\/image\/"},"sameAs":["https:\/\/www.facebook.com\/STLFLIX","https:\/\/www.instagram.com\/stlflix_\/","https:\/\/www.tiktok.com\/@stlflix"]}]}},"_links":{"self":[{"href":"https:\/\/my.stlflix.com\/es\/wp-json\/wp\/v2\/product\/472882","targetHints":{"allow":["GET"]}}],"collection":[{"href":"https:\/\/my.stlflix.com\/es\/wp-json\/wp\/v2\/product"}],"about":[{"href":"https:\/\/my.stlflix.com\/es\/wp-json\/wp\/v2\/types\/product"}],"replies":[{"embeddable":true,"href":"https:\/\/my.stlflix.com\/es\/wp-json\/wp\/v2\/comments?post=472882"}],"wp:featuredmedia":[{"embeddable":true,"href":"https:\/\/my.stlflix.com\/es\/wp-json\/wp\/v2\/media\/176"}],"wp:attachment":[{"href":"https:\/\/my.stlflix.com\/es\/wp-json\/wp\/v2\/media?parent=472882"}],"wp:term":[{"taxonomy":"product_brand","embeddable":true,"href":"https:\/\/my.stlflix.com\/es\/wp-json\/wp\/v2\/product_brand?post=472882"},{"taxonomy":"product_cat","embeddable":true,"href":"https:\/\/my.stlflix.com\/es\/wp-json\/wp\/v2\/product_cat?post=472882"},{"taxonomy":"product_tag","embeddable":true,"href":"https:\/\/my.stlflix.com\/es\/wp-json\/wp\/v2\/product_tag?post=472882"}],"curies":[{"name":"wp","href":"https:\/\/api.w.org\/{rel}","templated":true}]}}