{"id":473391,"date":"2025-11-13T07:21:18","date_gmt":"2025-11-13T07:21:18","guid":{"rendered":"https:\/\/my.stlflix.com\/?post_type=product&#038;p=473391"},"modified":"2025-11-13T07:34:37","modified_gmt":"2025-11-13T07:34:37","slug":"sensenmannchen-suse-pause","status":"publish","type":"product","link":"https:\/\/my.stlflix.com\/es\/product\/sensenmannchen-suse-pause\/","title":{"rendered":"Sensenm\u00e4nnchen s\u00fc\u00dfe Pause"},"content":{"rendered":"<p>Das Sensenm\u00e4nnchen s\u00fc\u00dfe Pause verbindet d\u00fcstere Symbolik mit einer charmant verspielten Note. Die kleine Figur zeigt den Sensenmann in einem entspannten Moment, wodurch sie gleicherma\u00dfen mystisch wie liebenswert wirkt. Durch das detailreiche Design wird die Figur zu einem originellen Hingucker, der sowohl humorvolle als auch dekorative Akzente setzt. Dank der kompakten Gr\u00f6\u00dfe passt sie perfekt auf Schreibtische, Regale oder kann mit einem Schl\u00fcsselring sogar an Taschen befestigt werden. Damit eignet sie sich nicht nur als 3D-Druck Figur f\u00fcr Sammler, sondern auch als einzigartige Geschenkidee oder als kleine Dekofigur im Alltag.<\/p>\n<p>&nbsp;<\/p>\n<h3 data-start=\"825\" data-end=\"851\">Produktinformationen<\/h3>\n<ul data-start=\"852\" data-end=\"1078\">\n<li data-start=\"852\" data-end=\"895\">\n<p data-start=\"854\" data-end=\"895\"><strong data-start=\"854\" data-end=\"875\">Ma\u00dfe (H \u00d7 B \u00d7 T):<\/strong>\u00a0ca. 10 \u00d7 5 \u00d7 4 cm<\/p>\n<\/li>\n<li data-start=\"896\" data-end=\"921\">\n<p data-start=\"898\" data-end=\"921\"><strong data-start=\"898\" data-end=\"910\">Gewicht:<\/strong>\u00a0ca. 40 g<\/p>\n<\/li>\n<li data-start=\"922\" data-end=\"971\">\n<p data-start=\"924\" data-end=\"971\"><strong data-start=\"924\" data-end=\"937\">Material:<\/strong>\u00a0PLA aus erneuerbaren Rohstoffen<\/p>\n<\/li>\n<li data-start=\"972\" data-end=\"1078\">\n<p data-start=\"974\" data-end=\"1078\"><strong data-start=\"974\" data-end=\"999\">Einsatzm\u00f6glichkeiten:<\/strong>\u00a0Dekoration, Sammlerst\u00fcck, Geschenkidee, Schl\u00fcsselanh\u00e4nger, Taschenaccessoire<\/p>\n<\/li>\n<\/ul>\n<p data-start=\"1080\" data-end=\"1100\">Design von STLFlix<\/p>\n","protected":false},"excerpt":{"rendered":"<p>Das Sensenm\u00e4nnchen s\u00fc\u00dfe Pause verbindet d\u00fcstere Symbolik mit einer charmant verspielten Note. Die kleine Figur zeigt den Sensenmann in einem entspannten Moment, wodurch sie gleicherma\u00dfen mystisch wie liebenswert wirkt. Durch das detailreiche Design wird die Figur zu einem originellen Hingucker, der sowohl humorvolle als auch dekorative Akzente setzt. Dank der kompakten Gr\u00f6\u00dfe passt sie perfekt [&hellip;]<\/p>\n","protected":false},"featured_media":473392,"comment_status":"open","ping_status":"closed","template":"","meta":[],"product_brand":[],"product_cat":[15],"product_tag":[117,6967],"class_list":{"0":"post-473391","1":"product","2":"type-product","3":"status-publish","4":"has-post-thumbnail","6":"product_cat-uncategorized","7":"product_tag-halloween","8":"product_tag-sensenmannchen","10":"first","11":"instock","12":"purchasable","13":"product-type-simple"},"yoast_head":"<!-- This site is optimized with the Yoast SEO plugin v25.1 - https:\/\/yoast.com\/wordpress\/plugins\/seo\/ -->\n<title>Sensenm\u00e4nnchen s\u00fc\u00dfe Pause - 3D Druckbuddies<\/title>\n<meta name=\"robots\" content=\"index, follow, max-snippet:-1, max-image-preview:large, max-video-preview:-1\" \/>\n<link rel=\"canonical\" href=\"https:\/\/my.stlflix.com\/es\/product\/sensenmannchen-suse-pause\/\" \/>\n<meta property=\"og:locale\" content=\"es_ES\" \/>\n<meta property=\"og:type\" content=\"article\" \/>\n<meta property=\"og:title\" content=\"Sensenm\u00e4nnchen s\u00fc\u00dfe Pause - 3D Druckbuddies\" \/>\n<meta property=\"og:description\" content=\"Das Sensenm\u00e4nnchen s\u00fc\u00dfe Pause verbindet d\u00fcstere Symbolik mit einer charmant verspielten Note. Die kleine Figur zeigt den Sensenmann in einem entspannten Moment, wodurch sie gleicherma\u00dfen mystisch wie liebenswert wirkt. Durch das detailreiche Design wird die Figur zu einem originellen Hingucker, der sowohl humorvolle als auch dekorative Akzente setzt. Dank der kompakten Gr\u00f6\u00dfe passt sie perfekt [&hellip;]\" \/>\n<meta property=\"og:url\" content=\"https:\/\/my.stlflix.com\/es\/product\/sensenmannchen-suse-pause\/\" \/>\n<meta property=\"og:site_name\" content=\"MyStore - By STLFLIX\" \/>\n<meta property=\"article:publisher\" content=\"https:\/\/www.facebook.com\/STLFLIX\" \/>\n<meta property=\"article:modified_time\" content=\"2025-11-13T07:34:37+00:00\" \/>\n<meta property=\"og:image\" content=\"https:\/\/my.stlflix.com\/wp-content\/uploads\/2025\/11\/Sweet_Rest_1_6208fb61ac.jpg\" \/>\n\t<meta property=\"og:image:width\" content=\"1080\" \/>\n\t<meta property=\"og:image:height\" content=\"1350\" \/>\n\t<meta property=\"og:image:type\" content=\"image\/jpeg\" \/>\n<meta name=\"twitter:card\" content=\"summary_large_image\" \/>\n<meta name=\"twitter:label1\" content=\"Est. reading time\" \/>\n\t<meta name=\"twitter:data1\" content=\"1 minute\" \/>\n<script type=\"application\/ld+json\" class=\"yoast-schema-graph\">{\"@context\":\"https:\/\/schema.org\",\"@graph\":[{\"@type\":\"WebPage\",\"@id\":\"https:\/\/my.stlflix.com\/es\/product\/sensenmannchen-suse-pause\/\",\"url\":\"https:\/\/my.stlflix.com\/es\/product\/sensenmannchen-suse-pause\/\",\"name\":\"Sensenm\u00e4nnchen s\u00fc\u00dfe Pause - 3D Druckbuddies\",\"isPartOf\":{\"@id\":\"https:\/\/www.monitorstlflix.com\/#website\"},\"primaryImageOfPage\":{\"@id\":\"https:\/\/my.stlflix.com\/es\/product\/sensenmannchen-suse-pause\/#primaryimage\"},\"image\":{\"@id\":\"https:\/\/my.stlflix.com\/es\/product\/sensenmannchen-suse-pause\/#primaryimage\"},\"thumbnailUrl\":\"https:\/\/my.stlflix.com\/wp-content\/uploads\/2025\/11\/Sweet_Rest_1_6208fb61ac.jpg\",\"datePublished\":\"2025-11-13T07:21:18+00:00\",\"dateModified\":\"2025-11-13T07:34:37+00:00\",\"breadcrumb\":{\"@id\":\"https:\/\/my.stlflix.com\/es\/product\/sensenmannchen-suse-pause\/#breadcrumb\"},\"inLanguage\":\"es-ES\",\"potentialAction\":[{\"@type\":\"ReadAction\",\"target\":[\"https:\/\/my.stlflix.com\/es\/product\/sensenmannchen-suse-pause\/\"]}]},{\"@type\":\"ImageObject\",\"inLanguage\":\"es-ES\",\"@id\":\"https:\/\/my.stlflix.com\/es\/product\/sensenmannchen-suse-pause\/#primaryimage\",\"url\":\"https:\/\/my.stlflix.com\/wp-content\/uploads\/2025\/11\/Sweet_Rest_1_6208fb61ac.jpg\",\"contentUrl\":\"https:\/\/my.stlflix.com\/wp-content\/uploads\/2025\/11\/Sweet_Rest_1_6208fb61ac.jpg\",\"width\":1080,\"height\":1350},{\"@type\":\"BreadcrumbList\",\"@id\":\"https:\/\/my.stlflix.com\/es\/product\/sensenmannchen-suse-pause\/#breadcrumb\",\"itemListElement\":[{\"@type\":\"ListItem\",\"position\":1,\"name\":\"Home\",\"item\":\"https:\/\/www.monitorstlflix.online\/\"},{\"@type\":\"ListItem\",\"position\":2,\"name\":\"Products\",\"item\":\"https:\/\/www.testeminhalojamandela.biz\/shop\/\"},{\"@type\":\"ListItem\",\"position\":3,\"name\":\"Sensenm\u00e4nnchen s\u00fc\u00dfe Pause\"}]},{\"@type\":\"WebSite\",\"@id\":\"https:\/\/www.monitorstlflix.com\/#website\",\"url\":\"https:\/\/www.monitorstlflix.com\/\",\"name\":\"MyStore - By STLFLIX\",\"description\":\"\",\"publisher\":{\"@id\":\"https:\/\/www.monitorstlflix.com\/#organization\"},\"potentialAction\":[{\"@type\":\"SearchAction\",\"target\":{\"@type\":\"EntryPoint\",\"urlTemplate\":\"https:\/\/www.monitorstlflix.com\/?s={search_term_string}\"},\"query-input\":{\"@type\":\"PropertyValueSpecification\",\"valueRequired\":true,\"valueName\":\"search_term_string\"}}],\"inLanguage\":\"es-ES\"},{\"@type\":\"Organization\",\"@id\":\"https:\/\/www.monitorstlflix.com\/#organization\",\"name\":\"MyStore - By STLFLIX\",\"url\":\"https:\/\/www.monitorstlflix.com\/\",\"logo\":{\"@type\":\"ImageObject\",\"inLanguage\":\"es-ES\",\"@id\":\"https:\/\/www.monitorstlflix.com\/#\/schema\/logo\/image\/\",\"url\":\"https:\/\/my.stlflix.com\/wp-content\/uploads\/2024\/06\/logo-mystore.png\",\"contentUrl\":\"https:\/\/my.stlflix.com\/wp-content\/uploads\/2024\/06\/logo-mystore.png\",\"width\":150,\"height\":41,\"caption\":\"MyStore - By STLFLIX\"},\"image\":{\"@id\":\"https:\/\/www.monitorstlflix.com\/#\/schema\/logo\/image\/\"},\"sameAs\":[\"https:\/\/www.facebook.com\/STLFLIX\",\"https:\/\/www.instagram.com\/stlflix_\/\",\"https:\/\/www.tiktok.com\/@stlflix\"]}]}<\/script>\n<!-- \/ Yoast SEO plugin. -->","yoast_head_json":{"title":"Sensenm\u00e4nnchen s\u00fc\u00dfe Pause - 3D Druckbuddies","robots":{"index":"index","follow":"follow","max-snippet":"max-snippet:-1","max-image-preview":"max-image-preview:large","max-video-preview":"max-video-preview:-1"},"canonical":"https:\/\/my.stlflix.com\/es\/product\/sensenmannchen-suse-pause\/","og_locale":"es_ES","og_type":"article","og_title":"Sensenm\u00e4nnchen s\u00fc\u00dfe Pause - 3D Druckbuddies","og_description":"Das Sensenm\u00e4nnchen s\u00fc\u00dfe Pause verbindet d\u00fcstere Symbolik mit einer charmant verspielten Note. Die kleine Figur zeigt den Sensenmann in einem entspannten Moment, wodurch sie gleicherma\u00dfen mystisch wie liebenswert wirkt. Durch das detailreiche Design wird die Figur zu einem originellen Hingucker, der sowohl humorvolle als auch dekorative Akzente setzt. Dank der kompakten Gr\u00f6\u00dfe passt sie perfekt [&hellip;]","og_url":"https:\/\/my.stlflix.com\/es\/product\/sensenmannchen-suse-pause\/","og_site_name":"MyStore - By STLFLIX","article_publisher":"https:\/\/www.facebook.com\/STLFLIX","article_modified_time":"2025-11-13T07:34:37+00:00","og_image":[{"width":1080,"height":1350,"url":"https:\/\/my.stlflix.com\/wp-content\/uploads\/2025\/11\/Sweet_Rest_1_6208fb61ac.jpg","type":"image\/jpeg"}],"twitter_card":"summary_large_image","twitter_misc":{"Est. reading time":"1 minute"},"schema":{"@context":"https:\/\/schema.org","@graph":[{"@type":"WebPage","@id":"https:\/\/my.stlflix.com\/es\/product\/sensenmannchen-suse-pause\/","url":"https:\/\/my.stlflix.com\/es\/product\/sensenmannchen-suse-pause\/","name":"Sensenm\u00e4nnchen s\u00fc\u00dfe Pause - 3D Druckbuddies","isPartOf":{"@id":"https:\/\/www.monitorstlflix.com\/#website"},"primaryImageOfPage":{"@id":"https:\/\/my.stlflix.com\/es\/product\/sensenmannchen-suse-pause\/#primaryimage"},"image":{"@id":"https:\/\/my.stlflix.com\/es\/product\/sensenmannchen-suse-pause\/#primaryimage"},"thumbnailUrl":"https:\/\/my.stlflix.com\/wp-content\/uploads\/2025\/11\/Sweet_Rest_1_6208fb61ac.jpg","datePublished":"2025-11-13T07:21:18+00:00","dateModified":"2025-11-13T07:34:37+00:00","breadcrumb":{"@id":"https:\/\/my.stlflix.com\/es\/product\/sensenmannchen-suse-pause\/#breadcrumb"},"inLanguage":"es-ES","potentialAction":[{"@type":"ReadAction","target":["https:\/\/my.stlflix.com\/es\/product\/sensenmannchen-suse-pause\/"]}]},{"@type":"ImageObject","inLanguage":"es-ES","@id":"https:\/\/my.stlflix.com\/es\/product\/sensenmannchen-suse-pause\/#primaryimage","url":"https:\/\/my.stlflix.com\/wp-content\/uploads\/2025\/11\/Sweet_Rest_1_6208fb61ac.jpg","contentUrl":"https:\/\/my.stlflix.com\/wp-content\/uploads\/2025\/11\/Sweet_Rest_1_6208fb61ac.jpg","width":1080,"height":1350},{"@type":"BreadcrumbList","@id":"https:\/\/my.stlflix.com\/es\/product\/sensenmannchen-suse-pause\/#breadcrumb","itemListElement":[{"@type":"ListItem","position":1,"name":"Home","item":"https:\/\/www.monitorstlflix.online\/"},{"@type":"ListItem","position":2,"name":"Products","item":"https:\/\/www.testeminhalojamandela.biz\/shop\/"},{"@type":"ListItem","position":3,"name":"Sensenm\u00e4nnchen s\u00fc\u00dfe Pause"}]},{"@type":"WebSite","@id":"https:\/\/www.monitorstlflix.com\/#website","url":"https:\/\/www.monitorstlflix.com\/","name":"MyStore - By STLFLIX","description":"","publisher":{"@id":"https:\/\/www.monitorstlflix.com\/#organization"},"potentialAction":[{"@type":"SearchAction","target":{"@type":"EntryPoint","urlTemplate":"https:\/\/www.monitorstlflix.com\/?s={search_term_string}"},"query-input":{"@type":"PropertyValueSpecification","valueRequired":true,"valueName":"search_term_string"}}],"inLanguage":"es-ES"},{"@type":"Organization","@id":"https:\/\/www.monitorstlflix.com\/#organization","name":"MyStore - By STLFLIX","url":"https:\/\/www.monitorstlflix.com\/","logo":{"@type":"ImageObject","inLanguage":"es-ES","@id":"https:\/\/www.monitorstlflix.com\/#\/schema\/logo\/image\/","url":"https:\/\/my.stlflix.com\/wp-content\/uploads\/2024\/06\/logo-mystore.png","contentUrl":"https:\/\/my.stlflix.com\/wp-content\/uploads\/2024\/06\/logo-mystore.png","width":150,"height":41,"caption":"MyStore - By STLFLIX"},"image":{"@id":"https:\/\/www.monitorstlflix.com\/#\/schema\/logo\/image\/"},"sameAs":["https:\/\/www.facebook.com\/STLFLIX","https:\/\/www.instagram.com\/stlflix_\/","https:\/\/www.tiktok.com\/@stlflix"]}]}},"_links":{"self":[{"href":"https:\/\/my.stlflix.com\/es\/wp-json\/wp\/v2\/product\/473391","targetHints":{"allow":["GET"]}}],"collection":[{"href":"https:\/\/my.stlflix.com\/es\/wp-json\/wp\/v2\/product"}],"about":[{"href":"https:\/\/my.stlflix.com\/es\/wp-json\/wp\/v2\/types\/product"}],"replies":[{"embeddable":true,"href":"https:\/\/my.stlflix.com\/es\/wp-json\/wp\/v2\/comments?post=473391"}],"wp:featuredmedia":[{"embeddable":true,"href":"https:\/\/my.stlflix.com\/es\/wp-json\/wp\/v2\/media\/473392"}],"wp:attachment":[{"href":"https:\/\/my.stlflix.com\/es\/wp-json\/wp\/v2\/media?parent=473391"}],"wp:term":[{"taxonomy":"product_brand","embeddable":true,"href":"https:\/\/my.stlflix.com\/es\/wp-json\/wp\/v2\/product_brand?post=473391"},{"taxonomy":"product_cat","embeddable":true,"href":"https:\/\/my.stlflix.com\/es\/wp-json\/wp\/v2\/product_cat?post=473391"},{"taxonomy":"product_tag","embeddable":true,"href":"https:\/\/my.stlflix.com\/es\/wp-json\/wp\/v2\/product_tag?post=473391"}],"curies":[{"name":"wp","href":"https:\/\/api.w.org\/{rel}","templated":true}]}}