{"id":477708,"date":"2025-11-17T23:17:07","date_gmt":"2025-11-17T23:17:07","guid":{"rendered":"https:\/\/my.stlflix.com\/?post_type=product&#038;p=477708"},"modified":"2025-11-17T23:50:11","modified_gmt":"2025-11-17T23:50:11","slug":"eagon-milvenin-hero-691ba9df02cdd","status":"publish","type":"product","link":"https:\/\/my.stlflix.com\/es\/product\/eagon-milvenin-hero-691ba9df02cdd\/","title":{"rendered":"Miniatura para RPG &#8211; Eagon Milvenin (Cole\u00e7\u00e3o Graveyard Of Sorrows) &#8211; Sem Pintar &#8211; 32mm, 75mm &amp; Busto"},"content":{"rendered":"<p data-start=\"144\" data-end=\"192\">\ud83e\udeb6\u00a0<strong data-start=\"147\" data-end=\"190\">A calma antes da tempestade de flechas!<\/strong><\/p>\n<p data-start=\"194\" data-end=\"741\">Com uma precis\u00e3o mortal e uma mente afiada como suas flechas,\u00a0<strong data-start=\"256\" data-end=\"274\">Eagon Milvenin<\/strong>\u00a0\u00e9 o arqueiro silencioso que espera pacientemente pela hora certa de atacar. Seu foco \u00e9 a dist\u00e2ncia, aguardando que sua presa se coloque exatamente onde ele deseja, para ent\u00e3o lan\u00e7ar suas flechas com for\u00e7a imensur\u00e1vel.<br data-start=\"492\" data-end=\"495\" \/>Eagon \u00e9 um exemplo vivo de que inimigos invis\u00edveis s\u00e3o os mais mortais. Quando decidiu seguir sua irm\u00e3 g\u00eamea,\u00a0<strong data-start=\"605\" data-end=\"614\">Maude<\/strong>, at\u00e9 o\u00a0<strong data-start=\"622\" data-end=\"649\">Cemit\u00e9rio das Tristezas<\/strong>, ele jurou, com seu arco em m\u00e3os, que\u00a0<strong data-start=\"688\" data-end=\"699\">Abeloth<\/strong>\u00a0cairia antes de perceber o que aconteceu.<\/p>\n<p data-start=\"743\" data-end=\"1036\">Esta\u00a0<strong data-start=\"748\" data-end=\"771\">miniatura detalhada<\/strong>\u00a0retrata o\u00a0<strong data-start=\"782\" data-end=\"801\">mestre arqueiro<\/strong>, pronto para ser integrado em suas aventuras de RPG ou servir como uma imersiva pe\u00e7a de cole\u00e7\u00e3o. Dispon\u00edvel nos tamanhos\u00a0<strong data-start=\"923\" data-end=\"945\">32mm, 75mm e busto<\/strong>, \u00e9 uma escolha ideal para quem busca personagens astutos e trai\u00e7oeiros nas suas campanhas.<\/p>\n<p><strong>Miniatura M\u00e9dia:\u00a0<\/strong>32mm<\/p>\n<p><strong>Miniatura Grande:\u00a0<\/strong>75mm<\/p>\n<p><strong>ATEN\u00c7\u00c3O AOS DETALHES:<\/strong><\/p>\n<p>&#8211; Voc\u00ea receber\u00e1 uma miniatura desmontada, com base e sem primer.<\/p>\n<p>&#8211; Pe\u00e7as impressas sob demanda, com prazo adicional de entrega de 5 DIAS \u00daTEIS.<\/p>\n<p>&#8211; Pode conter linhas e marcas caracter\u00edsticas da impress\u00e3o 3D.<\/p>\n<p>&#8211; Caso queira algum produto com tamanho, cor ou personaliza\u00e7\u00e3o diferente, entre em contato que iremos analisar as possibilidades e criar algo exclusivo para voc\u00ea.<\/p>\n<p><strong>Seguimos a escala padr\u00e3o para ALTURA TOTAL da pe\u00e7a, confira:<\/strong><\/p>\n<p>Miniaturas M\u00e9dias: de 28mm at\u00e9 35mm<\/p>\n<p>Miniaturas Grandes: de 36mm at\u00e9 60mm<\/p>\n<p>Miniaturas Enormes: de 61mm at\u00e9 80mm<\/p>\n<p>Miniaturas Gargantuais: maiores que 81mm<\/p>\n<p><strong>Cole\u00e7\u00e3o:\u00a0<\/strong><strong>The Carnival of the Shattered<\/strong><\/p>\n","protected":false},"excerpt":{"rendered":"<p>\ud83e\udeb6\u00a0A calma antes da tempestade de flechas! Com uma precis\u00e3o mortal e uma mente afiada como suas flechas,\u00a0Eagon Milvenin\u00a0\u00e9 o arqueiro silencioso que espera pacientemente pela hora certa de atacar. Seu foco \u00e9 a dist\u00e2ncia, aguardando que sua presa se coloque exatamente onde ele deseja, para ent\u00e3o lan\u00e7ar suas flechas com for\u00e7a imensur\u00e1vel.Eagon \u00e9 um [&hellip;]<\/p>\n","protected":false},"featured_media":7280,"comment_status":"open","ping_status":"closed","template":"","meta":[],"product_brand":[],"product_cat":[45],"product_tag":[6987,6390,6988,6989,6392,6986,6990],"class_list":{"0":"post-477708","1":"product","2":"type-product","3":"status-publish","4":"has-post-thumbnail","6":"product_cat-cripta-studios","7":"product_tag-32mm","8":"product_tag-75mm-miniature","9":"product_tag-bust-2","10":"product_tag-colecoes","11":"product_tag-display-miniature","12":"product_tag-miniaturas-2","13":"product_tag-the-carnival-of-the-shattered-2","15":"first","16":"instock","17":"purchasable","18":"product-type-variable","19":"has-default-attributes"},"yoast_head":"<!-- This site is optimized with the Yoast SEO plugin v25.1 - https:\/\/yoast.com\/wordpress\/plugins\/seo\/ -->\n<title>Miniatura para RPG - Eagon Milvenin (Cole\u00e7\u00e3o Graveyard Of Sorrows) - Sem Pintar - 32mm, 75mm &amp; Busto - MyStore - By STLFLIX<\/title>\n<meta name=\"description\" content=\"Descubra a miniatura Eagon Milvenin, perfeita para RPG! Detalhes incr\u00edveis e tamanhos variados, ideal para personalizar sua aventura. Adquira j\u00e1!\" \/>\n<meta name=\"robots\" content=\"index, follow, max-snippet:-1, max-image-preview:large, max-video-preview:-1\" \/>\n<link rel=\"canonical\" href=\"https:\/\/www.stlflix-store.com\/product\/eagon-milvenin-hero-691ba9df02cdd\/\" \/>\n<meta property=\"og:locale\" content=\"es_ES\" \/>\n<meta property=\"og:type\" content=\"article\" \/>\n<meta property=\"og:title\" content=\"Miniatura para RPG - Eagon Milvenin (Cole\u00e7\u00e3o Graveyard Of Sorrows) - Sem Pintar - 32mm, 75mm &amp; Busto - MyStore - By STLFLIX\" \/>\n<meta property=\"og:description\" content=\"Descubra a miniatura Eagon Milvenin, perfeita para RPG! Detalhes incr\u00edveis e tamanhos variados, ideal para personalizar sua aventura. Adquira j\u00e1!\" \/>\n<meta property=\"og:url\" content=\"https:\/\/www.stlflix-store.com\/product\/eagon-milvenin-hero-691ba9df02cdd\/\" \/>\n<meta property=\"og:site_name\" content=\"MyStore - By STLFLIX\" \/>\n<meta property=\"article:publisher\" content=\"https:\/\/www.facebook.com\/STLFLIX\" \/>\n<meta property=\"article:modified_time\" content=\"2025-11-17T23:50:11+00:00\" \/>\n<meta property=\"og:image\" content=\"https:\/\/www.stlflix-store.com\/wp-content\/uploads\/2024\/03\/FEED_7183c8478e.jpg\" \/>\n\t<meta property=\"og:image:width\" content=\"1079\" \/>\n\t<meta property=\"og:image:height\" content=\"1350\" \/>\n\t<meta property=\"og:image:type\" content=\"image\/jpeg\" \/>\n<meta name=\"twitter:card\" content=\"summary_large_image\" \/>\n<meta name=\"twitter:label1\" content=\"Est. reading time\" \/>\n\t<meta name=\"twitter:data1\" content=\"1 minute\" \/>\n<script type=\"application\/ld+json\" class=\"yoast-schema-graph\">{\"@context\":\"https:\/\/schema.org\",\"@graph\":[{\"@type\":\"WebPage\",\"@id\":\"https:\/\/www.stlflix-store.com\/product\/eagon-milvenin-hero-691ba9df02cdd\/\",\"url\":\"https:\/\/www.stlflix-store.com\/product\/eagon-milvenin-hero-691ba9df02cdd\/\",\"name\":\"Miniatura para RPG - Eagon Milvenin (Cole\u00e7\u00e3o Graveyard Of Sorrows) - Sem Pintar - 32mm, 75mm &amp; Busto - MyStore - By STLFLIX\",\"isPartOf\":{\"@id\":\"https:\/\/my.stlflix.com\/#website\"},\"primaryImageOfPage\":{\"@id\":\"https:\/\/www.stlflix-store.com\/product\/eagon-milvenin-hero-691ba9df02cdd\/#primaryimage\"},\"image\":{\"@id\":\"https:\/\/www.stlflix-store.com\/product\/eagon-milvenin-hero-691ba9df02cdd\/#primaryimage\"},\"thumbnailUrl\":\"https:\/\/my.stlflix.com\/wp-content\/uploads\/2024\/03\/FEED_7183c8478e.jpg\",\"datePublished\":\"2025-11-17T23:17:07+00:00\",\"dateModified\":\"2025-11-17T23:50:11+00:00\",\"description\":\"Descubra a miniatura Eagon Milvenin, perfeita para RPG! Detalhes incr\u00edveis e tamanhos variados, ideal para personalizar sua aventura. Adquira j\u00e1!\",\"breadcrumb\":{\"@id\":\"https:\/\/www.stlflix-store.com\/product\/eagon-milvenin-hero-691ba9df02cdd\/#breadcrumb\"},\"inLanguage\":\"es-ES\",\"potentialAction\":[{\"@type\":\"ReadAction\",\"target\":[\"https:\/\/www.stlflix-store.com\/product\/eagon-milvenin-hero-691ba9df02cdd\/\"]}]},{\"@type\":\"ImageObject\",\"inLanguage\":\"es-ES\",\"@id\":\"https:\/\/www.stlflix-store.com\/product\/eagon-milvenin-hero-691ba9df02cdd\/#primaryimage\",\"url\":\"https:\/\/my.stlflix.com\/wp-content\/uploads\/2024\/03\/FEED_7183c8478e.jpg\",\"contentUrl\":\"https:\/\/my.stlflix.com\/wp-content\/uploads\/2024\/03\/FEED_7183c8478e.jpg\",\"width\":1079,\"height\":1350},{\"@type\":\"BreadcrumbList\",\"@id\":\"https:\/\/www.stlflix-store.com\/product\/eagon-milvenin-hero-691ba9df02cdd\/#breadcrumb\",\"itemListElement\":[{\"@type\":\"ListItem\",\"position\":1,\"name\":\"Home\",\"item\":\"https:\/\/www.stlflix-store.com\/\"},{\"@type\":\"ListItem\",\"position\":2,\"name\":\"Products\",\"item\":\"https:\/\/www.stlflix-store.com\/shop\/\"},{\"@type\":\"ListItem\",\"position\":3,\"name\":\"Miniatura para RPG &#8211; Eagon Milvenin (Cole\u00e7\u00e3o Graveyard Of Sorrows) &#8211; Sem Pintar &#8211; 32mm, 75mm &amp; Busto\"}]},{\"@type\":\"WebSite\",\"@id\":\"https:\/\/my.stlflix.com\/#website\",\"url\":\"https:\/\/my.stlflix.com\/\",\"name\":\"MyStore - By STLFLIX\",\"description\":\"\",\"publisher\":{\"@id\":\"https:\/\/my.stlflix.com\/#organization\"},\"potentialAction\":[{\"@type\":\"SearchAction\",\"target\":{\"@type\":\"EntryPoint\",\"urlTemplate\":\"https:\/\/my.stlflix.com\/?s={search_term_string}\"},\"query-input\":{\"@type\":\"PropertyValueSpecification\",\"valueRequired\":true,\"valueName\":\"search_term_string\"}}],\"inLanguage\":\"es-ES\"},{\"@type\":\"Organization\",\"@id\":\"https:\/\/my.stlflix.com\/#organization\",\"name\":\"MyStore - By STLFLIX\",\"url\":\"https:\/\/my.stlflix.com\/\",\"logo\":{\"@type\":\"ImageObject\",\"inLanguage\":\"es-ES\",\"@id\":\"https:\/\/my.stlflix.com\/#\/schema\/logo\/image\/\",\"url\":\"https:\/\/my.stlflix.com\/wp-content\/uploads\/2024\/06\/logo-mystore.png\",\"contentUrl\":\"https:\/\/my.stlflix.com\/wp-content\/uploads\/2024\/06\/logo-mystore.png\",\"width\":150,\"height\":41,\"caption\":\"MyStore - By STLFLIX\"},\"image\":{\"@id\":\"https:\/\/my.stlflix.com\/#\/schema\/logo\/image\/\"},\"sameAs\":[\"https:\/\/www.facebook.com\/STLFLIX\",\"https:\/\/www.instagram.com\/stlflix_\/\",\"https:\/\/www.tiktok.com\/@stlflix\"]}]}<\/script>\n<!-- \/ Yoast SEO plugin. -->","yoast_head_json":{"title":"Miniatura para RPG - Eagon Milvenin (Cole\u00e7\u00e3o Graveyard Of Sorrows) - Sem Pintar - 32mm, 75mm &amp; Busto - MyStore - By STLFLIX","description":"Descubra a miniatura Eagon Milvenin, perfeita para RPG! Detalhes incr\u00edveis e tamanhos variados, ideal para personalizar sua aventura. Adquira j\u00e1!","robots":{"index":"index","follow":"follow","max-snippet":"max-snippet:-1","max-image-preview":"max-image-preview:large","max-video-preview":"max-video-preview:-1"},"canonical":"https:\/\/www.stlflix-store.com\/product\/eagon-milvenin-hero-691ba9df02cdd\/","og_locale":"es_ES","og_type":"article","og_title":"Miniatura para RPG - Eagon Milvenin (Cole\u00e7\u00e3o Graveyard Of Sorrows) - Sem Pintar - 32mm, 75mm &amp; Busto - MyStore - By STLFLIX","og_description":"Descubra a miniatura Eagon Milvenin, perfeita para RPG! Detalhes incr\u00edveis e tamanhos variados, ideal para personalizar sua aventura. Adquira j\u00e1!","og_url":"https:\/\/www.stlflix-store.com\/product\/eagon-milvenin-hero-691ba9df02cdd\/","og_site_name":"MyStore - By STLFLIX","article_publisher":"https:\/\/www.facebook.com\/STLFLIX","article_modified_time":"2025-11-17T23:50:11+00:00","og_image":[{"width":1079,"height":1350,"url":"https:\/\/www.stlflix-store.com\/wp-content\/uploads\/2024\/03\/FEED_7183c8478e.jpg","type":"image\/jpeg"}],"twitter_card":"summary_large_image","twitter_misc":{"Est. reading time":"1 minute"},"schema":{"@context":"https:\/\/schema.org","@graph":[{"@type":"WebPage","@id":"https:\/\/www.stlflix-store.com\/product\/eagon-milvenin-hero-691ba9df02cdd\/","url":"https:\/\/www.stlflix-store.com\/product\/eagon-milvenin-hero-691ba9df02cdd\/","name":"Miniatura para RPG - Eagon Milvenin (Cole\u00e7\u00e3o Graveyard Of Sorrows) - Sem Pintar - 32mm, 75mm &amp; Busto - MyStore - By STLFLIX","isPartOf":{"@id":"https:\/\/my.stlflix.com\/#website"},"primaryImageOfPage":{"@id":"https:\/\/www.stlflix-store.com\/product\/eagon-milvenin-hero-691ba9df02cdd\/#primaryimage"},"image":{"@id":"https:\/\/www.stlflix-store.com\/product\/eagon-milvenin-hero-691ba9df02cdd\/#primaryimage"},"thumbnailUrl":"https:\/\/my.stlflix.com\/wp-content\/uploads\/2024\/03\/FEED_7183c8478e.jpg","datePublished":"2025-11-17T23:17:07+00:00","dateModified":"2025-11-17T23:50:11+00:00","description":"Descubra a miniatura Eagon Milvenin, perfeita para RPG! Detalhes incr\u00edveis e tamanhos variados, ideal para personalizar sua aventura. Adquira j\u00e1!","breadcrumb":{"@id":"https:\/\/www.stlflix-store.com\/product\/eagon-milvenin-hero-691ba9df02cdd\/#breadcrumb"},"inLanguage":"es-ES","potentialAction":[{"@type":"ReadAction","target":["https:\/\/www.stlflix-store.com\/product\/eagon-milvenin-hero-691ba9df02cdd\/"]}]},{"@type":"ImageObject","inLanguage":"es-ES","@id":"https:\/\/www.stlflix-store.com\/product\/eagon-milvenin-hero-691ba9df02cdd\/#primaryimage","url":"https:\/\/my.stlflix.com\/wp-content\/uploads\/2024\/03\/FEED_7183c8478e.jpg","contentUrl":"https:\/\/my.stlflix.com\/wp-content\/uploads\/2024\/03\/FEED_7183c8478e.jpg","width":1079,"height":1350},{"@type":"BreadcrumbList","@id":"https:\/\/www.stlflix-store.com\/product\/eagon-milvenin-hero-691ba9df02cdd\/#breadcrumb","itemListElement":[{"@type":"ListItem","position":1,"name":"Home","item":"https:\/\/www.stlflix-store.com\/"},{"@type":"ListItem","position":2,"name":"Products","item":"https:\/\/www.stlflix-store.com\/shop\/"},{"@type":"ListItem","position":3,"name":"Miniatura para RPG &#8211; Eagon Milvenin (Cole\u00e7\u00e3o Graveyard Of Sorrows) &#8211; Sem Pintar &#8211; 32mm, 75mm &amp; Busto"}]},{"@type":"WebSite","@id":"https:\/\/my.stlflix.com\/#website","url":"https:\/\/my.stlflix.com\/","name":"MyStore - By STLFLIX","description":"","publisher":{"@id":"https:\/\/my.stlflix.com\/#organization"},"potentialAction":[{"@type":"SearchAction","target":{"@type":"EntryPoint","urlTemplate":"https:\/\/my.stlflix.com\/?s={search_term_string}"},"query-input":{"@type":"PropertyValueSpecification","valueRequired":true,"valueName":"search_term_string"}}],"inLanguage":"es-ES"},{"@type":"Organization","@id":"https:\/\/my.stlflix.com\/#organization","name":"MyStore - By STLFLIX","url":"https:\/\/my.stlflix.com\/","logo":{"@type":"ImageObject","inLanguage":"es-ES","@id":"https:\/\/my.stlflix.com\/#\/schema\/logo\/image\/","url":"https:\/\/my.stlflix.com\/wp-content\/uploads\/2024\/06\/logo-mystore.png","contentUrl":"https:\/\/my.stlflix.com\/wp-content\/uploads\/2024\/06\/logo-mystore.png","width":150,"height":41,"caption":"MyStore - By STLFLIX"},"image":{"@id":"https:\/\/my.stlflix.com\/#\/schema\/logo\/image\/"},"sameAs":["https:\/\/www.facebook.com\/STLFLIX","https:\/\/www.instagram.com\/stlflix_\/","https:\/\/www.tiktok.com\/@stlflix"]}]}},"_links":{"self":[{"href":"https:\/\/my.stlflix.com\/es\/wp-json\/wp\/v2\/product\/477708","targetHints":{"allow":["GET"]}}],"collection":[{"href":"https:\/\/my.stlflix.com\/es\/wp-json\/wp\/v2\/product"}],"about":[{"href":"https:\/\/my.stlflix.com\/es\/wp-json\/wp\/v2\/types\/product"}],"replies":[{"embeddable":true,"href":"https:\/\/my.stlflix.com\/es\/wp-json\/wp\/v2\/comments?post=477708"}],"wp:featuredmedia":[{"embeddable":true,"href":"https:\/\/my.stlflix.com\/es\/wp-json\/wp\/v2\/media\/7280"}],"wp:attachment":[{"href":"https:\/\/my.stlflix.com\/es\/wp-json\/wp\/v2\/media?parent=477708"}],"wp:term":[{"taxonomy":"product_brand","embeddable":true,"href":"https:\/\/my.stlflix.com\/es\/wp-json\/wp\/v2\/product_brand?post=477708"},{"taxonomy":"product_cat","embeddable":true,"href":"https:\/\/my.stlflix.com\/es\/wp-json\/wp\/v2\/product_cat?post=477708"},{"taxonomy":"product_tag","embeddable":true,"href":"https:\/\/my.stlflix.com\/es\/wp-json\/wp\/v2\/product_tag?post=477708"}],"curies":[{"name":"wp","href":"https:\/\/api.w.org\/{rel}","templated":true}]}}