{"id":482267,"date":"2025-11-24T09:32:08","date_gmt":"2025-11-24T09:32:08","guid":{"rendered":"https:\/\/my.stlflix.com\/?post_type=product&#038;p=482267"},"modified":"2025-12-01T08:03:40","modified_gmt":"2025-12-01T08:03:40","slug":"bright-nativity-table-lamp-69241e30bf5f8","status":"publish","type":"product","link":"https:\/\/my.stlflix.com\/es\/product\/bright-nativity-table-lamp-69241e30bf5f8\/","title":{"rendered":"Portal de Bel\u00e9n luminoso"},"content":{"rendered":"<p class=\"p1\">Figura decorativa impresa en 3D que representa el nacimiento con un acabado limpio y elegante. El interior se ilumina mediante una <span class=\"s1\"><b>vela LED incluida<\/b><\/span>, creando un efecto c\u00e1lido y acogedor que resalta las siluetas de Mar\u00eda, Jos\u00e9 y el Ni\u00f1o.<\/p>\n<p class=\"p1\">El portal presenta un dise\u00f1o detallado con textura de madera y una estrella superior en tono dorado que aporta un toque festivo y sofisticado. Su iluminaci\u00f3n suave lo convierte en una pieza ideal para estanter\u00edas, mesas auxiliares o rincones navide\u00f1os.<\/p>\n<ul>\n<li>\n<p class=\"p1\">Altura aproximada: <span class=\"s1\"><b>19 cm<\/b><b><\/b><\/span><\/p>\n<\/li>\n<li>\n<p class=\"p1\">Vela LED incluida<\/p>\n<\/li>\n<li>\n<p class=\"p1\">Iluminaci\u00f3n c\u00e1lida y segura (sin cables, sin calor)<\/p>\n<\/li>\n<li>\n<p class=\"p1\">Fabricado en impresi\u00f3n 3D con dise\u00f1o exclusivo<\/p>\n<\/li>\n<\/ul>\n<p class=\"p1\">Perfecto para completar la decoraci\u00f3n navide\u00f1a o como regalo especial.<\/p>\n","protected":false},"excerpt":{"rendered":"<p>Figura decorativa impresa en 3D que representa el nacimiento con un acabado limpio y elegante. El interior se ilumina mediante una vela LED incluida, creando un efecto c\u00e1lido y acogedor que resalta las siluetas de Mar\u00eda, Jos\u00e9 y el Ni\u00f1o. El portal presenta un dise\u00f1o detallado con textura de madera y una estrella superior en [&hellip;]<\/p>\n","protected":false},"featured_media":475265,"comment_status":"open","ping_status":"closed","template":"","meta":[],"product_brand":[],"product_cat":[15],"product_tag":[666],"class_list":{"0":"post-482267","1":"product","2":"type-product","3":"status-publish","4":"has-post-thumbnail","6":"product_cat-uncategorized","7":"product_tag-christmas","9":"first","10":"instock","11":"taxable","12":"shipping-taxable","13":"purchasable","14":"product-type-simple"},"yoast_head":"<!-- This site is optimized with the Yoast SEO plugin v25.1 - https:\/\/yoast.com\/wordpress\/plugins\/seo\/ -->\n<title>Portal de Bel\u00e9n luminoso - MyStore - By STLFLIX<\/title>\n<meta name=\"robots\" content=\"index, follow, max-snippet:-1, max-image-preview:large, max-video-preview:-1\" \/>\n<link rel=\"canonical\" href=\"https:\/\/my.stlflix.com\/product\/bright-nativity-table-lamp-69241e30bf5f8\/\" \/>\n<meta property=\"og:locale\" content=\"es_ES\" \/>\n<meta property=\"og:type\" content=\"article\" \/>\n<meta property=\"og:title\" content=\"Portal de Bel\u00e9n luminoso - MyStore - By STLFLIX\" \/>\n<meta property=\"og:description\" content=\"Figura decorativa impresa en 3D que representa el nacimiento con un acabado limpio y elegante. El interior se ilumina mediante una vela LED incluida, creando un efecto c\u00e1lido y acogedor que resalta las siluetas de Mar\u00eda, Jos\u00e9 y el Ni\u00f1o. El portal presenta un dise\u00f1o detallado con textura de madera y una estrella superior en [&hellip;]\" \/>\n<meta property=\"og:url\" content=\"https:\/\/my.stlflix.com\/product\/bright-nativity-table-lamp-69241e30bf5f8\/\" \/>\n<meta property=\"og:site_name\" content=\"MyStore - By STLFLIX\" \/>\n<meta property=\"article:publisher\" content=\"https:\/\/www.facebook.com\/STLFLIX\" \/>\n<meta property=\"article:modified_time\" content=\"2025-12-01T08:03:40+00:00\" \/>\n<meta property=\"og:image\" content=\"https:\/\/my.stlflix.com\/wp-content\/uploads\/2025\/11\/Bright_Nativity_Table_Lampthumb_04c71c25a7.jpg\" \/>\n\t<meta property=\"og:image:width\" content=\"1080\" \/>\n\t<meta property=\"og:image:height\" content=\"1350\" \/>\n\t<meta property=\"og:image:type\" content=\"image\/jpeg\" \/>\n<meta name=\"twitter:card\" content=\"summary_large_image\" \/>\n<meta name=\"twitter:label1\" content=\"Est. reading time\" \/>\n\t<meta name=\"twitter:data1\" content=\"1 minute\" \/>\n<script type=\"application\/ld+json\" class=\"yoast-schema-graph\">{\"@context\":\"https:\/\/schema.org\",\"@graph\":[{\"@type\":\"WebPage\",\"@id\":\"https:\/\/my.stlflix.com\/product\/bright-nativity-table-lamp-69241e30bf5f8\/\",\"url\":\"https:\/\/my.stlflix.com\/product\/bright-nativity-table-lamp-69241e30bf5f8\/\",\"name\":\"Portal de Bel\u00e9n luminoso - MyStore - By STLFLIX\",\"isPartOf\":{\"@id\":\"https:\/\/my.stlflix.com\/#website\"},\"primaryImageOfPage\":{\"@id\":\"https:\/\/my.stlflix.com\/product\/bright-nativity-table-lamp-69241e30bf5f8\/#primaryimage\"},\"image\":{\"@id\":\"https:\/\/my.stlflix.com\/product\/bright-nativity-table-lamp-69241e30bf5f8\/#primaryimage\"},\"thumbnailUrl\":\"https:\/\/my.stlflix.com\/wp-content\/uploads\/2025\/11\/Bright_Nativity_Table_Lampthumb_04c71c25a7.jpg\",\"datePublished\":\"2025-11-24T09:32:08+00:00\",\"dateModified\":\"2025-12-01T08:03:40+00:00\",\"breadcrumb\":{\"@id\":\"https:\/\/my.stlflix.com\/product\/bright-nativity-table-lamp-69241e30bf5f8\/#breadcrumb\"},\"inLanguage\":\"es-ES\",\"potentialAction\":[{\"@type\":\"ReadAction\",\"target\":[\"https:\/\/my.stlflix.com\/product\/bright-nativity-table-lamp-69241e30bf5f8\/\"]}]},{\"@type\":\"ImageObject\",\"inLanguage\":\"es-ES\",\"@id\":\"https:\/\/my.stlflix.com\/product\/bright-nativity-table-lamp-69241e30bf5f8\/#primaryimage\",\"url\":\"https:\/\/my.stlflix.com\/wp-content\/uploads\/2025\/11\/Bright_Nativity_Table_Lampthumb_04c71c25a7.jpg\",\"contentUrl\":\"https:\/\/my.stlflix.com\/wp-content\/uploads\/2025\/11\/Bright_Nativity_Table_Lampthumb_04c71c25a7.jpg\",\"width\":1080,\"height\":1350},{\"@type\":\"BreadcrumbList\",\"@id\":\"https:\/\/my.stlflix.com\/product\/bright-nativity-table-lamp-69241e30bf5f8\/#breadcrumb\",\"itemListElement\":[{\"@type\":\"ListItem\",\"position\":1,\"name\":\"Home\",\"item\":\"https:\/\/www.stlflix-store.com\/\"},{\"@type\":\"ListItem\",\"position\":2,\"name\":\"Products\",\"item\":\"https:\/\/www.stlflix-store.com\/shop\/\"},{\"@type\":\"ListItem\",\"position\":3,\"name\":\"Portal de Bel\u00e9n luminoso\"}]},{\"@type\":\"WebSite\",\"@id\":\"https:\/\/my.stlflix.com\/#website\",\"url\":\"https:\/\/my.stlflix.com\/\",\"name\":\"MyStore - By STLFLIX\",\"description\":\"\",\"publisher\":{\"@id\":\"https:\/\/my.stlflix.com\/#organization\"},\"potentialAction\":[{\"@type\":\"SearchAction\",\"target\":{\"@type\":\"EntryPoint\",\"urlTemplate\":\"https:\/\/my.stlflix.com\/?s={search_term_string}\"},\"query-input\":{\"@type\":\"PropertyValueSpecification\",\"valueRequired\":true,\"valueName\":\"search_term_string\"}}],\"inLanguage\":\"es-ES\"},{\"@type\":\"Organization\",\"@id\":\"https:\/\/my.stlflix.com\/#organization\",\"name\":\"MyStore - By STLFLIX\",\"url\":\"https:\/\/my.stlflix.com\/\",\"logo\":{\"@type\":\"ImageObject\",\"inLanguage\":\"es-ES\",\"@id\":\"https:\/\/my.stlflix.com\/#\/schema\/logo\/image\/\",\"url\":\"https:\/\/my.stlflix.com\/wp-content\/uploads\/2024\/06\/logo-mystore.png\",\"contentUrl\":\"https:\/\/my.stlflix.com\/wp-content\/uploads\/2024\/06\/logo-mystore.png\",\"width\":150,\"height\":41,\"caption\":\"MyStore - By STLFLIX\"},\"image\":{\"@id\":\"https:\/\/my.stlflix.com\/#\/schema\/logo\/image\/\"},\"sameAs\":[\"https:\/\/www.facebook.com\/STLFLIX\",\"https:\/\/www.instagram.com\/stlflix_\/\",\"https:\/\/www.tiktok.com\/@stlflix\"]}]}<\/script>\n<!-- \/ Yoast SEO plugin. -->","yoast_head_json":{"title":"Portal de Bel\u00e9n luminoso - MyStore - By STLFLIX","robots":{"index":"index","follow":"follow","max-snippet":"max-snippet:-1","max-image-preview":"max-image-preview:large","max-video-preview":"max-video-preview:-1"},"canonical":"https:\/\/my.stlflix.com\/product\/bright-nativity-table-lamp-69241e30bf5f8\/","og_locale":"es_ES","og_type":"article","og_title":"Portal de Bel\u00e9n luminoso - MyStore - By STLFLIX","og_description":"Figura decorativa impresa en 3D que representa el nacimiento con un acabado limpio y elegante. El interior se ilumina mediante una vela LED incluida, creando un efecto c\u00e1lido y acogedor que resalta las siluetas de Mar\u00eda, Jos\u00e9 y el Ni\u00f1o. El portal presenta un dise\u00f1o detallado con textura de madera y una estrella superior en [&hellip;]","og_url":"https:\/\/my.stlflix.com\/product\/bright-nativity-table-lamp-69241e30bf5f8\/","og_site_name":"MyStore - By STLFLIX","article_publisher":"https:\/\/www.facebook.com\/STLFLIX","article_modified_time":"2025-12-01T08:03:40+00:00","og_image":[{"width":1080,"height":1350,"url":"https:\/\/my.stlflix.com\/wp-content\/uploads\/2025\/11\/Bright_Nativity_Table_Lampthumb_04c71c25a7.jpg","type":"image\/jpeg"}],"twitter_card":"summary_large_image","twitter_misc":{"Est. reading time":"1 minute"},"schema":{"@context":"https:\/\/schema.org","@graph":[{"@type":"WebPage","@id":"https:\/\/my.stlflix.com\/product\/bright-nativity-table-lamp-69241e30bf5f8\/","url":"https:\/\/my.stlflix.com\/product\/bright-nativity-table-lamp-69241e30bf5f8\/","name":"Portal de Bel\u00e9n luminoso - MyStore - By STLFLIX","isPartOf":{"@id":"https:\/\/my.stlflix.com\/#website"},"primaryImageOfPage":{"@id":"https:\/\/my.stlflix.com\/product\/bright-nativity-table-lamp-69241e30bf5f8\/#primaryimage"},"image":{"@id":"https:\/\/my.stlflix.com\/product\/bright-nativity-table-lamp-69241e30bf5f8\/#primaryimage"},"thumbnailUrl":"https:\/\/my.stlflix.com\/wp-content\/uploads\/2025\/11\/Bright_Nativity_Table_Lampthumb_04c71c25a7.jpg","datePublished":"2025-11-24T09:32:08+00:00","dateModified":"2025-12-01T08:03:40+00:00","breadcrumb":{"@id":"https:\/\/my.stlflix.com\/product\/bright-nativity-table-lamp-69241e30bf5f8\/#breadcrumb"},"inLanguage":"es-ES","potentialAction":[{"@type":"ReadAction","target":["https:\/\/my.stlflix.com\/product\/bright-nativity-table-lamp-69241e30bf5f8\/"]}]},{"@type":"ImageObject","inLanguage":"es-ES","@id":"https:\/\/my.stlflix.com\/product\/bright-nativity-table-lamp-69241e30bf5f8\/#primaryimage","url":"https:\/\/my.stlflix.com\/wp-content\/uploads\/2025\/11\/Bright_Nativity_Table_Lampthumb_04c71c25a7.jpg","contentUrl":"https:\/\/my.stlflix.com\/wp-content\/uploads\/2025\/11\/Bright_Nativity_Table_Lampthumb_04c71c25a7.jpg","width":1080,"height":1350},{"@type":"BreadcrumbList","@id":"https:\/\/my.stlflix.com\/product\/bright-nativity-table-lamp-69241e30bf5f8\/#breadcrumb","itemListElement":[{"@type":"ListItem","position":1,"name":"Home","item":"https:\/\/www.stlflix-store.com\/"},{"@type":"ListItem","position":2,"name":"Products","item":"https:\/\/www.stlflix-store.com\/shop\/"},{"@type":"ListItem","position":3,"name":"Portal de Bel\u00e9n luminoso"}]},{"@type":"WebSite","@id":"https:\/\/my.stlflix.com\/#website","url":"https:\/\/my.stlflix.com\/","name":"MyStore - By STLFLIX","description":"","publisher":{"@id":"https:\/\/my.stlflix.com\/#organization"},"potentialAction":[{"@type":"SearchAction","target":{"@type":"EntryPoint","urlTemplate":"https:\/\/my.stlflix.com\/?s={search_term_string}"},"query-input":{"@type":"PropertyValueSpecification","valueRequired":true,"valueName":"search_term_string"}}],"inLanguage":"es-ES"},{"@type":"Organization","@id":"https:\/\/my.stlflix.com\/#organization","name":"MyStore - By STLFLIX","url":"https:\/\/my.stlflix.com\/","logo":{"@type":"ImageObject","inLanguage":"es-ES","@id":"https:\/\/my.stlflix.com\/#\/schema\/logo\/image\/","url":"https:\/\/my.stlflix.com\/wp-content\/uploads\/2024\/06\/logo-mystore.png","contentUrl":"https:\/\/my.stlflix.com\/wp-content\/uploads\/2024\/06\/logo-mystore.png","width":150,"height":41,"caption":"MyStore - By STLFLIX"},"image":{"@id":"https:\/\/my.stlflix.com\/#\/schema\/logo\/image\/"},"sameAs":["https:\/\/www.facebook.com\/STLFLIX","https:\/\/www.instagram.com\/stlflix_\/","https:\/\/www.tiktok.com\/@stlflix"]}]}},"_links":{"self":[{"href":"https:\/\/my.stlflix.com\/es\/wp-json\/wp\/v2\/product\/482267","targetHints":{"allow":["GET"]}}],"collection":[{"href":"https:\/\/my.stlflix.com\/es\/wp-json\/wp\/v2\/product"}],"about":[{"href":"https:\/\/my.stlflix.com\/es\/wp-json\/wp\/v2\/types\/product"}],"replies":[{"embeddable":true,"href":"https:\/\/my.stlflix.com\/es\/wp-json\/wp\/v2\/comments?post=482267"}],"wp:featuredmedia":[{"embeddable":true,"href":"https:\/\/my.stlflix.com\/es\/wp-json\/wp\/v2\/media\/475265"}],"wp:attachment":[{"href":"https:\/\/my.stlflix.com\/es\/wp-json\/wp\/v2\/media?parent=482267"}],"wp:term":[{"taxonomy":"product_brand","embeddable":true,"href":"https:\/\/my.stlflix.com\/es\/wp-json\/wp\/v2\/product_brand?post=482267"},{"taxonomy":"product_cat","embeddable":true,"href":"https:\/\/my.stlflix.com\/es\/wp-json\/wp\/v2\/product_cat?post=482267"},{"taxonomy":"product_tag","embeddable":true,"href":"https:\/\/my.stlflix.com\/es\/wp-json\/wp\/v2\/product_tag?post=482267"}],"curies":[{"name":"wp","href":"https:\/\/api.w.org\/{rel}","templated":true}]}}