{"id":482885,"date":"2025-11-24T22:05:57","date_gmt":"2025-11-24T22:05:57","guid":{"rendered":"https:\/\/my.stlflix.com\/?post_type=product&#038;p=482885"},"modified":"2025-11-24T22:18:55","modified_gmt":"2025-11-24T22:18:55","slug":"weaver-table-lamp-6924cda4f1f02","status":"publish","type":"product","link":"https:\/\/my.stlflix.com\/es\/product\/weaver-table-lamp-6924cda4f1f02\/","title":{"rendered":"Weaver &#8211; Table Lamp"},"content":{"rendered":"<h1 data-start=\"1428\" data-end=\"1484\"><\/h1>\n<p data-start=\"1486\" data-end=\"1526\"><strong data-start=\"1486\" data-end=\"1526\">Weaver \u2013 Lampe Sculpturale Modulable<\/strong><\/p>\n<p data-start=\"1528\" data-end=\"1769\">La lampe Weaver combine design organique et cr\u00e9ativit\u00e9. Gr\u00e2ce \u00e0 sa structure segment\u00e9e, elle vous permet de fa\u00e7onner la lumi\u00e8re elle-m\u00eame : \u00e9tirez-la, faites-la onduler ou ramenez-la en spirale\u2026 chaque configuration devient une \u0153uvre unique.<\/p>\n<p data-start=\"1771\" data-end=\"1906\">Pens\u00e9e pour l\u2019impression 3D FDM, elle offre un rendu \u00e9pur\u00e9, moderne et chaleureux, id\u00e9al pour un salon, un bureau ou un espace d\u00e9tente.<\/p>\n<hr data-start=\"1908\" data-end=\"1911\" \/>\n<h3 data-start=\"1913\" data-end=\"1931\">\u2728 Points forts<\/h3>\n<ul data-start=\"1932\" data-end=\"2217\">\n<li data-start=\"1932\" data-end=\"2025\">\n<p data-start=\"1934\" data-end=\"2025\"><strong data-start=\"1934\" data-end=\"1972\">Design flexible et personnalisable<\/strong> : cr\u00e9ez des formes uniques selon votre inspiration<\/p>\n<\/li>\n<li data-start=\"2026\" data-end=\"2070\">\n<p data-start=\"2028\" data-end=\"2070\"><strong data-start=\"2028\" data-end=\"2068\">\u00c9clairage d&#8217;ambiance doux et moderne<\/strong><\/p>\n<\/li>\n<li data-start=\"2071\" data-end=\"2135\">\n<p data-start=\"2073\" data-end=\"2135\"><strong data-start=\"2073\" data-end=\"2092\">Mod\u00e8le de 75 cm<\/strong>, id\u00e9al comme pi\u00e8ce d\u00e9corative principale<\/p>\n<\/li>\n<\/ul>\n<hr data-start=\"2219\" data-end=\"2222\" \/>\n<p data-start=\"2554\" data-end=\"2835\">\n","protected":false},"excerpt":{"rendered":"<p>Weaver \u2013 Lampe Sculpturale Modulable La lampe Weaver combine design organique et cr\u00e9ativit\u00e9. Gr\u00e2ce \u00e0 sa structure segment\u00e9e, elle vous permet de fa\u00e7onner la lumi\u00e8re elle-m\u00eame : \u00e9tirez-la, faites-la onduler ou ramenez-la en spirale\u2026 chaque configuration devient une \u0153uvre unique. Pens\u00e9e pour l\u2019impression 3D FDM, elle offre un rendu \u00e9pur\u00e9, moderne et chaleureux, id\u00e9al pour [&hellip;]<\/p>\n","protected":false},"featured_media":482444,"comment_status":"open","ping_status":"closed","template":"","meta":[],"product_brand":[],"product_cat":[15],"product_tag":[7027],"class_list":{"0":"post-482885","1":"product","2":"type-product","3":"status-publish","4":"has-post-thumbnail","6":"product_cat-uncategorized","7":"product_tag-homelights","9":"first","10":"instock","11":"taxable","12":"shipping-taxable","13":"purchasable","14":"product-type-simple"},"yoast_head":"<!-- This site is optimized with the Yoast SEO plugin v25.1 - https:\/\/yoast.com\/wordpress\/plugins\/seo\/ -->\n<title>Weaver - Table Lamp - MyStore - By STLFLIX<\/title>\n<meta name=\"robots\" content=\"index, follow, max-snippet:-1, max-image-preview:large, max-video-preview:-1\" \/>\n<link rel=\"canonical\" href=\"https:\/\/www.my3dstore-example.com\/product\/weaver-table-lamp-6924cda4f1f02\/\" \/>\n<meta property=\"og:locale\" content=\"es_ES\" \/>\n<meta property=\"og:type\" content=\"article\" \/>\n<meta property=\"og:title\" content=\"Weaver - Table Lamp - MyStore - By STLFLIX\" \/>\n<meta property=\"og:description\" content=\"Weaver \u2013 Lampe Sculpturale Modulable La lampe Weaver combine design organique et cr\u00e9ativit\u00e9. Gr\u00e2ce \u00e0 sa structure segment\u00e9e, elle vous permet de fa\u00e7onner la lumi\u00e8re elle-m\u00eame : \u00e9tirez-la, faites-la onduler ou ramenez-la en spirale\u2026 chaque configuration devient une \u0153uvre unique. Pens\u00e9e pour l\u2019impression 3D FDM, elle offre un rendu \u00e9pur\u00e9, moderne et chaleureux, id\u00e9al pour [&hellip;]\" \/>\n<meta property=\"og:url\" content=\"https:\/\/www.my3dstore-example.com\/product\/weaver-table-lamp-6924cda4f1f02\/\" \/>\n<meta property=\"og:site_name\" content=\"MyStore - By STLFLIX\" \/>\n<meta property=\"article:publisher\" content=\"https:\/\/www.facebook.com\/STLFLIX\" \/>\n<meta property=\"article:modified_time\" content=\"2025-11-24T22:18:55+00:00\" \/>\n<meta property=\"og:image\" content=\"https:\/\/www.my3dstore-example.com\/wp-content\/uploads\/2025\/11\/Weaver_Table_Lamp_thumb_f3f4ba95a1.png\" \/>\n\t<meta property=\"og:image:width\" content=\"1080\" \/>\n\t<meta property=\"og:image:height\" content=\"1350\" \/>\n\t<meta property=\"og:image:type\" content=\"image\/png\" \/>\n<meta name=\"twitter:card\" content=\"summary_large_image\" \/>\n<meta name=\"twitter:label1\" content=\"Est. reading time\" \/>\n\t<meta name=\"twitter:data1\" content=\"1 minute\" \/>\n<script type=\"application\/ld+json\" class=\"yoast-schema-graph\">{\"@context\":\"https:\/\/schema.org\",\"@graph\":[{\"@type\":\"WebPage\",\"@id\":\"https:\/\/www.my3dstore-example.com\/product\/weaver-table-lamp-6924cda4f1f02\/\",\"url\":\"https:\/\/www.my3dstore-example.com\/product\/weaver-table-lamp-6924cda4f1f02\/\",\"name\":\"Weaver - Table Lamp - MyStore - By STLFLIX\",\"isPartOf\":{\"@id\":\"https:\/\/my.stlflix.com\/#website\"},\"primaryImageOfPage\":{\"@id\":\"https:\/\/www.my3dstore-example.com\/product\/weaver-table-lamp-6924cda4f1f02\/#primaryimage\"},\"image\":{\"@id\":\"https:\/\/www.my3dstore-example.com\/product\/weaver-table-lamp-6924cda4f1f02\/#primaryimage\"},\"thumbnailUrl\":\"https:\/\/my.stlflix.com\/wp-content\/uploads\/2025\/11\/Weaver_Table_Lamp_thumb_f3f4ba95a1.png\",\"datePublished\":\"2025-11-24T22:05:57+00:00\",\"dateModified\":\"2025-11-24T22:18:55+00:00\",\"breadcrumb\":{\"@id\":\"https:\/\/www.my3dstore-example.com\/product\/weaver-table-lamp-6924cda4f1f02\/#breadcrumb\"},\"inLanguage\":\"es-ES\",\"potentialAction\":[{\"@type\":\"ReadAction\",\"target\":[\"https:\/\/www.my3dstore-example.com\/product\/weaver-table-lamp-6924cda4f1f02\/\"]}]},{\"@type\":\"ImageObject\",\"inLanguage\":\"es-ES\",\"@id\":\"https:\/\/www.my3dstore-example.com\/product\/weaver-table-lamp-6924cda4f1f02\/#primaryimage\",\"url\":\"https:\/\/my.stlflix.com\/wp-content\/uploads\/2025\/11\/Weaver_Table_Lamp_thumb_f3f4ba95a1.png\",\"contentUrl\":\"https:\/\/my.stlflix.com\/wp-content\/uploads\/2025\/11\/Weaver_Table_Lamp_thumb_f3f4ba95a1.png\",\"width\":1080,\"height\":1350},{\"@type\":\"BreadcrumbList\",\"@id\":\"https:\/\/www.my3dstore-example.com\/product\/weaver-table-lamp-6924cda4f1f02\/#breadcrumb\",\"itemListElement\":[{\"@type\":\"ListItem\",\"position\":1,\"name\":\"Home\",\"item\":\"https:\/\/www.stlflix-store.com\/\"},{\"@type\":\"ListItem\",\"position\":2,\"name\":\"Products\",\"item\":\"https:\/\/www.stlflix-store.com\/shop\/\"},{\"@type\":\"ListItem\",\"position\":3,\"name\":\"Weaver &#8211; Table Lamp\"}]},{\"@type\":\"WebSite\",\"@id\":\"https:\/\/my.stlflix.com\/#website\",\"url\":\"https:\/\/my.stlflix.com\/\",\"name\":\"MyStore - By STLFLIX\",\"description\":\"\",\"publisher\":{\"@id\":\"https:\/\/my.stlflix.com\/#organization\"},\"potentialAction\":[{\"@type\":\"SearchAction\",\"target\":{\"@type\":\"EntryPoint\",\"urlTemplate\":\"https:\/\/my.stlflix.com\/?s={search_term_string}\"},\"query-input\":{\"@type\":\"PropertyValueSpecification\",\"valueRequired\":true,\"valueName\":\"search_term_string\"}}],\"inLanguage\":\"es-ES\"},{\"@type\":\"Organization\",\"@id\":\"https:\/\/my.stlflix.com\/#organization\",\"name\":\"MyStore - By STLFLIX\",\"url\":\"https:\/\/my.stlflix.com\/\",\"logo\":{\"@type\":\"ImageObject\",\"inLanguage\":\"es-ES\",\"@id\":\"https:\/\/my.stlflix.com\/#\/schema\/logo\/image\/\",\"url\":\"https:\/\/my.stlflix.com\/wp-content\/uploads\/2024\/06\/logo-mystore.png\",\"contentUrl\":\"https:\/\/my.stlflix.com\/wp-content\/uploads\/2024\/06\/logo-mystore.png\",\"width\":150,\"height\":41,\"caption\":\"MyStore - By STLFLIX\"},\"image\":{\"@id\":\"https:\/\/my.stlflix.com\/#\/schema\/logo\/image\/\"},\"sameAs\":[\"https:\/\/www.facebook.com\/STLFLIX\",\"https:\/\/www.instagram.com\/stlflix_\/\",\"https:\/\/www.tiktok.com\/@stlflix\"]}]}<\/script>\n<!-- \/ Yoast SEO plugin. -->","yoast_head_json":{"title":"Weaver - Table Lamp - MyStore - By STLFLIX","robots":{"index":"index","follow":"follow","max-snippet":"max-snippet:-1","max-image-preview":"max-image-preview:large","max-video-preview":"max-video-preview:-1"},"canonical":"https:\/\/www.my3dstore-example.com\/product\/weaver-table-lamp-6924cda4f1f02\/","og_locale":"es_ES","og_type":"article","og_title":"Weaver - Table Lamp - MyStore - By STLFLIX","og_description":"Weaver \u2013 Lampe Sculpturale Modulable La lampe Weaver combine design organique et cr\u00e9ativit\u00e9. Gr\u00e2ce \u00e0 sa structure segment\u00e9e, elle vous permet de fa\u00e7onner la lumi\u00e8re elle-m\u00eame : \u00e9tirez-la, faites-la onduler ou ramenez-la en spirale\u2026 chaque configuration devient une \u0153uvre unique. Pens\u00e9e pour l\u2019impression 3D FDM, elle offre un rendu \u00e9pur\u00e9, moderne et chaleureux, id\u00e9al pour [&hellip;]","og_url":"https:\/\/www.my3dstore-example.com\/product\/weaver-table-lamp-6924cda4f1f02\/","og_site_name":"MyStore - By STLFLIX","article_publisher":"https:\/\/www.facebook.com\/STLFLIX","article_modified_time":"2025-11-24T22:18:55+00:00","og_image":[{"width":1080,"height":1350,"url":"https:\/\/www.my3dstore-example.com\/wp-content\/uploads\/2025\/11\/Weaver_Table_Lamp_thumb_f3f4ba95a1.png","type":"image\/png"}],"twitter_card":"summary_large_image","twitter_misc":{"Est. reading time":"1 minute"},"schema":{"@context":"https:\/\/schema.org","@graph":[{"@type":"WebPage","@id":"https:\/\/www.my3dstore-example.com\/product\/weaver-table-lamp-6924cda4f1f02\/","url":"https:\/\/www.my3dstore-example.com\/product\/weaver-table-lamp-6924cda4f1f02\/","name":"Weaver - Table Lamp - MyStore - By STLFLIX","isPartOf":{"@id":"https:\/\/my.stlflix.com\/#website"},"primaryImageOfPage":{"@id":"https:\/\/www.my3dstore-example.com\/product\/weaver-table-lamp-6924cda4f1f02\/#primaryimage"},"image":{"@id":"https:\/\/www.my3dstore-example.com\/product\/weaver-table-lamp-6924cda4f1f02\/#primaryimage"},"thumbnailUrl":"https:\/\/my.stlflix.com\/wp-content\/uploads\/2025\/11\/Weaver_Table_Lamp_thumb_f3f4ba95a1.png","datePublished":"2025-11-24T22:05:57+00:00","dateModified":"2025-11-24T22:18:55+00:00","breadcrumb":{"@id":"https:\/\/www.my3dstore-example.com\/product\/weaver-table-lamp-6924cda4f1f02\/#breadcrumb"},"inLanguage":"es-ES","potentialAction":[{"@type":"ReadAction","target":["https:\/\/www.my3dstore-example.com\/product\/weaver-table-lamp-6924cda4f1f02\/"]}]},{"@type":"ImageObject","inLanguage":"es-ES","@id":"https:\/\/www.my3dstore-example.com\/product\/weaver-table-lamp-6924cda4f1f02\/#primaryimage","url":"https:\/\/my.stlflix.com\/wp-content\/uploads\/2025\/11\/Weaver_Table_Lamp_thumb_f3f4ba95a1.png","contentUrl":"https:\/\/my.stlflix.com\/wp-content\/uploads\/2025\/11\/Weaver_Table_Lamp_thumb_f3f4ba95a1.png","width":1080,"height":1350},{"@type":"BreadcrumbList","@id":"https:\/\/www.my3dstore-example.com\/product\/weaver-table-lamp-6924cda4f1f02\/#breadcrumb","itemListElement":[{"@type":"ListItem","position":1,"name":"Home","item":"https:\/\/www.stlflix-store.com\/"},{"@type":"ListItem","position":2,"name":"Products","item":"https:\/\/www.stlflix-store.com\/shop\/"},{"@type":"ListItem","position":3,"name":"Weaver &#8211; Table Lamp"}]},{"@type":"WebSite","@id":"https:\/\/my.stlflix.com\/#website","url":"https:\/\/my.stlflix.com\/","name":"MyStore - By STLFLIX","description":"","publisher":{"@id":"https:\/\/my.stlflix.com\/#organization"},"potentialAction":[{"@type":"SearchAction","target":{"@type":"EntryPoint","urlTemplate":"https:\/\/my.stlflix.com\/?s={search_term_string}"},"query-input":{"@type":"PropertyValueSpecification","valueRequired":true,"valueName":"search_term_string"}}],"inLanguage":"es-ES"},{"@type":"Organization","@id":"https:\/\/my.stlflix.com\/#organization","name":"MyStore - By STLFLIX","url":"https:\/\/my.stlflix.com\/","logo":{"@type":"ImageObject","inLanguage":"es-ES","@id":"https:\/\/my.stlflix.com\/#\/schema\/logo\/image\/","url":"https:\/\/my.stlflix.com\/wp-content\/uploads\/2024\/06\/logo-mystore.png","contentUrl":"https:\/\/my.stlflix.com\/wp-content\/uploads\/2024\/06\/logo-mystore.png","width":150,"height":41,"caption":"MyStore - By STLFLIX"},"image":{"@id":"https:\/\/my.stlflix.com\/#\/schema\/logo\/image\/"},"sameAs":["https:\/\/www.facebook.com\/STLFLIX","https:\/\/www.instagram.com\/stlflix_\/","https:\/\/www.tiktok.com\/@stlflix"]}]}},"_links":{"self":[{"href":"https:\/\/my.stlflix.com\/es\/wp-json\/wp\/v2\/product\/482885","targetHints":{"allow":["GET"]}}],"collection":[{"href":"https:\/\/my.stlflix.com\/es\/wp-json\/wp\/v2\/product"}],"about":[{"href":"https:\/\/my.stlflix.com\/es\/wp-json\/wp\/v2\/types\/product"}],"replies":[{"embeddable":true,"href":"https:\/\/my.stlflix.com\/es\/wp-json\/wp\/v2\/comments?post=482885"}],"wp:featuredmedia":[{"embeddable":true,"href":"https:\/\/my.stlflix.com\/es\/wp-json\/wp\/v2\/media\/482444"}],"wp:attachment":[{"href":"https:\/\/my.stlflix.com\/es\/wp-json\/wp\/v2\/media?parent=482885"}],"wp:term":[{"taxonomy":"product_brand","embeddable":true,"href":"https:\/\/my.stlflix.com\/es\/wp-json\/wp\/v2\/product_brand?post=482885"},{"taxonomy":"product_cat","embeddable":true,"href":"https:\/\/my.stlflix.com\/es\/wp-json\/wp\/v2\/product_cat?post=482885"},{"taxonomy":"product_tag","embeddable":true,"href":"https:\/\/my.stlflix.com\/es\/wp-json\/wp\/v2\/product_tag?post=482885"}],"curies":[{"name":"wp","href":"https:\/\/api.w.org\/{rel}","templated":true}]}}