{"id":483067,"date":"2025-11-24T22:46:37","date_gmt":"2025-11-24T22:46:37","guid":{"rendered":"https:\/\/my.stlflix.com\/?post_type=product&#038;p=483067"},"modified":"2025-11-24T22:47:41","modified_gmt":"2025-11-24T22:47:41","slug":"village-on-the-moon-table-lamp-6924dff2d2ab7","status":"publish","type":"product","link":"https:\/\/my.stlflix.com\/es\/product\/village-on-the-moon-table-lamp-6924dff2d2ab7\/","title":{"rendered":"Village on the Moon &#8211; Table Lamp"},"content":{"rendered":"<p data-start=\"207\" data-end=\"591\">Plongez dans une sc\u00e8ne f\u00e9erique o\u00f9 la magie de No\u00ebl rencontre le myst\u00e8re du cosmos. <em data-start=\"291\" data-end=\"312\">Village on the Moon<\/em> d\u00e9voile un minuscule village illumin\u00e9, nich\u00e9 dans un croissant de lune sculpt\u00e9 comme une dentelle c\u00e9leste.<br data-start=\"419\" data-end=\"422\" \/>Les petites maisons chaleureuses semblent abriter des histoires silencieuses, tandis que la lueur douce recr\u00e9e l\u2019atmosph\u00e8re d\u2019une nuit d\u2019hiver suspendue dans le temps.<\/p>\n<p data-start=\"593\" data-end=\"812\">Cette lampe est un v\u00e9ritable d\u00e9cor \u00e9motionnel : \u00e0 la fois douce, apaisante et spectaculaire.<br data-start=\"685\" data-end=\"688\" \/>Parfaite pour ajouter une touche enchant\u00e9e \u00e0 votre int\u00e9rieur, cr\u00e9er une ambiance cosy ou offrir un cadeau absolument unique.<\/p>\n","protected":false},"excerpt":{"rendered":"<p>Plongez dans une sc\u00e8ne f\u00e9erique o\u00f9 la magie de No\u00ebl rencontre le myst\u00e8re du cosmos. Village on the Moon d\u00e9voile un minuscule village illumin\u00e9, nich\u00e9 dans un croissant de lune sculpt\u00e9 comme une dentelle c\u00e9leste.Les petites maisons chaleureuses semblent abriter des histoires silencieuses, tandis que la lueur douce recr\u00e9e l\u2019atmosph\u00e8re d\u2019une nuit d\u2019hiver suspendue dans [&hellip;]<\/p>\n","protected":false},"featured_media":475188,"comment_status":"open","ping_status":"closed","template":"","meta":[],"product_brand":[],"product_cat":[15],"product_tag":[7027],"class_list":{"0":"post-483067","1":"product","2":"type-product","3":"status-publish","4":"has-post-thumbnail","6":"product_cat-uncategorized","7":"product_tag-homelights","9":"first","10":"instock","11":"taxable","12":"shipping-taxable","13":"purchasable","14":"product-type-simple"},"yoast_head":"<!-- This site is optimized with the Yoast SEO plugin v25.1 - https:\/\/yoast.com\/wordpress\/plugins\/seo\/ -->\n<title>Village on the Moon - Table Lamp - MyStore - By STLFLIX<\/title>\n<meta name=\"robots\" content=\"index, follow, max-snippet:-1, max-image-preview:large, max-video-preview:-1\" \/>\n<link rel=\"canonical\" href=\"https:\/\/my.stlflix.com\/product\/village-on-the-moon-table-lamp-6924dff2d2ab7\/\" \/>\n<meta property=\"og:locale\" content=\"es_ES\" \/>\n<meta property=\"og:type\" content=\"article\" \/>\n<meta property=\"og:title\" content=\"Village on the Moon - Table Lamp - MyStore - By STLFLIX\" \/>\n<meta property=\"og:description\" content=\"Plongez dans une sc\u00e8ne f\u00e9erique o\u00f9 la magie de No\u00ebl rencontre le myst\u00e8re du cosmos. Village on the Moon d\u00e9voile un minuscule village illumin\u00e9, nich\u00e9 dans un croissant de lune sculpt\u00e9 comme une dentelle c\u00e9leste.Les petites maisons chaleureuses semblent abriter des histoires silencieuses, tandis que la lueur douce recr\u00e9e l\u2019atmosph\u00e8re d\u2019une nuit d\u2019hiver suspendue dans [&hellip;]\" \/>\n<meta property=\"og:url\" content=\"https:\/\/my.stlflix.com\/product\/village-on-the-moon-table-lamp-6924dff2d2ab7\/\" \/>\n<meta property=\"og:site_name\" content=\"MyStore - By STLFLIX\" \/>\n<meta property=\"article:publisher\" content=\"https:\/\/www.facebook.com\/STLFLIX\" \/>\n<meta property=\"article:modified_time\" content=\"2025-11-24T22:47:41+00:00\" \/>\n<meta property=\"og:image\" content=\"https:\/\/my.stlflix.com\/wp-content\/uploads\/2025\/11\/Village_on_the_Moon_Table_Lampthumb_90e96a0bae.jpg\" \/>\n\t<meta property=\"og:image:width\" content=\"1080\" \/>\n\t<meta property=\"og:image:height\" content=\"1350\" \/>\n\t<meta property=\"og:image:type\" content=\"image\/jpeg\" \/>\n<meta name=\"twitter:card\" content=\"summary_large_image\" \/>\n<meta name=\"twitter:label1\" content=\"Est. reading time\" \/>\n\t<meta name=\"twitter:data1\" content=\"1 minute\" \/>\n<script type=\"application\/ld+json\" class=\"yoast-schema-graph\">{\"@context\":\"https:\/\/schema.org\",\"@graph\":[{\"@type\":\"WebPage\",\"@id\":\"https:\/\/my.stlflix.com\/product\/village-on-the-moon-table-lamp-6924dff2d2ab7\/\",\"url\":\"https:\/\/my.stlflix.com\/product\/village-on-the-moon-table-lamp-6924dff2d2ab7\/\",\"name\":\"Village on the Moon - Table Lamp - MyStore - By STLFLIX\",\"isPartOf\":{\"@id\":\"https:\/\/my.stlflix.com\/#website\"},\"primaryImageOfPage\":{\"@id\":\"https:\/\/my.stlflix.com\/product\/village-on-the-moon-table-lamp-6924dff2d2ab7\/#primaryimage\"},\"image\":{\"@id\":\"https:\/\/my.stlflix.com\/product\/village-on-the-moon-table-lamp-6924dff2d2ab7\/#primaryimage\"},\"thumbnailUrl\":\"https:\/\/my.stlflix.com\/wp-content\/uploads\/2025\/11\/Village_on_the_Moon_Table_Lampthumb_90e96a0bae.jpg\",\"datePublished\":\"2025-11-24T22:46:37+00:00\",\"dateModified\":\"2025-11-24T22:47:41+00:00\",\"breadcrumb\":{\"@id\":\"https:\/\/my.stlflix.com\/product\/village-on-the-moon-table-lamp-6924dff2d2ab7\/#breadcrumb\"},\"inLanguage\":\"es-ES\",\"potentialAction\":[{\"@type\":\"ReadAction\",\"target\":[\"https:\/\/my.stlflix.com\/product\/village-on-the-moon-table-lamp-6924dff2d2ab7\/\"]}]},{\"@type\":\"ImageObject\",\"inLanguage\":\"es-ES\",\"@id\":\"https:\/\/my.stlflix.com\/product\/village-on-the-moon-table-lamp-6924dff2d2ab7\/#primaryimage\",\"url\":\"https:\/\/my.stlflix.com\/wp-content\/uploads\/2025\/11\/Village_on_the_Moon_Table_Lampthumb_90e96a0bae.jpg\",\"contentUrl\":\"https:\/\/my.stlflix.com\/wp-content\/uploads\/2025\/11\/Village_on_the_Moon_Table_Lampthumb_90e96a0bae.jpg\",\"width\":1080,\"height\":1350},{\"@type\":\"BreadcrumbList\",\"@id\":\"https:\/\/my.stlflix.com\/product\/village-on-the-moon-table-lamp-6924dff2d2ab7\/#breadcrumb\",\"itemListElement\":[{\"@type\":\"ListItem\",\"position\":1,\"name\":\"Home\",\"item\":\"https:\/\/www.stlflix-store.com\/\"},{\"@type\":\"ListItem\",\"position\":2,\"name\":\"Products\",\"item\":\"https:\/\/www.stlflix-store.com\/shop\/\"},{\"@type\":\"ListItem\",\"position\":3,\"name\":\"Village on the Moon &#8211; Table Lamp\"}]},{\"@type\":\"WebSite\",\"@id\":\"https:\/\/my.stlflix.com\/#website\",\"url\":\"https:\/\/my.stlflix.com\/\",\"name\":\"MyStore - By STLFLIX\",\"description\":\"\",\"publisher\":{\"@id\":\"https:\/\/my.stlflix.com\/#organization\"},\"potentialAction\":[{\"@type\":\"SearchAction\",\"target\":{\"@type\":\"EntryPoint\",\"urlTemplate\":\"https:\/\/my.stlflix.com\/?s={search_term_string}\"},\"query-input\":{\"@type\":\"PropertyValueSpecification\",\"valueRequired\":true,\"valueName\":\"search_term_string\"}}],\"inLanguage\":\"es-ES\"},{\"@type\":\"Organization\",\"@id\":\"https:\/\/my.stlflix.com\/#organization\",\"name\":\"MyStore - By STLFLIX\",\"url\":\"https:\/\/my.stlflix.com\/\",\"logo\":{\"@type\":\"ImageObject\",\"inLanguage\":\"es-ES\",\"@id\":\"https:\/\/my.stlflix.com\/#\/schema\/logo\/image\/\",\"url\":\"https:\/\/my.stlflix.com\/wp-content\/uploads\/2024\/06\/logo-mystore.png\",\"contentUrl\":\"https:\/\/my.stlflix.com\/wp-content\/uploads\/2024\/06\/logo-mystore.png\",\"width\":150,\"height\":41,\"caption\":\"MyStore - By STLFLIX\"},\"image\":{\"@id\":\"https:\/\/my.stlflix.com\/#\/schema\/logo\/image\/\"},\"sameAs\":[\"https:\/\/www.facebook.com\/STLFLIX\",\"https:\/\/www.instagram.com\/stlflix_\/\",\"https:\/\/www.tiktok.com\/@stlflix\"]}]}<\/script>\n<!-- \/ Yoast SEO plugin. -->","yoast_head_json":{"title":"Village on the Moon - Table Lamp - MyStore - By STLFLIX","robots":{"index":"index","follow":"follow","max-snippet":"max-snippet:-1","max-image-preview":"max-image-preview:large","max-video-preview":"max-video-preview:-1"},"canonical":"https:\/\/my.stlflix.com\/product\/village-on-the-moon-table-lamp-6924dff2d2ab7\/","og_locale":"es_ES","og_type":"article","og_title":"Village on the Moon - Table Lamp - MyStore - By STLFLIX","og_description":"Plongez dans une sc\u00e8ne f\u00e9erique o\u00f9 la magie de No\u00ebl rencontre le myst\u00e8re du cosmos. Village on the Moon d\u00e9voile un minuscule village illumin\u00e9, nich\u00e9 dans un croissant de lune sculpt\u00e9 comme une dentelle c\u00e9leste.Les petites maisons chaleureuses semblent abriter des histoires silencieuses, tandis que la lueur douce recr\u00e9e l\u2019atmosph\u00e8re d\u2019une nuit d\u2019hiver suspendue dans [&hellip;]","og_url":"https:\/\/my.stlflix.com\/product\/village-on-the-moon-table-lamp-6924dff2d2ab7\/","og_site_name":"MyStore - By STLFLIX","article_publisher":"https:\/\/www.facebook.com\/STLFLIX","article_modified_time":"2025-11-24T22:47:41+00:00","og_image":[{"width":1080,"height":1350,"url":"https:\/\/my.stlflix.com\/wp-content\/uploads\/2025\/11\/Village_on_the_Moon_Table_Lampthumb_90e96a0bae.jpg","type":"image\/jpeg"}],"twitter_card":"summary_large_image","twitter_misc":{"Est. reading time":"1 minute"},"schema":{"@context":"https:\/\/schema.org","@graph":[{"@type":"WebPage","@id":"https:\/\/my.stlflix.com\/product\/village-on-the-moon-table-lamp-6924dff2d2ab7\/","url":"https:\/\/my.stlflix.com\/product\/village-on-the-moon-table-lamp-6924dff2d2ab7\/","name":"Village on the Moon - Table Lamp - MyStore - By STLFLIX","isPartOf":{"@id":"https:\/\/my.stlflix.com\/#website"},"primaryImageOfPage":{"@id":"https:\/\/my.stlflix.com\/product\/village-on-the-moon-table-lamp-6924dff2d2ab7\/#primaryimage"},"image":{"@id":"https:\/\/my.stlflix.com\/product\/village-on-the-moon-table-lamp-6924dff2d2ab7\/#primaryimage"},"thumbnailUrl":"https:\/\/my.stlflix.com\/wp-content\/uploads\/2025\/11\/Village_on_the_Moon_Table_Lampthumb_90e96a0bae.jpg","datePublished":"2025-11-24T22:46:37+00:00","dateModified":"2025-11-24T22:47:41+00:00","breadcrumb":{"@id":"https:\/\/my.stlflix.com\/product\/village-on-the-moon-table-lamp-6924dff2d2ab7\/#breadcrumb"},"inLanguage":"es-ES","potentialAction":[{"@type":"ReadAction","target":["https:\/\/my.stlflix.com\/product\/village-on-the-moon-table-lamp-6924dff2d2ab7\/"]}]},{"@type":"ImageObject","inLanguage":"es-ES","@id":"https:\/\/my.stlflix.com\/product\/village-on-the-moon-table-lamp-6924dff2d2ab7\/#primaryimage","url":"https:\/\/my.stlflix.com\/wp-content\/uploads\/2025\/11\/Village_on_the_Moon_Table_Lampthumb_90e96a0bae.jpg","contentUrl":"https:\/\/my.stlflix.com\/wp-content\/uploads\/2025\/11\/Village_on_the_Moon_Table_Lampthumb_90e96a0bae.jpg","width":1080,"height":1350},{"@type":"BreadcrumbList","@id":"https:\/\/my.stlflix.com\/product\/village-on-the-moon-table-lamp-6924dff2d2ab7\/#breadcrumb","itemListElement":[{"@type":"ListItem","position":1,"name":"Home","item":"https:\/\/www.stlflix-store.com\/"},{"@type":"ListItem","position":2,"name":"Products","item":"https:\/\/www.stlflix-store.com\/shop\/"},{"@type":"ListItem","position":3,"name":"Village on the Moon &#8211; Table Lamp"}]},{"@type":"WebSite","@id":"https:\/\/my.stlflix.com\/#website","url":"https:\/\/my.stlflix.com\/","name":"MyStore - By STLFLIX","description":"","publisher":{"@id":"https:\/\/my.stlflix.com\/#organization"},"potentialAction":[{"@type":"SearchAction","target":{"@type":"EntryPoint","urlTemplate":"https:\/\/my.stlflix.com\/?s={search_term_string}"},"query-input":{"@type":"PropertyValueSpecification","valueRequired":true,"valueName":"search_term_string"}}],"inLanguage":"es-ES"},{"@type":"Organization","@id":"https:\/\/my.stlflix.com\/#organization","name":"MyStore - By STLFLIX","url":"https:\/\/my.stlflix.com\/","logo":{"@type":"ImageObject","inLanguage":"es-ES","@id":"https:\/\/my.stlflix.com\/#\/schema\/logo\/image\/","url":"https:\/\/my.stlflix.com\/wp-content\/uploads\/2024\/06\/logo-mystore.png","contentUrl":"https:\/\/my.stlflix.com\/wp-content\/uploads\/2024\/06\/logo-mystore.png","width":150,"height":41,"caption":"MyStore - By STLFLIX"},"image":{"@id":"https:\/\/my.stlflix.com\/#\/schema\/logo\/image\/"},"sameAs":["https:\/\/www.facebook.com\/STLFLIX","https:\/\/www.instagram.com\/stlflix_\/","https:\/\/www.tiktok.com\/@stlflix"]}]}},"_links":{"self":[{"href":"https:\/\/my.stlflix.com\/es\/wp-json\/wp\/v2\/product\/483067","targetHints":{"allow":["GET"]}}],"collection":[{"href":"https:\/\/my.stlflix.com\/es\/wp-json\/wp\/v2\/product"}],"about":[{"href":"https:\/\/my.stlflix.com\/es\/wp-json\/wp\/v2\/types\/product"}],"replies":[{"embeddable":true,"href":"https:\/\/my.stlflix.com\/es\/wp-json\/wp\/v2\/comments?post=483067"}],"wp:featuredmedia":[{"embeddable":true,"href":"https:\/\/my.stlflix.com\/es\/wp-json\/wp\/v2\/media\/475188"}],"wp:attachment":[{"href":"https:\/\/my.stlflix.com\/es\/wp-json\/wp\/v2\/media?parent=483067"}],"wp:term":[{"taxonomy":"product_brand","embeddable":true,"href":"https:\/\/my.stlflix.com\/es\/wp-json\/wp\/v2\/product_brand?post=483067"},{"taxonomy":"product_cat","embeddable":true,"href":"https:\/\/my.stlflix.com\/es\/wp-json\/wp\/v2\/product_cat?post=483067"},{"taxonomy":"product_tag","embeddable":true,"href":"https:\/\/my.stlflix.com\/es\/wp-json\/wp\/v2\/product_tag?post=483067"}],"curies":[{"name":"wp","href":"https:\/\/api.w.org\/{rel}","templated":true}]}}