{"id":483070,"date":"2025-11-24T23:09:56","date_gmt":"2025-11-24T23:09:56","guid":{"rendered":"https:\/\/my.stlflix.com\/?post_type=product&#038;p=483070"},"modified":"2025-11-24T23:09:57","modified_gmt":"2025-11-24T23:09:57","slug":"octane-can-holder-6924e4c948e36","status":"publish","type":"product","link":"https:\/\/my.stlflix.com\/es\/product\/octane-can-holder-6924e4c948e36\/","title":{"rendered":"Octane &#8211; Can Holder"},"content":{"rendered":"<h3 data-start=\"143\" data-end=\"199\">\ud83d\udee0\ufe0f <strong data-start=\"151\" data-end=\"199\">Support Canette \u201cOctane\u201d \u2013 V8 Engine Edition<\/strong><\/h3>\n<p data-start=\"200\" data-end=\"431\">Donnez du caract\u00e8re \u00e0 vos pauses avec ce support canette unique en forme de <strong data-start=\"276\" data-end=\"289\">moteur V8<\/strong>. Un design puissant, d\u00e9taill\u00e9 et audacieux qui apporte instantan\u00e9ment une touche m\u00e9canique \u00e0 votre bureau, votre salon ou votre setup gaming.<\/p>\n<p data-start=\"433\" data-end=\"692\">Avec ses formes robustes, ses lignes industrielles et son look \u201cgarage\u201d, ce support impressionne autant qu\u2019il est pratique. Parfait pour les passionn\u00e9s d\u2019automobile, de m\u00e9canique, ou pour tous ceux qui veulent un accessoire original qui ne passe pas inaper\u00e7u.<\/p>\n<p data-start=\"694\" data-end=\"852\">Un objet d\u00e9coratif <strong data-start=\"713\" data-end=\"742\">fun, styl\u00e9 et fonctionnel<\/strong>, id\u00e9al pour maintenir vos boissons au frais tout en boostant votre environnement avec une vibe <em data-start=\"838\" data-end=\"851\">Vroom Vroom<\/em>.<\/p>\n","protected":false},"excerpt":{"rendered":"<p>\ud83d\udee0\ufe0f Support Canette \u201cOctane\u201d \u2013 V8 Engine Edition Donnez du caract\u00e8re \u00e0 vos pauses avec ce support canette unique en forme de moteur V8. Un design puissant, d\u00e9taill\u00e9 et audacieux qui apporte instantan\u00e9ment une touche m\u00e9canique \u00e0 votre bureau, votre salon ou votre setup gaming. Avec ses formes robustes, ses lignes industrielles et son look [&hellip;]<\/p>\n","protected":false},"featured_media":359519,"comment_status":"open","ping_status":"closed","template":"","meta":[],"product_brand":[],"product_cat":[15],"product_tag":[7028],"class_list":{"0":"post-483070","1":"product","2":"type-product","3":"status-publish","4":"has-post-thumbnail","6":"product_cat-uncategorized","7":"product_tag-can-and-cup-holders","9":"first","10":"instock","11":"taxable","12":"shipping-taxable","13":"purchasable","14":"product-type-simple"},"yoast_head":"<!-- This site is optimized with the Yoast SEO plugin v25.1 - https:\/\/yoast.com\/wordpress\/plugins\/seo\/ -->\n<title>Octane - Can Holder - MyStore - By STLFLIX<\/title>\n<meta name=\"robots\" content=\"index, follow, max-snippet:-1, max-image-preview:large, max-video-preview:-1\" \/>\n<link rel=\"canonical\" href=\"https:\/\/my.stlflix.com\/pt-br\/product\/octane-can-holder-6924e4c948e36\/\" \/>\n<meta property=\"og:locale\" content=\"es_ES\" \/>\n<meta property=\"og:type\" content=\"article\" \/>\n<meta property=\"og:title\" content=\"Octane - Can Holder - MyStore - By STLFLIX\" \/>\n<meta property=\"og:description\" content=\"\ud83d\udee0\ufe0f Support Canette \u201cOctane\u201d \u2013 V8 Engine Edition Donnez du caract\u00e8re \u00e0 vos pauses avec ce support canette unique en forme de moteur V8. Un design puissant, d\u00e9taill\u00e9 et audacieux qui apporte instantan\u00e9ment une touche m\u00e9canique \u00e0 votre bureau, votre salon ou votre setup gaming. Avec ses formes robustes, ses lignes industrielles et son look [&hellip;]\" \/>\n<meta property=\"og:url\" content=\"https:\/\/my.stlflix.com\/pt-br\/product\/octane-can-holder-6924e4c948e36\/\" \/>\n<meta property=\"og:site_name\" content=\"MyStore - By STLFLIX\" \/>\n<meta property=\"article:publisher\" content=\"https:\/\/www.facebook.com\/STLFLIX\" \/>\n<meta property=\"article:modified_time\" content=\"2025-11-24T23:09:57+00:00\" \/>\n<meta property=\"og:image\" content=\"https:\/\/my.stlflix.com\/wp-content\/uploads\/2025\/05\/Octane_Can_Holderthumb_0dc0eee53f.jpg\" \/>\n\t<meta property=\"og:image:width\" content=\"1080\" \/>\n\t<meta property=\"og:image:height\" content=\"1350\" \/>\n\t<meta property=\"og:image:type\" content=\"image\/jpeg\" \/>\n<meta name=\"twitter:card\" content=\"summary_large_image\" \/>\n<meta name=\"twitter:label1\" content=\"Est. reading time\" \/>\n\t<meta name=\"twitter:data1\" content=\"1 minute\" \/>\n<script type=\"application\/ld+json\" class=\"yoast-schema-graph\">{\"@context\":\"https:\/\/schema.org\",\"@graph\":[{\"@type\":\"WebPage\",\"@id\":\"https:\/\/my.stlflix.com\/pt-br\/product\/octane-can-holder-6924e4c948e36\/\",\"url\":\"https:\/\/my.stlflix.com\/pt-br\/product\/octane-can-holder-6924e4c948e36\/\",\"name\":\"Octane - Can Holder - MyStore - By STLFLIX\",\"isPartOf\":{\"@id\":\"https:\/\/my.stlflix.com\/#website\"},\"primaryImageOfPage\":{\"@id\":\"https:\/\/my.stlflix.com\/pt-br\/product\/octane-can-holder-6924e4c948e36\/#primaryimage\"},\"image\":{\"@id\":\"https:\/\/my.stlflix.com\/pt-br\/product\/octane-can-holder-6924e4c948e36\/#primaryimage\"},\"thumbnailUrl\":\"https:\/\/my.stlflix.com\/wp-content\/uploads\/2025\/05\/Octane_Can_Holderthumb_0dc0eee53f.jpg\",\"datePublished\":\"2025-11-24T23:09:56+00:00\",\"dateModified\":\"2025-11-24T23:09:57+00:00\",\"breadcrumb\":{\"@id\":\"https:\/\/my.stlflix.com\/pt-br\/product\/octane-can-holder-6924e4c948e36\/#breadcrumb\"},\"inLanguage\":\"es-ES\",\"potentialAction\":[{\"@type\":\"ReadAction\",\"target\":[\"https:\/\/my.stlflix.com\/pt-br\/product\/octane-can-holder-6924e4c948e36\/\"]}]},{\"@type\":\"ImageObject\",\"inLanguage\":\"es-ES\",\"@id\":\"https:\/\/my.stlflix.com\/pt-br\/product\/octane-can-holder-6924e4c948e36\/#primaryimage\",\"url\":\"https:\/\/my.stlflix.com\/wp-content\/uploads\/2025\/05\/Octane_Can_Holderthumb_0dc0eee53f.jpg\",\"contentUrl\":\"https:\/\/my.stlflix.com\/wp-content\/uploads\/2025\/05\/Octane_Can_Holderthumb_0dc0eee53f.jpg\",\"width\":1080,\"height\":1350},{\"@type\":\"BreadcrumbList\",\"@id\":\"https:\/\/my.stlflix.com\/pt-br\/product\/octane-can-holder-6924e4c948e36\/#breadcrumb\",\"itemListElement\":[{\"@type\":\"ListItem\",\"position\":1,\"name\":\"Home\",\"item\":\"https:\/\/www.stlflix-store.com\/\"},{\"@type\":\"ListItem\",\"position\":2,\"name\":\"Products\",\"item\":\"https:\/\/www.stlflix-store.com\/shop\/\"},{\"@type\":\"ListItem\",\"position\":3,\"name\":\"Octane &#8211; Can Holder\"}]},{\"@type\":\"WebSite\",\"@id\":\"https:\/\/my.stlflix.com\/#website\",\"url\":\"https:\/\/my.stlflix.com\/\",\"name\":\"MyStore - By STLFLIX\",\"description\":\"\",\"publisher\":{\"@id\":\"https:\/\/my.stlflix.com\/#organization\"},\"potentialAction\":[{\"@type\":\"SearchAction\",\"target\":{\"@type\":\"EntryPoint\",\"urlTemplate\":\"https:\/\/my.stlflix.com\/?s={search_term_string}\"},\"query-input\":{\"@type\":\"PropertyValueSpecification\",\"valueRequired\":true,\"valueName\":\"search_term_string\"}}],\"inLanguage\":\"es-ES\"},{\"@type\":\"Organization\",\"@id\":\"https:\/\/my.stlflix.com\/#organization\",\"name\":\"MyStore - By STLFLIX\",\"url\":\"https:\/\/my.stlflix.com\/\",\"logo\":{\"@type\":\"ImageObject\",\"inLanguage\":\"es-ES\",\"@id\":\"https:\/\/my.stlflix.com\/#\/schema\/logo\/image\/\",\"url\":\"https:\/\/my.stlflix.com\/wp-content\/uploads\/2024\/06\/logo-mystore.png\",\"contentUrl\":\"https:\/\/my.stlflix.com\/wp-content\/uploads\/2024\/06\/logo-mystore.png\",\"width\":150,\"height\":41,\"caption\":\"MyStore - By STLFLIX\"},\"image\":{\"@id\":\"https:\/\/my.stlflix.com\/#\/schema\/logo\/image\/\"},\"sameAs\":[\"https:\/\/www.facebook.com\/STLFLIX\",\"https:\/\/www.instagram.com\/stlflix_\/\",\"https:\/\/www.tiktok.com\/@stlflix\"]}]}<\/script>\n<!-- \/ Yoast SEO plugin. -->","yoast_head_json":{"title":"Octane - Can Holder - MyStore - By STLFLIX","robots":{"index":"index","follow":"follow","max-snippet":"max-snippet:-1","max-image-preview":"max-image-preview:large","max-video-preview":"max-video-preview:-1"},"canonical":"https:\/\/my.stlflix.com\/pt-br\/product\/octane-can-holder-6924e4c948e36\/","og_locale":"es_ES","og_type":"article","og_title":"Octane - Can Holder - MyStore - By STLFLIX","og_description":"\ud83d\udee0\ufe0f Support Canette \u201cOctane\u201d \u2013 V8 Engine Edition Donnez du caract\u00e8re \u00e0 vos pauses avec ce support canette unique en forme de moteur V8. Un design puissant, d\u00e9taill\u00e9 et audacieux qui apporte instantan\u00e9ment une touche m\u00e9canique \u00e0 votre bureau, votre salon ou votre setup gaming. Avec ses formes robustes, ses lignes industrielles et son look [&hellip;]","og_url":"https:\/\/my.stlflix.com\/pt-br\/product\/octane-can-holder-6924e4c948e36\/","og_site_name":"MyStore - By STLFLIX","article_publisher":"https:\/\/www.facebook.com\/STLFLIX","article_modified_time":"2025-11-24T23:09:57+00:00","og_image":[{"width":1080,"height":1350,"url":"https:\/\/my.stlflix.com\/wp-content\/uploads\/2025\/05\/Octane_Can_Holderthumb_0dc0eee53f.jpg","type":"image\/jpeg"}],"twitter_card":"summary_large_image","twitter_misc":{"Est. reading time":"1 minute"},"schema":{"@context":"https:\/\/schema.org","@graph":[{"@type":"WebPage","@id":"https:\/\/my.stlflix.com\/pt-br\/product\/octane-can-holder-6924e4c948e36\/","url":"https:\/\/my.stlflix.com\/pt-br\/product\/octane-can-holder-6924e4c948e36\/","name":"Octane - Can Holder - MyStore - By STLFLIX","isPartOf":{"@id":"https:\/\/my.stlflix.com\/#website"},"primaryImageOfPage":{"@id":"https:\/\/my.stlflix.com\/pt-br\/product\/octane-can-holder-6924e4c948e36\/#primaryimage"},"image":{"@id":"https:\/\/my.stlflix.com\/pt-br\/product\/octane-can-holder-6924e4c948e36\/#primaryimage"},"thumbnailUrl":"https:\/\/my.stlflix.com\/wp-content\/uploads\/2025\/05\/Octane_Can_Holderthumb_0dc0eee53f.jpg","datePublished":"2025-11-24T23:09:56+00:00","dateModified":"2025-11-24T23:09:57+00:00","breadcrumb":{"@id":"https:\/\/my.stlflix.com\/pt-br\/product\/octane-can-holder-6924e4c948e36\/#breadcrumb"},"inLanguage":"es-ES","potentialAction":[{"@type":"ReadAction","target":["https:\/\/my.stlflix.com\/pt-br\/product\/octane-can-holder-6924e4c948e36\/"]}]},{"@type":"ImageObject","inLanguage":"es-ES","@id":"https:\/\/my.stlflix.com\/pt-br\/product\/octane-can-holder-6924e4c948e36\/#primaryimage","url":"https:\/\/my.stlflix.com\/wp-content\/uploads\/2025\/05\/Octane_Can_Holderthumb_0dc0eee53f.jpg","contentUrl":"https:\/\/my.stlflix.com\/wp-content\/uploads\/2025\/05\/Octane_Can_Holderthumb_0dc0eee53f.jpg","width":1080,"height":1350},{"@type":"BreadcrumbList","@id":"https:\/\/my.stlflix.com\/pt-br\/product\/octane-can-holder-6924e4c948e36\/#breadcrumb","itemListElement":[{"@type":"ListItem","position":1,"name":"Home","item":"https:\/\/www.stlflix-store.com\/"},{"@type":"ListItem","position":2,"name":"Products","item":"https:\/\/www.stlflix-store.com\/shop\/"},{"@type":"ListItem","position":3,"name":"Octane &#8211; Can Holder"}]},{"@type":"WebSite","@id":"https:\/\/my.stlflix.com\/#website","url":"https:\/\/my.stlflix.com\/","name":"MyStore - By STLFLIX","description":"","publisher":{"@id":"https:\/\/my.stlflix.com\/#organization"},"potentialAction":[{"@type":"SearchAction","target":{"@type":"EntryPoint","urlTemplate":"https:\/\/my.stlflix.com\/?s={search_term_string}"},"query-input":{"@type":"PropertyValueSpecification","valueRequired":true,"valueName":"search_term_string"}}],"inLanguage":"es-ES"},{"@type":"Organization","@id":"https:\/\/my.stlflix.com\/#organization","name":"MyStore - By STLFLIX","url":"https:\/\/my.stlflix.com\/","logo":{"@type":"ImageObject","inLanguage":"es-ES","@id":"https:\/\/my.stlflix.com\/#\/schema\/logo\/image\/","url":"https:\/\/my.stlflix.com\/wp-content\/uploads\/2024\/06\/logo-mystore.png","contentUrl":"https:\/\/my.stlflix.com\/wp-content\/uploads\/2024\/06\/logo-mystore.png","width":150,"height":41,"caption":"MyStore - By STLFLIX"},"image":{"@id":"https:\/\/my.stlflix.com\/#\/schema\/logo\/image\/"},"sameAs":["https:\/\/www.facebook.com\/STLFLIX","https:\/\/www.instagram.com\/stlflix_\/","https:\/\/www.tiktok.com\/@stlflix"]}]}},"_links":{"self":[{"href":"https:\/\/my.stlflix.com\/es\/wp-json\/wp\/v2\/product\/483070","targetHints":{"allow":["GET"]}}],"collection":[{"href":"https:\/\/my.stlflix.com\/es\/wp-json\/wp\/v2\/product"}],"about":[{"href":"https:\/\/my.stlflix.com\/es\/wp-json\/wp\/v2\/types\/product"}],"replies":[{"embeddable":true,"href":"https:\/\/my.stlflix.com\/es\/wp-json\/wp\/v2\/comments?post=483070"}],"wp:featuredmedia":[{"embeddable":true,"href":"https:\/\/my.stlflix.com\/es\/wp-json\/wp\/v2\/media\/359519"}],"wp:attachment":[{"href":"https:\/\/my.stlflix.com\/es\/wp-json\/wp\/v2\/media?parent=483070"}],"wp:term":[{"taxonomy":"product_brand","embeddable":true,"href":"https:\/\/my.stlflix.com\/es\/wp-json\/wp\/v2\/product_brand?post=483070"},{"taxonomy":"product_cat","embeddable":true,"href":"https:\/\/my.stlflix.com\/es\/wp-json\/wp\/v2\/product_cat?post=483070"},{"taxonomy":"product_tag","embeddable":true,"href":"https:\/\/my.stlflix.com\/es\/wp-json\/wp\/v2\/product_tag?post=483070"}],"curies":[{"name":"wp","href":"https:\/\/api.w.org\/{rel}","templated":true}]}}