{"id":488144,"date":"2025-11-30T17:31:07","date_gmt":"2025-11-30T17:31:07","guid":{"rendered":"https:\/\/my.stlflix.com\/?post_type=product&#038;p=488144"},"modified":"2026-01-12T12:39:23","modified_gmt":"2026-01-12T12:39:23","slug":"bordeaux-the-octopus-wine-holder-692c794f448a0","status":"publish","type":"product","link":"https:\/\/my.stlflix.com\/es\/product\/bordeaux-the-octopus-wine-holder-692c794f448a0\/","title":{"rendered":"Bordeaux, O Porta-Vinhos Polvo"},"content":{"rendered":"<p><strong>DESCRI\u00c7\u00c3O:<\/strong><\/p>\n<p>Bordeaux nasceu na costa francesa, mas como os oceanos n\u00e3o t\u00eam fronteiras, ela frequentemente viaja pelo mundo para provar diferentes vinhos.<\/p>\n<p>N\u00e3o se preocupe! Ele toma apenas um gole, como um sommelier.<\/p>\n<p>(\u00c9 um porta-vinho, caso voc\u00ea n\u00e3o tenha notado)<\/p>\n<p>ATEN\u00c7\u00c3O:<\/p>\n<p>Cor Azul<\/p>\n<p>Medidas para uma Garrafa;<\/p>\n<p>Bordeaux_The_Octopus.stl &#8211; Cabe em garrafa de 3&#8243; de di\u00e2metro.<br \/>\nBordeaux_The_Octopus_3.2&#8243; &#8211; Cabe garrafa de 3,2&#8243; de di\u00e2metro.<br \/>\nBordeaux_The_Octopus_3,45&#8243; &#8211; Cabe uma garrafa de 3,45&#8243; de di\u00e2metro. (*Nota: o modelo maior n\u00e3o cabe em uma cama de 235 x 235 mm)<\/p>\n<p>&nbsp;<\/p>\n<p><strong>Projetado por:<\/strong>\u00a0STLFLIX<\/p>\n","protected":false},"excerpt":{"rendered":"<p>DESCRI\u00c7\u00c3O: Bordeaux nasceu na costa francesa, mas como os oceanos n\u00e3o t\u00eam fronteiras, ela frequentemente viaja pelo mundo para provar diferentes vinhos. N\u00e3o se preocupe! Ele toma apenas um gole, como um sommelier. (\u00c9 um porta-vinho, caso voc\u00ea n\u00e3o tenha notado) ATEN\u00c7\u00c3O: Cor Azul Medidas para uma Garrafa; Bordeaux_The_Octopus.stl &#8211; Cabe em garrafa de 3&#8243; [&hellip;]<\/p>\n","protected":false},"featured_media":9320,"comment_status":"open","ping_status":"closed","template":"","meta":[],"product_brand":[],"product_cat":[52],"product_tag":[7043],"class_list":{"0":"post-488144","1":"product","2":"type-product","3":"status-publish","4":"has-post-thumbnail","6":"product_cat-best-sellers","7":"product_tag-decoracao-de-casa","9":"first","10":"instock","11":"sale","12":"taxable","13":"shipping-taxable","14":"purchasable","15":"product-type-simple"},"yoast_head":"<!-- This site is optimized with the Yoast SEO plugin v25.1 - https:\/\/yoast.com\/wordpress\/plugins\/seo\/ -->\n<title>Bordeaux, O Porta-Vinhos Polvo - MyStore - By STLFLIX<\/title>\n<meta name=\"robots\" content=\"index, follow, max-snippet:-1, max-image-preview:large, max-video-preview:-1\" \/>\n<link rel=\"canonical\" href=\"https:\/\/www.monitorstlflix.com\/product\/bordeaux-the-octopus-wine-holder-692c794f448a0\/\" \/>\n<meta property=\"og:locale\" content=\"es_ES\" \/>\n<meta property=\"og:type\" content=\"article\" \/>\n<meta property=\"og:title\" content=\"Bordeaux, O Porta-Vinhos Polvo - MyStore - By STLFLIX\" \/>\n<meta property=\"og:description\" content=\"DESCRI\u00c7\u00c3O: Bordeaux nasceu na costa francesa, mas como os oceanos n\u00e3o t\u00eam fronteiras, ela frequentemente viaja pelo mundo para provar diferentes vinhos. N\u00e3o se preocupe! Ele toma apenas um gole, como um sommelier. (\u00c9 um porta-vinho, caso voc\u00ea n\u00e3o tenha notado) ATEN\u00c7\u00c3O: Cor Azul Medidas para uma Garrafa; Bordeaux_The_Octopus.stl &#8211; Cabe em garrafa de 3&#8243; [&hellip;]\" \/>\n<meta property=\"og:url\" content=\"https:\/\/www.monitorstlflix.com\/product\/bordeaux-the-octopus-wine-holder-692c794f448a0\/\" \/>\n<meta property=\"og:site_name\" content=\"MyStore - By STLFLIX\" \/>\n<meta property=\"article:publisher\" content=\"https:\/\/www.facebook.com\/STLFLIX\" \/>\n<meta property=\"article:modified_time\" content=\"2026-01-12T12:39:23+00:00\" \/>\n<meta property=\"og:image\" content=\"https:\/\/www.monitorstlflix.com\/wp-content\/uploads\/2024\/03\/Bordeaux_the_octopus_142bcaedc2.png\" \/>\n\t<meta property=\"og:image:width\" content=\"542\" \/>\n\t<meta property=\"og:image:height\" content=\"678\" \/>\n\t<meta property=\"og:image:type\" content=\"image\/png\" \/>\n<meta name=\"twitter:card\" content=\"summary_large_image\" \/>\n<meta name=\"twitter:label1\" content=\"Est. reading time\" \/>\n\t<meta name=\"twitter:data1\" content=\"1 minute\" \/>\n<script type=\"application\/ld+json\" class=\"yoast-schema-graph\">{\"@context\":\"https:\/\/schema.org\",\"@graph\":[{\"@type\":\"WebPage\",\"@id\":\"https:\/\/www.monitorstlflix.com\/product\/bordeaux-the-octopus-wine-holder-692c794f448a0\/\",\"url\":\"https:\/\/www.monitorstlflix.com\/product\/bordeaux-the-octopus-wine-holder-692c794f448a0\/\",\"name\":\"Bordeaux, O Porta-Vinhos Polvo - MyStore - By STLFLIX\",\"isPartOf\":{\"@id\":\"https:\/\/my.stlflix.com\/#website\"},\"primaryImageOfPage\":{\"@id\":\"https:\/\/www.monitorstlflix.com\/product\/bordeaux-the-octopus-wine-holder-692c794f448a0\/#primaryimage\"},\"image\":{\"@id\":\"https:\/\/www.monitorstlflix.com\/product\/bordeaux-the-octopus-wine-holder-692c794f448a0\/#primaryimage\"},\"thumbnailUrl\":\"https:\/\/my.stlflix.com\/wp-content\/uploads\/2024\/03\/Bordeaux_the_octopus_142bcaedc2.png\",\"datePublished\":\"2025-11-30T17:31:07+00:00\",\"dateModified\":\"2026-01-12T12:39:23+00:00\",\"breadcrumb\":{\"@id\":\"https:\/\/www.monitorstlflix.com\/product\/bordeaux-the-octopus-wine-holder-692c794f448a0\/#breadcrumb\"},\"inLanguage\":\"es-ES\",\"potentialAction\":[{\"@type\":\"ReadAction\",\"target\":[\"https:\/\/www.monitorstlflix.com\/product\/bordeaux-the-octopus-wine-holder-692c794f448a0\/\"]}]},{\"@type\":\"ImageObject\",\"inLanguage\":\"es-ES\",\"@id\":\"https:\/\/www.monitorstlflix.com\/product\/bordeaux-the-octopus-wine-holder-692c794f448a0\/#primaryimage\",\"url\":\"https:\/\/my.stlflix.com\/wp-content\/uploads\/2024\/03\/Bordeaux_the_octopus_142bcaedc2.png\",\"contentUrl\":\"https:\/\/my.stlflix.com\/wp-content\/uploads\/2024\/03\/Bordeaux_the_octopus_142bcaedc2.png\",\"width\":542,\"height\":678},{\"@type\":\"BreadcrumbList\",\"@id\":\"https:\/\/www.monitorstlflix.com\/product\/bordeaux-the-octopus-wine-holder-692c794f448a0\/#breadcrumb\",\"itemListElement\":[{\"@type\":\"ListItem\",\"position\":1,\"name\":\"Home\",\"item\":\"https:\/\/www.stlflix-store.com\/\"},{\"@type\":\"ListItem\",\"position\":2,\"name\":\"Products\",\"item\":\"https:\/\/www.stlflix-store.com\/shop\/\"},{\"@type\":\"ListItem\",\"position\":3,\"name\":\"Bordeaux, O Porta-Vinhos Polvo\"}]},{\"@type\":\"WebSite\",\"@id\":\"https:\/\/my.stlflix.com\/#website\",\"url\":\"https:\/\/my.stlflix.com\/\",\"name\":\"MyStore - By STLFLIX\",\"description\":\"\",\"publisher\":{\"@id\":\"https:\/\/my.stlflix.com\/#organization\"},\"potentialAction\":[{\"@type\":\"SearchAction\",\"target\":{\"@type\":\"EntryPoint\",\"urlTemplate\":\"https:\/\/my.stlflix.com\/?s={search_term_string}\"},\"query-input\":{\"@type\":\"PropertyValueSpecification\",\"valueRequired\":true,\"valueName\":\"search_term_string\"}}],\"inLanguage\":\"es-ES\"},{\"@type\":\"Organization\",\"@id\":\"https:\/\/my.stlflix.com\/#organization\",\"name\":\"MyStore - By STLFLIX\",\"url\":\"https:\/\/my.stlflix.com\/\",\"logo\":{\"@type\":\"ImageObject\",\"inLanguage\":\"es-ES\",\"@id\":\"https:\/\/my.stlflix.com\/#\/schema\/logo\/image\/\",\"url\":\"https:\/\/my.stlflix.com\/wp-content\/uploads\/2024\/06\/logo-mystore.png\",\"contentUrl\":\"https:\/\/my.stlflix.com\/wp-content\/uploads\/2024\/06\/logo-mystore.png\",\"width\":150,\"height\":41,\"caption\":\"MyStore - By STLFLIX\"},\"image\":{\"@id\":\"https:\/\/my.stlflix.com\/#\/schema\/logo\/image\/\"},\"sameAs\":[\"https:\/\/www.facebook.com\/STLFLIX\",\"https:\/\/www.instagram.com\/stlflix_\/\",\"https:\/\/www.tiktok.com\/@stlflix\"]}]}<\/script>\n<!-- \/ Yoast SEO plugin. -->","yoast_head_json":{"title":"Bordeaux, O Porta-Vinhos Polvo - MyStore - By STLFLIX","robots":{"index":"index","follow":"follow","max-snippet":"max-snippet:-1","max-image-preview":"max-image-preview:large","max-video-preview":"max-video-preview:-1"},"canonical":"https:\/\/www.monitorstlflix.com\/product\/bordeaux-the-octopus-wine-holder-692c794f448a0\/","og_locale":"es_ES","og_type":"article","og_title":"Bordeaux, O Porta-Vinhos Polvo - MyStore - By STLFLIX","og_description":"DESCRI\u00c7\u00c3O: Bordeaux nasceu na costa francesa, mas como os oceanos n\u00e3o t\u00eam fronteiras, ela frequentemente viaja pelo mundo para provar diferentes vinhos. N\u00e3o se preocupe! Ele toma apenas um gole, como um sommelier. (\u00c9 um porta-vinho, caso voc\u00ea n\u00e3o tenha notado) ATEN\u00c7\u00c3O: Cor Azul Medidas para uma Garrafa; Bordeaux_The_Octopus.stl &#8211; Cabe em garrafa de 3&#8243; [&hellip;]","og_url":"https:\/\/www.monitorstlflix.com\/product\/bordeaux-the-octopus-wine-holder-692c794f448a0\/","og_site_name":"MyStore - By STLFLIX","article_publisher":"https:\/\/www.facebook.com\/STLFLIX","article_modified_time":"2026-01-12T12:39:23+00:00","og_image":[{"width":542,"height":678,"url":"https:\/\/www.monitorstlflix.com\/wp-content\/uploads\/2024\/03\/Bordeaux_the_octopus_142bcaedc2.png","type":"image\/png"}],"twitter_card":"summary_large_image","twitter_misc":{"Est. reading time":"1 minute"},"schema":{"@context":"https:\/\/schema.org","@graph":[{"@type":"WebPage","@id":"https:\/\/www.monitorstlflix.com\/product\/bordeaux-the-octopus-wine-holder-692c794f448a0\/","url":"https:\/\/www.monitorstlflix.com\/product\/bordeaux-the-octopus-wine-holder-692c794f448a0\/","name":"Bordeaux, O Porta-Vinhos Polvo - MyStore - By STLFLIX","isPartOf":{"@id":"https:\/\/my.stlflix.com\/#website"},"primaryImageOfPage":{"@id":"https:\/\/www.monitorstlflix.com\/product\/bordeaux-the-octopus-wine-holder-692c794f448a0\/#primaryimage"},"image":{"@id":"https:\/\/www.monitorstlflix.com\/product\/bordeaux-the-octopus-wine-holder-692c794f448a0\/#primaryimage"},"thumbnailUrl":"https:\/\/my.stlflix.com\/wp-content\/uploads\/2024\/03\/Bordeaux_the_octopus_142bcaedc2.png","datePublished":"2025-11-30T17:31:07+00:00","dateModified":"2026-01-12T12:39:23+00:00","breadcrumb":{"@id":"https:\/\/www.monitorstlflix.com\/product\/bordeaux-the-octopus-wine-holder-692c794f448a0\/#breadcrumb"},"inLanguage":"es-ES","potentialAction":[{"@type":"ReadAction","target":["https:\/\/www.monitorstlflix.com\/product\/bordeaux-the-octopus-wine-holder-692c794f448a0\/"]}]},{"@type":"ImageObject","inLanguage":"es-ES","@id":"https:\/\/www.monitorstlflix.com\/product\/bordeaux-the-octopus-wine-holder-692c794f448a0\/#primaryimage","url":"https:\/\/my.stlflix.com\/wp-content\/uploads\/2024\/03\/Bordeaux_the_octopus_142bcaedc2.png","contentUrl":"https:\/\/my.stlflix.com\/wp-content\/uploads\/2024\/03\/Bordeaux_the_octopus_142bcaedc2.png","width":542,"height":678},{"@type":"BreadcrumbList","@id":"https:\/\/www.monitorstlflix.com\/product\/bordeaux-the-octopus-wine-holder-692c794f448a0\/#breadcrumb","itemListElement":[{"@type":"ListItem","position":1,"name":"Home","item":"https:\/\/www.stlflix-store.com\/"},{"@type":"ListItem","position":2,"name":"Products","item":"https:\/\/www.stlflix-store.com\/shop\/"},{"@type":"ListItem","position":3,"name":"Bordeaux, O Porta-Vinhos Polvo"}]},{"@type":"WebSite","@id":"https:\/\/my.stlflix.com\/#website","url":"https:\/\/my.stlflix.com\/","name":"MyStore - By STLFLIX","description":"","publisher":{"@id":"https:\/\/my.stlflix.com\/#organization"},"potentialAction":[{"@type":"SearchAction","target":{"@type":"EntryPoint","urlTemplate":"https:\/\/my.stlflix.com\/?s={search_term_string}"},"query-input":{"@type":"PropertyValueSpecification","valueRequired":true,"valueName":"search_term_string"}}],"inLanguage":"es-ES"},{"@type":"Organization","@id":"https:\/\/my.stlflix.com\/#organization","name":"MyStore - By STLFLIX","url":"https:\/\/my.stlflix.com\/","logo":{"@type":"ImageObject","inLanguage":"es-ES","@id":"https:\/\/my.stlflix.com\/#\/schema\/logo\/image\/","url":"https:\/\/my.stlflix.com\/wp-content\/uploads\/2024\/06\/logo-mystore.png","contentUrl":"https:\/\/my.stlflix.com\/wp-content\/uploads\/2024\/06\/logo-mystore.png","width":150,"height":41,"caption":"MyStore - By STLFLIX"},"image":{"@id":"https:\/\/my.stlflix.com\/#\/schema\/logo\/image\/"},"sameAs":["https:\/\/www.facebook.com\/STLFLIX","https:\/\/www.instagram.com\/stlflix_\/","https:\/\/www.tiktok.com\/@stlflix"]}]}},"_links":{"self":[{"href":"https:\/\/my.stlflix.com\/es\/wp-json\/wp\/v2\/product\/488144","targetHints":{"allow":["GET"]}}],"collection":[{"href":"https:\/\/my.stlflix.com\/es\/wp-json\/wp\/v2\/product"}],"about":[{"href":"https:\/\/my.stlflix.com\/es\/wp-json\/wp\/v2\/types\/product"}],"replies":[{"embeddable":true,"href":"https:\/\/my.stlflix.com\/es\/wp-json\/wp\/v2\/comments?post=488144"}],"wp:featuredmedia":[{"embeddable":true,"href":"https:\/\/my.stlflix.com\/es\/wp-json\/wp\/v2\/media\/9320"}],"wp:attachment":[{"href":"https:\/\/my.stlflix.com\/es\/wp-json\/wp\/v2\/media?parent=488144"}],"wp:term":[{"taxonomy":"product_brand","embeddable":true,"href":"https:\/\/my.stlflix.com\/es\/wp-json\/wp\/v2\/product_brand?post=488144"},{"taxonomy":"product_cat","embeddable":true,"href":"https:\/\/my.stlflix.com\/es\/wp-json\/wp\/v2\/product_cat?post=488144"},{"taxonomy":"product_tag","embeddable":true,"href":"https:\/\/my.stlflix.com\/es\/wp-json\/wp\/v2\/product_tag?post=488144"}],"curies":[{"name":"wp","href":"https:\/\/api.w.org\/{rel}","templated":true}]}}