{"id":488245,"date":"2025-11-30T22:23:25","date_gmt":"2025-11-30T22:23:25","guid":{"rendered":"https:\/\/my.stlflix.com\/?post_type=product&#038;p=488245"},"modified":"2025-11-30T22:23:26","modified_gmt":"2025-11-30T22:23:26","slug":"skeleton-parasaurolophus-692cc10471b93","status":"publish","type":"product","link":"https:\/\/my.stlflix.com\/es\/product\/skeleton-parasaurolophus-692cc10471b93\/","title":{"rendered":"Skeleton Parasaurolophus"},"content":{"rendered":"<p data-path-to-node=\"21\">Procurando o <i>fidget toy<\/i> definitivo ou o presente perfeito para quem ama dinossauros? Este Parasaurolophus n\u00e3o \u00e9 uma est\u00e1tua est\u00e1tica. Gra\u00e7as ao seu design inteligente de articula\u00e7\u00f5es em s\u00e9rie, ele se move com uma fluidez impressionante. \u00c9 imposs\u00edvel pegar nele e n\u00e3o come\u00e7ar a brincar!<\/p>\n<p data-path-to-node=\"22\">Robusto, detalhado e incrivelmente divertido de manusear. Veja a anatomia pr\u00e9-hist\u00f3rica ganhar vida nas suas m\u00e3os.<\/p>\n<p data-path-to-node=\"23\">\u2705 <b>Destaques:<\/b><\/p>\n<ul data-path-to-node=\"24\">\n<li>\n<p data-path-to-node=\"24,0,0\">Impress\u00e3o de alta qualidade.<\/p>\n<\/li>\n<li>\n<p data-path-to-node=\"24,1,0\">Articula\u00e7\u00f5es resistentes.<\/p>\n<\/li>\n<li>\n<p data-path-to-node=\"24,2,0\">Design anat\u00f4mico estilizado.<\/p>\n<\/li>\n<\/ul>\n","protected":false},"excerpt":{"rendered":"<p>Procurando o fidget toy definitivo ou o presente perfeito para quem ama dinossauros? Este Parasaurolophus n\u00e3o \u00e9 uma est\u00e1tua est\u00e1tica. Gra\u00e7as ao seu design inteligente de articula\u00e7\u00f5es em s\u00e9rie, ele se move com uma fluidez impressionante. \u00c9 imposs\u00edvel pegar nele e n\u00e3o come\u00e7ar a brincar! Robusto, detalhado e incrivelmente divertido de manusear. Veja a anatomia [&hellip;]<\/p>\n","protected":false},"featured_media":456034,"comment_status":"open","ping_status":"closed","template":"","meta":[],"product_brand":[],"product_cat":[15],"product_tag":[354,6995],"class_list":{"0":"post-488245","1":"product","2":"type-product","3":"status-publish","4":"has-post-thumbnail","6":"product_cat-uncategorized","7":"product_tag-collector-dinosaur","8":"product_tag-skeleton-dino","10":"first","11":"instock","12":"sale","13":"taxable","14":"shipping-taxable","15":"purchasable","16":"product-type-simple"},"yoast_head":"<!-- This site is optimized with the Yoast SEO plugin v25.1 - https:\/\/yoast.com\/wordpress\/plugins\/seo\/ -->\n<title>Skeleton Parasaurolophus - MyStore - By STLFLIX<\/title>\n<meta name=\"robots\" content=\"index, follow, max-snippet:-1, max-image-preview:large, max-video-preview:-1\" \/>\n<link rel=\"canonical\" href=\"https:\/\/www.lojadomandela3d.biz\/product\/skeleton-parasaurolophus-692cc10471b93\/\" \/>\n<meta property=\"og:locale\" content=\"es_ES\" \/>\n<meta property=\"og:type\" content=\"article\" \/>\n<meta property=\"og:title\" content=\"Skeleton Parasaurolophus - MyStore - By STLFLIX\" \/>\n<meta property=\"og:description\" content=\"Procurando o fidget toy definitivo ou o presente perfeito para quem ama dinossauros? Este Parasaurolophus n\u00e3o \u00e9 uma est\u00e1tua est\u00e1tica. Gra\u00e7as ao seu design inteligente de articula\u00e7\u00f5es em s\u00e9rie, ele se move com uma fluidez impressionante. \u00c9 imposs\u00edvel pegar nele e n\u00e3o come\u00e7ar a brincar! Robusto, detalhado e incrivelmente divertido de manusear. Veja a anatomia [&hellip;]\" \/>\n<meta property=\"og:url\" content=\"https:\/\/www.lojadomandela3d.biz\/product\/skeleton-parasaurolophus-692cc10471b93\/\" \/>\n<meta property=\"og:site_name\" content=\"MyStore - By STLFLIX\" \/>\n<meta property=\"article:publisher\" content=\"https:\/\/www.facebook.com\/STLFLIX\" \/>\n<meta property=\"article:modified_time\" content=\"2025-11-30T22:23:26+00:00\" \/>\n<meta property=\"og:image\" content=\"https:\/\/www.lojadomandela3d.biz\/wp-content\/uploads\/2025\/10\/Skeleton_Parasaurolophusthumb_742c627625.jpg\" \/>\n\t<meta property=\"og:image:width\" content=\"1080\" \/>\n\t<meta property=\"og:image:height\" content=\"1350\" \/>\n\t<meta property=\"og:image:type\" content=\"image\/jpeg\" \/>\n<meta name=\"twitter:card\" content=\"summary_large_image\" \/>\n<script type=\"application\/ld+json\" class=\"yoast-schema-graph\">{\"@context\":\"https:\/\/schema.org\",\"@graph\":[{\"@type\":\"WebPage\",\"@id\":\"https:\/\/www.lojadomandela3d.biz\/product\/skeleton-parasaurolophus-692cc10471b93\/\",\"url\":\"https:\/\/www.lojadomandela3d.biz\/product\/skeleton-parasaurolophus-692cc10471b93\/\",\"name\":\"Skeleton Parasaurolophus - MyStore - By STLFLIX\",\"isPartOf\":{\"@id\":\"https:\/\/my.stlflix.com\/#website\"},\"primaryImageOfPage\":{\"@id\":\"https:\/\/www.lojadomandela3d.biz\/product\/skeleton-parasaurolophus-692cc10471b93\/#primaryimage\"},\"image\":{\"@id\":\"https:\/\/www.lojadomandela3d.biz\/product\/skeleton-parasaurolophus-692cc10471b93\/#primaryimage\"},\"thumbnailUrl\":\"https:\/\/my.stlflix.com\/wp-content\/uploads\/2025\/10\/Skeleton_Parasaurolophusthumb_742c627625.jpg\",\"datePublished\":\"2025-11-30T22:23:25+00:00\",\"dateModified\":\"2025-11-30T22:23:26+00:00\",\"breadcrumb\":{\"@id\":\"https:\/\/www.lojadomandela3d.biz\/product\/skeleton-parasaurolophus-692cc10471b93\/#breadcrumb\"},\"inLanguage\":\"es-ES\",\"potentialAction\":[{\"@type\":\"ReadAction\",\"target\":[\"https:\/\/www.lojadomandela3d.biz\/product\/skeleton-parasaurolophus-692cc10471b93\/\"]}]},{\"@type\":\"ImageObject\",\"inLanguage\":\"es-ES\",\"@id\":\"https:\/\/www.lojadomandela3d.biz\/product\/skeleton-parasaurolophus-692cc10471b93\/#primaryimage\",\"url\":\"https:\/\/my.stlflix.com\/wp-content\/uploads\/2025\/10\/Skeleton_Parasaurolophusthumb_742c627625.jpg\",\"contentUrl\":\"https:\/\/my.stlflix.com\/wp-content\/uploads\/2025\/10\/Skeleton_Parasaurolophusthumb_742c627625.jpg\",\"width\":1080,\"height\":1350},{\"@type\":\"BreadcrumbList\",\"@id\":\"https:\/\/www.lojadomandela3d.biz\/product\/skeleton-parasaurolophus-692cc10471b93\/#breadcrumb\",\"itemListElement\":[{\"@type\":\"ListItem\",\"position\":1,\"name\":\"Home\",\"item\":\"https:\/\/www.stlflix-store.com\/\"},{\"@type\":\"ListItem\",\"position\":2,\"name\":\"Products\",\"item\":\"https:\/\/www.stlflix-store.com\/shop\/\"},{\"@type\":\"ListItem\",\"position\":3,\"name\":\"Skeleton Parasaurolophus\"}]},{\"@type\":\"WebSite\",\"@id\":\"https:\/\/my.stlflix.com\/#website\",\"url\":\"https:\/\/my.stlflix.com\/\",\"name\":\"MyStore - By STLFLIX\",\"description\":\"\",\"publisher\":{\"@id\":\"https:\/\/my.stlflix.com\/#organization\"},\"potentialAction\":[{\"@type\":\"SearchAction\",\"target\":{\"@type\":\"EntryPoint\",\"urlTemplate\":\"https:\/\/my.stlflix.com\/?s={search_term_string}\"},\"query-input\":{\"@type\":\"PropertyValueSpecification\",\"valueRequired\":true,\"valueName\":\"search_term_string\"}}],\"inLanguage\":\"es-ES\"},{\"@type\":\"Organization\",\"@id\":\"https:\/\/my.stlflix.com\/#organization\",\"name\":\"MyStore - By STLFLIX\",\"url\":\"https:\/\/my.stlflix.com\/\",\"logo\":{\"@type\":\"ImageObject\",\"inLanguage\":\"es-ES\",\"@id\":\"https:\/\/my.stlflix.com\/#\/schema\/logo\/image\/\",\"url\":\"https:\/\/my.stlflix.com\/wp-content\/uploads\/2024\/06\/logo-mystore.png\",\"contentUrl\":\"https:\/\/my.stlflix.com\/wp-content\/uploads\/2024\/06\/logo-mystore.png\",\"width\":150,\"height\":41,\"caption\":\"MyStore - By STLFLIX\"},\"image\":{\"@id\":\"https:\/\/my.stlflix.com\/#\/schema\/logo\/image\/\"},\"sameAs\":[\"https:\/\/www.facebook.com\/STLFLIX\",\"https:\/\/www.instagram.com\/stlflix_\/\",\"https:\/\/www.tiktok.com\/@stlflix\"]}]}<\/script>\n<!-- \/ Yoast SEO plugin. -->","yoast_head_json":{"title":"Skeleton Parasaurolophus - MyStore - By STLFLIX","robots":{"index":"index","follow":"follow","max-snippet":"max-snippet:-1","max-image-preview":"max-image-preview:large","max-video-preview":"max-video-preview:-1"},"canonical":"https:\/\/www.lojadomandela3d.biz\/product\/skeleton-parasaurolophus-692cc10471b93\/","og_locale":"es_ES","og_type":"article","og_title":"Skeleton Parasaurolophus - MyStore - By STLFLIX","og_description":"Procurando o fidget toy definitivo ou o presente perfeito para quem ama dinossauros? Este Parasaurolophus n\u00e3o \u00e9 uma est\u00e1tua est\u00e1tica. Gra\u00e7as ao seu design inteligente de articula\u00e7\u00f5es em s\u00e9rie, ele se move com uma fluidez impressionante. \u00c9 imposs\u00edvel pegar nele e n\u00e3o come\u00e7ar a brincar! Robusto, detalhado e incrivelmente divertido de manusear. Veja a anatomia [&hellip;]","og_url":"https:\/\/www.lojadomandela3d.biz\/product\/skeleton-parasaurolophus-692cc10471b93\/","og_site_name":"MyStore - By STLFLIX","article_publisher":"https:\/\/www.facebook.com\/STLFLIX","article_modified_time":"2025-11-30T22:23:26+00:00","og_image":[{"width":1080,"height":1350,"url":"https:\/\/www.lojadomandela3d.biz\/wp-content\/uploads\/2025\/10\/Skeleton_Parasaurolophusthumb_742c627625.jpg","type":"image\/jpeg"}],"twitter_card":"summary_large_image","schema":{"@context":"https:\/\/schema.org","@graph":[{"@type":"WebPage","@id":"https:\/\/www.lojadomandela3d.biz\/product\/skeleton-parasaurolophus-692cc10471b93\/","url":"https:\/\/www.lojadomandela3d.biz\/product\/skeleton-parasaurolophus-692cc10471b93\/","name":"Skeleton Parasaurolophus - MyStore - By STLFLIX","isPartOf":{"@id":"https:\/\/my.stlflix.com\/#website"},"primaryImageOfPage":{"@id":"https:\/\/www.lojadomandela3d.biz\/product\/skeleton-parasaurolophus-692cc10471b93\/#primaryimage"},"image":{"@id":"https:\/\/www.lojadomandela3d.biz\/product\/skeleton-parasaurolophus-692cc10471b93\/#primaryimage"},"thumbnailUrl":"https:\/\/my.stlflix.com\/wp-content\/uploads\/2025\/10\/Skeleton_Parasaurolophusthumb_742c627625.jpg","datePublished":"2025-11-30T22:23:25+00:00","dateModified":"2025-11-30T22:23:26+00:00","breadcrumb":{"@id":"https:\/\/www.lojadomandela3d.biz\/product\/skeleton-parasaurolophus-692cc10471b93\/#breadcrumb"},"inLanguage":"es-ES","potentialAction":[{"@type":"ReadAction","target":["https:\/\/www.lojadomandela3d.biz\/product\/skeleton-parasaurolophus-692cc10471b93\/"]}]},{"@type":"ImageObject","inLanguage":"es-ES","@id":"https:\/\/www.lojadomandela3d.biz\/product\/skeleton-parasaurolophus-692cc10471b93\/#primaryimage","url":"https:\/\/my.stlflix.com\/wp-content\/uploads\/2025\/10\/Skeleton_Parasaurolophusthumb_742c627625.jpg","contentUrl":"https:\/\/my.stlflix.com\/wp-content\/uploads\/2025\/10\/Skeleton_Parasaurolophusthumb_742c627625.jpg","width":1080,"height":1350},{"@type":"BreadcrumbList","@id":"https:\/\/www.lojadomandela3d.biz\/product\/skeleton-parasaurolophus-692cc10471b93\/#breadcrumb","itemListElement":[{"@type":"ListItem","position":1,"name":"Home","item":"https:\/\/www.stlflix-store.com\/"},{"@type":"ListItem","position":2,"name":"Products","item":"https:\/\/www.stlflix-store.com\/shop\/"},{"@type":"ListItem","position":3,"name":"Skeleton Parasaurolophus"}]},{"@type":"WebSite","@id":"https:\/\/my.stlflix.com\/#website","url":"https:\/\/my.stlflix.com\/","name":"MyStore - By STLFLIX","description":"","publisher":{"@id":"https:\/\/my.stlflix.com\/#organization"},"potentialAction":[{"@type":"SearchAction","target":{"@type":"EntryPoint","urlTemplate":"https:\/\/my.stlflix.com\/?s={search_term_string}"},"query-input":{"@type":"PropertyValueSpecification","valueRequired":true,"valueName":"search_term_string"}}],"inLanguage":"es-ES"},{"@type":"Organization","@id":"https:\/\/my.stlflix.com\/#organization","name":"MyStore - By STLFLIX","url":"https:\/\/my.stlflix.com\/","logo":{"@type":"ImageObject","inLanguage":"es-ES","@id":"https:\/\/my.stlflix.com\/#\/schema\/logo\/image\/","url":"https:\/\/my.stlflix.com\/wp-content\/uploads\/2024\/06\/logo-mystore.png","contentUrl":"https:\/\/my.stlflix.com\/wp-content\/uploads\/2024\/06\/logo-mystore.png","width":150,"height":41,"caption":"MyStore - By STLFLIX"},"image":{"@id":"https:\/\/my.stlflix.com\/#\/schema\/logo\/image\/"},"sameAs":["https:\/\/www.facebook.com\/STLFLIX","https:\/\/www.instagram.com\/stlflix_\/","https:\/\/www.tiktok.com\/@stlflix"]}]}},"_links":{"self":[{"href":"https:\/\/my.stlflix.com\/es\/wp-json\/wp\/v2\/product\/488245","targetHints":{"allow":["GET"]}}],"collection":[{"href":"https:\/\/my.stlflix.com\/es\/wp-json\/wp\/v2\/product"}],"about":[{"href":"https:\/\/my.stlflix.com\/es\/wp-json\/wp\/v2\/types\/product"}],"replies":[{"embeddable":true,"href":"https:\/\/my.stlflix.com\/es\/wp-json\/wp\/v2\/comments?post=488245"}],"wp:featuredmedia":[{"embeddable":true,"href":"https:\/\/my.stlflix.com\/es\/wp-json\/wp\/v2\/media\/456034"}],"wp:attachment":[{"href":"https:\/\/my.stlflix.com\/es\/wp-json\/wp\/v2\/media?parent=488245"}],"wp:term":[{"taxonomy":"product_brand","embeddable":true,"href":"https:\/\/my.stlflix.com\/es\/wp-json\/wp\/v2\/product_brand?post=488245"},{"taxonomy":"product_cat","embeddable":true,"href":"https:\/\/my.stlflix.com\/es\/wp-json\/wp\/v2\/product_cat?post=488245"},{"taxonomy":"product_tag","embeddable":true,"href":"https:\/\/my.stlflix.com\/es\/wp-json\/wp\/v2\/product_tag?post=488245"}],"curies":[{"name":"wp","href":"https:\/\/api.w.org\/{rel}","templated":true}]}}