{"id":488249,"date":"2025-12-01T00:01:19","date_gmt":"2025-12-01T00:01:19","guid":{"rendered":"https:\/\/my.stlflix.com\/?post_type=product&#038;p=488249"},"modified":"2025-12-01T00:01:20","modified_gmt":"2025-12-01T00:01:20","slug":"doorlicious-wreath-692cc1c52e3fe","status":"publish","type":"product","link":"https:\/\/my.stlflix.com\/es\/product\/doorlicious-wreath-692cc1c52e3fe\/","title":{"rendered":"Doorlicious &#8211; Wreath"},"content":{"rendered":"<p data-path-to-node=\"23\"><b>O Caminho de Volta para Casa Nunca Foi T\u00e3o Bonito \u2728<\/b><\/p>\n<p data-path-to-node=\"24\">Sabe aquela sensa\u00e7\u00e3o de al\u00edvio e alegria ao chegar em casa depois de um ano longo? N\u00f3s materializamos esse sentimento.<\/p>\n<p data-path-to-node=\"25\">A <b>Guirlanda Doorlicious<\/b> n\u00e3o \u00e9 apenas um enfeite de porta. \u00c9 um marco. \u00c9 o sinal luminoso que diz para a sua fam\u00edlia: &#8220;Chegamos. \u00c9 hora de celebrar, descansar e amar.&#8221;<\/p>\n<p data-path-to-node=\"26\">Com seus biscoitos de gengibre sorridentes e estrelas &#8220;a\u00e7ucaradas&#8221;, ela resgata a inoc\u00eancia da inf\u00e2ncia. Feita com a precis\u00e3o da impress\u00e3o 3D, ela \u00e9 uma obra de arte moderna que honra as tradi\u00e7\u00f5es mais doces do Natal.<\/p>\n<p data-path-to-node=\"27\">Uma pe\u00e7a para pendurar na porta e guardar no cora\u00e7\u00e3o.<\/p>\n<p data-path-to-node=\"28\">\ud83c\udf81 <b>Edi\u00e7\u00e3o Limitada de Natal.<\/b> Envie uma mensagem para garantir a sua pe\u00e7a exclusiva.<\/p>\n","protected":false},"excerpt":{"rendered":"<p>O Caminho de Volta para Casa Nunca Foi T\u00e3o Bonito \u2728 Sabe aquela sensa\u00e7\u00e3o de al\u00edvio e alegria ao chegar em casa depois de um ano longo? N\u00f3s materializamos esse sentimento. A Guirlanda Doorlicious n\u00e3o \u00e9 apenas um enfeite de porta. \u00c9 um marco. \u00c9 o sinal luminoso que diz para a sua fam\u00edlia: &#8220;Chegamos. [&hellip;]<\/p>\n","protected":false},"featured_media":477861,"comment_status":"open","ping_status":"closed","template":"","meta":[],"product_brand":[],"product_cat":[15],"product_tag":[7006,2907,7039,7040],"class_list":{"0":"post-488249","1":"product","2":"type-product","3":"status-publish","4":"has-post-thumbnail","6":"product_cat-uncategorized","7":"product_tag-christmas-2","8":"product_tag-enfeite-de-natal","9":"product_tag-enfeiteporta","10":"product_tag-guirlanda","12":"first","13":"onbackorder","14":"taxable","15":"shipping-taxable","16":"purchasable","17":"product-type-simple"},"yoast_head":"<!-- This site is optimized with the Yoast SEO plugin v25.1 - https:\/\/yoast.com\/wordpress\/plugins\/seo\/ -->\n<title>Doorlicious - Wreath - MyStore - By STLFLIX<\/title>\n<meta name=\"robots\" content=\"index, follow, max-snippet:-1, max-image-preview:large, max-video-preview:-1\" \/>\n<link rel=\"canonical\" href=\"https:\/\/my.stlflix.com\/es\/product\/doorlicious-wreath-692cc1c52e3fe\/\" \/>\n<meta property=\"og:locale\" content=\"es_ES\" \/>\n<meta property=\"og:type\" content=\"article\" \/>\n<meta property=\"og:title\" content=\"Doorlicious - Wreath - MyStore - By STLFLIX\" \/>\n<meta property=\"og:description\" content=\"O Caminho de Volta para Casa Nunca Foi T\u00e3o Bonito \u2728 Sabe aquela sensa\u00e7\u00e3o de al\u00edvio e alegria ao chegar em casa depois de um ano longo? N\u00f3s materializamos esse sentimento. A Guirlanda Doorlicious n\u00e3o \u00e9 apenas um enfeite de porta. \u00c9 um marco. \u00c9 o sinal luminoso que diz para a sua fam\u00edlia: &#8220;Chegamos. [&hellip;]\" \/>\n<meta property=\"og:url\" content=\"https:\/\/my.stlflix.com\/es\/product\/doorlicious-wreath-692cc1c52e3fe\/\" \/>\n<meta property=\"og:site_name\" content=\"MyStore - By STLFLIX\" \/>\n<meta property=\"article:publisher\" content=\"https:\/\/www.facebook.com\/STLFLIX\" \/>\n<meta property=\"article:modified_time\" content=\"2025-12-01T00:01:20+00:00\" \/>\n<meta property=\"og:image\" content=\"https:\/\/my.stlflix.com\/wp-content\/uploads\/2025\/11\/Doorlicious_Wreath_thumb_7efcb9532a.png\" \/>\n\t<meta property=\"og:image:width\" content=\"1080\" \/>\n\t<meta property=\"og:image:height\" content=\"1350\" \/>\n\t<meta property=\"og:image:type\" content=\"image\/png\" \/>\n<meta name=\"twitter:card\" content=\"summary_large_image\" \/>\n<meta name=\"twitter:label1\" content=\"Est. reading time\" \/>\n\t<meta name=\"twitter:data1\" content=\"1 minute\" \/>\n<script type=\"application\/ld+json\" class=\"yoast-schema-graph\">{\"@context\":\"https:\/\/schema.org\",\"@graph\":[{\"@type\":\"WebPage\",\"@id\":\"https:\/\/my.stlflix.com\/es\/product\/doorlicious-wreath-692cc1c52e3fe\/\",\"url\":\"https:\/\/my.stlflix.com\/es\/product\/doorlicious-wreath-692cc1c52e3fe\/\",\"name\":\"Doorlicious - Wreath - MyStore - By STLFLIX\",\"isPartOf\":{\"@id\":\"https:\/\/my.stlflix.com\/#website\"},\"primaryImageOfPage\":{\"@id\":\"https:\/\/my.stlflix.com\/es\/product\/doorlicious-wreath-692cc1c52e3fe\/#primaryimage\"},\"image\":{\"@id\":\"https:\/\/my.stlflix.com\/es\/product\/doorlicious-wreath-692cc1c52e3fe\/#primaryimage\"},\"thumbnailUrl\":\"https:\/\/my.stlflix.com\/wp-content\/uploads\/2025\/11\/Doorlicious_Wreath_thumb_7efcb9532a.png\",\"datePublished\":\"2025-12-01T00:01:19+00:00\",\"dateModified\":\"2025-12-01T00:01:20+00:00\",\"breadcrumb\":{\"@id\":\"https:\/\/my.stlflix.com\/es\/product\/doorlicious-wreath-692cc1c52e3fe\/#breadcrumb\"},\"inLanguage\":\"es-ES\",\"potentialAction\":[{\"@type\":\"ReadAction\",\"target\":[\"https:\/\/my.stlflix.com\/es\/product\/doorlicious-wreath-692cc1c52e3fe\/\"]}]},{\"@type\":\"ImageObject\",\"inLanguage\":\"es-ES\",\"@id\":\"https:\/\/my.stlflix.com\/es\/product\/doorlicious-wreath-692cc1c52e3fe\/#primaryimage\",\"url\":\"https:\/\/my.stlflix.com\/wp-content\/uploads\/2025\/11\/Doorlicious_Wreath_thumb_7efcb9532a.png\",\"contentUrl\":\"https:\/\/my.stlflix.com\/wp-content\/uploads\/2025\/11\/Doorlicious_Wreath_thumb_7efcb9532a.png\",\"width\":1080,\"height\":1350},{\"@type\":\"BreadcrumbList\",\"@id\":\"https:\/\/my.stlflix.com\/es\/product\/doorlicious-wreath-692cc1c52e3fe\/#breadcrumb\",\"itemListElement\":[{\"@type\":\"ListItem\",\"position\":1,\"name\":\"Home\",\"item\":\"https:\/\/www.stlflix-store.com\/\"},{\"@type\":\"ListItem\",\"position\":2,\"name\":\"Products\",\"item\":\"https:\/\/www.stlflix-store.com\/shop\/\"},{\"@type\":\"ListItem\",\"position\":3,\"name\":\"Doorlicious &#8211; Wreath\"}]},{\"@type\":\"WebSite\",\"@id\":\"https:\/\/my.stlflix.com\/#website\",\"url\":\"https:\/\/my.stlflix.com\/\",\"name\":\"MyStore - By STLFLIX\",\"description\":\"\",\"publisher\":{\"@id\":\"https:\/\/my.stlflix.com\/#organization\"},\"potentialAction\":[{\"@type\":\"SearchAction\",\"target\":{\"@type\":\"EntryPoint\",\"urlTemplate\":\"https:\/\/my.stlflix.com\/?s={search_term_string}\"},\"query-input\":{\"@type\":\"PropertyValueSpecification\",\"valueRequired\":true,\"valueName\":\"search_term_string\"}}],\"inLanguage\":\"es-ES\"},{\"@type\":\"Organization\",\"@id\":\"https:\/\/my.stlflix.com\/#organization\",\"name\":\"MyStore - By STLFLIX\",\"url\":\"https:\/\/my.stlflix.com\/\",\"logo\":{\"@type\":\"ImageObject\",\"inLanguage\":\"es-ES\",\"@id\":\"https:\/\/my.stlflix.com\/#\/schema\/logo\/image\/\",\"url\":\"https:\/\/my.stlflix.com\/wp-content\/uploads\/2024\/06\/logo-mystore.png\",\"contentUrl\":\"https:\/\/my.stlflix.com\/wp-content\/uploads\/2024\/06\/logo-mystore.png\",\"width\":150,\"height\":41,\"caption\":\"MyStore - By STLFLIX\"},\"image\":{\"@id\":\"https:\/\/my.stlflix.com\/#\/schema\/logo\/image\/\"},\"sameAs\":[\"https:\/\/www.facebook.com\/STLFLIX\",\"https:\/\/www.instagram.com\/stlflix_\/\",\"https:\/\/www.tiktok.com\/@stlflix\"]}]}<\/script>\n<!-- \/ Yoast SEO plugin. -->","yoast_head_json":{"title":"Doorlicious - Wreath - MyStore - By STLFLIX","robots":{"index":"index","follow":"follow","max-snippet":"max-snippet:-1","max-image-preview":"max-image-preview:large","max-video-preview":"max-video-preview:-1"},"canonical":"https:\/\/my.stlflix.com\/es\/product\/doorlicious-wreath-692cc1c52e3fe\/","og_locale":"es_ES","og_type":"article","og_title":"Doorlicious - Wreath - MyStore - By STLFLIX","og_description":"O Caminho de Volta para Casa Nunca Foi T\u00e3o Bonito \u2728 Sabe aquela sensa\u00e7\u00e3o de al\u00edvio e alegria ao chegar em casa depois de um ano longo? N\u00f3s materializamos esse sentimento. A Guirlanda Doorlicious n\u00e3o \u00e9 apenas um enfeite de porta. \u00c9 um marco. \u00c9 o sinal luminoso que diz para a sua fam\u00edlia: &#8220;Chegamos. [&hellip;]","og_url":"https:\/\/my.stlflix.com\/es\/product\/doorlicious-wreath-692cc1c52e3fe\/","og_site_name":"MyStore - By STLFLIX","article_publisher":"https:\/\/www.facebook.com\/STLFLIX","article_modified_time":"2025-12-01T00:01:20+00:00","og_image":[{"width":1080,"height":1350,"url":"https:\/\/my.stlflix.com\/wp-content\/uploads\/2025\/11\/Doorlicious_Wreath_thumb_7efcb9532a.png","type":"image\/png"}],"twitter_card":"summary_large_image","twitter_misc":{"Est. reading time":"1 minute"},"schema":{"@context":"https:\/\/schema.org","@graph":[{"@type":"WebPage","@id":"https:\/\/my.stlflix.com\/es\/product\/doorlicious-wreath-692cc1c52e3fe\/","url":"https:\/\/my.stlflix.com\/es\/product\/doorlicious-wreath-692cc1c52e3fe\/","name":"Doorlicious - Wreath - MyStore - By STLFLIX","isPartOf":{"@id":"https:\/\/my.stlflix.com\/#website"},"primaryImageOfPage":{"@id":"https:\/\/my.stlflix.com\/es\/product\/doorlicious-wreath-692cc1c52e3fe\/#primaryimage"},"image":{"@id":"https:\/\/my.stlflix.com\/es\/product\/doorlicious-wreath-692cc1c52e3fe\/#primaryimage"},"thumbnailUrl":"https:\/\/my.stlflix.com\/wp-content\/uploads\/2025\/11\/Doorlicious_Wreath_thumb_7efcb9532a.png","datePublished":"2025-12-01T00:01:19+00:00","dateModified":"2025-12-01T00:01:20+00:00","breadcrumb":{"@id":"https:\/\/my.stlflix.com\/es\/product\/doorlicious-wreath-692cc1c52e3fe\/#breadcrumb"},"inLanguage":"es-ES","potentialAction":[{"@type":"ReadAction","target":["https:\/\/my.stlflix.com\/es\/product\/doorlicious-wreath-692cc1c52e3fe\/"]}]},{"@type":"ImageObject","inLanguage":"es-ES","@id":"https:\/\/my.stlflix.com\/es\/product\/doorlicious-wreath-692cc1c52e3fe\/#primaryimage","url":"https:\/\/my.stlflix.com\/wp-content\/uploads\/2025\/11\/Doorlicious_Wreath_thumb_7efcb9532a.png","contentUrl":"https:\/\/my.stlflix.com\/wp-content\/uploads\/2025\/11\/Doorlicious_Wreath_thumb_7efcb9532a.png","width":1080,"height":1350},{"@type":"BreadcrumbList","@id":"https:\/\/my.stlflix.com\/es\/product\/doorlicious-wreath-692cc1c52e3fe\/#breadcrumb","itemListElement":[{"@type":"ListItem","position":1,"name":"Home","item":"https:\/\/www.stlflix-store.com\/"},{"@type":"ListItem","position":2,"name":"Products","item":"https:\/\/www.stlflix-store.com\/shop\/"},{"@type":"ListItem","position":3,"name":"Doorlicious &#8211; Wreath"}]},{"@type":"WebSite","@id":"https:\/\/my.stlflix.com\/#website","url":"https:\/\/my.stlflix.com\/","name":"MyStore - By STLFLIX","description":"","publisher":{"@id":"https:\/\/my.stlflix.com\/#organization"},"potentialAction":[{"@type":"SearchAction","target":{"@type":"EntryPoint","urlTemplate":"https:\/\/my.stlflix.com\/?s={search_term_string}"},"query-input":{"@type":"PropertyValueSpecification","valueRequired":true,"valueName":"search_term_string"}}],"inLanguage":"es-ES"},{"@type":"Organization","@id":"https:\/\/my.stlflix.com\/#organization","name":"MyStore - By STLFLIX","url":"https:\/\/my.stlflix.com\/","logo":{"@type":"ImageObject","inLanguage":"es-ES","@id":"https:\/\/my.stlflix.com\/#\/schema\/logo\/image\/","url":"https:\/\/my.stlflix.com\/wp-content\/uploads\/2024\/06\/logo-mystore.png","contentUrl":"https:\/\/my.stlflix.com\/wp-content\/uploads\/2024\/06\/logo-mystore.png","width":150,"height":41,"caption":"MyStore - By STLFLIX"},"image":{"@id":"https:\/\/my.stlflix.com\/#\/schema\/logo\/image\/"},"sameAs":["https:\/\/www.facebook.com\/STLFLIX","https:\/\/www.instagram.com\/stlflix_\/","https:\/\/www.tiktok.com\/@stlflix"]}]}},"_links":{"self":[{"href":"https:\/\/my.stlflix.com\/es\/wp-json\/wp\/v2\/product\/488249","targetHints":{"allow":["GET"]}}],"collection":[{"href":"https:\/\/my.stlflix.com\/es\/wp-json\/wp\/v2\/product"}],"about":[{"href":"https:\/\/my.stlflix.com\/es\/wp-json\/wp\/v2\/types\/product"}],"replies":[{"embeddable":true,"href":"https:\/\/my.stlflix.com\/es\/wp-json\/wp\/v2\/comments?post=488249"}],"wp:featuredmedia":[{"embeddable":true,"href":"https:\/\/my.stlflix.com\/es\/wp-json\/wp\/v2\/media\/477861"}],"wp:attachment":[{"href":"https:\/\/my.stlflix.com\/es\/wp-json\/wp\/v2\/media?parent=488249"}],"wp:term":[{"taxonomy":"product_brand","embeddable":true,"href":"https:\/\/my.stlflix.com\/es\/wp-json\/wp\/v2\/product_brand?post=488249"},{"taxonomy":"product_cat","embeddable":true,"href":"https:\/\/my.stlflix.com\/es\/wp-json\/wp\/v2\/product_cat?post=488249"},{"taxonomy":"product_tag","embeddable":true,"href":"https:\/\/my.stlflix.com\/es\/wp-json\/wp\/v2\/product_tag?post=488249"}],"curies":[{"name":"wp","href":"https:\/\/api.w.org\/{rel}","templated":true}]}}