{"id":488485,"date":"2025-12-01T11:27:45","date_gmt":"2025-12-01T11:27:45","guid":{"rendered":"https:\/\/my.stlflix.com\/?post_type=product&#038;p=488485"},"modified":"2025-12-01T11:34:01","modified_gmt":"2025-12-01T11:34:01","slug":"papai-noel-minimalista","status":"publish","type":"product","link":"https:\/\/my.stlflix.com\/es\/product\/papai-noel-minimalista\/","title":{"rendered":"Papai Noel &#8211; minimalista"},"content":{"rendered":"<p><span dir=\"auto\" style=\"vertical-align: inherit\"><span dir=\"auto\" style=\"vertical-align: inherit\">Chegou a nossa Edi\u00e7\u00e3o Especial de Papai Noel em impress\u00e3o 3D de alta qualidade! Com um design minimalista e textura \u00fanico, eles s\u00e3o perfeitos para decorar a mesa da ceia, a estante ou presentear algu\u00e9m querido.<\/span><\/span><\/p>\n<p>&nbsp;<\/p>\n<p data-path-to-node=\"7\"><span dir=\"auto\" style=\"vertical-align: inherit\"><span dir=\"auto\" style=\"vertical-align: inherit\">\ud83c\udf84 <\/span><\/span><b><span dir=\"auto\" style=\"vertical-align: inherit\"><span dir=\"auto\" style=\"vertical-align: inherit\">PROMO\u00c7\u00c3O DE LAN\u00c7AMENTO:<\/span><\/span><\/b><span dir=\"auto\" style=\"vertical-align: inherit\"><span dir=\"auto\" style=\"vertical-align: inherit\"> Garanta uma unidade por R$ 25. Mas a magia duplica se voc\u00ea levar os dois (ou mais!): cada um sai por <\/span><\/span><b><span dir=\"auto\" style=\"vertical-align: inherit\"><span dir=\"auto\" style=\"vertical-align: inherit\">apenas R$ 22,50!<\/span><\/span><\/b><\/p>\n<p data-path-to-node=\"8\"><span dir=\"auto\" style=\"vertical-align: inherit\"><span dir=\"auto\" style=\"vertical-align: inherit\">N\u00e3o deixe para a \u00faltima hora, essa edi\u00e7\u00e3o \u00e9 limitada.<\/span><\/span><\/p>\n<p data-path-to-node=\"9\"><span dir=\"auto\" style=\"vertical-align: inherit\"><span dir=\"auto\" style=\"vertical-align: inherit\">\ud83d\udc47 <\/span><\/span><b><span dir=\"auto\" style=\"vertical-align: inherit\"><span dir=\"auto\" style=\"vertical-align: inherit\">Para garantir o seu:<\/span><\/span><\/b><span dir=\"auto\" style=\"vertical-align: inherit\"><span dir=\"auto\" style=\"vertical-align: inherit\"> [Link na bio \/ Chame na DM \/ Comente &#8220;EU QUERO&#8221; abaixo]<\/span><\/span><\/p>\n<p data-path-to-node=\"10\"><span dir=\"auto\" style=\"vertical-align: inherit\"><span dir=\"auto\" style=\"vertical-align: inherit\">#Natal2023 #PapaiNoel3D #Impressao3D #DecoracaoDeNatal #DesignCriativo #Promo\u00e7\u00e3oDeNatal #EdicaoEspecial<\/span><\/span><\/p>\n","protected":false},"excerpt":{"rendered":"<p>Chegou a nossa Edi\u00e7\u00e3o Especial de Papai Noel em impress\u00e3o 3D de alta qualidade! Com um design minimalista e textura \u00fanico, eles s\u00e3o perfeitos para decorar a mesa da ceia, a estante ou presentear algu\u00e9m querido. &nbsp; \ud83c\udf84 PROMO\u00c7\u00c3O DE LAN\u00c7AMENTO: Garanta uma unidade por R$ 25. Mas a magia duplica se voc\u00ea levar os [&hellip;]<\/p>\n","protected":false},"featured_media":488491,"comment_status":"open","ping_status":"closed","template":"","meta":[],"product_brand":[],"product_cat":[15],"product_tag":[7006],"class_list":{"0":"post-488485","1":"product","2":"type-product","3":"status-publish","4":"has-post-thumbnail","6":"product_cat-uncategorized","7":"product_tag-christmas-2","9":"first","10":"instock","11":"taxable","12":"shipping-taxable","13":"purchasable","14":"product-type-simple"},"yoast_head":"<!-- This site is optimized with the Yoast SEO plugin v25.1 - https:\/\/yoast.com\/wordpress\/plugins\/seo\/ -->\n<title>Papai Noel - minimalista - MyStore - By STLFLIX<\/title>\n<meta name=\"robots\" content=\"index, follow, max-snippet:-1, max-image-preview:large, max-video-preview:-1\" \/>\n<link rel=\"canonical\" href=\"https:\/\/my.stlflix.com\/fr\/product\/papai-noel-minimalista\/\" \/>\n<meta property=\"og:locale\" content=\"es_ES\" \/>\n<meta property=\"og:type\" content=\"article\" \/>\n<meta property=\"og:title\" content=\"Papai Noel - minimalista - MyStore - By STLFLIX\" \/>\n<meta property=\"og:description\" content=\"Chegou a nossa Edi\u00e7\u00e3o Especial de Papai Noel em impress\u00e3o 3D de alta qualidade! Com um design minimalista e textura \u00fanico, eles s\u00e3o perfeitos para decorar a mesa da ceia, a estante ou presentear algu\u00e9m querido. &nbsp; \ud83c\udf84 PROMO\u00c7\u00c3O DE LAN\u00c7AMENTO: Garanta uma unidade por R$ 25. Mas a magia duplica se voc\u00ea levar os [&hellip;]\" \/>\n<meta property=\"og:url\" content=\"https:\/\/my.stlflix.com\/fr\/product\/papai-noel-minimalista\/\" \/>\n<meta property=\"og:site_name\" content=\"MyStore - By STLFLIX\" \/>\n<meta property=\"article:publisher\" content=\"https:\/\/www.facebook.com\/STLFLIX\" \/>\n<meta property=\"article:modified_time\" content=\"2025-12-01T11:34:01+00:00\" \/>\n<meta property=\"og:image\" content=\"https:\/\/my.stlflix.com\/wp-content\/uploads\/2025\/12\/cropped-Gemini_Generated_Image_t98fzst98fzst98f.png\" \/>\n\t<meta property=\"og:image:width\" content=\"1791\" \/>\n\t<meta property=\"og:image:height\" content=\"2400\" \/>\n\t<meta property=\"og:image:type\" content=\"image\/png\" \/>\n<meta name=\"twitter:card\" content=\"summary_large_image\" \/>\n<meta name=\"twitter:label1\" content=\"Est. reading time\" \/>\n\t<meta name=\"twitter:data1\" content=\"1 minute\" \/>\n<script type=\"application\/ld+json\" class=\"yoast-schema-graph\">{\"@context\":\"https:\/\/schema.org\",\"@graph\":[{\"@type\":\"WebPage\",\"@id\":\"https:\/\/my.stlflix.com\/fr\/product\/papai-noel-minimalista\/\",\"url\":\"https:\/\/my.stlflix.com\/fr\/product\/papai-noel-minimalista\/\",\"name\":\"Papai Noel - minimalista - MyStore - By STLFLIX\",\"isPartOf\":{\"@id\":\"https:\/\/my.stlflix.com\/#website\"},\"primaryImageOfPage\":{\"@id\":\"https:\/\/my.stlflix.com\/fr\/product\/papai-noel-minimalista\/#primaryimage\"},\"image\":{\"@id\":\"https:\/\/my.stlflix.com\/fr\/product\/papai-noel-minimalista\/#primaryimage\"},\"thumbnailUrl\":\"https:\/\/my.stlflix.com\/wp-content\/uploads\/2025\/12\/cropped-Gemini_Generated_Image_t98fzst98fzst98f.png\",\"datePublished\":\"2025-12-01T11:27:45+00:00\",\"dateModified\":\"2025-12-01T11:34:01+00:00\",\"breadcrumb\":{\"@id\":\"https:\/\/my.stlflix.com\/fr\/product\/papai-noel-minimalista\/#breadcrumb\"},\"inLanguage\":\"es-ES\",\"potentialAction\":[{\"@type\":\"ReadAction\",\"target\":[\"https:\/\/my.stlflix.com\/fr\/product\/papai-noel-minimalista\/\"]}]},{\"@type\":\"ImageObject\",\"inLanguage\":\"es-ES\",\"@id\":\"https:\/\/my.stlflix.com\/fr\/product\/papai-noel-minimalista\/#primaryimage\",\"url\":\"https:\/\/my.stlflix.com\/wp-content\/uploads\/2025\/12\/cropped-Gemini_Generated_Image_t98fzst98fzst98f.png\",\"contentUrl\":\"https:\/\/my.stlflix.com\/wp-content\/uploads\/2025\/12\/cropped-Gemini_Generated_Image_t98fzst98fzst98f.png\",\"width\":1791,\"height\":2400},{\"@type\":\"BreadcrumbList\",\"@id\":\"https:\/\/my.stlflix.com\/fr\/product\/papai-noel-minimalista\/#breadcrumb\",\"itemListElement\":[{\"@type\":\"ListItem\",\"position\":1,\"name\":\"Home\",\"item\":\"https:\/\/www.stlflix-store.com\/\"},{\"@type\":\"ListItem\",\"position\":2,\"name\":\"Products\",\"item\":\"https:\/\/www.stlflix-store.com\/shop\/\"},{\"@type\":\"ListItem\",\"position\":3,\"name\":\"Papai Noel &#8211; minimalista\"}]},{\"@type\":\"WebSite\",\"@id\":\"https:\/\/my.stlflix.com\/#website\",\"url\":\"https:\/\/my.stlflix.com\/\",\"name\":\"MyStore - By STLFLIX\",\"description\":\"\",\"publisher\":{\"@id\":\"https:\/\/my.stlflix.com\/#organization\"},\"potentialAction\":[{\"@type\":\"SearchAction\",\"target\":{\"@type\":\"EntryPoint\",\"urlTemplate\":\"https:\/\/my.stlflix.com\/?s={search_term_string}\"},\"query-input\":{\"@type\":\"PropertyValueSpecification\",\"valueRequired\":true,\"valueName\":\"search_term_string\"}}],\"inLanguage\":\"es-ES\"},{\"@type\":\"Organization\",\"@id\":\"https:\/\/my.stlflix.com\/#organization\",\"name\":\"MyStore - By STLFLIX\",\"url\":\"https:\/\/my.stlflix.com\/\",\"logo\":{\"@type\":\"ImageObject\",\"inLanguage\":\"es-ES\",\"@id\":\"https:\/\/my.stlflix.com\/#\/schema\/logo\/image\/\",\"url\":\"https:\/\/my.stlflix.com\/wp-content\/uploads\/2024\/06\/logo-mystore.png\",\"contentUrl\":\"https:\/\/my.stlflix.com\/wp-content\/uploads\/2024\/06\/logo-mystore.png\",\"width\":150,\"height\":41,\"caption\":\"MyStore - By STLFLIX\"},\"image\":{\"@id\":\"https:\/\/my.stlflix.com\/#\/schema\/logo\/image\/\"},\"sameAs\":[\"https:\/\/www.facebook.com\/STLFLIX\",\"https:\/\/www.instagram.com\/stlflix_\/\",\"https:\/\/www.tiktok.com\/@stlflix\"]}]}<\/script>\n<!-- \/ Yoast SEO plugin. -->","yoast_head_json":{"title":"Papai Noel - minimalista - MyStore - By STLFLIX","robots":{"index":"index","follow":"follow","max-snippet":"max-snippet:-1","max-image-preview":"max-image-preview:large","max-video-preview":"max-video-preview:-1"},"canonical":"https:\/\/my.stlflix.com\/fr\/product\/papai-noel-minimalista\/","og_locale":"es_ES","og_type":"article","og_title":"Papai Noel - minimalista - MyStore - By STLFLIX","og_description":"Chegou a nossa Edi\u00e7\u00e3o Especial de Papai Noel em impress\u00e3o 3D de alta qualidade! Com um design minimalista e textura \u00fanico, eles s\u00e3o perfeitos para decorar a mesa da ceia, a estante ou presentear algu\u00e9m querido. &nbsp; \ud83c\udf84 PROMO\u00c7\u00c3O DE LAN\u00c7AMENTO: Garanta uma unidade por R$ 25. Mas a magia duplica se voc\u00ea levar os [&hellip;]","og_url":"https:\/\/my.stlflix.com\/fr\/product\/papai-noel-minimalista\/","og_site_name":"MyStore - By STLFLIX","article_publisher":"https:\/\/www.facebook.com\/STLFLIX","article_modified_time":"2025-12-01T11:34:01+00:00","og_image":[{"width":1791,"height":2400,"url":"https:\/\/my.stlflix.com\/wp-content\/uploads\/2025\/12\/cropped-Gemini_Generated_Image_t98fzst98fzst98f.png","type":"image\/png"}],"twitter_card":"summary_large_image","twitter_misc":{"Est. reading time":"1 minute"},"schema":{"@context":"https:\/\/schema.org","@graph":[{"@type":"WebPage","@id":"https:\/\/my.stlflix.com\/fr\/product\/papai-noel-minimalista\/","url":"https:\/\/my.stlflix.com\/fr\/product\/papai-noel-minimalista\/","name":"Papai Noel - minimalista - MyStore - By STLFLIX","isPartOf":{"@id":"https:\/\/my.stlflix.com\/#website"},"primaryImageOfPage":{"@id":"https:\/\/my.stlflix.com\/fr\/product\/papai-noel-minimalista\/#primaryimage"},"image":{"@id":"https:\/\/my.stlflix.com\/fr\/product\/papai-noel-minimalista\/#primaryimage"},"thumbnailUrl":"https:\/\/my.stlflix.com\/wp-content\/uploads\/2025\/12\/cropped-Gemini_Generated_Image_t98fzst98fzst98f.png","datePublished":"2025-12-01T11:27:45+00:00","dateModified":"2025-12-01T11:34:01+00:00","breadcrumb":{"@id":"https:\/\/my.stlflix.com\/fr\/product\/papai-noel-minimalista\/#breadcrumb"},"inLanguage":"es-ES","potentialAction":[{"@type":"ReadAction","target":["https:\/\/my.stlflix.com\/fr\/product\/papai-noel-minimalista\/"]}]},{"@type":"ImageObject","inLanguage":"es-ES","@id":"https:\/\/my.stlflix.com\/fr\/product\/papai-noel-minimalista\/#primaryimage","url":"https:\/\/my.stlflix.com\/wp-content\/uploads\/2025\/12\/cropped-Gemini_Generated_Image_t98fzst98fzst98f.png","contentUrl":"https:\/\/my.stlflix.com\/wp-content\/uploads\/2025\/12\/cropped-Gemini_Generated_Image_t98fzst98fzst98f.png","width":1791,"height":2400},{"@type":"BreadcrumbList","@id":"https:\/\/my.stlflix.com\/fr\/product\/papai-noel-minimalista\/#breadcrumb","itemListElement":[{"@type":"ListItem","position":1,"name":"Home","item":"https:\/\/www.stlflix-store.com\/"},{"@type":"ListItem","position":2,"name":"Products","item":"https:\/\/www.stlflix-store.com\/shop\/"},{"@type":"ListItem","position":3,"name":"Papai Noel &#8211; minimalista"}]},{"@type":"WebSite","@id":"https:\/\/my.stlflix.com\/#website","url":"https:\/\/my.stlflix.com\/","name":"MyStore - By STLFLIX","description":"","publisher":{"@id":"https:\/\/my.stlflix.com\/#organization"},"potentialAction":[{"@type":"SearchAction","target":{"@type":"EntryPoint","urlTemplate":"https:\/\/my.stlflix.com\/?s={search_term_string}"},"query-input":{"@type":"PropertyValueSpecification","valueRequired":true,"valueName":"search_term_string"}}],"inLanguage":"es-ES"},{"@type":"Organization","@id":"https:\/\/my.stlflix.com\/#organization","name":"MyStore - By STLFLIX","url":"https:\/\/my.stlflix.com\/","logo":{"@type":"ImageObject","inLanguage":"es-ES","@id":"https:\/\/my.stlflix.com\/#\/schema\/logo\/image\/","url":"https:\/\/my.stlflix.com\/wp-content\/uploads\/2024\/06\/logo-mystore.png","contentUrl":"https:\/\/my.stlflix.com\/wp-content\/uploads\/2024\/06\/logo-mystore.png","width":150,"height":41,"caption":"MyStore - By STLFLIX"},"image":{"@id":"https:\/\/my.stlflix.com\/#\/schema\/logo\/image\/"},"sameAs":["https:\/\/www.facebook.com\/STLFLIX","https:\/\/www.instagram.com\/stlflix_\/","https:\/\/www.tiktok.com\/@stlflix"]}]}},"_links":{"self":[{"href":"https:\/\/my.stlflix.com\/es\/wp-json\/wp\/v2\/product\/488485","targetHints":{"allow":["GET"]}}],"collection":[{"href":"https:\/\/my.stlflix.com\/es\/wp-json\/wp\/v2\/product"}],"about":[{"href":"https:\/\/my.stlflix.com\/es\/wp-json\/wp\/v2\/types\/product"}],"replies":[{"embeddable":true,"href":"https:\/\/my.stlflix.com\/es\/wp-json\/wp\/v2\/comments?post=488485"}],"wp:featuredmedia":[{"embeddable":true,"href":"https:\/\/my.stlflix.com\/es\/wp-json\/wp\/v2\/media\/488491"}],"wp:attachment":[{"href":"https:\/\/my.stlflix.com\/es\/wp-json\/wp\/v2\/media?parent=488485"}],"wp:term":[{"taxonomy":"product_brand","embeddable":true,"href":"https:\/\/my.stlflix.com\/es\/wp-json\/wp\/v2\/product_brand?post=488485"},{"taxonomy":"product_cat","embeddable":true,"href":"https:\/\/my.stlflix.com\/es\/wp-json\/wp\/v2\/product_cat?post=488485"},{"taxonomy":"product_tag","embeddable":true,"href":"https:\/\/my.stlflix.com\/es\/wp-json\/wp\/v2\/product_tag?post=488485"}],"curies":[{"name":"wp","href":"https:\/\/api.w.org\/{rel}","templated":true}]}}