{"id":492496,"date":"2025-12-09T16:38:28","date_gmt":"2025-12-09T16:38:28","guid":{"rendered":"https:\/\/my.stlflix.com\/?post_type=product&#038;p=492496"},"modified":"2025-12-20T20:05:16","modified_gmt":"2025-12-20T20:05:16","slug":"santas-bonfire-table-lamp-69384d53774ac","status":"publish","type":"product","link":"https:\/\/my.stlflix.com\/es\/product\/santas-bonfire-table-lamp-69384d53774ac\/","title":{"rendered":"Fogueira do Papai Noel &#8211; Abajur"},"content":{"rendered":"<p data-start=\"192\" data-end=\"569\">A <strong data-start=\"194\" data-end=\"229\">Fogueira do Papai Noel \u2013 Abajur<\/strong> \u00e9 uma lumin\u00e1ria em <strong data-start=\"249\" data-end=\"265\">impress\u00e3o 3D<\/strong> que captura com charme e humor o <strong data-start=\"299\" data-end=\"346\">brilho aconchegante de uma fogueira festiva<\/strong>, perfeita para iluminar suas noites de Natal com estilo e aconchego. Sua presen\u00e7a traz atmosfera calorosa \u00e0s suas celebra\u00e7\u00f5es, decora\u00e7\u00f5es de fim de ano ou cantinhos iluminados da casa. <span class=\"\" data-state=\"closed\"><span class=\"ms-1 inline-flex max-w-full items-center relative top-[-0.094rem] animate-[show_150ms_ease-in]\" data-testid=\"webpage-citation-pill\"><a class=\"flex h-4.5 overflow-hidden rounded-xl px-2 text-[9px] font-medium transition-colors duration-150 ease-in-out text-token-text-secondary! bg-[#F4F4F4]! dark:bg-[#303030]!\" href=\"https:\/\/my.stlflix.com\/product\/santas-bonfire-table-lamp-69384d53774ac\/\" target=\"_blank\" rel=\"noopener\"><span class=\"relative start-0 bottom-0 flex h-full w-full items-center\"><span class=\"flex h-4 w-full items-center justify-between overflow-hidden\"><span class=\"max-w-[15ch] grow truncate overflow-hidden text-center\">MyStore &#8211; By STLFLIX<\/span><\/span><\/span><\/a><\/span><\/span><\/p>\n<p data-start=\"571\" data-end=\"713\">Perfeita para quem ama decora\u00e7\u00e3o tem\u00e1tica, este abajur combina <strong data-start=\"634\" data-end=\"667\">luz suave e visual encantador<\/strong> para tornar qualquer ambiente mais acolhedor.<\/p>\n<h3 data-start=\"715\" data-end=\"741\">\u2728 Destaques do Produto<\/h3>\n<ul data-start=\"742\" data-end=\"1109\">\n<li data-start=\"742\" data-end=\"824\">\n<p data-start=\"744\" data-end=\"824\">\ud83c\udf85 <strong data-start=\"747\" data-end=\"776\">Design natalino acolhedor<\/strong> inspirado em uma fogueira junto ao Papai Noel<\/p>\n<\/li>\n<li data-start=\"825\" data-end=\"895\">\n<p data-start=\"827\" data-end=\"895\">\ud83d\udca1 <strong data-start=\"830\" data-end=\"858\">Ilumina\u00e7\u00e3o LED integrada<\/strong>, criando um brilho suave e festivo<\/p>\n<\/li>\n<li data-start=\"896\" data-end=\"964\">\n<p data-start=\"898\" data-end=\"964\">\ud83d\udda8\ufe0f <strong data-start=\"902\" data-end=\"936\">Impress\u00e3o 3D de alta qualidade<\/strong>, com acabamento detalhado<\/p>\n<\/li>\n<li data-start=\"965\" data-end=\"1053\">\n<p data-start=\"967\" data-end=\"1053\">\ud83d\udccf <strong data-start=\"970\" data-end=\"992\">Altura aproximada:<\/strong> 11\u202fcm \u2014 tamanho ideal para mesas, prateleiras e aparadores<\/p>\n<\/li>\n<li data-start=\"1054\" data-end=\"1109\">\n<p data-start=\"1056\" data-end=\"1109\">\ud83c\udf81 <strong data-start=\"1059\" data-end=\"1082\">Presente encantador<\/strong> para a temporada de festas<\/p>\n<\/li>\n<\/ul>\n<h3 data-start=\"1111\" data-end=\"1128\">\ud83e\uddf0 Acompanha:<\/h3>\n<ul data-start=\"1129\" data-end=\"1213\">\n<li data-start=\"1129\" data-end=\"1213\">\n<p data-start=\"1131\" data-end=\"1213\"><strong data-start=\"1131\" data-end=\"1159\">Ilumina\u00e7\u00e3o LED integrada<\/strong> pronta para uso <span class=\"\" data-state=\"closed\"><span class=\"ms-1 inline-flex max-w-full items-center relative top-[-0.094rem] animate-[show_150ms_ease-in]\" data-testid=\"webpage-citation-pill\"><a class=\"flex h-4.5 overflow-hidden rounded-xl px-2 text-[9px] font-medium transition-colors duration-150 ease-in-out text-token-text-secondary! bg-[#F4F4F4]! dark:bg-[#303030]!\" href=\"https:\/\/my.stlflix.com\/product\/santas-bonfire-table-lamp-69384d53774ac\/\" target=\"_blank\" rel=\"noopener\"><span class=\"relative start-0 bottom-0 flex h-full w-full items-center\"><span class=\"flex h-4 w-full items-center justify-between overflow-hidden\"><span class=\"max-w-[15ch] grow truncate overflow-hidden text-center\">MyStore &#8211; By STLFLIX<\/span><\/span><\/span><\/a><\/span><\/span><\/p>\n<\/li>\n<\/ul>\n<h3 data-start=\"1215\" data-end=\"1235\">\ud83d\udce6 N\u00e3o inclu\u00eddo:<\/h3>\n<ul data-start=\"1236\" data-end=\"1325\">\n<li data-start=\"1236\" data-end=\"1325\">\n<p data-start=\"1238\" data-end=\"1325\"><strong data-start=\"1238\" data-end=\"1283\">Itens de ambienta\u00e7\u00e3o exibidos nas imagens<\/strong>, utilizados apenas para composi\u00e7\u00e3o visual<\/p>\n<\/li>\n<\/ul>\n<h3 data-start=\"1327\" data-end=\"1390\">\ud83d\udca1 Por que voc\u00ea vai amar a Fogueira do Papai Noel \u2013 Abajur?<\/h3>\n<p data-start=\"1391\" data-end=\"1670\">Esta lumin\u00e1ria traz um toque <strong data-start=\"1420\" data-end=\"1467\">festivo, acolhedor e cheio de personalidade<\/strong> para a sua decora\u00e7\u00e3o de Natal. Seu visual encantador e a luz suave tornam qualquer ambiente mais especial, evocando a magia das noites natalinas e criando um clima perfeito para reunir fam\u00edlia e amigos.<\/p>\n<p data-start=\"1672\" data-end=\"1822\">\ud83d\udc49 <strong data-start=\"1675\" data-end=\"1822\">Ilumine seus momentos festivos com a Fogueira do Papai Noel \u2013 Abajur e deixe seu espa\u00e7o ainda mais acolhedor e m\u00e1gico nesta temporada natalina!<\/strong><\/p>\n","protected":false},"excerpt":{"rendered":"<p>A Fogueira do Papai Noel \u2013 Abajur \u00e9 uma lumin\u00e1ria em impress\u00e3o 3D que captura com charme e humor o brilho aconchegante de uma fogueira festiva, perfeita para iluminar suas noites de Natal com estilo e aconchego. Sua presen\u00e7a traz atmosfera calorosa \u00e0s suas celebra\u00e7\u00f5es, decora\u00e7\u00f5es de fim de ano ou cantinhos iluminados da casa. [&hellip;]<\/p>\n","protected":false},"featured_media":475677,"comment_status":"open","ping_status":"closed","template":"","meta":[],"product_brand":[],"product_cat":[15],"product_tag":[7006,7023,688],"class_list":{"0":"post-492496","1":"product","2":"type-product","3":"status-publish","4":"has-post-thumbnail","6":"product_cat-uncategorized","7":"product_tag-christmas-2","8":"product_tag-decoracao-de-natal","9":"product_tag-natal","11":"first","12":"instock","13":"sale","14":"sold-individually","15":"taxable","16":"shipping-taxable","17":"purchasable","18":"product-type-simple"},"yoast_head":"<!-- This site is optimized with the Yoast SEO plugin v25.1 - https:\/\/yoast.com\/wordpress\/plugins\/seo\/ -->\n<title>Fogueira do Papai Noel - Abajur - MyStore - By STLFLIX<\/title>\n<meta name=\"robots\" content=\"index, follow, max-snippet:-1, max-image-preview:large, max-video-preview:-1\" \/>\n<link rel=\"canonical\" href=\"https:\/\/my.stlflix.com\/es\/product\/santas-bonfire-table-lamp-69384d53774ac\/\" \/>\n<meta property=\"og:locale\" content=\"es_ES\" \/>\n<meta property=\"og:type\" content=\"article\" \/>\n<meta property=\"og:title\" content=\"Fogueira do Papai Noel - Abajur - MyStore - By STLFLIX\" \/>\n<meta property=\"og:description\" content=\"A Fogueira do Papai Noel \u2013 Abajur \u00e9 uma lumin\u00e1ria em impress\u00e3o 3D que captura com charme e humor o brilho aconchegante de uma fogueira festiva, perfeita para iluminar suas noites de Natal com estilo e aconchego. Sua presen\u00e7a traz atmosfera calorosa \u00e0s suas celebra\u00e7\u00f5es, decora\u00e7\u00f5es de fim de ano ou cantinhos iluminados da casa. [&hellip;]\" \/>\n<meta property=\"og:url\" content=\"https:\/\/my.stlflix.com\/es\/product\/santas-bonfire-table-lamp-69384d53774ac\/\" \/>\n<meta property=\"og:site_name\" content=\"MyStore - By STLFLIX\" \/>\n<meta property=\"article:publisher\" content=\"https:\/\/www.facebook.com\/STLFLIX\" \/>\n<meta property=\"article:modified_time\" content=\"2025-12-20T20:05:16+00:00\" \/>\n<meta property=\"og:image\" content=\"https:\/\/my.stlflix.com\/wp-content\/uploads\/2025\/11\/Santa_s_Bonfire_Table_Lamp_thumb_0e7330f6d3.png\" \/>\n\t<meta property=\"og:image:width\" content=\"1080\" \/>\n\t<meta property=\"og:image:height\" content=\"1350\" \/>\n\t<meta property=\"og:image:type\" content=\"image\/png\" \/>\n<meta name=\"twitter:card\" content=\"summary_large_image\" \/>\n<meta name=\"twitter:label1\" content=\"Est. reading time\" \/>\n\t<meta name=\"twitter:data1\" content=\"1 minute\" \/>\n<script type=\"application\/ld+json\" class=\"yoast-schema-graph\">{\"@context\":\"https:\/\/schema.org\",\"@graph\":[{\"@type\":\"WebPage\",\"@id\":\"https:\/\/my.stlflix.com\/es\/product\/santas-bonfire-table-lamp-69384d53774ac\/\",\"url\":\"https:\/\/my.stlflix.com\/es\/product\/santas-bonfire-table-lamp-69384d53774ac\/\",\"name\":\"Fogueira do Papai Noel - Abajur - MyStore - By STLFLIX\",\"isPartOf\":{\"@id\":\"https:\/\/my.stlflix.com\/#website\"},\"primaryImageOfPage\":{\"@id\":\"https:\/\/my.stlflix.com\/es\/product\/santas-bonfire-table-lamp-69384d53774ac\/#primaryimage\"},\"image\":{\"@id\":\"https:\/\/my.stlflix.com\/es\/product\/santas-bonfire-table-lamp-69384d53774ac\/#primaryimage\"},\"thumbnailUrl\":\"https:\/\/my.stlflix.com\/wp-content\/uploads\/2025\/11\/Santa_s_Bonfire_Table_Lamp_thumb_0e7330f6d3.png\",\"datePublished\":\"2025-12-09T16:38:28+00:00\",\"dateModified\":\"2025-12-20T20:05:16+00:00\",\"breadcrumb\":{\"@id\":\"https:\/\/my.stlflix.com\/es\/product\/santas-bonfire-table-lamp-69384d53774ac\/#breadcrumb\"},\"inLanguage\":\"es-ES\",\"potentialAction\":[{\"@type\":\"ReadAction\",\"target\":[\"https:\/\/my.stlflix.com\/es\/product\/santas-bonfire-table-lamp-69384d53774ac\/\"]}]},{\"@type\":\"ImageObject\",\"inLanguage\":\"es-ES\",\"@id\":\"https:\/\/my.stlflix.com\/es\/product\/santas-bonfire-table-lamp-69384d53774ac\/#primaryimage\",\"url\":\"https:\/\/my.stlflix.com\/wp-content\/uploads\/2025\/11\/Santa_s_Bonfire_Table_Lamp_thumb_0e7330f6d3.png\",\"contentUrl\":\"https:\/\/my.stlflix.com\/wp-content\/uploads\/2025\/11\/Santa_s_Bonfire_Table_Lamp_thumb_0e7330f6d3.png\",\"width\":1080,\"height\":1350},{\"@type\":\"BreadcrumbList\",\"@id\":\"https:\/\/my.stlflix.com\/es\/product\/santas-bonfire-table-lamp-69384d53774ac\/#breadcrumb\",\"itemListElement\":[{\"@type\":\"ListItem\",\"position\":1,\"name\":\"Home\",\"item\":\"https:\/\/www.stlflix-store.com\/\"},{\"@type\":\"ListItem\",\"position\":2,\"name\":\"Products\",\"item\":\"https:\/\/www.stlflix-store.com\/shop\/\"},{\"@type\":\"ListItem\",\"position\":3,\"name\":\"Fogueira do Papai Noel &#8211; Abajur\"}]},{\"@type\":\"WebSite\",\"@id\":\"https:\/\/my.stlflix.com\/#website\",\"url\":\"https:\/\/my.stlflix.com\/\",\"name\":\"MyStore - By STLFLIX\",\"description\":\"\",\"publisher\":{\"@id\":\"https:\/\/my.stlflix.com\/#organization\"},\"potentialAction\":[{\"@type\":\"SearchAction\",\"target\":{\"@type\":\"EntryPoint\",\"urlTemplate\":\"https:\/\/my.stlflix.com\/?s={search_term_string}\"},\"query-input\":{\"@type\":\"PropertyValueSpecification\",\"valueRequired\":true,\"valueName\":\"search_term_string\"}}],\"inLanguage\":\"es-ES\"},{\"@type\":\"Organization\",\"@id\":\"https:\/\/my.stlflix.com\/#organization\",\"name\":\"MyStore - By STLFLIX\",\"url\":\"https:\/\/my.stlflix.com\/\",\"logo\":{\"@type\":\"ImageObject\",\"inLanguage\":\"es-ES\",\"@id\":\"https:\/\/my.stlflix.com\/#\/schema\/logo\/image\/\",\"url\":\"https:\/\/my.stlflix.com\/wp-content\/uploads\/2024\/06\/logo-mystore.png\",\"contentUrl\":\"https:\/\/my.stlflix.com\/wp-content\/uploads\/2024\/06\/logo-mystore.png\",\"width\":150,\"height\":41,\"caption\":\"MyStore - By STLFLIX\"},\"image\":{\"@id\":\"https:\/\/my.stlflix.com\/#\/schema\/logo\/image\/\"},\"sameAs\":[\"https:\/\/www.facebook.com\/STLFLIX\",\"https:\/\/www.instagram.com\/stlflix_\/\",\"https:\/\/www.tiktok.com\/@stlflix\"]}]}<\/script>\n<!-- \/ Yoast SEO plugin. -->","yoast_head_json":{"title":"Fogueira do Papai Noel - Abajur - MyStore - By STLFLIX","robots":{"index":"index","follow":"follow","max-snippet":"max-snippet:-1","max-image-preview":"max-image-preview:large","max-video-preview":"max-video-preview:-1"},"canonical":"https:\/\/my.stlflix.com\/es\/product\/santas-bonfire-table-lamp-69384d53774ac\/","og_locale":"es_ES","og_type":"article","og_title":"Fogueira do Papai Noel - Abajur - MyStore - By STLFLIX","og_description":"A Fogueira do Papai Noel \u2013 Abajur \u00e9 uma lumin\u00e1ria em impress\u00e3o 3D que captura com charme e humor o brilho aconchegante de uma fogueira festiva, perfeita para iluminar suas noites de Natal com estilo e aconchego. Sua presen\u00e7a traz atmosfera calorosa \u00e0s suas celebra\u00e7\u00f5es, decora\u00e7\u00f5es de fim de ano ou cantinhos iluminados da casa. [&hellip;]","og_url":"https:\/\/my.stlflix.com\/es\/product\/santas-bonfire-table-lamp-69384d53774ac\/","og_site_name":"MyStore - By STLFLIX","article_publisher":"https:\/\/www.facebook.com\/STLFLIX","article_modified_time":"2025-12-20T20:05:16+00:00","og_image":[{"width":1080,"height":1350,"url":"https:\/\/my.stlflix.com\/wp-content\/uploads\/2025\/11\/Santa_s_Bonfire_Table_Lamp_thumb_0e7330f6d3.png","type":"image\/png"}],"twitter_card":"summary_large_image","twitter_misc":{"Est. reading time":"1 minute"},"schema":{"@context":"https:\/\/schema.org","@graph":[{"@type":"WebPage","@id":"https:\/\/my.stlflix.com\/es\/product\/santas-bonfire-table-lamp-69384d53774ac\/","url":"https:\/\/my.stlflix.com\/es\/product\/santas-bonfire-table-lamp-69384d53774ac\/","name":"Fogueira do Papai Noel - Abajur - MyStore - By STLFLIX","isPartOf":{"@id":"https:\/\/my.stlflix.com\/#website"},"primaryImageOfPage":{"@id":"https:\/\/my.stlflix.com\/es\/product\/santas-bonfire-table-lamp-69384d53774ac\/#primaryimage"},"image":{"@id":"https:\/\/my.stlflix.com\/es\/product\/santas-bonfire-table-lamp-69384d53774ac\/#primaryimage"},"thumbnailUrl":"https:\/\/my.stlflix.com\/wp-content\/uploads\/2025\/11\/Santa_s_Bonfire_Table_Lamp_thumb_0e7330f6d3.png","datePublished":"2025-12-09T16:38:28+00:00","dateModified":"2025-12-20T20:05:16+00:00","breadcrumb":{"@id":"https:\/\/my.stlflix.com\/es\/product\/santas-bonfire-table-lamp-69384d53774ac\/#breadcrumb"},"inLanguage":"es-ES","potentialAction":[{"@type":"ReadAction","target":["https:\/\/my.stlflix.com\/es\/product\/santas-bonfire-table-lamp-69384d53774ac\/"]}]},{"@type":"ImageObject","inLanguage":"es-ES","@id":"https:\/\/my.stlflix.com\/es\/product\/santas-bonfire-table-lamp-69384d53774ac\/#primaryimage","url":"https:\/\/my.stlflix.com\/wp-content\/uploads\/2025\/11\/Santa_s_Bonfire_Table_Lamp_thumb_0e7330f6d3.png","contentUrl":"https:\/\/my.stlflix.com\/wp-content\/uploads\/2025\/11\/Santa_s_Bonfire_Table_Lamp_thumb_0e7330f6d3.png","width":1080,"height":1350},{"@type":"BreadcrumbList","@id":"https:\/\/my.stlflix.com\/es\/product\/santas-bonfire-table-lamp-69384d53774ac\/#breadcrumb","itemListElement":[{"@type":"ListItem","position":1,"name":"Home","item":"https:\/\/www.stlflix-store.com\/"},{"@type":"ListItem","position":2,"name":"Products","item":"https:\/\/www.stlflix-store.com\/shop\/"},{"@type":"ListItem","position":3,"name":"Fogueira do Papai Noel &#8211; Abajur"}]},{"@type":"WebSite","@id":"https:\/\/my.stlflix.com\/#website","url":"https:\/\/my.stlflix.com\/","name":"MyStore - By STLFLIX","description":"","publisher":{"@id":"https:\/\/my.stlflix.com\/#organization"},"potentialAction":[{"@type":"SearchAction","target":{"@type":"EntryPoint","urlTemplate":"https:\/\/my.stlflix.com\/?s={search_term_string}"},"query-input":{"@type":"PropertyValueSpecification","valueRequired":true,"valueName":"search_term_string"}}],"inLanguage":"es-ES"},{"@type":"Organization","@id":"https:\/\/my.stlflix.com\/#organization","name":"MyStore - By STLFLIX","url":"https:\/\/my.stlflix.com\/","logo":{"@type":"ImageObject","inLanguage":"es-ES","@id":"https:\/\/my.stlflix.com\/#\/schema\/logo\/image\/","url":"https:\/\/my.stlflix.com\/wp-content\/uploads\/2024\/06\/logo-mystore.png","contentUrl":"https:\/\/my.stlflix.com\/wp-content\/uploads\/2024\/06\/logo-mystore.png","width":150,"height":41,"caption":"MyStore - By STLFLIX"},"image":{"@id":"https:\/\/my.stlflix.com\/#\/schema\/logo\/image\/"},"sameAs":["https:\/\/www.facebook.com\/STLFLIX","https:\/\/www.instagram.com\/stlflix_\/","https:\/\/www.tiktok.com\/@stlflix"]}]}},"_links":{"self":[{"href":"https:\/\/my.stlflix.com\/es\/wp-json\/wp\/v2\/product\/492496","targetHints":{"allow":["GET"]}}],"collection":[{"href":"https:\/\/my.stlflix.com\/es\/wp-json\/wp\/v2\/product"}],"about":[{"href":"https:\/\/my.stlflix.com\/es\/wp-json\/wp\/v2\/types\/product"}],"replies":[{"embeddable":true,"href":"https:\/\/my.stlflix.com\/es\/wp-json\/wp\/v2\/comments?post=492496"}],"wp:featuredmedia":[{"embeddable":true,"href":"https:\/\/my.stlflix.com\/es\/wp-json\/wp\/v2\/media\/475677"}],"wp:attachment":[{"href":"https:\/\/my.stlflix.com\/es\/wp-json\/wp\/v2\/media?parent=492496"}],"wp:term":[{"taxonomy":"product_brand","embeddable":true,"href":"https:\/\/my.stlflix.com\/es\/wp-json\/wp\/v2\/product_brand?post=492496"},{"taxonomy":"product_cat","embeddable":true,"href":"https:\/\/my.stlflix.com\/es\/wp-json\/wp\/v2\/product_cat?post=492496"},{"taxonomy":"product_tag","embeddable":true,"href":"https:\/\/my.stlflix.com\/es\/wp-json\/wp\/v2\/product_tag?post=492496"}],"curies":[{"name":"wp","href":"https:\/\/api.w.org\/{rel}","templated":true}]}}