{"id":500936,"date":"2025-12-28T17:04:44","date_gmt":"2025-12-28T17:04:44","guid":{"rendered":"https:\/\/my.stlflix.com\/?post_type=product&#038;p=500936"},"modified":"2025-12-28T17:04:44","modified_gmt":"2025-12-28T17:04:44","slug":"ranch-fences-69512e06cacf1","status":"publish","type":"product","link":"https:\/\/my.stlflix.com\/es\/product\/ranch-fences-69512e06cacf1\/","title":{"rendered":"Ranch Fences"},"content":{"rendered":"<h3 data-start=\"347\" data-end=\"408\"><strong data-start=\"351\" data-end=\"408\">Miniatura de Rancho Decorativo \u2013 Impress\u00e3o 3D em PETG<\/strong><\/h3>\n<p data-start=\"410\" data-end=\"607\">Miniatura decorativa de rancho produzida por <strong data-start=\"455\" data-end=\"489\">impress\u00e3o 3D em filamento PETG<\/strong>, com <strong data-start=\"495\" data-end=\"519\">acabamento artesanal<\/strong>, ideal para compor cen\u00e1rios, decora\u00e7\u00f5es tem\u00e1ticas, pres\u00e9pios, maquetes ou colecionismo.<\/p>\n<p data-start=\"609\" data-end=\"691\">Cada pe\u00e7a passa por finaliza\u00e7\u00e3o manual, o que confere um aspecto \u00fanico ao produto.<\/p>\n<hr data-start=\"693\" data-end=\"696\" \/>\n<h3 data-start=\"698\" data-end=\"721\"><strong data-start=\"702\" data-end=\"721\">Caracter\u00edsticas<\/strong><\/h3>\n<ul data-start=\"722\" data-end=\"923\">\n<li data-start=\"722\" data-end=\"744\">\n<p data-start=\"724\" data-end=\"744\"><strong data-start=\"724\" data-end=\"737\">Material:<\/strong> PETG<\/p>\n<\/li>\n<li data-start=\"745\" data-end=\"789\">\n<p data-start=\"747\" data-end=\"789\"><strong data-start=\"747\" data-end=\"774\">Processo de fabrica\u00e7\u00e3o:<\/strong> Impress\u00e3o 3D<\/p>\n<\/li>\n<li data-start=\"790\" data-end=\"819\">\n<p data-start=\"792\" data-end=\"819\"><strong data-start=\"792\" data-end=\"807\">Acabamento:<\/strong> Artesanal<\/p>\n<\/li>\n<li data-start=\"820\" data-end=\"852\">\n<p data-start=\"822\" data-end=\"852\"><strong data-start=\"822\" data-end=\"839\">Uso indicado:<\/strong> Decorativo<\/p>\n<\/li>\n<li data-start=\"853\" data-end=\"923\">\n<p data-start=\"855\" data-end=\"923\"><strong data-start=\"855\" data-end=\"871\">Resist\u00eancia:<\/strong> Superior ao PLA, adequado para ambientes internos<\/p>\n<\/li>\n<\/ul>\n<hr data-start=\"925\" data-end=\"928\" \/>\n<h3 data-start=\"930\" data-end=\"961\"><strong data-start=\"934\" data-end=\"961\">Informa\u00e7\u00f5es importantes<\/strong><\/h3>\n<ul data-start=\"962\" data-end=\"1384\">\n<li data-start=\"962\" data-end=\"1122\">\n<p data-start=\"964\" data-end=\"1122\">Por se tratar de um produto feito em impress\u00e3o 3D e com acabamento artesanal, <strong data-start=\"1042\" data-end=\"1084\">podem existir leves marcas do processo<\/strong>, o que <strong data-start=\"1092\" data-end=\"1119\">n\u00e3o caracteriza defeito<\/strong>.<\/p>\n<\/li>\n<li data-start=\"1123\" data-end=\"1240\">\n<p data-start=\"1125\" data-end=\"1240\"><strong data-start=\"1125\" data-end=\"1158\">Imagem meramente ilustrativa.<\/strong> O produto final pode apresentar pequenas varia\u00e7\u00f5es de tonalidade ou acabamento.<\/p>\n<\/li>\n<li data-start=\"1241\" data-end=\"1336\">\n<p data-start=\"1243\" data-end=\"1336\">A <strong data-start=\"1245\" data-end=\"1285\">cor pode ser escolhida ap\u00f3s a compra<\/strong>, entrando em contato pelo chat do Mercado Livre.<\/p>\n<\/li>\n<li data-start=\"1337\" data-end=\"1384\">\n<p data-start=\"1339\" data-end=\"1384\">Produto de uso decorativo. N\u00e3o \u00e9 brinquedo.<\/p>\n<\/li>\n<\/ul>\n<hr data-start=\"1386\" data-end=\"1389\" \/>\n<h3 data-start=\"1391\" data-end=\"1420\"><strong data-start=\"1395\" data-end=\"1420\">Conte\u00fado da embalagem<\/strong><\/h3>\n<ul data-start=\"1421\" data-end=\"1455\">\n<li data-start=\"1421\" data-end=\"1455\">\n<p data-start=\"1423\" data-end=\"1455\">1 miniatura decorativa de rancho<\/p>\n<\/li>\n<\/ul>\n","protected":false},"excerpt":{"rendered":"<p>Miniatura de Rancho Decorativo \u2013 Impress\u00e3o 3D em PETG Miniatura decorativa de rancho produzida por impress\u00e3o 3D em filamento PETG, com acabamento artesanal, ideal para compor cen\u00e1rios, decora\u00e7\u00f5es tem\u00e1ticas, pres\u00e9pios, maquetes ou colecionismo. Cada pe\u00e7a passa por finaliza\u00e7\u00e3o manual, o que confere um aspecto \u00fanico ao produto. Caracter\u00edsticas Material: PETG Processo de fabrica\u00e7\u00e3o: Impress\u00e3o 3D [&hellip;]<\/p>\n","protected":false},"featured_media":124371,"comment_status":"open","ping_status":"closed","template":"","meta":[],"product_brand":[],"product_cat":[29],"product_tag":[836],"class_list":{"0":"post-500936","1":"product","2":"type-product","3":"status-publish","4":"has-post-thumbnail","6":"product_cat-toyart","7":"product_tag-miniaturas","9":"first","10":"onbackorder","11":"taxable","12":"shipping-taxable","13":"purchasable","14":"product-type-simple"},"yoast_head":"<!-- This site is optimized with the Yoast SEO plugin v25.1 - https:\/\/yoast.com\/wordpress\/plugins\/seo\/ -->\n<title>Ranch Fences - MyStore - By STLFLIX<\/title>\n<meta name=\"robots\" content=\"index, follow, max-snippet:-1, max-image-preview:large, max-video-preview:-1\" \/>\n<link rel=\"canonical\" href=\"https:\/\/www.lojadomandela3d.biz\/product\/ranch-fences-69512e06cacf1\/\" \/>\n<meta property=\"og:locale\" content=\"es_ES\" \/>\n<meta property=\"og:type\" content=\"article\" \/>\n<meta property=\"og:title\" content=\"Ranch Fences - MyStore - By STLFLIX\" \/>\n<meta property=\"og:description\" content=\"Miniatura de Rancho Decorativo \u2013 Impress\u00e3o 3D em PETG Miniatura decorativa de rancho produzida por impress\u00e3o 3D em filamento PETG, com acabamento artesanal, ideal para compor cen\u00e1rios, decora\u00e7\u00f5es tem\u00e1ticas, pres\u00e9pios, maquetes ou colecionismo. Cada pe\u00e7a passa por finaliza\u00e7\u00e3o manual, o que confere um aspecto \u00fanico ao produto. Caracter\u00edsticas Material: PETG Processo de fabrica\u00e7\u00e3o: Impress\u00e3o 3D [&hellip;]\" \/>\n<meta property=\"og:url\" content=\"https:\/\/www.lojadomandela3d.biz\/product\/ranch-fences-69512e06cacf1\/\" \/>\n<meta property=\"og:site_name\" content=\"MyStore - By STLFLIX\" \/>\n<meta property=\"article:publisher\" content=\"https:\/\/www.facebook.com\/STLFLIX\" \/>\n<meta property=\"og:image\" content=\"https:\/\/www.lojadomandela3d.biz\/wp-content\/uploads\/2024\/10\/thumb_256b36456e.jpg\" \/>\n\t<meta property=\"og:image:width\" content=\"1080\" \/>\n\t<meta property=\"og:image:height\" content=\"1350\" \/>\n\t<meta property=\"og:image:type\" content=\"image\/jpeg\" \/>\n<meta name=\"twitter:card\" content=\"summary_large_image\" \/>\n<meta name=\"twitter:label1\" content=\"Est. reading time\" \/>\n\t<meta name=\"twitter:data1\" content=\"1 minute\" \/>\n<script type=\"application\/ld+json\" class=\"yoast-schema-graph\">{\"@context\":\"https:\/\/schema.org\",\"@graph\":[{\"@type\":\"WebPage\",\"@id\":\"https:\/\/www.lojadomandela3d.biz\/product\/ranch-fences-69512e06cacf1\/\",\"url\":\"https:\/\/www.lojadomandela3d.biz\/product\/ranch-fences-69512e06cacf1\/\",\"name\":\"Ranch Fences - MyStore - By STLFLIX\",\"isPartOf\":{\"@id\":\"https:\/\/my.stlflix.com\/tr\/#website\"},\"primaryImageOfPage\":{\"@id\":\"https:\/\/www.lojadomandela3d.biz\/product\/ranch-fences-69512e06cacf1\/#primaryimage\"},\"image\":{\"@id\":\"https:\/\/www.lojadomandela3d.biz\/product\/ranch-fences-69512e06cacf1\/#primaryimage\"},\"thumbnailUrl\":\"https:\/\/my.stlflix.com\/wp-content\/uploads\/2024\/10\/thumb_256b36456e.jpg\",\"datePublished\":\"2025-12-28T17:04:44+00:00\",\"breadcrumb\":{\"@id\":\"https:\/\/www.lojadomandela3d.biz\/product\/ranch-fences-69512e06cacf1\/#breadcrumb\"},\"inLanguage\":\"es-ES\",\"potentialAction\":[{\"@type\":\"ReadAction\",\"target\":[\"https:\/\/www.lojadomandela3d.biz\/product\/ranch-fences-69512e06cacf1\/\"]}]},{\"@type\":\"ImageObject\",\"inLanguage\":\"es-ES\",\"@id\":\"https:\/\/www.lojadomandela3d.biz\/product\/ranch-fences-69512e06cacf1\/#primaryimage\",\"url\":\"https:\/\/my.stlflix.com\/wp-content\/uploads\/2024\/10\/thumb_256b36456e.jpg\",\"contentUrl\":\"https:\/\/my.stlflix.com\/wp-content\/uploads\/2024\/10\/thumb_256b36456e.jpg\",\"width\":1080,\"height\":1350},{\"@type\":\"BreadcrumbList\",\"@id\":\"https:\/\/www.lojadomandela3d.biz\/product\/ranch-fences-69512e06cacf1\/#breadcrumb\",\"itemListElement\":[{\"@type\":\"ListItem\",\"position\":1,\"name\":\"Home\",\"item\":\"https:\/\/my.stlflix.com\/\"},{\"@type\":\"ListItem\",\"position\":2,\"name\":\"Products\",\"item\":\"https:\/\/my.stlflix.com\/fr\/shop\/\"},{\"@type\":\"ListItem\",\"position\":3,\"name\":\"Ranch Fences\"}]},{\"@type\":\"WebSite\",\"@id\":\"https:\/\/my.stlflix.com\/tr\/#website\",\"url\":\"https:\/\/my.stlflix.com\/tr\/\",\"name\":\"MyStore - By STLFLIX\",\"description\":\"\",\"publisher\":{\"@id\":\"https:\/\/my.stlflix.com\/tr\/#organization\"},\"potentialAction\":[{\"@type\":\"SearchAction\",\"target\":{\"@type\":\"EntryPoint\",\"urlTemplate\":\"https:\/\/my.stlflix.com\/tr\/?s={search_term_string}\"},\"query-input\":{\"@type\":\"PropertyValueSpecification\",\"valueRequired\":true,\"valueName\":\"search_term_string\"}}],\"inLanguage\":\"es-ES\"},{\"@type\":\"Organization\",\"@id\":\"https:\/\/my.stlflix.com\/tr\/#organization\",\"name\":\"MyStore - By STLFLIX\",\"url\":\"https:\/\/my.stlflix.com\/tr\/\",\"logo\":{\"@type\":\"ImageObject\",\"inLanguage\":\"es-ES\",\"@id\":\"https:\/\/my.stlflix.com\/tr\/#\/schema\/logo\/image\/\",\"url\":\"https:\/\/my.stlflix.com\/wp-content\/uploads\/2024\/06\/logo-mystore.png\",\"contentUrl\":\"https:\/\/my.stlflix.com\/wp-content\/uploads\/2024\/06\/logo-mystore.png\",\"width\":150,\"height\":41,\"caption\":\"MyStore - By STLFLIX\"},\"image\":{\"@id\":\"https:\/\/my.stlflix.com\/tr\/#\/schema\/logo\/image\/\"},\"sameAs\":[\"https:\/\/www.facebook.com\/STLFLIX\",\"https:\/\/www.instagram.com\/stlflix_\/\",\"https:\/\/www.tiktok.com\/@stlflix\"]}]}<\/script>\n<!-- \/ Yoast SEO plugin. -->","yoast_head_json":{"title":"Ranch Fences - MyStore - By STLFLIX","robots":{"index":"index","follow":"follow","max-snippet":"max-snippet:-1","max-image-preview":"max-image-preview:large","max-video-preview":"max-video-preview:-1"},"canonical":"https:\/\/www.lojadomandela3d.biz\/product\/ranch-fences-69512e06cacf1\/","og_locale":"es_ES","og_type":"article","og_title":"Ranch Fences - MyStore - By STLFLIX","og_description":"Miniatura de Rancho Decorativo \u2013 Impress\u00e3o 3D em PETG Miniatura decorativa de rancho produzida por impress\u00e3o 3D em filamento PETG, com acabamento artesanal, ideal para compor cen\u00e1rios, decora\u00e7\u00f5es tem\u00e1ticas, pres\u00e9pios, maquetes ou colecionismo. Cada pe\u00e7a passa por finaliza\u00e7\u00e3o manual, o que confere um aspecto \u00fanico ao produto. Caracter\u00edsticas Material: PETG Processo de fabrica\u00e7\u00e3o: Impress\u00e3o 3D [&hellip;]","og_url":"https:\/\/www.lojadomandela3d.biz\/product\/ranch-fences-69512e06cacf1\/","og_site_name":"MyStore - By STLFLIX","article_publisher":"https:\/\/www.facebook.com\/STLFLIX","og_image":[{"width":1080,"height":1350,"url":"https:\/\/www.lojadomandela3d.biz\/wp-content\/uploads\/2024\/10\/thumb_256b36456e.jpg","type":"image\/jpeg"}],"twitter_card":"summary_large_image","twitter_misc":{"Est. reading time":"1 minute"},"schema":{"@context":"https:\/\/schema.org","@graph":[{"@type":"WebPage","@id":"https:\/\/www.lojadomandela3d.biz\/product\/ranch-fences-69512e06cacf1\/","url":"https:\/\/www.lojadomandela3d.biz\/product\/ranch-fences-69512e06cacf1\/","name":"Ranch Fences - MyStore - By STLFLIX","isPartOf":{"@id":"https:\/\/my.stlflix.com\/tr\/#website"},"primaryImageOfPage":{"@id":"https:\/\/www.lojadomandela3d.biz\/product\/ranch-fences-69512e06cacf1\/#primaryimage"},"image":{"@id":"https:\/\/www.lojadomandela3d.biz\/product\/ranch-fences-69512e06cacf1\/#primaryimage"},"thumbnailUrl":"https:\/\/my.stlflix.com\/wp-content\/uploads\/2024\/10\/thumb_256b36456e.jpg","datePublished":"2025-12-28T17:04:44+00:00","breadcrumb":{"@id":"https:\/\/www.lojadomandela3d.biz\/product\/ranch-fences-69512e06cacf1\/#breadcrumb"},"inLanguage":"es-ES","potentialAction":[{"@type":"ReadAction","target":["https:\/\/www.lojadomandela3d.biz\/product\/ranch-fences-69512e06cacf1\/"]}]},{"@type":"ImageObject","inLanguage":"es-ES","@id":"https:\/\/www.lojadomandela3d.biz\/product\/ranch-fences-69512e06cacf1\/#primaryimage","url":"https:\/\/my.stlflix.com\/wp-content\/uploads\/2024\/10\/thumb_256b36456e.jpg","contentUrl":"https:\/\/my.stlflix.com\/wp-content\/uploads\/2024\/10\/thumb_256b36456e.jpg","width":1080,"height":1350},{"@type":"BreadcrumbList","@id":"https:\/\/www.lojadomandela3d.biz\/product\/ranch-fences-69512e06cacf1\/#breadcrumb","itemListElement":[{"@type":"ListItem","position":1,"name":"Home","item":"https:\/\/my.stlflix.com\/"},{"@type":"ListItem","position":2,"name":"Products","item":"https:\/\/my.stlflix.com\/fr\/shop\/"},{"@type":"ListItem","position":3,"name":"Ranch Fences"}]},{"@type":"WebSite","@id":"https:\/\/my.stlflix.com\/tr\/#website","url":"https:\/\/my.stlflix.com\/tr\/","name":"MyStore - By STLFLIX","description":"","publisher":{"@id":"https:\/\/my.stlflix.com\/tr\/#organization"},"potentialAction":[{"@type":"SearchAction","target":{"@type":"EntryPoint","urlTemplate":"https:\/\/my.stlflix.com\/tr\/?s={search_term_string}"},"query-input":{"@type":"PropertyValueSpecification","valueRequired":true,"valueName":"search_term_string"}}],"inLanguage":"es-ES"},{"@type":"Organization","@id":"https:\/\/my.stlflix.com\/tr\/#organization","name":"MyStore - By STLFLIX","url":"https:\/\/my.stlflix.com\/tr\/","logo":{"@type":"ImageObject","inLanguage":"es-ES","@id":"https:\/\/my.stlflix.com\/tr\/#\/schema\/logo\/image\/","url":"https:\/\/my.stlflix.com\/wp-content\/uploads\/2024\/06\/logo-mystore.png","contentUrl":"https:\/\/my.stlflix.com\/wp-content\/uploads\/2024\/06\/logo-mystore.png","width":150,"height":41,"caption":"MyStore - By STLFLIX"},"image":{"@id":"https:\/\/my.stlflix.com\/tr\/#\/schema\/logo\/image\/"},"sameAs":["https:\/\/www.facebook.com\/STLFLIX","https:\/\/www.instagram.com\/stlflix_\/","https:\/\/www.tiktok.com\/@stlflix"]}]}},"_links":{"self":[{"href":"https:\/\/my.stlflix.com\/es\/wp-json\/wp\/v2\/product\/500936","targetHints":{"allow":["GET"]}}],"collection":[{"href":"https:\/\/my.stlflix.com\/es\/wp-json\/wp\/v2\/product"}],"about":[{"href":"https:\/\/my.stlflix.com\/es\/wp-json\/wp\/v2\/types\/product"}],"replies":[{"embeddable":true,"href":"https:\/\/my.stlflix.com\/es\/wp-json\/wp\/v2\/comments?post=500936"}],"wp:featuredmedia":[{"embeddable":true,"href":"https:\/\/my.stlflix.com\/es\/wp-json\/wp\/v2\/media\/124371"}],"wp:attachment":[{"href":"https:\/\/my.stlflix.com\/es\/wp-json\/wp\/v2\/media?parent=500936"}],"wp:term":[{"taxonomy":"product_brand","embeddable":true,"href":"https:\/\/my.stlflix.com\/es\/wp-json\/wp\/v2\/product_brand?post=500936"},{"taxonomy":"product_cat","embeddable":true,"href":"https:\/\/my.stlflix.com\/es\/wp-json\/wp\/v2\/product_cat?post=500936"},{"taxonomy":"product_tag","embeddable":true,"href":"https:\/\/my.stlflix.com\/es\/wp-json\/wp\/v2\/product_tag?post=500936"}],"curies":[{"name":"wp","href":"https:\/\/api.w.org\/{rel}","templated":true}]}}