{"id":505439,"date":"2026-01-07T15:45:25","date_gmt":"2026-01-07T15:45:25","guid":{"rendered":"https:\/\/my.stlflix.com\/?post_type=product&#038;p=505439"},"modified":"2026-01-28T19:11:15","modified_gmt":"2026-01-28T19:11:15","slug":"luminarias-personalizadas","status":"publish","type":"product","link":"https:\/\/my.stlflix.com\/es\/product\/luminarias-personalizadas\/","title":{"rendered":"Lumin\u00e1rias personalizadas"},"content":{"rendered":"<h2 data-path-to-node=\"2\">\ud83d\udca1<span dir=\"auto\" style=\"vertical-align: inherit\"><span dir=\"auto\" style=\"vertical-align: inherit\">Eternize seus momentos com Luz e Tecnologia!<\/span><\/span>\u2728<\/h2>\n<p data-path-to-node=\"3\"><span dir=\"auto\" style=\"vertical-align: inherit\"><span dir=\"auto\" style=\"vertical-align: inherit\">J\u00e1 pensou em transformar sua foto favorita ou o s\u00edmbolo da sua paix\u00e3o em uma lumin\u00e1ria exclusiva? Com a nossa <\/span><\/span><b data-path-to-node=\"3\" data-index-in-node=\"110\"><span dir=\"auto\" style=\"vertical-align: inherit\"><span dir=\"auto\" style=\"vertical-align: inherit\">impress\u00e3o 3D de alta precis\u00e3o<\/span><\/span><\/b><span dir=\"auto\" style=\"vertical-align: inherit\"><span dir=\"auto\" style=\"vertical-align: inherit\"> , n\u00f3s transformamos luz em emo\u00e7\u00e3o.<\/span><\/span><\/p>\n<h3 data-path-to-node=\"6\"><b data-path-to-node=\"6\" data-index-in-node=\"0\"><span dir=\"auto\" style=\"vertical-align: inherit\"><span dir=\"auto\" style=\"vertical-align: inherit\">D\u00ea um presente que ningu\u00e9m mais tem!<\/span><\/span><\/b><\/h3>\n<p data-path-to-node=\"7\"><span dir=\"auto\" style=\"vertical-align: inherit\"><span dir=\"auto\" style=\"vertical-align: inherit\">Seja para celebrar uma uni\u00e3o, um \u00eddolo ou uma conquista, nossas lumin\u00e1rias s\u00e3o feitas <\/span><\/span><b data-path-to-node=\"7\" data-index-in-node=\"86\"><span dir=\"auto\" style=\"vertical-align: inherit\"><span dir=\"auto\" style=\"vertical-align: inherit\">sob medida para voc\u00ea<\/span><\/span><\/b><span dir=\"auto\" style=\"vertical-align: inherit\"><span dir=\"auto\" style=\"vertical-align: inherit\"> .<\/span><\/span><\/p>\n<p data-path-to-node=\"7\"><span dir=\"auto\" style=\"vertical-align: inherit\"><span dir=\"auto\" style=\"vertical-align: inherit\">15 cm<\/span><\/span><\/p>\n","protected":false},"excerpt":{"rendered":"<p>\ud83d\udca1Eternize seus momentos com Luz e Tecnologia!\u2728 J\u00e1 pensou em transformar sua foto favorita ou o s\u00edmbolo da sua paix\u00e3o em uma lumin\u00e1ria exclusiva? Com a nossa impress\u00e3o 3D de alta precis\u00e3o , n\u00f3s transformamos luz em emo\u00e7\u00e3o. D\u00ea um presente que ningu\u00e9m mais tem! Seja para celebrar uma uni\u00e3o, um \u00eddolo ou uma conquista, [&hellip;]<\/p>\n","protected":false},"featured_media":505445,"comment_status":"open","ping_status":"closed","template":"","meta":[],"product_brand":[],"product_cat":[15],"product_tag":[6001],"class_list":{"0":"post-505439","1":"product","2":"type-product","3":"status-publish","4":"has-post-thumbnail","6":"product_cat-uncategorized","7":"product_tag-luminarias-2","9":"first","10":"onbackorder","11":"taxable","12":"shipping-taxable","13":"purchasable","14":"product-type-simple"},"yoast_head":"<!-- This site is optimized with the Yoast SEO plugin v25.1 - https:\/\/yoast.com\/wordpress\/plugins\/seo\/ -->\n<title>Lumin\u00e1rias personalizadas - MyStore - By STLFLIX<\/title>\n<meta name=\"robots\" content=\"index, follow, max-snippet:-1, max-image-preview:large, max-video-preview:-1\" \/>\n<link rel=\"canonical\" href=\"https:\/\/my.stlflix.com\/es\/product\/luminarias-personalizadas\/\" \/>\n<meta property=\"og:locale\" content=\"es_ES\" \/>\n<meta property=\"og:type\" content=\"article\" \/>\n<meta property=\"og:title\" content=\"Lumin\u00e1rias personalizadas - MyStore - By STLFLIX\" \/>\n<meta property=\"og:description\" content=\"\ud83d\udca1Eternize seus momentos com Luz e Tecnologia!\u2728 J\u00e1 pensou em transformar sua foto favorita ou o s\u00edmbolo da sua paix\u00e3o em uma lumin\u00e1ria exclusiva? Com a nossa impress\u00e3o 3D de alta precis\u00e3o , n\u00f3s transformamos luz em emo\u00e7\u00e3o. D\u00ea um presente que ningu\u00e9m mais tem! Seja para celebrar uma uni\u00e3o, um \u00eddolo ou uma conquista, [&hellip;]\" \/>\n<meta property=\"og:url\" content=\"https:\/\/my.stlflix.com\/es\/product\/luminarias-personalizadas\/\" \/>\n<meta property=\"og:site_name\" content=\"MyStore - By STLFLIX\" \/>\n<meta property=\"article:publisher\" content=\"https:\/\/www.facebook.com\/STLFLIX\" \/>\n<meta property=\"article:modified_time\" content=\"2026-01-28T19:11:15+00:00\" \/>\n<meta property=\"og:image\" content=\"https:\/\/my.stlflix.com\/wp-content\/uploads\/2026\/01\/cropped-po.jpeg\" \/>\n\t<meta property=\"og:image:width\" content=\"879\" \/>\n\t<meta property=\"og:image:height\" content=\"894\" \/>\n\t<meta property=\"og:image:type\" content=\"image\/jpeg\" \/>\n<meta name=\"twitter:card\" content=\"summary_large_image\" \/>\n<script type=\"application\/ld+json\" class=\"yoast-schema-graph\">{\"@context\":\"https:\/\/schema.org\",\"@graph\":[{\"@type\":\"WebPage\",\"@id\":\"https:\/\/my.stlflix.com\/es\/product\/luminarias-personalizadas\/\",\"url\":\"https:\/\/my.stlflix.com\/es\/product\/luminarias-personalizadas\/\",\"name\":\"Lumin\u00e1rias personalizadas - MyStore - By STLFLIX\",\"isPartOf\":{\"@id\":\"https:\/\/my.stlflix.com\/#website\"},\"primaryImageOfPage\":{\"@id\":\"https:\/\/my.stlflix.com\/es\/product\/luminarias-personalizadas\/#primaryimage\"},\"image\":{\"@id\":\"https:\/\/my.stlflix.com\/es\/product\/luminarias-personalizadas\/#primaryimage\"},\"thumbnailUrl\":\"https:\/\/my.stlflix.com\/wp-content\/uploads\/2026\/01\/cropped-po.jpeg\",\"datePublished\":\"2026-01-07T15:45:25+00:00\",\"dateModified\":\"2026-01-28T19:11:15+00:00\",\"breadcrumb\":{\"@id\":\"https:\/\/my.stlflix.com\/es\/product\/luminarias-personalizadas\/#breadcrumb\"},\"inLanguage\":\"es-ES\",\"potentialAction\":[{\"@type\":\"ReadAction\",\"target\":[\"https:\/\/my.stlflix.com\/es\/product\/luminarias-personalizadas\/\"]}]},{\"@type\":\"ImageObject\",\"inLanguage\":\"es-ES\",\"@id\":\"https:\/\/my.stlflix.com\/es\/product\/luminarias-personalizadas\/#primaryimage\",\"url\":\"https:\/\/my.stlflix.com\/wp-content\/uploads\/2026\/01\/cropped-po.jpeg\",\"contentUrl\":\"https:\/\/my.stlflix.com\/wp-content\/uploads\/2026\/01\/cropped-po.jpeg\",\"width\":879,\"height\":894},{\"@type\":\"BreadcrumbList\",\"@id\":\"https:\/\/my.stlflix.com\/es\/product\/luminarias-personalizadas\/#breadcrumb\",\"itemListElement\":[{\"@type\":\"ListItem\",\"position\":1,\"name\":\"Home\",\"item\":\"https:\/\/www.stlflix-store.com\/\"},{\"@type\":\"ListItem\",\"position\":2,\"name\":\"Products\",\"item\":\"https:\/\/www.stlflix-store.com\/shop\/\"},{\"@type\":\"ListItem\",\"position\":3,\"name\":\"Lumin\u00e1rias personalizadas\"}]},{\"@type\":\"WebSite\",\"@id\":\"https:\/\/my.stlflix.com\/#website\",\"url\":\"https:\/\/my.stlflix.com\/\",\"name\":\"MyStore - By STLFLIX\",\"description\":\"\",\"publisher\":{\"@id\":\"https:\/\/my.stlflix.com\/#organization\"},\"potentialAction\":[{\"@type\":\"SearchAction\",\"target\":{\"@type\":\"EntryPoint\",\"urlTemplate\":\"https:\/\/my.stlflix.com\/?s={search_term_string}\"},\"query-input\":{\"@type\":\"PropertyValueSpecification\",\"valueRequired\":true,\"valueName\":\"search_term_string\"}}],\"inLanguage\":\"es-ES\"},{\"@type\":\"Organization\",\"@id\":\"https:\/\/my.stlflix.com\/#organization\",\"name\":\"MyStore - By STLFLIX\",\"url\":\"https:\/\/my.stlflix.com\/\",\"logo\":{\"@type\":\"ImageObject\",\"inLanguage\":\"es-ES\",\"@id\":\"https:\/\/my.stlflix.com\/#\/schema\/logo\/image\/\",\"url\":\"https:\/\/my.stlflix.com\/wp-content\/uploads\/2024\/06\/logo-mystore.png\",\"contentUrl\":\"https:\/\/my.stlflix.com\/wp-content\/uploads\/2024\/06\/logo-mystore.png\",\"width\":150,\"height\":41,\"caption\":\"MyStore - By STLFLIX\"},\"image\":{\"@id\":\"https:\/\/my.stlflix.com\/#\/schema\/logo\/image\/\"},\"sameAs\":[\"https:\/\/www.facebook.com\/STLFLIX\",\"https:\/\/www.instagram.com\/stlflix_\/\",\"https:\/\/www.tiktok.com\/@stlflix\"]}]}<\/script>\n<!-- \/ Yoast SEO plugin. -->","yoast_head_json":{"title":"Lumin\u00e1rias personalizadas - MyStore - By STLFLIX","robots":{"index":"index","follow":"follow","max-snippet":"max-snippet:-1","max-image-preview":"max-image-preview:large","max-video-preview":"max-video-preview:-1"},"canonical":"https:\/\/my.stlflix.com\/es\/product\/luminarias-personalizadas\/","og_locale":"es_ES","og_type":"article","og_title":"Lumin\u00e1rias personalizadas - MyStore - By STLFLIX","og_description":"\ud83d\udca1Eternize seus momentos com Luz e Tecnologia!\u2728 J\u00e1 pensou em transformar sua foto favorita ou o s\u00edmbolo da sua paix\u00e3o em uma lumin\u00e1ria exclusiva? Com a nossa impress\u00e3o 3D de alta precis\u00e3o , n\u00f3s transformamos luz em emo\u00e7\u00e3o. D\u00ea um presente que ningu\u00e9m mais tem! Seja para celebrar uma uni\u00e3o, um \u00eddolo ou uma conquista, [&hellip;]","og_url":"https:\/\/my.stlflix.com\/es\/product\/luminarias-personalizadas\/","og_site_name":"MyStore - By STLFLIX","article_publisher":"https:\/\/www.facebook.com\/STLFLIX","article_modified_time":"2026-01-28T19:11:15+00:00","og_image":[{"width":879,"height":894,"url":"https:\/\/my.stlflix.com\/wp-content\/uploads\/2026\/01\/cropped-po.jpeg","type":"image\/jpeg"}],"twitter_card":"summary_large_image","schema":{"@context":"https:\/\/schema.org","@graph":[{"@type":"WebPage","@id":"https:\/\/my.stlflix.com\/es\/product\/luminarias-personalizadas\/","url":"https:\/\/my.stlflix.com\/es\/product\/luminarias-personalizadas\/","name":"Lumin\u00e1rias personalizadas - MyStore - By STLFLIX","isPartOf":{"@id":"https:\/\/my.stlflix.com\/#website"},"primaryImageOfPage":{"@id":"https:\/\/my.stlflix.com\/es\/product\/luminarias-personalizadas\/#primaryimage"},"image":{"@id":"https:\/\/my.stlflix.com\/es\/product\/luminarias-personalizadas\/#primaryimage"},"thumbnailUrl":"https:\/\/my.stlflix.com\/wp-content\/uploads\/2026\/01\/cropped-po.jpeg","datePublished":"2026-01-07T15:45:25+00:00","dateModified":"2026-01-28T19:11:15+00:00","breadcrumb":{"@id":"https:\/\/my.stlflix.com\/es\/product\/luminarias-personalizadas\/#breadcrumb"},"inLanguage":"es-ES","potentialAction":[{"@type":"ReadAction","target":["https:\/\/my.stlflix.com\/es\/product\/luminarias-personalizadas\/"]}]},{"@type":"ImageObject","inLanguage":"es-ES","@id":"https:\/\/my.stlflix.com\/es\/product\/luminarias-personalizadas\/#primaryimage","url":"https:\/\/my.stlflix.com\/wp-content\/uploads\/2026\/01\/cropped-po.jpeg","contentUrl":"https:\/\/my.stlflix.com\/wp-content\/uploads\/2026\/01\/cropped-po.jpeg","width":879,"height":894},{"@type":"BreadcrumbList","@id":"https:\/\/my.stlflix.com\/es\/product\/luminarias-personalizadas\/#breadcrumb","itemListElement":[{"@type":"ListItem","position":1,"name":"Home","item":"https:\/\/www.stlflix-store.com\/"},{"@type":"ListItem","position":2,"name":"Products","item":"https:\/\/www.stlflix-store.com\/shop\/"},{"@type":"ListItem","position":3,"name":"Lumin\u00e1rias personalizadas"}]},{"@type":"WebSite","@id":"https:\/\/my.stlflix.com\/#website","url":"https:\/\/my.stlflix.com\/","name":"MyStore - By STLFLIX","description":"","publisher":{"@id":"https:\/\/my.stlflix.com\/#organization"},"potentialAction":[{"@type":"SearchAction","target":{"@type":"EntryPoint","urlTemplate":"https:\/\/my.stlflix.com\/?s={search_term_string}"},"query-input":{"@type":"PropertyValueSpecification","valueRequired":true,"valueName":"search_term_string"}}],"inLanguage":"es-ES"},{"@type":"Organization","@id":"https:\/\/my.stlflix.com\/#organization","name":"MyStore - By STLFLIX","url":"https:\/\/my.stlflix.com\/","logo":{"@type":"ImageObject","inLanguage":"es-ES","@id":"https:\/\/my.stlflix.com\/#\/schema\/logo\/image\/","url":"https:\/\/my.stlflix.com\/wp-content\/uploads\/2024\/06\/logo-mystore.png","contentUrl":"https:\/\/my.stlflix.com\/wp-content\/uploads\/2024\/06\/logo-mystore.png","width":150,"height":41,"caption":"MyStore - By STLFLIX"},"image":{"@id":"https:\/\/my.stlflix.com\/#\/schema\/logo\/image\/"},"sameAs":["https:\/\/www.facebook.com\/STLFLIX","https:\/\/www.instagram.com\/stlflix_\/","https:\/\/www.tiktok.com\/@stlflix"]}]}},"_links":{"self":[{"href":"https:\/\/my.stlflix.com\/es\/wp-json\/wp\/v2\/product\/505439","targetHints":{"allow":["GET"]}}],"collection":[{"href":"https:\/\/my.stlflix.com\/es\/wp-json\/wp\/v2\/product"}],"about":[{"href":"https:\/\/my.stlflix.com\/es\/wp-json\/wp\/v2\/types\/product"}],"replies":[{"embeddable":true,"href":"https:\/\/my.stlflix.com\/es\/wp-json\/wp\/v2\/comments?post=505439"}],"wp:featuredmedia":[{"embeddable":true,"href":"https:\/\/my.stlflix.com\/es\/wp-json\/wp\/v2\/media\/505445"}],"wp:attachment":[{"href":"https:\/\/my.stlflix.com\/es\/wp-json\/wp\/v2\/media?parent=505439"}],"wp:term":[{"taxonomy":"product_brand","embeddable":true,"href":"https:\/\/my.stlflix.com\/es\/wp-json\/wp\/v2\/product_brand?post=505439"},{"taxonomy":"product_cat","embeddable":true,"href":"https:\/\/my.stlflix.com\/es\/wp-json\/wp\/v2\/product_cat?post=505439"},{"taxonomy":"product_tag","embeddable":true,"href":"https:\/\/my.stlflix.com\/es\/wp-json\/wp\/v2\/product_tag?post=505439"}],"curies":[{"name":"wp","href":"https:\/\/api.w.org\/{rel}","templated":true}]}}