{"id":510870,"date":"2026-01-17T12:29:31","date_gmt":"2026-01-17T12:29:31","guid":{"rendered":"https:\/\/my.stlflix.com\/?post_type=product&#038;p=510870"},"modified":"2026-01-17T13:02:09","modified_gmt":"2026-01-17T13:02:09","slug":"customizable-dog-tag-696b807d909d4","status":"publish","type":"product","link":"https:\/\/my.stlflix.com\/es\/product\/customizable-dog-tag-696b807d909d4\/","title":{"rendered":"Placa de Identifica\u00e7\u00e3o para C\u00e3es &#8211; Personalizado"},"content":{"rendered":"<p><!--StartFragment --><\/p>\n<p>\ud83d\udc3e <strong><span dir=\"auto\" style=\"vertical-align: inherit\"><span dir=\"auto\" style=\"vertical-align: inherit\"><span dir=\"auto\" style=\"vertical-align: inherit\"><span dir=\"auto\" style=\"vertical-align: inherit\">Placa de Identifica\u00e7\u00e3o para C\u00e3es Personaliz\u00e1vel<\/span><\/span><\/span><\/span><\/strong><\/p>\n<p><span dir=\"auto\" style=\"vertical-align: inherit\"><span dir=\"auto\" style=\"vertical-align: inherit\"><span dir=\"auto\" style=\"vertical-align: inherit\"><span dir=\"auto\" style=\"vertical-align: inherit\">Mantenha seu animal de estima\u00e7\u00e3o sempre seguro com esta Placa de Identifica\u00e7\u00e3o Personaliz\u00e1vel. Criada em impress\u00e3o 3D com alta qualidade, ela \u00e9 leve, resistente e ideal para uso di\u00e1rio.<\/span><\/span><\/span><\/span><\/p>\n<p>\u2728 <strong><span dir=\"auto\" style=\"vertical-align: inherit\"><span dir=\"auto\" style=\"vertical-align: inherit\"><span dir=\"auto\" style=\"vertical-align: inherit\"><span dir=\"auto\" style=\"vertical-align: inherit\">Caracter\u00edsticas do produto<\/span><\/span><\/span><\/span><\/strong><\/p>\n<ul>\n<li><span dir=\"auto\" style=\"vertical-align: inherit\"><span dir=\"auto\" style=\"vertical-align: inherit\"><span dir=\"auto\" style=\"vertical-align: inherit\"><span dir=\"auto\" style=\"vertical-align: inherit\">Personaliza\u00e7\u00e3o com <\/span><\/span><\/span><\/span><strong><span dir=\"auto\" style=\"vertical-align: inherit\"><span dir=\"auto\" style=\"vertical-align: inherit\"><span dir=\"auto\" style=\"vertical-align: inherit\"><span dir=\"auto\" style=\"vertical-align: inherit\">nome do animal de estima\u00e7\u00e3o<\/span><\/span><\/span><\/span><\/strong><span dir=\"auto\" style=\"vertical-align: inherit\"><span dir=\"auto\" style=\"vertical-align: inherit\"><span dir=\"auto\" style=\"vertical-align: inherit\"><span dir=\"auto\" style=\"vertical-align: inherit\"> , <\/span><\/span><\/span><\/span><strong><span dir=\"auto\" style=\"vertical-align: inherit\"><span dir=\"auto\" style=\"vertical-align: inherit\"><span dir=\"auto\" style=\"vertical-align: inherit\"><span dir=\"auto\" style=\"vertical-align: inherit\">telefone<\/span><\/span><\/span><\/span><\/strong><span dir=\"auto\" style=\"vertical-align: inherit\"><span dir=\"auto\" style=\"vertical-align: inherit\"><span dir=\"auto\" style=\"vertical-align: inherit\"><span dir=\"auto\" style=\"vertical-align: inherit\"> ou outras informa\u00e7\u00f5es importantes<\/span><\/span><\/span><\/span><\/li>\n<li><span dir=\"auto\" style=\"vertical-align: inherit\"><span dir=\"auto\" style=\"vertical-align: inherit\"><span dir=\"auto\" style=\"vertical-align: inherit\"><span dir=\"auto\" style=\"vertical-align: inherit\">Material dur\u00e1vel e confort\u00e1vel para o animal<\/span><\/span><\/span><\/span><\/li>\n<li><span dir=\"auto\" style=\"vertical-align: inherit\"><span dir=\"auto\" style=\"vertical-align: inherit\"><span dir=\"auto\" style=\"vertical-align: inherit\"><span dir=\"auto\" style=\"vertical-align: inherit\">Design moderno e discreto<\/span><\/span><\/span><\/span><\/li>\n<li><span dir=\"auto\" style=\"vertical-align: inherit\"><span dir=\"auto\" style=\"vertical-align: inherit\"><span dir=\"auto\" style=\"vertical-align: inherit\"><span dir=\"auto\" style=\"vertical-align: inherit\">Ideal para coleiras de todos os tamanhos<\/span><\/span><\/span><\/span><\/li>\n<li><span dir=\"auto\" style=\"vertical-align: inherit\"><span dir=\"auto\" style=\"vertical-align: inherit\"><span dir=\"auto\" style=\"vertical-align: inherit\"><span dir=\"auto\" style=\"vertical-align: inherit\">\u00d3tima op\u00e7\u00e3o para garantir seguran\u00e7a em passeios e viagens<\/span><\/span><\/span><\/span><\/li>\n<\/ul>\n<p>\ud83c\udfaf <strong><span dir=\"auto\" style=\"vertical-align: inherit\"><span dir=\"auto\" style=\"vertical-align: inherit\"><span dir=\"auto\" style=\"vertical-align: inherit\"><span dir=\"auto\" style=\"vertical-align: inherit\">Por que usar uma placa de identifica\u00e7\u00e3o?<\/span><\/span><\/span><\/span><\/strong><\/p>\n<p><span dir=\"auto\" style=\"vertical-align: inherit\"><span dir=\"auto\" style=\"vertical-align: inherit\"><span dir=\"auto\" style=\"vertical-align: inherit\"><span dir=\"auto\" style=\"vertical-align: inherit\">Em caso de fuga ou perda, a identifica\u00e7\u00e3o aumenta muito e as chances de seu animal voltar para casa rapidamente. \u00c9 um item simples, mas essencial para qualquer tutor.<\/span><\/span><\/span><\/span><\/p>\n<p><!--EndFragment --><\/p>\n","protected":false},"excerpt":{"rendered":"<p>\ud83d\udc3e Placa de Identifica\u00e7\u00e3o para C\u00e3es Personaliz\u00e1vel Mantenha seu animal de estima\u00e7\u00e3o sempre seguro com esta Placa de Identifica\u00e7\u00e3o Personaliz\u00e1vel. Criada em impress\u00e3o 3D com alta qualidade, ela \u00e9 leve, resistente e ideal para uso di\u00e1rio. \u2728 Caracter\u00edsticas do produto Personaliza\u00e7\u00e3o com nome do animal de estima\u00e7\u00e3o , telefone ou outras informa\u00e7\u00f5es importantes Material dur\u00e1vel [&hellip;]<\/p>\n","protected":false},"featured_media":8813,"comment_status":"open","ping_status":"closed","template":"","meta":[],"product_brand":[],"product_cat":[34],"product_tag":[513],"class_list":{"0":"post-510870","1":"product","2":"type-product","3":"status-publish","4":"has-post-thumbnail","6":"product_cat-customizables","7":"product_tag-personalizados","9":"first","10":"instock","11":"taxable","12":"shipping-taxable","13":"product-type-simple"},"yoast_head":"<!-- This site is optimized with the Yoast SEO plugin v25.1 - https:\/\/yoast.com\/wordpress\/plugins\/seo\/ -->\n<title>Placa de Identifica\u00e7\u00e3o para C\u00e3es - Personalizado - MyStore - By STLFLIX<\/title>\n<meta name=\"robots\" content=\"index, follow, max-snippet:-1, max-image-preview:large, max-video-preview:-1\" \/>\n<link rel=\"canonical\" href=\"https:\/\/my.stlflix.com\/es\/product\/customizable-dog-tag-696b807d909d4\/\" \/>\n<meta property=\"og:locale\" content=\"es_ES\" \/>\n<meta property=\"og:type\" content=\"article\" \/>\n<meta property=\"og:title\" content=\"Placa de Identifica\u00e7\u00e3o para C\u00e3es - Personalizado - MyStore - By STLFLIX\" \/>\n<meta property=\"og:description\" content=\"\ud83d\udc3e Placa de Identifica\u00e7\u00e3o para C\u00e3es Personaliz\u00e1vel Mantenha seu animal de estima\u00e7\u00e3o sempre seguro com esta Placa de Identifica\u00e7\u00e3o Personaliz\u00e1vel. Criada em impress\u00e3o 3D com alta qualidade, ela \u00e9 leve, resistente e ideal para uso di\u00e1rio. \u2728 Caracter\u00edsticas do produto Personaliza\u00e7\u00e3o com nome do animal de estima\u00e7\u00e3o , telefone ou outras informa\u00e7\u00f5es importantes Material dur\u00e1vel [&hellip;]\" \/>\n<meta property=\"og:url\" content=\"https:\/\/my.stlflix.com\/es\/product\/customizable-dog-tag-696b807d909d4\/\" \/>\n<meta property=\"og:site_name\" content=\"MyStore - By STLFLIX\" \/>\n<meta property=\"article:publisher\" content=\"https:\/\/www.facebook.com\/STLFLIX\" \/>\n<meta property=\"article:modified_time\" content=\"2026-01-17T13:02:09+00:00\" \/>\n<meta property=\"og:image\" content=\"https:\/\/my.stlflix.com\/wp-content\/uploads\/2024\/03\/custom_dog_tag_b68ab22f45.png\" \/>\n\t<meta property=\"og:image:width\" content=\"542\" \/>\n\t<meta property=\"og:image:height\" content=\"678\" \/>\n\t<meta property=\"og:image:type\" content=\"image\/png\" \/>\n<meta name=\"twitter:card\" content=\"summary_large_image\" \/>\n<meta name=\"twitter:label1\" content=\"Est. reading time\" \/>\n\t<meta name=\"twitter:data1\" content=\"1 minute\" \/>\n<script type=\"application\/ld+json\" class=\"yoast-schema-graph\">{\"@context\":\"https:\/\/schema.org\",\"@graph\":[{\"@type\":\"WebPage\",\"@id\":\"https:\/\/my.stlflix.com\/es\/product\/customizable-dog-tag-696b807d909d4\/\",\"url\":\"https:\/\/my.stlflix.com\/es\/product\/customizable-dog-tag-696b807d909d4\/\",\"name\":\"Placa de Identifica\u00e7\u00e3o para C\u00e3es - Personalizado - MyStore - By STLFLIX\",\"isPartOf\":{\"@id\":\"https:\/\/my.stlflix.com\/tr\/#website\"},\"primaryImageOfPage\":{\"@id\":\"https:\/\/my.stlflix.com\/es\/product\/customizable-dog-tag-696b807d909d4\/#primaryimage\"},\"image\":{\"@id\":\"https:\/\/my.stlflix.com\/es\/product\/customizable-dog-tag-696b807d909d4\/#primaryimage\"},\"thumbnailUrl\":\"https:\/\/my.stlflix.com\/wp-content\/uploads\/2024\/03\/custom_dog_tag_b68ab22f45.png\",\"datePublished\":\"2026-01-17T12:29:31+00:00\",\"dateModified\":\"2026-01-17T13:02:09+00:00\",\"breadcrumb\":{\"@id\":\"https:\/\/my.stlflix.com\/es\/product\/customizable-dog-tag-696b807d909d4\/#breadcrumb\"},\"inLanguage\":\"es-ES\",\"potentialAction\":[{\"@type\":\"ReadAction\",\"target\":[\"https:\/\/my.stlflix.com\/es\/product\/customizable-dog-tag-696b807d909d4\/\"]}]},{\"@type\":\"ImageObject\",\"inLanguage\":\"es-ES\",\"@id\":\"https:\/\/my.stlflix.com\/es\/product\/customizable-dog-tag-696b807d909d4\/#primaryimage\",\"url\":\"https:\/\/my.stlflix.com\/wp-content\/uploads\/2024\/03\/custom_dog_tag_b68ab22f45.png\",\"contentUrl\":\"https:\/\/my.stlflix.com\/wp-content\/uploads\/2024\/03\/custom_dog_tag_b68ab22f45.png\",\"width\":542,\"height\":678},{\"@type\":\"BreadcrumbList\",\"@id\":\"https:\/\/my.stlflix.com\/es\/product\/customizable-dog-tag-696b807d909d4\/#breadcrumb\",\"itemListElement\":[{\"@type\":\"ListItem\",\"position\":1,\"name\":\"Home\",\"item\":\"https:\/\/my.stlflix.com\/\"},{\"@type\":\"ListItem\",\"position\":2,\"name\":\"Products\",\"item\":\"https:\/\/my.stlflix.com\/fr\/shop\/\"},{\"@type\":\"ListItem\",\"position\":3,\"name\":\"Placa de Identifica\u00e7\u00e3o para C\u00e3es &#8211; Personalizado\"}]},{\"@type\":\"WebSite\",\"@id\":\"https:\/\/my.stlflix.com\/tr\/#website\",\"url\":\"https:\/\/my.stlflix.com\/tr\/\",\"name\":\"MyStore - By STLFLIX\",\"description\":\"\",\"publisher\":{\"@id\":\"https:\/\/my.stlflix.com\/tr\/#organization\"},\"potentialAction\":[{\"@type\":\"SearchAction\",\"target\":{\"@type\":\"EntryPoint\",\"urlTemplate\":\"https:\/\/my.stlflix.com\/tr\/?s={search_term_string}\"},\"query-input\":{\"@type\":\"PropertyValueSpecification\",\"valueRequired\":true,\"valueName\":\"search_term_string\"}}],\"inLanguage\":\"es-ES\"},{\"@type\":\"Organization\",\"@id\":\"https:\/\/my.stlflix.com\/tr\/#organization\",\"name\":\"MyStore - By STLFLIX\",\"url\":\"https:\/\/my.stlflix.com\/tr\/\",\"logo\":{\"@type\":\"ImageObject\",\"inLanguage\":\"es-ES\",\"@id\":\"https:\/\/my.stlflix.com\/tr\/#\/schema\/logo\/image\/\",\"url\":\"https:\/\/my.stlflix.com\/wp-content\/uploads\/2024\/06\/logo-mystore.png\",\"contentUrl\":\"https:\/\/my.stlflix.com\/wp-content\/uploads\/2024\/06\/logo-mystore.png\",\"width\":150,\"height\":41,\"caption\":\"MyStore - By STLFLIX\"},\"image\":{\"@id\":\"https:\/\/my.stlflix.com\/tr\/#\/schema\/logo\/image\/\"},\"sameAs\":[\"https:\/\/www.facebook.com\/STLFLIX\",\"https:\/\/www.instagram.com\/stlflix_\/\",\"https:\/\/www.tiktok.com\/@stlflix\"]}]}<\/script>\n<!-- \/ Yoast SEO plugin. -->","yoast_head_json":{"title":"Placa de Identifica\u00e7\u00e3o para C\u00e3es - Personalizado - MyStore - By STLFLIX","robots":{"index":"index","follow":"follow","max-snippet":"max-snippet:-1","max-image-preview":"max-image-preview:large","max-video-preview":"max-video-preview:-1"},"canonical":"https:\/\/my.stlflix.com\/es\/product\/customizable-dog-tag-696b807d909d4\/","og_locale":"es_ES","og_type":"article","og_title":"Placa de Identifica\u00e7\u00e3o para C\u00e3es - Personalizado - MyStore - By STLFLIX","og_description":"\ud83d\udc3e Placa de Identifica\u00e7\u00e3o para C\u00e3es Personaliz\u00e1vel Mantenha seu animal de estima\u00e7\u00e3o sempre seguro com esta Placa de Identifica\u00e7\u00e3o Personaliz\u00e1vel. Criada em impress\u00e3o 3D com alta qualidade, ela \u00e9 leve, resistente e ideal para uso di\u00e1rio. \u2728 Caracter\u00edsticas do produto Personaliza\u00e7\u00e3o com nome do animal de estima\u00e7\u00e3o , telefone ou outras informa\u00e7\u00f5es importantes Material dur\u00e1vel [&hellip;]","og_url":"https:\/\/my.stlflix.com\/es\/product\/customizable-dog-tag-696b807d909d4\/","og_site_name":"MyStore - By STLFLIX","article_publisher":"https:\/\/www.facebook.com\/STLFLIX","article_modified_time":"2026-01-17T13:02:09+00:00","og_image":[{"width":542,"height":678,"url":"https:\/\/my.stlflix.com\/wp-content\/uploads\/2024\/03\/custom_dog_tag_b68ab22f45.png","type":"image\/png"}],"twitter_card":"summary_large_image","twitter_misc":{"Est. reading time":"1 minute"},"schema":{"@context":"https:\/\/schema.org","@graph":[{"@type":"WebPage","@id":"https:\/\/my.stlflix.com\/es\/product\/customizable-dog-tag-696b807d909d4\/","url":"https:\/\/my.stlflix.com\/es\/product\/customizable-dog-tag-696b807d909d4\/","name":"Placa de Identifica\u00e7\u00e3o para C\u00e3es - Personalizado - MyStore - By STLFLIX","isPartOf":{"@id":"https:\/\/my.stlflix.com\/tr\/#website"},"primaryImageOfPage":{"@id":"https:\/\/my.stlflix.com\/es\/product\/customizable-dog-tag-696b807d909d4\/#primaryimage"},"image":{"@id":"https:\/\/my.stlflix.com\/es\/product\/customizable-dog-tag-696b807d909d4\/#primaryimage"},"thumbnailUrl":"https:\/\/my.stlflix.com\/wp-content\/uploads\/2024\/03\/custom_dog_tag_b68ab22f45.png","datePublished":"2026-01-17T12:29:31+00:00","dateModified":"2026-01-17T13:02:09+00:00","breadcrumb":{"@id":"https:\/\/my.stlflix.com\/es\/product\/customizable-dog-tag-696b807d909d4\/#breadcrumb"},"inLanguage":"es-ES","potentialAction":[{"@type":"ReadAction","target":["https:\/\/my.stlflix.com\/es\/product\/customizable-dog-tag-696b807d909d4\/"]}]},{"@type":"ImageObject","inLanguage":"es-ES","@id":"https:\/\/my.stlflix.com\/es\/product\/customizable-dog-tag-696b807d909d4\/#primaryimage","url":"https:\/\/my.stlflix.com\/wp-content\/uploads\/2024\/03\/custom_dog_tag_b68ab22f45.png","contentUrl":"https:\/\/my.stlflix.com\/wp-content\/uploads\/2024\/03\/custom_dog_tag_b68ab22f45.png","width":542,"height":678},{"@type":"BreadcrumbList","@id":"https:\/\/my.stlflix.com\/es\/product\/customizable-dog-tag-696b807d909d4\/#breadcrumb","itemListElement":[{"@type":"ListItem","position":1,"name":"Home","item":"https:\/\/my.stlflix.com\/"},{"@type":"ListItem","position":2,"name":"Products","item":"https:\/\/my.stlflix.com\/fr\/shop\/"},{"@type":"ListItem","position":3,"name":"Placa de Identifica\u00e7\u00e3o para C\u00e3es &#8211; Personalizado"}]},{"@type":"WebSite","@id":"https:\/\/my.stlflix.com\/tr\/#website","url":"https:\/\/my.stlflix.com\/tr\/","name":"MyStore - By STLFLIX","description":"","publisher":{"@id":"https:\/\/my.stlflix.com\/tr\/#organization"},"potentialAction":[{"@type":"SearchAction","target":{"@type":"EntryPoint","urlTemplate":"https:\/\/my.stlflix.com\/tr\/?s={search_term_string}"},"query-input":{"@type":"PropertyValueSpecification","valueRequired":true,"valueName":"search_term_string"}}],"inLanguage":"es-ES"},{"@type":"Organization","@id":"https:\/\/my.stlflix.com\/tr\/#organization","name":"MyStore - By STLFLIX","url":"https:\/\/my.stlflix.com\/tr\/","logo":{"@type":"ImageObject","inLanguage":"es-ES","@id":"https:\/\/my.stlflix.com\/tr\/#\/schema\/logo\/image\/","url":"https:\/\/my.stlflix.com\/wp-content\/uploads\/2024\/06\/logo-mystore.png","contentUrl":"https:\/\/my.stlflix.com\/wp-content\/uploads\/2024\/06\/logo-mystore.png","width":150,"height":41,"caption":"MyStore - By STLFLIX"},"image":{"@id":"https:\/\/my.stlflix.com\/tr\/#\/schema\/logo\/image\/"},"sameAs":["https:\/\/www.facebook.com\/STLFLIX","https:\/\/www.instagram.com\/stlflix_\/","https:\/\/www.tiktok.com\/@stlflix"]}]}},"_links":{"self":[{"href":"https:\/\/my.stlflix.com\/es\/wp-json\/wp\/v2\/product\/510870","targetHints":{"allow":["GET"]}}],"collection":[{"href":"https:\/\/my.stlflix.com\/es\/wp-json\/wp\/v2\/product"}],"about":[{"href":"https:\/\/my.stlflix.com\/es\/wp-json\/wp\/v2\/types\/product"}],"replies":[{"embeddable":true,"href":"https:\/\/my.stlflix.com\/es\/wp-json\/wp\/v2\/comments?post=510870"}],"wp:featuredmedia":[{"embeddable":true,"href":"https:\/\/my.stlflix.com\/es\/wp-json\/wp\/v2\/media\/8813"}],"wp:attachment":[{"href":"https:\/\/my.stlflix.com\/es\/wp-json\/wp\/v2\/media?parent=510870"}],"wp:term":[{"taxonomy":"product_brand","embeddable":true,"href":"https:\/\/my.stlflix.com\/es\/wp-json\/wp\/v2\/product_brand?post=510870"},{"taxonomy":"product_cat","embeddable":true,"href":"https:\/\/my.stlflix.com\/es\/wp-json\/wp\/v2\/product_cat?post=510870"},{"taxonomy":"product_tag","embeddable":true,"href":"https:\/\/my.stlflix.com\/es\/wp-json\/wp\/v2\/product_tag?post=510870"}],"curies":[{"name":"wp","href":"https:\/\/api.w.org\/{rel}","templated":true}]}}