{"id":517947,"date":"2026-02-05T01:20:33","date_gmt":"2026-02-05T01:20:33","guid":{"rendered":"https:\/\/my.stlflix.com\/?post_type=product&#038;p=517947"},"modified":"2026-02-05T01:20:33","modified_gmt":"2026-02-05T01:20:33","slug":"grenade-portable-controller-holder-697cff520d102","status":"publish","type":"product","link":"https:\/\/my.stlflix.com\/es\/product\/grenade-portable-controller-holder-697cff520d102\/","title":{"rendered":"Suporte Geek Estilo Granada \u2013 Decora\u00e7\u00e3o Gamer em Impress\u00e3o 3D"},"content":{"rendered":"<p data-start=\"336\" data-end=\"481\"><span dir=\"auto\" style=\"vertical-align: inherit\"><span dir=\"auto\" style=\"vertical-align: inherit\">Decora\u00e7\u00e3o geek que organiza e transforma seu setup.<\/span><\/span><\/p>\n<p data-start=\"336\" data-end=\"481\"><span dir=\"auto\" style=\"vertical-align: inherit\"><span dir=\"auto\" style=\"vertical-align: inherit\">Suporte decorativo geek produzido em impress\u00e3o 3D, com design inspirado em uma granada t\u00e1tica, ideal para configura\u00e7\u00f5es gamers e ambientes com estilo.<\/span><\/span><\/p>\n<p data-start=\"488\" data-end=\"645\"><span dir=\"auto\" style=\"vertical-align: inherit\"><span dir=\"auto\" style=\"vertical-align: inherit\">Al\u00e9m de ser uma pe\u00e7a decorativa marcante, o suporte tamb\u00e9m funciona como organizador para controles de videogame, mantendo a configura\u00e7\u00e3o mais limpa e organizada.<\/span><\/span><\/p>\n<p data-start=\"652\" data-end=\"808\"><span dir=\"auto\" style=\"vertical-align: inherit\"><span dir=\"auto\" style=\"vertical-align: inherit\">O visual robusto, aliado ao detalhe superior em tom dourado, traz um toque premium e transforma o produto em um verdadeiro item de destaque na mesa gamer.<\/span><\/span><\/p>\n<p data-start=\"815\" data-end=\"998\"><span dir=\"auto\" style=\"vertical-align: inherit\"><span dir=\"auto\" style=\"vertical-align: inherit\">\u2714\ufe0f Design geek e gamer <\/span><\/span><br data-start=\"837\" data-end=\"840\" \/><span dir=\"auto\" style=\"vertical-align: inherit\"><span dir=\"auto\" style=\"vertical-align: inherit\">\u2714\ufe0f Decora\u00e7\u00e3o funcional para setup <\/span><\/span><br data-start=\"875\" data-end=\"878\" \/><span dir=\"auto\" style=\"vertical-align: inherit\"><span dir=\"auto\" style=\"vertical-align: inherit\">\u2714\ufe0f Suporte para at\u00e9 dois controles <\/span><\/span><br data-start=\"914\" data-end=\"917\" \/><span dir=\"auto\" style=\"vertical-align: inherit\"><span dir=\"auto\" style=\"vertical-align: inherit\">\u2714\ufe0f Produ\u00e7\u00e3o sob demanda em impress\u00e3o 3D <\/span><\/span><br data-start=\"958\" data-end=\"961\" \/><span dir=\"auto\" style=\"vertical-align: inherit\"><span dir=\"auto\" style=\"vertical-align: inherit\">\u2714\ufe0f \u00d3timo acabamento e resist\u00eancia<\/span><\/span><\/p>\n","protected":false},"excerpt":{"rendered":"<p>Decora\u00e7\u00e3o geek que organiza e transforma seu setup. Suporte decorativo geek produzido em impress\u00e3o 3D, com design inspirado em uma granada t\u00e1tica, ideal para configura\u00e7\u00f5es gamers e ambientes com estilo. Al\u00e9m de ser uma pe\u00e7a decorativa marcante, o suporte tamb\u00e9m funciona como organizador para controles de videogame, mantendo a configura\u00e7\u00e3o mais limpa e organizada. O [&hellip;]<\/p>\n","protected":false},"featured_media":33724,"comment_status":"open","ping_status":"closed","template":"","meta":[],"product_brand":[],"product_cat":[25],"product_tag":[3597],"class_list":{"0":"post-517947","1":"product","2":"type-product","3":"status-publish","4":"has-post-thumbnail","6":"product_cat-home-decor","7":"product_tag-utilitarios","9":"first","10":"instock","11":"taxable","12":"shipping-taxable","13":"purchasable","14":"product-type-simple"},"yoast_head":"<!-- This site is optimized with the Yoast SEO plugin v25.1 - https:\/\/yoast.com\/wordpress\/plugins\/seo\/ -->\n<title>Suporte Geek Estilo Granada \u2013 Decora\u00e7\u00e3o Gamer em Impress\u00e3o 3D - MyStore - By STLFLIX<\/title>\n<meta name=\"robots\" content=\"index, follow, max-snippet:-1, max-image-preview:large, max-video-preview:-1\" \/>\n<link rel=\"canonical\" href=\"https:\/\/www.monitorstlflix.online\/product\/grenade-portable-controller-holder-697cff520d102\/\" \/>\n<meta property=\"og:locale\" content=\"es_ES\" \/>\n<meta property=\"og:type\" content=\"article\" \/>\n<meta property=\"og:title\" content=\"Suporte Geek Estilo Granada \u2013 Decora\u00e7\u00e3o Gamer em Impress\u00e3o 3D - MyStore - By STLFLIX\" \/>\n<meta property=\"og:description\" content=\"Decora\u00e7\u00e3o geek que organiza e transforma seu setup. Suporte decorativo geek produzido em impress\u00e3o 3D, com design inspirado em uma granada t\u00e1tica, ideal para configura\u00e7\u00f5es gamers e ambientes com estilo. Al\u00e9m de ser uma pe\u00e7a decorativa marcante, o suporte tamb\u00e9m funciona como organizador para controles de videogame, mantendo a configura\u00e7\u00e3o mais limpa e organizada. O [&hellip;]\" \/>\n<meta property=\"og:url\" content=\"https:\/\/www.monitorstlflix.online\/product\/grenade-portable-controller-holder-697cff520d102\/\" \/>\n<meta property=\"og:site_name\" content=\"MyStore - By STLFLIX\" \/>\n<meta property=\"article:publisher\" content=\"https:\/\/www.facebook.com\/STLFLIX\" \/>\n<meta property=\"og:image\" content=\"https:\/\/www.monitorstlflix.online\/wp-content\/uploads\/2024\/05\/Grenade_Portable_Controller_Holder_thumb_725f8a77c1.png\" \/>\n\t<meta property=\"og:image:width\" content=\"1080\" \/>\n\t<meta property=\"og:image:height\" content=\"1350\" \/>\n\t<meta property=\"og:image:type\" content=\"image\/png\" \/>\n<meta name=\"twitter:card\" content=\"summary_large_image\" \/>\n<meta name=\"twitter:label1\" content=\"Est. reading time\" \/>\n\t<meta name=\"twitter:data1\" content=\"1 minute\" \/>\n<script type=\"application\/ld+json\" class=\"yoast-schema-graph\">{\"@context\":\"https:\/\/schema.org\",\"@graph\":[{\"@type\":\"WebPage\",\"@id\":\"https:\/\/www.monitorstlflix.online\/product\/grenade-portable-controller-holder-697cff520d102\/\",\"url\":\"https:\/\/www.monitorstlflix.online\/product\/grenade-portable-controller-holder-697cff520d102\/\",\"name\":\"Suporte Geek Estilo Granada \u2013 Decora\u00e7\u00e3o Gamer em Impress\u00e3o 3D - MyStore - By STLFLIX\",\"isPartOf\":{\"@id\":\"https:\/\/my.stlflix.com\/#website\"},\"primaryImageOfPage\":{\"@id\":\"https:\/\/www.monitorstlflix.online\/product\/grenade-portable-controller-holder-697cff520d102\/#primaryimage\"},\"image\":{\"@id\":\"https:\/\/www.monitorstlflix.online\/product\/grenade-portable-controller-holder-697cff520d102\/#primaryimage\"},\"thumbnailUrl\":\"https:\/\/my.stlflix.com\/wp-content\/uploads\/2024\/05\/Grenade_Portable_Controller_Holder_thumb_725f8a77c1.png\",\"datePublished\":\"2026-02-05T01:20:33+00:00\",\"breadcrumb\":{\"@id\":\"https:\/\/www.monitorstlflix.online\/product\/grenade-portable-controller-holder-697cff520d102\/#breadcrumb\"},\"inLanguage\":\"es-ES\",\"potentialAction\":[{\"@type\":\"ReadAction\",\"target\":[\"https:\/\/www.monitorstlflix.online\/product\/grenade-portable-controller-holder-697cff520d102\/\"]}]},{\"@type\":\"ImageObject\",\"inLanguage\":\"es-ES\",\"@id\":\"https:\/\/www.monitorstlflix.online\/product\/grenade-portable-controller-holder-697cff520d102\/#primaryimage\",\"url\":\"https:\/\/my.stlflix.com\/wp-content\/uploads\/2024\/05\/Grenade_Portable_Controller_Holder_thumb_725f8a77c1.png\",\"contentUrl\":\"https:\/\/my.stlflix.com\/wp-content\/uploads\/2024\/05\/Grenade_Portable_Controller_Holder_thumb_725f8a77c1.png\",\"width\":1080,\"height\":1350},{\"@type\":\"BreadcrumbList\",\"@id\":\"https:\/\/www.monitorstlflix.online\/product\/grenade-portable-controller-holder-697cff520d102\/#breadcrumb\",\"itemListElement\":[{\"@type\":\"ListItem\",\"position\":1,\"name\":\"Home\",\"item\":\"https:\/\/www.stlflix-store.com\/\"},{\"@type\":\"ListItem\",\"position\":2,\"name\":\"Products\",\"item\":\"https:\/\/www.stlflix-store.com\/shop\/\"},{\"@type\":\"ListItem\",\"position\":3,\"name\":\"Suporte Geek Estilo Granada \u2013 Decora\u00e7\u00e3o Gamer em Impress\u00e3o 3D\"}]},{\"@type\":\"WebSite\",\"@id\":\"https:\/\/my.stlflix.com\/#website\",\"url\":\"https:\/\/my.stlflix.com\/\",\"name\":\"MyStore - By STLFLIX\",\"description\":\"\",\"publisher\":{\"@id\":\"https:\/\/my.stlflix.com\/#organization\"},\"potentialAction\":[{\"@type\":\"SearchAction\",\"target\":{\"@type\":\"EntryPoint\",\"urlTemplate\":\"https:\/\/my.stlflix.com\/?s={search_term_string}\"},\"query-input\":{\"@type\":\"PropertyValueSpecification\",\"valueRequired\":true,\"valueName\":\"search_term_string\"}}],\"inLanguage\":\"es-ES\"},{\"@type\":\"Organization\",\"@id\":\"https:\/\/my.stlflix.com\/#organization\",\"name\":\"MyStore - By STLFLIX\",\"url\":\"https:\/\/my.stlflix.com\/\",\"logo\":{\"@type\":\"ImageObject\",\"inLanguage\":\"es-ES\",\"@id\":\"https:\/\/my.stlflix.com\/#\/schema\/logo\/image\/\",\"url\":\"https:\/\/my.stlflix.com\/wp-content\/uploads\/2024\/06\/logo-mystore.png\",\"contentUrl\":\"https:\/\/my.stlflix.com\/wp-content\/uploads\/2024\/06\/logo-mystore.png\",\"width\":150,\"height\":41,\"caption\":\"MyStore - By STLFLIX\"},\"image\":{\"@id\":\"https:\/\/my.stlflix.com\/#\/schema\/logo\/image\/\"},\"sameAs\":[\"https:\/\/www.facebook.com\/STLFLIX\",\"https:\/\/www.instagram.com\/stlflix_\/\",\"https:\/\/www.tiktok.com\/@stlflix\"]}]}<\/script>\n<!-- \/ Yoast SEO plugin. -->","yoast_head_json":{"title":"Suporte Geek Estilo Granada \u2013 Decora\u00e7\u00e3o Gamer em Impress\u00e3o 3D - MyStore - By STLFLIX","robots":{"index":"index","follow":"follow","max-snippet":"max-snippet:-1","max-image-preview":"max-image-preview:large","max-video-preview":"max-video-preview:-1"},"canonical":"https:\/\/www.monitorstlflix.online\/product\/grenade-portable-controller-holder-697cff520d102\/","og_locale":"es_ES","og_type":"article","og_title":"Suporte Geek Estilo Granada \u2013 Decora\u00e7\u00e3o Gamer em Impress\u00e3o 3D - MyStore - By STLFLIX","og_description":"Decora\u00e7\u00e3o geek que organiza e transforma seu setup. Suporte decorativo geek produzido em impress\u00e3o 3D, com design inspirado em uma granada t\u00e1tica, ideal para configura\u00e7\u00f5es gamers e ambientes com estilo. Al\u00e9m de ser uma pe\u00e7a decorativa marcante, o suporte tamb\u00e9m funciona como organizador para controles de videogame, mantendo a configura\u00e7\u00e3o mais limpa e organizada. O [&hellip;]","og_url":"https:\/\/www.monitorstlflix.online\/product\/grenade-portable-controller-holder-697cff520d102\/","og_site_name":"MyStore - By STLFLIX","article_publisher":"https:\/\/www.facebook.com\/STLFLIX","og_image":[{"width":1080,"height":1350,"url":"https:\/\/www.monitorstlflix.online\/wp-content\/uploads\/2024\/05\/Grenade_Portable_Controller_Holder_thumb_725f8a77c1.png","type":"image\/png"}],"twitter_card":"summary_large_image","twitter_misc":{"Est. reading time":"1 minute"},"schema":{"@context":"https:\/\/schema.org","@graph":[{"@type":"WebPage","@id":"https:\/\/www.monitorstlflix.online\/product\/grenade-portable-controller-holder-697cff520d102\/","url":"https:\/\/www.monitorstlflix.online\/product\/grenade-portable-controller-holder-697cff520d102\/","name":"Suporte Geek Estilo Granada \u2013 Decora\u00e7\u00e3o Gamer em Impress\u00e3o 3D - MyStore - By STLFLIX","isPartOf":{"@id":"https:\/\/my.stlflix.com\/#website"},"primaryImageOfPage":{"@id":"https:\/\/www.monitorstlflix.online\/product\/grenade-portable-controller-holder-697cff520d102\/#primaryimage"},"image":{"@id":"https:\/\/www.monitorstlflix.online\/product\/grenade-portable-controller-holder-697cff520d102\/#primaryimage"},"thumbnailUrl":"https:\/\/my.stlflix.com\/wp-content\/uploads\/2024\/05\/Grenade_Portable_Controller_Holder_thumb_725f8a77c1.png","datePublished":"2026-02-05T01:20:33+00:00","breadcrumb":{"@id":"https:\/\/www.monitorstlflix.online\/product\/grenade-portable-controller-holder-697cff520d102\/#breadcrumb"},"inLanguage":"es-ES","potentialAction":[{"@type":"ReadAction","target":["https:\/\/www.monitorstlflix.online\/product\/grenade-portable-controller-holder-697cff520d102\/"]}]},{"@type":"ImageObject","inLanguage":"es-ES","@id":"https:\/\/www.monitorstlflix.online\/product\/grenade-portable-controller-holder-697cff520d102\/#primaryimage","url":"https:\/\/my.stlflix.com\/wp-content\/uploads\/2024\/05\/Grenade_Portable_Controller_Holder_thumb_725f8a77c1.png","contentUrl":"https:\/\/my.stlflix.com\/wp-content\/uploads\/2024\/05\/Grenade_Portable_Controller_Holder_thumb_725f8a77c1.png","width":1080,"height":1350},{"@type":"BreadcrumbList","@id":"https:\/\/www.monitorstlflix.online\/product\/grenade-portable-controller-holder-697cff520d102\/#breadcrumb","itemListElement":[{"@type":"ListItem","position":1,"name":"Home","item":"https:\/\/www.stlflix-store.com\/"},{"@type":"ListItem","position":2,"name":"Products","item":"https:\/\/www.stlflix-store.com\/shop\/"},{"@type":"ListItem","position":3,"name":"Suporte Geek Estilo Granada \u2013 Decora\u00e7\u00e3o Gamer em Impress\u00e3o 3D"}]},{"@type":"WebSite","@id":"https:\/\/my.stlflix.com\/#website","url":"https:\/\/my.stlflix.com\/","name":"MyStore - By STLFLIX","description":"","publisher":{"@id":"https:\/\/my.stlflix.com\/#organization"},"potentialAction":[{"@type":"SearchAction","target":{"@type":"EntryPoint","urlTemplate":"https:\/\/my.stlflix.com\/?s={search_term_string}"},"query-input":{"@type":"PropertyValueSpecification","valueRequired":true,"valueName":"search_term_string"}}],"inLanguage":"es-ES"},{"@type":"Organization","@id":"https:\/\/my.stlflix.com\/#organization","name":"MyStore - By STLFLIX","url":"https:\/\/my.stlflix.com\/","logo":{"@type":"ImageObject","inLanguage":"es-ES","@id":"https:\/\/my.stlflix.com\/#\/schema\/logo\/image\/","url":"https:\/\/my.stlflix.com\/wp-content\/uploads\/2024\/06\/logo-mystore.png","contentUrl":"https:\/\/my.stlflix.com\/wp-content\/uploads\/2024\/06\/logo-mystore.png","width":150,"height":41,"caption":"MyStore - By STLFLIX"},"image":{"@id":"https:\/\/my.stlflix.com\/#\/schema\/logo\/image\/"},"sameAs":["https:\/\/www.facebook.com\/STLFLIX","https:\/\/www.instagram.com\/stlflix_\/","https:\/\/www.tiktok.com\/@stlflix"]}]}},"_links":{"self":[{"href":"https:\/\/my.stlflix.com\/es\/wp-json\/wp\/v2\/product\/517947","targetHints":{"allow":["GET"]}}],"collection":[{"href":"https:\/\/my.stlflix.com\/es\/wp-json\/wp\/v2\/product"}],"about":[{"href":"https:\/\/my.stlflix.com\/es\/wp-json\/wp\/v2\/types\/product"}],"replies":[{"embeddable":true,"href":"https:\/\/my.stlflix.com\/es\/wp-json\/wp\/v2\/comments?post=517947"}],"wp:featuredmedia":[{"embeddable":true,"href":"https:\/\/my.stlflix.com\/es\/wp-json\/wp\/v2\/media\/33724"}],"wp:attachment":[{"href":"https:\/\/my.stlflix.com\/es\/wp-json\/wp\/v2\/media?parent=517947"}],"wp:term":[{"taxonomy":"product_brand","embeddable":true,"href":"https:\/\/my.stlflix.com\/es\/wp-json\/wp\/v2\/product_brand?post=517947"},{"taxonomy":"product_cat","embeddable":true,"href":"https:\/\/my.stlflix.com\/es\/wp-json\/wp\/v2\/product_cat?post=517947"},{"taxonomy":"product_tag","embeddable":true,"href":"https:\/\/my.stlflix.com\/es\/wp-json\/wp\/v2\/product_tag?post=517947"}],"curies":[{"name":"wp","href":"https:\/\/api.w.org\/{rel}","templated":true}]}}