{"id":518156,"date":"2026-01-31T07:56:29","date_gmt":"2026-01-31T07:56:29","guid":{"rendered":"https:\/\/my.stlflix.com\/?post_type=product&#038;p=518156"},"modified":"2026-01-31T09:46:29","modified_gmt":"2026-01-31T09:46:29","slug":"2-prenoms-en-1-prenom-double-personalisable-decoration-interieure-exterieure-cadeau-unique-cadeau-mariage-anniverssaire","status":"publish","type":"product","link":"https:\/\/my.stlflix.com\/es\/product\/2-prenoms-en-1-prenom-double-personalisable-decoration-interieure-exterieure-cadeau-unique-cadeau-mariage-anniverssaire\/","title":{"rendered":"2 pr\u00e9noms en 1. Prenom double personalisable, decoration interieure, exterieure. Cadeau unique, cadeau mariage anniverssaire.."},"content":{"rendered":"<div id=\"productDescription_feature_div\" class=\"celwidget\" data-feature-name=\"productDescription\" data-csa-c-type=\"widget\" data-csa-c-content-id=\"productDescription\" data-csa-c-slot-id=\"productDescription_feature_div\" data-csa-c-asin=\"B0CR7X6DMN\" data-csa-c-is-in-initial-active-row=\"false\" data-csa-c-id=\"9o94ai-bgm79c-rdsqt4-b1zeck\" data-cel-widget=\"productDescription_feature_div\">\n<div id=\"productDescription\" class=\"a-section a-spacing-small\">\n<p>Id\u00e9e de cadeau et de d\u00e9coration \ud83e\udd70 Cadeau original qui fera plaisir \u00e0 coup s\u00fbr ! 2 pr\u00e9noms pour en faire 1. Tournez dans un sens : votre pr\u00e9nom appara\u00eetra, tournez-le dans l&#8217;autre et le 2\u00e8me pr\u00e9nom fera son apparition\ud83d\ude0a<\/p>\n<p>Le nombre de lettres n&#8217;est pas important, par exemple un pr\u00e9nom de 4 lettres convient parfaitement avec un pr\u00e9nom de 8 lettres etc etc&#8230;<\/p>\n<p>&nbsp;<\/p>\n<p>Exemple : Jean-Philippe avec L\u00e9a OU Marie-Helene avec Enzo.<\/p>\n<p>Longueur Environ 19cm sur une hauteur d&#8217;environ 3.cm ( Tout d\u00e9pend du pr\u00e9nom, celui-ci peut \u00eatre plus haut. ) Cet objet est cr\u00e9\u00e9 uniquement par notre boutique. Fait en mati\u00e8re PLA. bio d\u00e9gradable.<\/p>\n<\/div>\n<\/div>\n<div id=\"featurebullets_feature_div\" class=\"celwidget\" data-feature-name=\"featurebullets\" data-csa-c-type=\"widget\" data-csa-c-content-id=\"featurebullets\" data-csa-c-slot-id=\"featurebullets_feature_div\" data-csa-c-asin=\"B0CR7X6DMN\" data-csa-c-is-in-initial-active-row=\"false\" data-csa-c-id=\"fydov6-rfecj2-b2d203-uoxan3\" data-cel-widget=\"featurebullets_feature_div\">\n<div id=\"feature-bullets\" class=\"a-section a-spacing-medium a-spacing-top-small\">\n<ul class=\"a-unordered-list a-vertical a-spacing-mini\">\n<li class=\"a-spacing-mini\"><span class=\"a-list-item\"> 2 pr\u00e9noms pour en faire 1. <\/span><\/li>\n<li class=\"a-spacing-mini\"><span class=\"a-list-item\"> Tournez dans un sens : votre pr\u00e9nom appara\u00eetra, tournez-le dans l&#8217;autre et le 2\u00e8me pr\u00e9nom fera son apparition <\/span><\/li>\n<li class=\"a-spacing-mini\"><span class=\"a-list-item\"> nombre de lettres pas important <\/span><\/li>\n<li class=\"a-spacing-mini\"><span class=\"a-list-item\"> Longueur Environ 19cm <\/span><\/li>\n<li class=\"a-spacing-mini\"><span class=\"a-list-item\"> mati\u00e8re plastique bio d\u00e9gradable. <\/span><\/li>\n<\/ul>\n<\/div>\n<\/div>\n","protected":false},"excerpt":{"rendered":"<p>Id\u00e9e de cadeau et de d\u00e9coration \ud83e\udd70 Cadeau original qui fera plaisir \u00e0 coup s\u00fbr ! 2 pr\u00e9noms pour en faire 1. Tournez dans un sens : votre pr\u00e9nom appara\u00eetra, tournez-le dans l&#8217;autre et le 2\u00e8me pr\u00e9nom fera son apparition\ud83d\ude0a Le nombre de lettres n&#8217;est pas important, par exemple un pr\u00e9nom de 4 lettres convient [&hellip;]<\/p>\n","protected":false},"featured_media":518162,"comment_status":"open","ping_status":"closed","template":"","meta":[],"product_brand":[],"product_cat":[15],"product_tag":[496],"class_list":{"0":"post-518156","1":"product","2":"type-product","3":"status-publish","4":"has-post-thumbnail","6":"product_cat-uncategorized","7":"product_tag-decoration","9":"first","10":"instock","11":"shipping-taxable","12":"purchasable","13":"product-type-variable"},"yoast_head":"<!-- This site is optimized with the Yoast SEO plugin v25.1 - https:\/\/yoast.com\/wordpress\/plugins\/seo\/ -->\n<title>2 pr\u00e9noms en 1. Prenom double personalisable, decoration interieure, exterieure. Cadeau unique, cadeau mariage anniverssaire.. - MyStore - By STLFLIX<\/title>\n<meta name=\"robots\" content=\"index, follow, max-snippet:-1, max-image-preview:large, max-video-preview:-1\" \/>\n<link rel=\"canonical\" href=\"https:\/\/www.monitorstlflix.online\/product\/2-prenoms-en-1-prenom-double-personalisable-decoration-interieure-exterieure-cadeau-unique-cadeau-mariage-anniverssaire\/\" \/>\n<meta property=\"og:locale\" content=\"es_ES\" \/>\n<meta property=\"og:type\" content=\"article\" \/>\n<meta property=\"og:title\" content=\"2 pr\u00e9noms en 1. Prenom double personalisable, decoration interieure, exterieure. Cadeau unique, cadeau mariage anniverssaire.. - MyStore - By STLFLIX\" \/>\n<meta property=\"og:description\" content=\"Id\u00e9e de cadeau et de d\u00e9coration \ud83e\udd70 Cadeau original qui fera plaisir \u00e0 coup s\u00fbr ! 2 pr\u00e9noms pour en faire 1. Tournez dans un sens : votre pr\u00e9nom appara\u00eetra, tournez-le dans l&#8217;autre et le 2\u00e8me pr\u00e9nom fera son apparition\ud83d\ude0a Le nombre de lettres n&#8217;est pas important, par exemple un pr\u00e9nom de 4 lettres convient [&hellip;]\" \/>\n<meta property=\"og:url\" content=\"https:\/\/www.monitorstlflix.online\/product\/2-prenoms-en-1-prenom-double-personalisable-decoration-interieure-exterieure-cadeau-unique-cadeau-mariage-anniverssaire\/\" \/>\n<meta property=\"og:site_name\" content=\"MyStore - By STLFLIX\" \/>\n<meta property=\"article:publisher\" content=\"https:\/\/www.facebook.com\/STLFLIX\" \/>\n<meta property=\"article:modified_time\" content=\"2026-01-31T09:46:29+00:00\" \/>\n<meta property=\"og:image\" content=\"https:\/\/www.monitorstlflix.online\/wp-content\/uploads\/2026\/01\/Screenshot-2024-10-26-at-11-57-03-2-prenoms-en-1.-Prenom-double-personalisable-decoration-interieure-exterieure.-Cadeau-unique-cadeau-mariage-anniverssaire.-Amazon.fr-Produits-Handmade.png\" \/>\n\t<meta property=\"og:image:width\" content=\"476\" \/>\n\t<meta property=\"og:image:height\" content=\"241\" \/>\n\t<meta property=\"og:image:type\" content=\"image\/png\" \/>\n<meta name=\"twitter:card\" content=\"summary_large_image\" \/>\n<meta name=\"twitter:label1\" content=\"Est. reading time\" \/>\n\t<meta name=\"twitter:data1\" content=\"1 minute\" \/>\n<script type=\"application\/ld+json\" class=\"yoast-schema-graph\">{\"@context\":\"https:\/\/schema.org\",\"@graph\":[{\"@type\":\"WebPage\",\"@id\":\"https:\/\/www.monitorstlflix.online\/product\/2-prenoms-en-1-prenom-double-personalisable-decoration-interieure-exterieure-cadeau-unique-cadeau-mariage-anniverssaire\/\",\"url\":\"https:\/\/www.monitorstlflix.online\/product\/2-prenoms-en-1-prenom-double-personalisable-decoration-interieure-exterieure-cadeau-unique-cadeau-mariage-anniverssaire\/\",\"name\":\"2 pr\u00e9noms en 1. Prenom double personalisable, decoration interieure, exterieure. Cadeau unique, cadeau mariage anniverssaire.. - MyStore - By STLFLIX\",\"isPartOf\":{\"@id\":\"https:\/\/my.stlflix.com\/#website\"},\"primaryImageOfPage\":{\"@id\":\"https:\/\/www.monitorstlflix.online\/product\/2-prenoms-en-1-prenom-double-personalisable-decoration-interieure-exterieure-cadeau-unique-cadeau-mariage-anniverssaire\/#primaryimage\"},\"image\":{\"@id\":\"https:\/\/www.monitorstlflix.online\/product\/2-prenoms-en-1-prenom-double-personalisable-decoration-interieure-exterieure-cadeau-unique-cadeau-mariage-anniverssaire\/#primaryimage\"},\"thumbnailUrl\":\"https:\/\/my.stlflix.com\/wp-content\/uploads\/2026\/01\/Screenshot-2024-10-26-at-11-57-03-2-prenoms-en-1.-Prenom-double-personalisable-decoration-interieure-exterieure.-Cadeau-unique-cadeau-mariage-anniverssaire.-Amazon.fr-Produits-Handmade.png\",\"datePublished\":\"2026-01-31T07:56:29+00:00\",\"dateModified\":\"2026-01-31T09:46:29+00:00\",\"breadcrumb\":{\"@id\":\"https:\/\/www.monitorstlflix.online\/product\/2-prenoms-en-1-prenom-double-personalisable-decoration-interieure-exterieure-cadeau-unique-cadeau-mariage-anniverssaire\/#breadcrumb\"},\"inLanguage\":\"es-ES\",\"potentialAction\":[{\"@type\":\"ReadAction\",\"target\":[\"https:\/\/www.monitorstlflix.online\/product\/2-prenoms-en-1-prenom-double-personalisable-decoration-interieure-exterieure-cadeau-unique-cadeau-mariage-anniverssaire\/\"]}]},{\"@type\":\"ImageObject\",\"inLanguage\":\"es-ES\",\"@id\":\"https:\/\/www.monitorstlflix.online\/product\/2-prenoms-en-1-prenom-double-personalisable-decoration-interieure-exterieure-cadeau-unique-cadeau-mariage-anniverssaire\/#primaryimage\",\"url\":\"https:\/\/my.stlflix.com\/wp-content\/uploads\/2026\/01\/Screenshot-2024-10-26-at-11-57-03-2-prenoms-en-1.-Prenom-double-personalisable-decoration-interieure-exterieure.-Cadeau-unique-cadeau-mariage-anniverssaire.-Amazon.fr-Produits-Handmade.png\",\"contentUrl\":\"https:\/\/my.stlflix.com\/wp-content\/uploads\/2026\/01\/Screenshot-2024-10-26-at-11-57-03-2-prenoms-en-1.-Prenom-double-personalisable-decoration-interieure-exterieure.-Cadeau-unique-cadeau-mariage-anniverssaire.-Amazon.fr-Produits-Handmade.png\",\"width\":476,\"height\":241},{\"@type\":\"BreadcrumbList\",\"@id\":\"https:\/\/www.monitorstlflix.online\/product\/2-prenoms-en-1-prenom-double-personalisable-decoration-interieure-exterieure-cadeau-unique-cadeau-mariage-anniverssaire\/#breadcrumb\",\"itemListElement\":[{\"@type\":\"ListItem\",\"position\":1,\"name\":\"Home\",\"item\":\"https:\/\/www.stlflix-store.com\/\"},{\"@type\":\"ListItem\",\"position\":2,\"name\":\"Products\",\"item\":\"https:\/\/www.stlflix-store.com\/shop\/\"},{\"@type\":\"ListItem\",\"position\":3,\"name\":\"2 pr\u00e9noms en 1. Prenom double personalisable, decoration interieure, exterieure. Cadeau unique, cadeau mariage anniverssaire..\"}]},{\"@type\":\"WebSite\",\"@id\":\"https:\/\/my.stlflix.com\/#website\",\"url\":\"https:\/\/my.stlflix.com\/\",\"name\":\"MyStore - By STLFLIX\",\"description\":\"\",\"publisher\":{\"@id\":\"https:\/\/my.stlflix.com\/#organization\"},\"potentialAction\":[{\"@type\":\"SearchAction\",\"target\":{\"@type\":\"EntryPoint\",\"urlTemplate\":\"https:\/\/my.stlflix.com\/?s={search_term_string}\"},\"query-input\":{\"@type\":\"PropertyValueSpecification\",\"valueRequired\":true,\"valueName\":\"search_term_string\"}}],\"inLanguage\":\"es-ES\"},{\"@type\":\"Organization\",\"@id\":\"https:\/\/my.stlflix.com\/#organization\",\"name\":\"MyStore - By STLFLIX\",\"url\":\"https:\/\/my.stlflix.com\/\",\"logo\":{\"@type\":\"ImageObject\",\"inLanguage\":\"es-ES\",\"@id\":\"https:\/\/my.stlflix.com\/#\/schema\/logo\/image\/\",\"url\":\"https:\/\/my.stlflix.com\/wp-content\/uploads\/2024\/06\/logo-mystore.png\",\"contentUrl\":\"https:\/\/my.stlflix.com\/wp-content\/uploads\/2024\/06\/logo-mystore.png\",\"width\":150,\"height\":41,\"caption\":\"MyStore - By STLFLIX\"},\"image\":{\"@id\":\"https:\/\/my.stlflix.com\/#\/schema\/logo\/image\/\"},\"sameAs\":[\"https:\/\/www.facebook.com\/STLFLIX\",\"https:\/\/www.instagram.com\/stlflix_\/\",\"https:\/\/www.tiktok.com\/@stlflix\"]}]}<\/script>\n<!-- \/ Yoast SEO plugin. -->","yoast_head_json":{"title":"2 pr\u00e9noms en 1. Prenom double personalisable, decoration interieure, exterieure. Cadeau unique, cadeau mariage anniverssaire.. - MyStore - By STLFLIX","robots":{"index":"index","follow":"follow","max-snippet":"max-snippet:-1","max-image-preview":"max-image-preview:large","max-video-preview":"max-video-preview:-1"},"canonical":"https:\/\/www.monitorstlflix.online\/product\/2-prenoms-en-1-prenom-double-personalisable-decoration-interieure-exterieure-cadeau-unique-cadeau-mariage-anniverssaire\/","og_locale":"es_ES","og_type":"article","og_title":"2 pr\u00e9noms en 1. Prenom double personalisable, decoration interieure, exterieure. Cadeau unique, cadeau mariage anniverssaire.. - MyStore - By STLFLIX","og_description":"Id\u00e9e de cadeau et de d\u00e9coration \ud83e\udd70 Cadeau original qui fera plaisir \u00e0 coup s\u00fbr ! 2 pr\u00e9noms pour en faire 1. Tournez dans un sens : votre pr\u00e9nom appara\u00eetra, tournez-le dans l&#8217;autre et le 2\u00e8me pr\u00e9nom fera son apparition\ud83d\ude0a Le nombre de lettres n&#8217;est pas important, par exemple un pr\u00e9nom de 4 lettres convient [&hellip;]","og_url":"https:\/\/www.monitorstlflix.online\/product\/2-prenoms-en-1-prenom-double-personalisable-decoration-interieure-exterieure-cadeau-unique-cadeau-mariage-anniverssaire\/","og_site_name":"MyStore - By STLFLIX","article_publisher":"https:\/\/www.facebook.com\/STLFLIX","article_modified_time":"2026-01-31T09:46:29+00:00","og_image":[{"width":476,"height":241,"url":"https:\/\/www.monitorstlflix.online\/wp-content\/uploads\/2026\/01\/Screenshot-2024-10-26-at-11-57-03-2-prenoms-en-1.-Prenom-double-personalisable-decoration-interieure-exterieure.-Cadeau-unique-cadeau-mariage-anniverssaire.-Amazon.fr-Produits-Handmade.png","type":"image\/png"}],"twitter_card":"summary_large_image","twitter_misc":{"Est. reading time":"1 minute"},"schema":{"@context":"https:\/\/schema.org","@graph":[{"@type":"WebPage","@id":"https:\/\/www.monitorstlflix.online\/product\/2-prenoms-en-1-prenom-double-personalisable-decoration-interieure-exterieure-cadeau-unique-cadeau-mariage-anniverssaire\/","url":"https:\/\/www.monitorstlflix.online\/product\/2-prenoms-en-1-prenom-double-personalisable-decoration-interieure-exterieure-cadeau-unique-cadeau-mariage-anniverssaire\/","name":"2 pr\u00e9noms en 1. Prenom double personalisable, decoration interieure, exterieure. Cadeau unique, cadeau mariage anniverssaire.. - MyStore - By STLFLIX","isPartOf":{"@id":"https:\/\/my.stlflix.com\/#website"},"primaryImageOfPage":{"@id":"https:\/\/www.monitorstlflix.online\/product\/2-prenoms-en-1-prenom-double-personalisable-decoration-interieure-exterieure-cadeau-unique-cadeau-mariage-anniverssaire\/#primaryimage"},"image":{"@id":"https:\/\/www.monitorstlflix.online\/product\/2-prenoms-en-1-prenom-double-personalisable-decoration-interieure-exterieure-cadeau-unique-cadeau-mariage-anniverssaire\/#primaryimage"},"thumbnailUrl":"https:\/\/my.stlflix.com\/wp-content\/uploads\/2026\/01\/Screenshot-2024-10-26-at-11-57-03-2-prenoms-en-1.-Prenom-double-personalisable-decoration-interieure-exterieure.-Cadeau-unique-cadeau-mariage-anniverssaire.-Amazon.fr-Produits-Handmade.png","datePublished":"2026-01-31T07:56:29+00:00","dateModified":"2026-01-31T09:46:29+00:00","breadcrumb":{"@id":"https:\/\/www.monitorstlflix.online\/product\/2-prenoms-en-1-prenom-double-personalisable-decoration-interieure-exterieure-cadeau-unique-cadeau-mariage-anniverssaire\/#breadcrumb"},"inLanguage":"es-ES","potentialAction":[{"@type":"ReadAction","target":["https:\/\/www.monitorstlflix.online\/product\/2-prenoms-en-1-prenom-double-personalisable-decoration-interieure-exterieure-cadeau-unique-cadeau-mariage-anniverssaire\/"]}]},{"@type":"ImageObject","inLanguage":"es-ES","@id":"https:\/\/www.monitorstlflix.online\/product\/2-prenoms-en-1-prenom-double-personalisable-decoration-interieure-exterieure-cadeau-unique-cadeau-mariage-anniverssaire\/#primaryimage","url":"https:\/\/my.stlflix.com\/wp-content\/uploads\/2026\/01\/Screenshot-2024-10-26-at-11-57-03-2-prenoms-en-1.-Prenom-double-personalisable-decoration-interieure-exterieure.-Cadeau-unique-cadeau-mariage-anniverssaire.-Amazon.fr-Produits-Handmade.png","contentUrl":"https:\/\/my.stlflix.com\/wp-content\/uploads\/2026\/01\/Screenshot-2024-10-26-at-11-57-03-2-prenoms-en-1.-Prenom-double-personalisable-decoration-interieure-exterieure.-Cadeau-unique-cadeau-mariage-anniverssaire.-Amazon.fr-Produits-Handmade.png","width":476,"height":241},{"@type":"BreadcrumbList","@id":"https:\/\/www.monitorstlflix.online\/product\/2-prenoms-en-1-prenom-double-personalisable-decoration-interieure-exterieure-cadeau-unique-cadeau-mariage-anniverssaire\/#breadcrumb","itemListElement":[{"@type":"ListItem","position":1,"name":"Home","item":"https:\/\/www.stlflix-store.com\/"},{"@type":"ListItem","position":2,"name":"Products","item":"https:\/\/www.stlflix-store.com\/shop\/"},{"@type":"ListItem","position":3,"name":"2 pr\u00e9noms en 1. Prenom double personalisable, decoration interieure, exterieure. Cadeau unique, cadeau mariage anniverssaire.."}]},{"@type":"WebSite","@id":"https:\/\/my.stlflix.com\/#website","url":"https:\/\/my.stlflix.com\/","name":"MyStore - By STLFLIX","description":"","publisher":{"@id":"https:\/\/my.stlflix.com\/#organization"},"potentialAction":[{"@type":"SearchAction","target":{"@type":"EntryPoint","urlTemplate":"https:\/\/my.stlflix.com\/?s={search_term_string}"},"query-input":{"@type":"PropertyValueSpecification","valueRequired":true,"valueName":"search_term_string"}}],"inLanguage":"es-ES"},{"@type":"Organization","@id":"https:\/\/my.stlflix.com\/#organization","name":"MyStore - By STLFLIX","url":"https:\/\/my.stlflix.com\/","logo":{"@type":"ImageObject","inLanguage":"es-ES","@id":"https:\/\/my.stlflix.com\/#\/schema\/logo\/image\/","url":"https:\/\/my.stlflix.com\/wp-content\/uploads\/2024\/06\/logo-mystore.png","contentUrl":"https:\/\/my.stlflix.com\/wp-content\/uploads\/2024\/06\/logo-mystore.png","width":150,"height":41,"caption":"MyStore - By STLFLIX"},"image":{"@id":"https:\/\/my.stlflix.com\/#\/schema\/logo\/image\/"},"sameAs":["https:\/\/www.facebook.com\/STLFLIX","https:\/\/www.instagram.com\/stlflix_\/","https:\/\/www.tiktok.com\/@stlflix"]}]}},"_links":{"self":[{"href":"https:\/\/my.stlflix.com\/es\/wp-json\/wp\/v2\/product\/518156","targetHints":{"allow":["GET"]}}],"collection":[{"href":"https:\/\/my.stlflix.com\/es\/wp-json\/wp\/v2\/product"}],"about":[{"href":"https:\/\/my.stlflix.com\/es\/wp-json\/wp\/v2\/types\/product"}],"replies":[{"embeddable":true,"href":"https:\/\/my.stlflix.com\/es\/wp-json\/wp\/v2\/comments?post=518156"}],"wp:featuredmedia":[{"embeddable":true,"href":"https:\/\/my.stlflix.com\/es\/wp-json\/wp\/v2\/media\/518162"}],"wp:attachment":[{"href":"https:\/\/my.stlflix.com\/es\/wp-json\/wp\/v2\/media?parent=518156"}],"wp:term":[{"taxonomy":"product_brand","embeddable":true,"href":"https:\/\/my.stlflix.com\/es\/wp-json\/wp\/v2\/product_brand?post=518156"},{"taxonomy":"product_cat","embeddable":true,"href":"https:\/\/my.stlflix.com\/es\/wp-json\/wp\/v2\/product_cat?post=518156"},{"taxonomy":"product_tag","embeddable":true,"href":"https:\/\/my.stlflix.com\/es\/wp-json\/wp\/v2\/product_tag?post=518156"}],"curies":[{"name":"wp","href":"https:\/\/api.w.org\/{rel}","templated":true}]}}