{"id":518255,"date":"2026-01-31T10:00:13","date_gmt":"2026-01-31T10:00:13","guid":{"rendered":"https:\/\/my.stlflix.com\/?post_type=product&#038;p=518255"},"modified":"2026-01-31T10:03:08","modified_gmt":"2026-01-31T10:03:08","slug":"the-omen-owl-dice-tower-697dd15f5c005","status":"publish","type":"product","link":"https:\/\/my.stlflix.com\/es\/product\/the-omen-owl-dice-tower-697dd15f5c005\/","title":{"rendered":"&#8220;La Tour \u00e0 D\u00e9s Imperturbable du hibou"},"content":{"rendered":"<p><strong data-start=\"86\" data-end=\"137\">Silencieuse. Imperturbable. Toujours \u00e0 l\u2019aff\u00fbt.<\/strong><br data-start=\"137\" data-end=\"140\" \/>Sous le regard per\u00e7ant du hibou, chaque d\u00e9 qui roule semble ob\u00e9ir \u00e0 une force invisible. Le hasard perd son emprise, comme si le destin s\u2019\u00e9tait d\u00e9j\u00e0 inscrit dans les yeux de cette sentinelle nocturne. Chaque lancer devient un rituel, chaque r\u00e9sultat une pr\u00e9diction muette. La tour veille, immobile, et rien n\u2019\u00e9chappe \u00e0 son observation.<\/p>\n<p>Hauteur : 20cm<\/p>\n","protected":false},"excerpt":{"rendered":"<p>Silencieuse. Imperturbable. Toujours \u00e0 l\u2019aff\u00fbt.Sous le regard per\u00e7ant du hibou, chaque d\u00e9 qui roule semble ob\u00e9ir \u00e0 une force invisible. Le hasard perd son emprise, comme si le destin s\u2019\u00e9tait d\u00e9j\u00e0 inscrit dans les yeux de cette sentinelle nocturne. Chaque lancer devient un rituel, chaque r\u00e9sultat une pr\u00e9diction muette. La tour veille, immobile, et rien [&hellip;]<\/p>\n","protected":false},"featured_media":515586,"comment_status":"open","ping_status":"closed","template":"","meta":[],"product_brand":[],"product_cat":[15],"product_tag":[7251],"class_list":{"0":"post-518255","1":"product","2":"type-product","3":"status-publish","4":"has-post-thumbnail","6":"product_cat-uncategorized","7":"product_tag-tour-a-des","9":"first","10":"instock","11":"purchasable","12":"product-type-variable"},"yoast_head":"<!-- This site is optimized with the Yoast SEO plugin v25.1 - https:\/\/yoast.com\/wordpress\/plugins\/seo\/ -->\n<title>&quot;La Tour \u00e0 D\u00e9s Imperturbable du hibou - MyStore - By STLFLIX<\/title>\n<meta name=\"robots\" content=\"index, follow, max-snippet:-1, max-image-preview:large, max-video-preview:-1\" \/>\n<link rel=\"canonical\" href=\"https:\/\/www.my3dstore-example.com\/product\/the-omen-owl-dice-tower-697dd15f5c005\/\" \/>\n<meta property=\"og:locale\" content=\"es_ES\" \/>\n<meta property=\"og:type\" content=\"article\" \/>\n<meta property=\"og:title\" content=\"&quot;La Tour \u00e0 D\u00e9s Imperturbable du hibou - MyStore - By STLFLIX\" \/>\n<meta property=\"og:description\" content=\"Silencieuse. Imperturbable. Toujours \u00e0 l\u2019aff\u00fbt.Sous le regard per\u00e7ant du hibou, chaque d\u00e9 qui roule semble ob\u00e9ir \u00e0 une force invisible. Le hasard perd son emprise, comme si le destin s\u2019\u00e9tait d\u00e9j\u00e0 inscrit dans les yeux de cette sentinelle nocturne. Chaque lancer devient un rituel, chaque r\u00e9sultat une pr\u00e9diction muette. La tour veille, immobile, et rien [&hellip;]\" \/>\n<meta property=\"og:url\" content=\"https:\/\/www.my3dstore-example.com\/product\/the-omen-owl-dice-tower-697dd15f5c005\/\" \/>\n<meta property=\"og:site_name\" content=\"MyStore - By STLFLIX\" \/>\n<meta property=\"article:publisher\" content=\"https:\/\/www.facebook.com\/STLFLIX\" \/>\n<meta property=\"article:modified_time\" content=\"2026-01-31T10:03:08+00:00\" \/>\n<meta property=\"og:image\" content=\"https:\/\/www.my3dstore-example.com\/wp-content\/uploads\/2026\/01\/The_Omen_Owl_Dice_Towerthumb_5220302d1b.png\" \/>\n\t<meta property=\"og:image:width\" content=\"1080\" \/>\n\t<meta property=\"og:image:height\" content=\"1350\" \/>\n\t<meta property=\"og:image:type\" content=\"image\/png\" \/>\n<meta name=\"twitter:card\" content=\"summary_large_image\" \/>\n<script type=\"application\/ld+json\" class=\"yoast-schema-graph\">{\"@context\":\"https:\/\/schema.org\",\"@graph\":[{\"@type\":\"WebPage\",\"@id\":\"https:\/\/www.my3dstore-example.com\/product\/the-omen-owl-dice-tower-697dd15f5c005\/\",\"url\":\"https:\/\/www.my3dstore-example.com\/product\/the-omen-owl-dice-tower-697dd15f5c005\/\",\"name\":\"\\\"La Tour \u00e0 D\u00e9s Imperturbable du hibou - MyStore - By STLFLIX\",\"isPartOf\":{\"@id\":\"https:\/\/my.stlflix.com\/#website\"},\"primaryImageOfPage\":{\"@id\":\"https:\/\/www.my3dstore-example.com\/product\/the-omen-owl-dice-tower-697dd15f5c005\/#primaryimage\"},\"image\":{\"@id\":\"https:\/\/www.my3dstore-example.com\/product\/the-omen-owl-dice-tower-697dd15f5c005\/#primaryimage\"},\"thumbnailUrl\":\"https:\/\/my.stlflix.com\/wp-content\/uploads\/2026\/01\/The_Omen_Owl_Dice_Towerthumb_5220302d1b.png\",\"datePublished\":\"2026-01-31T10:00:13+00:00\",\"dateModified\":\"2026-01-31T10:03:08+00:00\",\"breadcrumb\":{\"@id\":\"https:\/\/www.my3dstore-example.com\/product\/the-omen-owl-dice-tower-697dd15f5c005\/#breadcrumb\"},\"inLanguage\":\"es-ES\",\"potentialAction\":[{\"@type\":\"ReadAction\",\"target\":[\"https:\/\/www.my3dstore-example.com\/product\/the-omen-owl-dice-tower-697dd15f5c005\/\"]}]},{\"@type\":\"ImageObject\",\"inLanguage\":\"es-ES\",\"@id\":\"https:\/\/www.my3dstore-example.com\/product\/the-omen-owl-dice-tower-697dd15f5c005\/#primaryimage\",\"url\":\"https:\/\/my.stlflix.com\/wp-content\/uploads\/2026\/01\/The_Omen_Owl_Dice_Towerthumb_5220302d1b.png\",\"contentUrl\":\"https:\/\/my.stlflix.com\/wp-content\/uploads\/2026\/01\/The_Omen_Owl_Dice_Towerthumb_5220302d1b.png\",\"width\":1080,\"height\":1350},{\"@type\":\"BreadcrumbList\",\"@id\":\"https:\/\/www.my3dstore-example.com\/product\/the-omen-owl-dice-tower-697dd15f5c005\/#breadcrumb\",\"itemListElement\":[{\"@type\":\"ListItem\",\"position\":1,\"name\":\"Home\",\"item\":\"https:\/\/www.stlflix-store.com\/\"},{\"@type\":\"ListItem\",\"position\":2,\"name\":\"Products\",\"item\":\"https:\/\/www.stlflix-store.com\/shop\/\"},{\"@type\":\"ListItem\",\"position\":3,\"name\":\"&#8220;La Tour \u00e0 D\u00e9s Imperturbable du hibou\"}]},{\"@type\":\"WebSite\",\"@id\":\"https:\/\/my.stlflix.com\/#website\",\"url\":\"https:\/\/my.stlflix.com\/\",\"name\":\"MyStore - By STLFLIX\",\"description\":\"\",\"publisher\":{\"@id\":\"https:\/\/my.stlflix.com\/#organization\"},\"potentialAction\":[{\"@type\":\"SearchAction\",\"target\":{\"@type\":\"EntryPoint\",\"urlTemplate\":\"https:\/\/my.stlflix.com\/?s={search_term_string}\"},\"query-input\":{\"@type\":\"PropertyValueSpecification\",\"valueRequired\":true,\"valueName\":\"search_term_string\"}}],\"inLanguage\":\"es-ES\"},{\"@type\":\"Organization\",\"@id\":\"https:\/\/my.stlflix.com\/#organization\",\"name\":\"MyStore - By STLFLIX\",\"url\":\"https:\/\/my.stlflix.com\/\",\"logo\":{\"@type\":\"ImageObject\",\"inLanguage\":\"es-ES\",\"@id\":\"https:\/\/my.stlflix.com\/#\/schema\/logo\/image\/\",\"url\":\"https:\/\/my.stlflix.com\/wp-content\/uploads\/2024\/06\/logo-mystore.png\",\"contentUrl\":\"https:\/\/my.stlflix.com\/wp-content\/uploads\/2024\/06\/logo-mystore.png\",\"width\":150,\"height\":41,\"caption\":\"MyStore - By STLFLIX\"},\"image\":{\"@id\":\"https:\/\/my.stlflix.com\/#\/schema\/logo\/image\/\"},\"sameAs\":[\"https:\/\/www.facebook.com\/STLFLIX\",\"https:\/\/www.instagram.com\/stlflix_\/\",\"https:\/\/www.tiktok.com\/@stlflix\"]}]}<\/script>\n<!-- \/ Yoast SEO plugin. -->","yoast_head_json":{"title":"\"La Tour \u00e0 D\u00e9s Imperturbable du hibou - MyStore - By STLFLIX","robots":{"index":"index","follow":"follow","max-snippet":"max-snippet:-1","max-image-preview":"max-image-preview:large","max-video-preview":"max-video-preview:-1"},"canonical":"https:\/\/www.my3dstore-example.com\/product\/the-omen-owl-dice-tower-697dd15f5c005\/","og_locale":"es_ES","og_type":"article","og_title":"\"La Tour \u00e0 D\u00e9s Imperturbable du hibou - MyStore - By STLFLIX","og_description":"Silencieuse. Imperturbable. Toujours \u00e0 l\u2019aff\u00fbt.Sous le regard per\u00e7ant du hibou, chaque d\u00e9 qui roule semble ob\u00e9ir \u00e0 une force invisible. Le hasard perd son emprise, comme si le destin s\u2019\u00e9tait d\u00e9j\u00e0 inscrit dans les yeux de cette sentinelle nocturne. Chaque lancer devient un rituel, chaque r\u00e9sultat une pr\u00e9diction muette. La tour veille, immobile, et rien [&hellip;]","og_url":"https:\/\/www.my3dstore-example.com\/product\/the-omen-owl-dice-tower-697dd15f5c005\/","og_site_name":"MyStore - By STLFLIX","article_publisher":"https:\/\/www.facebook.com\/STLFLIX","article_modified_time":"2026-01-31T10:03:08+00:00","og_image":[{"width":1080,"height":1350,"url":"https:\/\/www.my3dstore-example.com\/wp-content\/uploads\/2026\/01\/The_Omen_Owl_Dice_Towerthumb_5220302d1b.png","type":"image\/png"}],"twitter_card":"summary_large_image","schema":{"@context":"https:\/\/schema.org","@graph":[{"@type":"WebPage","@id":"https:\/\/www.my3dstore-example.com\/product\/the-omen-owl-dice-tower-697dd15f5c005\/","url":"https:\/\/www.my3dstore-example.com\/product\/the-omen-owl-dice-tower-697dd15f5c005\/","name":"\"La Tour \u00e0 D\u00e9s Imperturbable du hibou - MyStore - By STLFLIX","isPartOf":{"@id":"https:\/\/my.stlflix.com\/#website"},"primaryImageOfPage":{"@id":"https:\/\/www.my3dstore-example.com\/product\/the-omen-owl-dice-tower-697dd15f5c005\/#primaryimage"},"image":{"@id":"https:\/\/www.my3dstore-example.com\/product\/the-omen-owl-dice-tower-697dd15f5c005\/#primaryimage"},"thumbnailUrl":"https:\/\/my.stlflix.com\/wp-content\/uploads\/2026\/01\/The_Omen_Owl_Dice_Towerthumb_5220302d1b.png","datePublished":"2026-01-31T10:00:13+00:00","dateModified":"2026-01-31T10:03:08+00:00","breadcrumb":{"@id":"https:\/\/www.my3dstore-example.com\/product\/the-omen-owl-dice-tower-697dd15f5c005\/#breadcrumb"},"inLanguage":"es-ES","potentialAction":[{"@type":"ReadAction","target":["https:\/\/www.my3dstore-example.com\/product\/the-omen-owl-dice-tower-697dd15f5c005\/"]}]},{"@type":"ImageObject","inLanguage":"es-ES","@id":"https:\/\/www.my3dstore-example.com\/product\/the-omen-owl-dice-tower-697dd15f5c005\/#primaryimage","url":"https:\/\/my.stlflix.com\/wp-content\/uploads\/2026\/01\/The_Omen_Owl_Dice_Towerthumb_5220302d1b.png","contentUrl":"https:\/\/my.stlflix.com\/wp-content\/uploads\/2026\/01\/The_Omen_Owl_Dice_Towerthumb_5220302d1b.png","width":1080,"height":1350},{"@type":"BreadcrumbList","@id":"https:\/\/www.my3dstore-example.com\/product\/the-omen-owl-dice-tower-697dd15f5c005\/#breadcrumb","itemListElement":[{"@type":"ListItem","position":1,"name":"Home","item":"https:\/\/www.stlflix-store.com\/"},{"@type":"ListItem","position":2,"name":"Products","item":"https:\/\/www.stlflix-store.com\/shop\/"},{"@type":"ListItem","position":3,"name":"&#8220;La Tour \u00e0 D\u00e9s Imperturbable du hibou"}]},{"@type":"WebSite","@id":"https:\/\/my.stlflix.com\/#website","url":"https:\/\/my.stlflix.com\/","name":"MyStore - By STLFLIX","description":"","publisher":{"@id":"https:\/\/my.stlflix.com\/#organization"},"potentialAction":[{"@type":"SearchAction","target":{"@type":"EntryPoint","urlTemplate":"https:\/\/my.stlflix.com\/?s={search_term_string}"},"query-input":{"@type":"PropertyValueSpecification","valueRequired":true,"valueName":"search_term_string"}}],"inLanguage":"es-ES"},{"@type":"Organization","@id":"https:\/\/my.stlflix.com\/#organization","name":"MyStore - By STLFLIX","url":"https:\/\/my.stlflix.com\/","logo":{"@type":"ImageObject","inLanguage":"es-ES","@id":"https:\/\/my.stlflix.com\/#\/schema\/logo\/image\/","url":"https:\/\/my.stlflix.com\/wp-content\/uploads\/2024\/06\/logo-mystore.png","contentUrl":"https:\/\/my.stlflix.com\/wp-content\/uploads\/2024\/06\/logo-mystore.png","width":150,"height":41,"caption":"MyStore - By STLFLIX"},"image":{"@id":"https:\/\/my.stlflix.com\/#\/schema\/logo\/image\/"},"sameAs":["https:\/\/www.facebook.com\/STLFLIX","https:\/\/www.instagram.com\/stlflix_\/","https:\/\/www.tiktok.com\/@stlflix"]}]}},"_links":{"self":[{"href":"https:\/\/my.stlflix.com\/es\/wp-json\/wp\/v2\/product\/518255","targetHints":{"allow":["GET"]}}],"collection":[{"href":"https:\/\/my.stlflix.com\/es\/wp-json\/wp\/v2\/product"}],"about":[{"href":"https:\/\/my.stlflix.com\/es\/wp-json\/wp\/v2\/types\/product"}],"replies":[{"embeddable":true,"href":"https:\/\/my.stlflix.com\/es\/wp-json\/wp\/v2\/comments?post=518255"}],"wp:featuredmedia":[{"embeddable":true,"href":"https:\/\/my.stlflix.com\/es\/wp-json\/wp\/v2\/media\/515586"}],"wp:attachment":[{"href":"https:\/\/my.stlflix.com\/es\/wp-json\/wp\/v2\/media?parent=518255"}],"wp:term":[{"taxonomy":"product_brand","embeddable":true,"href":"https:\/\/my.stlflix.com\/es\/wp-json\/wp\/v2\/product_brand?post=518255"},{"taxonomy":"product_cat","embeddable":true,"href":"https:\/\/my.stlflix.com\/es\/wp-json\/wp\/v2\/product_cat?post=518255"},{"taxonomy":"product_tag","embeddable":true,"href":"https:\/\/my.stlflix.com\/es\/wp-json\/wp\/v2\/product_tag?post=518255"}],"curies":[{"name":"wp","href":"https:\/\/api.w.org\/{rel}","templated":true}]}}