{"id":520804,"date":"2026-02-04T02:04:14","date_gmt":"2026-02-04T02:04:14","guid":{"rendered":"https:\/\/my.stlflix.com\/?post_type=product&#038;p=520804"},"modified":"2026-02-04T02:04:15","modified_gmt":"2026-02-04T02:04:15","slug":"bordeaux-the-octopus-wine-holder-6982a7d91a65f","status":"publish","type":"product","link":"https:\/\/my.stlflix.com\/es\/product\/bordeaux-the-octopus-wine-holder-6982a7d91a65f\/","title":{"rendered":"Porta-Vinhos &#8211; Octopus Wine Holder"},"content":{"rendered":"<p>Bordeaux nasceu na costa francesa, mas como os oceanos n\u00e3o t\u00eam fronteiras, ele viaja frequentemente pelo mundo para degustar diferentes vinhos.<\/p>\n<p>N\u00e3o se preocupe! Ele d\u00e1 apenas um gole, como um sommelier.<\/p>\n<p>(\u00c9 um porta-vinhos, caso voc\u00ea n\u00e3o tenha percebido.)<\/p>\n","protected":false},"excerpt":{"rendered":"<p>Bordeaux nasceu na costa francesa, mas como os oceanos n\u00e3o t\u00eam fronteiras, ele viaja frequentemente pelo mundo para degustar diferentes vinhos. N\u00e3o se preocupe! Ele d\u00e1 apenas um gole, como um sommelier. (\u00c9 um porta-vinhos, caso voc\u00ea n\u00e3o tenha percebido.)<\/p>\n","protected":false},"featured_media":9320,"comment_status":"open","ping_status":"closed","template":"","meta":[],"product_brand":[],"product_cat":[52],"product_tag":[5081,5639,752],"class_list":{"0":"post-520804","1":"product","2":"type-product","3":"status-publish","4":"has-post-thumbnail","6":"product_cat-best-sellers","7":"product_tag-home-decor-3","8":"product_tag-homedecor","9":"product_tag-anniversary-gift","11":"first","12":"instock","13":"sale","14":"shipping-taxable","15":"purchasable","16":"product-type-simple"},"yoast_head":"<!-- This site is optimized with the Yoast SEO plugin v25.1 - https:\/\/yoast.com\/wordpress\/plugins\/seo\/ -->\n<title>Porta-Vinhos - Octopus Wine Holder - MyStore - By STLFLIX<\/title>\n<meta name=\"robots\" content=\"index, follow, max-snippet:-1, max-image-preview:large, max-video-preview:-1\" \/>\n<link rel=\"canonical\" href=\"https:\/\/www.lojadomandela3d.biz\/product\/bordeaux-the-octopus-wine-holder-6982a7d91a65f\/\" \/>\n<meta property=\"og:locale\" content=\"es_ES\" \/>\n<meta property=\"og:type\" content=\"article\" \/>\n<meta property=\"og:title\" content=\"Porta-Vinhos - Octopus Wine Holder - MyStore - By STLFLIX\" \/>\n<meta property=\"og:description\" content=\"Bordeaux nasceu na costa francesa, mas como os oceanos n\u00e3o t\u00eam fronteiras, ele viaja frequentemente pelo mundo para degustar diferentes vinhos. N\u00e3o se preocupe! Ele d\u00e1 apenas um gole, como um sommelier. (\u00c9 um porta-vinhos, caso voc\u00ea n\u00e3o tenha percebido.)\" \/>\n<meta property=\"og:url\" content=\"https:\/\/www.lojadomandela3d.biz\/product\/bordeaux-the-octopus-wine-holder-6982a7d91a65f\/\" \/>\n<meta property=\"og:site_name\" content=\"MyStore - By STLFLIX\" \/>\n<meta property=\"article:publisher\" content=\"https:\/\/www.facebook.com\/STLFLIX\" \/>\n<meta property=\"article:modified_time\" content=\"2026-02-04T02:04:15+00:00\" \/>\n<meta property=\"og:image\" content=\"https:\/\/www.lojadomandela3d.biz\/wp-content\/uploads\/2024\/03\/Bordeaux_the_octopus_142bcaedc2.png\" \/>\n\t<meta property=\"og:image:width\" content=\"542\" \/>\n\t<meta property=\"og:image:height\" content=\"678\" \/>\n\t<meta property=\"og:image:type\" content=\"image\/png\" \/>\n<meta name=\"twitter:card\" content=\"summary_large_image\" \/>\n<script type=\"application\/ld+json\" class=\"yoast-schema-graph\">{\"@context\":\"https:\/\/schema.org\",\"@graph\":[{\"@type\":\"WebPage\",\"@id\":\"https:\/\/www.lojadomandela3d.biz\/product\/bordeaux-the-octopus-wine-holder-6982a7d91a65f\/\",\"url\":\"https:\/\/www.lojadomandela3d.biz\/product\/bordeaux-the-octopus-wine-holder-6982a7d91a65f\/\",\"name\":\"Porta-Vinhos - Octopus Wine Holder - MyStore - By STLFLIX\",\"isPartOf\":{\"@id\":\"https:\/\/my.stlflix.com\/#website\"},\"primaryImageOfPage\":{\"@id\":\"https:\/\/www.lojadomandela3d.biz\/product\/bordeaux-the-octopus-wine-holder-6982a7d91a65f\/#primaryimage\"},\"image\":{\"@id\":\"https:\/\/www.lojadomandela3d.biz\/product\/bordeaux-the-octopus-wine-holder-6982a7d91a65f\/#primaryimage\"},\"thumbnailUrl\":\"https:\/\/my.stlflix.com\/wp-content\/uploads\/2024\/03\/Bordeaux_the_octopus_142bcaedc2.png\",\"datePublished\":\"2026-02-04T02:04:14+00:00\",\"dateModified\":\"2026-02-04T02:04:15+00:00\",\"breadcrumb\":{\"@id\":\"https:\/\/www.lojadomandela3d.biz\/product\/bordeaux-the-octopus-wine-holder-6982a7d91a65f\/#breadcrumb\"},\"inLanguage\":\"es-ES\",\"potentialAction\":[{\"@type\":\"ReadAction\",\"target\":[\"https:\/\/www.lojadomandela3d.biz\/product\/bordeaux-the-octopus-wine-holder-6982a7d91a65f\/\"]}]},{\"@type\":\"ImageObject\",\"inLanguage\":\"es-ES\",\"@id\":\"https:\/\/www.lojadomandela3d.biz\/product\/bordeaux-the-octopus-wine-holder-6982a7d91a65f\/#primaryimage\",\"url\":\"https:\/\/my.stlflix.com\/wp-content\/uploads\/2024\/03\/Bordeaux_the_octopus_142bcaedc2.png\",\"contentUrl\":\"https:\/\/my.stlflix.com\/wp-content\/uploads\/2024\/03\/Bordeaux_the_octopus_142bcaedc2.png\",\"width\":542,\"height\":678},{\"@type\":\"BreadcrumbList\",\"@id\":\"https:\/\/www.lojadomandela3d.biz\/product\/bordeaux-the-octopus-wine-holder-6982a7d91a65f\/#breadcrumb\",\"itemListElement\":[{\"@type\":\"ListItem\",\"position\":1,\"name\":\"Home\",\"item\":\"https:\/\/www.stlflix-store.com\/\"},{\"@type\":\"ListItem\",\"position\":2,\"name\":\"Products\",\"item\":\"https:\/\/www.stlflix-store.com\/shop\/\"},{\"@type\":\"ListItem\",\"position\":3,\"name\":\"Porta-Vinhos &#8211; Octopus Wine Holder\"}]},{\"@type\":\"WebSite\",\"@id\":\"https:\/\/my.stlflix.com\/#website\",\"url\":\"https:\/\/my.stlflix.com\/\",\"name\":\"MyStore - By STLFLIX\",\"description\":\"\",\"publisher\":{\"@id\":\"https:\/\/my.stlflix.com\/#organization\"},\"potentialAction\":[{\"@type\":\"SearchAction\",\"target\":{\"@type\":\"EntryPoint\",\"urlTemplate\":\"https:\/\/my.stlflix.com\/?s={search_term_string}\"},\"query-input\":{\"@type\":\"PropertyValueSpecification\",\"valueRequired\":true,\"valueName\":\"search_term_string\"}}],\"inLanguage\":\"es-ES\"},{\"@type\":\"Organization\",\"@id\":\"https:\/\/my.stlflix.com\/#organization\",\"name\":\"MyStore - By STLFLIX\",\"url\":\"https:\/\/my.stlflix.com\/\",\"logo\":{\"@type\":\"ImageObject\",\"inLanguage\":\"es-ES\",\"@id\":\"https:\/\/my.stlflix.com\/#\/schema\/logo\/image\/\",\"url\":\"https:\/\/my.stlflix.com\/wp-content\/uploads\/2024\/06\/logo-mystore.png\",\"contentUrl\":\"https:\/\/my.stlflix.com\/wp-content\/uploads\/2024\/06\/logo-mystore.png\",\"width\":150,\"height\":41,\"caption\":\"MyStore - By STLFLIX\"},\"image\":{\"@id\":\"https:\/\/my.stlflix.com\/#\/schema\/logo\/image\/\"},\"sameAs\":[\"https:\/\/www.facebook.com\/STLFLIX\",\"https:\/\/www.instagram.com\/stlflix_\/\",\"https:\/\/www.tiktok.com\/@stlflix\"]}]}<\/script>\n<!-- \/ Yoast SEO plugin. -->","yoast_head_json":{"title":"Porta-Vinhos - Octopus Wine Holder - MyStore - By STLFLIX","robots":{"index":"index","follow":"follow","max-snippet":"max-snippet:-1","max-image-preview":"max-image-preview:large","max-video-preview":"max-video-preview:-1"},"canonical":"https:\/\/www.lojadomandela3d.biz\/product\/bordeaux-the-octopus-wine-holder-6982a7d91a65f\/","og_locale":"es_ES","og_type":"article","og_title":"Porta-Vinhos - Octopus Wine Holder - MyStore - By STLFLIX","og_description":"Bordeaux nasceu na costa francesa, mas como os oceanos n\u00e3o t\u00eam fronteiras, ele viaja frequentemente pelo mundo para degustar diferentes vinhos. N\u00e3o se preocupe! Ele d\u00e1 apenas um gole, como um sommelier. (\u00c9 um porta-vinhos, caso voc\u00ea n\u00e3o tenha percebido.)","og_url":"https:\/\/www.lojadomandela3d.biz\/product\/bordeaux-the-octopus-wine-holder-6982a7d91a65f\/","og_site_name":"MyStore - By STLFLIX","article_publisher":"https:\/\/www.facebook.com\/STLFLIX","article_modified_time":"2026-02-04T02:04:15+00:00","og_image":[{"width":542,"height":678,"url":"https:\/\/www.lojadomandela3d.biz\/wp-content\/uploads\/2024\/03\/Bordeaux_the_octopus_142bcaedc2.png","type":"image\/png"}],"twitter_card":"summary_large_image","schema":{"@context":"https:\/\/schema.org","@graph":[{"@type":"WebPage","@id":"https:\/\/www.lojadomandela3d.biz\/product\/bordeaux-the-octopus-wine-holder-6982a7d91a65f\/","url":"https:\/\/www.lojadomandela3d.biz\/product\/bordeaux-the-octopus-wine-holder-6982a7d91a65f\/","name":"Porta-Vinhos - Octopus Wine Holder - MyStore - By STLFLIX","isPartOf":{"@id":"https:\/\/my.stlflix.com\/#website"},"primaryImageOfPage":{"@id":"https:\/\/www.lojadomandela3d.biz\/product\/bordeaux-the-octopus-wine-holder-6982a7d91a65f\/#primaryimage"},"image":{"@id":"https:\/\/www.lojadomandela3d.biz\/product\/bordeaux-the-octopus-wine-holder-6982a7d91a65f\/#primaryimage"},"thumbnailUrl":"https:\/\/my.stlflix.com\/wp-content\/uploads\/2024\/03\/Bordeaux_the_octopus_142bcaedc2.png","datePublished":"2026-02-04T02:04:14+00:00","dateModified":"2026-02-04T02:04:15+00:00","breadcrumb":{"@id":"https:\/\/www.lojadomandela3d.biz\/product\/bordeaux-the-octopus-wine-holder-6982a7d91a65f\/#breadcrumb"},"inLanguage":"es-ES","potentialAction":[{"@type":"ReadAction","target":["https:\/\/www.lojadomandela3d.biz\/product\/bordeaux-the-octopus-wine-holder-6982a7d91a65f\/"]}]},{"@type":"ImageObject","inLanguage":"es-ES","@id":"https:\/\/www.lojadomandela3d.biz\/product\/bordeaux-the-octopus-wine-holder-6982a7d91a65f\/#primaryimage","url":"https:\/\/my.stlflix.com\/wp-content\/uploads\/2024\/03\/Bordeaux_the_octopus_142bcaedc2.png","contentUrl":"https:\/\/my.stlflix.com\/wp-content\/uploads\/2024\/03\/Bordeaux_the_octopus_142bcaedc2.png","width":542,"height":678},{"@type":"BreadcrumbList","@id":"https:\/\/www.lojadomandela3d.biz\/product\/bordeaux-the-octopus-wine-holder-6982a7d91a65f\/#breadcrumb","itemListElement":[{"@type":"ListItem","position":1,"name":"Home","item":"https:\/\/www.stlflix-store.com\/"},{"@type":"ListItem","position":2,"name":"Products","item":"https:\/\/www.stlflix-store.com\/shop\/"},{"@type":"ListItem","position":3,"name":"Porta-Vinhos &#8211; Octopus Wine Holder"}]},{"@type":"WebSite","@id":"https:\/\/my.stlflix.com\/#website","url":"https:\/\/my.stlflix.com\/","name":"MyStore - By STLFLIX","description":"","publisher":{"@id":"https:\/\/my.stlflix.com\/#organization"},"potentialAction":[{"@type":"SearchAction","target":{"@type":"EntryPoint","urlTemplate":"https:\/\/my.stlflix.com\/?s={search_term_string}"},"query-input":{"@type":"PropertyValueSpecification","valueRequired":true,"valueName":"search_term_string"}}],"inLanguage":"es-ES"},{"@type":"Organization","@id":"https:\/\/my.stlflix.com\/#organization","name":"MyStore - By STLFLIX","url":"https:\/\/my.stlflix.com\/","logo":{"@type":"ImageObject","inLanguage":"es-ES","@id":"https:\/\/my.stlflix.com\/#\/schema\/logo\/image\/","url":"https:\/\/my.stlflix.com\/wp-content\/uploads\/2024\/06\/logo-mystore.png","contentUrl":"https:\/\/my.stlflix.com\/wp-content\/uploads\/2024\/06\/logo-mystore.png","width":150,"height":41,"caption":"MyStore - By STLFLIX"},"image":{"@id":"https:\/\/my.stlflix.com\/#\/schema\/logo\/image\/"},"sameAs":["https:\/\/www.facebook.com\/STLFLIX","https:\/\/www.instagram.com\/stlflix_\/","https:\/\/www.tiktok.com\/@stlflix"]}]}},"_links":{"self":[{"href":"https:\/\/my.stlflix.com\/es\/wp-json\/wp\/v2\/product\/520804","targetHints":{"allow":["GET"]}}],"collection":[{"href":"https:\/\/my.stlflix.com\/es\/wp-json\/wp\/v2\/product"}],"about":[{"href":"https:\/\/my.stlflix.com\/es\/wp-json\/wp\/v2\/types\/product"}],"replies":[{"embeddable":true,"href":"https:\/\/my.stlflix.com\/es\/wp-json\/wp\/v2\/comments?post=520804"}],"wp:featuredmedia":[{"embeddable":true,"href":"https:\/\/my.stlflix.com\/es\/wp-json\/wp\/v2\/media\/9320"}],"wp:attachment":[{"href":"https:\/\/my.stlflix.com\/es\/wp-json\/wp\/v2\/media?parent=520804"}],"wp:term":[{"taxonomy":"product_brand","embeddable":true,"href":"https:\/\/my.stlflix.com\/es\/wp-json\/wp\/v2\/product_brand?post=520804"},{"taxonomy":"product_cat","embeddable":true,"href":"https:\/\/my.stlflix.com\/es\/wp-json\/wp\/v2\/product_cat?post=520804"},{"taxonomy":"product_tag","embeddable":true,"href":"https:\/\/my.stlflix.com\/es\/wp-json\/wp\/v2\/product_tag?post=520804"}],"curies":[{"name":"wp","href":"https:\/\/api.w.org\/{rel}","templated":true}]}}