{"id":521764,"date":"2026-02-06T12:04:38","date_gmt":"2026-02-06T12:04:38","guid":{"rendered":"https:\/\/my.stlflix.com\/?post_type=product&#038;p=521764"},"modified":"2026-02-06T12:14:11","modified_gmt":"2026-02-06T12:14:11","slug":"posavasos-de-k-pop","status":"publish","type":"product","link":"https:\/\/my.stlflix.com\/es\/product\/posavasos-de-k-pop\/","title":{"rendered":"Posavasos de K-Pop."},"content":{"rendered":"<p><em><strong>Colecci\u00f3n KPOP \u2013 Demon Hunters | Figuras decorativas en impresi\u00f3n 3D<\/strong><\/em><\/p>\n<p class=\"isSelectedEnd\">Dale vida a tu espacio con esta colecci\u00f3n inspirada en el universo K-Pop, dise\u00f1ada para fans que aman el estilo, la m\u00fasica y la cultura pop. Estas piezas 3D presentan personajes \u00fanicos con un dise\u00f1o adorable tipo chibi, cada uno con detalles personalizados que resaltan su personalidad y est\u00e9tica.<\/p>\n<p class=\"isSelectedEnd\">Fabricadas mediante impresi\u00f3n 3D de alta calidad, estas figuras destacan por sus acabados en relieve, colores llamativos y base personalizada con el nombre \u201cKPOP Demon Hunters\u201d. Son perfectas para decorar escritorios, repisas, setups gamer o espacios dedicados a tu colecci\u00f3n.<\/p>\n<p>Ideales para fans del K-Pop y coleccionistas, estas piezas combinan arte, creatividad y tecnolog\u00eda en un objeto decorativo moderno que no pasa desapercibido. Cada dise\u00f1o transmite actitud, estilo y un toque divertido que representa la esencia de esta colecci\u00f3n.<\/p>\n","protected":false},"excerpt":{"rendered":"<p>Colecci\u00f3n KPOP \u2013 Demon Hunters | Figuras decorativas en impresi\u00f3n 3D Dale vida a tu espacio con esta colecci\u00f3n inspirada en el universo K-Pop, dise\u00f1ada para fans que aman el estilo, la m\u00fasica y la cultura pop. Estas piezas 3D presentan personajes \u00fanicos con un dise\u00f1o adorable tipo chibi, cada uno con detalles personalizados que [&hellip;]<\/p>\n","protected":false},"featured_media":521790,"comment_status":"open","ping_status":"closed","template":"","meta":[],"product_brand":[],"product_cat":[15],"product_tag":[7266,7267,7265,7026],"class_list":{"0":"post-521764","1":"product","2":"type-product","3":"status-publish","4":"has-post-thumbnail","6":"product_cat-uncategorized","7":"product_tag-demonhunter","8":"product_tag-huntrix","9":"product_tag-k-pop","10":"product_tag-posavasos","12":"first","13":"instock","14":"taxable","15":"shipping-taxable","16":"purchasable","17":"product-type-simple"},"yoast_head":"<!-- This site is optimized with the Yoast SEO plugin v25.1 - https:\/\/yoast.com\/wordpress\/plugins\/seo\/ -->\n<title>Posavasos de K-Pop. - MyStore - By STLFLIX<\/title>\n<meta name=\"robots\" content=\"index, follow, max-snippet:-1, max-image-preview:large, max-video-preview:-1\" \/>\n<link rel=\"canonical\" href=\"https:\/\/my.stlflix.com\/es\/product\/posavasos-de-k-pop\/\" \/>\n<meta property=\"og:locale\" content=\"es_ES\" \/>\n<meta property=\"og:type\" content=\"article\" \/>\n<meta property=\"og:title\" content=\"Posavasos de K-Pop. - MyStore - By STLFLIX\" \/>\n<meta property=\"og:description\" content=\"Colecci\u00f3n KPOP \u2013 Demon Hunters | Figuras decorativas en impresi\u00f3n 3D Dale vida a tu espacio con esta colecci\u00f3n inspirada en el universo K-Pop, dise\u00f1ada para fans que aman el estilo, la m\u00fasica y la cultura pop. Estas piezas 3D presentan personajes \u00fanicos con un dise\u00f1o adorable tipo chibi, cada uno con detalles personalizados que [&hellip;]\" \/>\n<meta property=\"og:url\" content=\"https:\/\/my.stlflix.com\/es\/product\/posavasos-de-k-pop\/\" \/>\n<meta property=\"og:site_name\" content=\"MyStore - By STLFLIX\" \/>\n<meta property=\"article:publisher\" content=\"https:\/\/www.facebook.com\/STLFLIX\" \/>\n<meta property=\"article:modified_time\" content=\"2026-02-06T12:14:11+00:00\" \/>\n<meta property=\"og:image\" content=\"https:\/\/my.stlflix.com\/wp-content\/uploads\/2026\/02\/cropped-20260126_070616-scaled-1.jpg\" \/>\n\t<meta property=\"og:image:width\" content=\"2400\" \/>\n\t<meta property=\"og:image:height\" content=\"2535\" \/>\n\t<meta property=\"og:image:type\" content=\"image\/jpeg\" \/>\n<meta name=\"twitter:card\" content=\"summary_large_image\" \/>\n<meta name=\"twitter:label1\" content=\"Est. reading time\" \/>\n\t<meta name=\"twitter:data1\" content=\"1 minute\" \/>\n<script type=\"application\/ld+json\" class=\"yoast-schema-graph\">{\"@context\":\"https:\/\/schema.org\",\"@graph\":[{\"@type\":\"WebPage\",\"@id\":\"https:\/\/my.stlflix.com\/es\/product\/posavasos-de-k-pop\/\",\"url\":\"https:\/\/my.stlflix.com\/es\/product\/posavasos-de-k-pop\/\",\"name\":\"Posavasos de K-Pop. - MyStore - By STLFLIX\",\"isPartOf\":{\"@id\":\"https:\/\/my.stlflix.com\/#website\"},\"primaryImageOfPage\":{\"@id\":\"https:\/\/my.stlflix.com\/es\/product\/posavasos-de-k-pop\/#primaryimage\"},\"image\":{\"@id\":\"https:\/\/my.stlflix.com\/es\/product\/posavasos-de-k-pop\/#primaryimage\"},\"thumbnailUrl\":\"https:\/\/my.stlflix.com\/wp-content\/uploads\/2026\/02\/cropped-20260126_070616-scaled-1.jpg\",\"datePublished\":\"2026-02-06T12:04:38+00:00\",\"dateModified\":\"2026-02-06T12:14:11+00:00\",\"breadcrumb\":{\"@id\":\"https:\/\/my.stlflix.com\/es\/product\/posavasos-de-k-pop\/#breadcrumb\"},\"inLanguage\":\"es-ES\",\"potentialAction\":[{\"@type\":\"ReadAction\",\"target\":[\"https:\/\/my.stlflix.com\/es\/product\/posavasos-de-k-pop\/\"]}]},{\"@type\":\"ImageObject\",\"inLanguage\":\"es-ES\",\"@id\":\"https:\/\/my.stlflix.com\/es\/product\/posavasos-de-k-pop\/#primaryimage\",\"url\":\"https:\/\/my.stlflix.com\/wp-content\/uploads\/2026\/02\/cropped-20260126_070616-scaled-1.jpg\",\"contentUrl\":\"https:\/\/my.stlflix.com\/wp-content\/uploads\/2026\/02\/cropped-20260126_070616-scaled-1.jpg\",\"width\":2400,\"height\":2535},{\"@type\":\"BreadcrumbList\",\"@id\":\"https:\/\/my.stlflix.com\/es\/product\/posavasos-de-k-pop\/#breadcrumb\",\"itemListElement\":[{\"@type\":\"ListItem\",\"position\":1,\"name\":\"Home\",\"item\":\"https:\/\/www.stlflix-store.com\/\"},{\"@type\":\"ListItem\",\"position\":2,\"name\":\"Products\",\"item\":\"https:\/\/www.stlflix-store.com\/shop\/\"},{\"@type\":\"ListItem\",\"position\":3,\"name\":\"Posavasos de K-Pop.\"}]},{\"@type\":\"WebSite\",\"@id\":\"https:\/\/my.stlflix.com\/#website\",\"url\":\"https:\/\/my.stlflix.com\/\",\"name\":\"MyStore - By STLFLIX\",\"description\":\"\",\"publisher\":{\"@id\":\"https:\/\/my.stlflix.com\/#organization\"},\"potentialAction\":[{\"@type\":\"SearchAction\",\"target\":{\"@type\":\"EntryPoint\",\"urlTemplate\":\"https:\/\/my.stlflix.com\/?s={search_term_string}\"},\"query-input\":{\"@type\":\"PropertyValueSpecification\",\"valueRequired\":true,\"valueName\":\"search_term_string\"}}],\"inLanguage\":\"es-ES\"},{\"@type\":\"Organization\",\"@id\":\"https:\/\/my.stlflix.com\/#organization\",\"name\":\"MyStore - By STLFLIX\",\"url\":\"https:\/\/my.stlflix.com\/\",\"logo\":{\"@type\":\"ImageObject\",\"inLanguage\":\"es-ES\",\"@id\":\"https:\/\/my.stlflix.com\/#\/schema\/logo\/image\/\",\"url\":\"https:\/\/my.stlflix.com\/wp-content\/uploads\/2024\/06\/logo-mystore.png\",\"contentUrl\":\"https:\/\/my.stlflix.com\/wp-content\/uploads\/2024\/06\/logo-mystore.png\",\"width\":150,\"height\":41,\"caption\":\"MyStore - By STLFLIX\"},\"image\":{\"@id\":\"https:\/\/my.stlflix.com\/#\/schema\/logo\/image\/\"},\"sameAs\":[\"https:\/\/www.facebook.com\/STLFLIX\",\"https:\/\/www.instagram.com\/stlflix_\/\",\"https:\/\/www.tiktok.com\/@stlflix\"]}]}<\/script>\n<!-- \/ Yoast SEO plugin. -->","yoast_head_json":{"title":"Posavasos de K-Pop. - MyStore - By STLFLIX","robots":{"index":"index","follow":"follow","max-snippet":"max-snippet:-1","max-image-preview":"max-image-preview:large","max-video-preview":"max-video-preview:-1"},"canonical":"https:\/\/my.stlflix.com\/es\/product\/posavasos-de-k-pop\/","og_locale":"es_ES","og_type":"article","og_title":"Posavasos de K-Pop. - MyStore - By STLFLIX","og_description":"Colecci\u00f3n KPOP \u2013 Demon Hunters | Figuras decorativas en impresi\u00f3n 3D Dale vida a tu espacio con esta colecci\u00f3n inspirada en el universo K-Pop, dise\u00f1ada para fans que aman el estilo, la m\u00fasica y la cultura pop. Estas piezas 3D presentan personajes \u00fanicos con un dise\u00f1o adorable tipo chibi, cada uno con detalles personalizados que [&hellip;]","og_url":"https:\/\/my.stlflix.com\/es\/product\/posavasos-de-k-pop\/","og_site_name":"MyStore - By STLFLIX","article_publisher":"https:\/\/www.facebook.com\/STLFLIX","article_modified_time":"2026-02-06T12:14:11+00:00","og_image":[{"width":2400,"height":2535,"url":"https:\/\/my.stlflix.com\/wp-content\/uploads\/2026\/02\/cropped-20260126_070616-scaled-1.jpg","type":"image\/jpeg"}],"twitter_card":"summary_large_image","twitter_misc":{"Est. reading time":"1 minute"},"schema":{"@context":"https:\/\/schema.org","@graph":[{"@type":"WebPage","@id":"https:\/\/my.stlflix.com\/es\/product\/posavasos-de-k-pop\/","url":"https:\/\/my.stlflix.com\/es\/product\/posavasos-de-k-pop\/","name":"Posavasos de K-Pop. - MyStore - By STLFLIX","isPartOf":{"@id":"https:\/\/my.stlflix.com\/#website"},"primaryImageOfPage":{"@id":"https:\/\/my.stlflix.com\/es\/product\/posavasos-de-k-pop\/#primaryimage"},"image":{"@id":"https:\/\/my.stlflix.com\/es\/product\/posavasos-de-k-pop\/#primaryimage"},"thumbnailUrl":"https:\/\/my.stlflix.com\/wp-content\/uploads\/2026\/02\/cropped-20260126_070616-scaled-1.jpg","datePublished":"2026-02-06T12:04:38+00:00","dateModified":"2026-02-06T12:14:11+00:00","breadcrumb":{"@id":"https:\/\/my.stlflix.com\/es\/product\/posavasos-de-k-pop\/#breadcrumb"},"inLanguage":"es-ES","potentialAction":[{"@type":"ReadAction","target":["https:\/\/my.stlflix.com\/es\/product\/posavasos-de-k-pop\/"]}]},{"@type":"ImageObject","inLanguage":"es-ES","@id":"https:\/\/my.stlflix.com\/es\/product\/posavasos-de-k-pop\/#primaryimage","url":"https:\/\/my.stlflix.com\/wp-content\/uploads\/2026\/02\/cropped-20260126_070616-scaled-1.jpg","contentUrl":"https:\/\/my.stlflix.com\/wp-content\/uploads\/2026\/02\/cropped-20260126_070616-scaled-1.jpg","width":2400,"height":2535},{"@type":"BreadcrumbList","@id":"https:\/\/my.stlflix.com\/es\/product\/posavasos-de-k-pop\/#breadcrumb","itemListElement":[{"@type":"ListItem","position":1,"name":"Home","item":"https:\/\/www.stlflix-store.com\/"},{"@type":"ListItem","position":2,"name":"Products","item":"https:\/\/www.stlflix-store.com\/shop\/"},{"@type":"ListItem","position":3,"name":"Posavasos de K-Pop."}]},{"@type":"WebSite","@id":"https:\/\/my.stlflix.com\/#website","url":"https:\/\/my.stlflix.com\/","name":"MyStore - By STLFLIX","description":"","publisher":{"@id":"https:\/\/my.stlflix.com\/#organization"},"potentialAction":[{"@type":"SearchAction","target":{"@type":"EntryPoint","urlTemplate":"https:\/\/my.stlflix.com\/?s={search_term_string}"},"query-input":{"@type":"PropertyValueSpecification","valueRequired":true,"valueName":"search_term_string"}}],"inLanguage":"es-ES"},{"@type":"Organization","@id":"https:\/\/my.stlflix.com\/#organization","name":"MyStore - By STLFLIX","url":"https:\/\/my.stlflix.com\/","logo":{"@type":"ImageObject","inLanguage":"es-ES","@id":"https:\/\/my.stlflix.com\/#\/schema\/logo\/image\/","url":"https:\/\/my.stlflix.com\/wp-content\/uploads\/2024\/06\/logo-mystore.png","contentUrl":"https:\/\/my.stlflix.com\/wp-content\/uploads\/2024\/06\/logo-mystore.png","width":150,"height":41,"caption":"MyStore - By STLFLIX"},"image":{"@id":"https:\/\/my.stlflix.com\/#\/schema\/logo\/image\/"},"sameAs":["https:\/\/www.facebook.com\/STLFLIX","https:\/\/www.instagram.com\/stlflix_\/","https:\/\/www.tiktok.com\/@stlflix"]}]}},"_links":{"self":[{"href":"https:\/\/my.stlflix.com\/es\/wp-json\/wp\/v2\/product\/521764","targetHints":{"allow":["GET"]}}],"collection":[{"href":"https:\/\/my.stlflix.com\/es\/wp-json\/wp\/v2\/product"}],"about":[{"href":"https:\/\/my.stlflix.com\/es\/wp-json\/wp\/v2\/types\/product"}],"replies":[{"embeddable":true,"href":"https:\/\/my.stlflix.com\/es\/wp-json\/wp\/v2\/comments?post=521764"}],"wp:featuredmedia":[{"embeddable":true,"href":"https:\/\/my.stlflix.com\/es\/wp-json\/wp\/v2\/media\/521790"}],"wp:attachment":[{"href":"https:\/\/my.stlflix.com\/es\/wp-json\/wp\/v2\/media?parent=521764"}],"wp:term":[{"taxonomy":"product_brand","embeddable":true,"href":"https:\/\/my.stlflix.com\/es\/wp-json\/wp\/v2\/product_brand?post=521764"},{"taxonomy":"product_cat","embeddable":true,"href":"https:\/\/my.stlflix.com\/es\/wp-json\/wp\/v2\/product_cat?post=521764"},{"taxonomy":"product_tag","embeddable":true,"href":"https:\/\/my.stlflix.com\/es\/wp-json\/wp\/v2\/product_tag?post=521764"}],"curies":[{"name":"wp","href":"https:\/\/api.w.org\/{rel}","templated":true}]}}