{"id":531322,"date":"2026-02-23T23:17:50","date_gmt":"2026-02-23T23:17:50","guid":{"rendered":"https:\/\/my.stlflix.com\/?post_type=product&#038;p=531322"},"modified":"2026-03-01T15:08:23","modified_gmt":"2026-03-01T15:08:23","slug":"bunnys-find-easter-basket-699cdad081405","status":"publish","type":"product","link":"https:\/\/my.stlflix.com\/es\/product\/bunnys-find-easter-basket-699cdad081405\/","title":{"rendered":"Bunny\u2019s Find &#8211; Easter Basket"},"content":{"rendered":"<h2 class=\"ui-pdp-description__title\" data-testid=\"title\">Descri\u00e7\u00e3o<\/h2>\n<p class=\"ui-pdp-description__content\" data-testid=\"content\">Cesta de P\u00e1scoa Coelho Porta Doces \u2013 Decora\u00e7\u00e3o Criativa e Encantadora Deixe a sua P\u00e1scoa ainda mais especial com essa linda cestinha com coelhinho, perfeita para decorar, presentear e organizar chocolates e bombons. Um item delicado e criativo que encanta crian\u00e7as e adultos, ideal para mesas tem\u00e1ticas, lembrancinhas e presentes personalizados.<\/p>\n<p class=\"ui-pdp-description__content\" data-testid=\"content\">Destaques do produto: Design exclusivo com coelho decorativo Ideal para colocar chocolates, bombons e mini ovos Perfeito para decora\u00e7\u00e3o de P\u00e1scoa e mesa posta \u00d3tima op\u00e7\u00e3o de presente infantil Leve, resistente e reutiliz\u00e1vel<\/p>\n<p class=\"ui-pdp-description__content\" data-testid=\"content\">Dimens\u00f5es aproximadas: \u2022 Largura: 15 cm \u2022 Altura: 7,5 cm<\/p>\n","protected":false},"excerpt":{"rendered":"<p>Descri\u00e7\u00e3o Cesta de P\u00e1scoa Coelho Porta Doces \u2013 Decora\u00e7\u00e3o Criativa e Encantadora Deixe a sua P\u00e1scoa ainda mais especial com essa linda cestinha com coelhinho, perfeita para decorar, presentear e organizar chocolates e bombons. Um item delicado e criativo que encanta crian\u00e7as e adultos, ideal para mesas tem\u00e1ticas, lembrancinhas e presentes personalizados. Destaques do produto: [&hellip;]<\/p>\n","protected":false},"featured_media":524003,"comment_status":"open","ping_status":"closed","template":"","meta":[],"product_brand":[],"product_cat":[15],"product_tag":[5584],"class_list":{"0":"post-531322","1":"product","2":"type-product","3":"status-publish","4":"has-post-thumbnail","6":"product_cat-uncategorized","7":"product_tag-pascoa","9":"first","10":"onbackorder","11":"taxable","12":"shipping-taxable","13":"purchasable","14":"product-type-simple"},"yoast_head":"<!-- This site is optimized with the Yoast SEO plugin v25.1 - https:\/\/yoast.com\/wordpress\/plugins\/seo\/ -->\n<title>Bunny\u2019s Find - Easter Basket - MyStore - By STLFLIX<\/title>\n<meta name=\"robots\" content=\"index, follow, max-snippet:-1, max-image-preview:large, max-video-preview:-1\" \/>\n<link rel=\"canonical\" href=\"https:\/\/my.stlflix.com\/es\/product\/bunnys-find-easter-basket-699cdad081405\/\" \/>\n<meta property=\"og:locale\" content=\"es_ES\" \/>\n<meta property=\"og:type\" content=\"article\" \/>\n<meta property=\"og:title\" content=\"Bunny\u2019s Find - Easter Basket - MyStore - By STLFLIX\" \/>\n<meta property=\"og:description\" content=\"Descri\u00e7\u00e3o Cesta de P\u00e1scoa Coelho Porta Doces \u2013 Decora\u00e7\u00e3o Criativa e Encantadora Deixe a sua P\u00e1scoa ainda mais especial com essa linda cestinha com coelhinho, perfeita para decorar, presentear e organizar chocolates e bombons. Um item delicado e criativo que encanta crian\u00e7as e adultos, ideal para mesas tem\u00e1ticas, lembrancinhas e presentes personalizados. Destaques do produto: [&hellip;]\" \/>\n<meta property=\"og:url\" content=\"https:\/\/my.stlflix.com\/es\/product\/bunnys-find-easter-basket-699cdad081405\/\" \/>\n<meta property=\"og:site_name\" content=\"MyStore - By STLFLIX\" \/>\n<meta property=\"article:publisher\" content=\"https:\/\/www.facebook.com\/STLFLIX\" \/>\n<meta property=\"article:modified_time\" content=\"2026-03-01T15:08:23+00:00\" \/>\n<meta property=\"og:image\" content=\"https:\/\/my.stlflix.com\/wp-content\/uploads\/2026\/02\/Bunny_s_Find_Easter_Basket_thumb_7b398a7a2b.png\" \/>\n\t<meta property=\"og:image:width\" content=\"1080\" \/>\n\t<meta property=\"og:image:height\" content=\"1350\" \/>\n\t<meta property=\"og:image:type\" content=\"image\/png\" \/>\n<meta name=\"twitter:card\" content=\"summary_large_image\" \/>\n<meta name=\"twitter:label1\" content=\"Est. reading time\" \/>\n\t<meta name=\"twitter:data1\" content=\"1 minute\" \/>\n<script type=\"application\/ld+json\" class=\"yoast-schema-graph\">{\"@context\":\"https:\/\/schema.org\",\"@graph\":[{\"@type\":\"WebPage\",\"@id\":\"https:\/\/my.stlflix.com\/es\/product\/bunnys-find-easter-basket-699cdad081405\/\",\"url\":\"https:\/\/my.stlflix.com\/es\/product\/bunnys-find-easter-basket-699cdad081405\/\",\"name\":\"Bunny\u2019s Find - Easter Basket - MyStore - By STLFLIX\",\"isPartOf\":{\"@id\":\"https:\/\/my.stlflix.com\/#website\"},\"primaryImageOfPage\":{\"@id\":\"https:\/\/my.stlflix.com\/es\/product\/bunnys-find-easter-basket-699cdad081405\/#primaryimage\"},\"image\":{\"@id\":\"https:\/\/my.stlflix.com\/es\/product\/bunnys-find-easter-basket-699cdad081405\/#primaryimage\"},\"thumbnailUrl\":\"https:\/\/my.stlflix.com\/wp-content\/uploads\/2026\/02\/Bunny_s_Find_Easter_Basket_thumb_7b398a7a2b.png\",\"datePublished\":\"2026-02-23T23:17:50+00:00\",\"dateModified\":\"2026-03-01T15:08:23+00:00\",\"breadcrumb\":{\"@id\":\"https:\/\/my.stlflix.com\/es\/product\/bunnys-find-easter-basket-699cdad081405\/#breadcrumb\"},\"inLanguage\":\"es-ES\",\"potentialAction\":[{\"@type\":\"ReadAction\",\"target\":[\"https:\/\/my.stlflix.com\/es\/product\/bunnys-find-easter-basket-699cdad081405\/\"]}]},{\"@type\":\"ImageObject\",\"inLanguage\":\"es-ES\",\"@id\":\"https:\/\/my.stlflix.com\/es\/product\/bunnys-find-easter-basket-699cdad081405\/#primaryimage\",\"url\":\"https:\/\/my.stlflix.com\/wp-content\/uploads\/2026\/02\/Bunny_s_Find_Easter_Basket_thumb_7b398a7a2b.png\",\"contentUrl\":\"https:\/\/my.stlflix.com\/wp-content\/uploads\/2026\/02\/Bunny_s_Find_Easter_Basket_thumb_7b398a7a2b.png\",\"width\":1080,\"height\":1350},{\"@type\":\"BreadcrumbList\",\"@id\":\"https:\/\/my.stlflix.com\/es\/product\/bunnys-find-easter-basket-699cdad081405\/#breadcrumb\",\"itemListElement\":[{\"@type\":\"ListItem\",\"position\":1,\"name\":\"Home\",\"item\":\"https:\/\/www.stlflix-store.com\/\"},{\"@type\":\"ListItem\",\"position\":2,\"name\":\"Products\",\"item\":\"https:\/\/www.stlflix-store.com\/shop\/\"},{\"@type\":\"ListItem\",\"position\":3,\"name\":\"Bunny\u2019s Find &#8211; Easter Basket\"}]},{\"@type\":\"WebSite\",\"@id\":\"https:\/\/my.stlflix.com\/#website\",\"url\":\"https:\/\/my.stlflix.com\/\",\"name\":\"MyStore - By STLFLIX\",\"description\":\"\",\"publisher\":{\"@id\":\"https:\/\/my.stlflix.com\/#organization\"},\"potentialAction\":[{\"@type\":\"SearchAction\",\"target\":{\"@type\":\"EntryPoint\",\"urlTemplate\":\"https:\/\/my.stlflix.com\/?s={search_term_string}\"},\"query-input\":{\"@type\":\"PropertyValueSpecification\",\"valueRequired\":true,\"valueName\":\"search_term_string\"}}],\"inLanguage\":\"es-ES\"},{\"@type\":\"Organization\",\"@id\":\"https:\/\/my.stlflix.com\/#organization\",\"name\":\"MyStore - By STLFLIX\",\"url\":\"https:\/\/my.stlflix.com\/\",\"logo\":{\"@type\":\"ImageObject\",\"inLanguage\":\"es-ES\",\"@id\":\"https:\/\/my.stlflix.com\/#\/schema\/logo\/image\/\",\"url\":\"https:\/\/my.stlflix.com\/wp-content\/uploads\/2024\/06\/logo-mystore.png\",\"contentUrl\":\"https:\/\/my.stlflix.com\/wp-content\/uploads\/2024\/06\/logo-mystore.png\",\"width\":150,\"height\":41,\"caption\":\"MyStore - By STLFLIX\"},\"image\":{\"@id\":\"https:\/\/my.stlflix.com\/#\/schema\/logo\/image\/\"},\"sameAs\":[\"https:\/\/www.facebook.com\/STLFLIX\",\"https:\/\/www.instagram.com\/stlflix_\/\",\"https:\/\/www.tiktok.com\/@stlflix\"]}]}<\/script>\n<!-- \/ Yoast SEO plugin. -->","yoast_head_json":{"title":"Bunny\u2019s Find - Easter Basket - MyStore - By STLFLIX","robots":{"index":"index","follow":"follow","max-snippet":"max-snippet:-1","max-image-preview":"max-image-preview:large","max-video-preview":"max-video-preview:-1"},"canonical":"https:\/\/my.stlflix.com\/es\/product\/bunnys-find-easter-basket-699cdad081405\/","og_locale":"es_ES","og_type":"article","og_title":"Bunny\u2019s Find - Easter Basket - MyStore - By STLFLIX","og_description":"Descri\u00e7\u00e3o Cesta de P\u00e1scoa Coelho Porta Doces \u2013 Decora\u00e7\u00e3o Criativa e Encantadora Deixe a sua P\u00e1scoa ainda mais especial com essa linda cestinha com coelhinho, perfeita para decorar, presentear e organizar chocolates e bombons. Um item delicado e criativo que encanta crian\u00e7as e adultos, ideal para mesas tem\u00e1ticas, lembrancinhas e presentes personalizados. Destaques do produto: [&hellip;]","og_url":"https:\/\/my.stlflix.com\/es\/product\/bunnys-find-easter-basket-699cdad081405\/","og_site_name":"MyStore - By STLFLIX","article_publisher":"https:\/\/www.facebook.com\/STLFLIX","article_modified_time":"2026-03-01T15:08:23+00:00","og_image":[{"width":1080,"height":1350,"url":"https:\/\/my.stlflix.com\/wp-content\/uploads\/2026\/02\/Bunny_s_Find_Easter_Basket_thumb_7b398a7a2b.png","type":"image\/png"}],"twitter_card":"summary_large_image","twitter_misc":{"Est. reading time":"1 minute"},"schema":{"@context":"https:\/\/schema.org","@graph":[{"@type":"WebPage","@id":"https:\/\/my.stlflix.com\/es\/product\/bunnys-find-easter-basket-699cdad081405\/","url":"https:\/\/my.stlflix.com\/es\/product\/bunnys-find-easter-basket-699cdad081405\/","name":"Bunny\u2019s Find - Easter Basket - MyStore - By STLFLIX","isPartOf":{"@id":"https:\/\/my.stlflix.com\/#website"},"primaryImageOfPage":{"@id":"https:\/\/my.stlflix.com\/es\/product\/bunnys-find-easter-basket-699cdad081405\/#primaryimage"},"image":{"@id":"https:\/\/my.stlflix.com\/es\/product\/bunnys-find-easter-basket-699cdad081405\/#primaryimage"},"thumbnailUrl":"https:\/\/my.stlflix.com\/wp-content\/uploads\/2026\/02\/Bunny_s_Find_Easter_Basket_thumb_7b398a7a2b.png","datePublished":"2026-02-23T23:17:50+00:00","dateModified":"2026-03-01T15:08:23+00:00","breadcrumb":{"@id":"https:\/\/my.stlflix.com\/es\/product\/bunnys-find-easter-basket-699cdad081405\/#breadcrumb"},"inLanguage":"es-ES","potentialAction":[{"@type":"ReadAction","target":["https:\/\/my.stlflix.com\/es\/product\/bunnys-find-easter-basket-699cdad081405\/"]}]},{"@type":"ImageObject","inLanguage":"es-ES","@id":"https:\/\/my.stlflix.com\/es\/product\/bunnys-find-easter-basket-699cdad081405\/#primaryimage","url":"https:\/\/my.stlflix.com\/wp-content\/uploads\/2026\/02\/Bunny_s_Find_Easter_Basket_thumb_7b398a7a2b.png","contentUrl":"https:\/\/my.stlflix.com\/wp-content\/uploads\/2026\/02\/Bunny_s_Find_Easter_Basket_thumb_7b398a7a2b.png","width":1080,"height":1350},{"@type":"BreadcrumbList","@id":"https:\/\/my.stlflix.com\/es\/product\/bunnys-find-easter-basket-699cdad081405\/#breadcrumb","itemListElement":[{"@type":"ListItem","position":1,"name":"Home","item":"https:\/\/www.stlflix-store.com\/"},{"@type":"ListItem","position":2,"name":"Products","item":"https:\/\/www.stlflix-store.com\/shop\/"},{"@type":"ListItem","position":3,"name":"Bunny\u2019s Find &#8211; Easter Basket"}]},{"@type":"WebSite","@id":"https:\/\/my.stlflix.com\/#website","url":"https:\/\/my.stlflix.com\/","name":"MyStore - By STLFLIX","description":"","publisher":{"@id":"https:\/\/my.stlflix.com\/#organization"},"potentialAction":[{"@type":"SearchAction","target":{"@type":"EntryPoint","urlTemplate":"https:\/\/my.stlflix.com\/?s={search_term_string}"},"query-input":{"@type":"PropertyValueSpecification","valueRequired":true,"valueName":"search_term_string"}}],"inLanguage":"es-ES"},{"@type":"Organization","@id":"https:\/\/my.stlflix.com\/#organization","name":"MyStore - By STLFLIX","url":"https:\/\/my.stlflix.com\/","logo":{"@type":"ImageObject","inLanguage":"es-ES","@id":"https:\/\/my.stlflix.com\/#\/schema\/logo\/image\/","url":"https:\/\/my.stlflix.com\/wp-content\/uploads\/2024\/06\/logo-mystore.png","contentUrl":"https:\/\/my.stlflix.com\/wp-content\/uploads\/2024\/06\/logo-mystore.png","width":150,"height":41,"caption":"MyStore - By STLFLIX"},"image":{"@id":"https:\/\/my.stlflix.com\/#\/schema\/logo\/image\/"},"sameAs":["https:\/\/www.facebook.com\/STLFLIX","https:\/\/www.instagram.com\/stlflix_\/","https:\/\/www.tiktok.com\/@stlflix"]}]}},"_links":{"self":[{"href":"https:\/\/my.stlflix.com\/es\/wp-json\/wp\/v2\/product\/531322","targetHints":{"allow":["GET"]}}],"collection":[{"href":"https:\/\/my.stlflix.com\/es\/wp-json\/wp\/v2\/product"}],"about":[{"href":"https:\/\/my.stlflix.com\/es\/wp-json\/wp\/v2\/types\/product"}],"replies":[{"embeddable":true,"href":"https:\/\/my.stlflix.com\/es\/wp-json\/wp\/v2\/comments?post=531322"}],"wp:featuredmedia":[{"embeddable":true,"href":"https:\/\/my.stlflix.com\/es\/wp-json\/wp\/v2\/media\/524003"}],"wp:attachment":[{"href":"https:\/\/my.stlflix.com\/es\/wp-json\/wp\/v2\/media?parent=531322"}],"wp:term":[{"taxonomy":"product_brand","embeddable":true,"href":"https:\/\/my.stlflix.com\/es\/wp-json\/wp\/v2\/product_brand?post=531322"},{"taxonomy":"product_cat","embeddable":true,"href":"https:\/\/my.stlflix.com\/es\/wp-json\/wp\/v2\/product_cat?post=531322"},{"taxonomy":"product_tag","embeddable":true,"href":"https:\/\/my.stlflix.com\/es\/wp-json\/wp\/v2\/product_tag?post=531322"}],"curies":[{"name":"wp","href":"https:\/\/api.w.org\/{rel}","templated":true}]}}