{"id":531340,"date":"2026-02-26T18:13:29","date_gmt":"2026-02-26T18:13:29","guid":{"rendered":"https:\/\/my.stlflix.com\/?post_type=product&#038;p=531340"},"modified":"2026-03-19T13:30:03","modified_gmt":"2026-03-19T13:30:03","slug":"dove-of-peace-wall-mount-699cf87ca0a5f","status":"publish","type":"product","link":"https:\/\/my.stlflix.com\/es\/product\/dove-of-peace-wall-mount-699cf87ca0a5f\/","title":{"rendered":"Pomba da paz &#8211; Decora\u00e7\u00e3o de parede"},"content":{"rendered":"<h2>Um s\u00edmbolo eterno de f\u00e9 e esperan\u00e7a para o seu lar<\/h2>\n<p>A Pomba da Paz \u00e9 uma pe\u00e7a decorativa que transmite luz, prote\u00e7\u00e3o e espiritualidade. Com design marcante e raios dourados que representam a presen\u00e7a divina, ela transforma qualquer ambiente em um espa\u00e7o de paz e significado.<\/p>\n<p>Ideal para salas, quartos, espa\u00e7os de ora\u00e7\u00e3o ou como presente especial.<\/p>\n<p>\u2728 Eleva a energia do ambiente<br \/>\n\u2728 Design elegante com acabamento detalhado<br \/>\n\u2728 Pe\u00e7a impactante e cheia de simbolismo<\/p>\n<p>Mais que decora\u00e7\u00e3o. Um lembrete di\u00e1rio de f\u00e9 e serenidade.<\/p>\n","protected":false},"excerpt":{"rendered":"<p>Um s\u00edmbolo eterno de f\u00e9 e esperan\u00e7a para o seu lar A Pomba da Paz \u00e9 uma pe\u00e7a decorativa que transmite luz, prote\u00e7\u00e3o e espiritualidade. Com design marcante e raios dourados que representam a presen\u00e7a divina, ela transforma qualquer ambiente em um espa\u00e7o de paz e significado. Ideal para salas, quartos, espa\u00e7os de ora\u00e7\u00e3o ou [&hellip;]<\/p>\n","protected":false},"featured_media":529194,"comment_status":"open","ping_status":"closed","template":"","meta":[],"product_brand":[],"product_cat":[15],"product_tag":[6401,7314],"class_list":{"0":"post-531340","1":"product","2":"type-product","3":"status-publish","4":"has-post-thumbnail","6":"product_cat-uncategorized","7":"product_tag-figuras-sagradas","8":"product_tag-sagrados","10":"first","11":"instock","12":"taxable","13":"shipping-taxable","14":"purchasable","15":"product-type-simple"},"yoast_head":"<!-- This site is optimized with the Yoast SEO plugin v25.1 - https:\/\/yoast.com\/wordpress\/plugins\/seo\/ -->\n<title>Pomba da paz - Decora\u00e7\u00e3o de parede - MyStore - By STLFLIX<\/title>\n<meta name=\"robots\" content=\"index, follow, max-snippet:-1, max-image-preview:large, max-video-preview:-1\" \/>\n<link rel=\"canonical\" href=\"https:\/\/www.lojadomandela3d.biz\/product\/dove-of-peace-wall-mount-699cf87ca0a5f\/\" \/>\n<meta property=\"og:locale\" content=\"es_ES\" \/>\n<meta property=\"og:type\" content=\"article\" \/>\n<meta property=\"og:title\" content=\"Pomba da paz - Decora\u00e7\u00e3o de parede - MyStore - By STLFLIX\" \/>\n<meta property=\"og:description\" content=\"Um s\u00edmbolo eterno de f\u00e9 e esperan\u00e7a para o seu lar A Pomba da Paz \u00e9 uma pe\u00e7a decorativa que transmite luz, prote\u00e7\u00e3o e espiritualidade. Com design marcante e raios dourados que representam a presen\u00e7a divina, ela transforma qualquer ambiente em um espa\u00e7o de paz e significado. Ideal para salas, quartos, espa\u00e7os de ora\u00e7\u00e3o ou [&hellip;]\" \/>\n<meta property=\"og:url\" content=\"https:\/\/www.lojadomandela3d.biz\/product\/dove-of-peace-wall-mount-699cf87ca0a5f\/\" \/>\n<meta property=\"og:site_name\" content=\"MyStore - By STLFLIX\" \/>\n<meta property=\"article:publisher\" content=\"https:\/\/www.facebook.com\/STLFLIX\" \/>\n<meta property=\"article:modified_time\" content=\"2026-03-19T13:30:03+00:00\" \/>\n<meta property=\"og:image\" content=\"https:\/\/www.lojadomandela3d.biz\/wp-content\/uploads\/2026\/02\/Dove_of_Peace_Wall_Mountthumb_bae5d2d120.png\" \/>\n\t<meta property=\"og:image:width\" content=\"1080\" \/>\n\t<meta property=\"og:image:height\" content=\"1350\" \/>\n\t<meta property=\"og:image:type\" content=\"image\/png\" \/>\n<meta name=\"twitter:card\" content=\"summary_large_image\" \/>\n<script type=\"application\/ld+json\" class=\"yoast-schema-graph\">{\"@context\":\"https:\/\/schema.org\",\"@graph\":[{\"@type\":\"WebPage\",\"@id\":\"https:\/\/www.lojadomandela3d.biz\/product\/dove-of-peace-wall-mount-699cf87ca0a5f\/\",\"url\":\"https:\/\/www.lojadomandela3d.biz\/product\/dove-of-peace-wall-mount-699cf87ca0a5f\/\",\"name\":\"Pomba da paz - Decora\u00e7\u00e3o de parede - MyStore - By STLFLIX\",\"isPartOf\":{\"@id\":\"https:\/\/my.stlflix.com\/#website\"},\"primaryImageOfPage\":{\"@id\":\"https:\/\/www.lojadomandela3d.biz\/product\/dove-of-peace-wall-mount-699cf87ca0a5f\/#primaryimage\"},\"image\":{\"@id\":\"https:\/\/www.lojadomandela3d.biz\/product\/dove-of-peace-wall-mount-699cf87ca0a5f\/#primaryimage\"},\"thumbnailUrl\":\"https:\/\/my.stlflix.com\/wp-content\/uploads\/2026\/02\/Dove_of_Peace_Wall_Mountthumb_bae5d2d120.png\",\"datePublished\":\"2026-02-26T18:13:29+00:00\",\"dateModified\":\"2026-03-19T13:30:03+00:00\",\"breadcrumb\":{\"@id\":\"https:\/\/www.lojadomandela3d.biz\/product\/dove-of-peace-wall-mount-699cf87ca0a5f\/#breadcrumb\"},\"inLanguage\":\"es-ES\",\"potentialAction\":[{\"@type\":\"ReadAction\",\"target\":[\"https:\/\/www.lojadomandela3d.biz\/product\/dove-of-peace-wall-mount-699cf87ca0a5f\/\"]}]},{\"@type\":\"ImageObject\",\"inLanguage\":\"es-ES\",\"@id\":\"https:\/\/www.lojadomandela3d.biz\/product\/dove-of-peace-wall-mount-699cf87ca0a5f\/#primaryimage\",\"url\":\"https:\/\/my.stlflix.com\/wp-content\/uploads\/2026\/02\/Dove_of_Peace_Wall_Mountthumb_bae5d2d120.png\",\"contentUrl\":\"https:\/\/my.stlflix.com\/wp-content\/uploads\/2026\/02\/Dove_of_Peace_Wall_Mountthumb_bae5d2d120.png\",\"width\":1080,\"height\":1350},{\"@type\":\"BreadcrumbList\",\"@id\":\"https:\/\/www.lojadomandela3d.biz\/product\/dove-of-peace-wall-mount-699cf87ca0a5f\/#breadcrumb\",\"itemListElement\":[{\"@type\":\"ListItem\",\"position\":1,\"name\":\"Home\",\"item\":\"https:\/\/www.stlflix-store.com\/\"},{\"@type\":\"ListItem\",\"position\":2,\"name\":\"Products\",\"item\":\"https:\/\/www.stlflix-store.com\/shop\/\"},{\"@type\":\"ListItem\",\"position\":3,\"name\":\"Pomba da paz &#8211; Decora\u00e7\u00e3o de parede\"}]},{\"@type\":\"WebSite\",\"@id\":\"https:\/\/my.stlflix.com\/#website\",\"url\":\"https:\/\/my.stlflix.com\/\",\"name\":\"MyStore - By STLFLIX\",\"description\":\"\",\"publisher\":{\"@id\":\"https:\/\/my.stlflix.com\/#organization\"},\"potentialAction\":[{\"@type\":\"SearchAction\",\"target\":{\"@type\":\"EntryPoint\",\"urlTemplate\":\"https:\/\/my.stlflix.com\/?s={search_term_string}\"},\"query-input\":{\"@type\":\"PropertyValueSpecification\",\"valueRequired\":true,\"valueName\":\"search_term_string\"}}],\"inLanguage\":\"es-ES\"},{\"@type\":\"Organization\",\"@id\":\"https:\/\/my.stlflix.com\/#organization\",\"name\":\"MyStore - By STLFLIX\",\"url\":\"https:\/\/my.stlflix.com\/\",\"logo\":{\"@type\":\"ImageObject\",\"inLanguage\":\"es-ES\",\"@id\":\"https:\/\/my.stlflix.com\/#\/schema\/logo\/image\/\",\"url\":\"https:\/\/my.stlflix.com\/wp-content\/uploads\/2024\/06\/logo-mystore.png\",\"contentUrl\":\"https:\/\/my.stlflix.com\/wp-content\/uploads\/2024\/06\/logo-mystore.png\",\"width\":150,\"height\":41,\"caption\":\"MyStore - By STLFLIX\"},\"image\":{\"@id\":\"https:\/\/my.stlflix.com\/#\/schema\/logo\/image\/\"},\"sameAs\":[\"https:\/\/www.facebook.com\/STLFLIX\",\"https:\/\/www.instagram.com\/stlflix_\/\",\"https:\/\/www.tiktok.com\/@stlflix\"]}]}<\/script>\n<!-- \/ Yoast SEO plugin. -->","yoast_head_json":{"title":"Pomba da paz - Decora\u00e7\u00e3o de parede - MyStore - By STLFLIX","robots":{"index":"index","follow":"follow","max-snippet":"max-snippet:-1","max-image-preview":"max-image-preview:large","max-video-preview":"max-video-preview:-1"},"canonical":"https:\/\/www.lojadomandela3d.biz\/product\/dove-of-peace-wall-mount-699cf87ca0a5f\/","og_locale":"es_ES","og_type":"article","og_title":"Pomba da paz - Decora\u00e7\u00e3o de parede - MyStore - By STLFLIX","og_description":"Um s\u00edmbolo eterno de f\u00e9 e esperan\u00e7a para o seu lar A Pomba da Paz \u00e9 uma pe\u00e7a decorativa que transmite luz, prote\u00e7\u00e3o e espiritualidade. Com design marcante e raios dourados que representam a presen\u00e7a divina, ela transforma qualquer ambiente em um espa\u00e7o de paz e significado. Ideal para salas, quartos, espa\u00e7os de ora\u00e7\u00e3o ou [&hellip;]","og_url":"https:\/\/www.lojadomandela3d.biz\/product\/dove-of-peace-wall-mount-699cf87ca0a5f\/","og_site_name":"MyStore - By STLFLIX","article_publisher":"https:\/\/www.facebook.com\/STLFLIX","article_modified_time":"2026-03-19T13:30:03+00:00","og_image":[{"width":1080,"height":1350,"url":"https:\/\/www.lojadomandela3d.biz\/wp-content\/uploads\/2026\/02\/Dove_of_Peace_Wall_Mountthumb_bae5d2d120.png","type":"image\/png"}],"twitter_card":"summary_large_image","schema":{"@context":"https:\/\/schema.org","@graph":[{"@type":"WebPage","@id":"https:\/\/www.lojadomandela3d.biz\/product\/dove-of-peace-wall-mount-699cf87ca0a5f\/","url":"https:\/\/www.lojadomandela3d.biz\/product\/dove-of-peace-wall-mount-699cf87ca0a5f\/","name":"Pomba da paz - Decora\u00e7\u00e3o de parede - MyStore - By STLFLIX","isPartOf":{"@id":"https:\/\/my.stlflix.com\/#website"},"primaryImageOfPage":{"@id":"https:\/\/www.lojadomandela3d.biz\/product\/dove-of-peace-wall-mount-699cf87ca0a5f\/#primaryimage"},"image":{"@id":"https:\/\/www.lojadomandela3d.biz\/product\/dove-of-peace-wall-mount-699cf87ca0a5f\/#primaryimage"},"thumbnailUrl":"https:\/\/my.stlflix.com\/wp-content\/uploads\/2026\/02\/Dove_of_Peace_Wall_Mountthumb_bae5d2d120.png","datePublished":"2026-02-26T18:13:29+00:00","dateModified":"2026-03-19T13:30:03+00:00","breadcrumb":{"@id":"https:\/\/www.lojadomandela3d.biz\/product\/dove-of-peace-wall-mount-699cf87ca0a5f\/#breadcrumb"},"inLanguage":"es-ES","potentialAction":[{"@type":"ReadAction","target":["https:\/\/www.lojadomandela3d.biz\/product\/dove-of-peace-wall-mount-699cf87ca0a5f\/"]}]},{"@type":"ImageObject","inLanguage":"es-ES","@id":"https:\/\/www.lojadomandela3d.biz\/product\/dove-of-peace-wall-mount-699cf87ca0a5f\/#primaryimage","url":"https:\/\/my.stlflix.com\/wp-content\/uploads\/2026\/02\/Dove_of_Peace_Wall_Mountthumb_bae5d2d120.png","contentUrl":"https:\/\/my.stlflix.com\/wp-content\/uploads\/2026\/02\/Dove_of_Peace_Wall_Mountthumb_bae5d2d120.png","width":1080,"height":1350},{"@type":"BreadcrumbList","@id":"https:\/\/www.lojadomandela3d.biz\/product\/dove-of-peace-wall-mount-699cf87ca0a5f\/#breadcrumb","itemListElement":[{"@type":"ListItem","position":1,"name":"Home","item":"https:\/\/www.stlflix-store.com\/"},{"@type":"ListItem","position":2,"name":"Products","item":"https:\/\/www.stlflix-store.com\/shop\/"},{"@type":"ListItem","position":3,"name":"Pomba da paz &#8211; Decora\u00e7\u00e3o de parede"}]},{"@type":"WebSite","@id":"https:\/\/my.stlflix.com\/#website","url":"https:\/\/my.stlflix.com\/","name":"MyStore - By STLFLIX","description":"","publisher":{"@id":"https:\/\/my.stlflix.com\/#organization"},"potentialAction":[{"@type":"SearchAction","target":{"@type":"EntryPoint","urlTemplate":"https:\/\/my.stlflix.com\/?s={search_term_string}"},"query-input":{"@type":"PropertyValueSpecification","valueRequired":true,"valueName":"search_term_string"}}],"inLanguage":"es-ES"},{"@type":"Organization","@id":"https:\/\/my.stlflix.com\/#organization","name":"MyStore - By STLFLIX","url":"https:\/\/my.stlflix.com\/","logo":{"@type":"ImageObject","inLanguage":"es-ES","@id":"https:\/\/my.stlflix.com\/#\/schema\/logo\/image\/","url":"https:\/\/my.stlflix.com\/wp-content\/uploads\/2024\/06\/logo-mystore.png","contentUrl":"https:\/\/my.stlflix.com\/wp-content\/uploads\/2024\/06\/logo-mystore.png","width":150,"height":41,"caption":"MyStore - By STLFLIX"},"image":{"@id":"https:\/\/my.stlflix.com\/#\/schema\/logo\/image\/"},"sameAs":["https:\/\/www.facebook.com\/STLFLIX","https:\/\/www.instagram.com\/stlflix_\/","https:\/\/www.tiktok.com\/@stlflix"]}]}},"_links":{"self":[{"href":"https:\/\/my.stlflix.com\/es\/wp-json\/wp\/v2\/product\/531340","targetHints":{"allow":["GET"]}}],"collection":[{"href":"https:\/\/my.stlflix.com\/es\/wp-json\/wp\/v2\/product"}],"about":[{"href":"https:\/\/my.stlflix.com\/es\/wp-json\/wp\/v2\/types\/product"}],"replies":[{"embeddable":true,"href":"https:\/\/my.stlflix.com\/es\/wp-json\/wp\/v2\/comments?post=531340"}],"wp:featuredmedia":[{"embeddable":true,"href":"https:\/\/my.stlflix.com\/es\/wp-json\/wp\/v2\/media\/529194"}],"wp:attachment":[{"href":"https:\/\/my.stlflix.com\/es\/wp-json\/wp\/v2\/media?parent=531340"}],"wp:term":[{"taxonomy":"product_brand","embeddable":true,"href":"https:\/\/my.stlflix.com\/es\/wp-json\/wp\/v2\/product_brand?post=531340"},{"taxonomy":"product_cat","embeddable":true,"href":"https:\/\/my.stlflix.com\/es\/wp-json\/wp\/v2\/product_cat?post=531340"},{"taxonomy":"product_tag","embeddable":true,"href":"https:\/\/my.stlflix.com\/es\/wp-json\/wp\/v2\/product_tag?post=531340"}],"curies":[{"name":"wp","href":"https:\/\/api.w.org\/{rel}","templated":true}]}}