{"id":535025,"date":"2026-03-01T15:15:03","date_gmt":"2026-03-01T15:15:03","guid":{"rendered":"https:\/\/my.stlflix.com\/?post_type=product&#038;p=535025"},"modified":"2026-03-01T15:21:16","modified_gmt":"2026-03-01T15:21:16","slug":"coelho-canelado-com-ovo","status":"publish","type":"product","link":"https:\/\/my.stlflix.com\/es\/product\/coelho-canelado-com-ovo\/","title":{"rendered":"Coelho Canelado com Ovo"},"content":{"rendered":"<p><strong>Coelho Canelado Elegante Segurando um Ovo \u2728<\/strong>\u00a0Um modelo 3D sofisticado e texturizado, projetado para trazer um visual de designer premium \u00e0 sua decora\u00e7\u00e3o de P\u00e1scoa e Primavera. \ud83d\udc30\ud83e\udd5a<\/p>\n<p><strong>Vis\u00e3o Geral \ud83d\udca1<\/strong>\u00a0Este Coelho Canelado com Ovo \u00e9 a pe\u00e7a central perfeita para uma casa moderna. Como parte da cole\u00e7\u00e3o &#8220;The Honest Shelf&#8221;, ele se concentra em linhas limpas e superf\u00edcies t\u00e1teis. A ic\u00f4nica textura canelada cria um belo jogo de luz e sombra, fazendo com que pare\u00e7a uma pe\u00e7a de cer\u00e2mica de alta qualidade em vez de uma simples impress\u00e3o 3D. Ele fica perfeitamente est\u00e1vel sobre os pr\u00f3prios p\u00e9s \u2014 sem necessidade de base, apenas design puro e minimalista.<\/p>\n<p><strong>Por que voc\u00ea vai amar esta impress\u00e3o: \ud83d\ude4c<\/strong><\/p>\n<ul>\n<li><strong>Vibe Ic\u00f4nica de P\u00e1scoa:<\/strong>\u00a0O coelho segurando o ovo \u00e9 um s\u00edmbolo atemporal, reimaginado em um estilo moderno e canelado. \ud83c\udf37<\/li>\n<li><strong>Amig\u00e1vel ao Filamento:<\/strong>\u00a0Alto impacto com baixo uso de material. Fica deslumbrante em qualquer cor, especialmente em PLA Fosco ou Seda. \ud83c\udf0d<\/li>\n<li><strong>A Geometria &#8220;Honesta&#8221;:<\/strong>\u00a0Perfeitamente equilibrado para ficar de p\u00e9 sem bases bambas. \ud83d\udccf<\/li>\n<li><strong>Estilo Instant\u00e2neo:<\/strong>\u00a0Transforme sua mesa, prateleira ou lareira instantaneamente com este Vol. 26. \u26a1<\/li>\n<\/ul>\n<p>&nbsp;<\/p>\n","protected":false},"excerpt":{"rendered":"<p>Coelho Canelado Elegante Segurando um Ovo \u2728\u00a0Um modelo 3D sofisticado e texturizado, projetado para trazer um visual de designer premium \u00e0 sua decora\u00e7\u00e3o de P\u00e1scoa e Primavera. \ud83d\udc30\ud83e\udd5a Vis\u00e3o Geral \ud83d\udca1\u00a0Este Coelho Canelado com Ovo \u00e9 a pe\u00e7a central perfeita para uma casa moderna. Como parte da cole\u00e7\u00e3o &#8220;The Honest Shelf&#8221;, ele se concentra em [&hellip;]<\/p>\n","protected":false},"featured_media":535031,"comment_status":"open","ping_status":"closed","template":"","meta":[],"product_brand":[],"product_cat":[15],"product_tag":[5584],"class_list":{"0":"post-535025","1":"product","2":"type-product","3":"status-publish","4":"has-post-thumbnail","6":"product_cat-uncategorized","7":"product_tag-pascoa","9":"first","10":"instock","11":"sale","12":"shipping-taxable","13":"purchasable","14":"product-type-simple"},"yoast_head":"<!-- This site is optimized with the Yoast SEO plugin v25.1 - https:\/\/yoast.com\/wordpress\/plugins\/seo\/ -->\n<title>Coelho Canelado com Ovo - SaturneLab<\/title>\n<meta name=\"robots\" content=\"index, follow, max-snippet:-1, max-image-preview:large, max-video-preview:-1\" \/>\n<link rel=\"canonical\" href=\"https:\/\/my.stlflix.com\/es\/product\/coelho-canelado-com-ovo\/\" \/>\n<meta property=\"og:locale\" content=\"es_ES\" \/>\n<meta property=\"og:type\" content=\"article\" \/>\n<meta property=\"og:title\" content=\"Coelho Canelado com Ovo - SaturneLab\" \/>\n<meta property=\"og:description\" content=\"Coelho Canelado Elegante Segurando um Ovo \u2728\u00a0Um modelo 3D sofisticado e texturizado, projetado para trazer um visual de designer premium \u00e0 sua decora\u00e7\u00e3o de P\u00e1scoa e Primavera. \ud83d\udc30\ud83e\udd5a Vis\u00e3o Geral \ud83d\udca1\u00a0Este Coelho Canelado com Ovo \u00e9 a pe\u00e7a central perfeita para uma casa moderna. Como parte da cole\u00e7\u00e3o &#8220;The Honest Shelf&#8221;, ele se concentra em [&hellip;]\" \/>\n<meta property=\"og:url\" content=\"https:\/\/my.stlflix.com\/es\/product\/coelho-canelado-com-ovo\/\" \/>\n<meta property=\"og:site_name\" content=\"MyStore - By STLFLIX\" \/>\n<meta property=\"article:publisher\" content=\"https:\/\/www.facebook.com\/STLFLIX\" \/>\n<meta property=\"article:modified_time\" content=\"2026-03-01T15:21:16+00:00\" \/>\n<meta property=\"og:image\" content=\"https:\/\/my.stlflix.com\/wp-content\/uploads\/2026\/03\/cropped-Bild-1-1024x769.png\" \/>\n\t<meta property=\"og:image:width\" content=\"1024\" \/>\n\t<meta property=\"og:image:height\" content=\"769\" \/>\n\t<meta property=\"og:image:type\" content=\"image\/png\" \/>\n<meta name=\"twitter:card\" content=\"summary_large_image\" \/>\n<meta name=\"twitter:label1\" content=\"Est. reading time\" \/>\n\t<meta name=\"twitter:data1\" content=\"1 minute\" \/>\n<script type=\"application\/ld+json\" class=\"yoast-schema-graph\">{\"@context\":\"https:\/\/schema.org\",\"@graph\":[{\"@type\":\"WebPage\",\"@id\":\"https:\/\/my.stlflix.com\/es\/product\/coelho-canelado-com-ovo\/\",\"url\":\"https:\/\/my.stlflix.com\/es\/product\/coelho-canelado-com-ovo\/\",\"name\":\"Coelho Canelado com Ovo - SaturneLab\",\"isPartOf\":{\"@id\":\"https:\/\/my.stlflix.com\/#website\"},\"primaryImageOfPage\":{\"@id\":\"https:\/\/my.stlflix.com\/es\/product\/coelho-canelado-com-ovo\/#primaryimage\"},\"image\":{\"@id\":\"https:\/\/my.stlflix.com\/es\/product\/coelho-canelado-com-ovo\/#primaryimage\"},\"thumbnailUrl\":\"https:\/\/my.stlflix.com\/wp-content\/uploads\/2026\/03\/cropped-Bild-1.png\",\"datePublished\":\"2026-03-01T15:15:03+00:00\",\"dateModified\":\"2026-03-01T15:21:16+00:00\",\"breadcrumb\":{\"@id\":\"https:\/\/my.stlflix.com\/es\/product\/coelho-canelado-com-ovo\/#breadcrumb\"},\"inLanguage\":\"es-ES\",\"potentialAction\":[{\"@type\":\"ReadAction\",\"target\":[\"https:\/\/my.stlflix.com\/es\/product\/coelho-canelado-com-ovo\/\"]}]},{\"@type\":\"ImageObject\",\"inLanguage\":\"es-ES\",\"@id\":\"https:\/\/my.stlflix.com\/es\/product\/coelho-canelado-com-ovo\/#primaryimage\",\"url\":\"https:\/\/my.stlflix.com\/wp-content\/uploads\/2026\/03\/cropped-Bild-1.png\",\"contentUrl\":\"https:\/\/my.stlflix.com\/wp-content\/uploads\/2026\/03\/cropped-Bild-1.png\",\"width\":1371,\"height\":1029},{\"@type\":\"BreadcrumbList\",\"@id\":\"https:\/\/my.stlflix.com\/es\/product\/coelho-canelado-com-ovo\/#breadcrumb\",\"itemListElement\":[{\"@type\":\"ListItem\",\"position\":1,\"name\":\"Home\",\"item\":\"https:\/\/www.stlflix-store.com\/\"},{\"@type\":\"ListItem\",\"position\":2,\"name\":\"Products\",\"item\":\"https:\/\/www.stlflix-store.com\/shop\/\"},{\"@type\":\"ListItem\",\"position\":3,\"name\":\"Coelho Canelado com Ovo\"}]},{\"@type\":\"WebSite\",\"@id\":\"https:\/\/my.stlflix.com\/#website\",\"url\":\"https:\/\/my.stlflix.com\/\",\"name\":\"MyStore - By STLFLIX\",\"description\":\"\",\"publisher\":{\"@id\":\"https:\/\/my.stlflix.com\/#organization\"},\"potentialAction\":[{\"@type\":\"SearchAction\",\"target\":{\"@type\":\"EntryPoint\",\"urlTemplate\":\"https:\/\/my.stlflix.com\/?s={search_term_string}\"},\"query-input\":{\"@type\":\"PropertyValueSpecification\",\"valueRequired\":true,\"valueName\":\"search_term_string\"}}],\"inLanguage\":\"es-ES\"},{\"@type\":\"Organization\",\"@id\":\"https:\/\/my.stlflix.com\/#organization\",\"name\":\"MyStore - By STLFLIX\",\"url\":\"https:\/\/my.stlflix.com\/\",\"logo\":{\"@type\":\"ImageObject\",\"inLanguage\":\"es-ES\",\"@id\":\"https:\/\/my.stlflix.com\/#\/schema\/logo\/image\/\",\"url\":\"https:\/\/my.stlflix.com\/wp-content\/uploads\/2024\/06\/logo-mystore.png\",\"contentUrl\":\"https:\/\/my.stlflix.com\/wp-content\/uploads\/2024\/06\/logo-mystore.png\",\"width\":150,\"height\":41,\"caption\":\"MyStore - By STLFLIX\"},\"image\":{\"@id\":\"https:\/\/my.stlflix.com\/#\/schema\/logo\/image\/\"},\"sameAs\":[\"https:\/\/www.facebook.com\/STLFLIX\",\"https:\/\/www.instagram.com\/stlflix_\/\",\"https:\/\/www.tiktok.com\/@stlflix\"]}]}<\/script>\n<!-- \/ Yoast SEO plugin. -->","yoast_head_json":{"title":"Coelho Canelado com Ovo - SaturneLab","robots":{"index":"index","follow":"follow","max-snippet":"max-snippet:-1","max-image-preview":"max-image-preview:large","max-video-preview":"max-video-preview:-1"},"canonical":"https:\/\/my.stlflix.com\/es\/product\/coelho-canelado-com-ovo\/","og_locale":"es_ES","og_type":"article","og_title":"Coelho Canelado com Ovo - SaturneLab","og_description":"Coelho Canelado Elegante Segurando um Ovo \u2728\u00a0Um modelo 3D sofisticado e texturizado, projetado para trazer um visual de designer premium \u00e0 sua decora\u00e7\u00e3o de P\u00e1scoa e Primavera. \ud83d\udc30\ud83e\udd5a Vis\u00e3o Geral \ud83d\udca1\u00a0Este Coelho Canelado com Ovo \u00e9 a pe\u00e7a central perfeita para uma casa moderna. Como parte da cole\u00e7\u00e3o &#8220;The Honest Shelf&#8221;, ele se concentra em [&hellip;]","og_url":"https:\/\/my.stlflix.com\/es\/product\/coelho-canelado-com-ovo\/","og_site_name":"MyStore - By STLFLIX","article_publisher":"https:\/\/www.facebook.com\/STLFLIX","article_modified_time":"2026-03-01T15:21:16+00:00","og_image":[{"width":1024,"height":769,"url":"https:\/\/my.stlflix.com\/wp-content\/uploads\/2026\/03\/cropped-Bild-1-1024x769.png","type":"image\/png"}],"twitter_card":"summary_large_image","twitter_misc":{"Est. reading time":"1 minute"},"schema":{"@context":"https:\/\/schema.org","@graph":[{"@type":"WebPage","@id":"https:\/\/my.stlflix.com\/es\/product\/coelho-canelado-com-ovo\/","url":"https:\/\/my.stlflix.com\/es\/product\/coelho-canelado-com-ovo\/","name":"Coelho Canelado com Ovo - SaturneLab","isPartOf":{"@id":"https:\/\/my.stlflix.com\/#website"},"primaryImageOfPage":{"@id":"https:\/\/my.stlflix.com\/es\/product\/coelho-canelado-com-ovo\/#primaryimage"},"image":{"@id":"https:\/\/my.stlflix.com\/es\/product\/coelho-canelado-com-ovo\/#primaryimage"},"thumbnailUrl":"https:\/\/my.stlflix.com\/wp-content\/uploads\/2026\/03\/cropped-Bild-1.png","datePublished":"2026-03-01T15:15:03+00:00","dateModified":"2026-03-01T15:21:16+00:00","breadcrumb":{"@id":"https:\/\/my.stlflix.com\/es\/product\/coelho-canelado-com-ovo\/#breadcrumb"},"inLanguage":"es-ES","potentialAction":[{"@type":"ReadAction","target":["https:\/\/my.stlflix.com\/es\/product\/coelho-canelado-com-ovo\/"]}]},{"@type":"ImageObject","inLanguage":"es-ES","@id":"https:\/\/my.stlflix.com\/es\/product\/coelho-canelado-com-ovo\/#primaryimage","url":"https:\/\/my.stlflix.com\/wp-content\/uploads\/2026\/03\/cropped-Bild-1.png","contentUrl":"https:\/\/my.stlflix.com\/wp-content\/uploads\/2026\/03\/cropped-Bild-1.png","width":1371,"height":1029},{"@type":"BreadcrumbList","@id":"https:\/\/my.stlflix.com\/es\/product\/coelho-canelado-com-ovo\/#breadcrumb","itemListElement":[{"@type":"ListItem","position":1,"name":"Home","item":"https:\/\/www.stlflix-store.com\/"},{"@type":"ListItem","position":2,"name":"Products","item":"https:\/\/www.stlflix-store.com\/shop\/"},{"@type":"ListItem","position":3,"name":"Coelho Canelado com Ovo"}]},{"@type":"WebSite","@id":"https:\/\/my.stlflix.com\/#website","url":"https:\/\/my.stlflix.com\/","name":"MyStore - By STLFLIX","description":"","publisher":{"@id":"https:\/\/my.stlflix.com\/#organization"},"potentialAction":[{"@type":"SearchAction","target":{"@type":"EntryPoint","urlTemplate":"https:\/\/my.stlflix.com\/?s={search_term_string}"},"query-input":{"@type":"PropertyValueSpecification","valueRequired":true,"valueName":"search_term_string"}}],"inLanguage":"es-ES"},{"@type":"Organization","@id":"https:\/\/my.stlflix.com\/#organization","name":"MyStore - By STLFLIX","url":"https:\/\/my.stlflix.com\/","logo":{"@type":"ImageObject","inLanguage":"es-ES","@id":"https:\/\/my.stlflix.com\/#\/schema\/logo\/image\/","url":"https:\/\/my.stlflix.com\/wp-content\/uploads\/2024\/06\/logo-mystore.png","contentUrl":"https:\/\/my.stlflix.com\/wp-content\/uploads\/2024\/06\/logo-mystore.png","width":150,"height":41,"caption":"MyStore - By STLFLIX"},"image":{"@id":"https:\/\/my.stlflix.com\/#\/schema\/logo\/image\/"},"sameAs":["https:\/\/www.facebook.com\/STLFLIX","https:\/\/www.instagram.com\/stlflix_\/","https:\/\/www.tiktok.com\/@stlflix"]}]}},"_links":{"self":[{"href":"https:\/\/my.stlflix.com\/es\/wp-json\/wp\/v2\/product\/535025","targetHints":{"allow":["GET"]}}],"collection":[{"href":"https:\/\/my.stlflix.com\/es\/wp-json\/wp\/v2\/product"}],"about":[{"href":"https:\/\/my.stlflix.com\/es\/wp-json\/wp\/v2\/types\/product"}],"replies":[{"embeddable":true,"href":"https:\/\/my.stlflix.com\/es\/wp-json\/wp\/v2\/comments?post=535025"}],"wp:featuredmedia":[{"embeddable":true,"href":"https:\/\/my.stlflix.com\/es\/wp-json\/wp\/v2\/media\/535031"}],"wp:attachment":[{"href":"https:\/\/my.stlflix.com\/es\/wp-json\/wp\/v2\/media?parent=535025"}],"wp:term":[{"taxonomy":"product_brand","embeddable":true,"href":"https:\/\/my.stlflix.com\/es\/wp-json\/wp\/v2\/product_brand?post=535025"},{"taxonomy":"product_cat","embeddable":true,"href":"https:\/\/my.stlflix.com\/es\/wp-json\/wp\/v2\/product_cat?post=535025"},{"taxonomy":"product_tag","embeddable":true,"href":"https:\/\/my.stlflix.com\/es\/wp-json\/wp\/v2\/product_tag?post=535025"}],"curies":[{"name":"wp","href":"https:\/\/api.w.org\/{rel}","templated":true}]}}