{"id":538029,"date":"2026-03-04T20:01:18","date_gmt":"2026-03-04T20:01:18","guid":{"rendered":"https:\/\/my.stlflix.com\/?post_type=product&#038;p=538029"},"modified":"2026-03-22T14:03:22","modified_gmt":"2026-03-22T14:03:22","slug":"dice-tower-le-chene-des-murmures","status":"publish","type":"product","link":"https:\/\/my.stlflix.com\/es\/product\/dice-tower-le-chene-des-murmures\/","title":{"rendered":"Dice tower Le ch\u00eane des murmures"},"content":{"rendered":"<p id=\"readme-content\" class=\"text-body-1 [overflow-wrap:anywhere] whitespace-pre-line\"><span dir=\"auto\" style=\"vertical-align: inherit\"><span dir=\"auto\" style=\"vertical-align: inherit\"><span dir=\"auto\" style=\"vertical-align: inherit\"><span dir=\"auto\" style=\"vertical-align: inherit\"><span dir=\"auto\" style=\"vertical-align: inherit\"><span dir=\"auto\" style=\"vertical-align: inherit\">Au c\u0153ur d&#8217;une for\u00eat oubli\u00e9e se dresse un arbre ancien\u2026 noueux, sombre, presque vivant. Le Ch\u00eane des Murmures n&#8217;est pas une simple tour \u00e0 d\u00e9s : c&#8217;est une relique. R\u00e9alis\u00e9e artisanalement, cette tour \u00e0 d\u00e9s prend la forme d&#8217;un arbre d\u00e9moniaque dont les branches semblent invoquer les forces obscures. Un visage spectral se devine dans l&#8217;\u00e9corce, comme si l&#8217;esprit de la for\u00eat observait silencieusement chaque lancer.<\/span><\/span><\/span><\/span><\/span><\/span><span dir=\"auto\" style=\"vertical-align: inherit\"><span dir=\"auto\" style=\"vertical-align: inherit\"><span dir=\"auto\" style=\"vertical-align: inherit\"><span dir=\"auto\" style=\"vertical-align: inherit\"> \ud83c\udfb2<\/span><\/span><\/span><\/span><span dir=\"auto\" style=\"vertical-align: inherit\"><span dir=\"auto\" style=\"vertical-align: inherit\"><span dir=\"auto\" style=\"vertical-align: inherit\"><span dir=\"auto\" style=\"vertical-align: inherit\"><span dir=\"auto\" style=\"vertical-align: inherit\"><span dir=\"auto\" style=\"vertical-align: inherit\"> Une immersion totale Les d\u00e9s sont introduits au sommet du tronc et d\u00e9valent un syst\u00e8me interne de chicanes assurant un lancer parfaitement al\u00e9atoire, avant d&#8217;appara\u00eetre \u00e0 la base de l&#8217;arbre, comme lib\u00e9r\u00e9s d&#8217;un rituel ancien.<\/span><\/span><\/span><\/span><\/span><\/span><span dir=\"auto\" style=\"vertical-align: inherit\"><span dir=\"auto\" style=\"vertical-align: inherit\"><span dir=\"auto\" style=\"vertical-align: inherit\"><span dir=\"auto\" style=\"vertical-align: inherit\"> \ud83c\udf11<\/span><\/span><\/span><\/span><span dir=\"auto\" style=\"vertical-align: inherit\"><span dir=\"auto\" style=\"vertical-align: inherit\"><span dir=\"auto\" style=\"vertical-align: inherit\"><span dir=\"auto\" style=\"vertical-align: inherit\"><span dir=\"auto\" style=\"vertical-align: inherit\"><span dir=\"auto\" style=\"vertical-align: inherit\"> Id\u00e9ale pour : Jeux de r\u00f4le (univers dark fantasy, m\u00e9di\u00e9val, gothique) Ma\u00eetres du Jeu souhaitant renforcer l&#8217;ambiance Jeux de soci\u00e9t\u00e9 immersifs Tables \u00e0 th\u00e8me horreur ou fantastique Collectionneurs de pi\u00e8ces originales 20 cm de haut 12 de large<\/span><\/span><\/span><\/span><\/span><\/span><\/p>\n<p><button class=\"mt-lg text-body-1-link font-semi-bold underline\" aria-expanded=\"true\"><span dir=\"auto\" style=\"vertical-align: inherit\"><span dir=\"auto\" style=\"vertical-align: inherit\"><span dir=\"auto\" style=\"vertical-align: inherit\"><span dir=\"auto\" style=\"vertical-align: inherit\"><span dir=\"auto\" style=\"vertical-align: inherit\"><span dir=\"auto\" style=\"vertical-align: inherit\">Voir moins<\/span><\/span><\/span><\/span><\/span><\/span><\/button><\/p>\n","protected":false},"excerpt":{"rendered":"<p>Au c\u0153ur d&#8217;une for\u00eat oubli\u00e9e se dresse un arbre ancien\u2026 noueux, sombre, presque vivant. Le Ch\u00eane des Murmures n&#8217;est pas une simple tour \u00e0 d\u00e9s : c&#8217;est une relique. R\u00e9alis\u00e9e artisanalement, cette tour \u00e0 d\u00e9s prend la forme d&#8217;un arbre d\u00e9moniaque dont les branches semblent invoquer les forces obscures. Un visage spectral se devine dans [&hellip;]<\/p>\n","protected":false},"featured_media":538035,"comment_status":"open","ping_status":"closed","template":"","meta":[],"product_brand":[],"product_cat":[15],"product_tag":[792,7370],"class_list":{"0":"post-538029","1":"product","2":"type-product","3":"status-publish","4":"has-post-thumbnail","6":"product_cat-uncategorized","7":"product_tag-accessories-for-gamers","8":"product_tag-dicetower","10":"first","11":"instock","12":"taxable","13":"shipping-taxable","14":"purchasable","15":"product-type-simple"},"yoast_head":"<!-- This site is optimized with the Yoast SEO plugin v25.1 - https:\/\/yoast.com\/wordpress\/plugins\/seo\/ -->\n<title>Dice tower Le ch\u00eane des murmures - MyStore - By STLFLIX<\/title>\n<meta name=\"robots\" content=\"index, follow, max-snippet:-1, max-image-preview:large, max-video-preview:-1\" \/>\n<link rel=\"canonical\" href=\"https:\/\/my.stlflix.com\/product\/dice-tower-le-chene-des-murmures\/\" \/>\n<meta property=\"og:locale\" content=\"es_ES\" \/>\n<meta property=\"og:type\" content=\"article\" \/>\n<meta property=\"og:title\" content=\"Dice tower Le ch\u00eane des murmures - MyStore - By STLFLIX\" \/>\n<meta property=\"og:description\" content=\"Au c\u0153ur d&#8217;une for\u00eat oubli\u00e9e se dresse un arbre ancien\u2026 noueux, sombre, presque vivant. Le Ch\u00eane des Murmures n&#8217;est pas une simple tour \u00e0 d\u00e9s : c&#8217;est une relique. R\u00e9alis\u00e9e artisanalement, cette tour \u00e0 d\u00e9s prend la forme d&#8217;un arbre d\u00e9moniaque dont les branches semblent invoquer les forces obscures. Un visage spectral se devine dans [&hellip;]\" \/>\n<meta property=\"og:url\" content=\"https:\/\/my.stlflix.com\/product\/dice-tower-le-chene-des-murmures\/\" \/>\n<meta property=\"og:site_name\" content=\"MyStore - By STLFLIX\" \/>\n<meta property=\"article:publisher\" content=\"https:\/\/www.facebook.com\/STLFLIX\" \/>\n<meta property=\"article:modified_time\" content=\"2026-03-22T14:03:22+00:00\" \/>\n<meta property=\"og:image\" content=\"https:\/\/my.stlflix.com\/wp-content\/uploads\/2026\/03\/cropped-IMG_20260222_204059-scaled-1.jpg\" \/>\n\t<meta property=\"og:image:width\" content=\"1713\" \/>\n\t<meta property=\"og:image:height\" content=\"2558\" \/>\n\t<meta property=\"og:image:type\" content=\"image\/jpeg\" \/>\n<meta name=\"twitter:card\" content=\"summary_large_image\" \/>\n<meta name=\"twitter:label1\" content=\"Est. reading time\" \/>\n\t<meta name=\"twitter:data1\" content=\"1 minute\" \/>\n<script type=\"application\/ld+json\" class=\"yoast-schema-graph\">{\"@context\":\"https:\/\/schema.org\",\"@graph\":[{\"@type\":\"WebPage\",\"@id\":\"https:\/\/my.stlflix.com\/product\/dice-tower-le-chene-des-murmures\/\",\"url\":\"https:\/\/my.stlflix.com\/product\/dice-tower-le-chene-des-murmures\/\",\"name\":\"Dice tower Le ch\u00eane des murmures - MyStore - By STLFLIX\",\"isPartOf\":{\"@id\":\"https:\/\/my.stlflix.com\/#website\"},\"primaryImageOfPage\":{\"@id\":\"https:\/\/my.stlflix.com\/product\/dice-tower-le-chene-des-murmures\/#primaryimage\"},\"image\":{\"@id\":\"https:\/\/my.stlflix.com\/product\/dice-tower-le-chene-des-murmures\/#primaryimage\"},\"thumbnailUrl\":\"https:\/\/my.stlflix.com\/wp-content\/uploads\/2026\/03\/cropped-IMG_20260222_204059-scaled-1.jpg\",\"datePublished\":\"2026-03-04T20:01:18+00:00\",\"dateModified\":\"2026-03-22T14:03:22+00:00\",\"breadcrumb\":{\"@id\":\"https:\/\/my.stlflix.com\/product\/dice-tower-le-chene-des-murmures\/#breadcrumb\"},\"inLanguage\":\"es-ES\",\"potentialAction\":[{\"@type\":\"ReadAction\",\"target\":[\"https:\/\/my.stlflix.com\/product\/dice-tower-le-chene-des-murmures\/\"]}]},{\"@type\":\"ImageObject\",\"inLanguage\":\"es-ES\",\"@id\":\"https:\/\/my.stlflix.com\/product\/dice-tower-le-chene-des-murmures\/#primaryimage\",\"url\":\"https:\/\/my.stlflix.com\/wp-content\/uploads\/2026\/03\/cropped-IMG_20260222_204059-scaled-1.jpg\",\"contentUrl\":\"https:\/\/my.stlflix.com\/wp-content\/uploads\/2026\/03\/cropped-IMG_20260222_204059-scaled-1.jpg\",\"width\":1713,\"height\":2558},{\"@type\":\"BreadcrumbList\",\"@id\":\"https:\/\/my.stlflix.com\/product\/dice-tower-le-chene-des-murmures\/#breadcrumb\",\"itemListElement\":[{\"@type\":\"ListItem\",\"position\":1,\"name\":\"Home\",\"item\":\"https:\/\/www.stlflix-store.com\/\"},{\"@type\":\"ListItem\",\"position\":2,\"name\":\"Products\",\"item\":\"https:\/\/www.stlflix-store.com\/shop\/\"},{\"@type\":\"ListItem\",\"position\":3,\"name\":\"Dice tower Le ch\u00eane des murmures\"}]},{\"@type\":\"WebSite\",\"@id\":\"https:\/\/my.stlflix.com\/#website\",\"url\":\"https:\/\/my.stlflix.com\/\",\"name\":\"MyStore - By STLFLIX\",\"description\":\"\",\"publisher\":{\"@id\":\"https:\/\/my.stlflix.com\/#organization\"},\"potentialAction\":[{\"@type\":\"SearchAction\",\"target\":{\"@type\":\"EntryPoint\",\"urlTemplate\":\"https:\/\/my.stlflix.com\/?s={search_term_string}\"},\"query-input\":{\"@type\":\"PropertyValueSpecification\",\"valueRequired\":true,\"valueName\":\"search_term_string\"}}],\"inLanguage\":\"es-ES\"},{\"@type\":\"Organization\",\"@id\":\"https:\/\/my.stlflix.com\/#organization\",\"name\":\"MyStore - By STLFLIX\",\"url\":\"https:\/\/my.stlflix.com\/\",\"logo\":{\"@type\":\"ImageObject\",\"inLanguage\":\"es-ES\",\"@id\":\"https:\/\/my.stlflix.com\/#\/schema\/logo\/image\/\",\"url\":\"https:\/\/my.stlflix.com\/wp-content\/uploads\/2024\/06\/logo-mystore.png\",\"contentUrl\":\"https:\/\/my.stlflix.com\/wp-content\/uploads\/2024\/06\/logo-mystore.png\",\"width\":150,\"height\":41,\"caption\":\"MyStore - By STLFLIX\"},\"image\":{\"@id\":\"https:\/\/my.stlflix.com\/#\/schema\/logo\/image\/\"},\"sameAs\":[\"https:\/\/www.facebook.com\/STLFLIX\",\"https:\/\/www.instagram.com\/stlflix_\/\",\"https:\/\/www.tiktok.com\/@stlflix\"]}]}<\/script>\n<!-- \/ Yoast SEO plugin. -->","yoast_head_json":{"title":"Dice tower Le ch\u00eane des murmures - MyStore - By STLFLIX","robots":{"index":"index","follow":"follow","max-snippet":"max-snippet:-1","max-image-preview":"max-image-preview:large","max-video-preview":"max-video-preview:-1"},"canonical":"https:\/\/my.stlflix.com\/product\/dice-tower-le-chene-des-murmures\/","og_locale":"es_ES","og_type":"article","og_title":"Dice tower Le ch\u00eane des murmures - MyStore - By STLFLIX","og_description":"Au c\u0153ur d&#8217;une for\u00eat oubli\u00e9e se dresse un arbre ancien\u2026 noueux, sombre, presque vivant. Le Ch\u00eane des Murmures n&#8217;est pas une simple tour \u00e0 d\u00e9s : c&#8217;est une relique. R\u00e9alis\u00e9e artisanalement, cette tour \u00e0 d\u00e9s prend la forme d&#8217;un arbre d\u00e9moniaque dont les branches semblent invoquer les forces obscures. Un visage spectral se devine dans [&hellip;]","og_url":"https:\/\/my.stlflix.com\/product\/dice-tower-le-chene-des-murmures\/","og_site_name":"MyStore - By STLFLIX","article_publisher":"https:\/\/www.facebook.com\/STLFLIX","article_modified_time":"2026-03-22T14:03:22+00:00","og_image":[{"width":1713,"height":2558,"url":"https:\/\/my.stlflix.com\/wp-content\/uploads\/2026\/03\/cropped-IMG_20260222_204059-scaled-1.jpg","type":"image\/jpeg"}],"twitter_card":"summary_large_image","twitter_misc":{"Est. reading time":"1 minute"},"schema":{"@context":"https:\/\/schema.org","@graph":[{"@type":"WebPage","@id":"https:\/\/my.stlflix.com\/product\/dice-tower-le-chene-des-murmures\/","url":"https:\/\/my.stlflix.com\/product\/dice-tower-le-chene-des-murmures\/","name":"Dice tower Le ch\u00eane des murmures - MyStore - By STLFLIX","isPartOf":{"@id":"https:\/\/my.stlflix.com\/#website"},"primaryImageOfPage":{"@id":"https:\/\/my.stlflix.com\/product\/dice-tower-le-chene-des-murmures\/#primaryimage"},"image":{"@id":"https:\/\/my.stlflix.com\/product\/dice-tower-le-chene-des-murmures\/#primaryimage"},"thumbnailUrl":"https:\/\/my.stlflix.com\/wp-content\/uploads\/2026\/03\/cropped-IMG_20260222_204059-scaled-1.jpg","datePublished":"2026-03-04T20:01:18+00:00","dateModified":"2026-03-22T14:03:22+00:00","breadcrumb":{"@id":"https:\/\/my.stlflix.com\/product\/dice-tower-le-chene-des-murmures\/#breadcrumb"},"inLanguage":"es-ES","potentialAction":[{"@type":"ReadAction","target":["https:\/\/my.stlflix.com\/product\/dice-tower-le-chene-des-murmures\/"]}]},{"@type":"ImageObject","inLanguage":"es-ES","@id":"https:\/\/my.stlflix.com\/product\/dice-tower-le-chene-des-murmures\/#primaryimage","url":"https:\/\/my.stlflix.com\/wp-content\/uploads\/2026\/03\/cropped-IMG_20260222_204059-scaled-1.jpg","contentUrl":"https:\/\/my.stlflix.com\/wp-content\/uploads\/2026\/03\/cropped-IMG_20260222_204059-scaled-1.jpg","width":1713,"height":2558},{"@type":"BreadcrumbList","@id":"https:\/\/my.stlflix.com\/product\/dice-tower-le-chene-des-murmures\/#breadcrumb","itemListElement":[{"@type":"ListItem","position":1,"name":"Home","item":"https:\/\/www.stlflix-store.com\/"},{"@type":"ListItem","position":2,"name":"Products","item":"https:\/\/www.stlflix-store.com\/shop\/"},{"@type":"ListItem","position":3,"name":"Dice tower Le ch\u00eane des murmures"}]},{"@type":"WebSite","@id":"https:\/\/my.stlflix.com\/#website","url":"https:\/\/my.stlflix.com\/","name":"MyStore - By STLFLIX","description":"","publisher":{"@id":"https:\/\/my.stlflix.com\/#organization"},"potentialAction":[{"@type":"SearchAction","target":{"@type":"EntryPoint","urlTemplate":"https:\/\/my.stlflix.com\/?s={search_term_string}"},"query-input":{"@type":"PropertyValueSpecification","valueRequired":true,"valueName":"search_term_string"}}],"inLanguage":"es-ES"},{"@type":"Organization","@id":"https:\/\/my.stlflix.com\/#organization","name":"MyStore - By STLFLIX","url":"https:\/\/my.stlflix.com\/","logo":{"@type":"ImageObject","inLanguage":"es-ES","@id":"https:\/\/my.stlflix.com\/#\/schema\/logo\/image\/","url":"https:\/\/my.stlflix.com\/wp-content\/uploads\/2024\/06\/logo-mystore.png","contentUrl":"https:\/\/my.stlflix.com\/wp-content\/uploads\/2024\/06\/logo-mystore.png","width":150,"height":41,"caption":"MyStore - By STLFLIX"},"image":{"@id":"https:\/\/my.stlflix.com\/#\/schema\/logo\/image\/"},"sameAs":["https:\/\/www.facebook.com\/STLFLIX","https:\/\/www.instagram.com\/stlflix_\/","https:\/\/www.tiktok.com\/@stlflix"]}]}},"_links":{"self":[{"href":"https:\/\/my.stlflix.com\/es\/wp-json\/wp\/v2\/product\/538029","targetHints":{"allow":["GET"]}}],"collection":[{"href":"https:\/\/my.stlflix.com\/es\/wp-json\/wp\/v2\/product"}],"about":[{"href":"https:\/\/my.stlflix.com\/es\/wp-json\/wp\/v2\/types\/product"}],"replies":[{"embeddable":true,"href":"https:\/\/my.stlflix.com\/es\/wp-json\/wp\/v2\/comments?post=538029"}],"wp:featuredmedia":[{"embeddable":true,"href":"https:\/\/my.stlflix.com\/es\/wp-json\/wp\/v2\/media\/538035"}],"wp:attachment":[{"href":"https:\/\/my.stlflix.com\/es\/wp-json\/wp\/v2\/media?parent=538029"}],"wp:term":[{"taxonomy":"product_brand","embeddable":true,"href":"https:\/\/my.stlflix.com\/es\/wp-json\/wp\/v2\/product_brand?post=538029"},{"taxonomy":"product_cat","embeddable":true,"href":"https:\/\/my.stlflix.com\/es\/wp-json\/wp\/v2\/product_cat?post=538029"},{"taxonomy":"product_tag","embeddable":true,"href":"https:\/\/my.stlflix.com\/es\/wp-json\/wp\/v2\/product_tag?post=538029"}],"curies":[{"name":"wp","href":"https:\/\/api.w.org\/{rel}","templated":true}]}}