{"id":547807,"date":"2026-03-15T16:30:33","date_gmt":"2026-03-15T16:30:33","guid":{"rendered":"https:\/\/my.stlflix.com\/?post_type=product&#038;p=547807"},"modified":"2026-03-22T13:59:43","modified_gmt":"2026-03-22T13:59:43","slug":"bloc-livre-mimic-non-peinte","status":"publish","type":"product","link":"https:\/\/my.stlflix.com\/es\/product\/bloc-livre-mimic-non-peinte\/","title":{"rendered":"Bloc-Livre \u201cMimic\u201d NON PEINTE"},"content":{"rendered":"<p><span dir=\"auto\" style=\"vertical-align: inherit\"><span dir=\"auto\" style=\"vertical-align: inherit\"><span dir=\"auto\" style=\"vertical-align: inherit\"><span dir=\"auto\" style=\"vertical-align: inherit\">Bloc-Livre \u00ab Mimic \u00bb \u2014 Objet d\u00e9coratif horrifique peint \u00e0 la main<\/span><\/span><\/span><\/span><\/p>\n<p><span dir=\"auto\" style=\"vertical-align: inherit\"><span dir=\"auto\" style=\"vertical-align: inherit\"><span dir=\"auto\" style=\"vertical-align: inherit\"><span dir=\"auto\" style=\"vertical-align: inherit\">Transformez votre biblioth\u00e8que avec ce bloc-livre \u00ab Mimic \u00bb terrifiant et ultra-r\u00e9aliste ! <\/span><\/span><\/span><\/span><br \/>\n<span dir=\"auto\" style=\"vertical-align: inherit\"><span dir=\"auto\" style=\"vertical-align: inherit\"><span dir=\"auto\" style=\"vertical-align: inherit\"><span dir=\"auto\" style=\"vertical-align: inherit\">Enti\u00e8rement peint \u00e0 la main, il reproduit l&#8217;aspect d&#8217;un grimoire vivant : dents apparentes, langue d\u00e9mesur\u00e9e, texture organique\u2026 Un accessoire glac\u00e9 parfait pour les fans de fantasy sombre, de D&amp;D, de jeux de r\u00f4le, ou pour une d\u00e9co d&#8217;int\u00e9rieur macabre.<\/span><\/span><\/span><\/span><\/p>\n<p><span dir=\"auto\" style=\"vertical-align: inherit\"><span dir=\"auto\" style=\"vertical-align: inherit\"><span dir=\"auto\" style=\"vertical-align: inherit\"><span dir=\"auto\" style=\"vertical-align: inherit\">\u2728 Caract\u00e9ristiques :<\/span><\/span><\/span><\/span><\/p>\n<p><span dir=\"auto\" style=\"vertical-align: inherit\"><span dir=\"auto\" style=\"vertical-align: inherit\"><span dir=\"auto\" style=\"vertical-align: inherit\"><span dir=\"auto\" style=\"vertical-align: inherit\">Mat\u00e9riau : PLA de haute qualit\u00e9 (impression 3D), r\u00e9sistant et l\u00e9ger<\/span><\/span><\/span><\/span><\/p>\n<p><span dir=\"auto\" style=\"vertical-align: inherit\"><span dir=\"auto\" style=\"vertical-align: inherit\"><span dir=\"auto\" style=\"vertical-align: inherit\"><span dir=\"auto\" style=\"vertical-align: inherit\">Peinture : Finition r\u00e9aliste, d\u00e9tails organiques et effets vieillis<\/span><\/span><\/span><\/span><\/p>\n<p><span dir=\"auto\" style=\"vertical-align: inherit\"><span dir=\"auto\" style=\"vertical-align: inherit\"><span dir=\"auto\" style=\"vertical-align: inherit\"><span dir=\"auto\" style=\"vertical-align: inherit\">\u00c9l\u00e9ments : Dents sculpt\u00e9es, grande langue, texture \u00ab chaise \u00bb<\/span><\/span><\/span><\/span><\/p>\n<p><span dir=\"auto\" style=\"vertical-align: inherit\"><span dir=\"auto\" style=\"vertical-align: inherit\"><span dir=\"auto\" style=\"vertical-align: inherit\"><span dir=\"auto\" style=\"vertical-align: inherit\">Fait main par OtterCraft \ud83e\udda6<\/span><\/span><\/span><\/span><\/p>\n<p><span dir=\"auto\" style=\"vertical-align: inherit\"><span dir=\"auto\" style=\"vertical-align: inherit\"><span dir=\"auto\" style=\"vertical-align: inherit\"><span dir=\"auto\" style=\"vertical-align: inherit\">\ud83c\udf81 Id\u00e9al pour :<\/span><\/span><\/span><\/span><\/p>\n<p><span dir=\"auto\" style=\"vertical-align: inherit\"><span dir=\"auto\" style=\"vertical-align: inherit\"><span dir=\"auto\" style=\"vertical-align: inherit\"><span dir=\"auto\" style=\"vertical-align: inherit\">D\u00e9coration de biblioth\u00e8que ou \u00e9tag\u00e8re<\/span><\/span><\/span><\/span><\/p>\n<p><span dir=\"auto\" style=\"vertical-align: inherit\"><span dir=\"auto\" style=\"vertical-align: inherit\"><span dir=\"auto\" style=\"vertical-align: inherit\"><span dir=\"auto\" style=\"vertical-align: inherit\">Cadeau pour r\u00f4liste, MJ ou fan d&#8217;horreur<\/span><\/span><\/span><\/span><\/p>\n<p><span dir=\"auto\" style=\"vertical-align: inherit\"><span dir=\"auto\" style=\"vertical-align: inherit\"><span dir=\"auto\" style=\"vertical-align: inherit\"><span dir=\"auto\" style=\"vertical-align: inherit\">Accessoire immersif pour vos soir\u00e9es de JDR<\/span><\/span><\/span><\/span><\/p>\n<p><span dir=\"auto\" style=\"vertical-align: inherit\"><span dir=\"auto\" style=\"vertical-align: inherit\"><span dir=\"auto\" style=\"vertical-align: inherit\"><span dir=\"auto\" style=\"vertical-align: inherit\">Halloween \/ collection d&#8217;objets \u00e9tranges<\/span><\/span><\/span><\/span><\/p>\n<p><span dir=\"auto\" style=\"vertical-align: inherit\"><span dir=\"auto\" style=\"vertical-align: inherit\"><span dir=\"auto\" style=\"vertical-align: inherit\"><span dir=\"auto\" style=\"vertical-align: inherit\">\ud83d\udcac Notes :<\/span><\/span><\/span><\/span><\/p>\n<p><span dir=\"auto\" style=\"vertical-align: inherit\"><span dir=\"auto\" style=\"vertical-align: inherit\"><span dir=\"auto\" style=\"vertical-align: inherit\"><span dir=\"auto\" style=\"vertical-align: inherit\">cette annonce concerne l&#8217;article brut ( non peint) mais retrouvez ce nook book peint dans les annonces<\/span><\/span><\/span><\/span><\/p>\n","protected":false},"excerpt":{"rendered":"<p>Bloc-Livre \u00ab Mimic \u00bb \u2014 Objet d\u00e9coratif horrifique peint \u00e0 la main Transformez votre biblioth\u00e8que avec ce bloc-livre \u00ab Mimic \u00bb terrifiant et ultra-r\u00e9aliste ! Enti\u00e8rement peint \u00e0 la main, il reproduit l&#8217;aspect d&#8217;un grimoire vivant : dents apparentes, langue d\u00e9mesur\u00e9e, texture organique\u2026 Un accessoire glac\u00e9 parfait pour les fans de fantasy sombre, de D&amp;D, [&hellip;]<\/p>\n","protected":false},"featured_media":547808,"comment_status":"open","ping_status":"closed","template":"","meta":[],"product_brand":[],"product_cat":[15],"product_tag":[496,117],"class_list":{"0":"post-547807","1":"product","2":"type-product","3":"status-publish","4":"has-post-thumbnail","6":"product_cat-uncategorized","7":"product_tag-decoration","8":"product_tag-halloween","10":"first","11":"instock","12":"taxable","13":"shipping-taxable","14":"purchasable","15":"product-type-simple"},"yoast_head":"<!-- This site is optimized with the Yoast SEO plugin v25.1 - https:\/\/yoast.com\/wordpress\/plugins\/seo\/ -->\n<title>Bloc-Livre \u201cMimic\u201d NON PEINTE - MyStore - By STLFLIX<\/title>\n<meta name=\"robots\" content=\"index, follow, max-snippet:-1, max-image-preview:large, max-video-preview:-1\" \/>\n<link rel=\"canonical\" href=\"https:\/\/my.stlflix.com\/product\/bloc-livre-mimic-non-peinte\/\" \/>\n<meta property=\"og:locale\" content=\"es_ES\" \/>\n<meta property=\"og:type\" content=\"article\" \/>\n<meta property=\"og:title\" content=\"Bloc-Livre \u201cMimic\u201d NON PEINTE - MyStore - By STLFLIX\" \/>\n<meta property=\"og:description\" content=\"Bloc-Livre \u00ab Mimic \u00bb \u2014 Objet d\u00e9coratif horrifique peint \u00e0 la main Transformez votre biblioth\u00e8que avec ce bloc-livre \u00ab Mimic \u00bb terrifiant et ultra-r\u00e9aliste ! Enti\u00e8rement peint \u00e0 la main, il reproduit l&#8217;aspect d&#8217;un grimoire vivant : dents apparentes, langue d\u00e9mesur\u00e9e, texture organique\u2026 Un accessoire glac\u00e9 parfait pour les fans de fantasy sombre, de D&amp;D, [&hellip;]\" \/>\n<meta property=\"og:url\" content=\"https:\/\/my.stlflix.com\/product\/bloc-livre-mimic-non-peinte\/\" \/>\n<meta property=\"og:site_name\" content=\"MyStore - By STLFLIX\" \/>\n<meta property=\"article:publisher\" content=\"https:\/\/www.facebook.com\/STLFLIX\" \/>\n<meta property=\"article:modified_time\" content=\"2026-03-22T13:59:43+00:00\" \/>\n<meta property=\"og:image\" content=\"https:\/\/my.stlflix.com\/wp-content\/uploads\/2026\/03\/cropped-589078004_2737246519955731_3643080080751892829_n.jpg\" \/>\n\t<meta property=\"og:image:width\" content=\"2047\" \/>\n\t<meta property=\"og:image:height\" content=\"1534\" \/>\n\t<meta property=\"og:image:type\" content=\"image\/jpeg\" \/>\n<meta name=\"twitter:card\" content=\"summary_large_image\" \/>\n<meta name=\"twitter:label1\" content=\"Est. reading time\" \/>\n\t<meta name=\"twitter:data1\" content=\"1 minute\" \/>\n<script type=\"application\/ld+json\" class=\"yoast-schema-graph\">{\"@context\":\"https:\/\/schema.org\",\"@graph\":[{\"@type\":\"WebPage\",\"@id\":\"https:\/\/my.stlflix.com\/product\/bloc-livre-mimic-non-peinte\/\",\"url\":\"https:\/\/my.stlflix.com\/product\/bloc-livre-mimic-non-peinte\/\",\"name\":\"Bloc-Livre \u201cMimic\u201d NON PEINTE - MyStore - By STLFLIX\",\"isPartOf\":{\"@id\":\"https:\/\/my.stlflix.com\/#website\"},\"primaryImageOfPage\":{\"@id\":\"https:\/\/my.stlflix.com\/product\/bloc-livre-mimic-non-peinte\/#primaryimage\"},\"image\":{\"@id\":\"https:\/\/my.stlflix.com\/product\/bloc-livre-mimic-non-peinte\/#primaryimage\"},\"thumbnailUrl\":\"https:\/\/my.stlflix.com\/wp-content\/uploads\/2026\/03\/cropped-589078004_2737246519955731_3643080080751892829_n.jpg\",\"datePublished\":\"2026-03-15T16:30:33+00:00\",\"dateModified\":\"2026-03-22T13:59:43+00:00\",\"breadcrumb\":{\"@id\":\"https:\/\/my.stlflix.com\/product\/bloc-livre-mimic-non-peinte\/#breadcrumb\"},\"inLanguage\":\"es-ES\",\"potentialAction\":[{\"@type\":\"ReadAction\",\"target\":[\"https:\/\/my.stlflix.com\/product\/bloc-livre-mimic-non-peinte\/\"]}]},{\"@type\":\"ImageObject\",\"inLanguage\":\"es-ES\",\"@id\":\"https:\/\/my.stlflix.com\/product\/bloc-livre-mimic-non-peinte\/#primaryimage\",\"url\":\"https:\/\/my.stlflix.com\/wp-content\/uploads\/2026\/03\/cropped-589078004_2737246519955731_3643080080751892829_n.jpg\",\"contentUrl\":\"https:\/\/my.stlflix.com\/wp-content\/uploads\/2026\/03\/cropped-589078004_2737246519955731_3643080080751892829_n.jpg\",\"width\":2047,\"height\":1534},{\"@type\":\"BreadcrumbList\",\"@id\":\"https:\/\/my.stlflix.com\/product\/bloc-livre-mimic-non-peinte\/#breadcrumb\",\"itemListElement\":[{\"@type\":\"ListItem\",\"position\":1,\"name\":\"Home\",\"item\":\"https:\/\/www.stlflix-store.com\/\"},{\"@type\":\"ListItem\",\"position\":2,\"name\":\"Products\",\"item\":\"https:\/\/www.stlflix-store.com\/shop\/\"},{\"@type\":\"ListItem\",\"position\":3,\"name\":\"Bloc-Livre \u201cMimic\u201d NON PEINTE\"}]},{\"@type\":\"WebSite\",\"@id\":\"https:\/\/my.stlflix.com\/#website\",\"url\":\"https:\/\/my.stlflix.com\/\",\"name\":\"MyStore - By STLFLIX\",\"description\":\"\",\"publisher\":{\"@id\":\"https:\/\/my.stlflix.com\/#organization\"},\"potentialAction\":[{\"@type\":\"SearchAction\",\"target\":{\"@type\":\"EntryPoint\",\"urlTemplate\":\"https:\/\/my.stlflix.com\/?s={search_term_string}\"},\"query-input\":{\"@type\":\"PropertyValueSpecification\",\"valueRequired\":true,\"valueName\":\"search_term_string\"}}],\"inLanguage\":\"es-ES\"},{\"@type\":\"Organization\",\"@id\":\"https:\/\/my.stlflix.com\/#organization\",\"name\":\"MyStore - By STLFLIX\",\"url\":\"https:\/\/my.stlflix.com\/\",\"logo\":{\"@type\":\"ImageObject\",\"inLanguage\":\"es-ES\",\"@id\":\"https:\/\/my.stlflix.com\/#\/schema\/logo\/image\/\",\"url\":\"https:\/\/my.stlflix.com\/wp-content\/uploads\/2024\/06\/logo-mystore.png\",\"contentUrl\":\"https:\/\/my.stlflix.com\/wp-content\/uploads\/2024\/06\/logo-mystore.png\",\"width\":150,\"height\":41,\"caption\":\"MyStore - By STLFLIX\"},\"image\":{\"@id\":\"https:\/\/my.stlflix.com\/#\/schema\/logo\/image\/\"},\"sameAs\":[\"https:\/\/www.facebook.com\/STLFLIX\",\"https:\/\/www.instagram.com\/stlflix_\/\",\"https:\/\/www.tiktok.com\/@stlflix\"]}]}<\/script>\n<!-- \/ Yoast SEO plugin. -->","yoast_head_json":{"title":"Bloc-Livre \u201cMimic\u201d NON PEINTE - MyStore - By STLFLIX","robots":{"index":"index","follow":"follow","max-snippet":"max-snippet:-1","max-image-preview":"max-image-preview:large","max-video-preview":"max-video-preview:-1"},"canonical":"https:\/\/my.stlflix.com\/product\/bloc-livre-mimic-non-peinte\/","og_locale":"es_ES","og_type":"article","og_title":"Bloc-Livre \u201cMimic\u201d NON PEINTE - MyStore - By STLFLIX","og_description":"Bloc-Livre \u00ab Mimic \u00bb \u2014 Objet d\u00e9coratif horrifique peint \u00e0 la main Transformez votre biblioth\u00e8que avec ce bloc-livre \u00ab Mimic \u00bb terrifiant et ultra-r\u00e9aliste ! Enti\u00e8rement peint \u00e0 la main, il reproduit l&#8217;aspect d&#8217;un grimoire vivant : dents apparentes, langue d\u00e9mesur\u00e9e, texture organique\u2026 Un accessoire glac\u00e9 parfait pour les fans de fantasy sombre, de D&amp;D, [&hellip;]","og_url":"https:\/\/my.stlflix.com\/product\/bloc-livre-mimic-non-peinte\/","og_site_name":"MyStore - By STLFLIX","article_publisher":"https:\/\/www.facebook.com\/STLFLIX","article_modified_time":"2026-03-22T13:59:43+00:00","og_image":[{"width":2047,"height":1534,"url":"https:\/\/my.stlflix.com\/wp-content\/uploads\/2026\/03\/cropped-589078004_2737246519955731_3643080080751892829_n.jpg","type":"image\/jpeg"}],"twitter_card":"summary_large_image","twitter_misc":{"Est. reading time":"1 minute"},"schema":{"@context":"https:\/\/schema.org","@graph":[{"@type":"WebPage","@id":"https:\/\/my.stlflix.com\/product\/bloc-livre-mimic-non-peinte\/","url":"https:\/\/my.stlflix.com\/product\/bloc-livre-mimic-non-peinte\/","name":"Bloc-Livre \u201cMimic\u201d NON PEINTE - MyStore - By STLFLIX","isPartOf":{"@id":"https:\/\/my.stlflix.com\/#website"},"primaryImageOfPage":{"@id":"https:\/\/my.stlflix.com\/product\/bloc-livre-mimic-non-peinte\/#primaryimage"},"image":{"@id":"https:\/\/my.stlflix.com\/product\/bloc-livre-mimic-non-peinte\/#primaryimage"},"thumbnailUrl":"https:\/\/my.stlflix.com\/wp-content\/uploads\/2026\/03\/cropped-589078004_2737246519955731_3643080080751892829_n.jpg","datePublished":"2026-03-15T16:30:33+00:00","dateModified":"2026-03-22T13:59:43+00:00","breadcrumb":{"@id":"https:\/\/my.stlflix.com\/product\/bloc-livre-mimic-non-peinte\/#breadcrumb"},"inLanguage":"es-ES","potentialAction":[{"@type":"ReadAction","target":["https:\/\/my.stlflix.com\/product\/bloc-livre-mimic-non-peinte\/"]}]},{"@type":"ImageObject","inLanguage":"es-ES","@id":"https:\/\/my.stlflix.com\/product\/bloc-livre-mimic-non-peinte\/#primaryimage","url":"https:\/\/my.stlflix.com\/wp-content\/uploads\/2026\/03\/cropped-589078004_2737246519955731_3643080080751892829_n.jpg","contentUrl":"https:\/\/my.stlflix.com\/wp-content\/uploads\/2026\/03\/cropped-589078004_2737246519955731_3643080080751892829_n.jpg","width":2047,"height":1534},{"@type":"BreadcrumbList","@id":"https:\/\/my.stlflix.com\/product\/bloc-livre-mimic-non-peinte\/#breadcrumb","itemListElement":[{"@type":"ListItem","position":1,"name":"Home","item":"https:\/\/www.stlflix-store.com\/"},{"@type":"ListItem","position":2,"name":"Products","item":"https:\/\/www.stlflix-store.com\/shop\/"},{"@type":"ListItem","position":3,"name":"Bloc-Livre \u201cMimic\u201d NON PEINTE"}]},{"@type":"WebSite","@id":"https:\/\/my.stlflix.com\/#website","url":"https:\/\/my.stlflix.com\/","name":"MyStore - By STLFLIX","description":"","publisher":{"@id":"https:\/\/my.stlflix.com\/#organization"},"potentialAction":[{"@type":"SearchAction","target":{"@type":"EntryPoint","urlTemplate":"https:\/\/my.stlflix.com\/?s={search_term_string}"},"query-input":{"@type":"PropertyValueSpecification","valueRequired":true,"valueName":"search_term_string"}}],"inLanguage":"es-ES"},{"@type":"Organization","@id":"https:\/\/my.stlflix.com\/#organization","name":"MyStore - By STLFLIX","url":"https:\/\/my.stlflix.com\/","logo":{"@type":"ImageObject","inLanguage":"es-ES","@id":"https:\/\/my.stlflix.com\/#\/schema\/logo\/image\/","url":"https:\/\/my.stlflix.com\/wp-content\/uploads\/2024\/06\/logo-mystore.png","contentUrl":"https:\/\/my.stlflix.com\/wp-content\/uploads\/2024\/06\/logo-mystore.png","width":150,"height":41,"caption":"MyStore - By STLFLIX"},"image":{"@id":"https:\/\/my.stlflix.com\/#\/schema\/logo\/image\/"},"sameAs":["https:\/\/www.facebook.com\/STLFLIX","https:\/\/www.instagram.com\/stlflix_\/","https:\/\/www.tiktok.com\/@stlflix"]}]}},"_links":{"self":[{"href":"https:\/\/my.stlflix.com\/es\/wp-json\/wp\/v2\/product\/547807","targetHints":{"allow":["GET"]}}],"collection":[{"href":"https:\/\/my.stlflix.com\/es\/wp-json\/wp\/v2\/product"}],"about":[{"href":"https:\/\/my.stlflix.com\/es\/wp-json\/wp\/v2\/types\/product"}],"replies":[{"embeddable":true,"href":"https:\/\/my.stlflix.com\/es\/wp-json\/wp\/v2\/comments?post=547807"}],"wp:featuredmedia":[{"embeddable":true,"href":"https:\/\/my.stlflix.com\/es\/wp-json\/wp\/v2\/media\/547808"}],"wp:attachment":[{"href":"https:\/\/my.stlflix.com\/es\/wp-json\/wp\/v2\/media?parent=547807"}],"wp:term":[{"taxonomy":"product_brand","embeddable":true,"href":"https:\/\/my.stlflix.com\/es\/wp-json\/wp\/v2\/product_brand?post=547807"},{"taxonomy":"product_cat","embeddable":true,"href":"https:\/\/my.stlflix.com\/es\/wp-json\/wp\/v2\/product_cat?post=547807"},{"taxonomy":"product_tag","embeddable":true,"href":"https:\/\/my.stlflix.com\/es\/wp-json\/wp\/v2\/product_tag?post=547807"}],"curies":[{"name":"wp","href":"https:\/\/api.w.org\/{rel}","templated":true}]}}