{"id":548003,"date":"2026-03-15T19:09:41","date_gmt":"2026-03-15T19:09:41","guid":{"rendered":"https:\/\/my.stlflix.com\/?post_type=product&#038;p=548003"},"modified":"2026-03-22T13:53:32","modified_gmt":"2026-03-22T13:53:32","slug":"dice-tower-laugure-noir","status":"publish","type":"product","link":"https:\/\/my.stlflix.com\/es\/product\/dice-tower-laugure-noir\/","title":{"rendered":"Dice tower l&#8217;augure noir"},"content":{"rendered":"<p><span dir=\"auto\" style=\"vertical-align: inherit\"><span dir=\"auto\" style=\"vertical-align: inherit\">Apportez une ambiance sombre et mystique \u00e0 vos soir\u00e9es avec <\/span><\/span><strong><span dir=\"auto\" style=\"vertical-align: inherit\"><span dir=\"auto\" style=\"vertical-align: inherit\">L&#8217;Augure Noir<\/span><\/span><\/strong><span dir=\"auto\" style=\"vertical-align: inherit\"><span dir=\"auto\" style=\"vertical-align: inherit\"> , une <\/span><\/span><strong><span dir=\"auto\" style=\"vertical-align: inherit\"><span dir=\"auto\" style=\"vertical-align: inherit\">tourn\u00e9e \u00e0 d\u00e9s<\/span><\/span><\/strong><span dir=\"auto\" style=\"vertical-align: inherit\"><span dir=\"auto\" style=\"vertical-align: inherit\"> inspir\u00e9e des symboles de pr\u00e9sages et de magie sombre. Cette pi\u00e8ce repr\u00e9sente un <\/span><\/span><strong><span dir=\"auto\" style=\"vertical-align: inherit\"><span dir=\"auto\" style=\"vertical-align: inherit\">corbeau perch\u00e9 sur un cr\u00e2ne<\/span><\/span><\/strong><span dir=\"auto\" style=\"vertical-align: inherit\"><span dir=\"auto\" style=\"vertical-align: inherit\"> , observant silencieusement la table de jeu comme s&#8217;il annonce le destin de vos lanceurs.<\/span><\/span><\/p>\n<p><span dir=\"auto\" style=\"vertical-align: inherit\"><span dir=\"auto\" style=\"vertical-align: inherit\">Con\u00e7ue pour les passionn\u00e9s de <\/span><\/span><strong><span dir=\"auto\" style=\"vertical-align: inherit\"><span dir=\"auto\" style=\"vertical-align: inherit\">jeux de r\u00f4le (JDR\/RPG)<\/span><\/span><\/strong><span dir=\"auto\" style=\"vertical-align: inherit\"><span dir=\"auto\" style=\"vertical-align: inherit\"> et de <\/span><\/span><strong><span dir=\"auto\" style=\"vertical-align: inherit\"><span dir=\"auto\" style=\"vertical-align: inherit\">jeux de plateau<\/span><\/span><\/strong><span dir=\"auto\" style=\"vertical-align: inherit\"><span dir=\"auto\" style=\"vertical-align: inherit\"> , cette tour de d\u00e9s permet de <\/span><\/span><strong><span dir=\"auto\" style=\"vertical-align: inherit\"><span dir=\"auto\" style=\"vertical-align: inherit\">lancer vos d\u00e9s de mani\u00e8re fluide et al\u00e9atoire<\/span><\/span><\/strong><span dir=\"auto\" style=\"vertical-align: inherit\"><span dir=\"auto\" style=\"vertical-align: inherit\"> tout en ajoutant une pr\u00e9sence spectaculaire \u00e0 votre table.<\/span><\/span><\/p>\n<p><span dir=\"auto\" style=\"vertical-align: inherit\"><span dir=\"auto\" style=\"vertical-align: inherit\">Les d\u00e9s sont introduits par le <\/span><\/span><strong><span dir=\"auto\" style=\"vertical-align: inherit\"><span dir=\"auto\" style=\"vertical-align: inherit\">bec ouvert du corbeau<\/span><\/span><\/strong><span dir=\"auto\" style=\"vertical-align: inherit\"><span dir=\"auto\" style=\"vertical-align: inherit\"> et ressortent par la base apr\u00e8s avoir travers\u00e9 l&#8217;int\u00e9rieur de la tour, garantissant des lancers \u00e9quitables et immersifs.<\/span><\/span><\/p>\n<p><strong><span dir=\"auto\" style=\"vertical-align: inherit\"><span dir=\"auto\" style=\"vertical-align: inherit\">Caract\u00e9ristiques :<\/span><\/span><\/strong><\/p>\n<ul>\n<li><strong><span dir=\"auto\" style=\"vertical-align: inherit\"><span dir=\"auto\" style=\"vertical-align: inherit\">Tour \u00e0 d\u00e9s originale<\/span><\/span><\/strong><span dir=\"auto\" style=\"vertical-align: inherit\"><span dir=\"auto\" style=\"vertical-align: inherit\"> pour jeux de r\u00f4le et jeux de plateau<\/span><\/span><\/li>\n<li><span dir=\"auto\" style=\"vertical-align: inherit\"><span dir=\"auto\" style=\"vertical-align: inherit\">Design sombre : <\/span><\/span><strong><span dir=\"auto\" style=\"vertical-align: inherit\"><span dir=\"auto\" style=\"vertical-align: inherit\">corbeau perch\u00e9 sur un cr\u00e2ne<\/span><\/span><\/strong><\/li>\n<li><span dir=\"auto\" style=\"vertical-align: inherit\"><span dir=\"auto\" style=\"vertical-align: inherit\">Les d\u00e9s entrent par le <\/span><\/span><strong><span dir=\"auto\" style=\"vertical-align: inherit\"><span dir=\"auto\" style=\"vertical-align: inherit\">bec du corbeau<\/span><\/span><\/strong><span dir=\"auto\" style=\"vertical-align: inherit\"><span dir=\"auto\" style=\"vertical-align: inherit\"> et ressortent \u00e0 la base<\/span><\/span><\/li>\n<li><span dir=\"auto\" style=\"vertical-align: inherit\"><span dir=\"auto\" style=\"vertical-align: inherit\">Id\u00e9al pour <\/span><\/span><strong><span dir=\"auto\" style=\"vertical-align: inherit\"><span dir=\"auto\" style=\"vertical-align: inherit\">D20, d\u00e9s poly\u00e9driques et autres d\u00e9s de JDR<\/span><\/span><\/strong><\/li>\n<li><span dir=\"auto\" style=\"vertical-align: inherit\"><span dir=\"auto\" style=\"vertical-align: inherit\">Parfait pour <\/span><\/span><strong><span dir=\"auto\" style=\"vertical-align: inherit\"><span dir=\"auto\" style=\"vertical-align: inherit\">ajouter de l&#8217;ambiance \u00e0 vos soir\u00e9es<\/span><\/span><\/strong><\/li>\n<\/ul>\n<p><span dir=\"auto\" style=\"vertical-align: inherit\"><span dir=\"auto\" style=\"vertical-align: inherit\">Que vous soyez ma\u00eetre du jeu, n\u00e9cromancien ou aventurier affrontant l&#8217;inconnu, <\/span><\/span><strong><span dir=\"auto\" style=\"vertical-align: inherit\"><span dir=\"auto\" style=\"vertical-align: inherit\">L&#8217;Augure Noir<\/span><\/span><\/strong><span dir=\"auto\" style=\"vertical-align: inherit\"><span dir=\"auto\" style=\"vertical-align: inherit\"> sera le gardien silencieux de vos lanceurs\u2026 et peut-\u00eatre du destin de votre groupe.<\/span><\/span><\/p>\n<p><em><span dir=\"auto\" style=\"vertical-align: inherit\"><span dir=\"auto\" style=\"vertical-align: inherit\">Le corbeau observe\u2026 et le destin tombe avec les d\u00e9s.<\/span><\/span><\/em><\/p>\n","protected":false},"excerpt":{"rendered":"<p>Apportez une ambiance sombre et mystique \u00e0 vos soir\u00e9es avec L&#8217;Augure Noir , une tourn\u00e9e \u00e0 d\u00e9s inspir\u00e9e des symboles de pr\u00e9sages et de magie sombre. Cette pi\u00e8ce repr\u00e9sente un corbeau perch\u00e9 sur un cr\u00e2ne , observant silencieusement la table de jeu comme s&#8217;il annonce le destin de vos lanceurs. Con\u00e7ue pour les passionn\u00e9s de [&hellip;]<\/p>\n","protected":false},"featured_media":548059,"comment_status":"open","ping_status":"closed","template":"","meta":[],"product_brand":[],"product_cat":[15],"product_tag":[7370],"class_list":{"0":"post-548003","1":"product","2":"type-product","3":"status-publish","4":"has-post-thumbnail","6":"product_cat-uncategorized","7":"product_tag-dicetower","9":"first","10":"instock","11":"taxable","12":"shipping-taxable","13":"purchasable","14":"product-type-simple"},"yoast_head":"<!-- This site is optimized with the Yoast SEO plugin v25.1 - https:\/\/yoast.com\/wordpress\/plugins\/seo\/ -->\n<title>Dice tower l&#039;augure noir - MyStore - By STLFLIX<\/title>\n<meta name=\"robots\" content=\"index, follow, max-snippet:-1, max-image-preview:large, max-video-preview:-1\" \/>\n<link rel=\"canonical\" href=\"https:\/\/www.monitorstlflix.com\/product\/dice-tower-laugure-noir\/\" \/>\n<meta property=\"og:locale\" content=\"es_ES\" \/>\n<meta property=\"og:type\" content=\"article\" \/>\n<meta property=\"og:title\" content=\"Dice tower l&#039;augure noir - MyStore - By STLFLIX\" \/>\n<meta property=\"og:description\" content=\"Apportez une ambiance sombre et mystique \u00e0 vos soir\u00e9es avec L&#8217;Augure Noir , une tourn\u00e9e \u00e0 d\u00e9s inspir\u00e9e des symboles de pr\u00e9sages et de magie sombre. Cette pi\u00e8ce repr\u00e9sente un corbeau perch\u00e9 sur un cr\u00e2ne , observant silencieusement la table de jeu comme s&#8217;il annonce le destin de vos lanceurs. Con\u00e7ue pour les passionn\u00e9s de [&hellip;]\" \/>\n<meta property=\"og:url\" content=\"https:\/\/www.monitorstlflix.com\/product\/dice-tower-laugure-noir\/\" \/>\n<meta property=\"og:site_name\" content=\"MyStore - By STLFLIX\" \/>\n<meta property=\"article:publisher\" content=\"https:\/\/www.facebook.com\/STLFLIX\" \/>\n<meta property=\"article:modified_time\" content=\"2026-03-22T13:53:32+00:00\" \/>\n<meta property=\"og:image\" content=\"https:\/\/www.monitorstlflix.com\/wp-content\/uploads\/2026\/03\/cropped-Messenger_creation_86982983-CCC7-495A-84BC-4209DF46124F.jpeg\" \/>\n\t<meta property=\"og:image:width\" content=\"1534\" \/>\n\t<meta property=\"og:image:height\" content=\"2046\" \/>\n\t<meta property=\"og:image:type\" content=\"image\/jpeg\" \/>\n<meta name=\"twitter:card\" content=\"summary_large_image\" \/>\n<meta name=\"twitter:label1\" content=\"Est. reading time\" \/>\n\t<meta name=\"twitter:data1\" content=\"1 minute\" \/>\n<script type=\"application\/ld+json\" class=\"yoast-schema-graph\">{\"@context\":\"https:\/\/schema.org\",\"@graph\":[{\"@type\":\"WebPage\",\"@id\":\"https:\/\/www.monitorstlflix.com\/product\/dice-tower-laugure-noir\/\",\"url\":\"https:\/\/www.monitorstlflix.com\/product\/dice-tower-laugure-noir\/\",\"name\":\"Dice tower l'augure noir - MyStore - By STLFLIX\",\"isPartOf\":{\"@id\":\"https:\/\/my.stlflix.com\/#website\"},\"primaryImageOfPage\":{\"@id\":\"https:\/\/www.monitorstlflix.com\/product\/dice-tower-laugure-noir\/#primaryimage\"},\"image\":{\"@id\":\"https:\/\/www.monitorstlflix.com\/product\/dice-tower-laugure-noir\/#primaryimage\"},\"thumbnailUrl\":\"https:\/\/my.stlflix.com\/wp-content\/uploads\/2026\/03\/cropped-Messenger_creation_86982983-CCC7-495A-84BC-4209DF46124F.jpeg\",\"datePublished\":\"2026-03-15T19:09:41+00:00\",\"dateModified\":\"2026-03-22T13:53:32+00:00\",\"breadcrumb\":{\"@id\":\"https:\/\/www.monitorstlflix.com\/product\/dice-tower-laugure-noir\/#breadcrumb\"},\"inLanguage\":\"es-ES\",\"potentialAction\":[{\"@type\":\"ReadAction\",\"target\":[\"https:\/\/www.monitorstlflix.com\/product\/dice-tower-laugure-noir\/\"]}]},{\"@type\":\"ImageObject\",\"inLanguage\":\"es-ES\",\"@id\":\"https:\/\/www.monitorstlflix.com\/product\/dice-tower-laugure-noir\/#primaryimage\",\"url\":\"https:\/\/my.stlflix.com\/wp-content\/uploads\/2026\/03\/cropped-Messenger_creation_86982983-CCC7-495A-84BC-4209DF46124F.jpeg\",\"contentUrl\":\"https:\/\/my.stlflix.com\/wp-content\/uploads\/2026\/03\/cropped-Messenger_creation_86982983-CCC7-495A-84BC-4209DF46124F.jpeg\",\"width\":1534,\"height\":2046},{\"@type\":\"BreadcrumbList\",\"@id\":\"https:\/\/www.monitorstlflix.com\/product\/dice-tower-laugure-noir\/#breadcrumb\",\"itemListElement\":[{\"@type\":\"ListItem\",\"position\":1,\"name\":\"Home\",\"item\":\"https:\/\/www.stlflix-store.com\/\"},{\"@type\":\"ListItem\",\"position\":2,\"name\":\"Products\",\"item\":\"https:\/\/www.stlflix-store.com\/shop\/\"},{\"@type\":\"ListItem\",\"position\":3,\"name\":\"Dice tower l&#8217;augure noir\"}]},{\"@type\":\"WebSite\",\"@id\":\"https:\/\/my.stlflix.com\/#website\",\"url\":\"https:\/\/my.stlflix.com\/\",\"name\":\"MyStore - By STLFLIX\",\"description\":\"\",\"publisher\":{\"@id\":\"https:\/\/my.stlflix.com\/#organization\"},\"potentialAction\":[{\"@type\":\"SearchAction\",\"target\":{\"@type\":\"EntryPoint\",\"urlTemplate\":\"https:\/\/my.stlflix.com\/?s={search_term_string}\"},\"query-input\":{\"@type\":\"PropertyValueSpecification\",\"valueRequired\":true,\"valueName\":\"search_term_string\"}}],\"inLanguage\":\"es-ES\"},{\"@type\":\"Organization\",\"@id\":\"https:\/\/my.stlflix.com\/#organization\",\"name\":\"MyStore - By STLFLIX\",\"url\":\"https:\/\/my.stlflix.com\/\",\"logo\":{\"@type\":\"ImageObject\",\"inLanguage\":\"es-ES\",\"@id\":\"https:\/\/my.stlflix.com\/#\/schema\/logo\/image\/\",\"url\":\"https:\/\/my.stlflix.com\/wp-content\/uploads\/2024\/06\/logo-mystore.png\",\"contentUrl\":\"https:\/\/my.stlflix.com\/wp-content\/uploads\/2024\/06\/logo-mystore.png\",\"width\":150,\"height\":41,\"caption\":\"MyStore - By STLFLIX\"},\"image\":{\"@id\":\"https:\/\/my.stlflix.com\/#\/schema\/logo\/image\/\"},\"sameAs\":[\"https:\/\/www.facebook.com\/STLFLIX\",\"https:\/\/www.instagram.com\/stlflix_\/\",\"https:\/\/www.tiktok.com\/@stlflix\"]}]}<\/script>\n<!-- \/ Yoast SEO plugin. -->","yoast_head_json":{"title":"Dice tower l'augure noir - MyStore - By STLFLIX","robots":{"index":"index","follow":"follow","max-snippet":"max-snippet:-1","max-image-preview":"max-image-preview:large","max-video-preview":"max-video-preview:-1"},"canonical":"https:\/\/www.monitorstlflix.com\/product\/dice-tower-laugure-noir\/","og_locale":"es_ES","og_type":"article","og_title":"Dice tower l'augure noir - MyStore - By STLFLIX","og_description":"Apportez une ambiance sombre et mystique \u00e0 vos soir\u00e9es avec L&#8217;Augure Noir , une tourn\u00e9e \u00e0 d\u00e9s inspir\u00e9e des symboles de pr\u00e9sages et de magie sombre. Cette pi\u00e8ce repr\u00e9sente un corbeau perch\u00e9 sur un cr\u00e2ne , observant silencieusement la table de jeu comme s&#8217;il annonce le destin de vos lanceurs. Con\u00e7ue pour les passionn\u00e9s de [&hellip;]","og_url":"https:\/\/www.monitorstlflix.com\/product\/dice-tower-laugure-noir\/","og_site_name":"MyStore - By STLFLIX","article_publisher":"https:\/\/www.facebook.com\/STLFLIX","article_modified_time":"2026-03-22T13:53:32+00:00","og_image":[{"width":1534,"height":2046,"url":"https:\/\/www.monitorstlflix.com\/wp-content\/uploads\/2026\/03\/cropped-Messenger_creation_86982983-CCC7-495A-84BC-4209DF46124F.jpeg","type":"image\/jpeg"}],"twitter_card":"summary_large_image","twitter_misc":{"Est. reading time":"1 minute"},"schema":{"@context":"https:\/\/schema.org","@graph":[{"@type":"WebPage","@id":"https:\/\/www.monitorstlflix.com\/product\/dice-tower-laugure-noir\/","url":"https:\/\/www.monitorstlflix.com\/product\/dice-tower-laugure-noir\/","name":"Dice tower l'augure noir - MyStore - By STLFLIX","isPartOf":{"@id":"https:\/\/my.stlflix.com\/#website"},"primaryImageOfPage":{"@id":"https:\/\/www.monitorstlflix.com\/product\/dice-tower-laugure-noir\/#primaryimage"},"image":{"@id":"https:\/\/www.monitorstlflix.com\/product\/dice-tower-laugure-noir\/#primaryimage"},"thumbnailUrl":"https:\/\/my.stlflix.com\/wp-content\/uploads\/2026\/03\/cropped-Messenger_creation_86982983-CCC7-495A-84BC-4209DF46124F.jpeg","datePublished":"2026-03-15T19:09:41+00:00","dateModified":"2026-03-22T13:53:32+00:00","breadcrumb":{"@id":"https:\/\/www.monitorstlflix.com\/product\/dice-tower-laugure-noir\/#breadcrumb"},"inLanguage":"es-ES","potentialAction":[{"@type":"ReadAction","target":["https:\/\/www.monitorstlflix.com\/product\/dice-tower-laugure-noir\/"]}]},{"@type":"ImageObject","inLanguage":"es-ES","@id":"https:\/\/www.monitorstlflix.com\/product\/dice-tower-laugure-noir\/#primaryimage","url":"https:\/\/my.stlflix.com\/wp-content\/uploads\/2026\/03\/cropped-Messenger_creation_86982983-CCC7-495A-84BC-4209DF46124F.jpeg","contentUrl":"https:\/\/my.stlflix.com\/wp-content\/uploads\/2026\/03\/cropped-Messenger_creation_86982983-CCC7-495A-84BC-4209DF46124F.jpeg","width":1534,"height":2046},{"@type":"BreadcrumbList","@id":"https:\/\/www.monitorstlflix.com\/product\/dice-tower-laugure-noir\/#breadcrumb","itemListElement":[{"@type":"ListItem","position":1,"name":"Home","item":"https:\/\/www.stlflix-store.com\/"},{"@type":"ListItem","position":2,"name":"Products","item":"https:\/\/www.stlflix-store.com\/shop\/"},{"@type":"ListItem","position":3,"name":"Dice tower l&#8217;augure noir"}]},{"@type":"WebSite","@id":"https:\/\/my.stlflix.com\/#website","url":"https:\/\/my.stlflix.com\/","name":"MyStore - By STLFLIX","description":"","publisher":{"@id":"https:\/\/my.stlflix.com\/#organization"},"potentialAction":[{"@type":"SearchAction","target":{"@type":"EntryPoint","urlTemplate":"https:\/\/my.stlflix.com\/?s={search_term_string}"},"query-input":{"@type":"PropertyValueSpecification","valueRequired":true,"valueName":"search_term_string"}}],"inLanguage":"es-ES"},{"@type":"Organization","@id":"https:\/\/my.stlflix.com\/#organization","name":"MyStore - By STLFLIX","url":"https:\/\/my.stlflix.com\/","logo":{"@type":"ImageObject","inLanguage":"es-ES","@id":"https:\/\/my.stlflix.com\/#\/schema\/logo\/image\/","url":"https:\/\/my.stlflix.com\/wp-content\/uploads\/2024\/06\/logo-mystore.png","contentUrl":"https:\/\/my.stlflix.com\/wp-content\/uploads\/2024\/06\/logo-mystore.png","width":150,"height":41,"caption":"MyStore - By STLFLIX"},"image":{"@id":"https:\/\/my.stlflix.com\/#\/schema\/logo\/image\/"},"sameAs":["https:\/\/www.facebook.com\/STLFLIX","https:\/\/www.instagram.com\/stlflix_\/","https:\/\/www.tiktok.com\/@stlflix"]}]}},"_links":{"self":[{"href":"https:\/\/my.stlflix.com\/es\/wp-json\/wp\/v2\/product\/548003","targetHints":{"allow":["GET"]}}],"collection":[{"href":"https:\/\/my.stlflix.com\/es\/wp-json\/wp\/v2\/product"}],"about":[{"href":"https:\/\/my.stlflix.com\/es\/wp-json\/wp\/v2\/types\/product"}],"replies":[{"embeddable":true,"href":"https:\/\/my.stlflix.com\/es\/wp-json\/wp\/v2\/comments?post=548003"}],"wp:featuredmedia":[{"embeddable":true,"href":"https:\/\/my.stlflix.com\/es\/wp-json\/wp\/v2\/media\/548059"}],"wp:attachment":[{"href":"https:\/\/my.stlflix.com\/es\/wp-json\/wp\/v2\/media?parent=548003"}],"wp:term":[{"taxonomy":"product_brand","embeddable":true,"href":"https:\/\/my.stlflix.com\/es\/wp-json\/wp\/v2\/product_brand?post=548003"},{"taxonomy":"product_cat","embeddable":true,"href":"https:\/\/my.stlflix.com\/es\/wp-json\/wp\/v2\/product_cat?post=548003"},{"taxonomy":"product_tag","embeddable":true,"href":"https:\/\/my.stlflix.com\/es\/wp-json\/wp\/v2\/product_tag?post=548003"}],"curies":[{"name":"wp","href":"https:\/\/api.w.org\/{rel}","templated":true}]}}