{"id":549947,"date":"2026-03-19T19:16:14","date_gmt":"2026-03-19T19:16:14","guid":{"rendered":"https:\/\/my.stlflix.com\/?post_type=product&#038;p=549947"},"modified":"2026-03-22T13:50:16","modified_gmt":"2026-03-22T13:50:16","slug":"chocobunny-nonpeint","status":"publish","type":"product","link":"https:\/\/my.stlflix.com\/es\/product\/chocobunny-nonpeint\/","title":{"rendered":"ChocoBunny NONPEINT"},"content":{"rendered":"<p>On pensait tous conna\u00eetre les lapins en chocolat\u2026 \ud83c\udf6b\ud83d\udc30<br \/>\nUne forme douce, quelque chose de gourmand\u2026 rassurant.<\/p>\n<p>Derri\u00e8re l\u2019illusion, une anatomie appara\u00eet.<br \/>\nUne ossature inattendue, presque d\u00e9rangeante, comme si l\u2019objet r\u00e9v\u00e9lait ce qu\u2019il aurait toujours d\u00fb cacher.<\/p>\n<p>Une pi\u00e8ce d\u00e9corative peinte \u00e0 la main, entre r\u00e9alisme et malaise, qui attire autant qu\u2019elle intrigue.<br \/>\nDisponible en version peinte a 20E ou en blanc a 10E pour laiss\u00e9 aller votre propre imaginaire<\/p>\n<p>\u00c0 poser, \u00e0 observer\u2026 mais s\u00fbrement pas \u00e0 croquer.<\/p>\n<p>\u26a0\ufe0f Objet d\u00e9coratif \u2013 pi\u00e8ce unique<\/p>\n","protected":false},"excerpt":{"rendered":"<p>On pensait tous conna\u00eetre les lapins en chocolat\u2026 \ud83c\udf6b\ud83d\udc30 Une forme douce, quelque chose de gourmand\u2026 rassurant. Derri\u00e8re l\u2019illusion, une anatomie appara\u00eet. Une ossature inattendue, presque d\u00e9rangeante, comme si l\u2019objet r\u00e9v\u00e9lait ce qu\u2019il aurait toujours d\u00fb cacher. Une pi\u00e8ce d\u00e9corative peinte \u00e0 la main, entre r\u00e9alisme et malaise, qui attire autant qu\u2019elle intrigue. Disponible en [&hellip;]<\/p>\n","protected":false},"featured_media":549948,"comment_status":"open","ping_status":"closed","template":"","meta":[],"product_brand":[],"product_cat":[15],"product_tag":[496,7369],"class_list":{"0":"post-549947","1":"product","2":"type-product","3":"status-publish","4":"has-post-thumbnail","6":"product_cat-uncategorized","7":"product_tag-decoration","8":"product_tag-fete-2","10":"first","11":"instock","12":"taxable","13":"shipping-taxable","14":"purchasable","15":"product-type-simple"},"yoast_head":"<!-- This site is optimized with the Yoast SEO plugin v25.1 - https:\/\/yoast.com\/wordpress\/plugins\/seo\/ -->\n<title>ChocoBunny NONPEINT - MyStore - By STLFLIX<\/title>\n<meta name=\"robots\" content=\"index, follow, max-snippet:-1, max-image-preview:large, max-video-preview:-1\" \/>\n<link rel=\"canonical\" href=\"https:\/\/www.lojadomandela3d.biz\/product\/chocobunny-nonpeint\/\" \/>\n<meta property=\"og:locale\" content=\"es_ES\" \/>\n<meta property=\"og:type\" content=\"article\" \/>\n<meta property=\"og:title\" content=\"ChocoBunny NONPEINT - MyStore - By STLFLIX\" \/>\n<meta property=\"og:description\" content=\"On pensait tous conna\u00eetre les lapins en chocolat\u2026 \ud83c\udf6b\ud83d\udc30 Une forme douce, quelque chose de gourmand\u2026 rassurant. Derri\u00e8re l\u2019illusion, une anatomie appara\u00eet. Une ossature inattendue, presque d\u00e9rangeante, comme si l\u2019objet r\u00e9v\u00e9lait ce qu\u2019il aurait toujours d\u00fb cacher. Une pi\u00e8ce d\u00e9corative peinte \u00e0 la main, entre r\u00e9alisme et malaise, qui attire autant qu\u2019elle intrigue. Disponible en [&hellip;]\" \/>\n<meta property=\"og:url\" content=\"https:\/\/www.lojadomandela3d.biz\/product\/chocobunny-nonpeint\/\" \/>\n<meta property=\"og:site_name\" content=\"MyStore - By STLFLIX\" \/>\n<meta property=\"article:publisher\" content=\"https:\/\/www.facebook.com\/STLFLIX\" \/>\n<meta property=\"article:modified_time\" content=\"2026-03-22T13:50:16+00:00\" \/>\n<meta property=\"og:image\" content=\"https:\/\/www.lojadomandela3d.biz\/wp-content\/uploads\/2026\/03\/cropped-DSC_03672-scaled-1.jpg\" \/>\n\t<meta property=\"og:image:width\" content=\"2400\" \/>\n\t<meta property=\"og:image:height\" content=\"1606\" \/>\n\t<meta property=\"og:image:type\" content=\"image\/jpeg\" \/>\n<meta name=\"twitter:card\" content=\"summary_large_image\" \/>\n<script type=\"application\/ld+json\" class=\"yoast-schema-graph\">{\"@context\":\"https:\/\/schema.org\",\"@graph\":[{\"@type\":\"WebPage\",\"@id\":\"https:\/\/www.lojadomandela3d.biz\/product\/chocobunny-nonpeint\/\",\"url\":\"https:\/\/www.lojadomandela3d.biz\/product\/chocobunny-nonpeint\/\",\"name\":\"ChocoBunny NONPEINT - MyStore - By STLFLIX\",\"isPartOf\":{\"@id\":\"https:\/\/my.stlflix.com\/#website\"},\"primaryImageOfPage\":{\"@id\":\"https:\/\/www.lojadomandela3d.biz\/product\/chocobunny-nonpeint\/#primaryimage\"},\"image\":{\"@id\":\"https:\/\/www.lojadomandela3d.biz\/product\/chocobunny-nonpeint\/#primaryimage\"},\"thumbnailUrl\":\"https:\/\/my.stlflix.com\/wp-content\/uploads\/2026\/03\/cropped-DSC_03672-scaled-1.jpg\",\"datePublished\":\"2026-03-19T19:16:14+00:00\",\"dateModified\":\"2026-03-22T13:50:16+00:00\",\"breadcrumb\":{\"@id\":\"https:\/\/www.lojadomandela3d.biz\/product\/chocobunny-nonpeint\/#breadcrumb\"},\"inLanguage\":\"es-ES\",\"potentialAction\":[{\"@type\":\"ReadAction\",\"target\":[\"https:\/\/www.lojadomandela3d.biz\/product\/chocobunny-nonpeint\/\"]}]},{\"@type\":\"ImageObject\",\"inLanguage\":\"es-ES\",\"@id\":\"https:\/\/www.lojadomandela3d.biz\/product\/chocobunny-nonpeint\/#primaryimage\",\"url\":\"https:\/\/my.stlflix.com\/wp-content\/uploads\/2026\/03\/cropped-DSC_03672-scaled-1.jpg\",\"contentUrl\":\"https:\/\/my.stlflix.com\/wp-content\/uploads\/2026\/03\/cropped-DSC_03672-scaled-1.jpg\",\"width\":2400,\"height\":1606},{\"@type\":\"BreadcrumbList\",\"@id\":\"https:\/\/www.lojadomandela3d.biz\/product\/chocobunny-nonpeint\/#breadcrumb\",\"itemListElement\":[{\"@type\":\"ListItem\",\"position\":1,\"name\":\"Home\",\"item\":\"https:\/\/www.stlflix-store.com\/\"},{\"@type\":\"ListItem\",\"position\":2,\"name\":\"Products\",\"item\":\"https:\/\/www.stlflix-store.com\/shop\/\"},{\"@type\":\"ListItem\",\"position\":3,\"name\":\"ChocoBunny NONPEINT\"}]},{\"@type\":\"WebSite\",\"@id\":\"https:\/\/my.stlflix.com\/#website\",\"url\":\"https:\/\/my.stlflix.com\/\",\"name\":\"MyStore - By STLFLIX\",\"description\":\"\",\"publisher\":{\"@id\":\"https:\/\/my.stlflix.com\/#organization\"},\"potentialAction\":[{\"@type\":\"SearchAction\",\"target\":{\"@type\":\"EntryPoint\",\"urlTemplate\":\"https:\/\/my.stlflix.com\/?s={search_term_string}\"},\"query-input\":{\"@type\":\"PropertyValueSpecification\",\"valueRequired\":true,\"valueName\":\"search_term_string\"}}],\"inLanguage\":\"es-ES\"},{\"@type\":\"Organization\",\"@id\":\"https:\/\/my.stlflix.com\/#organization\",\"name\":\"MyStore - By STLFLIX\",\"url\":\"https:\/\/my.stlflix.com\/\",\"logo\":{\"@type\":\"ImageObject\",\"inLanguage\":\"es-ES\",\"@id\":\"https:\/\/my.stlflix.com\/#\/schema\/logo\/image\/\",\"url\":\"https:\/\/my.stlflix.com\/wp-content\/uploads\/2024\/06\/logo-mystore.png\",\"contentUrl\":\"https:\/\/my.stlflix.com\/wp-content\/uploads\/2024\/06\/logo-mystore.png\",\"width\":150,\"height\":41,\"caption\":\"MyStore - By STLFLIX\"},\"image\":{\"@id\":\"https:\/\/my.stlflix.com\/#\/schema\/logo\/image\/\"},\"sameAs\":[\"https:\/\/www.facebook.com\/STLFLIX\",\"https:\/\/www.instagram.com\/stlflix_\/\",\"https:\/\/www.tiktok.com\/@stlflix\"]}]}<\/script>\n<!-- \/ Yoast SEO plugin. -->","yoast_head_json":{"title":"ChocoBunny NONPEINT - MyStore - By STLFLIX","robots":{"index":"index","follow":"follow","max-snippet":"max-snippet:-1","max-image-preview":"max-image-preview:large","max-video-preview":"max-video-preview:-1"},"canonical":"https:\/\/www.lojadomandela3d.biz\/product\/chocobunny-nonpeint\/","og_locale":"es_ES","og_type":"article","og_title":"ChocoBunny NONPEINT - MyStore - By STLFLIX","og_description":"On pensait tous conna\u00eetre les lapins en chocolat\u2026 \ud83c\udf6b\ud83d\udc30 Une forme douce, quelque chose de gourmand\u2026 rassurant. Derri\u00e8re l\u2019illusion, une anatomie appara\u00eet. Une ossature inattendue, presque d\u00e9rangeante, comme si l\u2019objet r\u00e9v\u00e9lait ce qu\u2019il aurait toujours d\u00fb cacher. Une pi\u00e8ce d\u00e9corative peinte \u00e0 la main, entre r\u00e9alisme et malaise, qui attire autant qu\u2019elle intrigue. Disponible en [&hellip;]","og_url":"https:\/\/www.lojadomandela3d.biz\/product\/chocobunny-nonpeint\/","og_site_name":"MyStore - By STLFLIX","article_publisher":"https:\/\/www.facebook.com\/STLFLIX","article_modified_time":"2026-03-22T13:50:16+00:00","og_image":[{"width":2400,"height":1606,"url":"https:\/\/www.lojadomandela3d.biz\/wp-content\/uploads\/2026\/03\/cropped-DSC_03672-scaled-1.jpg","type":"image\/jpeg"}],"twitter_card":"summary_large_image","schema":{"@context":"https:\/\/schema.org","@graph":[{"@type":"WebPage","@id":"https:\/\/www.lojadomandela3d.biz\/product\/chocobunny-nonpeint\/","url":"https:\/\/www.lojadomandela3d.biz\/product\/chocobunny-nonpeint\/","name":"ChocoBunny NONPEINT - MyStore - By STLFLIX","isPartOf":{"@id":"https:\/\/my.stlflix.com\/#website"},"primaryImageOfPage":{"@id":"https:\/\/www.lojadomandela3d.biz\/product\/chocobunny-nonpeint\/#primaryimage"},"image":{"@id":"https:\/\/www.lojadomandela3d.biz\/product\/chocobunny-nonpeint\/#primaryimage"},"thumbnailUrl":"https:\/\/my.stlflix.com\/wp-content\/uploads\/2026\/03\/cropped-DSC_03672-scaled-1.jpg","datePublished":"2026-03-19T19:16:14+00:00","dateModified":"2026-03-22T13:50:16+00:00","breadcrumb":{"@id":"https:\/\/www.lojadomandela3d.biz\/product\/chocobunny-nonpeint\/#breadcrumb"},"inLanguage":"es-ES","potentialAction":[{"@type":"ReadAction","target":["https:\/\/www.lojadomandela3d.biz\/product\/chocobunny-nonpeint\/"]}]},{"@type":"ImageObject","inLanguage":"es-ES","@id":"https:\/\/www.lojadomandela3d.biz\/product\/chocobunny-nonpeint\/#primaryimage","url":"https:\/\/my.stlflix.com\/wp-content\/uploads\/2026\/03\/cropped-DSC_03672-scaled-1.jpg","contentUrl":"https:\/\/my.stlflix.com\/wp-content\/uploads\/2026\/03\/cropped-DSC_03672-scaled-1.jpg","width":2400,"height":1606},{"@type":"BreadcrumbList","@id":"https:\/\/www.lojadomandela3d.biz\/product\/chocobunny-nonpeint\/#breadcrumb","itemListElement":[{"@type":"ListItem","position":1,"name":"Home","item":"https:\/\/www.stlflix-store.com\/"},{"@type":"ListItem","position":2,"name":"Products","item":"https:\/\/www.stlflix-store.com\/shop\/"},{"@type":"ListItem","position":3,"name":"ChocoBunny NONPEINT"}]},{"@type":"WebSite","@id":"https:\/\/my.stlflix.com\/#website","url":"https:\/\/my.stlflix.com\/","name":"MyStore - By STLFLIX","description":"","publisher":{"@id":"https:\/\/my.stlflix.com\/#organization"},"potentialAction":[{"@type":"SearchAction","target":{"@type":"EntryPoint","urlTemplate":"https:\/\/my.stlflix.com\/?s={search_term_string}"},"query-input":{"@type":"PropertyValueSpecification","valueRequired":true,"valueName":"search_term_string"}}],"inLanguage":"es-ES"},{"@type":"Organization","@id":"https:\/\/my.stlflix.com\/#organization","name":"MyStore - By STLFLIX","url":"https:\/\/my.stlflix.com\/","logo":{"@type":"ImageObject","inLanguage":"es-ES","@id":"https:\/\/my.stlflix.com\/#\/schema\/logo\/image\/","url":"https:\/\/my.stlflix.com\/wp-content\/uploads\/2024\/06\/logo-mystore.png","contentUrl":"https:\/\/my.stlflix.com\/wp-content\/uploads\/2024\/06\/logo-mystore.png","width":150,"height":41,"caption":"MyStore - By STLFLIX"},"image":{"@id":"https:\/\/my.stlflix.com\/#\/schema\/logo\/image\/"},"sameAs":["https:\/\/www.facebook.com\/STLFLIX","https:\/\/www.instagram.com\/stlflix_\/","https:\/\/www.tiktok.com\/@stlflix"]}]}},"_links":{"self":[{"href":"https:\/\/my.stlflix.com\/es\/wp-json\/wp\/v2\/product\/549947","targetHints":{"allow":["GET"]}}],"collection":[{"href":"https:\/\/my.stlflix.com\/es\/wp-json\/wp\/v2\/product"}],"about":[{"href":"https:\/\/my.stlflix.com\/es\/wp-json\/wp\/v2\/types\/product"}],"replies":[{"embeddable":true,"href":"https:\/\/my.stlflix.com\/es\/wp-json\/wp\/v2\/comments?post=549947"}],"wp:featuredmedia":[{"embeddable":true,"href":"https:\/\/my.stlflix.com\/es\/wp-json\/wp\/v2\/media\/549948"}],"wp:attachment":[{"href":"https:\/\/my.stlflix.com\/es\/wp-json\/wp\/v2\/media?parent=549947"}],"wp:term":[{"taxonomy":"product_brand","embeddable":true,"href":"https:\/\/my.stlflix.com\/es\/wp-json\/wp\/v2\/product_brand?post=549947"},{"taxonomy":"product_cat","embeddable":true,"href":"https:\/\/my.stlflix.com\/es\/wp-json\/wp\/v2\/product_cat?post=549947"},{"taxonomy":"product_tag","embeddable":true,"href":"https:\/\/my.stlflix.com\/es\/wp-json\/wp\/v2\/product_tag?post=549947"}],"curies":[{"name":"wp","href":"https:\/\/api.w.org\/{rel}","templated":true}]}}