{"id":550351,"date":"2026-03-21T12:01:12","date_gmt":"2026-03-21T12:01:12","guid":{"rendered":"https:\/\/my.stlflix.com\/?post_type=product&#038;p=550351"},"modified":"2026-03-21T12:01:13","modified_gmt":"2026-03-21T12:01:13","slug":"catch-of-the-day-key-holder-69be8402ecf1e","status":"publish","type":"product","link":"https:\/\/my.stlflix.com\/es\/product\/catch-of-the-day-key-holder-69be8402ecf1e\/","title":{"rendered":"Porta Chaves &#8211; Espinha de peixe"},"content":{"rendered":"<p data-start=\"160\" data-end=\"378\">D\u00ea um toque de humor e estilo \u00e0 sua entrada com o nosso porta-chaves em formato de espinha de peixe. Com um design moderno e divertido, ele transforma um item do dia a dia em uma pe\u00e7a decorativa cheia de personalidade.<\/p>\n<p data-start=\"380\" data-end=\"639\">Produzido com acabamento de qualidade e detalhes \u00fanicos, o modelo traz um peixe estilizado com cabe\u00e7a e cauda em azul vibrante, contrastando com a estrutura central branca que simula a espinha \u2014 onde ficam os ganchos para pendurar suas chaves com praticidade.<\/p>\n<p data-start=\"641\" data-end=\"784\">Al\u00e9m de manter tudo organizado, ele se destaca como um elemento criativo na parede, ideal para quem gosta de decora\u00e7\u00e3o descontra\u00edda e original.<\/p>\n<p data-start=\"786\" data-end=\"800\"><strong data-start=\"786\" data-end=\"800\">Destaques:<\/strong><\/p>\n<ul data-start=\"801\" data-end=\"1005\">\n<li data-section-id=\"lfrzj5\" data-start=\"801\" data-end=\"833\">Design exclusivo e divertido<\/li>\n<li data-section-id=\"1gh9f3s\" data-start=\"834\" data-end=\"879\">Ganchos firmes para organizar suas chaves<\/li>\n<li data-section-id=\"1hr2iuc\" data-start=\"880\" data-end=\"927\">Combina\u00e7\u00e3o de cores moderna (azul e branco)<\/li>\n<li data-section-id=\"161fq1i\" data-start=\"928\" data-end=\"949\">F\u00e1cil de instalar<\/li>\n<li data-section-id=\"1fs1wqi\" data-start=\"950\" data-end=\"1005\">Perfeito para hall de entrada, escrit\u00f3rio ou quarto<\/li>\n<\/ul>\n<p data-start=\"1007\" data-end=\"1074\">Organiza\u00e7\u00e3o nunca foi t\u00e3o estilosa \u2014 e com um toque de bom humor \ud83d\udc1f<\/p>\n","protected":false},"excerpt":{"rendered":"<p>D\u00ea um toque de humor e estilo \u00e0 sua entrada com o nosso porta-chaves em formato de espinha de peixe. Com um design moderno e divertido, ele transforma um item do dia a dia em uma pe\u00e7a decorativa cheia de personalidade. Produzido com acabamento de qualidade e detalhes \u00fanicos, o modelo traz um peixe estilizado [&hellip;]<\/p>\n","protected":false},"featured_media":550403,"comment_status":"open","ping_status":"closed","template":"","meta":[],"product_brand":[],"product_cat":[15],"product_tag":[5081],"class_list":{"0":"post-550351","1":"product","2":"type-product","3":"status-publish","4":"has-post-thumbnail","6":"product_cat-uncategorized","7":"product_tag-home-decor-3","9":"first","10":"instock","11":"sale","12":"taxable","13":"shipping-taxable","14":"purchasable","15":"product-type-simple"},"yoast_head":"<!-- This site is optimized with the Yoast SEO plugin v25.1 - https:\/\/yoast.com\/wordpress\/plugins\/seo\/ -->\n<title>Porta Chaves - Espinha de peixe - MyStore - By STLFLIX<\/title>\n<meta name=\"robots\" content=\"index, follow, max-snippet:-1, max-image-preview:large, max-video-preview:-1\" \/>\n<link rel=\"canonical\" href=\"https:\/\/my.stlflix.com\/tr\/product\/catch-of-the-day-key-holder-69be8402ecf1e\/\" \/>\n<meta property=\"og:locale\" content=\"es_ES\" \/>\n<meta property=\"og:type\" content=\"article\" \/>\n<meta property=\"og:title\" content=\"Porta Chaves - Espinha de peixe - MyStore - By STLFLIX\" \/>\n<meta property=\"og:description\" content=\"D\u00ea um toque de humor e estilo \u00e0 sua entrada com o nosso porta-chaves em formato de espinha de peixe. Com um design moderno e divertido, ele transforma um item do dia a dia em uma pe\u00e7a decorativa cheia de personalidade. Produzido com acabamento de qualidade e detalhes \u00fanicos, o modelo traz um peixe estilizado [&hellip;]\" \/>\n<meta property=\"og:url\" content=\"https:\/\/my.stlflix.com\/tr\/product\/catch-of-the-day-key-holder-69be8402ecf1e\/\" \/>\n<meta property=\"og:site_name\" content=\"MyStore - By STLFLIX\" \/>\n<meta property=\"article:publisher\" content=\"https:\/\/www.facebook.com\/STLFLIX\" \/>\n<meta property=\"article:modified_time\" content=\"2026-03-21T12:01:13+00:00\" \/>\n<meta property=\"og:image\" content=\"https:\/\/my.stlflix.com\/wp-content\/uploads\/2026\/03\/cropped-Catch_of_the_Day_Key_Holder1_55a95a14e0-1.png\" \/>\n\t<meta property=\"og:image:width\" content=\"1079\" \/>\n\t<meta property=\"og:image:height\" content=\"1348\" \/>\n\t<meta property=\"og:image:type\" content=\"image\/png\" \/>\n<meta name=\"twitter:card\" content=\"summary_large_image\" \/>\n<meta name=\"twitter:label1\" content=\"Est. reading time\" \/>\n\t<meta name=\"twitter:data1\" content=\"1 minute\" \/>\n<script type=\"application\/ld+json\" class=\"yoast-schema-graph\">{\"@context\":\"https:\/\/schema.org\",\"@graph\":[{\"@type\":\"WebPage\",\"@id\":\"https:\/\/my.stlflix.com\/tr\/product\/catch-of-the-day-key-holder-69be8402ecf1e\/\",\"url\":\"https:\/\/my.stlflix.com\/tr\/product\/catch-of-the-day-key-holder-69be8402ecf1e\/\",\"name\":\"Porta Chaves - Espinha de peixe - MyStore - By STLFLIX\",\"isPartOf\":{\"@id\":\"https:\/\/my.stlflix.com\/tr\/#website\"},\"primaryImageOfPage\":{\"@id\":\"https:\/\/my.stlflix.com\/tr\/product\/catch-of-the-day-key-holder-69be8402ecf1e\/#primaryimage\"},\"image\":{\"@id\":\"https:\/\/my.stlflix.com\/tr\/product\/catch-of-the-day-key-holder-69be8402ecf1e\/#primaryimage\"},\"thumbnailUrl\":\"https:\/\/my.stlflix.com\/wp-content\/uploads\/2026\/03\/cropped-Catch_of_the_Day_Key_Holder1_55a95a14e0-1.png\",\"datePublished\":\"2026-03-21T12:01:12+00:00\",\"dateModified\":\"2026-03-21T12:01:13+00:00\",\"breadcrumb\":{\"@id\":\"https:\/\/my.stlflix.com\/tr\/product\/catch-of-the-day-key-holder-69be8402ecf1e\/#breadcrumb\"},\"inLanguage\":\"es-ES\",\"potentialAction\":[{\"@type\":\"ReadAction\",\"target\":[\"https:\/\/my.stlflix.com\/tr\/product\/catch-of-the-day-key-holder-69be8402ecf1e\/\"]}]},{\"@type\":\"ImageObject\",\"inLanguage\":\"es-ES\",\"@id\":\"https:\/\/my.stlflix.com\/tr\/product\/catch-of-the-day-key-holder-69be8402ecf1e\/#primaryimage\",\"url\":\"https:\/\/my.stlflix.com\/wp-content\/uploads\/2026\/03\/cropped-Catch_of_the_Day_Key_Holder1_55a95a14e0-1.png\",\"contentUrl\":\"https:\/\/my.stlflix.com\/wp-content\/uploads\/2026\/03\/cropped-Catch_of_the_Day_Key_Holder1_55a95a14e0-1.png\",\"width\":1079,\"height\":1348},{\"@type\":\"BreadcrumbList\",\"@id\":\"https:\/\/my.stlflix.com\/tr\/product\/catch-of-the-day-key-holder-69be8402ecf1e\/#breadcrumb\",\"itemListElement\":[{\"@type\":\"ListItem\",\"position\":1,\"name\":\"Home\",\"item\":\"https:\/\/my.stlflix.com\/\"},{\"@type\":\"ListItem\",\"position\":2,\"name\":\"Products\",\"item\":\"https:\/\/my.stlflix.com\/fr\/shop\/\"},{\"@type\":\"ListItem\",\"position\":3,\"name\":\"Porta Chaves &#8211; Espinha de peixe\"}]},{\"@type\":\"WebSite\",\"@id\":\"https:\/\/my.stlflix.com\/tr\/#website\",\"url\":\"https:\/\/my.stlflix.com\/tr\/\",\"name\":\"MyStore - By STLFLIX\",\"description\":\"\",\"publisher\":{\"@id\":\"https:\/\/my.stlflix.com\/tr\/#organization\"},\"potentialAction\":[{\"@type\":\"SearchAction\",\"target\":{\"@type\":\"EntryPoint\",\"urlTemplate\":\"https:\/\/my.stlflix.com\/tr\/?s={search_term_string}\"},\"query-input\":{\"@type\":\"PropertyValueSpecification\",\"valueRequired\":true,\"valueName\":\"search_term_string\"}}],\"inLanguage\":\"es-ES\"},{\"@type\":\"Organization\",\"@id\":\"https:\/\/my.stlflix.com\/tr\/#organization\",\"name\":\"MyStore - By STLFLIX\",\"url\":\"https:\/\/my.stlflix.com\/tr\/\",\"logo\":{\"@type\":\"ImageObject\",\"inLanguage\":\"es-ES\",\"@id\":\"https:\/\/my.stlflix.com\/tr\/#\/schema\/logo\/image\/\",\"url\":\"https:\/\/my.stlflix.com\/wp-content\/uploads\/2024\/06\/logo-mystore.png\",\"contentUrl\":\"https:\/\/my.stlflix.com\/wp-content\/uploads\/2024\/06\/logo-mystore.png\",\"width\":150,\"height\":41,\"caption\":\"MyStore - By STLFLIX\"},\"image\":{\"@id\":\"https:\/\/my.stlflix.com\/tr\/#\/schema\/logo\/image\/\"},\"sameAs\":[\"https:\/\/www.facebook.com\/STLFLIX\",\"https:\/\/www.instagram.com\/stlflix_\/\",\"https:\/\/www.tiktok.com\/@stlflix\"]}]}<\/script>\n<!-- \/ Yoast SEO plugin. -->","yoast_head_json":{"title":"Porta Chaves - Espinha de peixe - MyStore - By STLFLIX","robots":{"index":"index","follow":"follow","max-snippet":"max-snippet:-1","max-image-preview":"max-image-preview:large","max-video-preview":"max-video-preview:-1"},"canonical":"https:\/\/my.stlflix.com\/tr\/product\/catch-of-the-day-key-holder-69be8402ecf1e\/","og_locale":"es_ES","og_type":"article","og_title":"Porta Chaves - Espinha de peixe - MyStore - By STLFLIX","og_description":"D\u00ea um toque de humor e estilo \u00e0 sua entrada com o nosso porta-chaves em formato de espinha de peixe. Com um design moderno e divertido, ele transforma um item do dia a dia em uma pe\u00e7a decorativa cheia de personalidade. Produzido com acabamento de qualidade e detalhes \u00fanicos, o modelo traz um peixe estilizado [&hellip;]","og_url":"https:\/\/my.stlflix.com\/tr\/product\/catch-of-the-day-key-holder-69be8402ecf1e\/","og_site_name":"MyStore - By STLFLIX","article_publisher":"https:\/\/www.facebook.com\/STLFLIX","article_modified_time":"2026-03-21T12:01:13+00:00","og_image":[{"width":1079,"height":1348,"url":"https:\/\/my.stlflix.com\/wp-content\/uploads\/2026\/03\/cropped-Catch_of_the_Day_Key_Holder1_55a95a14e0-1.png","type":"image\/png"}],"twitter_card":"summary_large_image","twitter_misc":{"Est. reading time":"1 minute"},"schema":{"@context":"https:\/\/schema.org","@graph":[{"@type":"WebPage","@id":"https:\/\/my.stlflix.com\/tr\/product\/catch-of-the-day-key-holder-69be8402ecf1e\/","url":"https:\/\/my.stlflix.com\/tr\/product\/catch-of-the-day-key-holder-69be8402ecf1e\/","name":"Porta Chaves - Espinha de peixe - MyStore - By STLFLIX","isPartOf":{"@id":"https:\/\/my.stlflix.com\/tr\/#website"},"primaryImageOfPage":{"@id":"https:\/\/my.stlflix.com\/tr\/product\/catch-of-the-day-key-holder-69be8402ecf1e\/#primaryimage"},"image":{"@id":"https:\/\/my.stlflix.com\/tr\/product\/catch-of-the-day-key-holder-69be8402ecf1e\/#primaryimage"},"thumbnailUrl":"https:\/\/my.stlflix.com\/wp-content\/uploads\/2026\/03\/cropped-Catch_of_the_Day_Key_Holder1_55a95a14e0-1.png","datePublished":"2026-03-21T12:01:12+00:00","dateModified":"2026-03-21T12:01:13+00:00","breadcrumb":{"@id":"https:\/\/my.stlflix.com\/tr\/product\/catch-of-the-day-key-holder-69be8402ecf1e\/#breadcrumb"},"inLanguage":"es-ES","potentialAction":[{"@type":"ReadAction","target":["https:\/\/my.stlflix.com\/tr\/product\/catch-of-the-day-key-holder-69be8402ecf1e\/"]}]},{"@type":"ImageObject","inLanguage":"es-ES","@id":"https:\/\/my.stlflix.com\/tr\/product\/catch-of-the-day-key-holder-69be8402ecf1e\/#primaryimage","url":"https:\/\/my.stlflix.com\/wp-content\/uploads\/2026\/03\/cropped-Catch_of_the_Day_Key_Holder1_55a95a14e0-1.png","contentUrl":"https:\/\/my.stlflix.com\/wp-content\/uploads\/2026\/03\/cropped-Catch_of_the_Day_Key_Holder1_55a95a14e0-1.png","width":1079,"height":1348},{"@type":"BreadcrumbList","@id":"https:\/\/my.stlflix.com\/tr\/product\/catch-of-the-day-key-holder-69be8402ecf1e\/#breadcrumb","itemListElement":[{"@type":"ListItem","position":1,"name":"Home","item":"https:\/\/my.stlflix.com\/"},{"@type":"ListItem","position":2,"name":"Products","item":"https:\/\/my.stlflix.com\/fr\/shop\/"},{"@type":"ListItem","position":3,"name":"Porta Chaves &#8211; Espinha de peixe"}]},{"@type":"WebSite","@id":"https:\/\/my.stlflix.com\/tr\/#website","url":"https:\/\/my.stlflix.com\/tr\/","name":"MyStore - By STLFLIX","description":"","publisher":{"@id":"https:\/\/my.stlflix.com\/tr\/#organization"},"potentialAction":[{"@type":"SearchAction","target":{"@type":"EntryPoint","urlTemplate":"https:\/\/my.stlflix.com\/tr\/?s={search_term_string}"},"query-input":{"@type":"PropertyValueSpecification","valueRequired":true,"valueName":"search_term_string"}}],"inLanguage":"es-ES"},{"@type":"Organization","@id":"https:\/\/my.stlflix.com\/tr\/#organization","name":"MyStore - By STLFLIX","url":"https:\/\/my.stlflix.com\/tr\/","logo":{"@type":"ImageObject","inLanguage":"es-ES","@id":"https:\/\/my.stlflix.com\/tr\/#\/schema\/logo\/image\/","url":"https:\/\/my.stlflix.com\/wp-content\/uploads\/2024\/06\/logo-mystore.png","contentUrl":"https:\/\/my.stlflix.com\/wp-content\/uploads\/2024\/06\/logo-mystore.png","width":150,"height":41,"caption":"MyStore - By STLFLIX"},"image":{"@id":"https:\/\/my.stlflix.com\/tr\/#\/schema\/logo\/image\/"},"sameAs":["https:\/\/www.facebook.com\/STLFLIX","https:\/\/www.instagram.com\/stlflix_\/","https:\/\/www.tiktok.com\/@stlflix"]}]}},"_links":{"self":[{"href":"https:\/\/my.stlflix.com\/es\/wp-json\/wp\/v2\/product\/550351","targetHints":{"allow":["GET"]}}],"collection":[{"href":"https:\/\/my.stlflix.com\/es\/wp-json\/wp\/v2\/product"}],"about":[{"href":"https:\/\/my.stlflix.com\/es\/wp-json\/wp\/v2\/types\/product"}],"replies":[{"embeddable":true,"href":"https:\/\/my.stlflix.com\/es\/wp-json\/wp\/v2\/comments?post=550351"}],"wp:featuredmedia":[{"embeddable":true,"href":"https:\/\/my.stlflix.com\/es\/wp-json\/wp\/v2\/media\/550403"}],"wp:attachment":[{"href":"https:\/\/my.stlflix.com\/es\/wp-json\/wp\/v2\/media?parent=550351"}],"wp:term":[{"taxonomy":"product_brand","embeddable":true,"href":"https:\/\/my.stlflix.com\/es\/wp-json\/wp\/v2\/product_brand?post=550351"},{"taxonomy":"product_cat","embeddable":true,"href":"https:\/\/my.stlflix.com\/es\/wp-json\/wp\/v2\/product_cat?post=550351"},{"taxonomy":"product_tag","embeddable":true,"href":"https:\/\/my.stlflix.com\/es\/wp-json\/wp\/v2\/product_tag?post=550351"}],"curies":[{"name":"wp","href":"https:\/\/api.w.org\/{rel}","templated":true}]}}