{"id":550434,"date":"2026-03-21T15:41:35","date_gmt":"2026-03-21T15:41:35","guid":{"rendered":"https:\/\/my.stlflix.com\/?post_type=product&#038;p=550434"},"modified":"2026-03-21T15:41:35","modified_gmt":"2026-03-21T15:41:35","slug":"anty-panda-69bebb5c00184","status":"publish","type":"product","link":"https:\/\/my.stlflix.com\/es\/product\/anty-panda-69bebb5c00184\/","title":{"rendered":"Panda"},"content":{"rendered":"<p data-start=\"119\" data-end=\"319\">N\u00e3o se engane pela fofura \u2014 esse panda tem personalidade de sobra. Com um olhar marcante e express\u00e3o cheia de atitude, esse chaveiro \u00e9 perfeito para quem gosta de acess\u00f3rios \u00fanicos e cheios de estilo.<\/p>\n<p data-start=\"321\" data-end=\"541\">Compacto e resistente, ele \u00e9 ideal para acompanhar suas chaves, mochila ou at\u00e9 dar um toque especial no seu setup. O contraste cl\u00e1ssico em preto e branco traz um visual moderno e vers\u00e1til, combinando com qualquer estilo.<\/p>\n<p data-start=\"543\" data-end=\"628\">Perfeito para quem quer sair do \u00f3bvio e levar um pouco de personalidade no dia a dia.<\/p>\n<p data-start=\"630\" data-end=\"644\"><strong data-start=\"630\" data-end=\"644\">Destaques:<\/strong><\/p>\n<ul data-start=\"645\" data-end=\"880\">\n<li data-section-id=\"358f8y\" data-start=\"645\" data-end=\"696\">Design exclusivo com express\u00e3o cheia de atitude<\/li>\n<li data-section-id=\"1e3zc98\" data-start=\"697\" data-end=\"736\">Estilo fofo com um toque \u201cbad mood\u201d<\/li>\n<li data-section-id=\"cn7rp7\" data-start=\"737\" data-end=\"780\">Leve, resistente e f\u00e1cil de transportar<\/li>\n<li data-section-id=\"6ikjup\" data-start=\"781\" data-end=\"822\">Combina\u00e7\u00e3o cl\u00e1ssica em preto e branco<\/li>\n<li data-section-id=\"7fk6q8\" data-start=\"823\" data-end=\"880\">Ideal para chaves, mochilas ou como presente criativo<\/li>\n<\/ul>\n<p data-start=\"882\" data-end=\"931\">Pequeno no tamanho, gigante na personalidade.<\/p>\n","protected":false},"excerpt":{"rendered":"<p>N\u00e3o se engane pela fofura \u2014 esse panda tem personalidade de sobra. Com um olhar marcante e express\u00e3o cheia de atitude, esse chaveiro \u00e9 perfeito para quem gosta de acess\u00f3rios \u00fanicos e cheios de estilo. Compacto e resistente, ele \u00e9 ideal para acompanhar suas chaves, mochila ou at\u00e9 dar um toque especial no seu setup. [&hellip;]<\/p>\n","protected":false},"featured_media":532775,"comment_status":"open","ping_status":"closed","template":"","meta":[],"product_brand":[],"product_cat":[15],"product_tag":[1940],"class_list":{"0":"post-550434","1":"product","2":"type-product","3":"status-publish","4":"has-post-thumbnail","6":"product_cat-uncategorized","7":"product_tag-keychain-2","9":"first","10":"instock","11":"sale","12":"taxable","13":"shipping-taxable","14":"purchasable","15":"product-type-simple"},"yoast_head":"<!-- This site is optimized with the Yoast SEO plugin v25.1 - https:\/\/yoast.com\/wordpress\/plugins\/seo\/ -->\n<title>Panda - MyStore - By STLFLIX<\/title>\n<meta name=\"robots\" content=\"index, follow, max-snippet:-1, max-image-preview:large, max-video-preview:-1\" \/>\n<link rel=\"canonical\" href=\"https:\/\/my.stlflix.com\/es\/product\/anty-panda-69bebb5c00184\/\" \/>\n<meta property=\"og:locale\" content=\"es_ES\" \/>\n<meta property=\"og:type\" content=\"article\" \/>\n<meta property=\"og:title\" content=\"Panda - MyStore - By STLFLIX\" \/>\n<meta property=\"og:description\" content=\"N\u00e3o se engane pela fofura \u2014 esse panda tem personalidade de sobra. Com um olhar marcante e express\u00e3o cheia de atitude, esse chaveiro \u00e9 perfeito para quem gosta de acess\u00f3rios \u00fanicos e cheios de estilo. Compacto e resistente, ele \u00e9 ideal para acompanhar suas chaves, mochila ou at\u00e9 dar um toque especial no seu setup. [&hellip;]\" \/>\n<meta property=\"og:url\" content=\"https:\/\/my.stlflix.com\/es\/product\/anty-panda-69bebb5c00184\/\" \/>\n<meta property=\"og:site_name\" content=\"MyStore - By STLFLIX\" \/>\n<meta property=\"article:publisher\" content=\"https:\/\/www.facebook.com\/STLFLIX\" \/>\n<meta property=\"og:image\" content=\"https:\/\/my.stlflix.com\/wp-content\/uploads\/2026\/02\/Anty_Pandathumb_d28f415d7a.png\" \/>\n\t<meta property=\"og:image:width\" content=\"1080\" \/>\n\t<meta property=\"og:image:height\" content=\"1350\" \/>\n\t<meta property=\"og:image:type\" content=\"image\/png\" \/>\n<meta name=\"twitter:card\" content=\"summary_large_image\" \/>\n<meta name=\"twitter:label1\" content=\"Est. reading time\" \/>\n\t<meta name=\"twitter:data1\" content=\"1 minute\" \/>\n<script type=\"application\/ld+json\" class=\"yoast-schema-graph\">{\"@context\":\"https:\/\/schema.org\",\"@graph\":[{\"@type\":\"WebPage\",\"@id\":\"https:\/\/my.stlflix.com\/es\/product\/anty-panda-69bebb5c00184\/\",\"url\":\"https:\/\/my.stlflix.com\/es\/product\/anty-panda-69bebb5c00184\/\",\"name\":\"Panda - MyStore - By STLFLIX\",\"isPartOf\":{\"@id\":\"https:\/\/my.stlflix.com\/tr\/#website\"},\"primaryImageOfPage\":{\"@id\":\"https:\/\/my.stlflix.com\/es\/product\/anty-panda-69bebb5c00184\/#primaryimage\"},\"image\":{\"@id\":\"https:\/\/my.stlflix.com\/es\/product\/anty-panda-69bebb5c00184\/#primaryimage\"},\"thumbnailUrl\":\"https:\/\/my.stlflix.com\/wp-content\/uploads\/2026\/02\/Anty_Pandathumb_d28f415d7a.png\",\"datePublished\":\"2026-03-21T15:41:35+00:00\",\"breadcrumb\":{\"@id\":\"https:\/\/my.stlflix.com\/es\/product\/anty-panda-69bebb5c00184\/#breadcrumb\"},\"inLanguage\":\"es-ES\",\"potentialAction\":[{\"@type\":\"ReadAction\",\"target\":[\"https:\/\/my.stlflix.com\/es\/product\/anty-panda-69bebb5c00184\/\"]}]},{\"@type\":\"ImageObject\",\"inLanguage\":\"es-ES\",\"@id\":\"https:\/\/my.stlflix.com\/es\/product\/anty-panda-69bebb5c00184\/#primaryimage\",\"url\":\"https:\/\/my.stlflix.com\/wp-content\/uploads\/2026\/02\/Anty_Pandathumb_d28f415d7a.png\",\"contentUrl\":\"https:\/\/my.stlflix.com\/wp-content\/uploads\/2026\/02\/Anty_Pandathumb_d28f415d7a.png\",\"width\":1080,\"height\":1350},{\"@type\":\"BreadcrumbList\",\"@id\":\"https:\/\/my.stlflix.com\/es\/product\/anty-panda-69bebb5c00184\/#breadcrumb\",\"itemListElement\":[{\"@type\":\"ListItem\",\"position\":1,\"name\":\"Home\",\"item\":\"https:\/\/my.stlflix.com\/\"},{\"@type\":\"ListItem\",\"position\":2,\"name\":\"Products\",\"item\":\"https:\/\/my.stlflix.com\/fr\/shop\/\"},{\"@type\":\"ListItem\",\"position\":3,\"name\":\"Panda\"}]},{\"@type\":\"WebSite\",\"@id\":\"https:\/\/my.stlflix.com\/tr\/#website\",\"url\":\"https:\/\/my.stlflix.com\/tr\/\",\"name\":\"MyStore - By STLFLIX\",\"description\":\"\",\"publisher\":{\"@id\":\"https:\/\/my.stlflix.com\/tr\/#organization\"},\"potentialAction\":[{\"@type\":\"SearchAction\",\"target\":{\"@type\":\"EntryPoint\",\"urlTemplate\":\"https:\/\/my.stlflix.com\/tr\/?s={search_term_string}\"},\"query-input\":{\"@type\":\"PropertyValueSpecification\",\"valueRequired\":true,\"valueName\":\"search_term_string\"}}],\"inLanguage\":\"es-ES\"},{\"@type\":\"Organization\",\"@id\":\"https:\/\/my.stlflix.com\/tr\/#organization\",\"name\":\"MyStore - By STLFLIX\",\"url\":\"https:\/\/my.stlflix.com\/tr\/\",\"logo\":{\"@type\":\"ImageObject\",\"inLanguage\":\"es-ES\",\"@id\":\"https:\/\/my.stlflix.com\/tr\/#\/schema\/logo\/image\/\",\"url\":\"https:\/\/my.stlflix.com\/wp-content\/uploads\/2024\/06\/logo-mystore.png\",\"contentUrl\":\"https:\/\/my.stlflix.com\/wp-content\/uploads\/2024\/06\/logo-mystore.png\",\"width\":150,\"height\":41,\"caption\":\"MyStore - By STLFLIX\"},\"image\":{\"@id\":\"https:\/\/my.stlflix.com\/tr\/#\/schema\/logo\/image\/\"},\"sameAs\":[\"https:\/\/www.facebook.com\/STLFLIX\",\"https:\/\/www.instagram.com\/stlflix_\/\",\"https:\/\/www.tiktok.com\/@stlflix\"]}]}<\/script>\n<!-- \/ Yoast SEO plugin. -->","yoast_head_json":{"title":"Panda - MyStore - By STLFLIX","robots":{"index":"index","follow":"follow","max-snippet":"max-snippet:-1","max-image-preview":"max-image-preview:large","max-video-preview":"max-video-preview:-1"},"canonical":"https:\/\/my.stlflix.com\/es\/product\/anty-panda-69bebb5c00184\/","og_locale":"es_ES","og_type":"article","og_title":"Panda - MyStore - By STLFLIX","og_description":"N\u00e3o se engane pela fofura \u2014 esse panda tem personalidade de sobra. Com um olhar marcante e express\u00e3o cheia de atitude, esse chaveiro \u00e9 perfeito para quem gosta de acess\u00f3rios \u00fanicos e cheios de estilo. Compacto e resistente, ele \u00e9 ideal para acompanhar suas chaves, mochila ou at\u00e9 dar um toque especial no seu setup. [&hellip;]","og_url":"https:\/\/my.stlflix.com\/es\/product\/anty-panda-69bebb5c00184\/","og_site_name":"MyStore - By STLFLIX","article_publisher":"https:\/\/www.facebook.com\/STLFLIX","og_image":[{"width":1080,"height":1350,"url":"https:\/\/my.stlflix.com\/wp-content\/uploads\/2026\/02\/Anty_Pandathumb_d28f415d7a.png","type":"image\/png"}],"twitter_card":"summary_large_image","twitter_misc":{"Est. reading time":"1 minute"},"schema":{"@context":"https:\/\/schema.org","@graph":[{"@type":"WebPage","@id":"https:\/\/my.stlflix.com\/es\/product\/anty-panda-69bebb5c00184\/","url":"https:\/\/my.stlflix.com\/es\/product\/anty-panda-69bebb5c00184\/","name":"Panda - MyStore - By STLFLIX","isPartOf":{"@id":"https:\/\/my.stlflix.com\/tr\/#website"},"primaryImageOfPage":{"@id":"https:\/\/my.stlflix.com\/es\/product\/anty-panda-69bebb5c00184\/#primaryimage"},"image":{"@id":"https:\/\/my.stlflix.com\/es\/product\/anty-panda-69bebb5c00184\/#primaryimage"},"thumbnailUrl":"https:\/\/my.stlflix.com\/wp-content\/uploads\/2026\/02\/Anty_Pandathumb_d28f415d7a.png","datePublished":"2026-03-21T15:41:35+00:00","breadcrumb":{"@id":"https:\/\/my.stlflix.com\/es\/product\/anty-panda-69bebb5c00184\/#breadcrumb"},"inLanguage":"es-ES","potentialAction":[{"@type":"ReadAction","target":["https:\/\/my.stlflix.com\/es\/product\/anty-panda-69bebb5c00184\/"]}]},{"@type":"ImageObject","inLanguage":"es-ES","@id":"https:\/\/my.stlflix.com\/es\/product\/anty-panda-69bebb5c00184\/#primaryimage","url":"https:\/\/my.stlflix.com\/wp-content\/uploads\/2026\/02\/Anty_Pandathumb_d28f415d7a.png","contentUrl":"https:\/\/my.stlflix.com\/wp-content\/uploads\/2026\/02\/Anty_Pandathumb_d28f415d7a.png","width":1080,"height":1350},{"@type":"BreadcrumbList","@id":"https:\/\/my.stlflix.com\/es\/product\/anty-panda-69bebb5c00184\/#breadcrumb","itemListElement":[{"@type":"ListItem","position":1,"name":"Home","item":"https:\/\/my.stlflix.com\/"},{"@type":"ListItem","position":2,"name":"Products","item":"https:\/\/my.stlflix.com\/fr\/shop\/"},{"@type":"ListItem","position":3,"name":"Panda"}]},{"@type":"WebSite","@id":"https:\/\/my.stlflix.com\/tr\/#website","url":"https:\/\/my.stlflix.com\/tr\/","name":"MyStore - By STLFLIX","description":"","publisher":{"@id":"https:\/\/my.stlflix.com\/tr\/#organization"},"potentialAction":[{"@type":"SearchAction","target":{"@type":"EntryPoint","urlTemplate":"https:\/\/my.stlflix.com\/tr\/?s={search_term_string}"},"query-input":{"@type":"PropertyValueSpecification","valueRequired":true,"valueName":"search_term_string"}}],"inLanguage":"es-ES"},{"@type":"Organization","@id":"https:\/\/my.stlflix.com\/tr\/#organization","name":"MyStore - By STLFLIX","url":"https:\/\/my.stlflix.com\/tr\/","logo":{"@type":"ImageObject","inLanguage":"es-ES","@id":"https:\/\/my.stlflix.com\/tr\/#\/schema\/logo\/image\/","url":"https:\/\/my.stlflix.com\/wp-content\/uploads\/2024\/06\/logo-mystore.png","contentUrl":"https:\/\/my.stlflix.com\/wp-content\/uploads\/2024\/06\/logo-mystore.png","width":150,"height":41,"caption":"MyStore - By STLFLIX"},"image":{"@id":"https:\/\/my.stlflix.com\/tr\/#\/schema\/logo\/image\/"},"sameAs":["https:\/\/www.facebook.com\/STLFLIX","https:\/\/www.instagram.com\/stlflix_\/","https:\/\/www.tiktok.com\/@stlflix"]}]}},"_links":{"self":[{"href":"https:\/\/my.stlflix.com\/es\/wp-json\/wp\/v2\/product\/550434","targetHints":{"allow":["GET"]}}],"collection":[{"href":"https:\/\/my.stlflix.com\/es\/wp-json\/wp\/v2\/product"}],"about":[{"href":"https:\/\/my.stlflix.com\/es\/wp-json\/wp\/v2\/types\/product"}],"replies":[{"embeddable":true,"href":"https:\/\/my.stlflix.com\/es\/wp-json\/wp\/v2\/comments?post=550434"}],"wp:featuredmedia":[{"embeddable":true,"href":"https:\/\/my.stlflix.com\/es\/wp-json\/wp\/v2\/media\/532775"}],"wp:attachment":[{"href":"https:\/\/my.stlflix.com\/es\/wp-json\/wp\/v2\/media?parent=550434"}],"wp:term":[{"taxonomy":"product_brand","embeddable":true,"href":"https:\/\/my.stlflix.com\/es\/wp-json\/wp\/v2\/product_brand?post=550434"},{"taxonomy":"product_cat","embeddable":true,"href":"https:\/\/my.stlflix.com\/es\/wp-json\/wp\/v2\/product_cat?post=550434"},{"taxonomy":"product_tag","embeddable":true,"href":"https:\/\/my.stlflix.com\/es\/wp-json\/wp\/v2\/product_tag?post=550434"}],"curies":[{"name":"wp","href":"https:\/\/api.w.org\/{rel}","templated":true}]}}