{"id":550439,"date":"2026-03-21T15:54:25","date_gmt":"2026-03-21T15:54:25","guid":{"rendered":"https:\/\/my.stlflix.com\/?post_type=product&#038;p=550439"},"modified":"2026-03-21T15:54:25","modified_gmt":"2026-03-21T15:54:25","slug":"anty-fox-69bebe219c497","status":"publish","type":"product","link":"https:\/\/my.stlflix.com\/es\/product\/anty-fox-69bebe219c497\/","title":{"rendered":"Fox"},"content":{"rendered":"<p data-start=\"134\" data-end=\"328\">\u00c1gil, esperta e cheia de estilo \u2014 essa fox n\u00e3o passa despercebida. Com uma express\u00e3o marcante e um design cheio de personalidade, ela combina perfeitamente o lado fofo com uma atitude confiante.<\/p>\n<p data-start=\"330\" data-end=\"530\">Compacta e resistente, \u00e9 ideal para acompanhar suas chaves, mochila ou adicionar um toque diferenciado ao seu dia a dia. Um acess\u00f3rio pensado para quem gosta de detalhes \u00fanicos e cheios de identidade.<\/p>\n<p data-start=\"532\" data-end=\"572\">Porque estilo tamb\u00e9m \u00e9 saber ser ousado.<\/p>\n<p data-start=\"574\" data-end=\"588\"><strong data-start=\"574\" data-end=\"588\">Destaques:<\/strong><\/p>\n<ul data-start=\"589\" data-end=\"838\">\n<li data-section-id=\"358f8y\" data-start=\"589\" data-end=\"640\">Design exclusivo com express\u00e3o cheia de atitude<\/li>\n<li data-section-id=\"1698v4r\" data-start=\"641\" data-end=\"685\">Estilo fofo com toque elegante e moderno<\/li>\n<li data-section-id=\"cn7rp7\" data-start=\"686\" data-end=\"729\">Leve, resistente e f\u00e1cil de transportar<\/li>\n<li data-section-id=\"vm9y8j\" data-start=\"730\" data-end=\"782\">Visual vers\u00e1til que se destaca em qualquer lugar<\/li>\n<li data-section-id=\"1vxpikt\" data-start=\"783\" data-end=\"838\">Perfeito para chaves, mochilas ou presente criativo<\/li>\n<\/ul>\n<p data-start=\"840\" data-end=\"887\">Inteligente, charmosa e com muita presen\u00e7a.<\/p>\n","protected":false},"excerpt":{"rendered":"<p>\u00c1gil, esperta e cheia de estilo \u2014 essa fox n\u00e3o passa despercebida. Com uma express\u00e3o marcante e um design cheio de personalidade, ela combina perfeitamente o lado fofo com uma atitude confiante. Compacta e resistente, \u00e9 ideal para acompanhar suas chaves, mochila ou adicionar um toque diferenciado ao seu dia a dia. Um acess\u00f3rio pensado [&hellip;]<\/p>\n","protected":false},"featured_media":532718,"comment_status":"open","ping_status":"closed","template":"","meta":[],"product_brand":[],"product_cat":[15],"product_tag":[1940],"class_list":{"0":"post-550439","1":"product","2":"type-product","3":"status-publish","4":"has-post-thumbnail","6":"product_cat-uncategorized","7":"product_tag-keychain-2","9":"first","10":"instock","11":"sale","12":"taxable","13":"shipping-taxable","14":"purchasable","15":"product-type-simple"},"yoast_head":"<!-- This site is optimized with the Yoast SEO plugin v25.1 - https:\/\/yoast.com\/wordpress\/plugins\/seo\/ -->\n<title>Fox - MyStore - By STLFLIX<\/title>\n<meta name=\"robots\" content=\"index, follow, max-snippet:-1, max-image-preview:large, max-video-preview:-1\" \/>\n<link rel=\"canonical\" href=\"https:\/\/my.stlflix.com\/es\/product\/anty-fox-69bebe219c497\/\" \/>\n<meta property=\"og:locale\" content=\"es_ES\" \/>\n<meta property=\"og:type\" content=\"article\" \/>\n<meta property=\"og:title\" content=\"Fox - MyStore - By STLFLIX\" \/>\n<meta property=\"og:description\" content=\"\u00c1gil, esperta e cheia de estilo \u2014 essa fox n\u00e3o passa despercebida. Com uma express\u00e3o marcante e um design cheio de personalidade, ela combina perfeitamente o lado fofo com uma atitude confiante. Compacta e resistente, \u00e9 ideal para acompanhar suas chaves, mochila ou adicionar um toque diferenciado ao seu dia a dia. Um acess\u00f3rio pensado [&hellip;]\" \/>\n<meta property=\"og:url\" content=\"https:\/\/my.stlflix.com\/es\/product\/anty-fox-69bebe219c497\/\" \/>\n<meta property=\"og:site_name\" content=\"MyStore - By STLFLIX\" \/>\n<meta property=\"article:publisher\" content=\"https:\/\/www.facebook.com\/STLFLIX\" \/>\n<meta property=\"og:image\" content=\"https:\/\/my.stlflix.com\/wp-content\/uploads\/2026\/02\/Anty_Fox_thumb_e9cd994c6f.png\" \/>\n\t<meta property=\"og:image:width\" content=\"1080\" \/>\n\t<meta property=\"og:image:height\" content=\"1350\" \/>\n\t<meta property=\"og:image:type\" content=\"image\/png\" \/>\n<meta name=\"twitter:card\" content=\"summary_large_image\" \/>\n<meta name=\"twitter:label1\" content=\"Est. reading time\" \/>\n\t<meta name=\"twitter:data1\" content=\"1 minute\" \/>\n<script type=\"application\/ld+json\" class=\"yoast-schema-graph\">{\"@context\":\"https:\/\/schema.org\",\"@graph\":[{\"@type\":\"WebPage\",\"@id\":\"https:\/\/my.stlflix.com\/es\/product\/anty-fox-69bebe219c497\/\",\"url\":\"https:\/\/my.stlflix.com\/es\/product\/anty-fox-69bebe219c497\/\",\"name\":\"Fox - MyStore - By STLFLIX\",\"isPartOf\":{\"@id\":\"https:\/\/www.stlflix-store.com\/#website\"},\"primaryImageOfPage\":{\"@id\":\"https:\/\/my.stlflix.com\/es\/product\/anty-fox-69bebe219c497\/#primaryimage\"},\"image\":{\"@id\":\"https:\/\/my.stlflix.com\/es\/product\/anty-fox-69bebe219c497\/#primaryimage\"},\"thumbnailUrl\":\"https:\/\/my.stlflix.com\/wp-content\/uploads\/2026\/02\/Anty_Fox_thumb_e9cd994c6f.png\",\"datePublished\":\"2026-03-21T15:54:25+00:00\",\"breadcrumb\":{\"@id\":\"https:\/\/my.stlflix.com\/es\/product\/anty-fox-69bebe219c497\/#breadcrumb\"},\"inLanguage\":\"es-ES\",\"potentialAction\":[{\"@type\":\"ReadAction\",\"target\":[\"https:\/\/my.stlflix.com\/es\/product\/anty-fox-69bebe219c497\/\"]}]},{\"@type\":\"ImageObject\",\"inLanguage\":\"es-ES\",\"@id\":\"https:\/\/my.stlflix.com\/es\/product\/anty-fox-69bebe219c497\/#primaryimage\",\"url\":\"https:\/\/my.stlflix.com\/wp-content\/uploads\/2026\/02\/Anty_Fox_thumb_e9cd994c6f.png\",\"contentUrl\":\"https:\/\/my.stlflix.com\/wp-content\/uploads\/2026\/02\/Anty_Fox_thumb_e9cd994c6f.png\",\"width\":1080,\"height\":1350},{\"@type\":\"BreadcrumbList\",\"@id\":\"https:\/\/my.stlflix.com\/es\/product\/anty-fox-69bebe219c497\/#breadcrumb\",\"itemListElement\":[{\"@type\":\"ListItem\",\"position\":1,\"name\":\"Home\",\"item\":\"https:\/\/www.lojadomandela3d.biz\/\"},{\"@type\":\"ListItem\",\"position\":2,\"name\":\"Products\",\"item\":\"https:\/\/www.lojadomandela3d.biz\/shop\/\"},{\"@type\":\"ListItem\",\"position\":3,\"name\":\"Fox\"}]},{\"@type\":\"WebSite\",\"@id\":\"https:\/\/www.stlflix-store.com\/#website\",\"url\":\"https:\/\/www.stlflix-store.com\/\",\"name\":\"MyStore - By STLFLIX\",\"description\":\"\",\"publisher\":{\"@id\":\"https:\/\/www.stlflix-store.com\/#organization\"},\"potentialAction\":[{\"@type\":\"SearchAction\",\"target\":{\"@type\":\"EntryPoint\",\"urlTemplate\":\"https:\/\/www.stlflix-store.com\/?s={search_term_string}\"},\"query-input\":{\"@type\":\"PropertyValueSpecification\",\"valueRequired\":true,\"valueName\":\"search_term_string\"}}],\"inLanguage\":\"es-ES\"},{\"@type\":\"Organization\",\"@id\":\"https:\/\/www.stlflix-store.com\/#organization\",\"name\":\"MyStore - By STLFLIX\",\"url\":\"https:\/\/www.stlflix-store.com\/\",\"logo\":{\"@type\":\"ImageObject\",\"inLanguage\":\"es-ES\",\"@id\":\"https:\/\/www.stlflix-store.com\/#\/schema\/logo\/image\/\",\"url\":\"https:\/\/my.stlflix.com\/wp-content\/uploads\/2024\/06\/logo-mystore.png\",\"contentUrl\":\"https:\/\/my.stlflix.com\/wp-content\/uploads\/2024\/06\/logo-mystore.png\",\"width\":150,\"height\":41,\"caption\":\"MyStore - By STLFLIX\"},\"image\":{\"@id\":\"https:\/\/www.stlflix-store.com\/#\/schema\/logo\/image\/\"},\"sameAs\":[\"https:\/\/www.facebook.com\/STLFLIX\",\"https:\/\/www.instagram.com\/stlflix_\/\",\"https:\/\/www.tiktok.com\/@stlflix\"]}]}<\/script>\n<!-- \/ Yoast SEO plugin. -->","yoast_head_json":{"title":"Fox - MyStore - By STLFLIX","robots":{"index":"index","follow":"follow","max-snippet":"max-snippet:-1","max-image-preview":"max-image-preview:large","max-video-preview":"max-video-preview:-1"},"canonical":"https:\/\/my.stlflix.com\/es\/product\/anty-fox-69bebe219c497\/","og_locale":"es_ES","og_type":"article","og_title":"Fox - MyStore - By STLFLIX","og_description":"\u00c1gil, esperta e cheia de estilo \u2014 essa fox n\u00e3o passa despercebida. Com uma express\u00e3o marcante e um design cheio de personalidade, ela combina perfeitamente o lado fofo com uma atitude confiante. Compacta e resistente, \u00e9 ideal para acompanhar suas chaves, mochila ou adicionar um toque diferenciado ao seu dia a dia. Um acess\u00f3rio pensado [&hellip;]","og_url":"https:\/\/my.stlflix.com\/es\/product\/anty-fox-69bebe219c497\/","og_site_name":"MyStore - By STLFLIX","article_publisher":"https:\/\/www.facebook.com\/STLFLIX","og_image":[{"width":1080,"height":1350,"url":"https:\/\/my.stlflix.com\/wp-content\/uploads\/2026\/02\/Anty_Fox_thumb_e9cd994c6f.png","type":"image\/png"}],"twitter_card":"summary_large_image","twitter_misc":{"Est. reading time":"1 minute"},"schema":{"@context":"https:\/\/schema.org","@graph":[{"@type":"WebPage","@id":"https:\/\/my.stlflix.com\/es\/product\/anty-fox-69bebe219c497\/","url":"https:\/\/my.stlflix.com\/es\/product\/anty-fox-69bebe219c497\/","name":"Fox - MyStore - By STLFLIX","isPartOf":{"@id":"https:\/\/www.stlflix-store.com\/#website"},"primaryImageOfPage":{"@id":"https:\/\/my.stlflix.com\/es\/product\/anty-fox-69bebe219c497\/#primaryimage"},"image":{"@id":"https:\/\/my.stlflix.com\/es\/product\/anty-fox-69bebe219c497\/#primaryimage"},"thumbnailUrl":"https:\/\/my.stlflix.com\/wp-content\/uploads\/2026\/02\/Anty_Fox_thumb_e9cd994c6f.png","datePublished":"2026-03-21T15:54:25+00:00","breadcrumb":{"@id":"https:\/\/my.stlflix.com\/es\/product\/anty-fox-69bebe219c497\/#breadcrumb"},"inLanguage":"es-ES","potentialAction":[{"@type":"ReadAction","target":["https:\/\/my.stlflix.com\/es\/product\/anty-fox-69bebe219c497\/"]}]},{"@type":"ImageObject","inLanguage":"es-ES","@id":"https:\/\/my.stlflix.com\/es\/product\/anty-fox-69bebe219c497\/#primaryimage","url":"https:\/\/my.stlflix.com\/wp-content\/uploads\/2026\/02\/Anty_Fox_thumb_e9cd994c6f.png","contentUrl":"https:\/\/my.stlflix.com\/wp-content\/uploads\/2026\/02\/Anty_Fox_thumb_e9cd994c6f.png","width":1080,"height":1350},{"@type":"BreadcrumbList","@id":"https:\/\/my.stlflix.com\/es\/product\/anty-fox-69bebe219c497\/#breadcrumb","itemListElement":[{"@type":"ListItem","position":1,"name":"Home","item":"https:\/\/www.lojadomandela3d.biz\/"},{"@type":"ListItem","position":2,"name":"Products","item":"https:\/\/www.lojadomandela3d.biz\/shop\/"},{"@type":"ListItem","position":3,"name":"Fox"}]},{"@type":"WebSite","@id":"https:\/\/www.stlflix-store.com\/#website","url":"https:\/\/www.stlflix-store.com\/","name":"MyStore - By STLFLIX","description":"","publisher":{"@id":"https:\/\/www.stlflix-store.com\/#organization"},"potentialAction":[{"@type":"SearchAction","target":{"@type":"EntryPoint","urlTemplate":"https:\/\/www.stlflix-store.com\/?s={search_term_string}"},"query-input":{"@type":"PropertyValueSpecification","valueRequired":true,"valueName":"search_term_string"}}],"inLanguage":"es-ES"},{"@type":"Organization","@id":"https:\/\/www.stlflix-store.com\/#organization","name":"MyStore - By STLFLIX","url":"https:\/\/www.stlflix-store.com\/","logo":{"@type":"ImageObject","inLanguage":"es-ES","@id":"https:\/\/www.stlflix-store.com\/#\/schema\/logo\/image\/","url":"https:\/\/my.stlflix.com\/wp-content\/uploads\/2024\/06\/logo-mystore.png","contentUrl":"https:\/\/my.stlflix.com\/wp-content\/uploads\/2024\/06\/logo-mystore.png","width":150,"height":41,"caption":"MyStore - By STLFLIX"},"image":{"@id":"https:\/\/www.stlflix-store.com\/#\/schema\/logo\/image\/"},"sameAs":["https:\/\/www.facebook.com\/STLFLIX","https:\/\/www.instagram.com\/stlflix_\/","https:\/\/www.tiktok.com\/@stlflix"]}]}},"_links":{"self":[{"href":"https:\/\/my.stlflix.com\/es\/wp-json\/wp\/v2\/product\/550439","targetHints":{"allow":["GET"]}}],"collection":[{"href":"https:\/\/my.stlflix.com\/es\/wp-json\/wp\/v2\/product"}],"about":[{"href":"https:\/\/my.stlflix.com\/es\/wp-json\/wp\/v2\/types\/product"}],"replies":[{"embeddable":true,"href":"https:\/\/my.stlflix.com\/es\/wp-json\/wp\/v2\/comments?post=550439"}],"wp:featuredmedia":[{"embeddable":true,"href":"https:\/\/my.stlflix.com\/es\/wp-json\/wp\/v2\/media\/532718"}],"wp:attachment":[{"href":"https:\/\/my.stlflix.com\/es\/wp-json\/wp\/v2\/media?parent=550439"}],"wp:term":[{"taxonomy":"product_brand","embeddable":true,"href":"https:\/\/my.stlflix.com\/es\/wp-json\/wp\/v2\/product_brand?post=550439"},{"taxonomy":"product_cat","embeddable":true,"href":"https:\/\/my.stlflix.com\/es\/wp-json\/wp\/v2\/product_cat?post=550439"},{"taxonomy":"product_tag","embeddable":true,"href":"https:\/\/my.stlflix.com\/es\/wp-json\/wp\/v2\/product_tag?post=550439"}],"curies":[{"name":"wp","href":"https:\/\/api.w.org\/{rel}","templated":true}]}}