{"id":556078,"date":"2026-04-02T22:25:11","date_gmt":"2026-04-02T22:25:11","guid":{"rendered":"https:\/\/my.stlflix.com\/?post_type=product&#038;p=556078"},"modified":"2026-04-02T22:25:12","modified_gmt":"2026-04-02T22:25:12","slug":"basketball-phone-holder-69cee5e68cc8d","status":"publish","type":"product","link":"https:\/\/my.stlflix.com\/es\/product\/basketball-phone-holder-69cee5e68cc8d\/","title":{"rendered":"Suporte de Smartphone &#8211; Basketball"},"content":{"rendered":"<blockquote>\n<p style=\"text-align: center\"><strong data-start=\"73\" data-end=\"297\">Trabalhamos com produtos impressos em 3D, desenvolvidos com criatividade, qualidade e aten\u00e7\u00e3o aos detalhes para atender diferentes necessidades, desde pe\u00e7as decorativas e personalizadas at\u00e9 itens funcionais e exclusivos.<\/strong><br data-start=\"297\" data-end=\"300\" \/><strong data-start=\"300\" data-end=\"406\">Realizamos envios para todo o Brasil pelos Correios e tamb\u00e9m oferecemos entrega na Grande Jo\u00e3o Pessoa.<\/strong><br data-start=\"406\" data-end=\"409\" data-is-only-node=\"\" \/>Para pedidos, or\u00e7amentos e mais informa\u00e7\u00f5es, fale conosco pelo WhatsApp: <strong data-start=\"482\" data-end=\"501\">(83) 99311-6633<\/strong>.<\/p>\n<\/blockquote>\n","protected":false},"excerpt":{"rendered":"<p>Trabalhamos com produtos impressos em 3D, desenvolvidos com criatividade, qualidade e aten\u00e7\u00e3o aos detalhes para atender diferentes necessidades, desde pe\u00e7as decorativas e personalizadas at\u00e9 itens funcionais e exclusivos.Realizamos envios para todo o Brasil pelos Correios e tamb\u00e9m oferecemos entrega na Grande Jo\u00e3o Pessoa.Para pedidos, or\u00e7amentos e mais informa\u00e7\u00f5es, fale conosco pelo WhatsApp: (83) 99311-6633.<\/p>\n","protected":false},"featured_media":77301,"comment_status":"open","ping_status":"closed","template":"","meta":[],"product_brand":[],"product_cat":[22],"product_tag":[2616],"class_list":{"0":"post-556078","1":"product","2":"type-product","3":"status-publish","4":"has-post-thumbnail","6":"product_cat-gadgets","7":"product_tag-suporte-de-smartphone","9":"first","10":"instock","11":"sale","12":"taxable","13":"shipping-taxable","14":"purchasable","15":"product-type-simple"},"yoast_head":"<!-- This site is optimized with the Yoast SEO plugin v25.1 - https:\/\/yoast.com\/wordpress\/plugins\/seo\/ -->\n<title>Suporte de Smartphone - Basketball - MyStore - By STLFLIX<\/title>\n<meta name=\"robots\" content=\"index, follow, max-snippet:-1, max-image-preview:large, max-video-preview:-1\" \/>\n<link rel=\"canonical\" href=\"https:\/\/my.stlflix.com\/product\/basketball-phone-holder-69cee5e68cc8d\/\" \/>\n<meta property=\"og:locale\" content=\"es_ES\" \/>\n<meta property=\"og:type\" content=\"article\" \/>\n<meta property=\"og:title\" content=\"Suporte de Smartphone - Basketball - MyStore - By STLFLIX\" \/>\n<meta property=\"og:description\" content=\"Trabalhamos com produtos impressos em 3D, desenvolvidos com criatividade, qualidade e aten\u00e7\u00e3o aos detalhes para atender diferentes necessidades, desde pe\u00e7as decorativas e personalizadas at\u00e9 itens funcionais e exclusivos.Realizamos envios para todo o Brasil pelos Correios e tamb\u00e9m oferecemos entrega na Grande Jo\u00e3o Pessoa.Para pedidos, or\u00e7amentos e mais informa\u00e7\u00f5es, fale conosco pelo WhatsApp: (83) 99311-6633.\" \/>\n<meta property=\"og:url\" content=\"https:\/\/my.stlflix.com\/product\/basketball-phone-holder-69cee5e68cc8d\/\" \/>\n<meta property=\"og:site_name\" content=\"MyStore - By STLFLIX\" \/>\n<meta property=\"article:publisher\" content=\"https:\/\/www.facebook.com\/STLFLIX\" \/>\n<meta property=\"article:modified_time\" content=\"2026-04-02T22:25:12+00:00\" \/>\n<meta property=\"og:image\" content=\"https:\/\/my.stlflix.com\/wp-content\/uploads\/2024\/08\/Basketball_Phone_Holderthumb_fc8eb47898.jpg\" \/>\n\t<meta property=\"og:image:width\" content=\"1080\" \/>\n\t<meta property=\"og:image:height\" content=\"1350\" \/>\n\t<meta property=\"og:image:type\" content=\"image\/jpeg\" \/>\n<meta name=\"twitter:card\" content=\"summary_large_image\" \/>\n<script type=\"application\/ld+json\" class=\"yoast-schema-graph\">{\"@context\":\"https:\/\/schema.org\",\"@graph\":[{\"@type\":\"WebPage\",\"@id\":\"https:\/\/my.stlflix.com\/product\/basketball-phone-holder-69cee5e68cc8d\/\",\"url\":\"https:\/\/my.stlflix.com\/product\/basketball-phone-holder-69cee5e68cc8d\/\",\"name\":\"Suporte de Smartphone - Basketball - MyStore - By STLFLIX\",\"isPartOf\":{\"@id\":\"https:\/\/my.stlflix.com\/#website\"},\"primaryImageOfPage\":{\"@id\":\"https:\/\/my.stlflix.com\/product\/basketball-phone-holder-69cee5e68cc8d\/#primaryimage\"},\"image\":{\"@id\":\"https:\/\/my.stlflix.com\/product\/basketball-phone-holder-69cee5e68cc8d\/#primaryimage\"},\"thumbnailUrl\":\"https:\/\/my.stlflix.com\/wp-content\/uploads\/2024\/08\/Basketball_Phone_Holderthumb_fc8eb47898.jpg\",\"datePublished\":\"2026-04-02T22:25:11+00:00\",\"dateModified\":\"2026-04-02T22:25:12+00:00\",\"breadcrumb\":{\"@id\":\"https:\/\/my.stlflix.com\/product\/basketball-phone-holder-69cee5e68cc8d\/#breadcrumb\"},\"inLanguage\":\"es-ES\",\"potentialAction\":[{\"@type\":\"ReadAction\",\"target\":[\"https:\/\/my.stlflix.com\/product\/basketball-phone-holder-69cee5e68cc8d\/\"]}]},{\"@type\":\"ImageObject\",\"inLanguage\":\"es-ES\",\"@id\":\"https:\/\/my.stlflix.com\/product\/basketball-phone-holder-69cee5e68cc8d\/#primaryimage\",\"url\":\"https:\/\/my.stlflix.com\/wp-content\/uploads\/2024\/08\/Basketball_Phone_Holderthumb_fc8eb47898.jpg\",\"contentUrl\":\"https:\/\/my.stlflix.com\/wp-content\/uploads\/2024\/08\/Basketball_Phone_Holderthumb_fc8eb47898.jpg\",\"width\":1080,\"height\":1350},{\"@type\":\"BreadcrumbList\",\"@id\":\"https:\/\/my.stlflix.com\/product\/basketball-phone-holder-69cee5e68cc8d\/#breadcrumb\",\"itemListElement\":[{\"@type\":\"ListItem\",\"position\":1,\"name\":\"Home\",\"item\":\"https:\/\/www.stlflix-store.com\/\"},{\"@type\":\"ListItem\",\"position\":2,\"name\":\"Products\",\"item\":\"https:\/\/www.stlflix-store.com\/shop\/\"},{\"@type\":\"ListItem\",\"position\":3,\"name\":\"Suporte de Smartphone &#8211; Basketball\"}]},{\"@type\":\"WebSite\",\"@id\":\"https:\/\/my.stlflix.com\/#website\",\"url\":\"https:\/\/my.stlflix.com\/\",\"name\":\"MyStore - By STLFLIX\",\"description\":\"\",\"publisher\":{\"@id\":\"https:\/\/my.stlflix.com\/#organization\"},\"potentialAction\":[{\"@type\":\"SearchAction\",\"target\":{\"@type\":\"EntryPoint\",\"urlTemplate\":\"https:\/\/my.stlflix.com\/?s={search_term_string}\"},\"query-input\":{\"@type\":\"PropertyValueSpecification\",\"valueRequired\":true,\"valueName\":\"search_term_string\"}}],\"inLanguage\":\"es-ES\"},{\"@type\":\"Organization\",\"@id\":\"https:\/\/my.stlflix.com\/#organization\",\"name\":\"MyStore - By STLFLIX\",\"url\":\"https:\/\/my.stlflix.com\/\",\"logo\":{\"@type\":\"ImageObject\",\"inLanguage\":\"es-ES\",\"@id\":\"https:\/\/my.stlflix.com\/#\/schema\/logo\/image\/\",\"url\":\"https:\/\/my.stlflix.com\/wp-content\/uploads\/2024\/06\/logo-mystore.png\",\"contentUrl\":\"https:\/\/my.stlflix.com\/wp-content\/uploads\/2024\/06\/logo-mystore.png\",\"width\":150,\"height\":41,\"caption\":\"MyStore - By STLFLIX\"},\"image\":{\"@id\":\"https:\/\/my.stlflix.com\/#\/schema\/logo\/image\/\"},\"sameAs\":[\"https:\/\/www.facebook.com\/STLFLIX\",\"https:\/\/www.instagram.com\/stlflix_\/\",\"https:\/\/www.tiktok.com\/@stlflix\"]}]}<\/script>\n<!-- \/ Yoast SEO plugin. -->","yoast_head_json":{"title":"Suporte de Smartphone - Basketball - MyStore - By STLFLIX","robots":{"index":"index","follow":"follow","max-snippet":"max-snippet:-1","max-image-preview":"max-image-preview:large","max-video-preview":"max-video-preview:-1"},"canonical":"https:\/\/my.stlflix.com\/product\/basketball-phone-holder-69cee5e68cc8d\/","og_locale":"es_ES","og_type":"article","og_title":"Suporte de Smartphone - Basketball - MyStore - By STLFLIX","og_description":"Trabalhamos com produtos impressos em 3D, desenvolvidos com criatividade, qualidade e aten\u00e7\u00e3o aos detalhes para atender diferentes necessidades, desde pe\u00e7as decorativas e personalizadas at\u00e9 itens funcionais e exclusivos.Realizamos envios para todo o Brasil pelos Correios e tamb\u00e9m oferecemos entrega na Grande Jo\u00e3o Pessoa.Para pedidos, or\u00e7amentos e mais informa\u00e7\u00f5es, fale conosco pelo WhatsApp: (83) 99311-6633.","og_url":"https:\/\/my.stlflix.com\/product\/basketball-phone-holder-69cee5e68cc8d\/","og_site_name":"MyStore - By STLFLIX","article_publisher":"https:\/\/www.facebook.com\/STLFLIX","article_modified_time":"2026-04-02T22:25:12+00:00","og_image":[{"width":1080,"height":1350,"url":"https:\/\/my.stlflix.com\/wp-content\/uploads\/2024\/08\/Basketball_Phone_Holderthumb_fc8eb47898.jpg","type":"image\/jpeg"}],"twitter_card":"summary_large_image","schema":{"@context":"https:\/\/schema.org","@graph":[{"@type":"WebPage","@id":"https:\/\/my.stlflix.com\/product\/basketball-phone-holder-69cee5e68cc8d\/","url":"https:\/\/my.stlflix.com\/product\/basketball-phone-holder-69cee5e68cc8d\/","name":"Suporte de Smartphone - Basketball - MyStore - By STLFLIX","isPartOf":{"@id":"https:\/\/my.stlflix.com\/#website"},"primaryImageOfPage":{"@id":"https:\/\/my.stlflix.com\/product\/basketball-phone-holder-69cee5e68cc8d\/#primaryimage"},"image":{"@id":"https:\/\/my.stlflix.com\/product\/basketball-phone-holder-69cee5e68cc8d\/#primaryimage"},"thumbnailUrl":"https:\/\/my.stlflix.com\/wp-content\/uploads\/2024\/08\/Basketball_Phone_Holderthumb_fc8eb47898.jpg","datePublished":"2026-04-02T22:25:11+00:00","dateModified":"2026-04-02T22:25:12+00:00","breadcrumb":{"@id":"https:\/\/my.stlflix.com\/product\/basketball-phone-holder-69cee5e68cc8d\/#breadcrumb"},"inLanguage":"es-ES","potentialAction":[{"@type":"ReadAction","target":["https:\/\/my.stlflix.com\/product\/basketball-phone-holder-69cee5e68cc8d\/"]}]},{"@type":"ImageObject","inLanguage":"es-ES","@id":"https:\/\/my.stlflix.com\/product\/basketball-phone-holder-69cee5e68cc8d\/#primaryimage","url":"https:\/\/my.stlflix.com\/wp-content\/uploads\/2024\/08\/Basketball_Phone_Holderthumb_fc8eb47898.jpg","contentUrl":"https:\/\/my.stlflix.com\/wp-content\/uploads\/2024\/08\/Basketball_Phone_Holderthumb_fc8eb47898.jpg","width":1080,"height":1350},{"@type":"BreadcrumbList","@id":"https:\/\/my.stlflix.com\/product\/basketball-phone-holder-69cee5e68cc8d\/#breadcrumb","itemListElement":[{"@type":"ListItem","position":1,"name":"Home","item":"https:\/\/www.stlflix-store.com\/"},{"@type":"ListItem","position":2,"name":"Products","item":"https:\/\/www.stlflix-store.com\/shop\/"},{"@type":"ListItem","position":3,"name":"Suporte de Smartphone &#8211; Basketball"}]},{"@type":"WebSite","@id":"https:\/\/my.stlflix.com\/#website","url":"https:\/\/my.stlflix.com\/","name":"MyStore - By STLFLIX","description":"","publisher":{"@id":"https:\/\/my.stlflix.com\/#organization"},"potentialAction":[{"@type":"SearchAction","target":{"@type":"EntryPoint","urlTemplate":"https:\/\/my.stlflix.com\/?s={search_term_string}"},"query-input":{"@type":"PropertyValueSpecification","valueRequired":true,"valueName":"search_term_string"}}],"inLanguage":"es-ES"},{"@type":"Organization","@id":"https:\/\/my.stlflix.com\/#organization","name":"MyStore - By STLFLIX","url":"https:\/\/my.stlflix.com\/","logo":{"@type":"ImageObject","inLanguage":"es-ES","@id":"https:\/\/my.stlflix.com\/#\/schema\/logo\/image\/","url":"https:\/\/my.stlflix.com\/wp-content\/uploads\/2024\/06\/logo-mystore.png","contentUrl":"https:\/\/my.stlflix.com\/wp-content\/uploads\/2024\/06\/logo-mystore.png","width":150,"height":41,"caption":"MyStore - By STLFLIX"},"image":{"@id":"https:\/\/my.stlflix.com\/#\/schema\/logo\/image\/"},"sameAs":["https:\/\/www.facebook.com\/STLFLIX","https:\/\/www.instagram.com\/stlflix_\/","https:\/\/www.tiktok.com\/@stlflix"]}]}},"_links":{"self":[{"href":"https:\/\/my.stlflix.com\/es\/wp-json\/wp\/v2\/product\/556078","targetHints":{"allow":["GET"]}}],"collection":[{"href":"https:\/\/my.stlflix.com\/es\/wp-json\/wp\/v2\/product"}],"about":[{"href":"https:\/\/my.stlflix.com\/es\/wp-json\/wp\/v2\/types\/product"}],"replies":[{"embeddable":true,"href":"https:\/\/my.stlflix.com\/es\/wp-json\/wp\/v2\/comments?post=556078"}],"wp:featuredmedia":[{"embeddable":true,"href":"https:\/\/my.stlflix.com\/es\/wp-json\/wp\/v2\/media\/77301"}],"wp:attachment":[{"href":"https:\/\/my.stlflix.com\/es\/wp-json\/wp\/v2\/media?parent=556078"}],"wp:term":[{"taxonomy":"product_brand","embeddable":true,"href":"https:\/\/my.stlflix.com\/es\/wp-json\/wp\/v2\/product_brand?post=556078"},{"taxonomy":"product_cat","embeddable":true,"href":"https:\/\/my.stlflix.com\/es\/wp-json\/wp\/v2\/product_cat?post=556078"},{"taxonomy":"product_tag","embeddable":true,"href":"https:\/\/my.stlflix.com\/es\/wp-json\/wp\/v2\/product_tag?post=556078"}],"curies":[{"name":"wp","href":"https:\/\/api.w.org\/{rel}","templated":true}]}}