{"id":566950,"date":"2026-04-30T12:22:26","date_gmt":"2026-04-30T12:22:26","guid":{"rendered":"https:\/\/my.stlflix.com\/?post_type=product&#038;p=566950"},"modified":"2026-04-30T12:28:58","modified_gmt":"2026-04-30T12:28:58","slug":"caixa-organizadora-de-figurinha","status":"publish","type":"product","link":"https:\/\/my.stlflix.com\/es\/product\/caixa-organizadora-de-figurinha\/","title":{"rendered":"caixa organizadora de figurinha"},"content":{"rendered":"<p data-start=\"57\" data-end=\"137\"><strong data-start=\"57\" data-end=\"137\"><span dir=\"auto\" style=\"vertical-align: inherit\"><span dir=\"auto\" style=\"vertical-align: inherit\">Caixa Organizadora para Figurinhas da Copa \u2013 Capacidade para 500 unidades<\/span><\/span><\/strong><\/p>\n<p data-start=\"139\" data-end=\"328\"><span dir=\"auto\" style=\"vertical-align: inherit\"><span dir=\"auto\" style=\"vertical-align: inherit\">Mantenha sua cole\u00e7\u00e3o de figurinhas sempre organizada e protegida com essa caixinha pr\u00e1tica e resistente! Ideal para quem est\u00e1 montando o \u00e1lbum da Copa e quer cuidar bem das suas figurinhas.<\/span><\/span><\/p>\n<p data-start=\"330\" data-end=\"352\"><strong data-start=\"332\" data-end=\"352\"><span dir=\"auto\" style=\"vertical-align: inherit\"><span dir=\"auto\" style=\"vertical-align: inherit\">Caracter\u00edsticas:<\/span><\/span><\/strong><\/p>\n<ul data-start=\"353\" data-end=\"535\">\n<li data-section-id=\"17izmy4\" data-start=\"353\" data-end=\"393\"><span dir=\"auto\" style=\"vertical-align: inherit\"><span dir=\"auto\" style=\"vertical-align: inherit\">Capacidade para at\u00e9 <\/span><\/span><strong data-start=\"375\" data-end=\"393\"><span dir=\"auto\" style=\"vertical-align: inherit\"><span dir=\"auto\" style=\"vertical-align: inherit\">500 figurinhas<\/span><\/span><\/strong><\/li>\n<li data-section-id=\"3hmnv0\" data-start=\"394\" data-end=\"423\"><span dir=\"auto\" style=\"vertical-align: inherit\"><span dir=\"auto\" style=\"vertical-align: inherit\">Design compacto e funcional<\/span><\/span><\/li>\n<li data-section-id=\"u7ko7w\" data-start=\"424\" data-end=\"449\"><span dir=\"auto\" style=\"vertical-align: inherit\"><span dir=\"auto\" style=\"vertical-align: inherit\">evento de abrir e fechar<\/span><\/span><\/li>\n<li data-section-id=\"1fvt0sd\" data-start=\"450\" data-end=\"490\"><span dir=\"auto\" style=\"vertical-align: inherit\"><span dir=\"auto\" style=\"vertical-align: inherit\">Perfeita para organiza\u00e7\u00e3o e transporte<\/span><\/span><\/li>\n<li data-section-id=\"swynf0\" data-start=\"491\" data-end=\"535\"><span dir=\"auto\" style=\"vertical-align: inherit\"><span dir=\"auto\" style=\"vertical-align: inherit\">Protege contra sujeira, amassados \u200b\u200be perdas<\/span><\/span><\/li>\n<\/ul>\n<p data-start=\"537\" data-end=\"677\"><strong data-start=\"540\" data-end=\"554\"><span dir=\"auto\" style=\"vertical-align: inherit\"><span dir=\"auto\" style=\"vertical-align: inherit\">Uso ideal:<\/span><\/span><\/strong><br \/>\n<span dir=\"auto\" style=\"vertical-align: inherit\"><span dir=\"auto\" style=\"vertical-align: inherit\"> Guarde suas figurinhas repetidas ou novas com seguran\u00e7a e praticidade. \u00d3tima op\u00e7\u00e3o tamb\u00e9m para levar em trocas com amigos!<\/span><\/span><\/p>\n<p data-start=\"679\" data-end=\"837\"><strong data-start=\"682\" data-end=\"719\"><span dir=\"auto\" style=\"vertical-align: inherit\"><span dir=\"auto\" style=\"vertical-align: inherit\">escolha para colecionadores<\/span><\/span><\/strong><br \/>\n<span dir=\"auto\" style=\"vertical-align: inherit\"><span dir=\"auto\" style=\"vertical-align: inherit\"> Se voc\u00ea \u00e9 f\u00e3 da Copa, essa caixinha \u00e9 essencial para manter tudo \u00f3timo no lugar e facilitar na hora de completar seu \u00e1lbum.<\/span><\/span><\/p>\n","protected":false},"excerpt":{"rendered":"<p>Caixa Organizadora para Figurinhas da Copa \u2013 Capacidade para 500 unidades Mantenha sua cole\u00e7\u00e3o de figurinhas sempre organizada e protegida com essa caixinha pr\u00e1tica e resistente! Ideal para quem est\u00e1 montando o \u00e1lbum da Copa e quer cuidar bem das suas figurinhas. Caracter\u00edsticas: Capacidade para at\u00e9 500 figurinhas Design compacto e funcional evento de abrir [&hellip;]<\/p>\n","protected":false},"featured_media":566951,"comment_status":"open","ping_status":"closed","template":"","meta":[],"product_brand":[],"product_cat":[15],"product_tag":[6989],"class_list":{"0":"post-566950","1":"product","2":"type-product","3":"status-publish","4":"has-post-thumbnail","6":"product_cat-uncategorized","7":"product_tag-colecoes","9":"first","10":"instock","11":"sale","12":"taxable","13":"shipping-taxable","14":"purchasable","15":"product-type-simple"},"yoast_head":"<!-- This site is optimized with the Yoast SEO plugin v25.1 - https:\/\/yoast.com\/wordpress\/plugins\/seo\/ -->\n<title>caixa organizadora de figurinha - MyStore - By STLFLIX<\/title>\n<meta name=\"robots\" content=\"index, follow, max-snippet:-1, max-image-preview:large, max-video-preview:-1\" \/>\n<link rel=\"canonical\" href=\"https:\/\/my.stlflix.com\/product\/caixa-organizadora-de-figurinha\/\" \/>\n<meta property=\"og:locale\" content=\"es_ES\" \/>\n<meta property=\"og:type\" content=\"article\" \/>\n<meta property=\"og:title\" content=\"caixa organizadora de figurinha - MyStore - By STLFLIX\" \/>\n<meta property=\"og:description\" content=\"Caixa Organizadora para Figurinhas da Copa \u2013 Capacidade para 500 unidades Mantenha sua cole\u00e7\u00e3o de figurinhas sempre organizada e protegida com essa caixinha pr\u00e1tica e resistente! Ideal para quem est\u00e1 montando o \u00e1lbum da Copa e quer cuidar bem das suas figurinhas. Caracter\u00edsticas: Capacidade para at\u00e9 500 figurinhas Design compacto e funcional evento de abrir [&hellip;]\" \/>\n<meta property=\"og:url\" content=\"https:\/\/my.stlflix.com\/product\/caixa-organizadora-de-figurinha\/\" \/>\n<meta property=\"og:site_name\" content=\"MyStore - By STLFLIX\" \/>\n<meta property=\"article:publisher\" content=\"https:\/\/www.facebook.com\/STLFLIX\" \/>\n<meta property=\"article:modified_time\" content=\"2026-04-30T12:28:58+00:00\" \/>\n<meta property=\"og:image\" content=\"https:\/\/my.stlflix.com\/wp-content\/uploads\/2026\/04\/cropped-caixa-de-figurinha-imagem-2.jpg\" \/>\n\t<meta property=\"og:image:width\" content=\"719\" \/>\n\t<meta property=\"og:image:height\" content=\"1280\" \/>\n\t<meta property=\"og:image:type\" content=\"image\/jpeg\" \/>\n<meta name=\"twitter:card\" content=\"summary_large_image\" \/>\n<meta name=\"twitter:label1\" content=\"Est. reading time\" \/>\n\t<meta name=\"twitter:data1\" content=\"1 minute\" \/>\n<script type=\"application\/ld+json\" class=\"yoast-schema-graph\">{\"@context\":\"https:\/\/schema.org\",\"@graph\":[{\"@type\":\"WebPage\",\"@id\":\"https:\/\/my.stlflix.com\/product\/caixa-organizadora-de-figurinha\/\",\"url\":\"https:\/\/my.stlflix.com\/product\/caixa-organizadora-de-figurinha\/\",\"name\":\"caixa organizadora de figurinha - MyStore - By STLFLIX\",\"isPartOf\":{\"@id\":\"https:\/\/my.stlflix.com\/#website\"},\"primaryImageOfPage\":{\"@id\":\"https:\/\/my.stlflix.com\/product\/caixa-organizadora-de-figurinha\/#primaryimage\"},\"image\":{\"@id\":\"https:\/\/my.stlflix.com\/product\/caixa-organizadora-de-figurinha\/#primaryimage\"},\"thumbnailUrl\":\"https:\/\/my.stlflix.com\/wp-content\/uploads\/2026\/04\/cropped-caixa-de-figurinha-imagem-2.jpg\",\"datePublished\":\"2026-04-30T12:22:26+00:00\",\"dateModified\":\"2026-04-30T12:28:58+00:00\",\"breadcrumb\":{\"@id\":\"https:\/\/my.stlflix.com\/product\/caixa-organizadora-de-figurinha\/#breadcrumb\"},\"inLanguage\":\"es-ES\",\"potentialAction\":[{\"@type\":\"ReadAction\",\"target\":[\"https:\/\/my.stlflix.com\/product\/caixa-organizadora-de-figurinha\/\"]}]},{\"@type\":\"ImageObject\",\"inLanguage\":\"es-ES\",\"@id\":\"https:\/\/my.stlflix.com\/product\/caixa-organizadora-de-figurinha\/#primaryimage\",\"url\":\"https:\/\/my.stlflix.com\/wp-content\/uploads\/2026\/04\/cropped-caixa-de-figurinha-imagem-2.jpg\",\"contentUrl\":\"https:\/\/my.stlflix.com\/wp-content\/uploads\/2026\/04\/cropped-caixa-de-figurinha-imagem-2.jpg\",\"width\":719,\"height\":1280},{\"@type\":\"BreadcrumbList\",\"@id\":\"https:\/\/my.stlflix.com\/product\/caixa-organizadora-de-figurinha\/#breadcrumb\",\"itemListElement\":[{\"@type\":\"ListItem\",\"position\":1,\"name\":\"Home\",\"item\":\"https:\/\/my.stlflix.com\/\"},{\"@type\":\"ListItem\",\"position\":2,\"name\":\"Products\",\"item\":\"https:\/\/my.stlflix.com\/shop\/\"},{\"@type\":\"ListItem\",\"position\":3,\"name\":\"caixa organizadora de figurinha\"}]},{\"@type\":\"WebSite\",\"@id\":\"https:\/\/my.stlflix.com\/#website\",\"url\":\"https:\/\/my.stlflix.com\/\",\"name\":\"MyStore - By STLFLIX\",\"description\":\"\",\"publisher\":{\"@id\":\"https:\/\/my.stlflix.com\/#organization\"},\"potentialAction\":[{\"@type\":\"SearchAction\",\"target\":{\"@type\":\"EntryPoint\",\"urlTemplate\":\"https:\/\/my.stlflix.com\/?s={search_term_string}\"},\"query-input\":{\"@type\":\"PropertyValueSpecification\",\"valueRequired\":true,\"valueName\":\"search_term_string\"}}],\"inLanguage\":\"es-ES\"},{\"@type\":\"Organization\",\"@id\":\"https:\/\/my.stlflix.com\/#organization\",\"name\":\"MyStore - By STLFLIX\",\"url\":\"https:\/\/my.stlflix.com\/\",\"logo\":{\"@type\":\"ImageObject\",\"inLanguage\":\"es-ES\",\"@id\":\"https:\/\/my.stlflix.com\/#\/schema\/logo\/image\/\",\"url\":\"https:\/\/my.stlflix.com\/wp-content\/uploads\/2024\/06\/logo-mystore.png\",\"contentUrl\":\"https:\/\/my.stlflix.com\/wp-content\/uploads\/2024\/06\/logo-mystore.png\",\"width\":150,\"height\":41,\"caption\":\"MyStore - By STLFLIX\"},\"image\":{\"@id\":\"https:\/\/my.stlflix.com\/#\/schema\/logo\/image\/\"},\"sameAs\":[\"https:\/\/www.facebook.com\/STLFLIX\",\"https:\/\/www.instagram.com\/stlflix_\/\",\"https:\/\/www.tiktok.com\/@stlflix\"]}]}<\/script>\n<!-- \/ Yoast SEO plugin. -->","yoast_head_json":{"title":"caixa organizadora de figurinha - MyStore - By STLFLIX","robots":{"index":"index","follow":"follow","max-snippet":"max-snippet:-1","max-image-preview":"max-image-preview:large","max-video-preview":"max-video-preview:-1"},"canonical":"https:\/\/my.stlflix.com\/product\/caixa-organizadora-de-figurinha\/","og_locale":"es_ES","og_type":"article","og_title":"caixa organizadora de figurinha - MyStore - By STLFLIX","og_description":"Caixa Organizadora para Figurinhas da Copa \u2013 Capacidade para 500 unidades Mantenha sua cole\u00e7\u00e3o de figurinhas sempre organizada e protegida com essa caixinha pr\u00e1tica e resistente! Ideal para quem est\u00e1 montando o \u00e1lbum da Copa e quer cuidar bem das suas figurinhas. Caracter\u00edsticas: Capacidade para at\u00e9 500 figurinhas Design compacto e funcional evento de abrir [&hellip;]","og_url":"https:\/\/my.stlflix.com\/product\/caixa-organizadora-de-figurinha\/","og_site_name":"MyStore - By STLFLIX","article_publisher":"https:\/\/www.facebook.com\/STLFLIX","article_modified_time":"2026-04-30T12:28:58+00:00","og_image":[{"width":719,"height":1280,"url":"https:\/\/my.stlflix.com\/wp-content\/uploads\/2026\/04\/cropped-caixa-de-figurinha-imagem-2.jpg","type":"image\/jpeg"}],"twitter_card":"summary_large_image","twitter_misc":{"Est. reading time":"1 minute"},"schema":{"@context":"https:\/\/schema.org","@graph":[{"@type":"WebPage","@id":"https:\/\/my.stlflix.com\/product\/caixa-organizadora-de-figurinha\/","url":"https:\/\/my.stlflix.com\/product\/caixa-organizadora-de-figurinha\/","name":"caixa organizadora de figurinha - MyStore - By STLFLIX","isPartOf":{"@id":"https:\/\/my.stlflix.com\/#website"},"primaryImageOfPage":{"@id":"https:\/\/my.stlflix.com\/product\/caixa-organizadora-de-figurinha\/#primaryimage"},"image":{"@id":"https:\/\/my.stlflix.com\/product\/caixa-organizadora-de-figurinha\/#primaryimage"},"thumbnailUrl":"https:\/\/my.stlflix.com\/wp-content\/uploads\/2026\/04\/cropped-caixa-de-figurinha-imagem-2.jpg","datePublished":"2026-04-30T12:22:26+00:00","dateModified":"2026-04-30T12:28:58+00:00","breadcrumb":{"@id":"https:\/\/my.stlflix.com\/product\/caixa-organizadora-de-figurinha\/#breadcrumb"},"inLanguage":"es-ES","potentialAction":[{"@type":"ReadAction","target":["https:\/\/my.stlflix.com\/product\/caixa-organizadora-de-figurinha\/"]}]},{"@type":"ImageObject","inLanguage":"es-ES","@id":"https:\/\/my.stlflix.com\/product\/caixa-organizadora-de-figurinha\/#primaryimage","url":"https:\/\/my.stlflix.com\/wp-content\/uploads\/2026\/04\/cropped-caixa-de-figurinha-imagem-2.jpg","contentUrl":"https:\/\/my.stlflix.com\/wp-content\/uploads\/2026\/04\/cropped-caixa-de-figurinha-imagem-2.jpg","width":719,"height":1280},{"@type":"BreadcrumbList","@id":"https:\/\/my.stlflix.com\/product\/caixa-organizadora-de-figurinha\/#breadcrumb","itemListElement":[{"@type":"ListItem","position":1,"name":"Home","item":"https:\/\/my.stlflix.com\/"},{"@type":"ListItem","position":2,"name":"Products","item":"https:\/\/my.stlflix.com\/shop\/"},{"@type":"ListItem","position":3,"name":"caixa organizadora de figurinha"}]},{"@type":"WebSite","@id":"https:\/\/my.stlflix.com\/#website","url":"https:\/\/my.stlflix.com\/","name":"MyStore - By STLFLIX","description":"","publisher":{"@id":"https:\/\/my.stlflix.com\/#organization"},"potentialAction":[{"@type":"SearchAction","target":{"@type":"EntryPoint","urlTemplate":"https:\/\/my.stlflix.com\/?s={search_term_string}"},"query-input":{"@type":"PropertyValueSpecification","valueRequired":true,"valueName":"search_term_string"}}],"inLanguage":"es-ES"},{"@type":"Organization","@id":"https:\/\/my.stlflix.com\/#organization","name":"MyStore - By STLFLIX","url":"https:\/\/my.stlflix.com\/","logo":{"@type":"ImageObject","inLanguage":"es-ES","@id":"https:\/\/my.stlflix.com\/#\/schema\/logo\/image\/","url":"https:\/\/my.stlflix.com\/wp-content\/uploads\/2024\/06\/logo-mystore.png","contentUrl":"https:\/\/my.stlflix.com\/wp-content\/uploads\/2024\/06\/logo-mystore.png","width":150,"height":41,"caption":"MyStore - By STLFLIX"},"image":{"@id":"https:\/\/my.stlflix.com\/#\/schema\/logo\/image\/"},"sameAs":["https:\/\/www.facebook.com\/STLFLIX","https:\/\/www.instagram.com\/stlflix_\/","https:\/\/www.tiktok.com\/@stlflix"]}]}},"_links":{"self":[{"href":"https:\/\/my.stlflix.com\/es\/wp-json\/wp\/v2\/product\/566950","targetHints":{"allow":["GET"]}}],"collection":[{"href":"https:\/\/my.stlflix.com\/es\/wp-json\/wp\/v2\/product"}],"about":[{"href":"https:\/\/my.stlflix.com\/es\/wp-json\/wp\/v2\/types\/product"}],"replies":[{"embeddable":true,"href":"https:\/\/my.stlflix.com\/es\/wp-json\/wp\/v2\/comments?post=566950"}],"wp:featuredmedia":[{"embeddable":true,"href":"https:\/\/my.stlflix.com\/es\/wp-json\/wp\/v2\/media\/566951"}],"wp:attachment":[{"href":"https:\/\/my.stlflix.com\/es\/wp-json\/wp\/v2\/media?parent=566950"}],"wp:term":[{"taxonomy":"product_brand","embeddable":true,"href":"https:\/\/my.stlflix.com\/es\/wp-json\/wp\/v2\/product_brand?post=566950"},{"taxonomy":"product_cat","embeddable":true,"href":"https:\/\/my.stlflix.com\/es\/wp-json\/wp\/v2\/product_cat?post=566950"},{"taxonomy":"product_tag","embeddable":true,"href":"https:\/\/my.stlflix.com\/es\/wp-json\/wp\/v2\/product_tag?post=566950"}],"curies":[{"name":"wp","href":"https:\/\/api.w.org\/{rel}","templated":true}]}}