{"id":574459,"date":"2026-05-13T22:10:02","date_gmt":"2026-05-13T22:10:02","guid":{"rendered":"https:\/\/my.stlflix.com\/?post_type=product&#038;p=574459"},"modified":"2026-05-14T00:56:08","modified_gmt":"2026-05-14T00:56:08","slug":"chaveiro-coracao-geometrico-personalizado","status":"publish","type":"product","link":"https:\/\/my.stlflix.com\/es\/product\/chaveiro-coracao-geometrico-personalizado\/","title":{"rendered":"Chaveiro Cora\u00e7\u00e3o Geom\u00e9trico Personalizado"},"content":{"rendered":"<div class=\"flex h-svh w-screen flex-col\">\n<div class=\"relative z-0 flex min-h-0 w-full flex-1\">\n<div class=\"relative flex min-h-0 w-full flex-1\">\n<div class=\"@container\/main relative flex min-w-0 flex-1 flex-col -translate-y-[calc(env(safe-area-inset-bottom,0px)\/2)] pt-[calc(env(safe-area-inset-bottom,0px)\/2)]\">\n<div class=\"@w-sm\/main:[scrollbar-gutter:var(--stage-scroll-gutter)] touch:[scrollbar-width:none] group\/scroll-root relative flex min-h-0 min-w-0 flex-1 flex-col [scrollbar-gutter:stable] not-print:overflow-x-clip not-print:overflow-y-auto group-data-stream-active\/scroll-root:[overflow-anchor:none] scroll-pt-(--header-height) [--sticky-padding-top:var(--header-height)] [--sticky-padding-bottom:0px] [--scroll-root-safe-area-inset-top:calc(var(--sticky-padding-top)+env(safe-area-inset-top,0px))] [--scroll-root-safe-area-inset-bottom:calc(var(--sticky-padding-bottom)+var(--screen-keyboard-height,0px)+env(safe-area-inset-bottom,0px))] [--scroll-root-safe-area-height:calc(100lvh-var(--scroll-root-safe-area-inset-top)-var(--scroll-root-safe-area-inset-bottom))] has-data-[fixed-header=less-than-xl]:@w-xl\/main:scroll-pt-0 has-data-[fixed-header=less-than-xl]:@w-xl\/main:[--sticky-padding-top:0px] has-data-[fixed-header=less-than-xxl]:@w-2xl\/main:scroll-pt-0 has-data-[fixed-header=less-than-xxl]:@w-2xl\/main:[--sticky-padding-top:0px]\" data-scroll-root=\"\" data-scroll-from-top=\"\">\n<p>Delicado, moderno e cheio de personalidade, esse chaveiro em formato de cora\u00e7\u00e3o geom\u00e9trico \u00e9 o acess\u00f3rio perfeito para dar um toque especial \u00e0s suas chaves, bolsas, mochilas ou estojos.<\/p>\n<div id=\"thread\" class=\"group\/thread flex flex-col min-h-full\">\n<div class=\"composer-parent flex flex-1 flex-col focus-visible:outline-0\" role=\"presentation\">\n<div class=\"relative basis-auto flex-col -mb-(--composer-overlap-px) pb-(--composer-overlap-px) [--composer-overlap-px:28px] grow flex\">\n<div class=\"flex flex-col text-sm\">\n<div class=\"qMYqUG_convSearchResultHighlightRoot\">\n<div class=\"\" data-turn-id-container=\"request-WEB:47800c73-8579-46a4-b8b7-d9a6573ab9fc-0\" data-is-intersecting=\"true\">\n<div class=\"relative w-full overflow-visible\">\n<section class=\"text-token-text-primary w-full focus:outline-none [--shadow-height:45px] has-data-writing-block:pointer-events-none has-data-writing-block:-mt-(--shadow-height) has-data-writing-block:pt-(--shadow-height) [&amp;:has([data-writing-block])&gt;*]:pointer-events-auto R6Vx5W_threadScrollVars scroll-mb-[calc(var(--scroll-root-safe-area-inset-bottom,0px)+var(--thread-response-height))] scroll-mt-[calc(var(--header-height)+min(200px,max(70px,20svh)))]\" dir=\"auto\" data-turn-id=\"request-WEB:47800c73-8579-46a4-b8b7-d9a6573ab9fc-0\" data-turn-id-container=\"request-WEB:47800c73-8579-46a4-b8b7-d9a6573ab9fc-0\" data-testid=\"conversation-turn-2\" data-scroll-anchor=\"false\" data-turn=\"assistant\">\n<div class=\"text-base my-auto mx-auto pb-10 [--thread-content-margin:var(--thread-content-margin-xs,calc(var(--spacing)*4))] @w-sm\/main:[--thread-content-margin:var(--thread-content-margin-sm,calc(var(--spacing)*6))] @w-lg\/main:[--thread-content-margin:var(--thread-content-margin-lg,calc(var(--spacing)*16))] px-(--thread-content-margin)\">\n<div class=\"[--thread-content-max-width:40rem] @w-lg\/main:[--thread-content-max-width:48rem] mx-auto max-w-(--thread-content-max-width) flex-1 group\/turn-messages focus-visible:outline-hidden relative flex w-full min-w-0 flex-col agent-turn\">\n<div class=\"flex max-w-full flex-col gap-4 grow\">\n<div class=\"min-h-8 text-message relative flex w-full flex-col items-end gap-2 text-start break-words whitespace-normal outline-none keyboard-focused:focus-ring [.text-message+&amp;]:mt-1\" dir=\"auto\" data-message-author-role=\"assistant\" data-message-id=\"2e0907da-19b1-4834-8266-460d86937fe7\" data-message-model-slug=\"gpt-5-5\" data-turn-start-message=\"true\">\n<div class=\"flex w-full flex-col gap-1 empty:hidden\">\n<div class=\"markdown prose dark:prose-invert wrap-break-word w-full dark markdown-new-styling\">\n<p data-start=\"240\" data-end=\"442\">Produzido com acabamento sofisticado e design facetado estilo 3D, ele combina charme e modernidade em uma pe\u00e7a compacta e super estilosa. Ideal para quem ama itens fofos, personalizados e cheios de cor.<\/p>\n<p data-start=\"444\" data-end=\"467\">\u2728 Destaques do produto:<\/p>\n<ul data-start=\"468\" data-end=\"678\">\n<li data-section-id=\"1n4xc4o\" data-start=\"468\" data-end=\"508\">Design exclusivo em cora\u00e7\u00e3o geom\u00e9trico<\/li>\n<li data-section-id=\"2s945f\" data-start=\"509\" data-end=\"538\">Leve, resistente e compacto<\/li>\n<li data-section-id=\"1gjcvvw\" data-start=\"539\" data-end=\"582\">Perfeito para chaves, bolsas e acess\u00f3rios<\/li>\n<li data-section-id=\"13cxxte\" data-start=\"583\" data-end=\"610\">\u00d3tima op\u00e7\u00e3o para presente<\/li>\n<li data-section-id=\"ojt8mn\" data-start=\"611\" data-end=\"653\">Dispon\u00edvel em v\u00e1rias cores e combina\u00e7\u00f5es<\/li>\n<li data-section-id=\"e2x99s\" data-start=\"654\" data-end=\"678\">Produ\u00e7\u00e3o personalizada<\/li>\n<\/ul>\n<p data-start=\"680\" data-end=\"770\" data-is-last-node=\"\" data-is-only-node=\"\">\ud83c\udf81 Um mimo criativo e apaixonante para presentear ou deixar o seu dia a dia mais estiloso.<\/p>\n<\/div>\n<\/div>\n<\/div>\n<\/div>\n<\/div>\n<\/div>\n<\/section>\n<\/div>\n<\/div>\n<\/div>\n<\/div>\n<\/div>\n<\/div>\n<\/div>\n<p>Cores Personaliz\u00e1veis<\/p>\n<p>Atacado acima de 20 pe\u00e7as.<\/p>\n<\/div>\n<\/div>\n<\/div>\n<\/div>\n<\/div>\n","protected":false},"excerpt":{"rendered":"<p>Delicado, moderno e cheio de personalidade, esse chaveiro em formato de cora\u00e7\u00e3o geom\u00e9trico \u00e9 o acess\u00f3rio perfeito para dar um toque especial \u00e0s suas chaves, bolsas, mochilas ou estojos. Produzido com acabamento sofisticado e design facetado estilo 3D, ele combina charme e modernidade em uma pe\u00e7a compacta e super estilosa. Ideal para quem ama itens [&hellip;]<\/p>\n","protected":false},"featured_media":574481,"comment_status":"open","ping_status":"closed","template":"","meta":[],"product_brand":[],"product_cat":[15],"product_tag":[725],"class_list":{"0":"post-574459","1":"product","2":"type-product","3":"status-publish","4":"has-post-thumbnail","6":"product_cat-uncategorized","7":"product_tag-dia-dos-namorados","9":"first","10":"instock","11":"taxable","12":"shipping-taxable","13":"purchasable","14":"product-type-simple"},"yoast_head":"<!-- This site is optimized with the Yoast SEO plugin v25.1 - https:\/\/yoast.com\/wordpress\/plugins\/seo\/ -->\n<title>Chaveiro Cora\u00e7\u00e3o Geom\u00e9trico Personalizado - MyStore - By STLFLIX<\/title>\n<meta name=\"robots\" content=\"index, follow, max-snippet:-1, max-image-preview:large, max-video-preview:-1\" \/>\n<link rel=\"canonical\" href=\"https:\/\/my.stlflix.com\/product\/chaveiro-coracao-geometrico-personalizado\/\" \/>\n<meta property=\"og:locale\" content=\"es_ES\" \/>\n<meta property=\"og:type\" content=\"article\" \/>\n<meta property=\"og:title\" content=\"Chaveiro Cora\u00e7\u00e3o Geom\u00e9trico Personalizado - MyStore - By STLFLIX\" \/>\n<meta property=\"og:description\" content=\"Delicado, moderno e cheio de personalidade, esse chaveiro em formato de cora\u00e7\u00e3o geom\u00e9trico \u00e9 o acess\u00f3rio perfeito para dar um toque especial \u00e0s suas chaves, bolsas, mochilas ou estojos. Produzido com acabamento sofisticado e design facetado estilo 3D, ele combina charme e modernidade em uma pe\u00e7a compacta e super estilosa. Ideal para quem ama itens [&hellip;]\" \/>\n<meta property=\"og:url\" content=\"https:\/\/my.stlflix.com\/product\/chaveiro-coracao-geometrico-personalizado\/\" \/>\n<meta property=\"og:site_name\" content=\"MyStore - By STLFLIX\" \/>\n<meta property=\"article:publisher\" content=\"https:\/\/www.facebook.com\/STLFLIX\" \/>\n<meta property=\"article:modified_time\" content=\"2026-05-14T00:56:08+00:00\" \/>\n<meta property=\"og:image\" content=\"https:\/\/my.stlflix.com\/wp-content\/uploads\/2026\/05\/cropped-chaveiro-coracao-2-1.webp\" \/>\n\t<meta property=\"og:image:width\" content=\"1198\" \/>\n\t<meta property=\"og:image:height\" content=\"1198\" \/>\n\t<meta property=\"og:image:type\" content=\"image\/webp\" \/>\n<meta name=\"twitter:card\" content=\"summary_large_image\" \/>\n<meta name=\"twitter:label1\" content=\"Est. reading time\" \/>\n\t<meta name=\"twitter:data1\" content=\"1 minute\" \/>\n<script type=\"application\/ld+json\" class=\"yoast-schema-graph\">{\"@context\":\"https:\/\/schema.org\",\"@graph\":[{\"@type\":\"WebPage\",\"@id\":\"https:\/\/my.stlflix.com\/product\/chaveiro-coracao-geometrico-personalizado\/\",\"url\":\"https:\/\/my.stlflix.com\/product\/chaveiro-coracao-geometrico-personalizado\/\",\"name\":\"Chaveiro Cora\u00e7\u00e3o Geom\u00e9trico Personalizado - MyStore - By STLFLIX\",\"isPartOf\":{\"@id\":\"https:\/\/my.stlflix.com\/#website\"},\"primaryImageOfPage\":{\"@id\":\"https:\/\/my.stlflix.com\/product\/chaveiro-coracao-geometrico-personalizado\/#primaryimage\"},\"image\":{\"@id\":\"https:\/\/my.stlflix.com\/product\/chaveiro-coracao-geometrico-personalizado\/#primaryimage\"},\"thumbnailUrl\":\"https:\/\/my.stlflix.com\/wp-content\/uploads\/2026\/05\/cropped-chaveiro-coracao-2-1.webp\",\"datePublished\":\"2026-05-13T22:10:02+00:00\",\"dateModified\":\"2026-05-14T00:56:08+00:00\",\"breadcrumb\":{\"@id\":\"https:\/\/my.stlflix.com\/product\/chaveiro-coracao-geometrico-personalizado\/#breadcrumb\"},\"inLanguage\":\"es-ES\",\"potentialAction\":[{\"@type\":\"ReadAction\",\"target\":[\"https:\/\/my.stlflix.com\/product\/chaveiro-coracao-geometrico-personalizado\/\"]}]},{\"@type\":\"ImageObject\",\"inLanguage\":\"es-ES\",\"@id\":\"https:\/\/my.stlflix.com\/product\/chaveiro-coracao-geometrico-personalizado\/#primaryimage\",\"url\":\"https:\/\/my.stlflix.com\/wp-content\/uploads\/2026\/05\/cropped-chaveiro-coracao-2-1.webp\",\"contentUrl\":\"https:\/\/my.stlflix.com\/wp-content\/uploads\/2026\/05\/cropped-chaveiro-coracao-2-1.webp\",\"width\":1198,\"height\":1198},{\"@type\":\"BreadcrumbList\",\"@id\":\"https:\/\/my.stlflix.com\/product\/chaveiro-coracao-geometrico-personalizado\/#breadcrumb\",\"itemListElement\":[{\"@type\":\"ListItem\",\"position\":1,\"name\":\"Home\",\"item\":\"https:\/\/my.stlflix.com\/\"},{\"@type\":\"ListItem\",\"position\":2,\"name\":\"Products\",\"item\":\"https:\/\/my.stlflix.com\/shop\/\"},{\"@type\":\"ListItem\",\"position\":3,\"name\":\"Chaveiro Cora\u00e7\u00e3o Geom\u00e9trico Personalizado\"}]},{\"@type\":\"WebSite\",\"@id\":\"https:\/\/my.stlflix.com\/#website\",\"url\":\"https:\/\/my.stlflix.com\/\",\"name\":\"MyStore - By STLFLIX\",\"description\":\"\",\"publisher\":{\"@id\":\"https:\/\/my.stlflix.com\/#organization\"},\"potentialAction\":[{\"@type\":\"SearchAction\",\"target\":{\"@type\":\"EntryPoint\",\"urlTemplate\":\"https:\/\/my.stlflix.com\/?s={search_term_string}\"},\"query-input\":{\"@type\":\"PropertyValueSpecification\",\"valueRequired\":true,\"valueName\":\"search_term_string\"}}],\"inLanguage\":\"es-ES\"},{\"@type\":\"Organization\",\"@id\":\"https:\/\/my.stlflix.com\/#organization\",\"name\":\"MyStore - By STLFLIX\",\"url\":\"https:\/\/my.stlflix.com\/\",\"logo\":{\"@type\":\"ImageObject\",\"inLanguage\":\"es-ES\",\"@id\":\"https:\/\/my.stlflix.com\/#\/schema\/logo\/image\/\",\"url\":\"https:\/\/my.stlflix.com\/wp-content\/uploads\/2024\/06\/logo-mystore.png\",\"contentUrl\":\"https:\/\/my.stlflix.com\/wp-content\/uploads\/2024\/06\/logo-mystore.png\",\"width\":150,\"height\":41,\"caption\":\"MyStore - By STLFLIX\"},\"image\":{\"@id\":\"https:\/\/my.stlflix.com\/#\/schema\/logo\/image\/\"},\"sameAs\":[\"https:\/\/www.facebook.com\/STLFLIX\",\"https:\/\/www.instagram.com\/stlflix_\/\",\"https:\/\/www.tiktok.com\/@stlflix\"]}]}<\/script>\n<!-- \/ Yoast SEO plugin. -->","yoast_head_json":{"title":"Chaveiro Cora\u00e7\u00e3o Geom\u00e9trico Personalizado - MyStore - By STLFLIX","robots":{"index":"index","follow":"follow","max-snippet":"max-snippet:-1","max-image-preview":"max-image-preview:large","max-video-preview":"max-video-preview:-1"},"canonical":"https:\/\/my.stlflix.com\/product\/chaveiro-coracao-geometrico-personalizado\/","og_locale":"es_ES","og_type":"article","og_title":"Chaveiro Cora\u00e7\u00e3o Geom\u00e9trico Personalizado - MyStore - By STLFLIX","og_description":"Delicado, moderno e cheio de personalidade, esse chaveiro em formato de cora\u00e7\u00e3o geom\u00e9trico \u00e9 o acess\u00f3rio perfeito para dar um toque especial \u00e0s suas chaves, bolsas, mochilas ou estojos. Produzido com acabamento sofisticado e design facetado estilo 3D, ele combina charme e modernidade em uma pe\u00e7a compacta e super estilosa. Ideal para quem ama itens [&hellip;]","og_url":"https:\/\/my.stlflix.com\/product\/chaveiro-coracao-geometrico-personalizado\/","og_site_name":"MyStore - By STLFLIX","article_publisher":"https:\/\/www.facebook.com\/STLFLIX","article_modified_time":"2026-05-14T00:56:08+00:00","og_image":[{"width":1198,"height":1198,"url":"https:\/\/my.stlflix.com\/wp-content\/uploads\/2026\/05\/cropped-chaveiro-coracao-2-1.webp","type":"image\/webp"}],"twitter_card":"summary_large_image","twitter_misc":{"Est. reading time":"1 minute"},"schema":{"@context":"https:\/\/schema.org","@graph":[{"@type":"WebPage","@id":"https:\/\/my.stlflix.com\/product\/chaveiro-coracao-geometrico-personalizado\/","url":"https:\/\/my.stlflix.com\/product\/chaveiro-coracao-geometrico-personalizado\/","name":"Chaveiro Cora\u00e7\u00e3o Geom\u00e9trico Personalizado - MyStore - By STLFLIX","isPartOf":{"@id":"https:\/\/my.stlflix.com\/#website"},"primaryImageOfPage":{"@id":"https:\/\/my.stlflix.com\/product\/chaveiro-coracao-geometrico-personalizado\/#primaryimage"},"image":{"@id":"https:\/\/my.stlflix.com\/product\/chaveiro-coracao-geometrico-personalizado\/#primaryimage"},"thumbnailUrl":"https:\/\/my.stlflix.com\/wp-content\/uploads\/2026\/05\/cropped-chaveiro-coracao-2-1.webp","datePublished":"2026-05-13T22:10:02+00:00","dateModified":"2026-05-14T00:56:08+00:00","breadcrumb":{"@id":"https:\/\/my.stlflix.com\/product\/chaveiro-coracao-geometrico-personalizado\/#breadcrumb"},"inLanguage":"es-ES","potentialAction":[{"@type":"ReadAction","target":["https:\/\/my.stlflix.com\/product\/chaveiro-coracao-geometrico-personalizado\/"]}]},{"@type":"ImageObject","inLanguage":"es-ES","@id":"https:\/\/my.stlflix.com\/product\/chaveiro-coracao-geometrico-personalizado\/#primaryimage","url":"https:\/\/my.stlflix.com\/wp-content\/uploads\/2026\/05\/cropped-chaveiro-coracao-2-1.webp","contentUrl":"https:\/\/my.stlflix.com\/wp-content\/uploads\/2026\/05\/cropped-chaveiro-coracao-2-1.webp","width":1198,"height":1198},{"@type":"BreadcrumbList","@id":"https:\/\/my.stlflix.com\/product\/chaveiro-coracao-geometrico-personalizado\/#breadcrumb","itemListElement":[{"@type":"ListItem","position":1,"name":"Home","item":"https:\/\/my.stlflix.com\/"},{"@type":"ListItem","position":2,"name":"Products","item":"https:\/\/my.stlflix.com\/shop\/"},{"@type":"ListItem","position":3,"name":"Chaveiro Cora\u00e7\u00e3o Geom\u00e9trico Personalizado"}]},{"@type":"WebSite","@id":"https:\/\/my.stlflix.com\/#website","url":"https:\/\/my.stlflix.com\/","name":"MyStore - By STLFLIX","description":"","publisher":{"@id":"https:\/\/my.stlflix.com\/#organization"},"potentialAction":[{"@type":"SearchAction","target":{"@type":"EntryPoint","urlTemplate":"https:\/\/my.stlflix.com\/?s={search_term_string}"},"query-input":{"@type":"PropertyValueSpecification","valueRequired":true,"valueName":"search_term_string"}}],"inLanguage":"es-ES"},{"@type":"Organization","@id":"https:\/\/my.stlflix.com\/#organization","name":"MyStore - By STLFLIX","url":"https:\/\/my.stlflix.com\/","logo":{"@type":"ImageObject","inLanguage":"es-ES","@id":"https:\/\/my.stlflix.com\/#\/schema\/logo\/image\/","url":"https:\/\/my.stlflix.com\/wp-content\/uploads\/2024\/06\/logo-mystore.png","contentUrl":"https:\/\/my.stlflix.com\/wp-content\/uploads\/2024\/06\/logo-mystore.png","width":150,"height":41,"caption":"MyStore - By STLFLIX"},"image":{"@id":"https:\/\/my.stlflix.com\/#\/schema\/logo\/image\/"},"sameAs":["https:\/\/www.facebook.com\/STLFLIX","https:\/\/www.instagram.com\/stlflix_\/","https:\/\/www.tiktok.com\/@stlflix"]}]}},"_links":{"self":[{"href":"https:\/\/my.stlflix.com\/es\/wp-json\/wp\/v2\/product\/574459","targetHints":{"allow":["GET"]}}],"collection":[{"href":"https:\/\/my.stlflix.com\/es\/wp-json\/wp\/v2\/product"}],"about":[{"href":"https:\/\/my.stlflix.com\/es\/wp-json\/wp\/v2\/types\/product"}],"replies":[{"embeddable":true,"href":"https:\/\/my.stlflix.com\/es\/wp-json\/wp\/v2\/comments?post=574459"}],"wp:featuredmedia":[{"embeddable":true,"href":"https:\/\/my.stlflix.com\/es\/wp-json\/wp\/v2\/media\/574481"}],"wp:attachment":[{"href":"https:\/\/my.stlflix.com\/es\/wp-json\/wp\/v2\/media?parent=574459"}],"wp:term":[{"taxonomy":"product_brand","embeddable":true,"href":"https:\/\/my.stlflix.com\/es\/wp-json\/wp\/v2\/product_brand?post=574459"},{"taxonomy":"product_cat","embeddable":true,"href":"https:\/\/my.stlflix.com\/es\/wp-json\/wp\/v2\/product_cat?post=574459"},{"taxonomy":"product_tag","embeddable":true,"href":"https:\/\/my.stlflix.com\/es\/wp-json\/wp\/v2\/product_tag?post=574459"}],"curies":[{"name":"wp","href":"https:\/\/api.w.org\/{rel}","templated":true}]}}