{"id":575294,"date":"2026-05-15T18:49:36","date_gmt":"2026-05-15T18:49:36","guid":{"rendered":"https:\/\/my.stlflix.com\/?post_type=product&#038;p=575294"},"modified":"2026-05-15T20:09:39","modified_gmt":"2026-05-15T20:09:39","slug":"pato-donald-vibes-com-oculos-e-cordao-de-ouro","status":"publish","type":"product","link":"https:\/\/my.stlflix.com\/es\/product\/pato-donald-vibes-com-oculos-e-cordao-de-ouro\/","title":{"rendered":"Pato Donald Vibes &#8211; Com \u00f3culos e cord\u00e3o de ouro"},"content":{"rendered":"<p class=\"isSelectedEnd\">Pato Donald Vibes \ud83d\udc99<\/p>\n<p class=\"isSelectedEnd\">Pe\u00e7a decorativa produzida em impress\u00e3o 3D, trazendo um visual moderno e cheio de personalidade inspirado em um dos personagens mais cl\u00e1ssicos dos desenhos.<\/p>\n<p class=\"isSelectedEnd\">Ideal para decora\u00e7\u00e3o, cole\u00e7\u00e3o ou para presentear quem curte pe\u00e7as diferenciadas e estilosas.<\/p>\n<p><strong>\u2022 Produzido em impress\u00e3o 3D<br \/>\n\u2022 Acabamento detalhado<br \/>\n\u2022 \u00d3timo para decora\u00e7\u00e3o e cole\u00e7\u00e3o<br \/>\n\u2022 Altura: 30cm<br \/>\n\u2022 Material: PLA Premium<br \/>\n<\/strong><\/p>\n","protected":false},"excerpt":{"rendered":"<p>Pato Donald Vibes \ud83d\udc99 Pe\u00e7a decorativa produzida em impress\u00e3o 3D, trazendo um visual moderno e cheio de personalidade inspirado em um dos personagens mais cl\u00e1ssicos dos desenhos. Ideal para decora\u00e7\u00e3o, cole\u00e7\u00e3o ou para presentear quem curte pe\u00e7as diferenciadas e estilosas. \u2022 Produzido em impress\u00e3o 3D \u2022 Acabamento detalhado \u2022 \u00d3timo para decora\u00e7\u00e3o e cole\u00e7\u00e3o \u2022 [&hellip;]<\/p>\n","protected":false},"featured_media":575295,"comment_status":"open","ping_status":"closed","template":"","meta":[],"product_brand":[],"product_cat":[15],"product_tag":[6989,6394],"class_list":{"0":"post-575294","1":"product","2":"type-product","3":"status-publish","4":"has-post-thumbnail","6":"product_cat-uncategorized","7":"product_tag-colecoes","8":"product_tag-premium-collector-miniature","10":"first","11":"instock","12":"sale","13":"purchasable","14":"product-type-simple"},"yoast_head":"<!-- This site is optimized with the Yoast SEO plugin v25.1 - https:\/\/yoast.com\/wordpress\/plugins\/seo\/ -->\n<title>Pato Donald Vibes - Likeprint<\/title>\n<meta name=\"description\" content=\"Pe\u00e7a decorativa em impress\u00e3o 3D com acabamento detalhado e visual moderno. Ideal para cole\u00e7\u00e3o e decora\u00e7\u00e3o.\" \/>\n<meta name=\"robots\" content=\"index, follow, max-snippet:-1, max-image-preview:large, max-video-preview:-1\" \/>\n<link rel=\"canonical\" href=\"https:\/\/my.stlflix.com\/product\/pato-donald-vibes-com-oculos-e-cordao-de-ouro\/\" \/>\n<meta property=\"og:locale\" content=\"es_ES\" \/>\n<meta property=\"og:type\" content=\"article\" \/>\n<meta property=\"og:title\" content=\"Pato Donald Vibes - Likeprint\" \/>\n<meta property=\"og:description\" content=\"Pe\u00e7a decorativa em impress\u00e3o 3D com acabamento detalhado e visual moderno. Ideal para cole\u00e7\u00e3o e decora\u00e7\u00e3o.\" \/>\n<meta property=\"og:url\" content=\"https:\/\/my.stlflix.com\/product\/pato-donald-vibes-com-oculos-e-cordao-de-ouro\/\" \/>\n<meta property=\"og:site_name\" content=\"MyStore - By STLFLIX\" \/>\n<meta property=\"article:publisher\" content=\"https:\/\/www.facebook.com\/STLFLIX\" \/>\n<meta property=\"article:modified_time\" content=\"2026-05-15T20:09:39+00:00\" \/>\n<meta property=\"og:image\" content=\"https:\/\/my.stlflix.com\/wp-content\/uploads\/2026\/05\/pato-donald-frente.jpg\" \/>\n\t<meta property=\"og:image:width\" content=\"900\" \/>\n\t<meta property=\"og:image:height\" content=\"1600\" \/>\n\t<meta property=\"og:image:type\" content=\"image\/jpeg\" \/>\n<meta name=\"twitter:card\" content=\"summary_large_image\" \/>\n<script type=\"application\/ld+json\" class=\"yoast-schema-graph\">{\"@context\":\"https:\/\/schema.org\",\"@graph\":[{\"@type\":\"WebPage\",\"@id\":\"https:\/\/my.stlflix.com\/product\/pato-donald-vibes-com-oculos-e-cordao-de-ouro\/\",\"url\":\"https:\/\/my.stlflix.com\/product\/pato-donald-vibes-com-oculos-e-cordao-de-ouro\/\",\"name\":\"Pato Donald Vibes - Likeprint\",\"isPartOf\":{\"@id\":\"https:\/\/my.stlflix.com\/#website\"},\"primaryImageOfPage\":{\"@id\":\"https:\/\/my.stlflix.com\/product\/pato-donald-vibes-com-oculos-e-cordao-de-ouro\/#primaryimage\"},\"image\":{\"@id\":\"https:\/\/my.stlflix.com\/product\/pato-donald-vibes-com-oculos-e-cordao-de-ouro\/#primaryimage\"},\"thumbnailUrl\":\"https:\/\/my.stlflix.com\/wp-content\/uploads\/2026\/05\/pato-donald-frente.jpg\",\"datePublished\":\"2026-05-15T18:49:36+00:00\",\"dateModified\":\"2026-05-15T20:09:39+00:00\",\"description\":\"Pe\u00e7a decorativa em impress\u00e3o 3D com acabamento detalhado e visual moderno. Ideal para cole\u00e7\u00e3o e decora\u00e7\u00e3o.\",\"breadcrumb\":{\"@id\":\"https:\/\/my.stlflix.com\/product\/pato-donald-vibes-com-oculos-e-cordao-de-ouro\/#breadcrumb\"},\"inLanguage\":\"es-ES\",\"potentialAction\":[{\"@type\":\"ReadAction\",\"target\":[\"https:\/\/my.stlflix.com\/product\/pato-donald-vibes-com-oculos-e-cordao-de-ouro\/\"]}]},{\"@type\":\"ImageObject\",\"inLanguage\":\"es-ES\",\"@id\":\"https:\/\/my.stlflix.com\/product\/pato-donald-vibes-com-oculos-e-cordao-de-ouro\/#primaryimage\",\"url\":\"https:\/\/my.stlflix.com\/wp-content\/uploads\/2026\/05\/pato-donald-frente.jpg\",\"contentUrl\":\"https:\/\/my.stlflix.com\/wp-content\/uploads\/2026\/05\/pato-donald-frente.jpg\",\"width\":900,\"height\":1600},{\"@type\":\"BreadcrumbList\",\"@id\":\"https:\/\/my.stlflix.com\/product\/pato-donald-vibes-com-oculos-e-cordao-de-ouro\/#breadcrumb\",\"itemListElement\":[{\"@type\":\"ListItem\",\"position\":1,\"name\":\"Home\",\"item\":\"https:\/\/my.stlflix.com\/\"},{\"@type\":\"ListItem\",\"position\":2,\"name\":\"Products\",\"item\":\"https:\/\/my.stlflix.com\/shop\/\"},{\"@type\":\"ListItem\",\"position\":3,\"name\":\"Pato Donald Vibes &#8211; Com \u00f3culos e cord\u00e3o de ouro\"}]},{\"@type\":\"WebSite\",\"@id\":\"https:\/\/my.stlflix.com\/#website\",\"url\":\"https:\/\/my.stlflix.com\/\",\"name\":\"MyStore - By STLFLIX\",\"description\":\"\",\"publisher\":{\"@id\":\"https:\/\/my.stlflix.com\/#organization\"},\"potentialAction\":[{\"@type\":\"SearchAction\",\"target\":{\"@type\":\"EntryPoint\",\"urlTemplate\":\"https:\/\/my.stlflix.com\/?s={search_term_string}\"},\"query-input\":{\"@type\":\"PropertyValueSpecification\",\"valueRequired\":true,\"valueName\":\"search_term_string\"}}],\"inLanguage\":\"es-ES\"},{\"@type\":\"Organization\",\"@id\":\"https:\/\/my.stlflix.com\/#organization\",\"name\":\"MyStore - By STLFLIX\",\"url\":\"https:\/\/my.stlflix.com\/\",\"logo\":{\"@type\":\"ImageObject\",\"inLanguage\":\"es-ES\",\"@id\":\"https:\/\/my.stlflix.com\/#\/schema\/logo\/image\/\",\"url\":\"https:\/\/my.stlflix.com\/wp-content\/uploads\/2024\/06\/logo-mystore.png\",\"contentUrl\":\"https:\/\/my.stlflix.com\/wp-content\/uploads\/2024\/06\/logo-mystore.png\",\"width\":150,\"height\":41,\"caption\":\"MyStore - By STLFLIX\"},\"image\":{\"@id\":\"https:\/\/my.stlflix.com\/#\/schema\/logo\/image\/\"},\"sameAs\":[\"https:\/\/www.facebook.com\/STLFLIX\",\"https:\/\/www.instagram.com\/stlflix_\/\",\"https:\/\/www.tiktok.com\/@stlflix\"]}]}<\/script>\n<!-- \/ Yoast SEO plugin. -->","yoast_head_json":{"title":"Pato Donald Vibes - Likeprint","description":"Pe\u00e7a decorativa em impress\u00e3o 3D com acabamento detalhado e visual moderno. Ideal para cole\u00e7\u00e3o e decora\u00e7\u00e3o.","robots":{"index":"index","follow":"follow","max-snippet":"max-snippet:-1","max-image-preview":"max-image-preview:large","max-video-preview":"max-video-preview:-1"},"canonical":"https:\/\/my.stlflix.com\/product\/pato-donald-vibes-com-oculos-e-cordao-de-ouro\/","og_locale":"es_ES","og_type":"article","og_title":"Pato Donald Vibes - Likeprint","og_description":"Pe\u00e7a decorativa em impress\u00e3o 3D com acabamento detalhado e visual moderno. Ideal para cole\u00e7\u00e3o e decora\u00e7\u00e3o.","og_url":"https:\/\/my.stlflix.com\/product\/pato-donald-vibes-com-oculos-e-cordao-de-ouro\/","og_site_name":"MyStore - By STLFLIX","article_publisher":"https:\/\/www.facebook.com\/STLFLIX","article_modified_time":"2026-05-15T20:09:39+00:00","og_image":[{"width":900,"height":1600,"url":"https:\/\/my.stlflix.com\/wp-content\/uploads\/2026\/05\/pato-donald-frente.jpg","type":"image\/jpeg"}],"twitter_card":"summary_large_image","schema":{"@context":"https:\/\/schema.org","@graph":[{"@type":"WebPage","@id":"https:\/\/my.stlflix.com\/product\/pato-donald-vibes-com-oculos-e-cordao-de-ouro\/","url":"https:\/\/my.stlflix.com\/product\/pato-donald-vibes-com-oculos-e-cordao-de-ouro\/","name":"Pato Donald Vibes - Likeprint","isPartOf":{"@id":"https:\/\/my.stlflix.com\/#website"},"primaryImageOfPage":{"@id":"https:\/\/my.stlflix.com\/product\/pato-donald-vibes-com-oculos-e-cordao-de-ouro\/#primaryimage"},"image":{"@id":"https:\/\/my.stlflix.com\/product\/pato-donald-vibes-com-oculos-e-cordao-de-ouro\/#primaryimage"},"thumbnailUrl":"https:\/\/my.stlflix.com\/wp-content\/uploads\/2026\/05\/pato-donald-frente.jpg","datePublished":"2026-05-15T18:49:36+00:00","dateModified":"2026-05-15T20:09:39+00:00","description":"Pe\u00e7a decorativa em impress\u00e3o 3D com acabamento detalhado e visual moderno. Ideal para cole\u00e7\u00e3o e decora\u00e7\u00e3o.","breadcrumb":{"@id":"https:\/\/my.stlflix.com\/product\/pato-donald-vibes-com-oculos-e-cordao-de-ouro\/#breadcrumb"},"inLanguage":"es-ES","potentialAction":[{"@type":"ReadAction","target":["https:\/\/my.stlflix.com\/product\/pato-donald-vibes-com-oculos-e-cordao-de-ouro\/"]}]},{"@type":"ImageObject","inLanguage":"es-ES","@id":"https:\/\/my.stlflix.com\/product\/pato-donald-vibes-com-oculos-e-cordao-de-ouro\/#primaryimage","url":"https:\/\/my.stlflix.com\/wp-content\/uploads\/2026\/05\/pato-donald-frente.jpg","contentUrl":"https:\/\/my.stlflix.com\/wp-content\/uploads\/2026\/05\/pato-donald-frente.jpg","width":900,"height":1600},{"@type":"BreadcrumbList","@id":"https:\/\/my.stlflix.com\/product\/pato-donald-vibes-com-oculos-e-cordao-de-ouro\/#breadcrumb","itemListElement":[{"@type":"ListItem","position":1,"name":"Home","item":"https:\/\/my.stlflix.com\/"},{"@type":"ListItem","position":2,"name":"Products","item":"https:\/\/my.stlflix.com\/shop\/"},{"@type":"ListItem","position":3,"name":"Pato Donald Vibes &#8211; Com \u00f3culos e cord\u00e3o de ouro"}]},{"@type":"WebSite","@id":"https:\/\/my.stlflix.com\/#website","url":"https:\/\/my.stlflix.com\/","name":"MyStore - By STLFLIX","description":"","publisher":{"@id":"https:\/\/my.stlflix.com\/#organization"},"potentialAction":[{"@type":"SearchAction","target":{"@type":"EntryPoint","urlTemplate":"https:\/\/my.stlflix.com\/?s={search_term_string}"},"query-input":{"@type":"PropertyValueSpecification","valueRequired":true,"valueName":"search_term_string"}}],"inLanguage":"es-ES"},{"@type":"Organization","@id":"https:\/\/my.stlflix.com\/#organization","name":"MyStore - By STLFLIX","url":"https:\/\/my.stlflix.com\/","logo":{"@type":"ImageObject","inLanguage":"es-ES","@id":"https:\/\/my.stlflix.com\/#\/schema\/logo\/image\/","url":"https:\/\/my.stlflix.com\/wp-content\/uploads\/2024\/06\/logo-mystore.png","contentUrl":"https:\/\/my.stlflix.com\/wp-content\/uploads\/2024\/06\/logo-mystore.png","width":150,"height":41,"caption":"MyStore - By STLFLIX"},"image":{"@id":"https:\/\/my.stlflix.com\/#\/schema\/logo\/image\/"},"sameAs":["https:\/\/www.facebook.com\/STLFLIX","https:\/\/www.instagram.com\/stlflix_\/","https:\/\/www.tiktok.com\/@stlflix"]}]}},"_links":{"self":[{"href":"https:\/\/my.stlflix.com\/es\/wp-json\/wp\/v2\/product\/575294","targetHints":{"allow":["GET"]}}],"collection":[{"href":"https:\/\/my.stlflix.com\/es\/wp-json\/wp\/v2\/product"}],"about":[{"href":"https:\/\/my.stlflix.com\/es\/wp-json\/wp\/v2\/types\/product"}],"replies":[{"embeddable":true,"href":"https:\/\/my.stlflix.com\/es\/wp-json\/wp\/v2\/comments?post=575294"}],"wp:featuredmedia":[{"embeddable":true,"href":"https:\/\/my.stlflix.com\/es\/wp-json\/wp\/v2\/media\/575295"}],"wp:attachment":[{"href":"https:\/\/my.stlflix.com\/es\/wp-json\/wp\/v2\/media?parent=575294"}],"wp:term":[{"taxonomy":"product_brand","embeddable":true,"href":"https:\/\/my.stlflix.com\/es\/wp-json\/wp\/v2\/product_brand?post=575294"},{"taxonomy":"product_cat","embeddable":true,"href":"https:\/\/my.stlflix.com\/es\/wp-json\/wp\/v2\/product_cat?post=575294"},{"taxonomy":"product_tag","embeddable":true,"href":"https:\/\/my.stlflix.com\/es\/wp-json\/wp\/v2\/product_tag?post=575294"}],"curies":[{"name":"wp","href":"https:\/\/api.w.org\/{rel}","templated":true}]}}