{"id":59177,"date":"2024-08-13T15:33:50","date_gmt":"2024-08-13T15:33:50","guid":{"rendered":"https:\/\/my.stlflix.com\/?post_type=product&#038;p=59177"},"modified":"2024-12-22T11:18:43","modified_gmt":"2024-12-22T11:18:43","slug":"gorgon-demise-dice-tower-66bb45466c07a","status":"publish","type":"product","link":"https:\/\/my.stlflix.com\/es\/product\/gorgon-demise-dice-tower-66bb45466c07a\/","title":{"rendered":"Gorgon Demise Dice Tower\u00a0"},"content":{"rendered":"<p>La <strong>Gorgon Demise Dice Tower<\/strong> es una impresionante torre de dados impresa en 3D que a\u00f1ade un toque de mitolog\u00eda y misterio a tus partidas. Inspirada en la legendaria figura de la gorgona, esta torre presenta un dise\u00f1o intrincado donde el dado se introduce por la parte superior, descendiendo a trav\u00e9s de un laberinto de serpientes y piedra antes de salir por la base con un lanzamiento perfecto. Ideal para juegos de mesa, esta torre no solo es funcional, sino que tambi\u00e9n es una obra de arte que captura la esencia de la fantas\u00eda y el mito. \u00a1Haz que cada tirada cuente con la Gorgon Demise Dice Tower!<\/p>\n","protected":false},"excerpt":{"rendered":"<p>La Gorgon Demise Dice Tower es una impresionante torre de dados impresa en 3D que a\u00f1ade un toque de mitolog\u00eda y misterio a tus partidas. Inspirada en la legendaria figura de la gorgona, esta torre presenta un dise\u00f1o intrincado donde el dado se introduce por la parte superior, descendiendo a trav\u00e9s de un laberinto de [&hellip;]<\/p>\n","protected":false},"featured_media":37728,"comment_status":"open","ping_status":"closed","template":"","meta":[],"product_brand":[],"product_cat":[46],"product_tag":[284],"class_list":{"0":"post-59177","1":"product","2":"type-product","3":"status-publish","4":"has-post-thumbnail","6":"product_cat-rpg-accessories","7":"product_tag-dice-towers","9":"first","10":"instock","11":"taxable","12":"shipping-taxable","13":"purchasable","14":"product-type-simple"},"yoast_head":"<!-- This site is optimized with the Yoast SEO plugin v25.1 - https:\/\/yoast.com\/wordpress\/plugins\/seo\/ -->\n<title>Gorgon Demise Dice Tower\u00a0 - MyStore - By STLFLIX<\/title>\n<meta name=\"robots\" content=\"index, follow, max-snippet:-1, max-image-preview:large, max-video-preview:-1\" \/>\n<link rel=\"canonical\" href=\"https:\/\/my.stlflix.com\/product\/gorgon-demise-dice-tower-66bb45466c07a\/\" \/>\n<meta property=\"og:locale\" content=\"es_ES\" \/>\n<meta property=\"og:type\" content=\"article\" \/>\n<meta property=\"og:title\" content=\"Gorgon Demise Dice Tower\u00a0 - MyStore - By STLFLIX\" \/>\n<meta property=\"og:description\" content=\"La Gorgon Demise Dice Tower es una impresionante torre de dados impresa en 3D que a\u00f1ade un toque de mitolog\u00eda y misterio a tus partidas. Inspirada en la legendaria figura de la gorgona, esta torre presenta un dise\u00f1o intrincado donde el dado se introduce por la parte superior, descendiendo a trav\u00e9s de un laberinto de [&hellip;]\" \/>\n<meta property=\"og:url\" content=\"https:\/\/my.stlflix.com\/product\/gorgon-demise-dice-tower-66bb45466c07a\/\" \/>\n<meta property=\"og:site_name\" content=\"MyStore - By STLFLIX\" \/>\n<meta property=\"article:publisher\" content=\"https:\/\/www.facebook.com\/STLFLIX\" \/>\n<meta property=\"article:modified_time\" content=\"2024-12-22T11:18:43+00:00\" \/>\n<meta property=\"og:image\" content=\"https:\/\/my.stlflix.com\/wp-content\/uploads\/2024\/06\/Gorgon_Demise_Dice_Tower_thumb_a14dcaaaed.jpg\" \/>\n\t<meta property=\"og:image:width\" content=\"1080\" \/>\n\t<meta property=\"og:image:height\" content=\"1350\" \/>\n\t<meta property=\"og:image:type\" content=\"image\/jpeg\" \/>\n<meta name=\"twitter:card\" content=\"summary_large_image\" \/>\n<meta name=\"twitter:label1\" content=\"Est. reading time\" \/>\n\t<meta name=\"twitter:data1\" content=\"1 minute\" \/>\n<script type=\"application\/ld+json\" class=\"yoast-schema-graph\">{\"@context\":\"https:\/\/schema.org\",\"@graph\":[{\"@type\":\"WebPage\",\"@id\":\"https:\/\/my.stlflix.com\/product\/gorgon-demise-dice-tower-66bb45466c07a\/\",\"url\":\"https:\/\/my.stlflix.com\/product\/gorgon-demise-dice-tower-66bb45466c07a\/\",\"name\":\"Gorgon Demise Dice Tower\u00a0 - MyStore - By STLFLIX\",\"isPartOf\":{\"@id\":\"https:\/\/my.stlflix.com\/#website\"},\"primaryImageOfPage\":{\"@id\":\"https:\/\/my.stlflix.com\/product\/gorgon-demise-dice-tower-66bb45466c07a\/#primaryimage\"},\"image\":{\"@id\":\"https:\/\/my.stlflix.com\/product\/gorgon-demise-dice-tower-66bb45466c07a\/#primaryimage\"},\"thumbnailUrl\":\"https:\/\/my.stlflix.com\/wp-content\/uploads\/2024\/06\/Gorgon_Demise_Dice_Tower_thumb_a14dcaaaed.jpg\",\"datePublished\":\"2024-08-13T15:33:50+00:00\",\"dateModified\":\"2024-12-22T11:18:43+00:00\",\"breadcrumb\":{\"@id\":\"https:\/\/my.stlflix.com\/product\/gorgon-demise-dice-tower-66bb45466c07a\/#breadcrumb\"},\"inLanguage\":\"es-ES\",\"potentialAction\":[{\"@type\":\"ReadAction\",\"target\":[\"https:\/\/my.stlflix.com\/product\/gorgon-demise-dice-tower-66bb45466c07a\/\"]}]},{\"@type\":\"ImageObject\",\"inLanguage\":\"es-ES\",\"@id\":\"https:\/\/my.stlflix.com\/product\/gorgon-demise-dice-tower-66bb45466c07a\/#primaryimage\",\"url\":\"https:\/\/my.stlflix.com\/wp-content\/uploads\/2024\/06\/Gorgon_Demise_Dice_Tower_thumb_a14dcaaaed.jpg\",\"contentUrl\":\"https:\/\/my.stlflix.com\/wp-content\/uploads\/2024\/06\/Gorgon_Demise_Dice_Tower_thumb_a14dcaaaed.jpg\",\"width\":1080,\"height\":1350},{\"@type\":\"BreadcrumbList\",\"@id\":\"https:\/\/my.stlflix.com\/product\/gorgon-demise-dice-tower-66bb45466c07a\/#breadcrumb\",\"itemListElement\":[{\"@type\":\"ListItem\",\"position\":1,\"name\":\"Home\",\"item\":\"https:\/\/www.stlflix-store.com\/\"},{\"@type\":\"ListItem\",\"position\":2,\"name\":\"Products\",\"item\":\"https:\/\/www.stlflix-store.com\/shop\/\"},{\"@type\":\"ListItem\",\"position\":3,\"name\":\"Gorgon Demise Dice Tower\u00a0\"}]},{\"@type\":\"WebSite\",\"@id\":\"https:\/\/my.stlflix.com\/#website\",\"url\":\"https:\/\/my.stlflix.com\/\",\"name\":\"MyStore - By STLFLIX\",\"description\":\"\",\"publisher\":{\"@id\":\"https:\/\/my.stlflix.com\/#organization\"},\"potentialAction\":[{\"@type\":\"SearchAction\",\"target\":{\"@type\":\"EntryPoint\",\"urlTemplate\":\"https:\/\/my.stlflix.com\/?s={search_term_string}\"},\"query-input\":{\"@type\":\"PropertyValueSpecification\",\"valueRequired\":true,\"valueName\":\"search_term_string\"}}],\"inLanguage\":\"es-ES\"},{\"@type\":\"Organization\",\"@id\":\"https:\/\/my.stlflix.com\/#organization\",\"name\":\"MyStore - By STLFLIX\",\"url\":\"https:\/\/my.stlflix.com\/\",\"logo\":{\"@type\":\"ImageObject\",\"inLanguage\":\"es-ES\",\"@id\":\"https:\/\/my.stlflix.com\/#\/schema\/logo\/image\/\",\"url\":\"https:\/\/my.stlflix.com\/wp-content\/uploads\/2024\/06\/logo-mystore.png\",\"contentUrl\":\"https:\/\/my.stlflix.com\/wp-content\/uploads\/2024\/06\/logo-mystore.png\",\"width\":150,\"height\":41,\"caption\":\"MyStore - By STLFLIX\"},\"image\":{\"@id\":\"https:\/\/my.stlflix.com\/#\/schema\/logo\/image\/\"},\"sameAs\":[\"https:\/\/www.facebook.com\/STLFLIX\",\"https:\/\/www.instagram.com\/stlflix_\/\",\"https:\/\/www.tiktok.com\/@stlflix\"]}]}<\/script>\n<!-- \/ Yoast SEO plugin. -->","yoast_head_json":{"title":"Gorgon Demise Dice Tower\u00a0 - MyStore - By STLFLIX","robots":{"index":"index","follow":"follow","max-snippet":"max-snippet:-1","max-image-preview":"max-image-preview:large","max-video-preview":"max-video-preview:-1"},"canonical":"https:\/\/my.stlflix.com\/product\/gorgon-demise-dice-tower-66bb45466c07a\/","og_locale":"es_ES","og_type":"article","og_title":"Gorgon Demise Dice Tower\u00a0 - MyStore - By STLFLIX","og_description":"La Gorgon Demise Dice Tower es una impresionante torre de dados impresa en 3D que a\u00f1ade un toque de mitolog\u00eda y misterio a tus partidas. Inspirada en la legendaria figura de la gorgona, esta torre presenta un dise\u00f1o intrincado donde el dado se introduce por la parte superior, descendiendo a trav\u00e9s de un laberinto de [&hellip;]","og_url":"https:\/\/my.stlflix.com\/product\/gorgon-demise-dice-tower-66bb45466c07a\/","og_site_name":"MyStore - By STLFLIX","article_publisher":"https:\/\/www.facebook.com\/STLFLIX","article_modified_time":"2024-12-22T11:18:43+00:00","og_image":[{"width":1080,"height":1350,"url":"https:\/\/my.stlflix.com\/wp-content\/uploads\/2024\/06\/Gorgon_Demise_Dice_Tower_thumb_a14dcaaaed.jpg","type":"image\/jpeg"}],"twitter_card":"summary_large_image","twitter_misc":{"Est. reading time":"1 minute"},"schema":{"@context":"https:\/\/schema.org","@graph":[{"@type":"WebPage","@id":"https:\/\/my.stlflix.com\/product\/gorgon-demise-dice-tower-66bb45466c07a\/","url":"https:\/\/my.stlflix.com\/product\/gorgon-demise-dice-tower-66bb45466c07a\/","name":"Gorgon Demise Dice Tower\u00a0 - MyStore - By STLFLIX","isPartOf":{"@id":"https:\/\/my.stlflix.com\/#website"},"primaryImageOfPage":{"@id":"https:\/\/my.stlflix.com\/product\/gorgon-demise-dice-tower-66bb45466c07a\/#primaryimage"},"image":{"@id":"https:\/\/my.stlflix.com\/product\/gorgon-demise-dice-tower-66bb45466c07a\/#primaryimage"},"thumbnailUrl":"https:\/\/my.stlflix.com\/wp-content\/uploads\/2024\/06\/Gorgon_Demise_Dice_Tower_thumb_a14dcaaaed.jpg","datePublished":"2024-08-13T15:33:50+00:00","dateModified":"2024-12-22T11:18:43+00:00","breadcrumb":{"@id":"https:\/\/my.stlflix.com\/product\/gorgon-demise-dice-tower-66bb45466c07a\/#breadcrumb"},"inLanguage":"es-ES","potentialAction":[{"@type":"ReadAction","target":["https:\/\/my.stlflix.com\/product\/gorgon-demise-dice-tower-66bb45466c07a\/"]}]},{"@type":"ImageObject","inLanguage":"es-ES","@id":"https:\/\/my.stlflix.com\/product\/gorgon-demise-dice-tower-66bb45466c07a\/#primaryimage","url":"https:\/\/my.stlflix.com\/wp-content\/uploads\/2024\/06\/Gorgon_Demise_Dice_Tower_thumb_a14dcaaaed.jpg","contentUrl":"https:\/\/my.stlflix.com\/wp-content\/uploads\/2024\/06\/Gorgon_Demise_Dice_Tower_thumb_a14dcaaaed.jpg","width":1080,"height":1350},{"@type":"BreadcrumbList","@id":"https:\/\/my.stlflix.com\/product\/gorgon-demise-dice-tower-66bb45466c07a\/#breadcrumb","itemListElement":[{"@type":"ListItem","position":1,"name":"Home","item":"https:\/\/www.stlflix-store.com\/"},{"@type":"ListItem","position":2,"name":"Products","item":"https:\/\/www.stlflix-store.com\/shop\/"},{"@type":"ListItem","position":3,"name":"Gorgon Demise Dice Tower\u00a0"}]},{"@type":"WebSite","@id":"https:\/\/my.stlflix.com\/#website","url":"https:\/\/my.stlflix.com\/","name":"MyStore - By STLFLIX","description":"","publisher":{"@id":"https:\/\/my.stlflix.com\/#organization"},"potentialAction":[{"@type":"SearchAction","target":{"@type":"EntryPoint","urlTemplate":"https:\/\/my.stlflix.com\/?s={search_term_string}"},"query-input":{"@type":"PropertyValueSpecification","valueRequired":true,"valueName":"search_term_string"}}],"inLanguage":"es-ES"},{"@type":"Organization","@id":"https:\/\/my.stlflix.com\/#organization","name":"MyStore - By STLFLIX","url":"https:\/\/my.stlflix.com\/","logo":{"@type":"ImageObject","inLanguage":"es-ES","@id":"https:\/\/my.stlflix.com\/#\/schema\/logo\/image\/","url":"https:\/\/my.stlflix.com\/wp-content\/uploads\/2024\/06\/logo-mystore.png","contentUrl":"https:\/\/my.stlflix.com\/wp-content\/uploads\/2024\/06\/logo-mystore.png","width":150,"height":41,"caption":"MyStore - By STLFLIX"},"image":{"@id":"https:\/\/my.stlflix.com\/#\/schema\/logo\/image\/"},"sameAs":["https:\/\/www.facebook.com\/STLFLIX","https:\/\/www.instagram.com\/stlflix_\/","https:\/\/www.tiktok.com\/@stlflix"]}]}},"_links":{"self":[{"href":"https:\/\/my.stlflix.com\/es\/wp-json\/wp\/v2\/product\/59177","targetHints":{"allow":["GET"]}}],"collection":[{"href":"https:\/\/my.stlflix.com\/es\/wp-json\/wp\/v2\/product"}],"about":[{"href":"https:\/\/my.stlflix.com\/es\/wp-json\/wp\/v2\/types\/product"}],"replies":[{"embeddable":true,"href":"https:\/\/my.stlflix.com\/es\/wp-json\/wp\/v2\/comments?post=59177"}],"wp:featuredmedia":[{"embeddable":true,"href":"https:\/\/my.stlflix.com\/es\/wp-json\/wp\/v2\/media\/37728"}],"wp:attachment":[{"href":"https:\/\/my.stlflix.com\/es\/wp-json\/wp\/v2\/media?parent=59177"}],"wp:term":[{"taxonomy":"product_brand","embeddable":true,"href":"https:\/\/my.stlflix.com\/es\/wp-json\/wp\/v2\/product_brand?post=59177"},{"taxonomy":"product_cat","embeddable":true,"href":"https:\/\/my.stlflix.com\/es\/wp-json\/wp\/v2\/product_cat?post=59177"},{"taxonomy":"product_tag","embeddable":true,"href":"https:\/\/my.stlflix.com\/es\/wp-json\/wp\/v2\/product_tag?post=59177"}],"curies":[{"name":"wp","href":"https:\/\/api.w.org\/{rel}","templated":true}]}}