{"id":59181,"date":"2024-08-13T14:39:27","date_gmt":"2024-08-13T14:39:27","guid":{"rendered":"https:\/\/my.stlflix.com\/?post_type=product&#038;p=59181"},"modified":"2024-12-22T11:18:44","modified_gmt":"2024-12-22T11:18:44","slug":"imps-hunger-dice-tower-66bb454a428e9","status":"publish","type":"product","link":"https:\/\/my.stlflix.com\/es\/product\/imps-hunger-dice-tower-66bb454a428e9\/","title":{"rendered":"Imp\u2019s Hunger Dice Tower"},"content":{"rendered":"<p>La <strong>Torre de Dados &#8220;Imp\u2019s Hunger&#8221;<\/strong> es un accesorio \u00fanico e intrigante para tus sesiones de juego. Impresa en 3D con gran detalle, esta torre presenta la figura de un travieso imp (diablillo) con una boca abierta lista para devorar tus dados. Coloca el dado en la parte superior y observa c\u00f3mo desciende a trav\u00e9s del interior del imp, emergiendo por la base con un lanzamiento perfecto y aleatorio. Ideal para jugadores que buscan a\u00f1adir un toque de fantas\u00eda y diversi\u00f3n a sus partidas, esta torre de dados combina funcionalidad y un dise\u00f1o cautivador que no pasar\u00e1 desapercibido en tu mesa de juego. \u00a1Haz que cada tirada cuente con el &#8220;Imp\u2019s Hunger&#8221;!<\/p>\n","protected":false},"excerpt":{"rendered":"<p>La Torre de Dados &#8220;Imp\u2019s Hunger&#8221; es un accesorio \u00fanico e intrigante para tus sesiones de juego. Impresa en 3D con gran detalle, esta torre presenta la figura de un travieso imp (diablillo) con una boca abierta lista para devorar tus dados. Coloca el dado en la parte superior y observa c\u00f3mo desciende a trav\u00e9s [&hellip;]<\/p>\n","protected":false},"featured_media":37887,"comment_status":"open","ping_status":"closed","template":"","meta":[],"product_brand":[],"product_cat":[46],"product_tag":[284],"class_list":{"0":"post-59181","1":"product","2":"type-product","3":"status-publish","4":"has-post-thumbnail","6":"product_cat-rpg-accessories","7":"product_tag-dice-towers","9":"first","10":"instock","11":"taxable","12":"shipping-taxable","13":"purchasable","14":"product-type-simple"},"yoast_head":"<!-- This site is optimized with the Yoast SEO plugin v25.1 - https:\/\/yoast.com\/wordpress\/plugins\/seo\/ -->\n<title>Imp\u2019s Hunger Dice Tower - MyStore - By STLFLIX<\/title>\n<meta name=\"robots\" content=\"index, follow, max-snippet:-1, max-image-preview:large, max-video-preview:-1\" \/>\n<link rel=\"canonical\" href=\"https:\/\/my.stlflix.com\/product\/imps-hunger-dice-tower-66bb454a428e9\/\" \/>\n<meta property=\"og:locale\" content=\"es_ES\" \/>\n<meta property=\"og:type\" content=\"article\" \/>\n<meta property=\"og:title\" content=\"Imp\u2019s Hunger Dice Tower - MyStore - By STLFLIX\" \/>\n<meta property=\"og:description\" content=\"La Torre de Dados &#8220;Imp\u2019s Hunger&#8221; es un accesorio \u00fanico e intrigante para tus sesiones de juego. Impresa en 3D con gran detalle, esta torre presenta la figura de un travieso imp (diablillo) con una boca abierta lista para devorar tus dados. Coloca el dado en la parte superior y observa c\u00f3mo desciende a trav\u00e9s [&hellip;]\" \/>\n<meta property=\"og:url\" content=\"https:\/\/my.stlflix.com\/product\/imps-hunger-dice-tower-66bb454a428e9\/\" \/>\n<meta property=\"og:site_name\" content=\"MyStore - By STLFLIX\" \/>\n<meta property=\"article:publisher\" content=\"https:\/\/www.facebook.com\/STLFLIX\" \/>\n<meta property=\"article:modified_time\" content=\"2024-12-22T11:18:44+00:00\" \/>\n<meta property=\"og:image\" content=\"https:\/\/my.stlflix.com\/wp-content\/uploads\/2024\/06\/Imp_s_Hunger_Dice_Tower_thumb_a88229eb8a.jpg\" \/>\n\t<meta property=\"og:image:width\" content=\"1080\" \/>\n\t<meta property=\"og:image:height\" content=\"1350\" \/>\n\t<meta property=\"og:image:type\" content=\"image\/jpeg\" \/>\n<meta name=\"twitter:card\" content=\"summary_large_image\" \/>\n<meta name=\"twitter:label1\" content=\"Est. reading time\" \/>\n\t<meta name=\"twitter:data1\" content=\"1 minute\" \/>\n<script type=\"application\/ld+json\" class=\"yoast-schema-graph\">{\"@context\":\"https:\/\/schema.org\",\"@graph\":[{\"@type\":\"WebPage\",\"@id\":\"https:\/\/my.stlflix.com\/product\/imps-hunger-dice-tower-66bb454a428e9\/\",\"url\":\"https:\/\/my.stlflix.com\/product\/imps-hunger-dice-tower-66bb454a428e9\/\",\"name\":\"Imp\u2019s Hunger Dice Tower - MyStore - By STLFLIX\",\"isPartOf\":{\"@id\":\"https:\/\/my.stlflix.com\/#website\"},\"primaryImageOfPage\":{\"@id\":\"https:\/\/my.stlflix.com\/product\/imps-hunger-dice-tower-66bb454a428e9\/#primaryimage\"},\"image\":{\"@id\":\"https:\/\/my.stlflix.com\/product\/imps-hunger-dice-tower-66bb454a428e9\/#primaryimage\"},\"thumbnailUrl\":\"https:\/\/my.stlflix.com\/wp-content\/uploads\/2024\/06\/Imp_s_Hunger_Dice_Tower_thumb_a88229eb8a.jpg\",\"datePublished\":\"2024-08-13T14:39:27+00:00\",\"dateModified\":\"2024-12-22T11:18:44+00:00\",\"breadcrumb\":{\"@id\":\"https:\/\/my.stlflix.com\/product\/imps-hunger-dice-tower-66bb454a428e9\/#breadcrumb\"},\"inLanguage\":\"es-ES\",\"potentialAction\":[{\"@type\":\"ReadAction\",\"target\":[\"https:\/\/my.stlflix.com\/product\/imps-hunger-dice-tower-66bb454a428e9\/\"]}]},{\"@type\":\"ImageObject\",\"inLanguage\":\"es-ES\",\"@id\":\"https:\/\/my.stlflix.com\/product\/imps-hunger-dice-tower-66bb454a428e9\/#primaryimage\",\"url\":\"https:\/\/my.stlflix.com\/wp-content\/uploads\/2024\/06\/Imp_s_Hunger_Dice_Tower_thumb_a88229eb8a.jpg\",\"contentUrl\":\"https:\/\/my.stlflix.com\/wp-content\/uploads\/2024\/06\/Imp_s_Hunger_Dice_Tower_thumb_a88229eb8a.jpg\",\"width\":1080,\"height\":1350},{\"@type\":\"BreadcrumbList\",\"@id\":\"https:\/\/my.stlflix.com\/product\/imps-hunger-dice-tower-66bb454a428e9\/#breadcrumb\",\"itemListElement\":[{\"@type\":\"ListItem\",\"position\":1,\"name\":\"Home\",\"item\":\"https:\/\/www.stlflix-store.com\/\"},{\"@type\":\"ListItem\",\"position\":2,\"name\":\"Products\",\"item\":\"https:\/\/www.stlflix-store.com\/shop\/\"},{\"@type\":\"ListItem\",\"position\":3,\"name\":\"Imp\u2019s Hunger Dice Tower\"}]},{\"@type\":\"WebSite\",\"@id\":\"https:\/\/my.stlflix.com\/#website\",\"url\":\"https:\/\/my.stlflix.com\/\",\"name\":\"MyStore - By STLFLIX\",\"description\":\"\",\"publisher\":{\"@id\":\"https:\/\/my.stlflix.com\/#organization\"},\"potentialAction\":[{\"@type\":\"SearchAction\",\"target\":{\"@type\":\"EntryPoint\",\"urlTemplate\":\"https:\/\/my.stlflix.com\/?s={search_term_string}\"},\"query-input\":{\"@type\":\"PropertyValueSpecification\",\"valueRequired\":true,\"valueName\":\"search_term_string\"}}],\"inLanguage\":\"es-ES\"},{\"@type\":\"Organization\",\"@id\":\"https:\/\/my.stlflix.com\/#organization\",\"name\":\"MyStore - By STLFLIX\",\"url\":\"https:\/\/my.stlflix.com\/\",\"logo\":{\"@type\":\"ImageObject\",\"inLanguage\":\"es-ES\",\"@id\":\"https:\/\/my.stlflix.com\/#\/schema\/logo\/image\/\",\"url\":\"https:\/\/my.stlflix.com\/wp-content\/uploads\/2024\/06\/logo-mystore.png\",\"contentUrl\":\"https:\/\/my.stlflix.com\/wp-content\/uploads\/2024\/06\/logo-mystore.png\",\"width\":150,\"height\":41,\"caption\":\"MyStore - By STLFLIX\"},\"image\":{\"@id\":\"https:\/\/my.stlflix.com\/#\/schema\/logo\/image\/\"},\"sameAs\":[\"https:\/\/www.facebook.com\/STLFLIX\",\"https:\/\/www.instagram.com\/stlflix_\/\",\"https:\/\/www.tiktok.com\/@stlflix\"]}]}<\/script>\n<!-- \/ Yoast SEO plugin. -->","yoast_head_json":{"title":"Imp\u2019s Hunger Dice Tower - MyStore - By STLFLIX","robots":{"index":"index","follow":"follow","max-snippet":"max-snippet:-1","max-image-preview":"max-image-preview:large","max-video-preview":"max-video-preview:-1"},"canonical":"https:\/\/my.stlflix.com\/product\/imps-hunger-dice-tower-66bb454a428e9\/","og_locale":"es_ES","og_type":"article","og_title":"Imp\u2019s Hunger Dice Tower - MyStore - By STLFLIX","og_description":"La Torre de Dados &#8220;Imp\u2019s Hunger&#8221; es un accesorio \u00fanico e intrigante para tus sesiones de juego. Impresa en 3D con gran detalle, esta torre presenta la figura de un travieso imp (diablillo) con una boca abierta lista para devorar tus dados. Coloca el dado en la parte superior y observa c\u00f3mo desciende a trav\u00e9s [&hellip;]","og_url":"https:\/\/my.stlflix.com\/product\/imps-hunger-dice-tower-66bb454a428e9\/","og_site_name":"MyStore - By STLFLIX","article_publisher":"https:\/\/www.facebook.com\/STLFLIX","article_modified_time":"2024-12-22T11:18:44+00:00","og_image":[{"width":1080,"height":1350,"url":"https:\/\/my.stlflix.com\/wp-content\/uploads\/2024\/06\/Imp_s_Hunger_Dice_Tower_thumb_a88229eb8a.jpg","type":"image\/jpeg"}],"twitter_card":"summary_large_image","twitter_misc":{"Est. reading time":"1 minute"},"schema":{"@context":"https:\/\/schema.org","@graph":[{"@type":"WebPage","@id":"https:\/\/my.stlflix.com\/product\/imps-hunger-dice-tower-66bb454a428e9\/","url":"https:\/\/my.stlflix.com\/product\/imps-hunger-dice-tower-66bb454a428e9\/","name":"Imp\u2019s Hunger Dice Tower - MyStore - By STLFLIX","isPartOf":{"@id":"https:\/\/my.stlflix.com\/#website"},"primaryImageOfPage":{"@id":"https:\/\/my.stlflix.com\/product\/imps-hunger-dice-tower-66bb454a428e9\/#primaryimage"},"image":{"@id":"https:\/\/my.stlflix.com\/product\/imps-hunger-dice-tower-66bb454a428e9\/#primaryimage"},"thumbnailUrl":"https:\/\/my.stlflix.com\/wp-content\/uploads\/2024\/06\/Imp_s_Hunger_Dice_Tower_thumb_a88229eb8a.jpg","datePublished":"2024-08-13T14:39:27+00:00","dateModified":"2024-12-22T11:18:44+00:00","breadcrumb":{"@id":"https:\/\/my.stlflix.com\/product\/imps-hunger-dice-tower-66bb454a428e9\/#breadcrumb"},"inLanguage":"es-ES","potentialAction":[{"@type":"ReadAction","target":["https:\/\/my.stlflix.com\/product\/imps-hunger-dice-tower-66bb454a428e9\/"]}]},{"@type":"ImageObject","inLanguage":"es-ES","@id":"https:\/\/my.stlflix.com\/product\/imps-hunger-dice-tower-66bb454a428e9\/#primaryimage","url":"https:\/\/my.stlflix.com\/wp-content\/uploads\/2024\/06\/Imp_s_Hunger_Dice_Tower_thumb_a88229eb8a.jpg","contentUrl":"https:\/\/my.stlflix.com\/wp-content\/uploads\/2024\/06\/Imp_s_Hunger_Dice_Tower_thumb_a88229eb8a.jpg","width":1080,"height":1350},{"@type":"BreadcrumbList","@id":"https:\/\/my.stlflix.com\/product\/imps-hunger-dice-tower-66bb454a428e9\/#breadcrumb","itemListElement":[{"@type":"ListItem","position":1,"name":"Home","item":"https:\/\/www.stlflix-store.com\/"},{"@type":"ListItem","position":2,"name":"Products","item":"https:\/\/www.stlflix-store.com\/shop\/"},{"@type":"ListItem","position":3,"name":"Imp\u2019s Hunger Dice Tower"}]},{"@type":"WebSite","@id":"https:\/\/my.stlflix.com\/#website","url":"https:\/\/my.stlflix.com\/","name":"MyStore - By STLFLIX","description":"","publisher":{"@id":"https:\/\/my.stlflix.com\/#organization"},"potentialAction":[{"@type":"SearchAction","target":{"@type":"EntryPoint","urlTemplate":"https:\/\/my.stlflix.com\/?s={search_term_string}"},"query-input":{"@type":"PropertyValueSpecification","valueRequired":true,"valueName":"search_term_string"}}],"inLanguage":"es-ES"},{"@type":"Organization","@id":"https:\/\/my.stlflix.com\/#organization","name":"MyStore - By STLFLIX","url":"https:\/\/my.stlflix.com\/","logo":{"@type":"ImageObject","inLanguage":"es-ES","@id":"https:\/\/my.stlflix.com\/#\/schema\/logo\/image\/","url":"https:\/\/my.stlflix.com\/wp-content\/uploads\/2024\/06\/logo-mystore.png","contentUrl":"https:\/\/my.stlflix.com\/wp-content\/uploads\/2024\/06\/logo-mystore.png","width":150,"height":41,"caption":"MyStore - By STLFLIX"},"image":{"@id":"https:\/\/my.stlflix.com\/#\/schema\/logo\/image\/"},"sameAs":["https:\/\/www.facebook.com\/STLFLIX","https:\/\/www.instagram.com\/stlflix_\/","https:\/\/www.tiktok.com\/@stlflix"]}]}},"_links":{"self":[{"href":"https:\/\/my.stlflix.com\/es\/wp-json\/wp\/v2\/product\/59181","targetHints":{"allow":["GET"]}}],"collection":[{"href":"https:\/\/my.stlflix.com\/es\/wp-json\/wp\/v2\/product"}],"about":[{"href":"https:\/\/my.stlflix.com\/es\/wp-json\/wp\/v2\/types\/product"}],"replies":[{"embeddable":true,"href":"https:\/\/my.stlflix.com\/es\/wp-json\/wp\/v2\/comments?post=59181"}],"wp:featuredmedia":[{"embeddable":true,"href":"https:\/\/my.stlflix.com\/es\/wp-json\/wp\/v2\/media\/37887"}],"wp:attachment":[{"href":"https:\/\/my.stlflix.com\/es\/wp-json\/wp\/v2\/media?parent=59181"}],"wp:term":[{"taxonomy":"product_brand","embeddable":true,"href":"https:\/\/my.stlflix.com\/es\/wp-json\/wp\/v2\/product_brand?post=59181"},{"taxonomy":"product_cat","embeddable":true,"href":"https:\/\/my.stlflix.com\/es\/wp-json\/wp\/v2\/product_cat?post=59181"},{"taxonomy":"product_tag","embeddable":true,"href":"https:\/\/my.stlflix.com\/es\/wp-json\/wp\/v2\/product_tag?post=59181"}],"curies":[{"name":"wp","href":"https:\/\/api.w.org\/{rel}","templated":true}]}}