{"id":59187,"date":"2024-08-13T11:48:18","date_gmt":"2024-08-13T11:48:18","guid":{"rendered":"https:\/\/my.stlflix.com\/?post_type=product&#038;p=59187"},"modified":"2024-12-22T11:18:44","modified_gmt":"2024-12-22T11:18:44","slug":"fate-of-the-fallen-controller-holder-66bb4572a1798","status":"publish","type":"product","link":"https:\/\/my.stlflix.com\/es\/product\/fate-of-the-fallen-controller-holder-66bb4572a1798\/","title":{"rendered":"Suporte de controle Fate of the Fallen"},"content":{"rendered":"<p><strong>Destino do Deca\u00eddo<\/strong><\/p>\n<p>Transforme seu setup de jogos com o\u00a0<strong>Fate of the Fallen Controller Holder<\/strong>! Com um design \u00e9pico que apresenta uma base dram\u00e1tica de cr\u00e2nios, este suporte n\u00e3o \u00e9 apenas funcional, mas tamb\u00e9m uma pe\u00e7a de destaque para qualquer gamer. O suporte \u00e9 projetado para segurar seu controle com seguran\u00e7a, destacando seu design elegante e pegada ergon\u00f4mica. Ideal para aqueles que apreciam uma pitada de fantasia sombria em suas batalhas \u00e9picas. Eleve sua experi\u00eancia de jogo e mostre seu estilo \u00fanico com este acess\u00f3rio indispens\u00e1vel!<\/p>\n","protected":false},"excerpt":{"rendered":"<p>Destino do Deca\u00eddo Transforme seu setup de jogos com o\u00a0Fate of the Fallen Controller Holder! Com um design \u00e9pico que apresenta uma base dram\u00e1tica de cr\u00e2nios, este suporte n\u00e3o \u00e9 apenas funcional, mas tamb\u00e9m uma pe\u00e7a de destaque para qualquer gamer. O suporte \u00e9 projetado para segurar seu controle com seguran\u00e7a, destacando seu design elegante [&hellip;]<\/p>\n","protected":false},"featured_media":4426,"comment_status":"open","ping_status":"closed","template":"","meta":[],"product_brand":[],"product_cat":[25],"product_tag":[490,256,306,515,506],"class_list":{"0":"post-59187","1":"product","2":"type-product","3":"status-publish","4":"has-post-thumbnail","6":"product_cat-home-decor","7":"product_tag-controller","8":"product_tag-controller-holder","9":"product_tag-game-controller","10":"product_tag-gaming-controller-stand","11":"product_tag-suporte-de-controle","13":"first","14":"onbackorder","15":"sale","16":"purchasable","17":"product-type-simple"},"yoast_head":"<!-- This site is optimized with the Yoast SEO plugin v25.1 - https:\/\/yoast.com\/wordpress\/plugins\/seo\/ -->\n<title>Suporte de controle Fate of the Fallen - MyStore - By STLFLIX<\/title>\n<meta name=\"robots\" content=\"index, follow, max-snippet:-1, max-image-preview:large, max-video-preview:-1\" \/>\n<link rel=\"canonical\" href=\"https:\/\/www.lojadomandela3d.biz\/product\/fate-of-the-fallen-controller-holder-66bb4572a1798\/\" \/>\n<meta property=\"og:locale\" content=\"es_ES\" \/>\n<meta property=\"og:type\" content=\"article\" \/>\n<meta property=\"og:title\" content=\"Suporte de controle Fate of the Fallen - MyStore - By STLFLIX\" \/>\n<meta property=\"og:description\" content=\"Destino do Deca\u00eddo Transforme seu setup de jogos com o\u00a0Fate of the Fallen Controller Holder! Com um design \u00e9pico que apresenta uma base dram\u00e1tica de cr\u00e2nios, este suporte n\u00e3o \u00e9 apenas funcional, mas tamb\u00e9m uma pe\u00e7a de destaque para qualquer gamer. O suporte \u00e9 projetado para segurar seu controle com seguran\u00e7a, destacando seu design elegante [&hellip;]\" \/>\n<meta property=\"og:url\" content=\"https:\/\/www.lojadomandela3d.biz\/product\/fate-of-the-fallen-controller-holder-66bb4572a1798\/\" \/>\n<meta property=\"og:site_name\" content=\"MyStore - By STLFLIX\" \/>\n<meta property=\"article:publisher\" content=\"https:\/\/www.facebook.com\/STLFLIX\" \/>\n<meta property=\"article:modified_time\" content=\"2024-12-22T11:18:44+00:00\" \/>\n<meta property=\"og:image\" content=\"https:\/\/www.lojadomandela3d.biz\/wp-content\/uploads\/2024\/03\/Fate_of_the_Fallen_Controller_Holder_thumb_44e8040549.jpg\" \/>\n\t<meta property=\"og:image:width\" content=\"1080\" \/>\n\t<meta property=\"og:image:height\" content=\"1350\" \/>\n\t<meta property=\"og:image:type\" content=\"image\/jpeg\" \/>\n<meta name=\"twitter:card\" content=\"summary_large_image\" \/>\n<script type=\"application\/ld+json\" class=\"yoast-schema-graph\">{\"@context\":\"https:\/\/schema.org\",\"@graph\":[{\"@type\":\"WebPage\",\"@id\":\"https:\/\/www.lojadomandela3d.biz\/product\/fate-of-the-fallen-controller-holder-66bb4572a1798\/\",\"url\":\"https:\/\/www.lojadomandela3d.biz\/product\/fate-of-the-fallen-controller-holder-66bb4572a1798\/\",\"name\":\"Suporte de controle Fate of the Fallen - MyStore - By STLFLIX\",\"isPartOf\":{\"@id\":\"https:\/\/my.stlflix.com\/#website\"},\"primaryImageOfPage\":{\"@id\":\"https:\/\/www.lojadomandela3d.biz\/product\/fate-of-the-fallen-controller-holder-66bb4572a1798\/#primaryimage\"},\"image\":{\"@id\":\"https:\/\/www.lojadomandela3d.biz\/product\/fate-of-the-fallen-controller-holder-66bb4572a1798\/#primaryimage\"},\"thumbnailUrl\":\"https:\/\/my.stlflix.com\/wp-content\/uploads\/2024\/03\/Fate_of_the_Fallen_Controller_Holder_thumb_44e8040549.jpg\",\"datePublished\":\"2024-08-13T11:48:18+00:00\",\"dateModified\":\"2024-12-22T11:18:44+00:00\",\"breadcrumb\":{\"@id\":\"https:\/\/www.lojadomandela3d.biz\/product\/fate-of-the-fallen-controller-holder-66bb4572a1798\/#breadcrumb\"},\"inLanguage\":\"es-ES\",\"potentialAction\":[{\"@type\":\"ReadAction\",\"target\":[\"https:\/\/www.lojadomandela3d.biz\/product\/fate-of-the-fallen-controller-holder-66bb4572a1798\/\"]}]},{\"@type\":\"ImageObject\",\"inLanguage\":\"es-ES\",\"@id\":\"https:\/\/www.lojadomandela3d.biz\/product\/fate-of-the-fallen-controller-holder-66bb4572a1798\/#primaryimage\",\"url\":\"https:\/\/my.stlflix.com\/wp-content\/uploads\/2024\/03\/Fate_of_the_Fallen_Controller_Holder_thumb_44e8040549.jpg\",\"contentUrl\":\"https:\/\/my.stlflix.com\/wp-content\/uploads\/2024\/03\/Fate_of_the_Fallen_Controller_Holder_thumb_44e8040549.jpg\",\"width\":1080,\"height\":1350},{\"@type\":\"BreadcrumbList\",\"@id\":\"https:\/\/www.lojadomandela3d.biz\/product\/fate-of-the-fallen-controller-holder-66bb4572a1798\/#breadcrumb\",\"itemListElement\":[{\"@type\":\"ListItem\",\"position\":1,\"name\":\"Home\",\"item\":\"https:\/\/www.stlflix-store.com\/\"},{\"@type\":\"ListItem\",\"position\":2,\"name\":\"Products\",\"item\":\"https:\/\/www.stlflix-store.com\/shop\/\"},{\"@type\":\"ListItem\",\"position\":3,\"name\":\"Suporte de controle Fate of the Fallen\"}]},{\"@type\":\"WebSite\",\"@id\":\"https:\/\/my.stlflix.com\/#website\",\"url\":\"https:\/\/my.stlflix.com\/\",\"name\":\"MyStore - By STLFLIX\",\"description\":\"\",\"publisher\":{\"@id\":\"https:\/\/my.stlflix.com\/#organization\"},\"potentialAction\":[{\"@type\":\"SearchAction\",\"target\":{\"@type\":\"EntryPoint\",\"urlTemplate\":\"https:\/\/my.stlflix.com\/?s={search_term_string}\"},\"query-input\":{\"@type\":\"PropertyValueSpecification\",\"valueRequired\":true,\"valueName\":\"search_term_string\"}}],\"inLanguage\":\"es-ES\"},{\"@type\":\"Organization\",\"@id\":\"https:\/\/my.stlflix.com\/#organization\",\"name\":\"MyStore - By STLFLIX\",\"url\":\"https:\/\/my.stlflix.com\/\",\"logo\":{\"@type\":\"ImageObject\",\"inLanguage\":\"es-ES\",\"@id\":\"https:\/\/my.stlflix.com\/#\/schema\/logo\/image\/\",\"url\":\"https:\/\/my.stlflix.com\/wp-content\/uploads\/2024\/06\/logo-mystore.png\",\"contentUrl\":\"https:\/\/my.stlflix.com\/wp-content\/uploads\/2024\/06\/logo-mystore.png\",\"width\":150,\"height\":41,\"caption\":\"MyStore - By STLFLIX\"},\"image\":{\"@id\":\"https:\/\/my.stlflix.com\/#\/schema\/logo\/image\/\"},\"sameAs\":[\"https:\/\/www.facebook.com\/STLFLIX\",\"https:\/\/www.instagram.com\/stlflix_\/\",\"https:\/\/www.tiktok.com\/@stlflix\"]}]}<\/script>\n<!-- \/ Yoast SEO plugin. -->","yoast_head_json":{"title":"Suporte de controle Fate of the Fallen - MyStore - By STLFLIX","robots":{"index":"index","follow":"follow","max-snippet":"max-snippet:-1","max-image-preview":"max-image-preview:large","max-video-preview":"max-video-preview:-1"},"canonical":"https:\/\/www.lojadomandela3d.biz\/product\/fate-of-the-fallen-controller-holder-66bb4572a1798\/","og_locale":"es_ES","og_type":"article","og_title":"Suporte de controle Fate of the Fallen - MyStore - By STLFLIX","og_description":"Destino do Deca\u00eddo Transforme seu setup de jogos com o\u00a0Fate of the Fallen Controller Holder! Com um design \u00e9pico que apresenta uma base dram\u00e1tica de cr\u00e2nios, este suporte n\u00e3o \u00e9 apenas funcional, mas tamb\u00e9m uma pe\u00e7a de destaque para qualquer gamer. O suporte \u00e9 projetado para segurar seu controle com seguran\u00e7a, destacando seu design elegante [&hellip;]","og_url":"https:\/\/www.lojadomandela3d.biz\/product\/fate-of-the-fallen-controller-holder-66bb4572a1798\/","og_site_name":"MyStore - By STLFLIX","article_publisher":"https:\/\/www.facebook.com\/STLFLIX","article_modified_time":"2024-12-22T11:18:44+00:00","og_image":[{"width":1080,"height":1350,"url":"https:\/\/www.lojadomandela3d.biz\/wp-content\/uploads\/2024\/03\/Fate_of_the_Fallen_Controller_Holder_thumb_44e8040549.jpg","type":"image\/jpeg"}],"twitter_card":"summary_large_image","schema":{"@context":"https:\/\/schema.org","@graph":[{"@type":"WebPage","@id":"https:\/\/www.lojadomandela3d.biz\/product\/fate-of-the-fallen-controller-holder-66bb4572a1798\/","url":"https:\/\/www.lojadomandela3d.biz\/product\/fate-of-the-fallen-controller-holder-66bb4572a1798\/","name":"Suporte de controle Fate of the Fallen - MyStore - By STLFLIX","isPartOf":{"@id":"https:\/\/my.stlflix.com\/#website"},"primaryImageOfPage":{"@id":"https:\/\/www.lojadomandela3d.biz\/product\/fate-of-the-fallen-controller-holder-66bb4572a1798\/#primaryimage"},"image":{"@id":"https:\/\/www.lojadomandela3d.biz\/product\/fate-of-the-fallen-controller-holder-66bb4572a1798\/#primaryimage"},"thumbnailUrl":"https:\/\/my.stlflix.com\/wp-content\/uploads\/2024\/03\/Fate_of_the_Fallen_Controller_Holder_thumb_44e8040549.jpg","datePublished":"2024-08-13T11:48:18+00:00","dateModified":"2024-12-22T11:18:44+00:00","breadcrumb":{"@id":"https:\/\/www.lojadomandela3d.biz\/product\/fate-of-the-fallen-controller-holder-66bb4572a1798\/#breadcrumb"},"inLanguage":"es-ES","potentialAction":[{"@type":"ReadAction","target":["https:\/\/www.lojadomandela3d.biz\/product\/fate-of-the-fallen-controller-holder-66bb4572a1798\/"]}]},{"@type":"ImageObject","inLanguage":"es-ES","@id":"https:\/\/www.lojadomandela3d.biz\/product\/fate-of-the-fallen-controller-holder-66bb4572a1798\/#primaryimage","url":"https:\/\/my.stlflix.com\/wp-content\/uploads\/2024\/03\/Fate_of_the_Fallen_Controller_Holder_thumb_44e8040549.jpg","contentUrl":"https:\/\/my.stlflix.com\/wp-content\/uploads\/2024\/03\/Fate_of_the_Fallen_Controller_Holder_thumb_44e8040549.jpg","width":1080,"height":1350},{"@type":"BreadcrumbList","@id":"https:\/\/www.lojadomandela3d.biz\/product\/fate-of-the-fallen-controller-holder-66bb4572a1798\/#breadcrumb","itemListElement":[{"@type":"ListItem","position":1,"name":"Home","item":"https:\/\/www.stlflix-store.com\/"},{"@type":"ListItem","position":2,"name":"Products","item":"https:\/\/www.stlflix-store.com\/shop\/"},{"@type":"ListItem","position":3,"name":"Suporte de controle Fate of the Fallen"}]},{"@type":"WebSite","@id":"https:\/\/my.stlflix.com\/#website","url":"https:\/\/my.stlflix.com\/","name":"MyStore - By STLFLIX","description":"","publisher":{"@id":"https:\/\/my.stlflix.com\/#organization"},"potentialAction":[{"@type":"SearchAction","target":{"@type":"EntryPoint","urlTemplate":"https:\/\/my.stlflix.com\/?s={search_term_string}"},"query-input":{"@type":"PropertyValueSpecification","valueRequired":true,"valueName":"search_term_string"}}],"inLanguage":"es-ES"},{"@type":"Organization","@id":"https:\/\/my.stlflix.com\/#organization","name":"MyStore - By STLFLIX","url":"https:\/\/my.stlflix.com\/","logo":{"@type":"ImageObject","inLanguage":"es-ES","@id":"https:\/\/my.stlflix.com\/#\/schema\/logo\/image\/","url":"https:\/\/my.stlflix.com\/wp-content\/uploads\/2024\/06\/logo-mystore.png","contentUrl":"https:\/\/my.stlflix.com\/wp-content\/uploads\/2024\/06\/logo-mystore.png","width":150,"height":41,"caption":"MyStore - By STLFLIX"},"image":{"@id":"https:\/\/my.stlflix.com\/#\/schema\/logo\/image\/"},"sameAs":["https:\/\/www.facebook.com\/STLFLIX","https:\/\/www.instagram.com\/stlflix_\/","https:\/\/www.tiktok.com\/@stlflix"]}]}},"_links":{"self":[{"href":"https:\/\/my.stlflix.com\/es\/wp-json\/wp\/v2\/product\/59187","targetHints":{"allow":["GET"]}}],"collection":[{"href":"https:\/\/my.stlflix.com\/es\/wp-json\/wp\/v2\/product"}],"about":[{"href":"https:\/\/my.stlflix.com\/es\/wp-json\/wp\/v2\/types\/product"}],"replies":[{"embeddable":true,"href":"https:\/\/my.stlflix.com\/es\/wp-json\/wp\/v2\/comments?post=59187"}],"wp:featuredmedia":[{"embeddable":true,"href":"https:\/\/my.stlflix.com\/es\/wp-json\/wp\/v2\/media\/4426"}],"wp:attachment":[{"href":"https:\/\/my.stlflix.com\/es\/wp-json\/wp\/v2\/media?parent=59187"}],"wp:term":[{"taxonomy":"product_brand","embeddable":true,"href":"https:\/\/my.stlflix.com\/es\/wp-json\/wp\/v2\/product_brand?post=59187"},{"taxonomy":"product_cat","embeddable":true,"href":"https:\/\/my.stlflix.com\/es\/wp-json\/wp\/v2\/product_cat?post=59187"},{"taxonomy":"product_tag","embeddable":true,"href":"https:\/\/my.stlflix.com\/es\/wp-json\/wp\/v2\/product_tag?post=59187"}],"curies":[{"name":"wp","href":"https:\/\/api.w.org\/{rel}","templated":true}]}}