{"id":59383,"date":"2024-08-13T16:19:19","date_gmt":"2024-08-13T16:19:19","guid":{"rendered":"https:\/\/my.stlflix.com\/?post_type=product&#038;p=59383"},"modified":"2024-12-22T11:18:47","modified_gmt":"2024-12-22T11:18:47","slug":"suporte-controle-granada","status":"publish","type":"product","link":"https:\/\/my.stlflix.com\/es\/product\/suporte-controle-granada\/","title":{"rendered":"Suporte para controles Granada"},"content":{"rendered":"<p>Este suporte inovador e divertido \u00e9 projetado para manter seus controles remotos seguros e ao seu alcance.<\/p>\n<p>Com um design em forma de granada, o Suporte de Controle Retr\u00e1til Granada \u00e9 a maneira perfeita para adicionar um toque de personalidade \u00e0 sua sala de estar.<\/p>\n<p>Recursos:<br \/>\n&#8211; Design retr\u00e1til para f\u00e1cil acesso e armazenamento<br \/>\n&#8211; Compat\u00edvel com a maioria dos controles remotos<\/p>\n<p>Variantes da cor se aplicam apenas aos detalhes. O corpo do objeto \u00e9 em preto.<\/p>\n<p>Dimens\u00f5es fechado: 16 x 10 x 7.5cm<br \/>\nDimens\u00f5es aberto: 25 x 25 x 23 cm<br \/>\nObs: dimens\u00f5es sem os controles.<\/p>\n<p>&#8212;<br \/>\nPe\u00e7as impressas em 3D<br \/>\nMaterial: Pol\u00edmero PLA<br \/>\nEvitar exposi\u00e7\u00e3o prolongada ao sol<br \/>\nLimpar apenas com pano \u00famido<\/p>\n<p>Produto sob encomenda, dispon\u00edvel em at\u00e9 7 dias ap\u00f3s a compra a depender da demanda<br \/>\nCaso queira personalizar as cores, entre em contato<\/p>\n","protected":false},"excerpt":{"rendered":"<p>Este suporte inovador e divertido \u00e9 projetado para manter seus controles remotos seguros e ao seu alcance. Com um design em forma de granada, o Suporte de Controle Retr\u00e1til Granada \u00e9 a maneira perfeita para adicionar um toque de personalidade \u00e0 sua sala de estar. Recursos: &#8211; Design retr\u00e1til para f\u00e1cil acesso e armazenamento &#8211; [&hellip;]<\/p>\n","protected":false},"featured_media":33724,"comment_status":"open","ping_status":"closed","template":"","meta":[],"product_brand":[],"product_cat":[25],"product_tag":[560],"class_list":{"0":"post-59383","1":"product","2":"type-product","3":"status-publish","4":"has-post-thumbnail","6":"product_cat-home-decor","7":"product_tag-gamer","9":"first","10":"onbackorder","11":"taxable","12":"shipping-taxable","13":"purchasable","14":"product-type-simple"},"yoast_head":"<!-- This site is optimized with the Yoast SEO plugin v25.1 - https:\/\/yoast.com\/wordpress\/plugins\/seo\/ -->\n<title>Suporte para controles Granada - MyStore - By STLFLIX<\/title>\n<meta name=\"robots\" content=\"index, follow, max-snippet:-1, max-image-preview:large, max-video-preview:-1\" \/>\n<link rel=\"canonical\" href=\"https:\/\/my.stlflix.com\/product\/suporte-controle-granada\/\" \/>\n<meta property=\"og:locale\" content=\"es_ES\" \/>\n<meta property=\"og:type\" content=\"article\" \/>\n<meta property=\"og:title\" content=\"Suporte para controles Granada - MyStore - By STLFLIX\" \/>\n<meta property=\"og:description\" content=\"Este suporte inovador e divertido \u00e9 projetado para manter seus controles remotos seguros e ao seu alcance. Com um design em forma de granada, o Suporte de Controle Retr\u00e1til Granada \u00e9 a maneira perfeita para adicionar um toque de personalidade \u00e0 sua sala de estar. Recursos: &#8211; Design retr\u00e1til para f\u00e1cil acesso e armazenamento &#8211; [&hellip;]\" \/>\n<meta property=\"og:url\" content=\"https:\/\/my.stlflix.com\/product\/suporte-controle-granada\/\" \/>\n<meta property=\"og:site_name\" content=\"MyStore - By STLFLIX\" \/>\n<meta property=\"article:publisher\" content=\"https:\/\/www.facebook.com\/STLFLIX\" \/>\n<meta property=\"article:modified_time\" content=\"2024-12-22T11:18:47+00:00\" \/>\n<meta property=\"og:image\" content=\"https:\/\/my.stlflix.com\/wp-content\/uploads\/2024\/05\/Grenade_Portable_Controller_Holder_thumb_725f8a77c1.png\" \/>\n\t<meta property=\"og:image:width\" content=\"1080\" \/>\n\t<meta property=\"og:image:height\" content=\"1350\" \/>\n\t<meta property=\"og:image:type\" content=\"image\/png\" \/>\n<meta name=\"twitter:card\" content=\"summary_large_image\" \/>\n<meta name=\"twitter:label1\" content=\"Est. reading time\" \/>\n\t<meta name=\"twitter:data1\" content=\"1 minute\" \/>\n<script type=\"application\/ld+json\" class=\"yoast-schema-graph\">{\"@context\":\"https:\/\/schema.org\",\"@graph\":[{\"@type\":\"WebPage\",\"@id\":\"https:\/\/my.stlflix.com\/product\/suporte-controle-granada\/\",\"url\":\"https:\/\/my.stlflix.com\/product\/suporte-controle-granada\/\",\"name\":\"Suporte para controles Granada - MyStore - By STLFLIX\",\"isPartOf\":{\"@id\":\"https:\/\/my.stlflix.com\/#website\"},\"primaryImageOfPage\":{\"@id\":\"https:\/\/my.stlflix.com\/product\/suporte-controle-granada\/#primaryimage\"},\"image\":{\"@id\":\"https:\/\/my.stlflix.com\/product\/suporte-controle-granada\/#primaryimage\"},\"thumbnailUrl\":\"https:\/\/my.stlflix.com\/wp-content\/uploads\/2024\/05\/Grenade_Portable_Controller_Holder_thumb_725f8a77c1.png\",\"datePublished\":\"2024-08-13T16:19:19+00:00\",\"dateModified\":\"2024-12-22T11:18:47+00:00\",\"breadcrumb\":{\"@id\":\"https:\/\/my.stlflix.com\/product\/suporte-controle-granada\/#breadcrumb\"},\"inLanguage\":\"es-ES\",\"potentialAction\":[{\"@type\":\"ReadAction\",\"target\":[\"https:\/\/my.stlflix.com\/product\/suporte-controle-granada\/\"]}]},{\"@type\":\"ImageObject\",\"inLanguage\":\"es-ES\",\"@id\":\"https:\/\/my.stlflix.com\/product\/suporte-controle-granada\/#primaryimage\",\"url\":\"https:\/\/my.stlflix.com\/wp-content\/uploads\/2024\/05\/Grenade_Portable_Controller_Holder_thumb_725f8a77c1.png\",\"contentUrl\":\"https:\/\/my.stlflix.com\/wp-content\/uploads\/2024\/05\/Grenade_Portable_Controller_Holder_thumb_725f8a77c1.png\",\"width\":1080,\"height\":1350},{\"@type\":\"BreadcrumbList\",\"@id\":\"https:\/\/my.stlflix.com\/product\/suporte-controle-granada\/#breadcrumb\",\"itemListElement\":[{\"@type\":\"ListItem\",\"position\":1,\"name\":\"Home\",\"item\":\"https:\/\/www.stlflix-store.com\/\"},{\"@type\":\"ListItem\",\"position\":2,\"name\":\"Products\",\"item\":\"https:\/\/www.stlflix-store.com\/shop\/\"},{\"@type\":\"ListItem\",\"position\":3,\"name\":\"Suporte para controles Granada\"}]},{\"@type\":\"WebSite\",\"@id\":\"https:\/\/my.stlflix.com\/#website\",\"url\":\"https:\/\/my.stlflix.com\/\",\"name\":\"MyStore - By STLFLIX\",\"description\":\"\",\"publisher\":{\"@id\":\"https:\/\/my.stlflix.com\/#organization\"},\"potentialAction\":[{\"@type\":\"SearchAction\",\"target\":{\"@type\":\"EntryPoint\",\"urlTemplate\":\"https:\/\/my.stlflix.com\/?s={search_term_string}\"},\"query-input\":{\"@type\":\"PropertyValueSpecification\",\"valueRequired\":true,\"valueName\":\"search_term_string\"}}],\"inLanguage\":\"es-ES\"},{\"@type\":\"Organization\",\"@id\":\"https:\/\/my.stlflix.com\/#organization\",\"name\":\"MyStore - By STLFLIX\",\"url\":\"https:\/\/my.stlflix.com\/\",\"logo\":{\"@type\":\"ImageObject\",\"inLanguage\":\"es-ES\",\"@id\":\"https:\/\/my.stlflix.com\/#\/schema\/logo\/image\/\",\"url\":\"https:\/\/my.stlflix.com\/wp-content\/uploads\/2024\/06\/logo-mystore.png\",\"contentUrl\":\"https:\/\/my.stlflix.com\/wp-content\/uploads\/2024\/06\/logo-mystore.png\",\"width\":150,\"height\":41,\"caption\":\"MyStore - By STLFLIX\"},\"image\":{\"@id\":\"https:\/\/my.stlflix.com\/#\/schema\/logo\/image\/\"},\"sameAs\":[\"https:\/\/www.facebook.com\/STLFLIX\",\"https:\/\/www.instagram.com\/stlflix_\/\",\"https:\/\/www.tiktok.com\/@stlflix\"]}]}<\/script>\n<!-- \/ Yoast SEO plugin. -->","yoast_head_json":{"title":"Suporte para controles Granada - MyStore - By STLFLIX","robots":{"index":"index","follow":"follow","max-snippet":"max-snippet:-1","max-image-preview":"max-image-preview:large","max-video-preview":"max-video-preview:-1"},"canonical":"https:\/\/my.stlflix.com\/product\/suporte-controle-granada\/","og_locale":"es_ES","og_type":"article","og_title":"Suporte para controles Granada - MyStore - By STLFLIX","og_description":"Este suporte inovador e divertido \u00e9 projetado para manter seus controles remotos seguros e ao seu alcance. Com um design em forma de granada, o Suporte de Controle Retr\u00e1til Granada \u00e9 a maneira perfeita para adicionar um toque de personalidade \u00e0 sua sala de estar. Recursos: &#8211; Design retr\u00e1til para f\u00e1cil acesso e armazenamento &#8211; [&hellip;]","og_url":"https:\/\/my.stlflix.com\/product\/suporte-controle-granada\/","og_site_name":"MyStore - By STLFLIX","article_publisher":"https:\/\/www.facebook.com\/STLFLIX","article_modified_time":"2024-12-22T11:18:47+00:00","og_image":[{"width":1080,"height":1350,"url":"https:\/\/my.stlflix.com\/wp-content\/uploads\/2024\/05\/Grenade_Portable_Controller_Holder_thumb_725f8a77c1.png","type":"image\/png"}],"twitter_card":"summary_large_image","twitter_misc":{"Est. reading time":"1 minute"},"schema":{"@context":"https:\/\/schema.org","@graph":[{"@type":"WebPage","@id":"https:\/\/my.stlflix.com\/product\/suporte-controle-granada\/","url":"https:\/\/my.stlflix.com\/product\/suporte-controle-granada\/","name":"Suporte para controles Granada - MyStore - By STLFLIX","isPartOf":{"@id":"https:\/\/my.stlflix.com\/#website"},"primaryImageOfPage":{"@id":"https:\/\/my.stlflix.com\/product\/suporte-controle-granada\/#primaryimage"},"image":{"@id":"https:\/\/my.stlflix.com\/product\/suporte-controle-granada\/#primaryimage"},"thumbnailUrl":"https:\/\/my.stlflix.com\/wp-content\/uploads\/2024\/05\/Grenade_Portable_Controller_Holder_thumb_725f8a77c1.png","datePublished":"2024-08-13T16:19:19+00:00","dateModified":"2024-12-22T11:18:47+00:00","breadcrumb":{"@id":"https:\/\/my.stlflix.com\/product\/suporte-controle-granada\/#breadcrumb"},"inLanguage":"es-ES","potentialAction":[{"@type":"ReadAction","target":["https:\/\/my.stlflix.com\/product\/suporte-controle-granada\/"]}]},{"@type":"ImageObject","inLanguage":"es-ES","@id":"https:\/\/my.stlflix.com\/product\/suporte-controle-granada\/#primaryimage","url":"https:\/\/my.stlflix.com\/wp-content\/uploads\/2024\/05\/Grenade_Portable_Controller_Holder_thumb_725f8a77c1.png","contentUrl":"https:\/\/my.stlflix.com\/wp-content\/uploads\/2024\/05\/Grenade_Portable_Controller_Holder_thumb_725f8a77c1.png","width":1080,"height":1350},{"@type":"BreadcrumbList","@id":"https:\/\/my.stlflix.com\/product\/suporte-controle-granada\/#breadcrumb","itemListElement":[{"@type":"ListItem","position":1,"name":"Home","item":"https:\/\/www.stlflix-store.com\/"},{"@type":"ListItem","position":2,"name":"Products","item":"https:\/\/www.stlflix-store.com\/shop\/"},{"@type":"ListItem","position":3,"name":"Suporte para controles Granada"}]},{"@type":"WebSite","@id":"https:\/\/my.stlflix.com\/#website","url":"https:\/\/my.stlflix.com\/","name":"MyStore - By STLFLIX","description":"","publisher":{"@id":"https:\/\/my.stlflix.com\/#organization"},"potentialAction":[{"@type":"SearchAction","target":{"@type":"EntryPoint","urlTemplate":"https:\/\/my.stlflix.com\/?s={search_term_string}"},"query-input":{"@type":"PropertyValueSpecification","valueRequired":true,"valueName":"search_term_string"}}],"inLanguage":"es-ES"},{"@type":"Organization","@id":"https:\/\/my.stlflix.com\/#organization","name":"MyStore - By STLFLIX","url":"https:\/\/my.stlflix.com\/","logo":{"@type":"ImageObject","inLanguage":"es-ES","@id":"https:\/\/my.stlflix.com\/#\/schema\/logo\/image\/","url":"https:\/\/my.stlflix.com\/wp-content\/uploads\/2024\/06\/logo-mystore.png","contentUrl":"https:\/\/my.stlflix.com\/wp-content\/uploads\/2024\/06\/logo-mystore.png","width":150,"height":41,"caption":"MyStore - By STLFLIX"},"image":{"@id":"https:\/\/my.stlflix.com\/#\/schema\/logo\/image\/"},"sameAs":["https:\/\/www.facebook.com\/STLFLIX","https:\/\/www.instagram.com\/stlflix_\/","https:\/\/www.tiktok.com\/@stlflix"]}]}},"_links":{"self":[{"href":"https:\/\/my.stlflix.com\/es\/wp-json\/wp\/v2\/product\/59383","targetHints":{"allow":["GET"]}}],"collection":[{"href":"https:\/\/my.stlflix.com\/es\/wp-json\/wp\/v2\/product"}],"about":[{"href":"https:\/\/my.stlflix.com\/es\/wp-json\/wp\/v2\/types\/product"}],"replies":[{"embeddable":true,"href":"https:\/\/my.stlflix.com\/es\/wp-json\/wp\/v2\/comments?post=59383"}],"wp:featuredmedia":[{"embeddable":true,"href":"https:\/\/my.stlflix.com\/es\/wp-json\/wp\/v2\/media\/33724"}],"wp:attachment":[{"href":"https:\/\/my.stlflix.com\/es\/wp-json\/wp\/v2\/media?parent=59383"}],"wp:term":[{"taxonomy":"product_brand","embeddable":true,"href":"https:\/\/my.stlflix.com\/es\/wp-json\/wp\/v2\/product_brand?post=59383"},{"taxonomy":"product_cat","embeddable":true,"href":"https:\/\/my.stlflix.com\/es\/wp-json\/wp\/v2\/product_cat?post=59383"},{"taxonomy":"product_tag","embeddable":true,"href":"https:\/\/my.stlflix.com\/es\/wp-json\/wp\/v2\/product_tag?post=59383"}],"curies":[{"name":"wp","href":"https:\/\/api.w.org\/{rel}","templated":true}]}}