{"id":60036,"date":"2024-08-17T00:27:41","date_gmt":"2024-08-17T00:27:41","guid":{"rendered":"https:\/\/my.stlflix.com\/?post_type=product&#038;p=60036"},"modified":"2024-12-22T11:18:52","modified_gmt":"2024-12-22T11:18:52","slug":"valentines-lithophane-box-of-memories-66bb87c4cda7e","status":"publish","type":"product","link":"https:\/\/my.stlflix.com\/es\/product\/valentines-lithophane-box-of-memories-66bb87c4cda7e\/","title":{"rendered":"Caixa de Mem\u00f3rias Valentine&#8217;s Lithophane"},"content":{"rendered":"<p>A Caixa de Mem\u00f3rias Valentine&#8217;s Lithophane \u00e9 um presente \u00fanico e personalizado que transforma suas fotos mais queridas em uma obra de arte iluminada. Esta caixa elegante \u00e9 feita \u00e0 m\u00e3o com materiais de alta qualidade e possui uma tampa que exibe uma litofania detalhada, revelando suas imagens favoritas quando iluminada por uma luz suave. Ideal para ocasi\u00f5es especiais como Dia dos Namorados, anivers\u00e1rios ou simplesmente para eternizar momentos inesquec\u00edveis, esta caixa \u00e9 perfeita para guardar lembran\u00e7as preciosas e emocionar quem voc\u00ea ama. D\u00ea um toque de magia \u00e0s suas mem\u00f3rias com a Caixa de Mem\u00f3rias Valentine&#8217;s Lithophane.<\/p>\n","protected":false},"excerpt":{"rendered":"<p>A Caixa de Mem\u00f3rias Valentine&#8217;s Lithophane \u00e9 um presente \u00fanico e personalizado que transforma suas fotos mais queridas em uma obra de arte iluminada. Esta caixa elegante \u00e9 feita \u00e0 m\u00e3o com materiais de alta qualidade e possui uma tampa que exibe uma litofania detalhada, revelando suas imagens favoritas quando iluminada por uma luz suave. [&hellip;]<\/p>\n","protected":false},"featured_media":8047,"comment_status":"open","ping_status":"closed","template":"","meta":[],"product_brand":[],"product_cat":[34],"product_tag":[725,705],"class_list":{"0":"post-60036","1":"product","2":"type-product","3":"status-publish","4":"has-post-thumbnail","6":"product_cat-customizables","7":"product_tag-dia-dos-namorados","8":"product_tag-fotos","10":"first","11":"instock","12":"sold-individually","13":"taxable","14":"shipping-taxable","15":"purchasable","16":"product-type-simple"},"yoast_head":"<!-- This site is optimized with the Yoast SEO plugin v25.1 - https:\/\/yoast.com\/wordpress\/plugins\/seo\/ -->\n<title>Caixa de Mem\u00f3rias Valentine&#039;s Lithophane - MyStore - By STLFLIX<\/title>\n<meta name=\"robots\" content=\"index, follow, max-snippet:-1, max-image-preview:large, max-video-preview:-1\" \/>\n<link rel=\"canonical\" href=\"https:\/\/my.stlflix.com\/product\/valentines-lithophane-box-of-memories-66bb87c4cda7e\/\" \/>\n<meta property=\"og:locale\" content=\"es_ES\" \/>\n<meta property=\"og:type\" content=\"article\" \/>\n<meta property=\"og:title\" content=\"Caixa de Mem\u00f3rias Valentine&#039;s Lithophane - MyStore - By STLFLIX\" \/>\n<meta property=\"og:description\" content=\"A Caixa de Mem\u00f3rias Valentine&#8217;s Lithophane \u00e9 um presente \u00fanico e personalizado que transforma suas fotos mais queridas em uma obra de arte iluminada. Esta caixa elegante \u00e9 feita \u00e0 m\u00e3o com materiais de alta qualidade e possui uma tampa que exibe uma litofania detalhada, revelando suas imagens favoritas quando iluminada por uma luz suave. [&hellip;]\" \/>\n<meta property=\"og:url\" content=\"https:\/\/my.stlflix.com\/product\/valentines-lithophane-box-of-memories-66bb87c4cda7e\/\" \/>\n<meta property=\"og:site_name\" content=\"MyStore - By STLFLIX\" \/>\n<meta property=\"article:publisher\" content=\"https:\/\/www.facebook.com\/STLFLIX\" \/>\n<meta property=\"article:modified_time\" content=\"2024-12-22T11:18:52+00:00\" \/>\n<meta property=\"og:image\" content=\"https:\/\/my.stlflix.com\/wp-content\/uploads\/2024\/03\/feed_2_1b244d409f.png\" \/>\n\t<meta property=\"og:image:width\" content=\"1080\" \/>\n\t<meta property=\"og:image:height\" content=\"1350\" \/>\n\t<meta property=\"og:image:type\" content=\"image\/png\" \/>\n<meta name=\"twitter:card\" content=\"summary_large_image\" \/>\n<meta name=\"twitter:label1\" content=\"Est. reading time\" \/>\n\t<meta name=\"twitter:data1\" content=\"1 minute\" \/>\n<script type=\"application\/ld+json\" class=\"yoast-schema-graph\">{\"@context\":\"https:\/\/schema.org\",\"@graph\":[{\"@type\":\"WebPage\",\"@id\":\"https:\/\/my.stlflix.com\/product\/valentines-lithophane-box-of-memories-66bb87c4cda7e\/\",\"url\":\"https:\/\/my.stlflix.com\/product\/valentines-lithophane-box-of-memories-66bb87c4cda7e\/\",\"name\":\"Caixa de Mem\u00f3rias Valentine's Lithophane - MyStore - By STLFLIX\",\"isPartOf\":{\"@id\":\"https:\/\/my.stlflix.com\/#website\"},\"primaryImageOfPage\":{\"@id\":\"https:\/\/my.stlflix.com\/product\/valentines-lithophane-box-of-memories-66bb87c4cda7e\/#primaryimage\"},\"image\":{\"@id\":\"https:\/\/my.stlflix.com\/product\/valentines-lithophane-box-of-memories-66bb87c4cda7e\/#primaryimage\"},\"thumbnailUrl\":\"https:\/\/my.stlflix.com\/wp-content\/uploads\/2024\/03\/feed_2_1b244d409f.png\",\"datePublished\":\"2024-08-17T00:27:41+00:00\",\"dateModified\":\"2024-12-22T11:18:52+00:00\",\"breadcrumb\":{\"@id\":\"https:\/\/my.stlflix.com\/product\/valentines-lithophane-box-of-memories-66bb87c4cda7e\/#breadcrumb\"},\"inLanguage\":\"es-ES\",\"potentialAction\":[{\"@type\":\"ReadAction\",\"target\":[\"https:\/\/my.stlflix.com\/product\/valentines-lithophane-box-of-memories-66bb87c4cda7e\/\"]}]},{\"@type\":\"ImageObject\",\"inLanguage\":\"es-ES\",\"@id\":\"https:\/\/my.stlflix.com\/product\/valentines-lithophane-box-of-memories-66bb87c4cda7e\/#primaryimage\",\"url\":\"https:\/\/my.stlflix.com\/wp-content\/uploads\/2024\/03\/feed_2_1b244d409f.png\",\"contentUrl\":\"https:\/\/my.stlflix.com\/wp-content\/uploads\/2024\/03\/feed_2_1b244d409f.png\",\"width\":1080,\"height\":1350},{\"@type\":\"BreadcrumbList\",\"@id\":\"https:\/\/my.stlflix.com\/product\/valentines-lithophane-box-of-memories-66bb87c4cda7e\/#breadcrumb\",\"itemListElement\":[{\"@type\":\"ListItem\",\"position\":1,\"name\":\"Home\",\"item\":\"https:\/\/www.stlflix-store.com\/\"},{\"@type\":\"ListItem\",\"position\":2,\"name\":\"Products\",\"item\":\"https:\/\/www.stlflix-store.com\/shop\/\"},{\"@type\":\"ListItem\",\"position\":3,\"name\":\"Caixa de Mem\u00f3rias Valentine&#8217;s Lithophane\"}]},{\"@type\":\"WebSite\",\"@id\":\"https:\/\/my.stlflix.com\/#website\",\"url\":\"https:\/\/my.stlflix.com\/\",\"name\":\"MyStore - By STLFLIX\",\"description\":\"\",\"publisher\":{\"@id\":\"https:\/\/my.stlflix.com\/#organization\"},\"potentialAction\":[{\"@type\":\"SearchAction\",\"target\":{\"@type\":\"EntryPoint\",\"urlTemplate\":\"https:\/\/my.stlflix.com\/?s={search_term_string}\"},\"query-input\":{\"@type\":\"PropertyValueSpecification\",\"valueRequired\":true,\"valueName\":\"search_term_string\"}}],\"inLanguage\":\"es-ES\"},{\"@type\":\"Organization\",\"@id\":\"https:\/\/my.stlflix.com\/#organization\",\"name\":\"MyStore - By STLFLIX\",\"url\":\"https:\/\/my.stlflix.com\/\",\"logo\":{\"@type\":\"ImageObject\",\"inLanguage\":\"es-ES\",\"@id\":\"https:\/\/my.stlflix.com\/#\/schema\/logo\/image\/\",\"url\":\"https:\/\/my.stlflix.com\/wp-content\/uploads\/2024\/06\/logo-mystore.png\",\"contentUrl\":\"https:\/\/my.stlflix.com\/wp-content\/uploads\/2024\/06\/logo-mystore.png\",\"width\":150,\"height\":41,\"caption\":\"MyStore - By STLFLIX\"},\"image\":{\"@id\":\"https:\/\/my.stlflix.com\/#\/schema\/logo\/image\/\"},\"sameAs\":[\"https:\/\/www.facebook.com\/STLFLIX\",\"https:\/\/www.instagram.com\/stlflix_\/\",\"https:\/\/www.tiktok.com\/@stlflix\"]}]}<\/script>\n<!-- \/ Yoast SEO plugin. -->","yoast_head_json":{"title":"Caixa de Mem\u00f3rias Valentine's Lithophane - MyStore - By STLFLIX","robots":{"index":"index","follow":"follow","max-snippet":"max-snippet:-1","max-image-preview":"max-image-preview:large","max-video-preview":"max-video-preview:-1"},"canonical":"https:\/\/my.stlflix.com\/product\/valentines-lithophane-box-of-memories-66bb87c4cda7e\/","og_locale":"es_ES","og_type":"article","og_title":"Caixa de Mem\u00f3rias Valentine's Lithophane - MyStore - By STLFLIX","og_description":"A Caixa de Mem\u00f3rias Valentine&#8217;s Lithophane \u00e9 um presente \u00fanico e personalizado que transforma suas fotos mais queridas em uma obra de arte iluminada. Esta caixa elegante \u00e9 feita \u00e0 m\u00e3o com materiais de alta qualidade e possui uma tampa que exibe uma litofania detalhada, revelando suas imagens favoritas quando iluminada por uma luz suave. [&hellip;]","og_url":"https:\/\/my.stlflix.com\/product\/valentines-lithophane-box-of-memories-66bb87c4cda7e\/","og_site_name":"MyStore - By STLFLIX","article_publisher":"https:\/\/www.facebook.com\/STLFLIX","article_modified_time":"2024-12-22T11:18:52+00:00","og_image":[{"width":1080,"height":1350,"url":"https:\/\/my.stlflix.com\/wp-content\/uploads\/2024\/03\/feed_2_1b244d409f.png","type":"image\/png"}],"twitter_card":"summary_large_image","twitter_misc":{"Est. reading time":"1 minute"},"schema":{"@context":"https:\/\/schema.org","@graph":[{"@type":"WebPage","@id":"https:\/\/my.stlflix.com\/product\/valentines-lithophane-box-of-memories-66bb87c4cda7e\/","url":"https:\/\/my.stlflix.com\/product\/valentines-lithophane-box-of-memories-66bb87c4cda7e\/","name":"Caixa de Mem\u00f3rias Valentine's Lithophane - MyStore - By STLFLIX","isPartOf":{"@id":"https:\/\/my.stlflix.com\/#website"},"primaryImageOfPage":{"@id":"https:\/\/my.stlflix.com\/product\/valentines-lithophane-box-of-memories-66bb87c4cda7e\/#primaryimage"},"image":{"@id":"https:\/\/my.stlflix.com\/product\/valentines-lithophane-box-of-memories-66bb87c4cda7e\/#primaryimage"},"thumbnailUrl":"https:\/\/my.stlflix.com\/wp-content\/uploads\/2024\/03\/feed_2_1b244d409f.png","datePublished":"2024-08-17T00:27:41+00:00","dateModified":"2024-12-22T11:18:52+00:00","breadcrumb":{"@id":"https:\/\/my.stlflix.com\/product\/valentines-lithophane-box-of-memories-66bb87c4cda7e\/#breadcrumb"},"inLanguage":"es-ES","potentialAction":[{"@type":"ReadAction","target":["https:\/\/my.stlflix.com\/product\/valentines-lithophane-box-of-memories-66bb87c4cda7e\/"]}]},{"@type":"ImageObject","inLanguage":"es-ES","@id":"https:\/\/my.stlflix.com\/product\/valentines-lithophane-box-of-memories-66bb87c4cda7e\/#primaryimage","url":"https:\/\/my.stlflix.com\/wp-content\/uploads\/2024\/03\/feed_2_1b244d409f.png","contentUrl":"https:\/\/my.stlflix.com\/wp-content\/uploads\/2024\/03\/feed_2_1b244d409f.png","width":1080,"height":1350},{"@type":"BreadcrumbList","@id":"https:\/\/my.stlflix.com\/product\/valentines-lithophane-box-of-memories-66bb87c4cda7e\/#breadcrumb","itemListElement":[{"@type":"ListItem","position":1,"name":"Home","item":"https:\/\/www.stlflix-store.com\/"},{"@type":"ListItem","position":2,"name":"Products","item":"https:\/\/www.stlflix-store.com\/shop\/"},{"@type":"ListItem","position":3,"name":"Caixa de Mem\u00f3rias Valentine&#8217;s Lithophane"}]},{"@type":"WebSite","@id":"https:\/\/my.stlflix.com\/#website","url":"https:\/\/my.stlflix.com\/","name":"MyStore - By STLFLIX","description":"","publisher":{"@id":"https:\/\/my.stlflix.com\/#organization"},"potentialAction":[{"@type":"SearchAction","target":{"@type":"EntryPoint","urlTemplate":"https:\/\/my.stlflix.com\/?s={search_term_string}"},"query-input":{"@type":"PropertyValueSpecification","valueRequired":true,"valueName":"search_term_string"}}],"inLanguage":"es-ES"},{"@type":"Organization","@id":"https:\/\/my.stlflix.com\/#organization","name":"MyStore - By STLFLIX","url":"https:\/\/my.stlflix.com\/","logo":{"@type":"ImageObject","inLanguage":"es-ES","@id":"https:\/\/my.stlflix.com\/#\/schema\/logo\/image\/","url":"https:\/\/my.stlflix.com\/wp-content\/uploads\/2024\/06\/logo-mystore.png","contentUrl":"https:\/\/my.stlflix.com\/wp-content\/uploads\/2024\/06\/logo-mystore.png","width":150,"height":41,"caption":"MyStore - By STLFLIX"},"image":{"@id":"https:\/\/my.stlflix.com\/#\/schema\/logo\/image\/"},"sameAs":["https:\/\/www.facebook.com\/STLFLIX","https:\/\/www.instagram.com\/stlflix_\/","https:\/\/www.tiktok.com\/@stlflix"]}]}},"_links":{"self":[{"href":"https:\/\/my.stlflix.com\/es\/wp-json\/wp\/v2\/product\/60036","targetHints":{"allow":["GET"]}}],"collection":[{"href":"https:\/\/my.stlflix.com\/es\/wp-json\/wp\/v2\/product"}],"about":[{"href":"https:\/\/my.stlflix.com\/es\/wp-json\/wp\/v2\/types\/product"}],"replies":[{"embeddable":true,"href":"https:\/\/my.stlflix.com\/es\/wp-json\/wp\/v2\/comments?post=60036"}],"wp:featuredmedia":[{"embeddable":true,"href":"https:\/\/my.stlflix.com\/es\/wp-json\/wp\/v2\/media\/8047"}],"wp:attachment":[{"href":"https:\/\/my.stlflix.com\/es\/wp-json\/wp\/v2\/media?parent=60036"}],"wp:term":[{"taxonomy":"product_brand","embeddable":true,"href":"https:\/\/my.stlflix.com\/es\/wp-json\/wp\/v2\/product_brand?post=60036"},{"taxonomy":"product_cat","embeddable":true,"href":"https:\/\/my.stlflix.com\/es\/wp-json\/wp\/v2\/product_cat?post=60036"},{"taxonomy":"product_tag","embeddable":true,"href":"https:\/\/my.stlflix.com\/es\/wp-json\/wp\/v2\/product_tag?post=60036"}],"curies":[{"name":"wp","href":"https:\/\/api.w.org\/{rel}","templated":true}]}}