{"id":60041,"date":"2024-08-17T00:20:41","date_gmt":"2024-08-17T00:20:41","guid":{"rendered":"https:\/\/my.stlflix.com\/?post_type=product&#038;p=60041"},"modified":"2024-12-22T11:18:53","modified_gmt":"2024-12-22T11:18:53","slug":"customizable-wedding-cake-dolls-66bb881181091","status":"publish","type":"product","link":"https:\/\/my.stlflix.com\/es\/product\/customizable-wedding-cake-dolls-66bb881181091\/","title":{"rendered":"Bonecos Personaliz\u00e1veis para Bolos de Casamento"},"content":{"rendered":"<p>Celebre o seu grande dia com nossos Bonecos Personaliz\u00e1veis para Bolos de Casamento! Feitos com materiais de alta qualidade, nossos bonecos podem ser personalizados para se parecerem com os noivos, capturando cada detalhe especial do casal. Escolha entre uma variedade de trajes, penteados e acess\u00f3rios para criar uma representa\u00e7\u00e3o \u00fanica e encantadora. Perfeitos para adicionar um toque pessoal e inesquec\u00edvel ao seu bolo de casamento, nossos bonecos s\u00e3o o complemento ideal para tornar sua celebra\u00e7\u00e3o ainda mais especial.<\/p>\n","protected":false},"excerpt":{"rendered":"<p>Celebre o seu grande dia com nossos Bonecos Personaliz\u00e1veis para Bolos de Casamento! Feitos com materiais de alta qualidade, nossos bonecos podem ser personalizados para se parecerem com os noivos, capturando cada detalhe especial do casal. Escolha entre uma variedade de trajes, penteados e acess\u00f3rios para criar uma representa\u00e7\u00e3o \u00fanica e encantadora. Perfeitos para adicionar [&hellip;]<\/p>\n","protected":false},"featured_media":8139,"comment_status":"open","ping_status":"closed","template":"","meta":[],"product_brand":[],"product_cat":[55],"product_tag":[690],"class_list":{"0":"post-60041","1":"product","2":"type-product","3":"status-publish","4":"has-post-thumbnail","6":"product_cat-custom-characters","7":"product_tag-brinquedos","9":"first","10":"instock","11":"sold-individually","12":"taxable","13":"shipping-taxable","14":"purchasable","15":"product-type-simple"},"yoast_head":"<!-- This site is optimized with the Yoast SEO plugin v25.1 - https:\/\/yoast.com\/wordpress\/plugins\/seo\/ -->\n<title>Bonecos Personaliz\u00e1veis para Bolos de Casamento - MyStore - By STLFLIX<\/title>\n<meta name=\"robots\" content=\"index, follow, max-snippet:-1, max-image-preview:large, max-video-preview:-1\" \/>\n<link rel=\"canonical\" href=\"https:\/\/www.lojadomandela3d.biz\/product\/customizable-wedding-cake-dolls-66bb881181091\/\" \/>\n<meta property=\"og:locale\" content=\"es_ES\" \/>\n<meta property=\"og:type\" content=\"article\" \/>\n<meta property=\"og:title\" content=\"Bonecos Personaliz\u00e1veis para Bolos de Casamento - MyStore - By STLFLIX\" \/>\n<meta property=\"og:description\" content=\"Celebre o seu grande dia com nossos Bonecos Personaliz\u00e1veis para Bolos de Casamento! Feitos com materiais de alta qualidade, nossos bonecos podem ser personalizados para se parecerem com os noivos, capturando cada detalhe especial do casal. Escolha entre uma variedade de trajes, penteados e acess\u00f3rios para criar uma representa\u00e7\u00e3o \u00fanica e encantadora. Perfeitos para adicionar [&hellip;]\" \/>\n<meta property=\"og:url\" content=\"https:\/\/www.lojadomandela3d.biz\/product\/customizable-wedding-cake-dolls-66bb881181091\/\" \/>\n<meta property=\"og:site_name\" content=\"MyStore - By STLFLIX\" \/>\n<meta property=\"article:publisher\" content=\"https:\/\/www.facebook.com\/STLFLIX\" \/>\n<meta property=\"article:modified_time\" content=\"2024-12-22T11:18:53+00:00\" \/>\n<meta property=\"og:image\" content=\"https:\/\/www.lojadomandela3d.biz\/wp-content\/uploads\/2024\/03\/feed_e94461b3fd.png\" \/>\n\t<meta property=\"og:image:width\" content=\"1080\" \/>\n\t<meta property=\"og:image:height\" content=\"1350\" \/>\n\t<meta property=\"og:image:type\" content=\"image\/png\" \/>\n<meta name=\"twitter:card\" content=\"summary_large_image\" \/>\n<script type=\"application\/ld+json\" class=\"yoast-schema-graph\">{\"@context\":\"https:\/\/schema.org\",\"@graph\":[{\"@type\":\"WebPage\",\"@id\":\"https:\/\/www.lojadomandela3d.biz\/product\/customizable-wedding-cake-dolls-66bb881181091\/\",\"url\":\"https:\/\/www.lojadomandela3d.biz\/product\/customizable-wedding-cake-dolls-66bb881181091\/\",\"name\":\"Bonecos Personaliz\u00e1veis para Bolos de Casamento - MyStore - By STLFLIX\",\"isPartOf\":{\"@id\":\"https:\/\/my.stlflix.com\/#website\"},\"primaryImageOfPage\":{\"@id\":\"https:\/\/www.lojadomandela3d.biz\/product\/customizable-wedding-cake-dolls-66bb881181091\/#primaryimage\"},\"image\":{\"@id\":\"https:\/\/www.lojadomandela3d.biz\/product\/customizable-wedding-cake-dolls-66bb881181091\/#primaryimage\"},\"thumbnailUrl\":\"https:\/\/my.stlflix.com\/wp-content\/uploads\/2024\/03\/feed_e94461b3fd.png\",\"datePublished\":\"2024-08-17T00:20:41+00:00\",\"dateModified\":\"2024-12-22T11:18:53+00:00\",\"breadcrumb\":{\"@id\":\"https:\/\/www.lojadomandela3d.biz\/product\/customizable-wedding-cake-dolls-66bb881181091\/#breadcrumb\"},\"inLanguage\":\"es-ES\",\"potentialAction\":[{\"@type\":\"ReadAction\",\"target\":[\"https:\/\/www.lojadomandela3d.biz\/product\/customizable-wedding-cake-dolls-66bb881181091\/\"]}]},{\"@type\":\"ImageObject\",\"inLanguage\":\"es-ES\",\"@id\":\"https:\/\/www.lojadomandela3d.biz\/product\/customizable-wedding-cake-dolls-66bb881181091\/#primaryimage\",\"url\":\"https:\/\/my.stlflix.com\/wp-content\/uploads\/2024\/03\/feed_e94461b3fd.png\",\"contentUrl\":\"https:\/\/my.stlflix.com\/wp-content\/uploads\/2024\/03\/feed_e94461b3fd.png\",\"width\":1080,\"height\":1350},{\"@type\":\"BreadcrumbList\",\"@id\":\"https:\/\/www.lojadomandela3d.biz\/product\/customizable-wedding-cake-dolls-66bb881181091\/#breadcrumb\",\"itemListElement\":[{\"@type\":\"ListItem\",\"position\":1,\"name\":\"Home\",\"item\":\"https:\/\/www.stlflix-store.com\/\"},{\"@type\":\"ListItem\",\"position\":2,\"name\":\"Products\",\"item\":\"https:\/\/www.stlflix-store.com\/shop\/\"},{\"@type\":\"ListItem\",\"position\":3,\"name\":\"Bonecos Personaliz\u00e1veis para Bolos de Casamento\"}]},{\"@type\":\"WebSite\",\"@id\":\"https:\/\/my.stlflix.com\/#website\",\"url\":\"https:\/\/my.stlflix.com\/\",\"name\":\"MyStore - By STLFLIX\",\"description\":\"\",\"publisher\":{\"@id\":\"https:\/\/my.stlflix.com\/#organization\"},\"potentialAction\":[{\"@type\":\"SearchAction\",\"target\":{\"@type\":\"EntryPoint\",\"urlTemplate\":\"https:\/\/my.stlflix.com\/?s={search_term_string}\"},\"query-input\":{\"@type\":\"PropertyValueSpecification\",\"valueRequired\":true,\"valueName\":\"search_term_string\"}}],\"inLanguage\":\"es-ES\"},{\"@type\":\"Organization\",\"@id\":\"https:\/\/my.stlflix.com\/#organization\",\"name\":\"MyStore - By STLFLIX\",\"url\":\"https:\/\/my.stlflix.com\/\",\"logo\":{\"@type\":\"ImageObject\",\"inLanguage\":\"es-ES\",\"@id\":\"https:\/\/my.stlflix.com\/#\/schema\/logo\/image\/\",\"url\":\"https:\/\/my.stlflix.com\/wp-content\/uploads\/2024\/06\/logo-mystore.png\",\"contentUrl\":\"https:\/\/my.stlflix.com\/wp-content\/uploads\/2024\/06\/logo-mystore.png\",\"width\":150,\"height\":41,\"caption\":\"MyStore - By STLFLIX\"},\"image\":{\"@id\":\"https:\/\/my.stlflix.com\/#\/schema\/logo\/image\/\"},\"sameAs\":[\"https:\/\/www.facebook.com\/STLFLIX\",\"https:\/\/www.instagram.com\/stlflix_\/\",\"https:\/\/www.tiktok.com\/@stlflix\"]}]}<\/script>\n<!-- \/ Yoast SEO plugin. -->","yoast_head_json":{"title":"Bonecos Personaliz\u00e1veis para Bolos de Casamento - MyStore - By STLFLIX","robots":{"index":"index","follow":"follow","max-snippet":"max-snippet:-1","max-image-preview":"max-image-preview:large","max-video-preview":"max-video-preview:-1"},"canonical":"https:\/\/www.lojadomandela3d.biz\/product\/customizable-wedding-cake-dolls-66bb881181091\/","og_locale":"es_ES","og_type":"article","og_title":"Bonecos Personaliz\u00e1veis para Bolos de Casamento - MyStore - By STLFLIX","og_description":"Celebre o seu grande dia com nossos Bonecos Personaliz\u00e1veis para Bolos de Casamento! Feitos com materiais de alta qualidade, nossos bonecos podem ser personalizados para se parecerem com os noivos, capturando cada detalhe especial do casal. Escolha entre uma variedade de trajes, penteados e acess\u00f3rios para criar uma representa\u00e7\u00e3o \u00fanica e encantadora. Perfeitos para adicionar [&hellip;]","og_url":"https:\/\/www.lojadomandela3d.biz\/product\/customizable-wedding-cake-dolls-66bb881181091\/","og_site_name":"MyStore - By STLFLIX","article_publisher":"https:\/\/www.facebook.com\/STLFLIX","article_modified_time":"2024-12-22T11:18:53+00:00","og_image":[{"width":1080,"height":1350,"url":"https:\/\/www.lojadomandela3d.biz\/wp-content\/uploads\/2024\/03\/feed_e94461b3fd.png","type":"image\/png"}],"twitter_card":"summary_large_image","schema":{"@context":"https:\/\/schema.org","@graph":[{"@type":"WebPage","@id":"https:\/\/www.lojadomandela3d.biz\/product\/customizable-wedding-cake-dolls-66bb881181091\/","url":"https:\/\/www.lojadomandela3d.biz\/product\/customizable-wedding-cake-dolls-66bb881181091\/","name":"Bonecos Personaliz\u00e1veis para Bolos de Casamento - MyStore - By STLFLIX","isPartOf":{"@id":"https:\/\/my.stlflix.com\/#website"},"primaryImageOfPage":{"@id":"https:\/\/www.lojadomandela3d.biz\/product\/customizable-wedding-cake-dolls-66bb881181091\/#primaryimage"},"image":{"@id":"https:\/\/www.lojadomandela3d.biz\/product\/customizable-wedding-cake-dolls-66bb881181091\/#primaryimage"},"thumbnailUrl":"https:\/\/my.stlflix.com\/wp-content\/uploads\/2024\/03\/feed_e94461b3fd.png","datePublished":"2024-08-17T00:20:41+00:00","dateModified":"2024-12-22T11:18:53+00:00","breadcrumb":{"@id":"https:\/\/www.lojadomandela3d.biz\/product\/customizable-wedding-cake-dolls-66bb881181091\/#breadcrumb"},"inLanguage":"es-ES","potentialAction":[{"@type":"ReadAction","target":["https:\/\/www.lojadomandela3d.biz\/product\/customizable-wedding-cake-dolls-66bb881181091\/"]}]},{"@type":"ImageObject","inLanguage":"es-ES","@id":"https:\/\/www.lojadomandela3d.biz\/product\/customizable-wedding-cake-dolls-66bb881181091\/#primaryimage","url":"https:\/\/my.stlflix.com\/wp-content\/uploads\/2024\/03\/feed_e94461b3fd.png","contentUrl":"https:\/\/my.stlflix.com\/wp-content\/uploads\/2024\/03\/feed_e94461b3fd.png","width":1080,"height":1350},{"@type":"BreadcrumbList","@id":"https:\/\/www.lojadomandela3d.biz\/product\/customizable-wedding-cake-dolls-66bb881181091\/#breadcrumb","itemListElement":[{"@type":"ListItem","position":1,"name":"Home","item":"https:\/\/www.stlflix-store.com\/"},{"@type":"ListItem","position":2,"name":"Products","item":"https:\/\/www.stlflix-store.com\/shop\/"},{"@type":"ListItem","position":3,"name":"Bonecos Personaliz\u00e1veis para Bolos de Casamento"}]},{"@type":"WebSite","@id":"https:\/\/my.stlflix.com\/#website","url":"https:\/\/my.stlflix.com\/","name":"MyStore - By STLFLIX","description":"","publisher":{"@id":"https:\/\/my.stlflix.com\/#organization"},"potentialAction":[{"@type":"SearchAction","target":{"@type":"EntryPoint","urlTemplate":"https:\/\/my.stlflix.com\/?s={search_term_string}"},"query-input":{"@type":"PropertyValueSpecification","valueRequired":true,"valueName":"search_term_string"}}],"inLanguage":"es-ES"},{"@type":"Organization","@id":"https:\/\/my.stlflix.com\/#organization","name":"MyStore - By STLFLIX","url":"https:\/\/my.stlflix.com\/","logo":{"@type":"ImageObject","inLanguage":"es-ES","@id":"https:\/\/my.stlflix.com\/#\/schema\/logo\/image\/","url":"https:\/\/my.stlflix.com\/wp-content\/uploads\/2024\/06\/logo-mystore.png","contentUrl":"https:\/\/my.stlflix.com\/wp-content\/uploads\/2024\/06\/logo-mystore.png","width":150,"height":41,"caption":"MyStore - By STLFLIX"},"image":{"@id":"https:\/\/my.stlflix.com\/#\/schema\/logo\/image\/"},"sameAs":["https:\/\/www.facebook.com\/STLFLIX","https:\/\/www.instagram.com\/stlflix_\/","https:\/\/www.tiktok.com\/@stlflix"]}]}},"_links":{"self":[{"href":"https:\/\/my.stlflix.com\/es\/wp-json\/wp\/v2\/product\/60041","targetHints":{"allow":["GET"]}}],"collection":[{"href":"https:\/\/my.stlflix.com\/es\/wp-json\/wp\/v2\/product"}],"about":[{"href":"https:\/\/my.stlflix.com\/es\/wp-json\/wp\/v2\/types\/product"}],"replies":[{"embeddable":true,"href":"https:\/\/my.stlflix.com\/es\/wp-json\/wp\/v2\/comments?post=60041"}],"wp:featuredmedia":[{"embeddable":true,"href":"https:\/\/my.stlflix.com\/es\/wp-json\/wp\/v2\/media\/8139"}],"wp:attachment":[{"href":"https:\/\/my.stlflix.com\/es\/wp-json\/wp\/v2\/media?parent=60041"}],"wp:term":[{"taxonomy":"product_brand","embeddable":true,"href":"https:\/\/my.stlflix.com\/es\/wp-json\/wp\/v2\/product_brand?post=60041"},{"taxonomy":"product_cat","embeddable":true,"href":"https:\/\/my.stlflix.com\/es\/wp-json\/wp\/v2\/product_cat?post=60041"},{"taxonomy":"product_tag","embeddable":true,"href":"https:\/\/my.stlflix.com\/es\/wp-json\/wp\/v2\/product_tag?post=60041"}],"curies":[{"name":"wp","href":"https:\/\/api.w.org\/{rel}","templated":true}]}}