{"id":60043,"date":"2024-08-17T00:18:14","date_gmt":"2024-08-17T00:18:14","guid":{"rendered":"https:\/\/my.stlflix.com\/?post_type=product&#038;p=60043"},"modified":"2024-12-22T11:18:53","modified_gmt":"2024-12-22T11:18:53","slug":"realistic-heart-vase-66bb8813a1ee4","status":"publish","type":"product","link":"https:\/\/my.stlflix.com\/es\/product\/realistic-heart-vase-66bb8813a1ee4\/","title":{"rendered":"Vaso Cora\u00e7\u00e3o Realista"},"content":{"rendered":"<p>O Vaso Cora\u00e7\u00e3o Realista \u00e9 uma pe\u00e7a \u00fanica e sofisticada que combina arte e funcionalidade. Feito com materiais de alta qualidade, este vaso \u00e9 ideal para quem deseja adicionar um toque de originalidade e eleg\u00e2ncia \u00e0 decora\u00e7\u00e3o de qualquer ambiente. Com seu design detalhado e realista, ele se destaca como um verdadeiro objeto de arte, perfeito para acomodar suas flores favoritas ou simplesmente para ser exibido como uma pe\u00e7a decorativa. Surpreenda seus convidados com este item exclusivo que certamente ser\u00e1 o centro das aten\u00e7\u00f5es.<\/p>\n","protected":false},"excerpt":{"rendered":"<p>O Vaso Cora\u00e7\u00e3o Realista \u00e9 uma pe\u00e7a \u00fanica e sofisticada que combina arte e funcionalidade. Feito com materiais de alta qualidade, este vaso \u00e9 ideal para quem deseja adicionar um toque de originalidade e eleg\u00e2ncia \u00e0 decora\u00e7\u00e3o de qualquer ambiente. Com seu design detalhado e realista, ele se destaca como um verdadeiro objeto de arte, [&hellip;]<\/p>\n","protected":false},"featured_media":8153,"comment_status":"open","ping_status":"closed","template":"","meta":[],"product_brand":[],"product_cat":[25],"product_tag":[725,726],"class_list":{"0":"post-60043","1":"product","2":"type-product","3":"status-publish","4":"has-post-thumbnail","6":"product_cat-home-decor","7":"product_tag-dia-dos-namorados","8":"product_tag-vaso","10":"first","11":"instock","12":"sold-individually","13":"taxable","14":"shipping-taxable","15":"purchasable","16":"product-type-simple"},"yoast_head":"<!-- This site is optimized with the Yoast SEO plugin v25.1 - https:\/\/yoast.com\/wordpress\/plugins\/seo\/ -->\n<title>Vaso Cora\u00e7\u00e3o Realista - MyStore - By STLFLIX<\/title>\n<meta name=\"robots\" content=\"index, follow, max-snippet:-1, max-image-preview:large, max-video-preview:-1\" \/>\n<link rel=\"canonical\" href=\"https:\/\/my.stlflix.com\/es\/product\/realistic-heart-vase-66bb8813a1ee4\/\" \/>\n<meta property=\"og:locale\" content=\"es_ES\" \/>\n<meta property=\"og:type\" content=\"article\" \/>\n<meta property=\"og:title\" content=\"Vaso Cora\u00e7\u00e3o Realista - MyStore - By STLFLIX\" \/>\n<meta property=\"og:description\" content=\"O Vaso Cora\u00e7\u00e3o Realista \u00e9 uma pe\u00e7a \u00fanica e sofisticada que combina arte e funcionalidade. Feito com materiais de alta qualidade, este vaso \u00e9 ideal para quem deseja adicionar um toque de originalidade e eleg\u00e2ncia \u00e0 decora\u00e7\u00e3o de qualquer ambiente. Com seu design detalhado e realista, ele se destaca como um verdadeiro objeto de arte, [&hellip;]\" \/>\n<meta property=\"og:url\" content=\"https:\/\/my.stlflix.com\/es\/product\/realistic-heart-vase-66bb8813a1ee4\/\" \/>\n<meta property=\"og:site_name\" content=\"MyStore - By STLFLIX\" \/>\n<meta property=\"article:publisher\" content=\"https:\/\/www.facebook.com\/STLFLIX\" \/>\n<meta property=\"article:modified_time\" content=\"2024-12-22T11:18:53+00:00\" \/>\n<meta property=\"og:image\" content=\"https:\/\/my.stlflix.com\/wp-content\/uploads\/2024\/03\/feed_03d91e5ca9.png\" \/>\n\t<meta property=\"og:image:width\" content=\"1080\" \/>\n\t<meta property=\"og:image:height\" content=\"1350\" \/>\n\t<meta property=\"og:image:type\" content=\"image\/png\" \/>\n<meta name=\"twitter:card\" content=\"summary_large_image\" \/>\n<script type=\"application\/ld+json\" class=\"yoast-schema-graph\">{\"@context\":\"https:\/\/schema.org\",\"@graph\":[{\"@type\":\"WebPage\",\"@id\":\"https:\/\/my.stlflix.com\/es\/product\/realistic-heart-vase-66bb8813a1ee4\/\",\"url\":\"https:\/\/my.stlflix.com\/es\/product\/realistic-heart-vase-66bb8813a1ee4\/\",\"name\":\"Vaso Cora\u00e7\u00e3o Realista - MyStore - By STLFLIX\",\"isPartOf\":{\"@id\":\"https:\/\/my.stlflix.com\/#website\"},\"primaryImageOfPage\":{\"@id\":\"https:\/\/my.stlflix.com\/es\/product\/realistic-heart-vase-66bb8813a1ee4\/#primaryimage\"},\"image\":{\"@id\":\"https:\/\/my.stlflix.com\/es\/product\/realistic-heart-vase-66bb8813a1ee4\/#primaryimage\"},\"thumbnailUrl\":\"https:\/\/my.stlflix.com\/wp-content\/uploads\/2024\/03\/feed_03d91e5ca9.png\",\"datePublished\":\"2024-08-17T00:18:14+00:00\",\"dateModified\":\"2024-12-22T11:18:53+00:00\",\"breadcrumb\":{\"@id\":\"https:\/\/my.stlflix.com\/es\/product\/realistic-heart-vase-66bb8813a1ee4\/#breadcrumb\"},\"inLanguage\":\"es-ES\",\"potentialAction\":[{\"@type\":\"ReadAction\",\"target\":[\"https:\/\/my.stlflix.com\/es\/product\/realistic-heart-vase-66bb8813a1ee4\/\"]}]},{\"@type\":\"ImageObject\",\"inLanguage\":\"es-ES\",\"@id\":\"https:\/\/my.stlflix.com\/es\/product\/realistic-heart-vase-66bb8813a1ee4\/#primaryimage\",\"url\":\"https:\/\/my.stlflix.com\/wp-content\/uploads\/2024\/03\/feed_03d91e5ca9.png\",\"contentUrl\":\"https:\/\/my.stlflix.com\/wp-content\/uploads\/2024\/03\/feed_03d91e5ca9.png\",\"width\":1080,\"height\":1350},{\"@type\":\"BreadcrumbList\",\"@id\":\"https:\/\/my.stlflix.com\/es\/product\/realistic-heart-vase-66bb8813a1ee4\/#breadcrumb\",\"itemListElement\":[{\"@type\":\"ListItem\",\"position\":1,\"name\":\"Home\",\"item\":\"https:\/\/www.stlflix-store.com\/\"},{\"@type\":\"ListItem\",\"position\":2,\"name\":\"Products\",\"item\":\"https:\/\/www.stlflix-store.com\/shop\/\"},{\"@type\":\"ListItem\",\"position\":3,\"name\":\"Vaso Cora\u00e7\u00e3o Realista\"}]},{\"@type\":\"WebSite\",\"@id\":\"https:\/\/my.stlflix.com\/#website\",\"url\":\"https:\/\/my.stlflix.com\/\",\"name\":\"MyStore - By STLFLIX\",\"description\":\"\",\"publisher\":{\"@id\":\"https:\/\/my.stlflix.com\/#organization\"},\"potentialAction\":[{\"@type\":\"SearchAction\",\"target\":{\"@type\":\"EntryPoint\",\"urlTemplate\":\"https:\/\/my.stlflix.com\/?s={search_term_string}\"},\"query-input\":{\"@type\":\"PropertyValueSpecification\",\"valueRequired\":true,\"valueName\":\"search_term_string\"}}],\"inLanguage\":\"es-ES\"},{\"@type\":\"Organization\",\"@id\":\"https:\/\/my.stlflix.com\/#organization\",\"name\":\"MyStore - By STLFLIX\",\"url\":\"https:\/\/my.stlflix.com\/\",\"logo\":{\"@type\":\"ImageObject\",\"inLanguage\":\"es-ES\",\"@id\":\"https:\/\/my.stlflix.com\/#\/schema\/logo\/image\/\",\"url\":\"https:\/\/my.stlflix.com\/wp-content\/uploads\/2024\/06\/logo-mystore.png\",\"contentUrl\":\"https:\/\/my.stlflix.com\/wp-content\/uploads\/2024\/06\/logo-mystore.png\",\"width\":150,\"height\":41,\"caption\":\"MyStore - By STLFLIX\"},\"image\":{\"@id\":\"https:\/\/my.stlflix.com\/#\/schema\/logo\/image\/\"},\"sameAs\":[\"https:\/\/www.facebook.com\/STLFLIX\",\"https:\/\/www.instagram.com\/stlflix_\/\",\"https:\/\/www.tiktok.com\/@stlflix\"]}]}<\/script>\n<!-- \/ Yoast SEO plugin. -->","yoast_head_json":{"title":"Vaso Cora\u00e7\u00e3o Realista - MyStore - By STLFLIX","robots":{"index":"index","follow":"follow","max-snippet":"max-snippet:-1","max-image-preview":"max-image-preview:large","max-video-preview":"max-video-preview:-1"},"canonical":"https:\/\/my.stlflix.com\/es\/product\/realistic-heart-vase-66bb8813a1ee4\/","og_locale":"es_ES","og_type":"article","og_title":"Vaso Cora\u00e7\u00e3o Realista - MyStore - By STLFLIX","og_description":"O Vaso Cora\u00e7\u00e3o Realista \u00e9 uma pe\u00e7a \u00fanica e sofisticada que combina arte e funcionalidade. Feito com materiais de alta qualidade, este vaso \u00e9 ideal para quem deseja adicionar um toque de originalidade e eleg\u00e2ncia \u00e0 decora\u00e7\u00e3o de qualquer ambiente. Com seu design detalhado e realista, ele se destaca como um verdadeiro objeto de arte, [&hellip;]","og_url":"https:\/\/my.stlflix.com\/es\/product\/realistic-heart-vase-66bb8813a1ee4\/","og_site_name":"MyStore - By STLFLIX","article_publisher":"https:\/\/www.facebook.com\/STLFLIX","article_modified_time":"2024-12-22T11:18:53+00:00","og_image":[{"width":1080,"height":1350,"url":"https:\/\/my.stlflix.com\/wp-content\/uploads\/2024\/03\/feed_03d91e5ca9.png","type":"image\/png"}],"twitter_card":"summary_large_image","schema":{"@context":"https:\/\/schema.org","@graph":[{"@type":"WebPage","@id":"https:\/\/my.stlflix.com\/es\/product\/realistic-heart-vase-66bb8813a1ee4\/","url":"https:\/\/my.stlflix.com\/es\/product\/realistic-heart-vase-66bb8813a1ee4\/","name":"Vaso Cora\u00e7\u00e3o Realista - MyStore - By STLFLIX","isPartOf":{"@id":"https:\/\/my.stlflix.com\/#website"},"primaryImageOfPage":{"@id":"https:\/\/my.stlflix.com\/es\/product\/realistic-heart-vase-66bb8813a1ee4\/#primaryimage"},"image":{"@id":"https:\/\/my.stlflix.com\/es\/product\/realistic-heart-vase-66bb8813a1ee4\/#primaryimage"},"thumbnailUrl":"https:\/\/my.stlflix.com\/wp-content\/uploads\/2024\/03\/feed_03d91e5ca9.png","datePublished":"2024-08-17T00:18:14+00:00","dateModified":"2024-12-22T11:18:53+00:00","breadcrumb":{"@id":"https:\/\/my.stlflix.com\/es\/product\/realistic-heart-vase-66bb8813a1ee4\/#breadcrumb"},"inLanguage":"es-ES","potentialAction":[{"@type":"ReadAction","target":["https:\/\/my.stlflix.com\/es\/product\/realistic-heart-vase-66bb8813a1ee4\/"]}]},{"@type":"ImageObject","inLanguage":"es-ES","@id":"https:\/\/my.stlflix.com\/es\/product\/realistic-heart-vase-66bb8813a1ee4\/#primaryimage","url":"https:\/\/my.stlflix.com\/wp-content\/uploads\/2024\/03\/feed_03d91e5ca9.png","contentUrl":"https:\/\/my.stlflix.com\/wp-content\/uploads\/2024\/03\/feed_03d91e5ca9.png","width":1080,"height":1350},{"@type":"BreadcrumbList","@id":"https:\/\/my.stlflix.com\/es\/product\/realistic-heart-vase-66bb8813a1ee4\/#breadcrumb","itemListElement":[{"@type":"ListItem","position":1,"name":"Home","item":"https:\/\/www.stlflix-store.com\/"},{"@type":"ListItem","position":2,"name":"Products","item":"https:\/\/www.stlflix-store.com\/shop\/"},{"@type":"ListItem","position":3,"name":"Vaso Cora\u00e7\u00e3o Realista"}]},{"@type":"WebSite","@id":"https:\/\/my.stlflix.com\/#website","url":"https:\/\/my.stlflix.com\/","name":"MyStore - By STLFLIX","description":"","publisher":{"@id":"https:\/\/my.stlflix.com\/#organization"},"potentialAction":[{"@type":"SearchAction","target":{"@type":"EntryPoint","urlTemplate":"https:\/\/my.stlflix.com\/?s={search_term_string}"},"query-input":{"@type":"PropertyValueSpecification","valueRequired":true,"valueName":"search_term_string"}}],"inLanguage":"es-ES"},{"@type":"Organization","@id":"https:\/\/my.stlflix.com\/#organization","name":"MyStore - By STLFLIX","url":"https:\/\/my.stlflix.com\/","logo":{"@type":"ImageObject","inLanguage":"es-ES","@id":"https:\/\/my.stlflix.com\/#\/schema\/logo\/image\/","url":"https:\/\/my.stlflix.com\/wp-content\/uploads\/2024\/06\/logo-mystore.png","contentUrl":"https:\/\/my.stlflix.com\/wp-content\/uploads\/2024\/06\/logo-mystore.png","width":150,"height":41,"caption":"MyStore - By STLFLIX"},"image":{"@id":"https:\/\/my.stlflix.com\/#\/schema\/logo\/image\/"},"sameAs":["https:\/\/www.facebook.com\/STLFLIX","https:\/\/www.instagram.com\/stlflix_\/","https:\/\/www.tiktok.com\/@stlflix"]}]}},"_links":{"self":[{"href":"https:\/\/my.stlflix.com\/es\/wp-json\/wp\/v2\/product\/60043","targetHints":{"allow":["GET"]}}],"collection":[{"href":"https:\/\/my.stlflix.com\/es\/wp-json\/wp\/v2\/product"}],"about":[{"href":"https:\/\/my.stlflix.com\/es\/wp-json\/wp\/v2\/types\/product"}],"replies":[{"embeddable":true,"href":"https:\/\/my.stlflix.com\/es\/wp-json\/wp\/v2\/comments?post=60043"}],"wp:featuredmedia":[{"embeddable":true,"href":"https:\/\/my.stlflix.com\/es\/wp-json\/wp\/v2\/media\/8153"}],"wp:attachment":[{"href":"https:\/\/my.stlflix.com\/es\/wp-json\/wp\/v2\/media?parent=60043"}],"wp:term":[{"taxonomy":"product_brand","embeddable":true,"href":"https:\/\/my.stlflix.com\/es\/wp-json\/wp\/v2\/product_brand?post=60043"},{"taxonomy":"product_cat","embeddable":true,"href":"https:\/\/my.stlflix.com\/es\/wp-json\/wp\/v2\/product_cat?post=60043"},{"taxonomy":"product_tag","embeddable":true,"href":"https:\/\/my.stlflix.com\/es\/wp-json\/wp\/v2\/product_tag?post=60043"}],"curies":[{"name":"wp","href":"https:\/\/api.w.org\/{rel}","templated":true}]}}