{"id":64002,"date":"2024-08-16T01:02:55","date_gmt":"2024-08-16T01:02:55","guid":{"rendered":"https:\/\/my.stlflix.com\/?post_type=product&#038;p=64002"},"modified":"2024-12-22T11:23:31","modified_gmt":"2024-12-22T11:23:31","slug":"dragons-breath-tabasco-holder-66bcd74090073","status":"publish","type":"product","link":"https:\/\/my.stlflix.com\/es\/product\/dragons-breath-tabasco-holder-66bcd74090073\/","title":{"rendered":"Porta-Tabasco Sopro do Drag\u00e3o"},"content":{"rendered":"<p>Adicione um toque de ousadia e estilo \u00e0 sua mesa com o Porta-Tabasco Sopro do Drag\u00e3o. Feito \u00e0 m\u00e3o com materiais de alta qualidade, este suporte exclusivo \u00e9 perfeito para os amantes de pimenta que desejam exibir sua garrafa de Tabasco de maneira \u00fanica e impressionante. Com um design detalhado que lembra um drag\u00e3o exalando fogo, ele n\u00e3o s\u00f3 mant\u00e9m seu molho favorito ao alcance, mas tamb\u00e9m serve como uma pe\u00e7a decorativa que certamente ser\u00e1 um ponto de conversa em qualquer refei\u00e7\u00e3o. Ideal para presentear ou para dar um upgrade na sua cozinha, o Porta-Tabasco Sopro do Drag\u00e3o \u00e9 a combina\u00e7\u00e3o perfeita de funcionalidade e arte.<\/p>\n","protected":false},"excerpt":{"rendered":"<p>Adicione um toque de ousadia e estilo \u00e0 sua mesa com o Porta-Tabasco Sopro do Drag\u00e3o. Feito \u00e0 m\u00e3o com materiais de alta qualidade, este suporte exclusivo \u00e9 perfeito para os amantes de pimenta que desejam exibir sua garrafa de Tabasco de maneira \u00fanica e impressionante. Com um design detalhado que lembra um drag\u00e3o exalando [&hellip;]<\/p>\n","protected":false},"featured_media":63399,"comment_status":"open","ping_status":"closed","template":"","meta":[],"product_brand":[],"product_cat":[25],"product_tag":[657],"class_list":{"0":"post-64002","1":"product","2":"type-product","3":"status-publish","4":"has-post-thumbnail","6":"product_cat-home-decor","7":"product_tag-cozinha","9":"first","10":"instock","11":"sale","12":"sold-individually","13":"taxable","14":"shipping-taxable","15":"purchasable","16":"product-type-simple"},"yoast_head":"<!-- This site is optimized with the Yoast SEO plugin v25.1 - https:\/\/yoast.com\/wordpress\/plugins\/seo\/ -->\n<title>Porta-Tabasco Sopro do Drag\u00e3o - MyStore - By STLFLIX<\/title>\n<meta name=\"robots\" content=\"index, follow, max-snippet:-1, max-image-preview:large, max-video-preview:-1\" \/>\n<link rel=\"canonical\" href=\"https:\/\/my.stlflix.com\/es\/product\/dragons-breath-tabasco-holder-66bcd74090073\/\" \/>\n<meta property=\"og:locale\" content=\"es_ES\" \/>\n<meta property=\"og:type\" content=\"article\" \/>\n<meta property=\"og:title\" content=\"Porta-Tabasco Sopro do Drag\u00e3o - MyStore - By STLFLIX\" \/>\n<meta property=\"og:description\" content=\"Adicione um toque de ousadia e estilo \u00e0 sua mesa com o Porta-Tabasco Sopro do Drag\u00e3o. Feito \u00e0 m\u00e3o com materiais de alta qualidade, este suporte exclusivo \u00e9 perfeito para os amantes de pimenta que desejam exibir sua garrafa de Tabasco de maneira \u00fanica e impressionante. Com um design detalhado que lembra um drag\u00e3o exalando [&hellip;]\" \/>\n<meta property=\"og:url\" content=\"https:\/\/my.stlflix.com\/es\/product\/dragons-breath-tabasco-holder-66bcd74090073\/\" \/>\n<meta property=\"og:site_name\" content=\"MyStore - By STLFLIX\" \/>\n<meta property=\"article:publisher\" content=\"https:\/\/www.facebook.com\/STLFLIX\" \/>\n<meta property=\"article:modified_time\" content=\"2024-12-22T11:23:31+00:00\" \/>\n<meta property=\"og:image\" content=\"https:\/\/my.stlflix.com\/wp-content\/uploads\/2024\/08\/Dragon_s_Breath_Tabasco_Holderthumb_c81d3b3169.jpg\" \/>\n\t<meta property=\"og:image:width\" content=\"1080\" \/>\n\t<meta property=\"og:image:height\" content=\"1350\" \/>\n\t<meta property=\"og:image:type\" content=\"image\/jpeg\" \/>\n<meta name=\"twitter:card\" content=\"summary_large_image\" \/>\n<meta name=\"twitter:label1\" content=\"Est. reading time\" \/>\n\t<meta name=\"twitter:data1\" content=\"1 minute\" \/>\n<script type=\"application\/ld+json\" class=\"yoast-schema-graph\">{\"@context\":\"https:\/\/schema.org\",\"@graph\":[{\"@type\":\"WebPage\",\"@id\":\"https:\/\/my.stlflix.com\/es\/product\/dragons-breath-tabasco-holder-66bcd74090073\/\",\"url\":\"https:\/\/my.stlflix.com\/es\/product\/dragons-breath-tabasco-holder-66bcd74090073\/\",\"name\":\"Porta-Tabasco Sopro do Drag\u00e3o - MyStore - By STLFLIX\",\"isPartOf\":{\"@id\":\"https:\/\/my.stlflix.com\/#website\"},\"primaryImageOfPage\":{\"@id\":\"https:\/\/my.stlflix.com\/es\/product\/dragons-breath-tabasco-holder-66bcd74090073\/#primaryimage\"},\"image\":{\"@id\":\"https:\/\/my.stlflix.com\/es\/product\/dragons-breath-tabasco-holder-66bcd74090073\/#primaryimage\"},\"thumbnailUrl\":\"https:\/\/my.stlflix.com\/wp-content\/uploads\/2024\/08\/Dragon_s_Breath_Tabasco_Holderthumb_c81d3b3169.jpg\",\"datePublished\":\"2024-08-16T01:02:55+00:00\",\"dateModified\":\"2024-12-22T11:23:31+00:00\",\"breadcrumb\":{\"@id\":\"https:\/\/my.stlflix.com\/es\/product\/dragons-breath-tabasco-holder-66bcd74090073\/#breadcrumb\"},\"inLanguage\":\"es-ES\",\"potentialAction\":[{\"@type\":\"ReadAction\",\"target\":[\"https:\/\/my.stlflix.com\/es\/product\/dragons-breath-tabasco-holder-66bcd74090073\/\"]}]},{\"@type\":\"ImageObject\",\"inLanguage\":\"es-ES\",\"@id\":\"https:\/\/my.stlflix.com\/es\/product\/dragons-breath-tabasco-holder-66bcd74090073\/#primaryimage\",\"url\":\"https:\/\/my.stlflix.com\/wp-content\/uploads\/2024\/08\/Dragon_s_Breath_Tabasco_Holderthumb_c81d3b3169.jpg\",\"contentUrl\":\"https:\/\/my.stlflix.com\/wp-content\/uploads\/2024\/08\/Dragon_s_Breath_Tabasco_Holderthumb_c81d3b3169.jpg\",\"width\":1080,\"height\":1350},{\"@type\":\"BreadcrumbList\",\"@id\":\"https:\/\/my.stlflix.com\/es\/product\/dragons-breath-tabasco-holder-66bcd74090073\/#breadcrumb\",\"itemListElement\":[{\"@type\":\"ListItem\",\"position\":1,\"name\":\"Home\",\"item\":\"https:\/\/www.stlflix-store.com\/\"},{\"@type\":\"ListItem\",\"position\":2,\"name\":\"Products\",\"item\":\"https:\/\/www.stlflix-store.com\/shop\/\"},{\"@type\":\"ListItem\",\"position\":3,\"name\":\"Porta-Tabasco Sopro do Drag\u00e3o\"}]},{\"@type\":\"WebSite\",\"@id\":\"https:\/\/my.stlflix.com\/#website\",\"url\":\"https:\/\/my.stlflix.com\/\",\"name\":\"MyStore - By STLFLIX\",\"description\":\"\",\"publisher\":{\"@id\":\"https:\/\/my.stlflix.com\/#organization\"},\"potentialAction\":[{\"@type\":\"SearchAction\",\"target\":{\"@type\":\"EntryPoint\",\"urlTemplate\":\"https:\/\/my.stlflix.com\/?s={search_term_string}\"},\"query-input\":{\"@type\":\"PropertyValueSpecification\",\"valueRequired\":true,\"valueName\":\"search_term_string\"}}],\"inLanguage\":\"es-ES\"},{\"@type\":\"Organization\",\"@id\":\"https:\/\/my.stlflix.com\/#organization\",\"name\":\"MyStore - By STLFLIX\",\"url\":\"https:\/\/my.stlflix.com\/\",\"logo\":{\"@type\":\"ImageObject\",\"inLanguage\":\"es-ES\",\"@id\":\"https:\/\/my.stlflix.com\/#\/schema\/logo\/image\/\",\"url\":\"https:\/\/my.stlflix.com\/wp-content\/uploads\/2024\/06\/logo-mystore.png\",\"contentUrl\":\"https:\/\/my.stlflix.com\/wp-content\/uploads\/2024\/06\/logo-mystore.png\",\"width\":150,\"height\":41,\"caption\":\"MyStore - By STLFLIX\"},\"image\":{\"@id\":\"https:\/\/my.stlflix.com\/#\/schema\/logo\/image\/\"},\"sameAs\":[\"https:\/\/www.facebook.com\/STLFLIX\",\"https:\/\/www.instagram.com\/stlflix_\/\",\"https:\/\/www.tiktok.com\/@stlflix\"]}]}<\/script>\n<!-- \/ Yoast SEO plugin. -->","yoast_head_json":{"title":"Porta-Tabasco Sopro do Drag\u00e3o - MyStore - By STLFLIX","robots":{"index":"index","follow":"follow","max-snippet":"max-snippet:-1","max-image-preview":"max-image-preview:large","max-video-preview":"max-video-preview:-1"},"canonical":"https:\/\/my.stlflix.com\/es\/product\/dragons-breath-tabasco-holder-66bcd74090073\/","og_locale":"es_ES","og_type":"article","og_title":"Porta-Tabasco Sopro do Drag\u00e3o - MyStore - By STLFLIX","og_description":"Adicione um toque de ousadia e estilo \u00e0 sua mesa com o Porta-Tabasco Sopro do Drag\u00e3o. Feito \u00e0 m\u00e3o com materiais de alta qualidade, este suporte exclusivo \u00e9 perfeito para os amantes de pimenta que desejam exibir sua garrafa de Tabasco de maneira \u00fanica e impressionante. Com um design detalhado que lembra um drag\u00e3o exalando [&hellip;]","og_url":"https:\/\/my.stlflix.com\/es\/product\/dragons-breath-tabasco-holder-66bcd74090073\/","og_site_name":"MyStore - By STLFLIX","article_publisher":"https:\/\/www.facebook.com\/STLFLIX","article_modified_time":"2024-12-22T11:23:31+00:00","og_image":[{"width":1080,"height":1350,"url":"https:\/\/my.stlflix.com\/wp-content\/uploads\/2024\/08\/Dragon_s_Breath_Tabasco_Holderthumb_c81d3b3169.jpg","type":"image\/jpeg"}],"twitter_card":"summary_large_image","twitter_misc":{"Est. reading time":"1 minute"},"schema":{"@context":"https:\/\/schema.org","@graph":[{"@type":"WebPage","@id":"https:\/\/my.stlflix.com\/es\/product\/dragons-breath-tabasco-holder-66bcd74090073\/","url":"https:\/\/my.stlflix.com\/es\/product\/dragons-breath-tabasco-holder-66bcd74090073\/","name":"Porta-Tabasco Sopro do Drag\u00e3o - MyStore - By STLFLIX","isPartOf":{"@id":"https:\/\/my.stlflix.com\/#website"},"primaryImageOfPage":{"@id":"https:\/\/my.stlflix.com\/es\/product\/dragons-breath-tabasco-holder-66bcd74090073\/#primaryimage"},"image":{"@id":"https:\/\/my.stlflix.com\/es\/product\/dragons-breath-tabasco-holder-66bcd74090073\/#primaryimage"},"thumbnailUrl":"https:\/\/my.stlflix.com\/wp-content\/uploads\/2024\/08\/Dragon_s_Breath_Tabasco_Holderthumb_c81d3b3169.jpg","datePublished":"2024-08-16T01:02:55+00:00","dateModified":"2024-12-22T11:23:31+00:00","breadcrumb":{"@id":"https:\/\/my.stlflix.com\/es\/product\/dragons-breath-tabasco-holder-66bcd74090073\/#breadcrumb"},"inLanguage":"es-ES","potentialAction":[{"@type":"ReadAction","target":["https:\/\/my.stlflix.com\/es\/product\/dragons-breath-tabasco-holder-66bcd74090073\/"]}]},{"@type":"ImageObject","inLanguage":"es-ES","@id":"https:\/\/my.stlflix.com\/es\/product\/dragons-breath-tabasco-holder-66bcd74090073\/#primaryimage","url":"https:\/\/my.stlflix.com\/wp-content\/uploads\/2024\/08\/Dragon_s_Breath_Tabasco_Holderthumb_c81d3b3169.jpg","contentUrl":"https:\/\/my.stlflix.com\/wp-content\/uploads\/2024\/08\/Dragon_s_Breath_Tabasco_Holderthumb_c81d3b3169.jpg","width":1080,"height":1350},{"@type":"BreadcrumbList","@id":"https:\/\/my.stlflix.com\/es\/product\/dragons-breath-tabasco-holder-66bcd74090073\/#breadcrumb","itemListElement":[{"@type":"ListItem","position":1,"name":"Home","item":"https:\/\/www.stlflix-store.com\/"},{"@type":"ListItem","position":2,"name":"Products","item":"https:\/\/www.stlflix-store.com\/shop\/"},{"@type":"ListItem","position":3,"name":"Porta-Tabasco Sopro do Drag\u00e3o"}]},{"@type":"WebSite","@id":"https:\/\/my.stlflix.com\/#website","url":"https:\/\/my.stlflix.com\/","name":"MyStore - By STLFLIX","description":"","publisher":{"@id":"https:\/\/my.stlflix.com\/#organization"},"potentialAction":[{"@type":"SearchAction","target":{"@type":"EntryPoint","urlTemplate":"https:\/\/my.stlflix.com\/?s={search_term_string}"},"query-input":{"@type":"PropertyValueSpecification","valueRequired":true,"valueName":"search_term_string"}}],"inLanguage":"es-ES"},{"@type":"Organization","@id":"https:\/\/my.stlflix.com\/#organization","name":"MyStore - By STLFLIX","url":"https:\/\/my.stlflix.com\/","logo":{"@type":"ImageObject","inLanguage":"es-ES","@id":"https:\/\/my.stlflix.com\/#\/schema\/logo\/image\/","url":"https:\/\/my.stlflix.com\/wp-content\/uploads\/2024\/06\/logo-mystore.png","contentUrl":"https:\/\/my.stlflix.com\/wp-content\/uploads\/2024\/06\/logo-mystore.png","width":150,"height":41,"caption":"MyStore - By STLFLIX"},"image":{"@id":"https:\/\/my.stlflix.com\/#\/schema\/logo\/image\/"},"sameAs":["https:\/\/www.facebook.com\/STLFLIX","https:\/\/www.instagram.com\/stlflix_\/","https:\/\/www.tiktok.com\/@stlflix"]}]}},"_links":{"self":[{"href":"https:\/\/my.stlflix.com\/es\/wp-json\/wp\/v2\/product\/64002","targetHints":{"allow":["GET"]}}],"collection":[{"href":"https:\/\/my.stlflix.com\/es\/wp-json\/wp\/v2\/product"}],"about":[{"href":"https:\/\/my.stlflix.com\/es\/wp-json\/wp\/v2\/types\/product"}],"replies":[{"embeddable":true,"href":"https:\/\/my.stlflix.com\/es\/wp-json\/wp\/v2\/comments?post=64002"}],"wp:featuredmedia":[{"embeddable":true,"href":"https:\/\/my.stlflix.com\/es\/wp-json\/wp\/v2\/media\/63399"}],"wp:attachment":[{"href":"https:\/\/my.stlflix.com\/es\/wp-json\/wp\/v2\/media?parent=64002"}],"wp:term":[{"taxonomy":"product_brand","embeddable":true,"href":"https:\/\/my.stlflix.com\/es\/wp-json\/wp\/v2\/product_brand?post=64002"},{"taxonomy":"product_cat","embeddable":true,"href":"https:\/\/my.stlflix.com\/es\/wp-json\/wp\/v2\/product_cat?post=64002"},{"taxonomy":"product_tag","embeddable":true,"href":"https:\/\/my.stlflix.com\/es\/wp-json\/wp\/v2\/product_tag?post=64002"}],"curies":[{"name":"wp","href":"https:\/\/api.w.org\/{rel}","templated":true}]}}