{"id":64008,"date":"2024-08-14T16:47:33","date_gmt":"2024-08-14T16:47:33","guid":{"rendered":"https:\/\/my.stlflix.com\/?post_type=product&#038;p=64008"},"modified":"2024-12-22T11:23:32","modified_gmt":"2024-12-22T11:23:32","slug":"el-luchador-tabasco-holder-66bcd75e8c55f","status":"publish","type":"product","link":"https:\/\/my.stlflix.com\/es\/product\/el-luchador-tabasco-holder-66bcd75e8c55f\/","title":{"rendered":"Porta-Pimenta Tabasco &#8220;O Lutador&#8221;"},"content":{"rendered":"<blockquote><p>Adicione um toque de divers\u00e3o e estilo \u00e0 sua mesa com o suporte de pimenta Tabasco \u201c<strong>El Luchador<\/strong>\u201d. Feito de pl\u00e1stico resistente, este suporte em formato de lutador mexicano \u00e9 perfeito para manter sua pimenta sempre \u00e0 m\u00e3o. Ideal para quem gosta de praticidade e um design diferenciado na cozinha. Transforme suas refei\u00e7\u00f5es em um verdadeiro espet\u00e1culo com este acess\u00f3rio \u00fanico!<\/p><\/blockquote>\n","protected":false},"excerpt":{"rendered":"<p>Adicione um toque de divers\u00e3o e estilo \u00e0 sua mesa com o suporte de pimenta Tabasco \u201cEl Luchador\u201d. Feito de pl\u00e1stico resistente, este suporte em formato de lutador mexicano \u00e9 perfeito para manter sua pimenta sempre \u00e0 m\u00e3o. Ideal para quem gosta de praticidade e um design diferenciado na cozinha. Transforme suas refei\u00e7\u00f5es em um [&hellip;]<\/p>\n","protected":false},"featured_media":63547,"comment_status":"open","ping_status":"closed","template":"","meta":[],"product_brand":[],"product_cat":[25],"product_tag":[657],"class_list":{"0":"post-64008","1":"product","2":"type-product","3":"status-publish","4":"has-post-thumbnail","6":"product_cat-home-decor","7":"product_tag-cozinha","9":"first","10":"instock","11":"sale","12":"sold-individually","13":"taxable","14":"shipping-taxable","15":"purchasable","16":"product-type-simple"},"yoast_head":"<!-- This site is optimized with the Yoast SEO plugin v25.1 - https:\/\/yoast.com\/wordpress\/plugins\/seo\/ -->\n<title>Porta-Pimenta Tabasco &quot;O Lutador&quot; - MyStore - By STLFLIX<\/title>\n<meta name=\"robots\" content=\"index, follow, max-snippet:-1, max-image-preview:large, max-video-preview:-1\" \/>\n<link rel=\"canonical\" href=\"https:\/\/my.stlflix.com\/es\/product\/el-luchador-tabasco-holder-66bcd75e8c55f\/\" \/>\n<meta property=\"og:locale\" content=\"es_ES\" \/>\n<meta property=\"og:type\" content=\"article\" \/>\n<meta property=\"og:title\" content=\"Porta-Pimenta Tabasco &quot;O Lutador&quot; - MyStore - By STLFLIX\" \/>\n<meta property=\"og:description\" content=\"Adicione um toque de divers\u00e3o e estilo \u00e0 sua mesa com o suporte de pimenta Tabasco \u201cEl Luchador\u201d. Feito de pl\u00e1stico resistente, este suporte em formato de lutador mexicano \u00e9 perfeito para manter sua pimenta sempre \u00e0 m\u00e3o. Ideal para quem gosta de praticidade e um design diferenciado na cozinha. Transforme suas refei\u00e7\u00f5es em um [&hellip;]\" \/>\n<meta property=\"og:url\" content=\"https:\/\/my.stlflix.com\/es\/product\/el-luchador-tabasco-holder-66bcd75e8c55f\/\" \/>\n<meta property=\"og:site_name\" content=\"MyStore - By STLFLIX\" \/>\n<meta property=\"article:publisher\" content=\"https:\/\/www.facebook.com\/STLFLIX\" \/>\n<meta property=\"article:modified_time\" content=\"2024-12-22T11:23:32+00:00\" \/>\n<meta property=\"og:image\" content=\"https:\/\/my.stlflix.com\/wp-content\/uploads\/2024\/08\/El_Luchador_Tabasco_Holderthumb_84f9b03693.jpg\" \/>\n\t<meta property=\"og:image:width\" content=\"1080\" \/>\n\t<meta property=\"og:image:height\" content=\"1350\" \/>\n\t<meta property=\"og:image:type\" content=\"image\/jpeg\" \/>\n<meta name=\"twitter:card\" content=\"summary_large_image\" \/>\n<script type=\"application\/ld+json\" class=\"yoast-schema-graph\">{\"@context\":\"https:\/\/schema.org\",\"@graph\":[{\"@type\":\"WebPage\",\"@id\":\"https:\/\/my.stlflix.com\/es\/product\/el-luchador-tabasco-holder-66bcd75e8c55f\/\",\"url\":\"https:\/\/my.stlflix.com\/es\/product\/el-luchador-tabasco-holder-66bcd75e8c55f\/\",\"name\":\"Porta-Pimenta Tabasco \\\"O Lutador\\\" - MyStore - By STLFLIX\",\"isPartOf\":{\"@id\":\"https:\/\/my.stlflix.com\/#website\"},\"primaryImageOfPage\":{\"@id\":\"https:\/\/my.stlflix.com\/es\/product\/el-luchador-tabasco-holder-66bcd75e8c55f\/#primaryimage\"},\"image\":{\"@id\":\"https:\/\/my.stlflix.com\/es\/product\/el-luchador-tabasco-holder-66bcd75e8c55f\/#primaryimage\"},\"thumbnailUrl\":\"https:\/\/my.stlflix.com\/wp-content\/uploads\/2024\/08\/El_Luchador_Tabasco_Holderthumb_84f9b03693.jpg\",\"datePublished\":\"2024-08-14T16:47:33+00:00\",\"dateModified\":\"2024-12-22T11:23:32+00:00\",\"breadcrumb\":{\"@id\":\"https:\/\/my.stlflix.com\/es\/product\/el-luchador-tabasco-holder-66bcd75e8c55f\/#breadcrumb\"},\"inLanguage\":\"es-ES\",\"potentialAction\":[{\"@type\":\"ReadAction\",\"target\":[\"https:\/\/my.stlflix.com\/es\/product\/el-luchador-tabasco-holder-66bcd75e8c55f\/\"]}]},{\"@type\":\"ImageObject\",\"inLanguage\":\"es-ES\",\"@id\":\"https:\/\/my.stlflix.com\/es\/product\/el-luchador-tabasco-holder-66bcd75e8c55f\/#primaryimage\",\"url\":\"https:\/\/my.stlflix.com\/wp-content\/uploads\/2024\/08\/El_Luchador_Tabasco_Holderthumb_84f9b03693.jpg\",\"contentUrl\":\"https:\/\/my.stlflix.com\/wp-content\/uploads\/2024\/08\/El_Luchador_Tabasco_Holderthumb_84f9b03693.jpg\",\"width\":1080,\"height\":1350},{\"@type\":\"BreadcrumbList\",\"@id\":\"https:\/\/my.stlflix.com\/es\/product\/el-luchador-tabasco-holder-66bcd75e8c55f\/#breadcrumb\",\"itemListElement\":[{\"@type\":\"ListItem\",\"position\":1,\"name\":\"Home\",\"item\":\"https:\/\/www.stlflix-store.com\/\"},{\"@type\":\"ListItem\",\"position\":2,\"name\":\"Products\",\"item\":\"https:\/\/www.stlflix-store.com\/shop\/\"},{\"@type\":\"ListItem\",\"position\":3,\"name\":\"Porta-Pimenta Tabasco &#8220;O Lutador&#8221;\"}]},{\"@type\":\"WebSite\",\"@id\":\"https:\/\/my.stlflix.com\/#website\",\"url\":\"https:\/\/my.stlflix.com\/\",\"name\":\"MyStore - By STLFLIX\",\"description\":\"\",\"publisher\":{\"@id\":\"https:\/\/my.stlflix.com\/#organization\"},\"potentialAction\":[{\"@type\":\"SearchAction\",\"target\":{\"@type\":\"EntryPoint\",\"urlTemplate\":\"https:\/\/my.stlflix.com\/?s={search_term_string}\"},\"query-input\":{\"@type\":\"PropertyValueSpecification\",\"valueRequired\":true,\"valueName\":\"search_term_string\"}}],\"inLanguage\":\"es-ES\"},{\"@type\":\"Organization\",\"@id\":\"https:\/\/my.stlflix.com\/#organization\",\"name\":\"MyStore - By STLFLIX\",\"url\":\"https:\/\/my.stlflix.com\/\",\"logo\":{\"@type\":\"ImageObject\",\"inLanguage\":\"es-ES\",\"@id\":\"https:\/\/my.stlflix.com\/#\/schema\/logo\/image\/\",\"url\":\"https:\/\/my.stlflix.com\/wp-content\/uploads\/2024\/06\/logo-mystore.png\",\"contentUrl\":\"https:\/\/my.stlflix.com\/wp-content\/uploads\/2024\/06\/logo-mystore.png\",\"width\":150,\"height\":41,\"caption\":\"MyStore - By STLFLIX\"},\"image\":{\"@id\":\"https:\/\/my.stlflix.com\/#\/schema\/logo\/image\/\"},\"sameAs\":[\"https:\/\/www.facebook.com\/STLFLIX\",\"https:\/\/www.instagram.com\/stlflix_\/\",\"https:\/\/www.tiktok.com\/@stlflix\"]}]}<\/script>\n<!-- \/ Yoast SEO plugin. -->","yoast_head_json":{"title":"Porta-Pimenta Tabasco \"O Lutador\" - MyStore - By STLFLIX","robots":{"index":"index","follow":"follow","max-snippet":"max-snippet:-1","max-image-preview":"max-image-preview:large","max-video-preview":"max-video-preview:-1"},"canonical":"https:\/\/my.stlflix.com\/es\/product\/el-luchador-tabasco-holder-66bcd75e8c55f\/","og_locale":"es_ES","og_type":"article","og_title":"Porta-Pimenta Tabasco \"O Lutador\" - MyStore - By STLFLIX","og_description":"Adicione um toque de divers\u00e3o e estilo \u00e0 sua mesa com o suporte de pimenta Tabasco \u201cEl Luchador\u201d. Feito de pl\u00e1stico resistente, este suporte em formato de lutador mexicano \u00e9 perfeito para manter sua pimenta sempre \u00e0 m\u00e3o. Ideal para quem gosta de praticidade e um design diferenciado na cozinha. Transforme suas refei\u00e7\u00f5es em um [&hellip;]","og_url":"https:\/\/my.stlflix.com\/es\/product\/el-luchador-tabasco-holder-66bcd75e8c55f\/","og_site_name":"MyStore - By STLFLIX","article_publisher":"https:\/\/www.facebook.com\/STLFLIX","article_modified_time":"2024-12-22T11:23:32+00:00","og_image":[{"width":1080,"height":1350,"url":"https:\/\/my.stlflix.com\/wp-content\/uploads\/2024\/08\/El_Luchador_Tabasco_Holderthumb_84f9b03693.jpg","type":"image\/jpeg"}],"twitter_card":"summary_large_image","schema":{"@context":"https:\/\/schema.org","@graph":[{"@type":"WebPage","@id":"https:\/\/my.stlflix.com\/es\/product\/el-luchador-tabasco-holder-66bcd75e8c55f\/","url":"https:\/\/my.stlflix.com\/es\/product\/el-luchador-tabasco-holder-66bcd75e8c55f\/","name":"Porta-Pimenta Tabasco \"O Lutador\" - MyStore - By STLFLIX","isPartOf":{"@id":"https:\/\/my.stlflix.com\/#website"},"primaryImageOfPage":{"@id":"https:\/\/my.stlflix.com\/es\/product\/el-luchador-tabasco-holder-66bcd75e8c55f\/#primaryimage"},"image":{"@id":"https:\/\/my.stlflix.com\/es\/product\/el-luchador-tabasco-holder-66bcd75e8c55f\/#primaryimage"},"thumbnailUrl":"https:\/\/my.stlflix.com\/wp-content\/uploads\/2024\/08\/El_Luchador_Tabasco_Holderthumb_84f9b03693.jpg","datePublished":"2024-08-14T16:47:33+00:00","dateModified":"2024-12-22T11:23:32+00:00","breadcrumb":{"@id":"https:\/\/my.stlflix.com\/es\/product\/el-luchador-tabasco-holder-66bcd75e8c55f\/#breadcrumb"},"inLanguage":"es-ES","potentialAction":[{"@type":"ReadAction","target":["https:\/\/my.stlflix.com\/es\/product\/el-luchador-tabasco-holder-66bcd75e8c55f\/"]}]},{"@type":"ImageObject","inLanguage":"es-ES","@id":"https:\/\/my.stlflix.com\/es\/product\/el-luchador-tabasco-holder-66bcd75e8c55f\/#primaryimage","url":"https:\/\/my.stlflix.com\/wp-content\/uploads\/2024\/08\/El_Luchador_Tabasco_Holderthumb_84f9b03693.jpg","contentUrl":"https:\/\/my.stlflix.com\/wp-content\/uploads\/2024\/08\/El_Luchador_Tabasco_Holderthumb_84f9b03693.jpg","width":1080,"height":1350},{"@type":"BreadcrumbList","@id":"https:\/\/my.stlflix.com\/es\/product\/el-luchador-tabasco-holder-66bcd75e8c55f\/#breadcrumb","itemListElement":[{"@type":"ListItem","position":1,"name":"Home","item":"https:\/\/www.stlflix-store.com\/"},{"@type":"ListItem","position":2,"name":"Products","item":"https:\/\/www.stlflix-store.com\/shop\/"},{"@type":"ListItem","position":3,"name":"Porta-Pimenta Tabasco &#8220;O Lutador&#8221;"}]},{"@type":"WebSite","@id":"https:\/\/my.stlflix.com\/#website","url":"https:\/\/my.stlflix.com\/","name":"MyStore - By STLFLIX","description":"","publisher":{"@id":"https:\/\/my.stlflix.com\/#organization"},"potentialAction":[{"@type":"SearchAction","target":{"@type":"EntryPoint","urlTemplate":"https:\/\/my.stlflix.com\/?s={search_term_string}"},"query-input":{"@type":"PropertyValueSpecification","valueRequired":true,"valueName":"search_term_string"}}],"inLanguage":"es-ES"},{"@type":"Organization","@id":"https:\/\/my.stlflix.com\/#organization","name":"MyStore - By STLFLIX","url":"https:\/\/my.stlflix.com\/","logo":{"@type":"ImageObject","inLanguage":"es-ES","@id":"https:\/\/my.stlflix.com\/#\/schema\/logo\/image\/","url":"https:\/\/my.stlflix.com\/wp-content\/uploads\/2024\/06\/logo-mystore.png","contentUrl":"https:\/\/my.stlflix.com\/wp-content\/uploads\/2024\/06\/logo-mystore.png","width":150,"height":41,"caption":"MyStore - By STLFLIX"},"image":{"@id":"https:\/\/my.stlflix.com\/#\/schema\/logo\/image\/"},"sameAs":["https:\/\/www.facebook.com\/STLFLIX","https:\/\/www.instagram.com\/stlflix_\/","https:\/\/www.tiktok.com\/@stlflix"]}]}},"_links":{"self":[{"href":"https:\/\/my.stlflix.com\/es\/wp-json\/wp\/v2\/product\/64008","targetHints":{"allow":["GET"]}}],"collection":[{"href":"https:\/\/my.stlflix.com\/es\/wp-json\/wp\/v2\/product"}],"about":[{"href":"https:\/\/my.stlflix.com\/es\/wp-json\/wp\/v2\/types\/product"}],"replies":[{"embeddable":true,"href":"https:\/\/my.stlflix.com\/es\/wp-json\/wp\/v2\/comments?post=64008"}],"wp:featuredmedia":[{"embeddable":true,"href":"https:\/\/my.stlflix.com\/es\/wp-json\/wp\/v2\/media\/63547"}],"wp:attachment":[{"href":"https:\/\/my.stlflix.com\/es\/wp-json\/wp\/v2\/media?parent=64008"}],"wp:term":[{"taxonomy":"product_brand","embeddable":true,"href":"https:\/\/my.stlflix.com\/es\/wp-json\/wp\/v2\/product_brand?post=64008"},{"taxonomy":"product_cat","embeddable":true,"href":"https:\/\/my.stlflix.com\/es\/wp-json\/wp\/v2\/product_cat?post=64008"},{"taxonomy":"product_tag","embeddable":true,"href":"https:\/\/my.stlflix.com\/es\/wp-json\/wp\/v2\/product_tag?post=64008"}],"curies":[{"name":"wp","href":"https:\/\/api.w.org\/{rel}","templated":true}]}}