{"id":65040,"date":"2024-08-15T08:02:01","date_gmt":"2024-08-15T08:02:01","guid":{"rendered":"https:\/\/my.stlflix.com\/?post_type=product&#038;p=65040"},"modified":"2024-12-22T11:25:48","modified_gmt":"2024-12-22T11:25:48","slug":"magic-pawzzle-66bda3bd4753e","status":"publish","type":"product","link":"https:\/\/my.stlflix.com\/es\/product\/magic-pawzzle-66bda3bd4753e\/","title":{"rendered":"Magic Pawzzle"},"content":{"rendered":"<h2><strong><span style=\"vertical-align: inherit\"><span style=\"vertical-align: inherit\">DESCRI\u00c7\u00c3O DO MODELO 3D<\/span><\/span><\/strong><\/h2>\n<h2><\/h2>\n<h2><span style=\"vertical-align: inherit\"><span style=\"vertical-align: inherit\">N\u00e3o se preocupe, resolver isso \u00e9 totalmente palp\u00e1vel e o resultado \u00e9 perfeito.<\/span><\/span><\/h2>\n<h2><\/h2>\n<ul>\n<li>\n<h2><span style=\"vertical-align: inherit\"><span style=\"vertical-align: inherit\">Este arquivo STL \u00e9 recomendado para impressoras FDM!<\/span><\/span><\/h2>\n<\/li>\n<li>\n<h2><span style=\"vertical-align: inherit\"><span style=\"vertical-align: inherit\">Tempo de impress\u00e3o 3D baseado em\u00a0 <\/span><\/span><strong><span style=\"vertical-align: inherit\"><span style=\"vertical-align: inherit\">Ender 3<\/span><\/span><\/strong><span style=\"vertical-align: inherit\"><span style=\"vertical-align: inherit\"> : 01 Dia 13 Horas 10 Minutos\u00a0 <\/span><\/span><strong><span style=\"vertical-align: inherit\"><span style=\"vertical-align: inherit\">(variar\u00e1 de acordo com o modelo da sua impressora)<\/span><\/span><\/strong><\/h2>\n<\/li>\n<li>\n<h2><span style=\"vertical-align: inherit\"><span style=\"vertical-align: inherit\">Altura aproximada: 9,0 cm<\/span><\/span><\/h2>\n<\/li>\n<li>\n<h2><span style=\"vertical-align: inherit\"><span style=\"vertical-align: inherit\">Voc\u00ea precisar\u00e1 de 6\u00a0 <\/span><\/span><strong><span style=\"vertical-align: inherit\"><span style=\"vertical-align: inherit\">parafusos M3-20mm &#8211;\u00a0 <\/span><\/span><\/strong><a href=\"https:\/\/www.amazon.com\/uxcell-M3x20mm-Phillips-Stainless-Fasteners\/dp\/B07MPK5N8T\/ref=sr_1_9_sspa?crid=1XJM4UKUSI4XB&amp;dib=eyJ2IjoiMSJ9.DqQ6O4cHJF0rhbdqGtwQjYI69wThMZ7kA5m7Dvtae_XVDkfuy7ysi4FmJ4EXjBFcU2SkT0pCJZSbgvYNiByYo-Z6hVruU2PJBHfXdNw0NCAe2J97xJh87td6vZPu8iXN.3vzo74OdNswIxQkZMQOePKHwnOTsrfNlu_a9p6Rli5M&amp;dib_tag=se&amp;keywords=screw%2Bm3x20%2Bphilips&amp;qid=1713186056&amp;sprefix=screw%2Bm3x20%2Bphilips%2Caps%2C190&amp;sr=8-9-spons&amp;sp_csd=d2lkZ2V0TmFtZT1zcF9idGY&amp;th=1\"><strong><u><span style=\"vertical-align: inherit\"><span style=\"vertical-align: inherit\">Amazon<\/span><\/span><\/u><\/strong><\/a><strong><span style=\"vertical-align: inherit\"><span style=\"vertical-align: inherit\"> \u00a0\/\u00a0 <\/span><\/span><\/strong><a href=\"https:\/\/www.aliexpress.us\/item\/577160892.html?spm=a2g0o.productlist.main.1.7e3d5ca6jQVTXH&amp;algo_pvid=469edb62-bdce-4a3d-b146-5f5f70d15b6b&amp;algo_exp_id=469edb62-bdce-4a3d-b146-5f5f70d15b6b-0&amp;pdp_npi=4%40dis%21BRL%2111.17%2111.17%21%21%2115.06%2115.06%21%40210318e817131857098421282ee5d6%2112000021051490998%21sea%21BR%212084664700%21&amp;curPageLogUid=1i2OMsjYJkzf&amp;utparam-url=scene%3Asearch%7Cquery_from%3A&amp;gatewayAdapt=4itemAdapt\"><strong><u><span style=\"vertical-align: inherit\"><span style=\"vertical-align: inherit\">Aliexpress<\/span><\/span><\/u><\/strong><\/a><\/h2>\n<\/li>\n<\/ul>\n<h2><\/h2>\n<h2><strong><span style=\"vertical-align: inherit\"><span style=\"vertical-align: inherit\">CONFIGURA\u00c7\u00d5ES DO ARQUIVO DE IMPRESS\u00c3O 3D (PARA BICO DE 0,4 MM)<\/span><\/span><\/strong><\/h2>\n<h2><\/h2>\n<ul>\n<li>\n<h2><strong><span style=\"vertical-align: inherit\"><span style=\"vertical-align: inherit\">Largura da linha\/bocal:\u00a0<\/span><\/span><\/strong><span style=\"vertical-align: inherit\"><span style=\"vertical-align: inherit\"> 0,4 mm<\/span><\/span><\/h2>\n<\/li>\n<li>\n<h2><strong><span style=\"vertical-align: inherit\"><span style=\"vertical-align: inherit\">Largura da linha da primeira camada:\u00a0<\/span><\/span><\/strong><span style=\"vertical-align: inherit\"><span style=\"vertical-align: inherit\"> 0,48 mm \/ 120%<\/span><\/span><\/h2>\n<\/li>\n<li>\n<h2><strong><span style=\"vertical-align: inherit\"><span style=\"vertical-align: inherit\">Velocidade M\u00e9dia:\u00a0<\/span><\/span><\/strong><span style=\"vertical-align: inherit\"><span style=\"vertical-align: inherit\"> 20mm\/s (Primeira Camada) \/ 50mm\/s (Todas as outras camadas) | 20 mm\/s (Primeira Camada) \/ 500 mm\/s (Todas as outras camadas no Bambu Lab)<\/span><\/span><\/h2>\n<\/li>\n<li>\n<h2><strong><span style=\"vertical-align: inherit\"><span style=\"vertical-align: inherit\">Altura inicial recomendada da camada:\u00a0\u00a0<\/span><\/span><\/strong><span style=\"vertical-align: inherit\"><span style=\"vertical-align: inherit\"> 0,16 mm<\/span><\/span><\/h2>\n<\/li>\n<li>\n<h2><strong><span style=\"vertical-align: inherit\"><span style=\"vertical-align: inherit\">Altura recomendada da camada:\u00a0\u00a0<\/span><\/span><\/strong><span style=\"vertical-align: inherit\"><span style=\"vertical-align: inherit\"> 0,16 mm<\/span><\/span><\/h2>\n<\/li>\n<li>\n<h2><strong><span style=\"vertical-align: inherit\"><span style=\"vertical-align: inherit\">Per\u00edmetros\/Paredes Recomendados:\u00a0<\/span><\/span><\/strong><span style=\"vertical-align: inherit\"><span style=\"vertical-align: inherit\"> 3.<\/span><\/span><\/h2>\n<\/li>\n<li>\n<h2><strong><span style=\"vertical-align: inherit\"><span style=\"vertical-align: inherit\">Preenchimento recomendado (%):\u00a0<\/span><\/span><\/strong><span style=\"vertical-align: inherit\"><span style=\"vertical-align: inherit\"> 10% (Gir\u00f3ide)<\/span><\/span><\/h2>\n<\/li>\n<li>\n<h2><strong><span style=\"vertical-align: inherit\"><span style=\"vertical-align: inherit\">Precisa de suporte:\u00a0<\/span><\/span><\/strong><span style=\"vertical-align: inherit\"><span style=\"vertical-align: inherit\"> Sim.<\/span><\/span><\/h2>\n<\/li>\n<li>\n<h2><strong><span style=\"vertical-align: inherit\"><span style=\"vertical-align: inherit\">Ades\u00e3o da placa de constru\u00e7\u00e3o:\u00a0<\/span><\/span><\/strong><span style=\"vertical-align: inherit\"><span style=\"vertical-align: inherit\"> borda.<\/span><\/span><\/h2>\n<\/li>\n<\/ul>\n<h2><\/h2>\n<h2><strong><span style=\"vertical-align: inherit\"><span style=\"vertical-align: inherit\">Os par\u00e2metros acima s\u00e3o recomenda\u00e7\u00f5es feitas pela nossa equipe; se preferir, voc\u00ea pode adapt\u00e1-los de acordo com suas prefer\u00eancias.<\/span><\/span><\/strong><\/h2>\n<p><i><strong><span style=\"vertical-align: inherit\"><span style=\"vertical-align: inherit\">Boa impress\u00e3o!<\/span><\/span><\/strong><\/i><\/p>\n","protected":false},"excerpt":{"rendered":"<p>DESCRI\u00c7\u00c3O DO MODELO 3D N\u00e3o se preocupe, resolver isso \u00e9 totalmente palp\u00e1vel e o resultado \u00e9 perfeito. Este arquivo STL \u00e9 recomendado para impressoras FDM! Tempo de impress\u00e3o 3D baseado em\u00a0 Ender 3 : 01 Dia 13 Horas 10 Minutos\u00a0 (variar\u00e1 de acordo com o modelo da sua impressora) Altura aproximada: 9,0 cm Voc\u00ea precisar\u00e1 [&hellip;]<\/p>\n","protected":false},"featured_media":10822,"comment_status":"open","ping_status":"closed","template":"","meta":[],"product_brand":[],"product_cat":[19,37,30],"product_tag":[427,637,519],"class_list":{"0":"post-65040","1":"product","2":"type-product","3":"status-publish","4":"has-post-thumbnail","6":"product_cat-animals","7":"product_cat-mechanic","8":"product_cat-toys","9":"product_tag-animals","10":"product_tag-mechanic","11":"product_tag-toys","13":"first","14":"instock","15":"taxable","16":"shipping-taxable","17":"purchasable","18":"product-type-simple"},"yoast_head":"<!-- This site is optimized with the Yoast SEO plugin v25.1 - https:\/\/yoast.com\/wordpress\/plugins\/seo\/ -->\n<title>Magic Pawzzle<\/title>\n<meta name=\"robots\" content=\"index, follow, max-snippet:-1, max-image-preview:large, max-video-preview:-1\" \/>\n<link rel=\"canonical\" href=\"https:\/\/www.testeminhalojamandela.biz\/product\/magic-pawzzle-66bda3bd4753e\/\" \/>\n<meta property=\"og:locale\" content=\"es_ES\" \/>\n<meta property=\"og:type\" content=\"article\" \/>\n<meta property=\"og:title\" content=\"Magic Pawzzle\" \/>\n<meta property=\"og:description\" content=\"DESCRI\u00c7\u00c3O DO MODELO 3D N\u00e3o se preocupe, resolver isso \u00e9 totalmente palp\u00e1vel e o resultado \u00e9 perfeito. Este arquivo STL \u00e9 recomendado para impressoras FDM! Tempo de impress\u00e3o 3D baseado em\u00a0 Ender 3 : 01 Dia 13 Horas 10 Minutos\u00a0 (variar\u00e1 de acordo com o modelo da sua impressora) Altura aproximada: 9,0 cm Voc\u00ea precisar\u00e1 [&hellip;]\" \/>\n<meta property=\"og:url\" content=\"https:\/\/www.testeminhalojamandela.biz\/product\/magic-pawzzle-66bda3bd4753e\/\" \/>\n<meta property=\"og:site_name\" content=\"MyStore - By STLFLIX\" \/>\n<meta property=\"article:publisher\" content=\"https:\/\/www.facebook.com\/STLFLIX\" \/>\n<meta property=\"article:modified_time\" content=\"2024-12-22T11:25:48+00:00\" \/>\n<meta property=\"og:image\" content=\"https:\/\/www.testeminhalojamandela.biz\/wp-content\/uploads\/2024\/04\/Magic_Pawzzle_thumb_802aeb1da7.jpg\" \/>\n\t<meta property=\"og:image:width\" content=\"1080\" \/>\n\t<meta property=\"og:image:height\" content=\"1350\" \/>\n\t<meta property=\"og:image:type\" content=\"image\/jpeg\" \/>\n<meta name=\"twitter:card\" content=\"summary_large_image\" \/>\n<meta name=\"twitter:label1\" content=\"Est. reading time\" \/>\n\t<meta name=\"twitter:data1\" content=\"1 minute\" \/>\n<script type=\"application\/ld+json\" class=\"yoast-schema-graph\">{\"@context\":\"https:\/\/schema.org\",\"@graph\":[{\"@type\":\"WebPage\",\"@id\":\"https:\/\/www.testeminhalojamandela.biz\/product\/magic-pawzzle-66bda3bd4753e\/\",\"url\":\"https:\/\/www.testeminhalojamandela.biz\/product\/magic-pawzzle-66bda3bd4753e\/\",\"name\":\"Magic Pawzzle\",\"isPartOf\":{\"@id\":\"https:\/\/my.stlflix.com\/#website\"},\"primaryImageOfPage\":{\"@id\":\"https:\/\/www.testeminhalojamandela.biz\/product\/magic-pawzzle-66bda3bd4753e\/#primaryimage\"},\"image\":{\"@id\":\"https:\/\/www.testeminhalojamandela.biz\/product\/magic-pawzzle-66bda3bd4753e\/#primaryimage\"},\"thumbnailUrl\":\"https:\/\/my.stlflix.com\/wp-content\/uploads\/2024\/04\/Magic_Pawzzle_thumb_802aeb1da7.jpg\",\"datePublished\":\"2024-08-15T08:02:01+00:00\",\"dateModified\":\"2024-12-22T11:25:48+00:00\",\"breadcrumb\":{\"@id\":\"https:\/\/www.testeminhalojamandela.biz\/product\/magic-pawzzle-66bda3bd4753e\/#breadcrumb\"},\"inLanguage\":\"es-ES\",\"potentialAction\":[{\"@type\":\"ReadAction\",\"target\":[\"https:\/\/www.testeminhalojamandela.biz\/product\/magic-pawzzle-66bda3bd4753e\/\"]}]},{\"@type\":\"ImageObject\",\"inLanguage\":\"es-ES\",\"@id\":\"https:\/\/www.testeminhalojamandela.biz\/product\/magic-pawzzle-66bda3bd4753e\/#primaryimage\",\"url\":\"https:\/\/my.stlflix.com\/wp-content\/uploads\/2024\/04\/Magic_Pawzzle_thumb_802aeb1da7.jpg\",\"contentUrl\":\"https:\/\/my.stlflix.com\/wp-content\/uploads\/2024\/04\/Magic_Pawzzle_thumb_802aeb1da7.jpg\",\"width\":1080,\"height\":1350},{\"@type\":\"BreadcrumbList\",\"@id\":\"https:\/\/www.testeminhalojamandela.biz\/product\/magic-pawzzle-66bda3bd4753e\/#breadcrumb\",\"itemListElement\":[{\"@type\":\"ListItem\",\"position\":1,\"name\":\"Home\",\"item\":\"https:\/\/www.stlflix-store.com\/\"},{\"@type\":\"ListItem\",\"position\":2,\"name\":\"Products\",\"item\":\"https:\/\/www.stlflix-store.com\/shop\/\"},{\"@type\":\"ListItem\",\"position\":3,\"name\":\"Magic Pawzzle\"}]},{\"@type\":\"WebSite\",\"@id\":\"https:\/\/my.stlflix.com\/#website\",\"url\":\"https:\/\/my.stlflix.com\/\",\"name\":\"MyStore - By STLFLIX\",\"description\":\"\",\"publisher\":{\"@id\":\"https:\/\/my.stlflix.com\/#organization\"},\"potentialAction\":[{\"@type\":\"SearchAction\",\"target\":{\"@type\":\"EntryPoint\",\"urlTemplate\":\"https:\/\/my.stlflix.com\/?s={search_term_string}\"},\"query-input\":{\"@type\":\"PropertyValueSpecification\",\"valueRequired\":true,\"valueName\":\"search_term_string\"}}],\"inLanguage\":\"es-ES\"},{\"@type\":\"Organization\",\"@id\":\"https:\/\/my.stlflix.com\/#organization\",\"name\":\"MyStore - By STLFLIX\",\"url\":\"https:\/\/my.stlflix.com\/\",\"logo\":{\"@type\":\"ImageObject\",\"inLanguage\":\"es-ES\",\"@id\":\"https:\/\/my.stlflix.com\/#\/schema\/logo\/image\/\",\"url\":\"https:\/\/my.stlflix.com\/wp-content\/uploads\/2024\/06\/logo-mystore.png\",\"contentUrl\":\"https:\/\/my.stlflix.com\/wp-content\/uploads\/2024\/06\/logo-mystore.png\",\"width\":150,\"height\":41,\"caption\":\"MyStore - By STLFLIX\"},\"image\":{\"@id\":\"https:\/\/my.stlflix.com\/#\/schema\/logo\/image\/\"},\"sameAs\":[\"https:\/\/www.facebook.com\/STLFLIX\",\"https:\/\/www.instagram.com\/stlflix_\/\",\"https:\/\/www.tiktok.com\/@stlflix\"]}]}<\/script>\n<!-- \/ Yoast SEO plugin. -->","yoast_head_json":{"title":"Magic Pawzzle","robots":{"index":"index","follow":"follow","max-snippet":"max-snippet:-1","max-image-preview":"max-image-preview:large","max-video-preview":"max-video-preview:-1"},"canonical":"https:\/\/www.testeminhalojamandela.biz\/product\/magic-pawzzle-66bda3bd4753e\/","og_locale":"es_ES","og_type":"article","og_title":"Magic Pawzzle","og_description":"DESCRI\u00c7\u00c3O DO MODELO 3D N\u00e3o se preocupe, resolver isso \u00e9 totalmente palp\u00e1vel e o resultado \u00e9 perfeito. Este arquivo STL \u00e9 recomendado para impressoras FDM! Tempo de impress\u00e3o 3D baseado em\u00a0 Ender 3 : 01 Dia 13 Horas 10 Minutos\u00a0 (variar\u00e1 de acordo com o modelo da sua impressora) Altura aproximada: 9,0 cm Voc\u00ea precisar\u00e1 [&hellip;]","og_url":"https:\/\/www.testeminhalojamandela.biz\/product\/magic-pawzzle-66bda3bd4753e\/","og_site_name":"MyStore - By STLFLIX","article_publisher":"https:\/\/www.facebook.com\/STLFLIX","article_modified_time":"2024-12-22T11:25:48+00:00","og_image":[{"width":1080,"height":1350,"url":"https:\/\/www.testeminhalojamandela.biz\/wp-content\/uploads\/2024\/04\/Magic_Pawzzle_thumb_802aeb1da7.jpg","type":"image\/jpeg"}],"twitter_card":"summary_large_image","twitter_misc":{"Est. reading time":"1 minute"},"schema":{"@context":"https:\/\/schema.org","@graph":[{"@type":"WebPage","@id":"https:\/\/www.testeminhalojamandela.biz\/product\/magic-pawzzle-66bda3bd4753e\/","url":"https:\/\/www.testeminhalojamandela.biz\/product\/magic-pawzzle-66bda3bd4753e\/","name":"Magic Pawzzle","isPartOf":{"@id":"https:\/\/my.stlflix.com\/#website"},"primaryImageOfPage":{"@id":"https:\/\/www.testeminhalojamandela.biz\/product\/magic-pawzzle-66bda3bd4753e\/#primaryimage"},"image":{"@id":"https:\/\/www.testeminhalojamandela.biz\/product\/magic-pawzzle-66bda3bd4753e\/#primaryimage"},"thumbnailUrl":"https:\/\/my.stlflix.com\/wp-content\/uploads\/2024\/04\/Magic_Pawzzle_thumb_802aeb1da7.jpg","datePublished":"2024-08-15T08:02:01+00:00","dateModified":"2024-12-22T11:25:48+00:00","breadcrumb":{"@id":"https:\/\/www.testeminhalojamandela.biz\/product\/magic-pawzzle-66bda3bd4753e\/#breadcrumb"},"inLanguage":"es-ES","potentialAction":[{"@type":"ReadAction","target":["https:\/\/www.testeminhalojamandela.biz\/product\/magic-pawzzle-66bda3bd4753e\/"]}]},{"@type":"ImageObject","inLanguage":"es-ES","@id":"https:\/\/www.testeminhalojamandela.biz\/product\/magic-pawzzle-66bda3bd4753e\/#primaryimage","url":"https:\/\/my.stlflix.com\/wp-content\/uploads\/2024\/04\/Magic_Pawzzle_thumb_802aeb1da7.jpg","contentUrl":"https:\/\/my.stlflix.com\/wp-content\/uploads\/2024\/04\/Magic_Pawzzle_thumb_802aeb1da7.jpg","width":1080,"height":1350},{"@type":"BreadcrumbList","@id":"https:\/\/www.testeminhalojamandela.biz\/product\/magic-pawzzle-66bda3bd4753e\/#breadcrumb","itemListElement":[{"@type":"ListItem","position":1,"name":"Home","item":"https:\/\/www.stlflix-store.com\/"},{"@type":"ListItem","position":2,"name":"Products","item":"https:\/\/www.stlflix-store.com\/shop\/"},{"@type":"ListItem","position":3,"name":"Magic Pawzzle"}]},{"@type":"WebSite","@id":"https:\/\/my.stlflix.com\/#website","url":"https:\/\/my.stlflix.com\/","name":"MyStore - By STLFLIX","description":"","publisher":{"@id":"https:\/\/my.stlflix.com\/#organization"},"potentialAction":[{"@type":"SearchAction","target":{"@type":"EntryPoint","urlTemplate":"https:\/\/my.stlflix.com\/?s={search_term_string}"},"query-input":{"@type":"PropertyValueSpecification","valueRequired":true,"valueName":"search_term_string"}}],"inLanguage":"es-ES"},{"@type":"Organization","@id":"https:\/\/my.stlflix.com\/#organization","name":"MyStore - By STLFLIX","url":"https:\/\/my.stlflix.com\/","logo":{"@type":"ImageObject","inLanguage":"es-ES","@id":"https:\/\/my.stlflix.com\/#\/schema\/logo\/image\/","url":"https:\/\/my.stlflix.com\/wp-content\/uploads\/2024\/06\/logo-mystore.png","contentUrl":"https:\/\/my.stlflix.com\/wp-content\/uploads\/2024\/06\/logo-mystore.png","width":150,"height":41,"caption":"MyStore - By STLFLIX"},"image":{"@id":"https:\/\/my.stlflix.com\/#\/schema\/logo\/image\/"},"sameAs":["https:\/\/www.facebook.com\/STLFLIX","https:\/\/www.instagram.com\/stlflix_\/","https:\/\/www.tiktok.com\/@stlflix"]}]}},"_links":{"self":[{"href":"https:\/\/my.stlflix.com\/es\/wp-json\/wp\/v2\/product\/65040","targetHints":{"allow":["GET"]}}],"collection":[{"href":"https:\/\/my.stlflix.com\/es\/wp-json\/wp\/v2\/product"}],"about":[{"href":"https:\/\/my.stlflix.com\/es\/wp-json\/wp\/v2\/types\/product"}],"replies":[{"embeddable":true,"href":"https:\/\/my.stlflix.com\/es\/wp-json\/wp\/v2\/comments?post=65040"}],"wp:featuredmedia":[{"embeddable":true,"href":"https:\/\/my.stlflix.com\/es\/wp-json\/wp\/v2\/media\/10822"}],"wp:attachment":[{"href":"https:\/\/my.stlflix.com\/es\/wp-json\/wp\/v2\/media?parent=65040"}],"wp:term":[{"taxonomy":"product_brand","embeddable":true,"href":"https:\/\/my.stlflix.com\/es\/wp-json\/wp\/v2\/product_brand?post=65040"},{"taxonomy":"product_cat","embeddable":true,"href":"https:\/\/my.stlflix.com\/es\/wp-json\/wp\/v2\/product_cat?post=65040"},{"taxonomy":"product_tag","embeddable":true,"href":"https:\/\/my.stlflix.com\/es\/wp-json\/wp\/v2\/product_tag?post=65040"}],"curies":[{"name":"wp","href":"https:\/\/api.w.org\/{rel}","templated":true}]}}