{"id":76405,"date":"2024-08-22T10:46:21","date_gmt":"2024-08-22T10:46:21","guid":{"rendered":"https:\/\/my.stlflix.com\/?post_type=product&#038;p=76405"},"modified":"2024-12-22T11:35:48","modified_gmt":"2024-12-22T11:35:48","slug":"punkitty-66c5234cc926f","status":"publish","type":"product","link":"https:\/\/my.stlflix.com\/es\/product\/punkitty-66c5234cc926f\/","title":{"rendered":"PunKitty"},"content":{"rendered":"<div class=\"elementor-element elementor-element-e203121 e-con-full e-flex e-con e-child\" data-id=\"e203121\" data-element_type=\"container\">\n<div class=\"elementor-element elementor-element-cab4ded elementor-widget elementor-widget-text-editor\" data-id=\"cab4ded\" data-element_type=\"widget\" data-widget_type=\"text-editor.default\">\n<div class=\"elementor-widget-container\">\n<p>Ihr pers\u00f6nliches AirPod Case im <strong>Katzen Design<\/strong>.<\/p>\n<p>Individuell, so wie Sie.<br \/>\nIhre Auswahlm\u00f6glichkeiten:<\/p>\n<ul>\n<li>Farbe 1 (Bild Wei\u00df)<\/li>\n<li>Farbe 2 (Bild Schwarz)<\/li>\n<li>Farbe 3 (Bild Rosa [Ohren und Zunge])<\/li>\n<li>Farbe 4 (Bild Grau [Augenfarbe])<\/li>\n<\/ul>\n<p>Modell:<\/p>\n<ul>\n<li>AirPod 2. Gen<\/li>\n<li>Air Pod Pro 2<\/li>\n<li>Air Pod 3. Gen<\/li>\n<\/ul>\n<p>[39,90 \u20ac]<\/p>\n<p><a href=\"mailto:info@yvoprojects.de\">Hier Anfragen<\/a><\/p>\n<\/div>\n<\/div>\n<\/div>\n","protected":false},"excerpt":{"rendered":"<p>Ihr pers\u00f6nliches AirPod Case im Katzen Design. Individuell, so wie Sie. Ihre Auswahlm\u00f6glichkeiten: Farbe 1 (Bild Wei\u00df) Farbe 2 (Bild Schwarz) Farbe 3 (Bild Rosa [Ohren und Zunge]) Farbe 4 (Bild Grau [Augenfarbe]) Modell: AirPod 2. Gen Air Pod Pro 2 Air Pod 3. Gen [39,90 \u20ac] Hier Anfragen<\/p>\n","protected":false},"featured_media":267,"comment_status":"open","ping_status":"closed","template":"","meta":[],"product_brand":[],"product_cat":[22],"product_tag":[815],"class_list":{"0":"post-76405","1":"product","2":"type-product","3":"status-publish","4":"has-post-thumbnail","6":"product_cat-gadgets","7":"product_tag-air-pod","9":"first","10":"instock","11":"purchasable","12":"product-type-simple"},"yoast_head":"<!-- This site is optimized with the Yoast SEO plugin v25.1 - https:\/\/yoast.com\/wordpress\/plugins\/seo\/ -->\n<title>PunKitty Katzen AirPod Case<\/title>\n<meta name=\"description\" content=\"Ihr pers\u00f6nliches Air Pod Case\" \/>\n<meta name=\"robots\" content=\"index, follow, max-snippet:-1, max-image-preview:large, max-video-preview:-1\" \/>\n<link rel=\"canonical\" href=\"https:\/\/www.monitorstlflix.com\/product\/punkitty-66c5234cc926f\/\" \/>\n<meta property=\"og:locale\" content=\"es_ES\" \/>\n<meta property=\"og:type\" content=\"article\" \/>\n<meta property=\"og:title\" content=\"PunKitty Katzen AirPod Case\" \/>\n<meta property=\"og:description\" content=\"Ihr pers\u00f6nliches Air Pod Case\" \/>\n<meta property=\"og:url\" content=\"https:\/\/www.monitorstlflix.com\/product\/punkitty-66c5234cc926f\/\" \/>\n<meta property=\"og:site_name\" content=\"MyStore - By STLFLIX\" \/>\n<meta property=\"article:publisher\" content=\"https:\/\/www.facebook.com\/STLFLIX\" \/>\n<meta property=\"article:modified_time\" content=\"2024-12-22T11:35:48+00:00\" \/>\n<meta property=\"og:image\" content=\"https:\/\/www.monitorstlflix.com\/wp-content\/uploads\/2024\/03\/Pun_Kitty_thumb_424499dd6d.jpg\" \/>\n\t<meta property=\"og:image:width\" content=\"1080\" \/>\n\t<meta property=\"og:image:height\" content=\"1350\" \/>\n\t<meta property=\"og:image:type\" content=\"image\/jpeg\" \/>\n<meta name=\"twitter:card\" content=\"summary_large_image\" \/>\n<script type=\"application\/ld+json\" class=\"yoast-schema-graph\">{\"@context\":\"https:\/\/schema.org\",\"@graph\":[{\"@type\":\"WebPage\",\"@id\":\"https:\/\/www.monitorstlflix.com\/product\/punkitty-66c5234cc926f\/\",\"url\":\"https:\/\/www.monitorstlflix.com\/product\/punkitty-66c5234cc926f\/\",\"name\":\"PunKitty Katzen AirPod Case\",\"isPartOf\":{\"@id\":\"https:\/\/my.stlflix.com\/#website\"},\"primaryImageOfPage\":{\"@id\":\"https:\/\/www.monitorstlflix.com\/product\/punkitty-66c5234cc926f\/#primaryimage\"},\"image\":{\"@id\":\"https:\/\/www.monitorstlflix.com\/product\/punkitty-66c5234cc926f\/#primaryimage\"},\"thumbnailUrl\":\"https:\/\/my.stlflix.com\/wp-content\/uploads\/2024\/03\/Pun_Kitty_thumb_424499dd6d.jpg\",\"datePublished\":\"2024-08-22T10:46:21+00:00\",\"dateModified\":\"2024-12-22T11:35:48+00:00\",\"description\":\"Ihr pers\u00f6nliches Air Pod Case\",\"breadcrumb\":{\"@id\":\"https:\/\/www.monitorstlflix.com\/product\/punkitty-66c5234cc926f\/#breadcrumb\"},\"inLanguage\":\"es-ES\",\"potentialAction\":[{\"@type\":\"ReadAction\",\"target\":[\"https:\/\/www.monitorstlflix.com\/product\/punkitty-66c5234cc926f\/\"]}]},{\"@type\":\"ImageObject\",\"inLanguage\":\"es-ES\",\"@id\":\"https:\/\/www.monitorstlflix.com\/product\/punkitty-66c5234cc926f\/#primaryimage\",\"url\":\"https:\/\/my.stlflix.com\/wp-content\/uploads\/2024\/03\/Pun_Kitty_thumb_424499dd6d.jpg\",\"contentUrl\":\"https:\/\/my.stlflix.com\/wp-content\/uploads\/2024\/03\/Pun_Kitty_thumb_424499dd6d.jpg\",\"width\":1080,\"height\":1350},{\"@type\":\"BreadcrumbList\",\"@id\":\"https:\/\/www.monitorstlflix.com\/product\/punkitty-66c5234cc926f\/#breadcrumb\",\"itemListElement\":[{\"@type\":\"ListItem\",\"position\":1,\"name\":\"Home\",\"item\":\"https:\/\/www.stlflix-store.com\/\"},{\"@type\":\"ListItem\",\"position\":2,\"name\":\"Products\",\"item\":\"https:\/\/www.stlflix-store.com\/shop\/\"},{\"@type\":\"ListItem\",\"position\":3,\"name\":\"PunKitty\"}]},{\"@type\":\"WebSite\",\"@id\":\"https:\/\/my.stlflix.com\/#website\",\"url\":\"https:\/\/my.stlflix.com\/\",\"name\":\"MyStore - By STLFLIX\",\"description\":\"\",\"publisher\":{\"@id\":\"https:\/\/my.stlflix.com\/#organization\"},\"potentialAction\":[{\"@type\":\"SearchAction\",\"target\":{\"@type\":\"EntryPoint\",\"urlTemplate\":\"https:\/\/my.stlflix.com\/?s={search_term_string}\"},\"query-input\":{\"@type\":\"PropertyValueSpecification\",\"valueRequired\":true,\"valueName\":\"search_term_string\"}}],\"inLanguage\":\"es-ES\"},{\"@type\":\"Organization\",\"@id\":\"https:\/\/my.stlflix.com\/#organization\",\"name\":\"MyStore - By STLFLIX\",\"url\":\"https:\/\/my.stlflix.com\/\",\"logo\":{\"@type\":\"ImageObject\",\"inLanguage\":\"es-ES\",\"@id\":\"https:\/\/my.stlflix.com\/#\/schema\/logo\/image\/\",\"url\":\"https:\/\/my.stlflix.com\/wp-content\/uploads\/2024\/06\/logo-mystore.png\",\"contentUrl\":\"https:\/\/my.stlflix.com\/wp-content\/uploads\/2024\/06\/logo-mystore.png\",\"width\":150,\"height\":41,\"caption\":\"MyStore - By STLFLIX\"},\"image\":{\"@id\":\"https:\/\/my.stlflix.com\/#\/schema\/logo\/image\/\"},\"sameAs\":[\"https:\/\/www.facebook.com\/STLFLIX\",\"https:\/\/www.instagram.com\/stlflix_\/\",\"https:\/\/www.tiktok.com\/@stlflix\"]}]}<\/script>\n<!-- \/ Yoast SEO plugin. -->","yoast_head_json":{"title":"PunKitty Katzen AirPod Case","description":"Ihr pers\u00f6nliches Air Pod Case","robots":{"index":"index","follow":"follow","max-snippet":"max-snippet:-1","max-image-preview":"max-image-preview:large","max-video-preview":"max-video-preview:-1"},"canonical":"https:\/\/www.monitorstlflix.com\/product\/punkitty-66c5234cc926f\/","og_locale":"es_ES","og_type":"article","og_title":"PunKitty Katzen AirPod Case","og_description":"Ihr pers\u00f6nliches Air Pod Case","og_url":"https:\/\/www.monitorstlflix.com\/product\/punkitty-66c5234cc926f\/","og_site_name":"MyStore - By STLFLIX","article_publisher":"https:\/\/www.facebook.com\/STLFLIX","article_modified_time":"2024-12-22T11:35:48+00:00","og_image":[{"width":1080,"height":1350,"url":"https:\/\/www.monitorstlflix.com\/wp-content\/uploads\/2024\/03\/Pun_Kitty_thumb_424499dd6d.jpg","type":"image\/jpeg"}],"twitter_card":"summary_large_image","schema":{"@context":"https:\/\/schema.org","@graph":[{"@type":"WebPage","@id":"https:\/\/www.monitorstlflix.com\/product\/punkitty-66c5234cc926f\/","url":"https:\/\/www.monitorstlflix.com\/product\/punkitty-66c5234cc926f\/","name":"PunKitty Katzen AirPod Case","isPartOf":{"@id":"https:\/\/my.stlflix.com\/#website"},"primaryImageOfPage":{"@id":"https:\/\/www.monitorstlflix.com\/product\/punkitty-66c5234cc926f\/#primaryimage"},"image":{"@id":"https:\/\/www.monitorstlflix.com\/product\/punkitty-66c5234cc926f\/#primaryimage"},"thumbnailUrl":"https:\/\/my.stlflix.com\/wp-content\/uploads\/2024\/03\/Pun_Kitty_thumb_424499dd6d.jpg","datePublished":"2024-08-22T10:46:21+00:00","dateModified":"2024-12-22T11:35:48+00:00","description":"Ihr pers\u00f6nliches Air Pod Case","breadcrumb":{"@id":"https:\/\/www.monitorstlflix.com\/product\/punkitty-66c5234cc926f\/#breadcrumb"},"inLanguage":"es-ES","potentialAction":[{"@type":"ReadAction","target":["https:\/\/www.monitorstlflix.com\/product\/punkitty-66c5234cc926f\/"]}]},{"@type":"ImageObject","inLanguage":"es-ES","@id":"https:\/\/www.monitorstlflix.com\/product\/punkitty-66c5234cc926f\/#primaryimage","url":"https:\/\/my.stlflix.com\/wp-content\/uploads\/2024\/03\/Pun_Kitty_thumb_424499dd6d.jpg","contentUrl":"https:\/\/my.stlflix.com\/wp-content\/uploads\/2024\/03\/Pun_Kitty_thumb_424499dd6d.jpg","width":1080,"height":1350},{"@type":"BreadcrumbList","@id":"https:\/\/www.monitorstlflix.com\/product\/punkitty-66c5234cc926f\/#breadcrumb","itemListElement":[{"@type":"ListItem","position":1,"name":"Home","item":"https:\/\/www.stlflix-store.com\/"},{"@type":"ListItem","position":2,"name":"Products","item":"https:\/\/www.stlflix-store.com\/shop\/"},{"@type":"ListItem","position":3,"name":"PunKitty"}]},{"@type":"WebSite","@id":"https:\/\/my.stlflix.com\/#website","url":"https:\/\/my.stlflix.com\/","name":"MyStore - By STLFLIX","description":"","publisher":{"@id":"https:\/\/my.stlflix.com\/#organization"},"potentialAction":[{"@type":"SearchAction","target":{"@type":"EntryPoint","urlTemplate":"https:\/\/my.stlflix.com\/?s={search_term_string}"},"query-input":{"@type":"PropertyValueSpecification","valueRequired":true,"valueName":"search_term_string"}}],"inLanguage":"es-ES"},{"@type":"Organization","@id":"https:\/\/my.stlflix.com\/#organization","name":"MyStore - By STLFLIX","url":"https:\/\/my.stlflix.com\/","logo":{"@type":"ImageObject","inLanguage":"es-ES","@id":"https:\/\/my.stlflix.com\/#\/schema\/logo\/image\/","url":"https:\/\/my.stlflix.com\/wp-content\/uploads\/2024\/06\/logo-mystore.png","contentUrl":"https:\/\/my.stlflix.com\/wp-content\/uploads\/2024\/06\/logo-mystore.png","width":150,"height":41,"caption":"MyStore - By STLFLIX"},"image":{"@id":"https:\/\/my.stlflix.com\/#\/schema\/logo\/image\/"},"sameAs":["https:\/\/www.facebook.com\/STLFLIX","https:\/\/www.instagram.com\/stlflix_\/","https:\/\/www.tiktok.com\/@stlflix"]}]}},"_links":{"self":[{"href":"https:\/\/my.stlflix.com\/es\/wp-json\/wp\/v2\/product\/76405","targetHints":{"allow":["GET"]}}],"collection":[{"href":"https:\/\/my.stlflix.com\/es\/wp-json\/wp\/v2\/product"}],"about":[{"href":"https:\/\/my.stlflix.com\/es\/wp-json\/wp\/v2\/types\/product"}],"replies":[{"embeddable":true,"href":"https:\/\/my.stlflix.com\/es\/wp-json\/wp\/v2\/comments?post=76405"}],"wp:featuredmedia":[{"embeddable":true,"href":"https:\/\/my.stlflix.com\/es\/wp-json\/wp\/v2\/media\/267"}],"wp:attachment":[{"href":"https:\/\/my.stlflix.com\/es\/wp-json\/wp\/v2\/media?parent=76405"}],"wp:term":[{"taxonomy":"product_brand","embeddable":true,"href":"https:\/\/my.stlflix.com\/es\/wp-json\/wp\/v2\/product_brand?post=76405"},{"taxonomy":"product_cat","embeddable":true,"href":"https:\/\/my.stlflix.com\/es\/wp-json\/wp\/v2\/product_cat?post=76405"},{"taxonomy":"product_tag","embeddable":true,"href":"https:\/\/my.stlflix.com\/es\/wp-json\/wp\/v2\/product_tag?post=76405"}],"curies":[{"name":"wp","href":"https:\/\/api.w.org\/{rel}","templated":true}]}}