{"id":76413,"date":"2024-08-23T10:25:25","date_gmt":"2024-08-23T10:25:25","guid":{"rendered":"https:\/\/my.stlflix.com\/?post_type=product&#038;p=76413"},"modified":"2024-12-22T11:35:48","modified_gmt":"2024-12-22T11:35:48","slug":"sweet-and-sour-candy-bucket-66c523723346b","status":"publish","type":"product","link":"https:\/\/my.stlflix.com\/es\/product\/sweet-and-sour-candy-bucket-66c523723346b\/","title":{"rendered":"Sweet and Sour Candy Bucket [klein]"},"content":{"rendered":"<div class=\"elementor-element elementor-element-0906bca e-con-full e-flex e-con e-child\" data-id=\"0906bca\" data-element_type=\"container\">\n<div class=\"elementor-element elementor-element-8d1b8c0 elementor-widget elementor-widget-text-editor\" data-id=\"8d1b8c0\" data-element_type=\"widget\" data-widget_type=\"text-editor.default\">\n<div class=\"elementor-widget-container\">\n<p>Die S\u00fc\u00dfigkeitenbox mal anders. Der Totensch\u00e4del bewacht durch sein Aussehen das s\u00fc\u00dfe Gold vor unbefugten Fingern.<\/p>\n<p>Dieses Produkt wird f\u00fcr Sie individuell in der Farbe angepasst und hergestellt.<\/p>\n<p>Ihre Auswahlm\u00f6glichkeiten:<\/p>\n<ul>\n<li>Grundfarbe (Bild Schwarz)<\/li>\n<li>Farbe Verl\u00e4ufe (Bild Gold)<\/li>\n<li>Gr\u00f6\u00dfe\n<ul>\n<li>11,3 \u00d7 14,5 \u00d7 13,3 cm [48,50 \u20ac]<\/li>\n<li>18,7 x 24 x 28 cm [149,90 \u20ac]<\/li>\n<\/ul>\n<\/li>\n<\/ul>\n<p><a href=\"mailto:info@yvoprojects.de\">Hier Anfragen<\/a><\/p>\n<\/div>\n<\/div>\n<\/div>\n","protected":false},"excerpt":{"rendered":"<p>Die S\u00fc\u00dfigkeitenbox mal anders. Der Totensch\u00e4del bewacht durch sein Aussehen das s\u00fc\u00dfe Gold vor unbefugten Fingern. Dieses Produkt wird f\u00fcr Sie individuell in der Farbe angepasst und hergestellt. Ihre Auswahlm\u00f6glichkeiten: Grundfarbe (Bild Schwarz) Farbe Verl\u00e4ufe (Bild Gold) Gr\u00f6\u00dfe 11,3 \u00d7 14,5 \u00d7 13,3 cm [48,50 \u20ac] 18,7 x 24 x 28 cm [149,90 \u20ac] Hier [&hellip;]<\/p>\n","protected":false},"featured_media":3903,"comment_status":"open","ping_status":"closed","template":"","meta":[],"product_brand":[],"product_cat":[48],"product_tag":[823,117],"class_list":{"0":"post-76413","1":"product","2":"type-product","3":"status-publish","4":"has-post-thumbnail","6":"product_cat-halloween","7":"product_tag-dekor","8":"product_tag-halloween","10":"first","11":"instock","12":"purchasable","13":"product-type-simple"},"yoast_head":"<!-- This site is optimized with the Yoast SEO plugin v25.1 - https:\/\/yoast.com\/wordpress\/plugins\/seo\/ -->\n<title>Sweet and Sour Candy Bucket [klein]<\/title>\n<meta name=\"description\" content=\"Die S\u00fc\u00dfigkeitenbox mal anders. Gestalten Sie Ihren Totensch\u00e4del so wie es f\u00fcr Ihre Bed\u00fcrfnisse richtig ist.\" \/>\n<meta name=\"robots\" content=\"index, follow, max-snippet:-1, max-image-preview:large, max-video-preview:-1\" \/>\n<link rel=\"canonical\" href=\"https:\/\/www.lojadomandela3d.biz\/product\/sweet-and-sour-candy-bucket-66c523723346b\/\" \/>\n<meta property=\"og:locale\" content=\"es_ES\" \/>\n<meta property=\"og:type\" content=\"article\" \/>\n<meta property=\"og:title\" content=\"Sweet and Sour Candy Bucket [klein]\" \/>\n<meta property=\"og:description\" content=\"Die S\u00fc\u00dfigkeitenbox mal anders. Gestalten Sie Ihren Totensch\u00e4del so wie es f\u00fcr Ihre Bed\u00fcrfnisse richtig ist.\" \/>\n<meta property=\"og:url\" content=\"https:\/\/www.lojadomandela3d.biz\/product\/sweet-and-sour-candy-bucket-66c523723346b\/\" \/>\n<meta property=\"og:site_name\" content=\"MyStore - By STLFLIX\" \/>\n<meta property=\"article:publisher\" content=\"https:\/\/www.facebook.com\/STLFLIX\" \/>\n<meta property=\"article:modified_time\" content=\"2024-12-22T11:35:48+00:00\" \/>\n<meta property=\"og:image\" content=\"https:\/\/www.lojadomandela3d.biz\/wp-content\/uploads\/2024\/03\/Sweet_and_Sour_Candy_Bucket_thumb_269b1494b0.jpg\" \/>\n\t<meta property=\"og:image:width\" content=\"1080\" \/>\n\t<meta property=\"og:image:height\" content=\"1350\" \/>\n\t<meta property=\"og:image:type\" content=\"image\/jpeg\" \/>\n<meta name=\"twitter:card\" content=\"summary_large_image\" \/>\n<script type=\"application\/ld+json\" class=\"yoast-schema-graph\">{\"@context\":\"https:\/\/schema.org\",\"@graph\":[{\"@type\":\"WebPage\",\"@id\":\"https:\/\/www.lojadomandela3d.biz\/product\/sweet-and-sour-candy-bucket-66c523723346b\/\",\"url\":\"https:\/\/www.lojadomandela3d.biz\/product\/sweet-and-sour-candy-bucket-66c523723346b\/\",\"name\":\"Sweet and Sour Candy Bucket [klein]\",\"isPartOf\":{\"@id\":\"https:\/\/my.stlflix.com\/#website\"},\"primaryImageOfPage\":{\"@id\":\"https:\/\/www.lojadomandela3d.biz\/product\/sweet-and-sour-candy-bucket-66c523723346b\/#primaryimage\"},\"image\":{\"@id\":\"https:\/\/www.lojadomandela3d.biz\/product\/sweet-and-sour-candy-bucket-66c523723346b\/#primaryimage\"},\"thumbnailUrl\":\"https:\/\/my.stlflix.com\/wp-content\/uploads\/2024\/03\/Sweet_and_Sour_Candy_Bucket_thumb_269b1494b0.jpg\",\"datePublished\":\"2024-08-23T10:25:25+00:00\",\"dateModified\":\"2024-12-22T11:35:48+00:00\",\"description\":\"Die S\u00fc\u00dfigkeitenbox mal anders. Gestalten Sie Ihren Totensch\u00e4del so wie es f\u00fcr Ihre Bed\u00fcrfnisse richtig ist.\",\"breadcrumb\":{\"@id\":\"https:\/\/www.lojadomandela3d.biz\/product\/sweet-and-sour-candy-bucket-66c523723346b\/#breadcrumb\"},\"inLanguage\":\"es-ES\",\"potentialAction\":[{\"@type\":\"ReadAction\",\"target\":[\"https:\/\/www.lojadomandela3d.biz\/product\/sweet-and-sour-candy-bucket-66c523723346b\/\"]}]},{\"@type\":\"ImageObject\",\"inLanguage\":\"es-ES\",\"@id\":\"https:\/\/www.lojadomandela3d.biz\/product\/sweet-and-sour-candy-bucket-66c523723346b\/#primaryimage\",\"url\":\"https:\/\/my.stlflix.com\/wp-content\/uploads\/2024\/03\/Sweet_and_Sour_Candy_Bucket_thumb_269b1494b0.jpg\",\"contentUrl\":\"https:\/\/my.stlflix.com\/wp-content\/uploads\/2024\/03\/Sweet_and_Sour_Candy_Bucket_thumb_269b1494b0.jpg\",\"width\":1080,\"height\":1350},{\"@type\":\"BreadcrumbList\",\"@id\":\"https:\/\/www.lojadomandela3d.biz\/product\/sweet-and-sour-candy-bucket-66c523723346b\/#breadcrumb\",\"itemListElement\":[{\"@type\":\"ListItem\",\"position\":1,\"name\":\"Home\",\"item\":\"https:\/\/www.stlflix-store.com\/\"},{\"@type\":\"ListItem\",\"position\":2,\"name\":\"Products\",\"item\":\"https:\/\/www.stlflix-store.com\/shop\/\"},{\"@type\":\"ListItem\",\"position\":3,\"name\":\"Sweet and Sour Candy Bucket [klein]\"}]},{\"@type\":\"WebSite\",\"@id\":\"https:\/\/my.stlflix.com\/#website\",\"url\":\"https:\/\/my.stlflix.com\/\",\"name\":\"MyStore - By STLFLIX\",\"description\":\"\",\"publisher\":{\"@id\":\"https:\/\/my.stlflix.com\/#organization\"},\"potentialAction\":[{\"@type\":\"SearchAction\",\"target\":{\"@type\":\"EntryPoint\",\"urlTemplate\":\"https:\/\/my.stlflix.com\/?s={search_term_string}\"},\"query-input\":{\"@type\":\"PropertyValueSpecification\",\"valueRequired\":true,\"valueName\":\"search_term_string\"}}],\"inLanguage\":\"es-ES\"},{\"@type\":\"Organization\",\"@id\":\"https:\/\/my.stlflix.com\/#organization\",\"name\":\"MyStore - By STLFLIX\",\"url\":\"https:\/\/my.stlflix.com\/\",\"logo\":{\"@type\":\"ImageObject\",\"inLanguage\":\"es-ES\",\"@id\":\"https:\/\/my.stlflix.com\/#\/schema\/logo\/image\/\",\"url\":\"https:\/\/my.stlflix.com\/wp-content\/uploads\/2024\/06\/logo-mystore.png\",\"contentUrl\":\"https:\/\/my.stlflix.com\/wp-content\/uploads\/2024\/06\/logo-mystore.png\",\"width\":150,\"height\":41,\"caption\":\"MyStore - By STLFLIX\"},\"image\":{\"@id\":\"https:\/\/my.stlflix.com\/#\/schema\/logo\/image\/\"},\"sameAs\":[\"https:\/\/www.facebook.com\/STLFLIX\",\"https:\/\/www.instagram.com\/stlflix_\/\",\"https:\/\/www.tiktok.com\/@stlflix\"]}]}<\/script>\n<!-- \/ Yoast SEO plugin. -->","yoast_head_json":{"title":"Sweet and Sour Candy Bucket [klein]","description":"Die S\u00fc\u00dfigkeitenbox mal anders. Gestalten Sie Ihren Totensch\u00e4del so wie es f\u00fcr Ihre Bed\u00fcrfnisse richtig ist.","robots":{"index":"index","follow":"follow","max-snippet":"max-snippet:-1","max-image-preview":"max-image-preview:large","max-video-preview":"max-video-preview:-1"},"canonical":"https:\/\/www.lojadomandela3d.biz\/product\/sweet-and-sour-candy-bucket-66c523723346b\/","og_locale":"es_ES","og_type":"article","og_title":"Sweet and Sour Candy Bucket [klein]","og_description":"Die S\u00fc\u00dfigkeitenbox mal anders. Gestalten Sie Ihren Totensch\u00e4del so wie es f\u00fcr Ihre Bed\u00fcrfnisse richtig ist.","og_url":"https:\/\/www.lojadomandela3d.biz\/product\/sweet-and-sour-candy-bucket-66c523723346b\/","og_site_name":"MyStore - By STLFLIX","article_publisher":"https:\/\/www.facebook.com\/STLFLIX","article_modified_time":"2024-12-22T11:35:48+00:00","og_image":[{"width":1080,"height":1350,"url":"https:\/\/www.lojadomandela3d.biz\/wp-content\/uploads\/2024\/03\/Sweet_and_Sour_Candy_Bucket_thumb_269b1494b0.jpg","type":"image\/jpeg"}],"twitter_card":"summary_large_image","schema":{"@context":"https:\/\/schema.org","@graph":[{"@type":"WebPage","@id":"https:\/\/www.lojadomandela3d.biz\/product\/sweet-and-sour-candy-bucket-66c523723346b\/","url":"https:\/\/www.lojadomandela3d.biz\/product\/sweet-and-sour-candy-bucket-66c523723346b\/","name":"Sweet and Sour Candy Bucket [klein]","isPartOf":{"@id":"https:\/\/my.stlflix.com\/#website"},"primaryImageOfPage":{"@id":"https:\/\/www.lojadomandela3d.biz\/product\/sweet-and-sour-candy-bucket-66c523723346b\/#primaryimage"},"image":{"@id":"https:\/\/www.lojadomandela3d.biz\/product\/sweet-and-sour-candy-bucket-66c523723346b\/#primaryimage"},"thumbnailUrl":"https:\/\/my.stlflix.com\/wp-content\/uploads\/2024\/03\/Sweet_and_Sour_Candy_Bucket_thumb_269b1494b0.jpg","datePublished":"2024-08-23T10:25:25+00:00","dateModified":"2024-12-22T11:35:48+00:00","description":"Die S\u00fc\u00dfigkeitenbox mal anders. Gestalten Sie Ihren Totensch\u00e4del so wie es f\u00fcr Ihre Bed\u00fcrfnisse richtig ist.","breadcrumb":{"@id":"https:\/\/www.lojadomandela3d.biz\/product\/sweet-and-sour-candy-bucket-66c523723346b\/#breadcrumb"},"inLanguage":"es-ES","potentialAction":[{"@type":"ReadAction","target":["https:\/\/www.lojadomandela3d.biz\/product\/sweet-and-sour-candy-bucket-66c523723346b\/"]}]},{"@type":"ImageObject","inLanguage":"es-ES","@id":"https:\/\/www.lojadomandela3d.biz\/product\/sweet-and-sour-candy-bucket-66c523723346b\/#primaryimage","url":"https:\/\/my.stlflix.com\/wp-content\/uploads\/2024\/03\/Sweet_and_Sour_Candy_Bucket_thumb_269b1494b0.jpg","contentUrl":"https:\/\/my.stlflix.com\/wp-content\/uploads\/2024\/03\/Sweet_and_Sour_Candy_Bucket_thumb_269b1494b0.jpg","width":1080,"height":1350},{"@type":"BreadcrumbList","@id":"https:\/\/www.lojadomandela3d.biz\/product\/sweet-and-sour-candy-bucket-66c523723346b\/#breadcrumb","itemListElement":[{"@type":"ListItem","position":1,"name":"Home","item":"https:\/\/www.stlflix-store.com\/"},{"@type":"ListItem","position":2,"name":"Products","item":"https:\/\/www.stlflix-store.com\/shop\/"},{"@type":"ListItem","position":3,"name":"Sweet and Sour Candy Bucket [klein]"}]},{"@type":"WebSite","@id":"https:\/\/my.stlflix.com\/#website","url":"https:\/\/my.stlflix.com\/","name":"MyStore - By STLFLIX","description":"","publisher":{"@id":"https:\/\/my.stlflix.com\/#organization"},"potentialAction":[{"@type":"SearchAction","target":{"@type":"EntryPoint","urlTemplate":"https:\/\/my.stlflix.com\/?s={search_term_string}"},"query-input":{"@type":"PropertyValueSpecification","valueRequired":true,"valueName":"search_term_string"}}],"inLanguage":"es-ES"},{"@type":"Organization","@id":"https:\/\/my.stlflix.com\/#organization","name":"MyStore - By STLFLIX","url":"https:\/\/my.stlflix.com\/","logo":{"@type":"ImageObject","inLanguage":"es-ES","@id":"https:\/\/my.stlflix.com\/#\/schema\/logo\/image\/","url":"https:\/\/my.stlflix.com\/wp-content\/uploads\/2024\/06\/logo-mystore.png","contentUrl":"https:\/\/my.stlflix.com\/wp-content\/uploads\/2024\/06\/logo-mystore.png","width":150,"height":41,"caption":"MyStore - By STLFLIX"},"image":{"@id":"https:\/\/my.stlflix.com\/#\/schema\/logo\/image\/"},"sameAs":["https:\/\/www.facebook.com\/STLFLIX","https:\/\/www.instagram.com\/stlflix_\/","https:\/\/www.tiktok.com\/@stlflix"]}]}},"_links":{"self":[{"href":"https:\/\/my.stlflix.com\/es\/wp-json\/wp\/v2\/product\/76413","targetHints":{"allow":["GET"]}}],"collection":[{"href":"https:\/\/my.stlflix.com\/es\/wp-json\/wp\/v2\/product"}],"about":[{"href":"https:\/\/my.stlflix.com\/es\/wp-json\/wp\/v2\/types\/product"}],"replies":[{"embeddable":true,"href":"https:\/\/my.stlflix.com\/es\/wp-json\/wp\/v2\/comments?post=76413"}],"wp:featuredmedia":[{"embeddable":true,"href":"https:\/\/my.stlflix.com\/es\/wp-json\/wp\/v2\/media\/3903"}],"wp:attachment":[{"href":"https:\/\/my.stlflix.com\/es\/wp-json\/wp\/v2\/media?parent=76413"}],"wp:term":[{"taxonomy":"product_brand","embeddable":true,"href":"https:\/\/my.stlflix.com\/es\/wp-json\/wp\/v2\/product_brand?post=76413"},{"taxonomy":"product_cat","embeddable":true,"href":"https:\/\/my.stlflix.com\/es\/wp-json\/wp\/v2\/product_cat?post=76413"},{"taxonomy":"product_tag","embeddable":true,"href":"https:\/\/my.stlflix.com\/es\/wp-json\/wp\/v2\/product_tag?post=76413"}],"curies":[{"name":"wp","href":"https:\/\/api.w.org\/{rel}","templated":true}]}}